{"id":9781,"date":"2024-03-15T16:22:17","date_gmt":"2024-03-15T15:22:17","guid":{"rendered":"https:\/\/www.auditionsolidarite.org\/?page_id=9781"},"modified":"2024-03-15T16:34:21","modified_gmt":"2024-03-15T15:34:21","slug":"hopital-rothschild-paroisse-saint-marcel-paris-septembre-2023","status":"publish","type":"page","link":"https:\/\/www.auditionsolidarite.org\/fr\/hopital-rothschild-paroisse-saint-marcel-paris-septembre-2023\/","title":{"rendered":"H\u00f4pital Rothschild &#038; Paroisse Saint-Marcel, Paris \u2013 septembre 2023"},"content":{"rendered":"<strong>Mission Paris du 19, 20, 21 et 22 septembre 2023<b><br \/>\n<\/b><b><br \/>\n<\/b><\/strong><\/p>\n<p>Le r\u00e9sum\u00e9 \ud83d\udc47<b><br \/>\n<\/b><b><br \/>\n<\/b><\/p>\n<p>Deux jours intenses dans les locaux de l\u2019h\u00f4pital Rothschild ou notre \u00e9quipe a pris en charge <strong>71 personnes primo-consultantes<\/strong>. Une grande majorit\u00e9 des b\u00e9n\u00e9ficiaires avait un probl\u00e8me d\u2019audition et a \u00e9t\u00e9 appareill\u00e9e sur place. Nous avons aussi re\u00e7u des personnes qui avaient simplement des doutes quant \u00e0 leur audition ou des probl\u00e8mes ORL autres, dans ces cas-l\u00e0, elles \u00e9taient soulag\u00e9es en quelques minutes ou r\u00e9orient\u00e9es apr\u00e8s le passage incontournable aupr\u00e8s de notre m\u00e9decin ORL et un rapide test d\u2019audition (bilan auditif). <b><br \/>\n<\/b><b><br \/>\n<\/b><\/p>\n<p>Quel plaisir pour nous de voir ces personnes d\u00e9munies sortir de cette cha\u00eene solidaire avec un grand sourire\u00a0! <strong>Merci<\/strong> \u00e0 tous les acteurs sociaux, associations, h\u00f4pitaux qui nous orientent ces b\u00e9n\u00e9ficiaires, encore une fois, <strong>l\u2019audition c\u2019est du pur lien social\u00a0<\/strong>! <b><br \/>\n<\/b><b><br \/>\n<\/b><\/p>\n<p>Les deux jours suivants \u00e9taient d\u2019une toute aussi grande importance car nous accueillions les personnes en <strong>suivi d\u2019appareillage<\/strong>. Des visages familiers qui nous connaissent bien, le contact est tr\u00e8s facile, on s\u2019est r\u00e9gal\u00e9s\u00a0! R\u00e9glages des appareils auditifs, consultation avec le m\u00e9decin ORL, changements des embouts auriculaires, r\u00e9approvisionnement de piles\u2026 autant de choses <strong>indispensables lorsqu\u2019on porte un appareil auditif.<\/strong>\u00a0Ce sont <strong>67 personnes<\/strong> qui sont venues \u00e0 nous durant ces deux derniers jours.<\/p>\n<p>&nbsp;<\/p>\n<table border=\"1\">\n<tbody>\n<tr>\n<td>Au total sur les 4 jours<\/td>\n<\/tr>\n<tr>\n<td>138 personnes accueillies<\/td>\n<\/tr>\n<tr>\n<td>64 personnes appareill\u00e9es<\/td>\n<\/tr>\n<tr>\n<td>107 appareils adapt\u00e9s<b><br \/>\n<\/b><\/td>\n<\/tr>\n<\/tbody>\n<\/table>\n<p><b><b><br \/>\n<\/b>Le d\u00e9tail :<br \/>\n<\/b><\/p>\n<table style=\"width: 699px;\" border=\"1\">\n<tbody>\n<tr style=\"height: 24px;\">\n<td style=\"width: 335px; height: 24px;\">H\u00f4pital Rothschild<\/td>\n<td style=\"width: 364px; height: 24px;\">Paroisse Saint-Marcel<\/td>\n<\/tr>\n<tr style=\"height: 24px;\">\n<td style=\"width: 335px; height: 24px;\">71 personnes accueillies<\/td>\n<td style=\"width: 364px; height: 24px;\">67 personnes accueillies<\/td>\n<\/tr>\n<tr style=\"height: 24px;\">\n<td style=\"width: 335px; height: 24px;\">42 personnes appareill\u00e9es<\/td>\n<td style=\"width: 364px; height: 24px;\">22 personnes appareill\u00e9es<\/td>\n<\/tr>\n<tr style=\"height: 24px;\">\n<td style=\"width: 335px; height: 24px;\">71 appareils adapt\u00e9s<\/td>\n<td style=\"width: 364px; height: 24px;\">36 appareils adapt\u00e9s<\/td>\n<\/tr>\n<\/tbody>\n<\/table>\n<p>&nbsp;<\/p>\n<p>Un grand merci \u00e0 l\u2019H\u00f4pital Rothschild ainsi qu\u2019au P\u00e8re Benoit de la Paroisse Saint-Marcel pour leur accueil et leur disponibilit\u00e9. Merci pour ces lieux qui sont si pr\u00e9cieux pour r\u00e9aliser nos missions.<b><br \/>\n<\/b><b>\u00a0<\/b><b><br \/>\n<\/b><\/p>\n<p>Un remerciement aussi \u00e0 l\u2019association Soliguide pour l\u2019accompagnement tout au long de cette mission.<b><br \/>\n<\/b><b><\/b><b><\/b><b><br \/>\n<\/b><\/p>\n<p><strong>Merci<\/strong> aux deux \u00e9quipes qui se sont succ\u00e9d\u00e9 sur ces 2 missions :<b><br \/>\n<\/b><\/p>\n<ul>\n<li dir=\"auto\">Les audioproth\u00e9sistes : <em>Fabien Desnoues, Sandra Tandetnik, J\u00e9r\u00f4me Brimont, St\u00e9phane Gratien, Sophie Le Goff, Georges Ormancey, Lucile Faivre, Nicolas Gode, Thibault Beal, Pierre Chaudemanche, Olivier Akerib et Kiki Bourger<\/em><\/li>\n<li dir=\"auto\">L\u2019ortho : Amandine Kotel<\/li>\n<li dir=\"auto\">La fabrication des embouts : Beno\u00eet Hammer<\/li>\n<li dir=\"auto\">L\u2019ORL : <em>Isabelle Souchal-Delacour<\/em><\/li>\n<li dir=\"auto\">Le secr\u00e9tariat : <em>Aline Srey et Manon Evrat<\/em><\/li>\n<li dir=\"auto\">La logistique : Carole, Odile et Adrien<b><br \/>\n<\/b><b><br \/>\n<\/b><\/li>\n<\/ul>\n<p>Un grand <strong>Merci<\/strong> \u00e0 la Fondation Tolot, \u00e0 la Fondation Veolia, \u00e0 la Fondation Caritas, \u00e0 la Fondation Anber, \u00e0 la Fondation Sarepta, \u00e0 la Fondation Petits Fr\u00e8res des Pauvres, \u00e0 la Fondation Monoprix, \u00e0 A\u00e9sio Mutuelle pour leur soutien si pr\u00e9cieux.<b><b><br \/>\n<\/b><\/b><b><\/b><b><br \/>\n<\/b><\/p>\n<p style=\"text-align: center;\"><strong>Interviews<b><b><b><br \/>\n<\/b><iframe loading=\"lazy\" title=\"YouTube video player\" src=\"https:\/\/www.youtube-nocookie.com\/embed\/DG7we-Jucmk?si=6oucZmrfLr_jJbD8\" width=\"560\" height=\"315\" frameborder=\"0\" allowfullscreen=\"allowfullscreen\"><\/iframe><b><br \/>\n<\/b><b><br \/>\n<\/b><\/b><\/b><\/strong><\/p>\n<p><b><b><\/b><\/b><b><img loading=\"lazy\" decoding=\"async\" class=\"aligncenter wp-image-9538\" src=\"\/\/www.auditionsolidarite.org\/wp-content\/uploads\/2023\/10\/2-photos-site.jpg\" alt=\"\" width=\"500\" height=\"374\" srcset=\"https:\/\/www.auditionsolidarite.org\/wp-content\/uploads\/2023\/10\/2-photos-site.jpg 900w, https:\/\/www.auditionsolidarite.org\/wp-content\/uploads\/2023\/10\/2-photos-site-300x225.jpg 300w, https:\/\/www.auditionsolidarite.org\/wp-content\/uploads\/2023\/10\/2-photos-site-768x575.jpg 768w\" sizes=\"(max-width: 500px) 100vw, 500px\" \/> <img loading=\"lazy\" decoding=\"async\" class=\"aligncenter wp-image-9539\" src=\"\/\/www.auditionsolidarite.org\/wp-content\/uploads\/2023\/10\/Paris_Rothschild_2023-5.jpg\" alt=\"\" width=\"500\" height=\"375\" srcset=\"https:\/\/www.auditionsolidarite.org\/wp-content\/uploads\/2023\/10\/Paris_Rothschild_2023-5.jpg 900w, https:\/\/www.auditionsolidarite.org\/wp-content\/uploads\/2023\/10\/Paris_Rothschild_2023-5-300x225.jpg 300w, https:\/\/www.auditionsolidarite.org\/wp-content\/uploads\/2023\/10\/Paris_Rothschild_2023-5-768x576.jpg 768w\" sizes=\"(max-width: 500px) 100vw, 500px\" \/> <img loading=\"lazy\" decoding=\"async\" class=\"aligncenter wp-image-9540\" src=\"\/\/www.auditionsolidarite.org\/wp-content\/uploads\/2023\/10\/Paroisse_sept_2023-29-ok.jpg\" alt=\"\" width=\"500\" height=\"375\" srcset=\"https:\/\/www.auditionsolidarite.org\/wp-content\/uploads\/2023\/10\/Paroisse_sept_2023-29-ok.jpg 900w, https:\/\/www.auditionsolidarite.org\/wp-content\/uploads\/2023\/10\/Paroisse_sept_2023-29-ok-300x225.jpg 300w, https:\/\/www.auditionsolidarite.org\/wp-content\/uploads\/2023\/10\/Paroisse_sept_2023-29-ok-768x576.jpg 768w\" sizes=\"(max-width: 500px) 100vw, 500px\" \/> <img loading=\"lazy\" decoding=\"async\" class=\"aligncenter wp-image-9541\" src=\"\/\/www.auditionsolidarite.org\/wp-content\/uploads\/2023\/10\/Paroisse_sept_2023-45.jpg\" alt=\"\" width=\"500\" height=\"375\" srcset=\"https:\/\/www.auditionsolidarite.org\/wp-content\/uploads\/2023\/10\/Paroisse_sept_2023-45.jpg 900w, https:\/\/www.auditionsolidarite.org\/wp-content\/uploads\/2023\/10\/Paroisse_sept_2023-45-300x225.jpg 300w, https:\/\/www.auditionsolidarite.org\/wp-content\/uploads\/2023\/10\/Paroisse_sept_2023-45-768x576.jpg 768w, https:\/\/www.auditionsolidarite.org\/wp-content\/uploads\/2023\/10\/Paroisse_sept_2023-45-653x490.jpg 653w, https:\/\/www.auditionsolidarite.org\/wp-content\/uploads\/2023\/10\/Paroisse_sept_2023-45-620x465.jpg 620w, https:\/\/www.auditionsolidarite.org\/wp-content\/uploads\/2023\/10\/Paroisse_sept_2023-45-400x300.jpg 400w\" sizes=\"(max-width: 500px) 100vw, 500px\" \/><\/b><\/p>\n<p>&nbsp;<\/p>\n<p>&nbsp;","protected":false},"excerpt":{"rendered":"<p>Mission Paris du 19, 20, 21 et 22 septembre 2023 Le r\u00e9sum\u00e9 \ud83d\udc47 Deux jours intenses dans les locaux de l\u2019h\u00f4pital Rothschild ou notre \u00e9quipe a pris en charge 71 personnes primo-consultantes. Une grande majorit\u00e9 des b\u00e9n\u00e9ficiaires avait un probl\u00e8me d\u2019audition et a \u00e9t\u00e9 appareill\u00e9e sur place. Nous avons aussi re\u00e7u des personnes qui avaient simplement des doutes quant \u00e0<\/p>\n","protected":false},"author":2,"featured_media":0,"parent":0,"menu_order":0,"comment_status":"closed","ping_status":"closed","template":"","meta":{"footnotes":""},"acf":[],"yoast_head":"<!-- This site is optimized with the Yoast SEO plugin v21.9.1 - https:\/\/yoast.com\/wordpress\/plugins\/seo\/ -->\n<title>H\u00f4pital Rothschild &amp; Paroisse Saint-Marcel, Paris \u2013 septembre 2023 - AuditionSolidarit\u00e9<\/title>\n<meta name=\"robots\" content=\"index, follow, max-snippet:-1, max-image-preview:large, max-video-preview:-1\" \/>\n<link rel=\"canonical\" href=\"https:\/\/www.auditionsolidarite.org\/fr\/hopital-rothschild-paroisse-saint-marcel-paris-septembre-2023\/\" \/>\n<meta property=\"og:locale\" content=\"fr_FR\" \/>\n<meta property=\"og:type\" content=\"article\" \/>\n<meta property=\"og:title\" content=\"H\u00f4pital Rothschild &amp; Paroisse Saint-Marcel, Paris \u2013 septembre 2023 - AuditionSolidarit\u00e9\" \/>\n<meta property=\"og:description\" content=\"Mission Paris du 19, 20, 21 et 22 septembre 2023 Le r\u00e9sum\u00e9 \ud83d\udc47 Deux jours intenses dans les locaux de l\u2019h\u00f4pital Rothschild ou notre \u00e9quipe a pris en charge 71 personnes primo-consultantes. Une grande majorit\u00e9 des b\u00e9n\u00e9ficiaires avait un probl\u00e8me d\u2019audition et a \u00e9t\u00e9 appareill\u00e9e sur place. Nous avons aussi re\u00e7u des personnes qui avaient simplement des doutes quant \u00e0\" \/>\n<meta property=\"og:url\" content=\"https:\/\/www.auditionsolidarite.org\/fr\/hopital-rothschild-paroisse-saint-marcel-paris-septembre-2023\/\" \/>\n<meta property=\"og:site_name\" content=\"AuditionSolidarit\u00e9\" \/>\n<meta property=\"article:modified_time\" content=\"2024-03-15T15:34:21+00:00\" \/>\n<meta property=\"og:image\" content=\"https:\/\/www.auditionsolidarite.org\/wp-content\/uploads\/2015\/07\/logo-audition-solidarite-e1446132259721.png\" \/>\n\t<meta property=\"og:image:width\" content=\"600\" \/>\n\t<meta property=\"og:image:height\" content=\"593\" \/>\n\t<meta property=\"og:image:type\" content=\"image\/png\" \/>\n<meta name=\"twitter:card\" content=\"summary_large_image\" \/>\n<meta name=\"twitter:label1\" content=\"Dur\u00e9e de lecture estim\u00e9e\" \/>\n\t<meta name=\"twitter:data1\" content=\"4 minutes\" \/>\n<script type=\"application\/ld+json\" class=\"yoast-schema-graph\">{\"@context\":\"https:\/\/schema.org\",\"@graph\":[{\"@type\":\"WebPage\",\"@id\":\"https:\/\/www.auditionsolidarite.org\/fr\/hopital-rothschild-paroisse-saint-marcel-paris-septembre-2023\/\",\"url\":\"https:\/\/www.auditionsolidarite.org\/fr\/hopital-rothschild-paroisse-saint-marcel-paris-septembre-2023\/\",\"name\":\"H\u00f4pital Rothschild & Paroisse Saint-Marcel, Paris \u2013 septembre 2023 - AuditionSolidarit\u00e9\",\"isPartOf\":{\"@id\":\"https:\/\/www.auditionsolidarite.org\/fr\/#website\"},\"datePublished\":\"2024-03-15T15:22:17+00:00\",\"dateModified\":\"2024-03-15T15:34:21+00:00\",\"breadcrumb\":{\"@id\":\"https:\/\/www.auditionsolidarite.org\/fr\/hopital-rothschild-paroisse-saint-marcel-paris-septembre-2023\/#breadcrumb\"},\"inLanguage\":\"fr-FR\",\"potentialAction\":[{\"@type\":\"ReadAction\",\"target\":[[\"https:\/\/www.auditionsolidarite.org\/fr\/hopital-rothschild-paroisse-saint-marcel-paris-septembre-2023\/\"]]}]},{\"@type\":\"BreadcrumbList\",\"@id\":\"https:\/\/www.auditionsolidarite.org\/fr\/hopital-rothschild-paroisse-saint-marcel-paris-septembre-2023\/#breadcrumb\",\"itemListElement\":[{\"@type\":\"ListItem\",\"position\":1,\"name\":\"Accueil\",\"item\":\"https:\/\/www.auditionsolidarite.org\/fr\/\"},{\"@type\":\"ListItem\",\"position\":2,\"name\":\"H\u00f4pital Rothschild &#038; Paroisse Saint-Marcel, Paris \u2013 septembre 2023\"}]},{\"@type\":\"WebSite\",\"@id\":\"https:\/\/www.auditionsolidarite.org\/fr\/#website\",\"url\":\"https:\/\/www.auditionsolidarite.org\/fr\/\",\"name\":\"AuditionSolidarit\u00e9\",\"description\":\"Le hasard n&#039;existe pas ! Si vous \u00eates l\u00e0 aujourd&#039;hui, c&#039;est que le monde de l&#039;audition vous touche... Alors merci d&#039;\u00eatre l\u00e0 !\",\"publisher\":{\"@id\":\"https:\/\/www.auditionsolidarite.org\/fr\/#organization\"},\"potentialAction\":[{\"@type\":\"SearchAction\",\"target\":{\"@type\":\"EntryPoint\",\"urlTemplate\":\"https:\/\/www.auditionsolidarite.org\/fr\/?s={search_term_string}\"},\"query-input\":\"required name=search_term_string\"}],\"inLanguage\":\"fr-FR\"},{\"@type\":\"Organization\",\"@id\":\"https:\/\/www.auditionsolidarite.org\/fr\/#organization\",\"name\":\"AuditionSolidarit\u00e9\",\"url\":\"https:\/\/www.auditionsolidarite.org\/fr\/\",\"logo\":{\"@type\":\"ImageObject\",\"inLanguage\":\"fr-FR\",\"@id\":\"https:\/\/www.auditionsolidarite.org\/fr\/#\/schema\/logo\/image\/\",\"url\":\"https:\/\/www.auditionsolidarite.org\/wp-content\/uploads\/2015\/07\/logo-audition-solidarite-e1446132259721.png\",\"contentUrl\":\"https:\/\/www.auditionsolidarite.org\/wp-content\/uploads\/2015\/07\/logo-audition-solidarite-e1446132259721.png\",\"width\":600,\"height\":593,\"caption\":\"AuditionSolidarit\u00e9\"},\"image\":{\"@id\":\"https:\/\/www.auditionsolidarite.org\/fr\/#\/schema\/logo\/image\/\"}}]}<\/script>\n<!-- \/ Yoast SEO plugin. -->","yoast_head_json":{"title":"H\u00f4pital Rothschild & Paroisse Saint-Marcel, Paris \u2013 septembre 2023 - AuditionSolidarit\u00e9","robots":{"index":"index","follow":"follow","max-snippet":"max-snippet:-1","max-image-preview":"max-image-preview:large","max-video-preview":"max-video-preview:-1"},"canonical":"https:\/\/www.auditionsolidarite.org\/fr\/hopital-rothschild-paroisse-saint-marcel-paris-septembre-2023\/","og_locale":"fr_FR","og_type":"article","og_title":"H\u00f4pital Rothschild & Paroisse Saint-Marcel, Paris \u2013 septembre 2023 - AuditionSolidarit\u00e9","og_description":"Mission Paris du 19, 20, 21 et 22 septembre 2023 Le r\u00e9sum\u00e9 \ud83d\udc47 Deux jours intenses dans les locaux de l\u2019h\u00f4pital Rothschild ou notre \u00e9quipe a pris en charge 71 personnes primo-consultantes. Une grande majorit\u00e9 des b\u00e9n\u00e9ficiaires avait un probl\u00e8me d\u2019audition et a \u00e9t\u00e9 appareill\u00e9e sur place. Nous avons aussi re\u00e7u des personnes qui avaient simplement des doutes quant \u00e0","og_url":"https:\/\/www.auditionsolidarite.org\/fr\/hopital-rothschild-paroisse-saint-marcel-paris-septembre-2023\/","og_site_name":"AuditionSolidarit\u00e9","article_modified_time":"2024-03-15T15:34:21+00:00","og_image":[{"width":600,"height":593,"url":"https:\/\/www.auditionsolidarite.org\/wp-content\/uploads\/2015\/07\/logo-audition-solidarite-e1446132259721.png","type":"image\/png"}],"twitter_card":"summary_large_image","twitter_misc":{"Dur\u00e9e de lecture estim\u00e9e":"4 minutes"},"schema":{"@context":"https:\/\/schema.org","@graph":[{"@type":"WebPage","@id":"https:\/\/www.auditionsolidarite.org\/fr\/hopital-rothschild-paroisse-saint-marcel-paris-septembre-2023\/","url":"https:\/\/www.auditionsolidarite.org\/fr\/hopital-rothschild-paroisse-saint-marcel-paris-septembre-2023\/","name":"H\u00f4pital Rothschild & Paroisse Saint-Marcel, Paris \u2013 septembre 2023 - AuditionSolidarit\u00e9","isPartOf":{"@id":"https:\/\/www.auditionsolidarite.org\/fr\/#website"},"datePublished":"2024-03-15T15:22:17+00:00","dateModified":"2024-03-15T15:34:21+00:00","breadcrumb":{"@id":"https:\/\/www.auditionsolidarite.org\/fr\/hopital-rothschild-paroisse-saint-marcel-paris-septembre-2023\/#breadcrumb"},"inLanguage":"fr-FR","potentialAction":[{"@type":"ReadAction","target":[["https:\/\/www.auditionsolidarite.org\/fr\/hopital-rothschild-paroisse-saint-marcel-paris-septembre-2023\/"]]}]},{"@type":"BreadcrumbList","@id":"https:\/\/www.auditionsolidarite.org\/fr\/hopital-rothschild-paroisse-saint-marcel-paris-septembre-2023\/#breadcrumb","itemListElement":[{"@type":"ListItem","position":1,"name":"Accueil","item":"https:\/\/www.auditionsolidarite.org\/fr\/"},{"@type":"ListItem","position":2,"name":"H\u00f4pital Rothschild &#038; Paroisse Saint-Marcel, Paris \u2013 septembre 2023"}]},{"@type":"WebSite","@id":"https:\/\/www.auditionsolidarite.org\/fr\/#website","url":"https:\/\/www.auditionsolidarite.org\/fr\/","name":"AuditionSolidarit\u00e9","description":"Le hasard n&#039;existe pas ! Si vous \u00eates l\u00e0 aujourd&#039;hui, c&#039;est que le monde de l&#039;audition vous touche... Alors merci d&#039;\u00eatre l\u00e0 !","publisher":{"@id":"https:\/\/www.auditionsolidarite.org\/fr\/#organization"},"potentialAction":[{"@type":"SearchAction","target":{"@type":"EntryPoint","urlTemplate":"https:\/\/www.auditionsolidarite.org\/fr\/?s={search_term_string}"},"query-input":"required name=search_term_string"}],"inLanguage":"fr-FR"},{"@type":"Organization","@id":"https:\/\/www.auditionsolidarite.org\/fr\/#organization","name":"AuditionSolidarit\u00e9","url":"https:\/\/www.auditionsolidarite.org\/fr\/","logo":{"@type":"ImageObject","inLanguage":"fr-FR","@id":"https:\/\/www.auditionsolidarite.org\/fr\/#\/schema\/logo\/image\/","url":"https:\/\/www.auditionsolidarite.org\/wp-content\/uploads\/2015\/07\/logo-audition-solidarite-e1446132259721.png","contentUrl":"https:\/\/www.auditionsolidarite.org\/wp-content\/uploads\/2015\/07\/logo-audition-solidarite-e1446132259721.png","width":600,"height":593,"caption":"AuditionSolidarit\u00e9"},"image":{"@id":"https:\/\/www.auditionsolidarite.org\/fr\/#\/schema\/logo\/image\/"}}]}},"_links":{"self":[{"href":"https:\/\/www.auditionsolidarite.org\/fr\/wp-json\/wp\/v2\/pages\/9781"}],"collection":[{"href":"https:\/\/www.auditionsolidarite.org\/fr\/wp-json\/wp\/v2\/pages"}],"about":[{"href":"https:\/\/www.auditionsolidarite.org\/fr\/wp-json\/wp\/v2\/types\/page"}],"author":[{"embeddable":true,"href":"https:\/\/www.auditionsolidarite.org\/fr\/wp-json\/wp\/v2\/users\/2"}],"replies":[{"embeddable":true,"href":"https:\/\/www.auditionsolidarite.org\/fr\/wp-json\/wp\/v2\/comments?post=9781"}],"version-history":[{"count":2,"href":"https:\/\/www.auditionsolidarite.org\/fr\/wp-json\/wp\/v2\/pages\/9781\/revisions"}],"predecessor-version":[{"id":9785,"href":"https:\/\/www.auditionsolidarite.org\/fr\/wp-json\/wp\/v2\/pages\/9781\/revisions\/9785"}],"wp:attachment":[{"href":"https:\/\/www.auditionsolidarite.org\/fr\/wp-json\/wp\/v2\/media?parent=9781"}],"curies":[{"name":"wp","href":"https:\/\/api.w.org\/{rel}","templated":true}]}}