{"id":9051,"date":"2022-11-22T11:46:43","date_gmt":"2022-11-22T10:46:43","guid":{"rendered":"https:\/\/www.auditionsolidarite.org\/historique-tamissionavire-copy\/"},"modified":"2024-01-24T16:11:05","modified_gmt":"2024-01-24T15:11:05","slug":"historique-tamissionavire-copy","status":"publish","type":"page","link":"https:\/\/www.auditionsolidarite.org\/fr\/historique-tamissionavire-copy\/","title":{"rendered":"Historique #TaMissionADax"},"content":{"rendered":"<strong>\u2192 23 octobre 2023<\/strong><br \/>\nLieu : 3 rue des Fr\u00eanes (quartier du sablar) 40100 Dax<\/p>\n<blockquote><p>Nombre de personnes accueillies : 24<br \/>\nNombre de personnes appareill\u00e9es : 1<br \/>\nNombre d&#8217;appareils auditifs adapt\u00e9s : 2<\/p><\/blockquote>\n<table>\n<tbody>\n<tr>\n<td><a href=\"\/\/www.auditionsolidarite.org\/wp-content\/uploads\/2024\/01\/P1046611.jpg\"><img loading=\"lazy\" decoding=\"async\" class=\"aligncenter wp-image-9703\" src=\"\/\/www.auditionsolidarite.org\/wp-content\/uploads\/2024\/01\/P1046611.jpg\" alt=\"\" width=\"250\" height=\"188\" srcset=\"https:\/\/www.auditionsolidarite.org\/wp-content\/uploads\/2024\/01\/P1046611.jpg 500w, https:\/\/www.auditionsolidarite.org\/wp-content\/uploads\/2024\/01\/P1046611-300x225.jpg 300w\" sizes=\"(max-width: 250px) 100vw, 250px\" \/><\/a><\/td>\n<td><a href=\"\/\/www.auditionsolidarite.org\/wp-content\/uploads\/2024\/01\/P1046466.jpg\"><img loading=\"lazy\" decoding=\"async\" class=\"aligncenter wp-image-9702\" src=\"\/\/www.auditionsolidarite.org\/wp-content\/uploads\/2024\/01\/P1046466.jpg\" alt=\"\" width=\"250\" height=\"188\" srcset=\"https:\/\/www.auditionsolidarite.org\/wp-content\/uploads\/2024\/01\/P1046466.jpg 500w, https:\/\/www.auditionsolidarite.org\/wp-content\/uploads\/2024\/01\/P1046466-300x225.jpg 300w\" sizes=\"(max-width: 250px) 100vw, 250px\" \/><\/a><\/td>\n<\/tr>\n<\/tbody>\n<\/table>\n<p><strong>\u2192 24 avril 2023<\/strong><br \/>\nLieu : 3 rue des Fr\u00eanes (quartier du sablar) 40100 Dax<\/p>\n<blockquote><p>Nombre de personnes accueillies : 32<br \/>\nNombre de personnes appareill\u00e9es : 2<br \/>\nNombre d&#8217;appareils auditifs adapt\u00e9s : 4<\/p><\/blockquote>\n<table>\n<tbody>\n<tr>\n<td><a href=\"\/\/www.auditionsolidarite.org\/wp-content\/uploads\/2023\/05\/copie-0_IMG_9338.jpg\"><img loading=\"lazy\" decoding=\"async\" class=\"aligncenter wp-image-9427\" src=\"\/\/www.auditionsolidarite.org\/wp-content\/uploads\/2023\/05\/copie-0_IMG_9338.jpg\" alt=\"\" width=\"250\" height=\"187\" srcset=\"https:\/\/www.auditionsolidarite.org\/wp-content\/uploads\/2023\/05\/copie-0_IMG_9338.jpg 1601w, https:\/\/www.auditionsolidarite.org\/wp-content\/uploads\/2023\/05\/copie-0_IMG_9338-300x225.jpg 300w, https:\/\/www.auditionsolidarite.org\/wp-content\/uploads\/2023\/05\/copie-0_IMG_9338-1024x768.jpg 1024w, https:\/\/www.auditionsolidarite.org\/wp-content\/uploads\/2023\/05\/copie-0_IMG_9338-768x576.jpg 768w, https:\/\/www.auditionsolidarite.org\/wp-content\/uploads\/2023\/05\/copie-0_IMG_9338-1536x1151.jpg 1536w\" sizes=\"(max-width: 250px) 100vw, 250px\" \/><\/a><\/td>\n<td><a href=\"\/\/www.auditionsolidarite.org\/wp-content\/uploads\/2023\/05\/copie-0_IMG_9288.jpg\"><img loading=\"lazy\" decoding=\"async\" class=\"aligncenter wp-image-9426\" src=\"\/\/www.auditionsolidarite.org\/wp-content\/uploads\/2023\/05\/copie-0_IMG_9288.jpg\" alt=\"\" width=\"250\" height=\"187\" srcset=\"https:\/\/www.auditionsolidarite.org\/wp-content\/uploads\/2023\/05\/copie-0_IMG_9288.jpg 1601w, https:\/\/www.auditionsolidarite.org\/wp-content\/uploads\/2023\/05\/copie-0_IMG_9288-300x225.jpg 300w, https:\/\/www.auditionsolidarite.org\/wp-content\/uploads\/2023\/05\/copie-0_IMG_9288-1024x768.jpg 1024w, https:\/\/www.auditionsolidarite.org\/wp-content\/uploads\/2023\/05\/copie-0_IMG_9288-768x576.jpg 768w, https:\/\/www.auditionsolidarite.org\/wp-content\/uploads\/2023\/05\/copie-0_IMG_9288-1536x1151.jpg 1536w\" sizes=\"(max-width: 250px) 100vw, 250px\" \/><\/a><\/td>\n<\/tr>\n<\/tbody>\n<\/table>\n<p><b><br \/>\n<\/b><strong>\u2192 17 octobre 2022<\/strong><br \/>\nLieu : 3 rue des Fr\u00eanes (quartier du sablar) 40100 Dax<\/p>\n<blockquote><p>Nombre de personnes accueillies : 6<br \/>\nNombre de personnes appareill\u00e9es : 3<br \/>\nNombre d&#8217;appareils auditifs adapt\u00e9s : 6<\/p><\/blockquote>\n<table>\n<tbody>\n<tr>\n<td><img loading=\"lazy\" decoding=\"async\" class=\"aligncenter wp-image-9054\" src=\"\/\/www.auditionsolidarite.org\/wp-content\/uploads\/2022\/11\/Dax-26FB.jpg\" alt=\"\" width=\"250\" height=\"187\" srcset=\"https:\/\/www.auditionsolidarite.org\/wp-content\/uploads\/2022\/11\/Dax-26FB.jpg 1601w, https:\/\/www.auditionsolidarite.org\/wp-content\/uploads\/2022\/11\/Dax-26FB-300x225.jpg 300w, https:\/\/www.auditionsolidarite.org\/wp-content\/uploads\/2022\/11\/Dax-26FB-1024x768.jpg 1024w, https:\/\/www.auditionsolidarite.org\/wp-content\/uploads\/2022\/11\/Dax-26FB-768x576.jpg 768w, https:\/\/www.auditionsolidarite.org\/wp-content\/uploads\/2022\/11\/Dax-26FB-1536x1151.jpg 1536w\" sizes=\"(max-width: 250px) 100vw, 250px\" \/><\/td>\n<td><img loading=\"lazy\" decoding=\"async\" class=\"aligncenter wp-image-9052\" src=\"\/\/www.auditionsolidarite.org\/wp-content\/uploads\/2022\/11\/Dax-19.jpg\" alt=\"\" width=\"250\" height=\"187\" srcset=\"https:\/\/www.auditionsolidarite.org\/wp-content\/uploads\/2022\/11\/Dax-19.jpg 1601w, https:\/\/www.auditionsolidarite.org\/wp-content\/uploads\/2022\/11\/Dax-19-300x225.jpg 300w, https:\/\/www.auditionsolidarite.org\/wp-content\/uploads\/2022\/11\/Dax-19-1024x768.jpg 1024w, https:\/\/www.auditionsolidarite.org\/wp-content\/uploads\/2022\/11\/Dax-19-768x576.jpg 768w, https:\/\/www.auditionsolidarite.org\/wp-content\/uploads\/2022\/11\/Dax-19-1536x1151.jpg 1536w\" sizes=\"(max-width: 250px) 100vw, 250px\" \/><\/td>\n<\/tr>\n<\/tbody>\n<\/table>","protected":false},"excerpt":{"rendered":"<p>\u2192 23 octobre 2023 Lieu : 3 rue des Fr\u00eanes (quartier du sablar) 40100 Dax Nombre de personnes accueillies : 24 Nombre de personnes appareill\u00e9es : 1 Nombre d&#8217;appareils auditifs adapt\u00e9s : 2 \u2192 24 avril 2023 Lieu : 3 rue des Fr\u00eanes (quartier du sablar) 40100 Dax Nombre de personnes accueillies : 32 Nombre de personnes appareill\u00e9es : 2<\/p>\n","protected":false},"author":2,"featured_media":0,"parent":0,"menu_order":0,"comment_status":"closed","ping_status":"closed","template":"","meta":{"footnotes":""},"acf":[],"yoast_head":"<!-- This site is optimized with the Yoast SEO plugin v21.9.1 - https:\/\/yoast.com\/wordpress\/plugins\/seo\/ -->\n<title>Historique #TaMissionADax - AuditionSolidarit\u00e9<\/title>\n<meta name=\"robots\" content=\"index, follow, max-snippet:-1, max-image-preview:large, max-video-preview:-1\" \/>\n<link rel=\"canonical\" href=\"https:\/\/www.auditionsolidarite.org\/fr\/historique-tamissionavire-copy\/\" \/>\n<meta property=\"og:locale\" content=\"fr_FR\" \/>\n<meta property=\"og:type\" content=\"article\" \/>\n<meta property=\"og:title\" content=\"Historique #TaMissionADax - AuditionSolidarit\u00e9\" \/>\n<meta property=\"og:description\" content=\"\u2192 23 octobre 2023 Lieu : 3 rue des Fr\u00eanes (quartier du sablar) 40100 Dax Nombre de personnes accueillies : 24 Nombre de personnes appareill\u00e9es : 1 Nombre d&#8217;appareils auditifs adapt\u00e9s : 2 \u2192 24 avril 2023 Lieu : 3 rue des Fr\u00eanes (quartier du sablar) 40100 Dax Nombre de personnes accueillies : 32 Nombre de personnes appareill\u00e9es : 2\" \/>\n<meta property=\"og:url\" content=\"https:\/\/www.auditionsolidarite.org\/fr\/historique-tamissionavire-copy\/\" \/>\n<meta property=\"og:site_name\" content=\"AuditionSolidarit\u00e9\" \/>\n<meta property=\"article:modified_time\" content=\"2024-01-24T15:11:05+00:00\" \/>\n<meta property=\"og:image\" content=\"https:\/\/www.auditionsolidarite.org\/wp-content\/uploads\/2015\/07\/logo-audition-solidarite-e1446132259721.png\" \/>\n\t<meta property=\"og:image:width\" content=\"600\" \/>\n\t<meta property=\"og:image:height\" content=\"593\" \/>\n\t<meta property=\"og:image:type\" content=\"image\/png\" \/>\n<meta name=\"twitter:card\" content=\"summary_large_image\" \/>\n<meta name=\"twitter:label1\" content=\"Dur\u00e9e de lecture estim\u00e9e\" \/>\n\t<meta name=\"twitter:data1\" content=\"2 minutes\" \/>\n<script type=\"application\/ld+json\" class=\"yoast-schema-graph\">{\"@context\":\"https:\/\/schema.org\",\"@graph\":[{\"@type\":\"WebPage\",\"@id\":\"https:\/\/www.auditionsolidarite.org\/fr\/historique-tamissionavire-copy\/\",\"url\":\"https:\/\/www.auditionsolidarite.org\/fr\/historique-tamissionavire-copy\/\",\"name\":\"Historique #TaMissionADax - AuditionSolidarit\u00e9\",\"isPartOf\":{\"@id\":\"https:\/\/www.auditionsolidarite.org\/fr\/#website\"},\"datePublished\":\"2022-11-22T10:46:43+00:00\",\"dateModified\":\"2024-01-24T15:11:05+00:00\",\"breadcrumb\":{\"@id\":\"https:\/\/www.auditionsolidarite.org\/fr\/historique-tamissionavire-copy\/#breadcrumb\"},\"inLanguage\":\"fr-FR\",\"potentialAction\":[{\"@type\":\"ReadAction\",\"target\":[[\"https:\/\/www.auditionsolidarite.org\/fr\/historique-tamissionavire-copy\/\"]]}]},{\"@type\":\"BreadcrumbList\",\"@id\":\"https:\/\/www.auditionsolidarite.org\/fr\/historique-tamissionavire-copy\/#breadcrumb\",\"itemListElement\":[{\"@type\":\"ListItem\",\"position\":1,\"name\":\"Accueil\",\"item\":\"https:\/\/www.auditionsolidarite.org\/fr\/\"},{\"@type\":\"ListItem\",\"position\":2,\"name\":\"Historique #TaMissionADax\"}]},{\"@type\":\"WebSite\",\"@id\":\"https:\/\/www.auditionsolidarite.org\/fr\/#website\",\"url\":\"https:\/\/www.auditionsolidarite.org\/fr\/\",\"name\":\"AuditionSolidarit\u00e9\",\"description\":\"Le hasard n&#039;existe pas ! Si vous \u00eates l\u00e0 aujourd&#039;hui, c&#039;est que le monde de l&#039;audition vous touche... Alors merci d&#039;\u00eatre l\u00e0 !\",\"publisher\":{\"@id\":\"https:\/\/www.auditionsolidarite.org\/fr\/#organization\"},\"potentialAction\":[{\"@type\":\"SearchAction\",\"target\":{\"@type\":\"EntryPoint\",\"urlTemplate\":\"https:\/\/www.auditionsolidarite.org\/fr\/?s={search_term_string}\"},\"query-input\":\"required name=search_term_string\"}],\"inLanguage\":\"fr-FR\"},{\"@type\":\"Organization\",\"@id\":\"https:\/\/www.auditionsolidarite.org\/fr\/#organization\",\"name\":\"AuditionSolidarit\u00e9\",\"url\":\"https:\/\/www.auditionsolidarite.org\/fr\/\",\"logo\":{\"@type\":\"ImageObject\",\"inLanguage\":\"fr-FR\",\"@id\":\"https:\/\/www.auditionsolidarite.org\/fr\/#\/schema\/logo\/image\/\",\"url\":\"https:\/\/www.auditionsolidarite.org\/wp-content\/uploads\/2015\/07\/logo-audition-solidarite-e1446132259721.png\",\"contentUrl\":\"https:\/\/www.auditionsolidarite.org\/wp-content\/uploads\/2015\/07\/logo-audition-solidarite-e1446132259721.png\",\"width\":600,\"height\":593,\"caption\":\"AuditionSolidarit\u00e9\"},\"image\":{\"@id\":\"https:\/\/www.auditionsolidarite.org\/fr\/#\/schema\/logo\/image\/\"}}]}<\/script>\n<!-- \/ Yoast SEO plugin. -->","yoast_head_json":{"title":"Historique #TaMissionADax - AuditionSolidarit\u00e9","robots":{"index":"index","follow":"follow","max-snippet":"max-snippet:-1","max-image-preview":"max-image-preview:large","max-video-preview":"max-video-preview:-1"},"canonical":"https:\/\/www.auditionsolidarite.org\/fr\/historique-tamissionavire-copy\/","og_locale":"fr_FR","og_type":"article","og_title":"Historique #TaMissionADax - AuditionSolidarit\u00e9","og_description":"\u2192 23 octobre 2023 Lieu : 3 rue des Fr\u00eanes (quartier du sablar) 40100 Dax Nombre de personnes accueillies : 24 Nombre de personnes appareill\u00e9es : 1 Nombre d&#8217;appareils auditifs adapt\u00e9s : 2 \u2192 24 avril 2023 Lieu : 3 rue des Fr\u00eanes (quartier du sablar) 40100 Dax Nombre de personnes accueillies : 32 Nombre de personnes appareill\u00e9es : 2","og_url":"https:\/\/www.auditionsolidarite.org\/fr\/historique-tamissionavire-copy\/","og_site_name":"AuditionSolidarit\u00e9","article_modified_time":"2024-01-24T15:11:05+00:00","og_image":[{"width":600,"height":593,"url":"https:\/\/www.auditionsolidarite.org\/wp-content\/uploads\/2015\/07\/logo-audition-solidarite-e1446132259721.png","type":"image\/png"}],"twitter_card":"summary_large_image","twitter_misc":{"Dur\u00e9e de lecture estim\u00e9e":"2 minutes"},"schema":{"@context":"https:\/\/schema.org","@graph":[{"@type":"WebPage","@id":"https:\/\/www.auditionsolidarite.org\/fr\/historique-tamissionavire-copy\/","url":"https:\/\/www.auditionsolidarite.org\/fr\/historique-tamissionavire-copy\/","name":"Historique #TaMissionADax - AuditionSolidarit\u00e9","isPartOf":{"@id":"https:\/\/www.auditionsolidarite.org\/fr\/#website"},"datePublished":"2022-11-22T10:46:43+00:00","dateModified":"2024-01-24T15:11:05+00:00","breadcrumb":{"@id":"https:\/\/www.auditionsolidarite.org\/fr\/historique-tamissionavire-copy\/#breadcrumb"},"inLanguage":"fr-FR","potentialAction":[{"@type":"ReadAction","target":[["https:\/\/www.auditionsolidarite.org\/fr\/historique-tamissionavire-copy\/"]]}]},{"@type":"BreadcrumbList","@id":"https:\/\/www.auditionsolidarite.org\/fr\/historique-tamissionavire-copy\/#breadcrumb","itemListElement":[{"@type":"ListItem","position":1,"name":"Accueil","item":"https:\/\/www.auditionsolidarite.org\/fr\/"},{"@type":"ListItem","position":2,"name":"Historique #TaMissionADax"}]},{"@type":"WebSite","@id":"https:\/\/www.auditionsolidarite.org\/fr\/#website","url":"https:\/\/www.auditionsolidarite.org\/fr\/","name":"AuditionSolidarit\u00e9","description":"Le hasard n&#039;existe pas ! Si vous \u00eates l\u00e0 aujourd&#039;hui, c&#039;est que le monde de l&#039;audition vous touche... Alors merci d&#039;\u00eatre l\u00e0 !","publisher":{"@id":"https:\/\/www.auditionsolidarite.org\/fr\/#organization"},"potentialAction":[{"@type":"SearchAction","target":{"@type":"EntryPoint","urlTemplate":"https:\/\/www.auditionsolidarite.org\/fr\/?s={search_term_string}"},"query-input":"required name=search_term_string"}],"inLanguage":"fr-FR"},{"@type":"Organization","@id":"https:\/\/www.auditionsolidarite.org\/fr\/#organization","name":"AuditionSolidarit\u00e9","url":"https:\/\/www.auditionsolidarite.org\/fr\/","logo":{"@type":"ImageObject","inLanguage":"fr-FR","@id":"https:\/\/www.auditionsolidarite.org\/fr\/#\/schema\/logo\/image\/","url":"https:\/\/www.auditionsolidarite.org\/wp-content\/uploads\/2015\/07\/logo-audition-solidarite-e1446132259721.png","contentUrl":"https:\/\/www.auditionsolidarite.org\/wp-content\/uploads\/2015\/07\/logo-audition-solidarite-e1446132259721.png","width":600,"height":593,"caption":"AuditionSolidarit\u00e9"},"image":{"@id":"https:\/\/www.auditionsolidarite.org\/fr\/#\/schema\/logo\/image\/"}}]}},"_links":{"self":[{"href":"https:\/\/www.auditionsolidarite.org\/fr\/wp-json\/wp\/v2\/pages\/9051"}],"collection":[{"href":"https:\/\/www.auditionsolidarite.org\/fr\/wp-json\/wp\/v2\/pages"}],"about":[{"href":"https:\/\/www.auditionsolidarite.org\/fr\/wp-json\/wp\/v2\/types\/page"}],"author":[{"embeddable":true,"href":"https:\/\/www.auditionsolidarite.org\/fr\/wp-json\/wp\/v2\/users\/2"}],"replies":[{"embeddable":true,"href":"https:\/\/www.auditionsolidarite.org\/fr\/wp-json\/wp\/v2\/comments?post=9051"}],"version-history":[{"count":3,"href":"https:\/\/www.auditionsolidarite.org\/fr\/wp-json\/wp\/v2\/pages\/9051\/revisions"}],"predecessor-version":[{"id":9704,"href":"https:\/\/www.auditionsolidarite.org\/fr\/wp-json\/wp\/v2\/pages\/9051\/revisions\/9704"}],"wp:attachment":[{"href":"https:\/\/www.auditionsolidarite.org\/fr\/wp-json\/wp\/v2\/media?parent=9051"}],"curies":[{"name":"wp","href":"https:\/\/api.w.org\/{rel}","templated":true}]}}