{"id":9042,"date":"2022-11-17T14:18:14","date_gmt":"2022-11-17T13:18:14","guid":{"rendered":"https:\/\/www.auditionsolidarite.org\/?page_id=9042"},"modified":"2022-11-17T14:18:14","modified_gmt":"2022-11-17T13:18:14","slug":"mission-humanitaire-en-republique-dominicaine-hato-mayor-2022","status":"publish","type":"page","link":"https:\/\/www.auditionsolidarite.org\/fr\/mission-humanitaire-en-republique-dominicaine-hato-mayor-2022\/","title":{"rendered":"Mission Humanitaire en R\u00e9publique dominicaine &#8211; Hato Mayor 2022"},"content":{"rendered":"<b><strong> Pour la troisi\u00e8me fois depuis 2019, AuditionSolidarit\u00e9 s\u2019est rendue \u00e0 Hato Mayor en R\u00e9publique dominicaine du 26 mai au 3 juin 2022 pour poursuivre son vaste projet humanitaire aupr\u00e8s des enfants d\u00e9favoris\u00e9s sourds et malentendants de l\u2019\u00eele<\/strong>. <\/b><b><b><b><br \/>\n<\/b><\/b><b><br \/>\n<\/b><\/b><\/p>\n<p>Cette ann\u00e9e encore une attention toute particuli\u00e8re a \u00e9t\u00e9 mise sur le travail orthophonique avec une nouveaut\u00e9 : la mise en place d\u2019ateliers d\u2019informations et d\u2019exercices pratiques aupr\u00e8s des parents d\u2019\u00e9l\u00e8ves et des professeurs afin d\u2019accompagner au mieux les enfants fraichement appareill\u00e9s dans le monde des sons et leur permettre d\u2019oraliser.<b><br \/>\n<\/b><b><br \/>\n<\/b><\/p>\n<p>Outre l\u2019appareillage et le suivi de 236 enfants, l\u2019\u00e9quipe fran\u00e7aise a continu\u00e9 son travail de formation initi\u00e9 d\u00e8s 2019 aupr\u00e8s de l\u2019association dominicaine O\u00ecr Para Vivir, partenaire d\u2019AuditionSolidarit\u00e9 sur ce projet. Ainsi la formation de 6 dominicains a \u00e9t\u00e9 approfondie aux diff\u00e9rents postes de la cha\u00eene auditive afin qu\u2019ils assurent le suivi des enfants appareill\u00e9s tout au long de l\u2019ann\u00e9e. AuditionSolidarit\u00e9 a \u00e9galement apport\u00e9 et laiss\u00e9 sur place du mat\u00e9riel professionnel.<b><br \/>\n<\/b><b><br \/>\n<\/b>Le projet lanc\u00e9 en 2019, poursuivi en 2021 et 2022 continuera en avril 2023 afin d\u2019appareiller l\u2019ensemble des \u00e9l\u00e8ves soit 400 enfants au total.<b><br \/>\n<\/b><b><\/b><b><\/b><b><\/b><b><\/b><b><\/b><b>\u00a0<\/b><\/p>\n<p><strong>Les chiffres cl\u00e9s\u00a0:<\/strong><\/p>\n<blockquote><p><strong>236 enfants appareill\u00e9s<\/strong><\/p>\n<p><strong>\u00a0249 appareils auditifs adapt\u00e9s<\/strong><\/p>\n<p><strong>\u00a0266 embouts fabriqu\u00e9s <\/strong><br \/>\n<strong>6 dominicains d&#8217;Oir Para Vivir form\u00e9s<br \/>\n<\/strong><\/p><\/blockquote>\n<p>Un grand MERCI \u00e0 notre formidable \u00e9quipe fran\u00e7aise et \u00e0 l&#8217;\u00e9quipe de notre partenaire Oir Para Vivir !<b><b><br \/>\n<\/b><b><br \/>\n<\/b><\/b><\/p>\n<p><strong>Merci aux audioproth\u00e9sistes <span class=\"d2edcug0 hpfvmrgz qv66sw1b c1et5uql lr9zc1uh a8c37x1j fe6kdd0r mau55g9w c8b282yb keod5gw0 nxhoafnm aigsh9s9 d3f4x2em iv3no6db jq4qci2q a3bd9o3v b1v8xokw oo9gr5id hzawbc8m\" dir=\"auto\">Georges Ormancey, Anne Kerouedan, Gauthier Luc, Isabelle Cornuau, Christophe Chary <\/span>et Christine Bourger<\/strong><\/p>\n<p><strong>Merci \u00e0 L&#8217;ORL Sandra Dannappel<\/strong><br \/>\n<strong> Merci aux orthophonistes <span class=\"d2edcug0 hpfvmrgz qv66sw1b c1et5uql lr9zc1uh a8c37x1j keod5gw0 nxhoafnm aigsh9s9 d3f4x2em fe6kdd0r mau55g9w c8b282yb iv3no6db jq4qci2q a3bd9o3v b1v8xokw oo9gr5id hzawbc8m\" dir=\"auto\">Virginie Gilabert, La<span class=\"d2edcug0 hpfvmrgz qv66sw1b c1et5uql lr9zc1uh a8c37x1j fe6kdd0r mau55g9w c8b282yb keod5gw0 nxhoafnm aigsh9s9 d3f4x2em iv3no6db jq4qci2q a3bd9o3v b1v8xokw oo9gr5id hzawbc8m\" dir=\"auto\">\u00eb<\/span>titia Puissant-Schontz et Ana\u00efs Andrieu<\/span><\/strong><br \/>\n<strong> Merci au fabricant d&#8217;embouts <b><span class=\"d2edcug0 hpfvmrgz qv66sw1b c1et5uql lr9zc1uh a8c37x1j keod5gw0 nxhoafnm aigsh9s9 d3f4x2em fe6kdd0r mau55g9w c8b282yb iv3no6db jq4qci2q a3bd9o3v b1v8xokw oo9gr5id hzawbc8m\" dir=\"auto\">Nathalie Lesouef<\/span><b><br \/>\n<\/b><\/b><\/strong><strong>Merci \u00e0 <span class=\"d2edcug0 hpfvmrgz qv66sw1b c1et5uql lr9zc1uh a8c37x1j keod5gw0 nxhoafnm aigsh9s9 d3f4x2em fe6kdd0r mau55g9w c8b282yb iv3no6db jq4qci2q a3bd9o3v b1v8xokw oo9gr5id hzawbc8m\" dir=\"auto\">J\u00e9r\u00f4me Sousa <\/span>pour les ateliers musicaux<\/strong><strong> <b><br \/>\n<\/b>Merci \u00e0 Aline Srey pour le secr\u00e9tariat<\/strong><\/p>\n<p><b><br \/>\n<\/b>Merci \u00e0 l&#8217;Agence fran\u00e7aise de d\u00e9veloppement (AFD), \u00e0 la Fondation Air France, au M\u00e9c\u00e9nat Humanitaire Air France, \u00e0 l&#8217;association TFWA Care pour leur pr\u00e9cieux soutien !<b><br \/>\n<\/b><\/p>\n<table style=\"height: 1045px;\" width=\"713\">\n<tbody>\n<tr>\n<td style=\"width: 699px;\" colspan=\"3\">\n<p style=\"text-align: center;\"><strong>Mission Humanitaire R\u00e9publique dominicaine &#8211; Mai 2022<\/strong><\/p>\n<p style=\"text-align: center;\"><iframe loading=\"lazy\" title=\"YouTube video player\" src=\"https:\/\/www.youtube-nocookie.com\/embed\/GwJCkwhk0AY\" width=\"500\" height=\"315\" frameborder=\"0\" allowfullscreen=\"allowfullscreen\"><span style=\"display: inline-block; width: 0px; overflow: hidden; line-height: 0;\" data-mce-type=\"bookmark\" class=\"mce_SELRES_start\">\ufeff<\/span><\/iframe><br \/>\n<b><br \/>\n<\/b><\/p>\n<\/td>\n<\/tr>\n<tr>\n<td style=\"width: 699px; text-align: center;\" colspan=\"3\"><strong>Interviews de l&#8217;\u00e9quipe<b><br \/>\n<\/b><\/strong><\/td>\n<\/tr>\n<tr>\n<td style=\"text-align: center; width: 227px;\"><strong>Anne Kerouedan, audioproth\u00e9siste<\/strong><br \/>\n<iframe loading=\"lazy\" title=\"YouTube video player\" src=\"https:\/\/www.youtube-nocookie.com\/embed\/Rwt81916WK0\" width=\"270\" height=\"170\" frameborder=\"0\" allowfullscreen=\"allowfullscreen\"><span style=\"display: inline-block; width: 0px; overflow: hidden; line-height: 0;\" data-mce-type=\"bookmark\" class=\"mce_SELRES_start\">\ufeff<\/span><\/iframe><\/td>\n<td style=\"text-align: center; width: 235px;\"><strong>Ana\u00efs Andrieu, orthophoniste<\/strong><br \/>\n<iframe loading=\"lazy\" title=\"YouTube video player\" src=\"https:\/\/www.youtube-nocookie.com\/embed\/fk89rT0Cbsw\" width=\"270\" height=\"170\" frameborder=\"0\" allowfullscreen=\"allowfullscreen\"><span style=\"display: inline-block; width: 0px; overflow: hidden; line-height: 0;\" data-mce-type=\"bookmark\" class=\"mce_SELRES_start\">\ufeff<\/span><\/iframe><\/td>\n<td style=\"text-align: center; width: 237px;\"><strong>Gauthier Luc, audioproth\u00e9siste<\/strong><br \/>\n<iframe loading=\"lazy\" title=\"YouTube video player\" src=\"https:\/\/www.youtube-nocookie.com\/embed\/aiIAl15I7Lw\" width=\"270\" height=\"170\" frameborder=\"0\" allowfullscreen=\"allowfullscreen\"><span style=\"display: inline-block; width: 0px; overflow: hidden; line-height: 0;\" data-mce-type=\"bookmark\" class=\"mce_SELRES_start\">\ufeff<\/span><\/iframe><\/td>\n<\/tr>\n<tr>\n<td style=\"text-align: center; width: 227px;\"><strong>Sandra Dannappel, ORL<\/strong><br \/>\n<iframe loading=\"lazy\" title=\"YouTube video player\" src=\"https:\/\/www.youtube-nocookie.com\/embed\/-Pse2aSllK0\" width=\"270\" height=\"170\" frameborder=\"0\" allowfullscreen=\"allowfullscreen\"><span style=\"display: inline-block; width: 0px; overflow: hidden; line-height: 0;\" data-mce-type=\"bookmark\" class=\"mce_SELRES_start\">\ufeff<\/span><\/iframe><\/td>\n<td style=\"text-align: center; width: 235px;\"><strong>J\u00e9r\u00f4me Sousa, <\/strong><strong>musicien<\/strong><br \/>\n<iframe loading=\"lazy\" title=\"YouTube video player\" src=\"https:\/\/www.youtube-nocookie.com\/embed\/tFJC9e_19Wc\" width=\"270\" height=\"170\" frameborder=\"0\" allowfullscreen=\"allowfullscreen\"><span style=\"display: inline-block; width: 0px; overflow: hidden; line-height: 0;\" data-mce-type=\"bookmark\" class=\"mce_SELRES_start\">\ufeff<\/span><\/iframe><\/td>\n<td style=\"width: 237px;\">\n<p style=\"text-align: center;\"><strong>Isabelle Cornuau, audioproth\u00e9siste<\/strong><\/p>\n<p><iframe loading=\"lazy\" title=\"YouTube video player\" src=\"https:\/\/www.youtube-nocookie.com\/embed\/JA8522p4ZtA\" width=\"270\" height=\"170\" frameborder=\"0\" allowfullscreen=\"allowfullscreen\"><span style=\"display: inline-block; width: 0px; overflow: hidden; line-height: 0;\" data-mce-type=\"bookmark\" class=\"mce_SELRES_start\">\ufeff<\/span><\/iframe><\/td>\n<\/tr>\n<tr>\n<td style=\"text-align: center; width: 227px;\"><strong>Christophe Chary, audioproth\u00e9siste<iframe loading=\"lazy\" title=\"YouTube video player\" src=\"https:\/\/www.youtube-nocookie.com\/embed\/0qVbqIiwTgs\" width=\"270\" height=\"170\" frameborder=\"0\" allowfullscreen=\"allowfullscreen\"><span style=\"display: inline-block; width: 0px; overflow: hidden; line-height: 0;\" data-mce-type=\"bookmark\" class=\"mce_SELRES_start\">\ufeff<\/span><\/iframe><\/strong><\/td>\n<td style=\"text-align: center; width: 235px;\"><strong><strong><strong>Nathalie Lesouef, fabrication embouts<iframe loading=\"lazy\" title=\"YouTube video player\" src=\"https:\/\/www.youtube-nocookie.com\/embed\/CnH6dcA7cD0\" width=\"270\" height=\"170\" frameborder=\"0\" allowfullscreen=\"allowfullscreen\"><span style=\"display: inline-block; width: 0px; overflow: hidden; line-height: 0;\" data-mce-type=\"bookmark\" class=\"mce_SELRES_start\">\ufeff<\/span><\/iframe><\/strong><\/strong><\/strong><\/td>\n<td style=\"width: 237px; text-align: center;\"><strong>Nathana\u00ebl Le H\u00e9riss\u00e9, Oir Para Vivir<iframe loading=\"lazy\" title=\"YouTube video player\" src=\"https:\/\/www.youtube-nocookie.com\/embed\/erJp0GUlM5I\" width=\"270\" height=\"170\" frameborder=\"0\" allowfullscreen=\"allowfullscreen\"><span style=\"display: inline-block; width: 0px; overflow: hidden; line-height: 0;\" data-mce-type=\"bookmark\" class=\"mce_SELRES_start\">\ufeff<\/span><\/iframe><br \/>\n<\/strong><\/td>\n<\/tr>\n<\/tbody>\n<\/table>\n<p>&nbsp;<\/p>\n<p><b><img loading=\"lazy\" decoding=\"async\" class=\"aligncenter wp-image-8787\" src=\"\/\/www.auditionsolidarite.org\/wp-content\/uploads\/2022\/06\/Rep_Dom_22-164-recadree.jpg\" alt=\"\" width=\"600\" height=\"450\" srcset=\"https:\/\/www.auditionsolidarite.org\/wp-content\/uploads\/2022\/06\/Rep_Dom_22-164-recadree.jpg 1599w, https:\/\/www.auditionsolidarite.org\/wp-content\/uploads\/2022\/06\/Rep_Dom_22-164-recadree-300x225.jpg 300w, https:\/\/www.auditionsolidarite.org\/wp-content\/uploads\/2022\/06\/Rep_Dom_22-164-recadree-1024x768.jpg 1024w, https:\/\/www.auditionsolidarite.org\/wp-content\/uploads\/2022\/06\/Rep_Dom_22-164-recadree-768x576.jpg 768w, https:\/\/www.auditionsolidarite.org\/wp-content\/uploads\/2022\/06\/Rep_Dom_22-164-recadree-1536x1153.jpg 1536w\" sizes=\"(max-width: 600px) 100vw, 600px\" \/> <img loading=\"lazy\" decoding=\"async\" class=\"aligncenter wp-image-8786\" src=\"\/\/www.auditionsolidarite.org\/wp-content\/uploads\/2022\/06\/Rep_Dom_22-161.jpg\" alt=\"\" width=\"600\" height=\"450\" srcset=\"https:\/\/www.auditionsolidarite.org\/wp-content\/uploads\/2022\/06\/Rep_Dom_22-161.jpg 1601w, https:\/\/www.auditionsolidarite.org\/wp-content\/uploads\/2022\/06\/Rep_Dom_22-161-300x225.jpg 300w, https:\/\/www.auditionsolidarite.org\/wp-content\/uploads\/2022\/06\/Rep_Dom_22-161-1024x768.jpg 1024w, https:\/\/www.auditionsolidarite.org\/wp-content\/uploads\/2022\/06\/Rep_Dom_22-161-768x576.jpg 768w, https:\/\/www.auditionsolidarite.org\/wp-content\/uploads\/2022\/06\/Rep_Dom_22-161-1536x1151.jpg 1536w\" sizes=\"(max-width: 600px) 100vw, 600px\" \/> <img loading=\"lazy\" decoding=\"async\" class=\"aligncenter wp-image-8785\" src=\"\/\/www.auditionsolidarite.org\/wp-content\/uploads\/2022\/06\/Rep_Dom_22-150.jpg\" alt=\"\" width=\"600\" height=\"450\" srcset=\"https:\/\/www.auditionsolidarite.org\/wp-content\/uploads\/2022\/06\/Rep_Dom_22-150.jpg 1601w, https:\/\/www.auditionsolidarite.org\/wp-content\/uploads\/2022\/06\/Rep_Dom_22-150-300x225.jpg 300w, https:\/\/www.auditionsolidarite.org\/wp-content\/uploads\/2022\/06\/Rep_Dom_22-150-1024x768.jpg 1024w, https:\/\/www.auditionsolidarite.org\/wp-content\/uploads\/2022\/06\/Rep_Dom_22-150-768x576.jpg 768w, https:\/\/www.auditionsolidarite.org\/wp-content\/uploads\/2022\/06\/Rep_Dom_22-150-1536x1151.jpg 1536w\" sizes=\"(max-width: 600px) 100vw, 600px\" \/> <img loading=\"lazy\" decoding=\"async\" class=\"aligncenter wp-image-8784\" src=\"\/\/www.auditionsolidarite.org\/wp-content\/uploads\/2022\/06\/Rep_Dom_22-92.jpg\" alt=\"\" width=\"600\" height=\"450\" srcset=\"https:\/\/www.auditionsolidarite.org\/wp-content\/uploads\/2022\/06\/Rep_Dom_22-92.jpg 1601w, https:\/\/www.auditionsolidarite.org\/wp-content\/uploads\/2022\/06\/Rep_Dom_22-92-300x225.jpg 300w, https:\/\/www.auditionsolidarite.org\/wp-content\/uploads\/2022\/06\/Rep_Dom_22-92-1024x768.jpg 1024w, https:\/\/www.auditionsolidarite.org\/wp-content\/uploads\/2022\/06\/Rep_Dom_22-92-768x576.jpg 768w, https:\/\/www.auditionsolidarite.org\/wp-content\/uploads\/2022\/06\/Rep_Dom_22-92-1536x1151.jpg 1536w\" sizes=\"(max-width: 600px) 100vw, 600px\" \/><\/b><b><\/b><\/p>\n<p style=\"text-align: center;\"><strong><b><br \/>\n<\/b> <\/strong><\/p>","protected":false},"excerpt":{"rendered":"<p>Pour la troisi\u00e8me fois depuis 2019, AuditionSolidarit\u00e9 s\u2019est rendue \u00e0 Hato Mayor en R\u00e9publique dominicaine du 26 mai au 3 juin 2022 pour poursuivre son vaste projet humanitaire aupr\u00e8s des enfants d\u00e9favoris\u00e9s sourds et malentendants de l\u2019\u00eele. Cette ann\u00e9e encore une attention toute particuli\u00e8re a \u00e9t\u00e9 mise sur le travail orthophonique avec une nouveaut\u00e9 : la mise en place d\u2019ateliers<\/p>\n","protected":false},"author":2,"featured_media":0,"parent":0,"menu_order":0,"comment_status":"closed","ping_status":"closed","template":"","meta":{"footnotes":""},"acf":[],"yoast_head":"<!-- This site is optimized with the Yoast SEO plugin v21.9.1 - https:\/\/yoast.com\/wordpress\/plugins\/seo\/ -->\n<title>Mission Humanitaire en R\u00e9publique dominicaine - Hato Mayor 2022 - AuditionSolidarit\u00e9<\/title>\n<meta name=\"robots\" content=\"index, follow, max-snippet:-1, max-image-preview:large, max-video-preview:-1\" \/>\n<link rel=\"canonical\" href=\"https:\/\/www.auditionsolidarite.org\/fr\/mission-humanitaire-en-republique-dominicaine-hato-mayor-2022\/\" \/>\n<meta property=\"og:locale\" content=\"fr_FR\" \/>\n<meta property=\"og:type\" content=\"article\" \/>\n<meta property=\"og:title\" content=\"Mission Humanitaire en R\u00e9publique dominicaine - Hato Mayor 2022 - AuditionSolidarit\u00e9\" \/>\n<meta property=\"og:description\" content=\"Pour la troisi\u00e8me fois depuis 2019, AuditionSolidarit\u00e9 s\u2019est rendue \u00e0 Hato Mayor en R\u00e9publique dominicaine du 26 mai au 3 juin 2022 pour poursuivre son vaste projet humanitaire aupr\u00e8s des enfants d\u00e9favoris\u00e9s sourds et malentendants de l\u2019\u00eele. Cette ann\u00e9e encore une attention toute particuli\u00e8re a \u00e9t\u00e9 mise sur le travail orthophonique avec une nouveaut\u00e9 : la mise en place d\u2019ateliers\" \/>\n<meta property=\"og:url\" content=\"https:\/\/www.auditionsolidarite.org\/fr\/mission-humanitaire-en-republique-dominicaine-hato-mayor-2022\/\" \/>\n<meta property=\"og:site_name\" content=\"AuditionSolidarit\u00e9\" \/>\n<meta property=\"og:image\" content=\"https:\/\/www.auditionsolidarite.org\/wp-content\/uploads\/2015\/07\/logo-audition-solidarite-e1446132259721.png\" \/>\n\t<meta property=\"og:image:width\" content=\"600\" \/>\n\t<meta property=\"og:image:height\" content=\"593\" \/>\n\t<meta property=\"og:image:type\" content=\"image\/png\" \/>\n<meta name=\"twitter:card\" content=\"summary_large_image\" \/>\n<meta name=\"twitter:label1\" content=\"Dur\u00e9e de lecture estim\u00e9e\" \/>\n\t<meta name=\"twitter:data1\" content=\"3 minutes\" \/>\n<script type=\"application\/ld+json\" class=\"yoast-schema-graph\">{\"@context\":\"https:\/\/schema.org\",\"@graph\":[{\"@type\":\"WebPage\",\"@id\":\"https:\/\/www.auditionsolidarite.org\/fr\/mission-humanitaire-en-republique-dominicaine-hato-mayor-2022\/\",\"url\":\"https:\/\/www.auditionsolidarite.org\/fr\/mission-humanitaire-en-republique-dominicaine-hato-mayor-2022\/\",\"name\":\"Mission Humanitaire en R\u00e9publique dominicaine - Hato Mayor 2022 - AuditionSolidarit\u00e9\",\"isPartOf\":{\"@id\":\"https:\/\/www.auditionsolidarite.org\/fr\/#website\"},\"datePublished\":\"2022-11-17T13:18:14+00:00\",\"dateModified\":\"2022-11-17T13:18:14+00:00\",\"breadcrumb\":{\"@id\":\"https:\/\/www.auditionsolidarite.org\/fr\/mission-humanitaire-en-republique-dominicaine-hato-mayor-2022\/#breadcrumb\"},\"inLanguage\":\"fr-FR\",\"potentialAction\":[{\"@type\":\"ReadAction\",\"target\":[[\"https:\/\/www.auditionsolidarite.org\/fr\/mission-humanitaire-en-republique-dominicaine-hato-mayor-2022\/\"]]}]},{\"@type\":\"BreadcrumbList\",\"@id\":\"https:\/\/www.auditionsolidarite.org\/fr\/mission-humanitaire-en-republique-dominicaine-hato-mayor-2022\/#breadcrumb\",\"itemListElement\":[{\"@type\":\"ListItem\",\"position\":1,\"name\":\"Accueil\",\"item\":\"https:\/\/www.auditionsolidarite.org\/fr\/\"},{\"@type\":\"ListItem\",\"position\":2,\"name\":\"Mission Humanitaire en R\u00e9publique dominicaine &#8211; Hato Mayor 2022\"}]},{\"@type\":\"WebSite\",\"@id\":\"https:\/\/www.auditionsolidarite.org\/fr\/#website\",\"url\":\"https:\/\/www.auditionsolidarite.org\/fr\/\",\"name\":\"AuditionSolidarit\u00e9\",\"description\":\"Le hasard n&#039;existe pas ! Si vous \u00eates l\u00e0 aujourd&#039;hui, c&#039;est que le monde de l&#039;audition vous touche... Alors merci d&#039;\u00eatre l\u00e0 !\",\"publisher\":{\"@id\":\"https:\/\/www.auditionsolidarite.org\/fr\/#organization\"},\"potentialAction\":[{\"@type\":\"SearchAction\",\"target\":{\"@type\":\"EntryPoint\",\"urlTemplate\":\"https:\/\/www.auditionsolidarite.org\/fr\/?s={search_term_string}\"},\"query-input\":\"required name=search_term_string\"}],\"inLanguage\":\"fr-FR\"},{\"@type\":\"Organization\",\"@id\":\"https:\/\/www.auditionsolidarite.org\/fr\/#organization\",\"name\":\"AuditionSolidarit\u00e9\",\"url\":\"https:\/\/www.auditionsolidarite.org\/fr\/\",\"logo\":{\"@type\":\"ImageObject\",\"inLanguage\":\"fr-FR\",\"@id\":\"https:\/\/www.auditionsolidarite.org\/fr\/#\/schema\/logo\/image\/\",\"url\":\"https:\/\/www.auditionsolidarite.org\/wp-content\/uploads\/2015\/07\/logo-audition-solidarite-e1446132259721.png\",\"contentUrl\":\"https:\/\/www.auditionsolidarite.org\/wp-content\/uploads\/2015\/07\/logo-audition-solidarite-e1446132259721.png\",\"width\":600,\"height\":593,\"caption\":\"AuditionSolidarit\u00e9\"},\"image\":{\"@id\":\"https:\/\/www.auditionsolidarite.org\/fr\/#\/schema\/logo\/image\/\"}}]}<\/script>\n<!-- \/ Yoast SEO plugin. -->","yoast_head_json":{"title":"Mission Humanitaire en R\u00e9publique dominicaine - Hato Mayor 2022 - AuditionSolidarit\u00e9","robots":{"index":"index","follow":"follow","max-snippet":"max-snippet:-1","max-image-preview":"max-image-preview:large","max-video-preview":"max-video-preview:-1"},"canonical":"https:\/\/www.auditionsolidarite.org\/fr\/mission-humanitaire-en-republique-dominicaine-hato-mayor-2022\/","og_locale":"fr_FR","og_type":"article","og_title":"Mission Humanitaire en R\u00e9publique dominicaine - Hato Mayor 2022 - AuditionSolidarit\u00e9","og_description":"Pour la troisi\u00e8me fois depuis 2019, AuditionSolidarit\u00e9 s\u2019est rendue \u00e0 Hato Mayor en R\u00e9publique dominicaine du 26 mai au 3 juin 2022 pour poursuivre son vaste projet humanitaire aupr\u00e8s des enfants d\u00e9favoris\u00e9s sourds et malentendants de l\u2019\u00eele. Cette ann\u00e9e encore une attention toute particuli\u00e8re a \u00e9t\u00e9 mise sur le travail orthophonique avec une nouveaut\u00e9 : la mise en place d\u2019ateliers","og_url":"https:\/\/www.auditionsolidarite.org\/fr\/mission-humanitaire-en-republique-dominicaine-hato-mayor-2022\/","og_site_name":"AuditionSolidarit\u00e9","og_image":[{"width":600,"height":593,"url":"https:\/\/www.auditionsolidarite.org\/wp-content\/uploads\/2015\/07\/logo-audition-solidarite-e1446132259721.png","type":"image\/png"}],"twitter_card":"summary_large_image","twitter_misc":{"Dur\u00e9e de lecture estim\u00e9e":"3 minutes"},"schema":{"@context":"https:\/\/schema.org","@graph":[{"@type":"WebPage","@id":"https:\/\/www.auditionsolidarite.org\/fr\/mission-humanitaire-en-republique-dominicaine-hato-mayor-2022\/","url":"https:\/\/www.auditionsolidarite.org\/fr\/mission-humanitaire-en-republique-dominicaine-hato-mayor-2022\/","name":"Mission Humanitaire en R\u00e9publique dominicaine - Hato Mayor 2022 - AuditionSolidarit\u00e9","isPartOf":{"@id":"https:\/\/www.auditionsolidarite.org\/fr\/#website"},"datePublished":"2022-11-17T13:18:14+00:00","dateModified":"2022-11-17T13:18:14+00:00","breadcrumb":{"@id":"https:\/\/www.auditionsolidarite.org\/fr\/mission-humanitaire-en-republique-dominicaine-hato-mayor-2022\/#breadcrumb"},"inLanguage":"fr-FR","potentialAction":[{"@type":"ReadAction","target":[["https:\/\/www.auditionsolidarite.org\/fr\/mission-humanitaire-en-republique-dominicaine-hato-mayor-2022\/"]]}]},{"@type":"BreadcrumbList","@id":"https:\/\/www.auditionsolidarite.org\/fr\/mission-humanitaire-en-republique-dominicaine-hato-mayor-2022\/#breadcrumb","itemListElement":[{"@type":"ListItem","position":1,"name":"Accueil","item":"https:\/\/www.auditionsolidarite.org\/fr\/"},{"@type":"ListItem","position":2,"name":"Mission Humanitaire en R\u00e9publique dominicaine &#8211; Hato Mayor 2022"}]},{"@type":"WebSite","@id":"https:\/\/www.auditionsolidarite.org\/fr\/#website","url":"https:\/\/www.auditionsolidarite.org\/fr\/","name":"AuditionSolidarit\u00e9","description":"Le hasard n&#039;existe pas ! Si vous \u00eates l\u00e0 aujourd&#039;hui, c&#039;est que le monde de l&#039;audition vous touche... Alors merci d&#039;\u00eatre l\u00e0 !","publisher":{"@id":"https:\/\/www.auditionsolidarite.org\/fr\/#organization"},"potentialAction":[{"@type":"SearchAction","target":{"@type":"EntryPoint","urlTemplate":"https:\/\/www.auditionsolidarite.org\/fr\/?s={search_term_string}"},"query-input":"required name=search_term_string"}],"inLanguage":"fr-FR"},{"@type":"Organization","@id":"https:\/\/www.auditionsolidarite.org\/fr\/#organization","name":"AuditionSolidarit\u00e9","url":"https:\/\/www.auditionsolidarite.org\/fr\/","logo":{"@type":"ImageObject","inLanguage":"fr-FR","@id":"https:\/\/www.auditionsolidarite.org\/fr\/#\/schema\/logo\/image\/","url":"https:\/\/www.auditionsolidarite.org\/wp-content\/uploads\/2015\/07\/logo-audition-solidarite-e1446132259721.png","contentUrl":"https:\/\/www.auditionsolidarite.org\/wp-content\/uploads\/2015\/07\/logo-audition-solidarite-e1446132259721.png","width":600,"height":593,"caption":"AuditionSolidarit\u00e9"},"image":{"@id":"https:\/\/www.auditionsolidarite.org\/fr\/#\/schema\/logo\/image\/"}}]}},"_links":{"self":[{"href":"https:\/\/www.auditionsolidarite.org\/fr\/wp-json\/wp\/v2\/pages\/9042"}],"collection":[{"href":"https:\/\/www.auditionsolidarite.org\/fr\/wp-json\/wp\/v2\/pages"}],"about":[{"href":"https:\/\/www.auditionsolidarite.org\/fr\/wp-json\/wp\/v2\/types\/page"}],"author":[{"embeddable":true,"href":"https:\/\/www.auditionsolidarite.org\/fr\/wp-json\/wp\/v2\/users\/2"}],"replies":[{"embeddable":true,"href":"https:\/\/www.auditionsolidarite.org\/fr\/wp-json\/wp\/v2\/comments?post=9042"}],"version-history":[{"count":1,"href":"https:\/\/www.auditionsolidarite.org\/fr\/wp-json\/wp\/v2\/pages\/9042\/revisions"}],"predecessor-version":[{"id":9043,"href":"https:\/\/www.auditionsolidarite.org\/fr\/wp-json\/wp\/v2\/pages\/9042\/revisions\/9043"}],"wp:attachment":[{"href":"https:\/\/www.auditionsolidarite.org\/fr\/wp-json\/wp\/v2\/media?parent=9042"}],"curies":[{"name":"wp","href":"https:\/\/api.w.org\/{rel}","templated":true}]}}