{"id":9002,"date":"2022-10-14T15:16:05","date_gmt":"2022-10-14T14:16:05","guid":{"rendered":"https:\/\/www.auditionsolidarite.org\/?page_id=9002"},"modified":"2022-10-14T15:30:14","modified_gmt":"2022-10-14T14:30:14","slug":"hopital-rothschild-paroisse-saint-marcel-paris-avril-2022","status":"publish","type":"page","link":"https:\/\/www.auditionsolidarite.org\/fr\/hopital-rothschild-paroisse-saint-marcel-paris-avril-2022\/","title":{"rendered":"H\u00f4pital Rothschild &#038; Paroisse Saint-Marcel, Paris \u2013 avril 2022"},"content":{"rendered":"<strong>5, 6, 7 et 8 avril 2022 : 4 jours de travail intense \u00e0 Paris ! <\/strong><strong><b><\/b><b><br \/>\n<\/b><\/strong><\/p>\n<p>Nous avons v\u00e9cu 4 jours \u00e0 un rythme effr\u00e9n\u00e9, les \u00e9motions se bousculent encore et les chiffres quant \u00e0 eux parlent d\u2019eux m\u00eame. Gr\u00e2ce au travail de tous les acteurs sociaux qui nous adressent les personnes d\u00e9munies, gr\u00e2ce aux Fondations qui nous soutiennent et gr\u00e2ce \u00e0 nos m\u00e9c\u00e8nes qui font vivre AuditionSolidarit\u00e9, nous cr\u00e9ons du lien et redonnons l\u2019audition aux personnes qui vivent dans une grande pr\u00e9carit\u00e9. Ce n\u2019est pas seulement une cha\u00eene auditive, c\u2019est \u00e9galement une cha\u00eene de solidarit\u00e9.<b><br \/>\n<\/b><b><br \/>\n<\/b><\/p>\n<p><strong>Les chiffres :<\/strong><\/p>\n<table style=\"border-collapse: collapse; width: 100%;\" border=\"1\">\n<tbody>\n<tr>\n<td style=\"width: 100%;\">Au total sur les 4 jours<\/td>\n<\/tr>\n<tr>\n<td style=\"width: 100%;\">143 personnes accueillies<\/td>\n<\/tr>\n<tr>\n<td style=\"width: 100%;\">48 personnes appareill\u00e9es<\/td>\n<\/tr>\n<tr>\n<td style=\"width: 100%;\">47 personnes en contr\u00f4le d&#8217;appareillage<\/td>\n<\/tr>\n<tr>\n<td style=\"width: 100%;\">112 appareils adapt\u00e9s<b><br \/>\n<\/b><\/td>\n<\/tr>\n<\/tbody>\n<\/table>\n<p><b>\u00a0<\/b><\/p>\n<p><b>Le d\u00e9tail :<br \/>\n<\/b><\/p>\n<table style=\"border-collapse: collapse; width: 100%;\" border=\"1\">\n<tbody>\n<tr>\n<td style=\"width: 50%; text-align: left;\">H\u00f4pital Rothschild les 5 &amp; 6 avril<\/td>\n<td style=\"width: 50%; text-align: left;\">Paroisse Saint-Marcel les 7 &amp; 8 avril<\/td>\n<\/tr>\n<tr>\n<td style=\"width: 50%; text-align: left;\">70 personnes accueillies<\/td>\n<td style=\"width: 50%; text-align: left;\">73 personnes accueillies<\/td>\n<\/tr>\n<tr>\n<td style=\"width: 50%; text-align: left;\">37 personnes appareill\u00e9es<\/td>\n<td style=\"width: 50%; text-align: left;\">29 personnes appareill\u00e9es<\/td>\n<\/tr>\n<tr>\n<td style=\"width: 50%; text-align: left;\">67 appareils adapt\u00e9s<\/td>\n<td style=\"width: 50%; text-align: left;\">45 appareils adapt\u00e9s<\/td>\n<\/tr>\n<\/tbody>\n<\/table>\n<p>&nbsp;<\/p>\n<p><strong>Merci<\/strong> aux deux \u00e9quipes qui se sont succ\u00e9d\u00e9 sur ces 2 missions :<b><br \/>\n<\/b><b><br \/>\n<\/b><\/p>\n<ul>\n<li dir=\"auto\">Les audioproth\u00e9sistes : Kiki Bourger, Jean-Baptiste Baron, V\u00e9ronique Champault, Laurine Chaulet, Vincent Masure, Cl\u00e9mence Pasquier, Julie Feltin, M\u00e9lodie Desaunay et Thomas Poplimont<\/li>\n<li dir=\"auto\">L\u2019ortho : Clotilde Faure<\/li>\n<li dir=\"auto\">La fabrication des embouts : Alain Lesouef et Yohan M\u00e9nard<\/li>\n<li dir=\"auto\">L\u2019ORL : Isabelle Delacour et Luc Moulonguet<\/li>\n<li dir=\"auto\">Le secr\u00e9tariat : Sylvain Rigouleau et Virginie Clos-Cot<\/li>\n<li dir=\"auto\">La logistique : Carole, Adrien et Odile<b><br \/>\n<\/b><b><br \/>\n<\/b><\/li>\n<\/ul>\n<p><strong>Merci<\/strong> \u00e0 l&#8217;H\u00f4pital Rothschild AP-HP et \u00e0 la Paroisse Saint-Marcel pour leur accueil.<b><br \/>\n<\/b><b><br \/>\n<\/b><b><b> <\/b> <\/b><\/p>\n<p>Un grand <strong>Merci<\/strong> \u00e0 la Fondation Zephyr, \u00e0 la Fondation Tolot, \u00e0 la Fondation UP, \u00e0 la Fondation NEHS, \u00e0 la Fondation Veolia, \u00e0 la Fondation Caritas, \u00e0 la Fondation Petits Fr\u00e8res des Pauvres et \u00e0 la Fondation Swiss Life pour leur soutien si pr\u00e9cieux.<b><b><br \/>\n<\/b><b><br \/>\n<\/b><\/b>Prochaine mission \u00e0 Paris :<\/p>\n<ul>\n<li>les 27 &amp; 28 septembre 2022 \u00e0 l\u2019H\u00f4pital Rothschild en partenariat avec l\u2019AP-HP (Assistante publique \u2013 H\u00f4pitaux de Paris) pour les primo-consultants<b> <\/b><br \/>\n<b><\/b><\/li>\n<li>les 29 &amp; 30 septembre 2022 au sein de la paroisse Saint-Marcel pour les suivis<\/li>\n<\/ul>\n<p>&nbsp;<\/p>\n<p style=\"text-align: center;\"><strong>Interview &#8211; <b><b>\u00c9quipe H\u00f4pital Rothschild<\/b><\/b><\/strong><\/p>\n<table style=\"width: 700px;\">\n<tbody>\n<tr>\n<td style=\"text-align: center; width: 236px;\">Vincent Masure<b><br \/>\n<\/b>Audioproth\u00e9siste<br \/>\n<iframe loading=\"lazy\" title=\"YouTube video player\" src=\"https:\/\/www.youtube-nocookie.com\/embed\/4GueLxF6cMo\" width=\"250\" height=\"180\" frameborder=\"0\" allowfullscreen=\"allowfullscreen\"><span style=\"display: inline-block; width: 0px; overflow: hidden; line-height: 0;\" data-mce-type=\"bookmark\" class=\"mce_SELRES_start\">\ufeff<\/span><\/iframe><\/td>\n<td style=\"text-align: center; width: 236px;\">\n<p class=\"style-scope ytd-watch-metadata\">Isabelle Souchal-Delacour<\/p>\n<p>O.R.L<b><br \/>\n<iframe loading=\"lazy\" title=\"YouTube video player\" src=\"https:\/\/www.youtube-nocookie.com\/embed\/5yYaBukhKY0\" width=\"250\" height=\"180\" frameborder=\"0\" allowfullscreen=\"allowfullscreen\"><span style=\"display: inline-block; width: 0px; overflow: hidden; line-height: 0;\" data-mce-type=\"bookmark\" class=\"mce_SELRES_start\">\ufeff<\/span><\/iframe><br \/>\n<\/b><\/td>\n<td style=\"text-align: center; width: 228px;\">\n<p class=\"title style-scope ytd-video-primary-info-renderer\">V\u00e9ronique Champault<b><br \/>\n<\/b>Audioproth\u00e9siste <b><br \/>\n<iframe loading=\"lazy\" title=\"YouTube video player\" src=\"https:\/\/www.youtube-nocookie.com\/embed\/CIt-W_4iMcU\" width=\"250\" height=\"180\" frameborder=\"0\" allowfullscreen=\"allowfullscreen\"><span style=\"display: inline-block; width: 0px; overflow: hidden; line-height: 0;\" data-mce-type=\"bookmark\" class=\"mce_SELRES_start\">\ufeff<\/span><\/iframe> <\/b><\/p>\n<\/td>\n<\/tr>\n<tr>\n<td style=\"text-align: center; width: 236px;\">\n<p class=\"title style-scope ytd-video-primary-info-renderer\">Laurine Chaulet<br \/>\nAudioproth\u00e9siste<br \/>\n<iframe loading=\"lazy\" title=\"YouTube video player\" src=\"https:\/\/www.youtube-nocookie.com\/embed\/e-d9iS1iWiE\" width=\"250\" height=\"180\" frameborder=\"0\" allowfullscreen=\"allowfullscreen\"><span style=\"display: inline-block; width: 0px; overflow: hidden; line-height: 0;\" data-mce-type=\"bookmark\" class=\"mce_SELRES_start\">\ufeff<\/span><\/iframe><\/p>\n<\/td>\n<td style=\"text-align: center; width: 236px;\">\n<p class=\"title style-scope ytd-video-primary-info-renderer\">Jean-Baptiste Baron<br \/>\nAudioproth\u00e9siste<br \/>\n<iframe loading=\"lazy\" title=\"YouTube video player\" src=\"https:\/\/www.youtube-nocookie.com\/embed\/FNVcv5hyPt0\" width=\"250\" height=\"180\" frameborder=\"0\" allowfullscreen=\"allowfullscreen\"><span style=\"display: inline-block; width: 0px; overflow: hidden; line-height: 0;\" data-mce-type=\"bookmark\" class=\"mce_SELRES_start\">\ufeff<\/span><\/iframe><\/p>\n<\/td>\n<td style=\"text-align: center; width: 228px;\">\n<p class=\"title style-scope ytd-video-primary-info-renderer\">Sylvain Rigouleau<b><br \/>\n<\/b>Secr\u00e9tariat<br \/>\n<iframe loading=\"lazy\" title=\"YouTube video player\" src=\"https:\/\/www.youtube-nocookie.com\/embed\/8jry8wkFxEA\" width=\"250\" height=\"180\" frameborder=\"0\" allowfullscreen=\"allowfullscreen\"><span style=\"display: inline-block; width: 0px; overflow: hidden; line-height: 0;\" data-mce-type=\"bookmark\" class=\"mce_SELRES_start\">\ufeff<\/span><\/iframe><\/p>\n<\/td>\n<\/tr>\n<\/tbody>\n<\/table>\n<p style=\"text-align: center;\"><b><strong><b><br \/>\n<\/b>Interview &#8211; \u00c9quipe Paroisse Saint-Marcel<\/strong><\/b><b><br \/>\n<\/b><\/p>\n<table style=\"border-collapse: collapse; width: 100%;\" border=\"1\">\n<tbody>\n<tr>\n<td style=\"width: 34.1429%;\">\n<p style=\"text-align: center;\">Julie Feltin<b><br \/>\n<\/b>Audioproth\u00e9siste<\/p>\n<p><iframe loading=\"lazy\" title=\"YouTube video player\" src=\"https:\/\/www.youtube-nocookie.com\/embed\/dQXzFrT9jvI\" width=\"250\" height=\"180\" frameborder=\"0\" allowfullscreen=\"allowfullscreen\"><\/iframe><\/td>\n<td style=\"width: 31%;\">\n<p style=\"text-align: center;\">Virginie Clos-Cot<b><br \/>\n<\/b>Secr\u00e9tariat<\/p>\n<p><iframe loading=\"lazy\" title=\"YouTube video player\" src=\"https:\/\/www.youtube-nocookie.com\/embed\/QQrdfr9LF9E\" width=\"250\" height=\"180\" frameborder=\"0\" allowfullscreen=\"allowfullscreen\"><\/iframe><\/td>\n<td style=\"width: 34.8571%; text-align: center;\">Thomas Poplimont<b><br \/>\n<\/b>Audioproth\u00e9siste<br \/>\n<iframe loading=\"lazy\" title=\"YouTube video player\" src=\"https:\/\/www.youtube-nocookie.com\/embed\/E7Q81YuFkRA\" width=\"250\" height=\"180\" frameborder=\"0\" allowfullscreen=\"allowfullscreen\"><span style=\"display: inline-block; width: 0px; overflow: hidden; line-height: 0;\" data-mce-type=\"bookmark\" class=\"mce_SELRES_start\">\ufeff<\/span><\/iframe><\/td>\n<\/tr>\n<tr>\n<td style=\"width: 34.1429%; text-align: center;\">Cl\u00e9mence Pasquier<b><br \/>\n<\/b>Audioproth\u00e9siste<br \/>\n<iframe loading=\"lazy\" title=\"YouTube video player\" src=\"https:\/\/www.youtube-nocookie.com\/embed\/gV1upUDz9JU\" width=\"250\" height=\"180\" frameborder=\"0\" allowfullscreen=\"allowfullscreen\"><\/iframe><\/td>\n<td style=\"width: 31%;\">\n<p style=\"text-align: center;\">M\u00e9lodie Deseunay<b><br \/>\n<\/b>Audioproth\u00e9siste<\/p>\n<p><iframe loading=\"lazy\" title=\"YouTube video player\" src=\"https:\/\/www.youtube-nocookie.com\/embed\/iOgnxGsxSMg\" width=\"250\" height=\"180\" frameborder=\"0\" allowfullscreen=\"allowfullscreen\"><span style=\"display: inline-block; width: 0px; overflow: hidden; line-height: 0;\" data-mce-type=\"bookmark\" class=\"mce_SELRES_start\">\ufeff<\/span><\/iframe><\/td>\n<td style=\"width: 34.8571%; text-align: center;\"><\/td>\n<\/tr>\n<\/tbody>\n<\/table>\n<p>&nbsp;<\/p>\n<p style=\"text-align: left;\"><img loading=\"lazy\" decoding=\"async\" class=\"aligncenter wp-image-8708\" src=\"\/\/www.auditionsolidarite.org\/wp-content\/uploads\/2022\/04\/copie-0_Rothschild_Avril_2022-57.jpg\" alt=\"\" width=\"500\" height=\"375\" srcset=\"https:\/\/www.auditionsolidarite.org\/wp-content\/uploads\/2022\/04\/copie-0_Rothschild_Avril_2022-57.jpg 1601w, https:\/\/www.auditionsolidarite.org\/wp-content\/uploads\/2022\/04\/copie-0_Rothschild_Avril_2022-57-300x225.jpg 300w, https:\/\/www.auditionsolidarite.org\/wp-content\/uploads\/2022\/04\/copie-0_Rothschild_Avril_2022-57-1024x768.jpg 1024w, https:\/\/www.auditionsolidarite.org\/wp-content\/uploads\/2022\/04\/copie-0_Rothschild_Avril_2022-57-768x576.jpg 768w, https:\/\/www.auditionsolidarite.org\/wp-content\/uploads\/2022\/04\/copie-0_Rothschild_Avril_2022-57-1536x1151.jpg 1536w\" sizes=\"(max-width: 500px) 100vw, 500px\" \/> <img loading=\"lazy\" decoding=\"async\" class=\"aligncenter wp-image-8709\" src=\"\/\/www.auditionsolidarite.org\/wp-content\/uploads\/2022\/04\/copie-0_Rothschild_Avril_2022-84.jpg\" alt=\"\" width=\"500\" height=\"375\" srcset=\"https:\/\/www.auditionsolidarite.org\/wp-content\/uploads\/2022\/04\/copie-0_Rothschild_Avril_2022-84.jpg 1601w, https:\/\/www.auditionsolidarite.org\/wp-content\/uploads\/2022\/04\/copie-0_Rothschild_Avril_2022-84-300x225.jpg 300w, https:\/\/www.auditionsolidarite.org\/wp-content\/uploads\/2022\/04\/copie-0_Rothschild_Avril_2022-84-1024x768.jpg 1024w, https:\/\/www.auditionsolidarite.org\/wp-content\/uploads\/2022\/04\/copie-0_Rothschild_Avril_2022-84-768x576.jpg 768w, https:\/\/www.auditionsolidarite.org\/wp-content\/uploads\/2022\/04\/copie-0_Rothschild_Avril_2022-84-1536x1151.jpg 1536w\" sizes=\"(max-width: 500px) 100vw, 500px\" \/><\/p>\n<p><b><img loading=\"lazy\" decoding=\"async\" class=\"aligncenter wp-image-8706\" src=\"\/\/www.auditionsolidarite.org\/wp-content\/uploads\/2022\/04\/copie-0_Paroisse_Saint-Marcel_2022-44.jpg\" alt=\"\" width=\"500\" height=\"375\" srcset=\"https:\/\/www.auditionsolidarite.org\/wp-content\/uploads\/2022\/04\/copie-0_Paroisse_Saint-Marcel_2022-44.jpg 1601w, https:\/\/www.auditionsolidarite.org\/wp-content\/uploads\/2022\/04\/copie-0_Paroisse_Saint-Marcel_2022-44-300x225.jpg 300w, https:\/\/www.auditionsolidarite.org\/wp-content\/uploads\/2022\/04\/copie-0_Paroisse_Saint-Marcel_2022-44-1024x768.jpg 1024w, https:\/\/www.auditionsolidarite.org\/wp-content\/uploads\/2022\/04\/copie-0_Paroisse_Saint-Marcel_2022-44-768x576.jpg 768w, https:\/\/www.auditionsolidarite.org\/wp-content\/uploads\/2022\/04\/copie-0_Paroisse_Saint-Marcel_2022-44-1536x1151.jpg 1536w\" sizes=\"(max-width: 500px) 100vw, 500px\" \/><\/b><\/p>\n<p><img loading=\"lazy\" decoding=\"async\" class=\"aligncenter wp-image-8705\" src=\"\/\/www.auditionsolidarite.org\/wp-content\/uploads\/2022\/04\/copie-0_Paroisse_Saint-Marcel_2022-30.jpg\" alt=\"\" width=\"500\" height=\"375\" srcset=\"https:\/\/www.auditionsolidarite.org\/wp-content\/uploads\/2022\/04\/copie-0_Paroisse_Saint-Marcel_2022-30.jpg 1601w, https:\/\/www.auditionsolidarite.org\/wp-content\/uploads\/2022\/04\/copie-0_Paroisse_Saint-Marcel_2022-30-300x225.jpg 300w, https:\/\/www.auditionsolidarite.org\/wp-content\/uploads\/2022\/04\/copie-0_Paroisse_Saint-Marcel_2022-30-1024x768.jpg 1024w, https:\/\/www.auditionsolidarite.org\/wp-content\/uploads\/2022\/04\/copie-0_Paroisse_Saint-Marcel_2022-30-768x576.jpg 768w, https:\/\/www.auditionsolidarite.org\/wp-content\/uploads\/2022\/04\/copie-0_Paroisse_Saint-Marcel_2022-30-1536x1151.jpg 1536w\" sizes=\"(max-width: 500px) 100vw, 500px\" \/><\/p>\n<p>&nbsp;","protected":false},"excerpt":{"rendered":"<p>5, 6, 7 et 8 avril 2022 : 4 jours de travail intense \u00e0 Paris ! Nous avons v\u00e9cu 4 jours \u00e0 un rythme effr\u00e9n\u00e9, les \u00e9motions se bousculent encore et les chiffres quant \u00e0 eux parlent d\u2019eux m\u00eame. Gr\u00e2ce au travail de tous les acteurs sociaux qui nous adressent les personnes d\u00e9munies, gr\u00e2ce aux Fondations qui nous soutiennent et<\/p>\n","protected":false},"author":2,"featured_media":0,"parent":0,"menu_order":0,"comment_status":"closed","ping_status":"closed","template":"","meta":{"footnotes":""},"acf":[],"yoast_head":"<!-- This site is optimized with the Yoast SEO plugin v21.9.1 - https:\/\/yoast.com\/wordpress\/plugins\/seo\/ -->\n<title>H\u00f4pital Rothschild &amp; Paroisse Saint-Marcel, Paris \u2013 avril 2022 - AuditionSolidarit\u00e9<\/title>\n<meta name=\"robots\" content=\"index, follow, max-snippet:-1, max-image-preview:large, max-video-preview:-1\" \/>\n<link rel=\"canonical\" href=\"https:\/\/www.auditionsolidarite.org\/fr\/hopital-rothschild-paroisse-saint-marcel-paris-avril-2022\/\" \/>\n<meta property=\"og:locale\" content=\"fr_FR\" \/>\n<meta property=\"og:type\" content=\"article\" \/>\n<meta property=\"og:title\" content=\"H\u00f4pital Rothschild &amp; Paroisse Saint-Marcel, Paris \u2013 avril 2022 - AuditionSolidarit\u00e9\" \/>\n<meta property=\"og:description\" content=\"5, 6, 7 et 8 avril 2022 : 4 jours de travail intense \u00e0 Paris ! Nous avons v\u00e9cu 4 jours \u00e0 un rythme effr\u00e9n\u00e9, les \u00e9motions se bousculent encore et les chiffres quant \u00e0 eux parlent d\u2019eux m\u00eame. Gr\u00e2ce au travail de tous les acteurs sociaux qui nous adressent les personnes d\u00e9munies, gr\u00e2ce aux Fondations qui nous soutiennent et\" \/>\n<meta property=\"og:url\" content=\"https:\/\/www.auditionsolidarite.org\/fr\/hopital-rothschild-paroisse-saint-marcel-paris-avril-2022\/\" \/>\n<meta property=\"og:site_name\" content=\"AuditionSolidarit\u00e9\" \/>\n<meta property=\"article:modified_time\" content=\"2022-10-14T14:30:14+00:00\" \/>\n<meta property=\"og:image\" content=\"https:\/\/www.auditionsolidarite.org\/wp-content\/uploads\/2015\/07\/logo-audition-solidarite-e1446132259721.png\" \/>\n\t<meta property=\"og:image:width\" content=\"600\" \/>\n\t<meta property=\"og:image:height\" content=\"593\" \/>\n\t<meta property=\"og:image:type\" content=\"image\/png\" \/>\n<meta name=\"twitter:card\" content=\"summary_large_image\" \/>\n<meta name=\"twitter:label1\" content=\"Dur\u00e9e de lecture estim\u00e9e\" \/>\n\t<meta name=\"twitter:data1\" content=\"3 minutes\" \/>\n<script type=\"application\/ld+json\" class=\"yoast-schema-graph\">{\"@context\":\"https:\/\/schema.org\",\"@graph\":[{\"@type\":\"WebPage\",\"@id\":\"https:\/\/www.auditionsolidarite.org\/fr\/hopital-rothschild-paroisse-saint-marcel-paris-avril-2022\/\",\"url\":\"https:\/\/www.auditionsolidarite.org\/fr\/hopital-rothschild-paroisse-saint-marcel-paris-avril-2022\/\",\"name\":\"H\u00f4pital Rothschild & Paroisse Saint-Marcel, Paris \u2013 avril 2022 - AuditionSolidarit\u00e9\",\"isPartOf\":{\"@id\":\"https:\/\/www.auditionsolidarite.org\/fr\/#website\"},\"datePublished\":\"2022-10-14T14:16:05+00:00\",\"dateModified\":\"2022-10-14T14:30:14+00:00\",\"breadcrumb\":{\"@id\":\"https:\/\/www.auditionsolidarite.org\/fr\/hopital-rothschild-paroisse-saint-marcel-paris-avril-2022\/#breadcrumb\"},\"inLanguage\":\"fr-FR\",\"potentialAction\":[{\"@type\":\"ReadAction\",\"target\":[[\"https:\/\/www.auditionsolidarite.org\/fr\/hopital-rothschild-paroisse-saint-marcel-paris-avril-2022\/\"]]}]},{\"@type\":\"BreadcrumbList\",\"@id\":\"https:\/\/www.auditionsolidarite.org\/fr\/hopital-rothschild-paroisse-saint-marcel-paris-avril-2022\/#breadcrumb\",\"itemListElement\":[{\"@type\":\"ListItem\",\"position\":1,\"name\":\"Accueil\",\"item\":\"https:\/\/www.auditionsolidarite.org\/fr\/\"},{\"@type\":\"ListItem\",\"position\":2,\"name\":\"H\u00f4pital Rothschild &#038; Paroisse Saint-Marcel, Paris \u2013 avril 2022\"}]},{\"@type\":\"WebSite\",\"@id\":\"https:\/\/www.auditionsolidarite.org\/fr\/#website\",\"url\":\"https:\/\/www.auditionsolidarite.org\/fr\/\",\"name\":\"AuditionSolidarit\u00e9\",\"description\":\"Le hasard n&#039;existe pas ! Si vous \u00eates l\u00e0 aujourd&#039;hui, c&#039;est que le monde de l&#039;audition vous touche... Alors merci d&#039;\u00eatre l\u00e0 !\",\"publisher\":{\"@id\":\"https:\/\/www.auditionsolidarite.org\/fr\/#organization\"},\"potentialAction\":[{\"@type\":\"SearchAction\",\"target\":{\"@type\":\"EntryPoint\",\"urlTemplate\":\"https:\/\/www.auditionsolidarite.org\/fr\/?s={search_term_string}\"},\"query-input\":\"required name=search_term_string\"}],\"inLanguage\":\"fr-FR\"},{\"@type\":\"Organization\",\"@id\":\"https:\/\/www.auditionsolidarite.org\/fr\/#organization\",\"name\":\"AuditionSolidarit\u00e9\",\"url\":\"https:\/\/www.auditionsolidarite.org\/fr\/\",\"logo\":{\"@type\":\"ImageObject\",\"inLanguage\":\"fr-FR\",\"@id\":\"https:\/\/www.auditionsolidarite.org\/fr\/#\/schema\/logo\/image\/\",\"url\":\"https:\/\/www.auditionsolidarite.org\/wp-content\/uploads\/2015\/07\/logo-audition-solidarite-e1446132259721.png\",\"contentUrl\":\"https:\/\/www.auditionsolidarite.org\/wp-content\/uploads\/2015\/07\/logo-audition-solidarite-e1446132259721.png\",\"width\":600,\"height\":593,\"caption\":\"AuditionSolidarit\u00e9\"},\"image\":{\"@id\":\"https:\/\/www.auditionsolidarite.org\/fr\/#\/schema\/logo\/image\/\"}}]}<\/script>\n<!-- \/ Yoast SEO plugin. -->","yoast_head_json":{"title":"H\u00f4pital Rothschild & Paroisse Saint-Marcel, Paris \u2013 avril 2022 - AuditionSolidarit\u00e9","robots":{"index":"index","follow":"follow","max-snippet":"max-snippet:-1","max-image-preview":"max-image-preview:large","max-video-preview":"max-video-preview:-1"},"canonical":"https:\/\/www.auditionsolidarite.org\/fr\/hopital-rothschild-paroisse-saint-marcel-paris-avril-2022\/","og_locale":"fr_FR","og_type":"article","og_title":"H\u00f4pital Rothschild & Paroisse Saint-Marcel, Paris \u2013 avril 2022 - AuditionSolidarit\u00e9","og_description":"5, 6, 7 et 8 avril 2022 : 4 jours de travail intense \u00e0 Paris ! Nous avons v\u00e9cu 4 jours \u00e0 un rythme effr\u00e9n\u00e9, les \u00e9motions se bousculent encore et les chiffres quant \u00e0 eux parlent d\u2019eux m\u00eame. Gr\u00e2ce au travail de tous les acteurs sociaux qui nous adressent les personnes d\u00e9munies, gr\u00e2ce aux Fondations qui nous soutiennent et","og_url":"https:\/\/www.auditionsolidarite.org\/fr\/hopital-rothschild-paroisse-saint-marcel-paris-avril-2022\/","og_site_name":"AuditionSolidarit\u00e9","article_modified_time":"2022-10-14T14:30:14+00:00","og_image":[{"width":600,"height":593,"url":"https:\/\/www.auditionsolidarite.org\/wp-content\/uploads\/2015\/07\/logo-audition-solidarite-e1446132259721.png","type":"image\/png"}],"twitter_card":"summary_large_image","twitter_misc":{"Dur\u00e9e de lecture estim\u00e9e":"3 minutes"},"schema":{"@context":"https:\/\/schema.org","@graph":[{"@type":"WebPage","@id":"https:\/\/www.auditionsolidarite.org\/fr\/hopital-rothschild-paroisse-saint-marcel-paris-avril-2022\/","url":"https:\/\/www.auditionsolidarite.org\/fr\/hopital-rothschild-paroisse-saint-marcel-paris-avril-2022\/","name":"H\u00f4pital Rothschild & Paroisse Saint-Marcel, Paris \u2013 avril 2022 - AuditionSolidarit\u00e9","isPartOf":{"@id":"https:\/\/www.auditionsolidarite.org\/fr\/#website"},"datePublished":"2022-10-14T14:16:05+00:00","dateModified":"2022-10-14T14:30:14+00:00","breadcrumb":{"@id":"https:\/\/www.auditionsolidarite.org\/fr\/hopital-rothschild-paroisse-saint-marcel-paris-avril-2022\/#breadcrumb"},"inLanguage":"fr-FR","potentialAction":[{"@type":"ReadAction","target":[["https:\/\/www.auditionsolidarite.org\/fr\/hopital-rothschild-paroisse-saint-marcel-paris-avril-2022\/"]]}]},{"@type":"BreadcrumbList","@id":"https:\/\/www.auditionsolidarite.org\/fr\/hopital-rothschild-paroisse-saint-marcel-paris-avril-2022\/#breadcrumb","itemListElement":[{"@type":"ListItem","position":1,"name":"Accueil","item":"https:\/\/www.auditionsolidarite.org\/fr\/"},{"@type":"ListItem","position":2,"name":"H\u00f4pital Rothschild &#038; Paroisse Saint-Marcel, Paris \u2013 avril 2022"}]},{"@type":"WebSite","@id":"https:\/\/www.auditionsolidarite.org\/fr\/#website","url":"https:\/\/www.auditionsolidarite.org\/fr\/","name":"AuditionSolidarit\u00e9","description":"Le hasard n&#039;existe pas ! Si vous \u00eates l\u00e0 aujourd&#039;hui, c&#039;est que le monde de l&#039;audition vous touche... Alors merci d&#039;\u00eatre l\u00e0 !","publisher":{"@id":"https:\/\/www.auditionsolidarite.org\/fr\/#organization"},"potentialAction":[{"@type":"SearchAction","target":{"@type":"EntryPoint","urlTemplate":"https:\/\/www.auditionsolidarite.org\/fr\/?s={search_term_string}"},"query-input":"required name=search_term_string"}],"inLanguage":"fr-FR"},{"@type":"Organization","@id":"https:\/\/www.auditionsolidarite.org\/fr\/#organization","name":"AuditionSolidarit\u00e9","url":"https:\/\/www.auditionsolidarite.org\/fr\/","logo":{"@type":"ImageObject","inLanguage":"fr-FR","@id":"https:\/\/www.auditionsolidarite.org\/fr\/#\/schema\/logo\/image\/","url":"https:\/\/www.auditionsolidarite.org\/wp-content\/uploads\/2015\/07\/logo-audition-solidarite-e1446132259721.png","contentUrl":"https:\/\/www.auditionsolidarite.org\/wp-content\/uploads\/2015\/07\/logo-audition-solidarite-e1446132259721.png","width":600,"height":593,"caption":"AuditionSolidarit\u00e9"},"image":{"@id":"https:\/\/www.auditionsolidarite.org\/fr\/#\/schema\/logo\/image\/"}}]}},"_links":{"self":[{"href":"https:\/\/www.auditionsolidarite.org\/fr\/wp-json\/wp\/v2\/pages\/9002"}],"collection":[{"href":"https:\/\/www.auditionsolidarite.org\/fr\/wp-json\/wp\/v2\/pages"}],"about":[{"href":"https:\/\/www.auditionsolidarite.org\/fr\/wp-json\/wp\/v2\/types\/page"}],"author":[{"embeddable":true,"href":"https:\/\/www.auditionsolidarite.org\/fr\/wp-json\/wp\/v2\/users\/2"}],"replies":[{"embeddable":true,"href":"https:\/\/www.auditionsolidarite.org\/fr\/wp-json\/wp\/v2\/comments?post=9002"}],"version-history":[{"count":1,"href":"https:\/\/www.auditionsolidarite.org\/fr\/wp-json\/wp\/v2\/pages\/9002\/revisions"}],"predecessor-version":[{"id":9003,"href":"https:\/\/www.auditionsolidarite.org\/fr\/wp-json\/wp\/v2\/pages\/9002\/revisions\/9003"}],"wp:attachment":[{"href":"https:\/\/www.auditionsolidarite.org\/fr\/wp-json\/wp\/v2\/media?parent=9002"}],"curies":[{"name":"wp","href":"https:\/\/api.w.org\/{rel}","templated":true}]}}