{"id":8973,"date":"2022-09-23T15:12:49","date_gmt":"2022-09-23T14:12:49","guid":{"rendered":"https:\/\/www.auditionsolidarite.org\/?page_id=8973"},"modified":"2022-09-23T15:12:49","modified_gmt":"2022-09-23T14:12:49","slug":"espace-entre-2-murs-marseille-mars-2022","status":"publish","type":"page","link":"https:\/\/www.auditionsolidarite.org\/fr\/espace-entre-2-murs-marseille-mars-2022\/","title":{"rendered":"Espace &#8216;Entre 2 Murs&#8217;, Marseille &#8211; Mars 2022"},"content":{"rendered":"<strong>1er et 2 mars 2022 : Premi\u00e8re mission de l&#8217;ann\u00e9e pour AuditionSolidarit\u00e9 et deuxi\u00e8me passage au sein de l&#8217;espace &#8216;Entre 2 Murs&#8217; \u00e0 Marseille dans le 5\u00e8me arrondissement. <b><br \/>\n<\/b><b><br \/>\n<\/b><\/strong><\/p>\n<p>Encore une belle mission avec de tr\u00e8s jolies rencontres et de beaux moments d&#8217;\u00e9changes.<\/p>\n<p><strong>34<\/strong> personnes d\u00e9munies sont venues \u00e0 notre rencontre sur ces deux jours de mission dont <strong>24<\/strong> personnes pour la 1<sup>\u00e8re<\/sup> fois. Au total, <strong>18<\/strong> personnes ont b\u00e9n\u00e9fici\u00e9 d\u2019un appareillage et <strong>31<\/strong> appareils auditifs ont \u00e9t\u00e9 adapt\u00e9s.<\/p>\n<p><b><br \/>\n<\/b>Un grand merci \u00e0 la Fondation Zephyr, \u00e0 la Fondation UP, \u00e0 la Fondation Veolia, \u00e0 la Fondation Caritas et \u00e0 la Fondation Swiss Life qui soutiennent cette action.<b><br \/>\n<\/b><b><br \/>\n<\/b>Merci aux audioproth\u00e9sistes : Barbara Vignard, Florian Caminet, Edouard Hedot, Lucile Faivre et Christine Bourger<b><br \/>\n<\/b>Merci \u00e0 l&#8217;ORL Sylvie Claudin<br \/>\nMerci \u00e0 l&#8217;orthophoniste Clotilde Faure<br \/>\nMerci pour la fabrication des embouts \u00e0 R\u00e9my Garrel<b><b><br \/>\n<\/b><\/b>Merci pour le secr\u00e9tariat et les gestes barri\u00e8res \u00e0 Pierre Musso<b><br \/>\n<\/b><b>\u00a0<\/b><b><br \/>\n<\/b>Retour \u00e0 Marseille le 13 et 14 septembre 2022 \u00e0 l&#8217;espace &#8216;Entre 2 murs.<b><b><br \/>\n<\/b><b><br \/>\n<\/b><\/b><b><b> <\/b> <b><\/b><\/b><b><\/b><strong><b><\/b><b><br \/>\n<\/b><b><\/b><\/strong><\/p>\n<p style=\"text-align: center;\"><strong>Interviews de l&#8217;\u00e9quipe<b><br \/>\n<\/b><\/strong><\/p>\n<table>\n<tbody>\n<tr>\n<td style=\"text-align: center;\">\u00c9douard Hedot &#8211; Audioproth\u00e9siste<b><br \/>\n<iframe loading=\"lazy\" title=\"YouTube video player\" src=\"https:\/\/www.youtube-nocookie.com\/embed\/P6w5q9h56mY\" width=\"250\" height=\"180\" frameborder=\"0\" allowfullscreen=\"allowfullscreen\"><\/iframe><br \/>\n<\/b><\/td>\n<td style=\"text-align: center;\">Barbara Vignard &#8211; Audioproth\u00e9siste<b><br \/>\n<iframe loading=\"lazy\" title=\"YouTube video player\" src=\"https:\/\/www.youtube-nocookie.com\/embed\/Dygp2KJS4UY\" width=\"250\" height=\"180\" frameborder=\"0\" allowfullscreen=\"allowfullscreen\"><\/iframe><br \/>\n<\/b><\/td>\n<\/tr>\n<tr>\n<td style=\"text-align: center;\">Pierre Musso &#8211; Secr\u00e9tariat<b><\/b><br \/>\n<iframe loading=\"lazy\" title=\"YouTube video player\" src=\"https:\/\/www.youtube-nocookie.com\/embed\/Q7-EaYSj-wM\" width=\"250\" height=\"180\" frameborder=\"0\" allowfullscreen=\"allowfullscreen\"><\/iframe><\/td>\n<td style=\"text-align: center;\">Florian Caminet &#8211; Audioproth\u00e9siste<br \/>\n<iframe loading=\"lazy\" title=\"YouTube video player\" src=\"https:\/\/www.youtube-nocookie.com\/embed\/UIbjy-j4DR4\" width=\"250\" height=\"180\" frameborder=\"0\" allowfullscreen=\"allowfullscreen\"><span style=\"display: inline-block; width: 0px; overflow: hidden; line-height: 0;\" data-mce-type=\"bookmark\" class=\"mce_SELRES_start\">\ufeff<\/span><\/iframe><\/td>\n<\/tr>\n<\/tbody>\n<\/table>\n<p><img loading=\"lazy\" decoding=\"async\" class=\"aligncenter wp-image-8659\" src=\"\/\/www.auditionsolidarite.org\/wp-content\/uploads\/2022\/03\/Marseille_Mars2022-9.jpg\" alt=\"\" width=\"500\" height=\"375\" srcset=\"https:\/\/www.auditionsolidarite.org\/wp-content\/uploads\/2022\/03\/Marseille_Mars2022-9.jpg 1601w, https:\/\/www.auditionsolidarite.org\/wp-content\/uploads\/2022\/03\/Marseille_Mars2022-9-300x225.jpg 300w, https:\/\/www.auditionsolidarite.org\/wp-content\/uploads\/2022\/03\/Marseille_Mars2022-9-1024x768.jpg 1024w, https:\/\/www.auditionsolidarite.org\/wp-content\/uploads\/2022\/03\/Marseille_Mars2022-9-768x576.jpg 768w, https:\/\/www.auditionsolidarite.org\/wp-content\/uploads\/2022\/03\/Marseille_Mars2022-9-1536x1151.jpg 1536w\" sizes=\"(max-width: 500px) 100vw, 500px\" \/> <img loading=\"lazy\" decoding=\"async\" class=\"aligncenter wp-image-8660\" src=\"\/\/www.auditionsolidarite.org\/wp-content\/uploads\/2022\/03\/Marseille_Mars2022-16.jpg\" alt=\"\" width=\"500\" height=\"375\" srcset=\"https:\/\/www.auditionsolidarite.org\/wp-content\/uploads\/2022\/03\/Marseille_Mars2022-16.jpg 1601w, https:\/\/www.auditionsolidarite.org\/wp-content\/uploads\/2022\/03\/Marseille_Mars2022-16-300x225.jpg 300w, https:\/\/www.auditionsolidarite.org\/wp-content\/uploads\/2022\/03\/Marseille_Mars2022-16-1024x768.jpg 1024w, https:\/\/www.auditionsolidarite.org\/wp-content\/uploads\/2022\/03\/Marseille_Mars2022-16-768x576.jpg 768w, https:\/\/www.auditionsolidarite.org\/wp-content\/uploads\/2022\/03\/Marseille_Mars2022-16-1536x1151.jpg 1536w\" sizes=\"(max-width: 500px) 100vw, 500px\" \/> <img loading=\"lazy\" decoding=\"async\" class=\"aligncenter wp-image-8661\" src=\"\/\/www.auditionsolidarite.org\/wp-content\/uploads\/2022\/03\/Marseille_Mars2022-29.jpg\" alt=\"\" width=\"500\" height=\"375\" srcset=\"https:\/\/www.auditionsolidarite.org\/wp-content\/uploads\/2022\/03\/Marseille_Mars2022-29.jpg 1601w, https:\/\/www.auditionsolidarite.org\/wp-content\/uploads\/2022\/03\/Marseille_Mars2022-29-300x225.jpg 300w, https:\/\/www.auditionsolidarite.org\/wp-content\/uploads\/2022\/03\/Marseille_Mars2022-29-1024x768.jpg 1024w, https:\/\/www.auditionsolidarite.org\/wp-content\/uploads\/2022\/03\/Marseille_Mars2022-29-768x576.jpg 768w, https:\/\/www.auditionsolidarite.org\/wp-content\/uploads\/2022\/03\/Marseille_Mars2022-29-1536x1151.jpg 1536w\" sizes=\"(max-width: 500px) 100vw, 500px\" \/>","protected":false},"excerpt":{"rendered":"<p>1er et 2 mars 2022 : Premi\u00e8re mission de l&#8217;ann\u00e9e pour AuditionSolidarit\u00e9 et deuxi\u00e8me passage au sein de l&#8217;espace &#8216;Entre 2 Murs&#8217; \u00e0 Marseille dans le 5\u00e8me arrondissement. Encore une belle mission avec de tr\u00e8s jolies rencontres et de beaux moments d&#8217;\u00e9changes. 34 personnes d\u00e9munies sont venues \u00e0 notre rencontre sur ces deux jours de mission dont 24 personnes pour<\/p>\n","protected":false},"author":2,"featured_media":0,"parent":0,"menu_order":0,"comment_status":"closed","ping_status":"closed","template":"","meta":{"footnotes":""},"acf":[],"yoast_head":"<!-- This site is optimized with the Yoast SEO plugin v21.9.1 - https:\/\/yoast.com\/wordpress\/plugins\/seo\/ -->\n<title>Espace &#039;Entre 2 Murs&#039;, Marseille - Mars 2022 - AuditionSolidarit\u00e9<\/title>\n<meta name=\"robots\" content=\"index, follow, max-snippet:-1, max-image-preview:large, max-video-preview:-1\" \/>\n<link rel=\"canonical\" href=\"https:\/\/www.auditionsolidarite.org\/fr\/espace-entre-2-murs-marseille-mars-2022\/\" \/>\n<meta property=\"og:locale\" content=\"fr_FR\" \/>\n<meta property=\"og:type\" content=\"article\" \/>\n<meta property=\"og:title\" content=\"Espace &#039;Entre 2 Murs&#039;, Marseille - Mars 2022 - AuditionSolidarit\u00e9\" \/>\n<meta property=\"og:description\" content=\"1er et 2 mars 2022 : Premi\u00e8re mission de l&#8217;ann\u00e9e pour AuditionSolidarit\u00e9 et deuxi\u00e8me passage au sein de l&#8217;espace &#8216;Entre 2 Murs&#8217; \u00e0 Marseille dans le 5\u00e8me arrondissement. Encore une belle mission avec de tr\u00e8s jolies rencontres et de beaux moments d&#8217;\u00e9changes. 34 personnes d\u00e9munies sont venues \u00e0 notre rencontre sur ces deux jours de mission dont 24 personnes pour\" \/>\n<meta property=\"og:url\" content=\"https:\/\/www.auditionsolidarite.org\/fr\/espace-entre-2-murs-marseille-mars-2022\/\" \/>\n<meta property=\"og:site_name\" content=\"AuditionSolidarit\u00e9\" \/>\n<meta property=\"og:image\" content=\"https:\/\/www.auditionsolidarite.org\/wp-content\/uploads\/2015\/07\/logo-audition-solidarite-e1446132259721.png\" \/>\n\t<meta property=\"og:image:width\" content=\"600\" \/>\n\t<meta property=\"og:image:height\" content=\"593\" \/>\n\t<meta property=\"og:image:type\" content=\"image\/png\" \/>\n<meta name=\"twitter:card\" content=\"summary_large_image\" \/>\n<meta name=\"twitter:label1\" content=\"Dur\u00e9e de lecture estim\u00e9e\" \/>\n\t<meta name=\"twitter:data1\" content=\"2 minutes\" \/>\n<script type=\"application\/ld+json\" class=\"yoast-schema-graph\">{\"@context\":\"https:\/\/schema.org\",\"@graph\":[{\"@type\":\"WebPage\",\"@id\":\"https:\/\/www.auditionsolidarite.org\/fr\/espace-entre-2-murs-marseille-mars-2022\/\",\"url\":\"https:\/\/www.auditionsolidarite.org\/fr\/espace-entre-2-murs-marseille-mars-2022\/\",\"name\":\"Espace 'Entre 2 Murs', Marseille - Mars 2022 - AuditionSolidarit\u00e9\",\"isPartOf\":{\"@id\":\"https:\/\/www.auditionsolidarite.org\/fr\/#website\"},\"datePublished\":\"2022-09-23T14:12:49+00:00\",\"dateModified\":\"2022-09-23T14:12:49+00:00\",\"breadcrumb\":{\"@id\":\"https:\/\/www.auditionsolidarite.org\/fr\/espace-entre-2-murs-marseille-mars-2022\/#breadcrumb\"},\"inLanguage\":\"fr-FR\",\"potentialAction\":[{\"@type\":\"ReadAction\",\"target\":[[\"https:\/\/www.auditionsolidarite.org\/fr\/espace-entre-2-murs-marseille-mars-2022\/\"]]}]},{\"@type\":\"BreadcrumbList\",\"@id\":\"https:\/\/www.auditionsolidarite.org\/fr\/espace-entre-2-murs-marseille-mars-2022\/#breadcrumb\",\"itemListElement\":[{\"@type\":\"ListItem\",\"position\":1,\"name\":\"Accueil\",\"item\":\"https:\/\/www.auditionsolidarite.org\/fr\/\"},{\"@type\":\"ListItem\",\"position\":2,\"name\":\"Espace &#8216;Entre 2 Murs&#8217;, Marseille &#8211; Mars 2022\"}]},{\"@type\":\"WebSite\",\"@id\":\"https:\/\/www.auditionsolidarite.org\/fr\/#website\",\"url\":\"https:\/\/www.auditionsolidarite.org\/fr\/\",\"name\":\"AuditionSolidarit\u00e9\",\"description\":\"Le hasard n&#039;existe pas ! Si vous \u00eates l\u00e0 aujourd&#039;hui, c&#039;est que le monde de l&#039;audition vous touche... Alors merci d&#039;\u00eatre l\u00e0 !\",\"publisher\":{\"@id\":\"https:\/\/www.auditionsolidarite.org\/fr\/#organization\"},\"potentialAction\":[{\"@type\":\"SearchAction\",\"target\":{\"@type\":\"EntryPoint\",\"urlTemplate\":\"https:\/\/www.auditionsolidarite.org\/fr\/?s={search_term_string}\"},\"query-input\":\"required name=search_term_string\"}],\"inLanguage\":\"fr-FR\"},{\"@type\":\"Organization\",\"@id\":\"https:\/\/www.auditionsolidarite.org\/fr\/#organization\",\"name\":\"AuditionSolidarit\u00e9\",\"url\":\"https:\/\/www.auditionsolidarite.org\/fr\/\",\"logo\":{\"@type\":\"ImageObject\",\"inLanguage\":\"fr-FR\",\"@id\":\"https:\/\/www.auditionsolidarite.org\/fr\/#\/schema\/logo\/image\/\",\"url\":\"https:\/\/www.auditionsolidarite.org\/wp-content\/uploads\/2015\/07\/logo-audition-solidarite-e1446132259721.png\",\"contentUrl\":\"https:\/\/www.auditionsolidarite.org\/wp-content\/uploads\/2015\/07\/logo-audition-solidarite-e1446132259721.png\",\"width\":600,\"height\":593,\"caption\":\"AuditionSolidarit\u00e9\"},\"image\":{\"@id\":\"https:\/\/www.auditionsolidarite.org\/fr\/#\/schema\/logo\/image\/\"}}]}<\/script>\n<!-- \/ Yoast SEO plugin. -->","yoast_head_json":{"title":"Espace 'Entre 2 Murs', Marseille - Mars 2022 - AuditionSolidarit\u00e9","robots":{"index":"index","follow":"follow","max-snippet":"max-snippet:-1","max-image-preview":"max-image-preview:large","max-video-preview":"max-video-preview:-1"},"canonical":"https:\/\/www.auditionsolidarite.org\/fr\/espace-entre-2-murs-marseille-mars-2022\/","og_locale":"fr_FR","og_type":"article","og_title":"Espace 'Entre 2 Murs', Marseille - Mars 2022 - AuditionSolidarit\u00e9","og_description":"1er et 2 mars 2022 : Premi\u00e8re mission de l&#8217;ann\u00e9e pour AuditionSolidarit\u00e9 et deuxi\u00e8me passage au sein de l&#8217;espace &#8216;Entre 2 Murs&#8217; \u00e0 Marseille dans le 5\u00e8me arrondissement. Encore une belle mission avec de tr\u00e8s jolies rencontres et de beaux moments d&#8217;\u00e9changes. 34 personnes d\u00e9munies sont venues \u00e0 notre rencontre sur ces deux jours de mission dont 24 personnes pour","og_url":"https:\/\/www.auditionsolidarite.org\/fr\/espace-entre-2-murs-marseille-mars-2022\/","og_site_name":"AuditionSolidarit\u00e9","og_image":[{"width":600,"height":593,"url":"https:\/\/www.auditionsolidarite.org\/wp-content\/uploads\/2015\/07\/logo-audition-solidarite-e1446132259721.png","type":"image\/png"}],"twitter_card":"summary_large_image","twitter_misc":{"Dur\u00e9e de lecture estim\u00e9e":"2 minutes"},"schema":{"@context":"https:\/\/schema.org","@graph":[{"@type":"WebPage","@id":"https:\/\/www.auditionsolidarite.org\/fr\/espace-entre-2-murs-marseille-mars-2022\/","url":"https:\/\/www.auditionsolidarite.org\/fr\/espace-entre-2-murs-marseille-mars-2022\/","name":"Espace 'Entre 2 Murs', Marseille - Mars 2022 - AuditionSolidarit\u00e9","isPartOf":{"@id":"https:\/\/www.auditionsolidarite.org\/fr\/#website"},"datePublished":"2022-09-23T14:12:49+00:00","dateModified":"2022-09-23T14:12:49+00:00","breadcrumb":{"@id":"https:\/\/www.auditionsolidarite.org\/fr\/espace-entre-2-murs-marseille-mars-2022\/#breadcrumb"},"inLanguage":"fr-FR","potentialAction":[{"@type":"ReadAction","target":[["https:\/\/www.auditionsolidarite.org\/fr\/espace-entre-2-murs-marseille-mars-2022\/"]]}]},{"@type":"BreadcrumbList","@id":"https:\/\/www.auditionsolidarite.org\/fr\/espace-entre-2-murs-marseille-mars-2022\/#breadcrumb","itemListElement":[{"@type":"ListItem","position":1,"name":"Accueil","item":"https:\/\/www.auditionsolidarite.org\/fr\/"},{"@type":"ListItem","position":2,"name":"Espace &#8216;Entre 2 Murs&#8217;, Marseille &#8211; Mars 2022"}]},{"@type":"WebSite","@id":"https:\/\/www.auditionsolidarite.org\/fr\/#website","url":"https:\/\/www.auditionsolidarite.org\/fr\/","name":"AuditionSolidarit\u00e9","description":"Le hasard n&#039;existe pas ! Si vous \u00eates l\u00e0 aujourd&#039;hui, c&#039;est que le monde de l&#039;audition vous touche... Alors merci d&#039;\u00eatre l\u00e0 !","publisher":{"@id":"https:\/\/www.auditionsolidarite.org\/fr\/#organization"},"potentialAction":[{"@type":"SearchAction","target":{"@type":"EntryPoint","urlTemplate":"https:\/\/www.auditionsolidarite.org\/fr\/?s={search_term_string}"},"query-input":"required name=search_term_string"}],"inLanguage":"fr-FR"},{"@type":"Organization","@id":"https:\/\/www.auditionsolidarite.org\/fr\/#organization","name":"AuditionSolidarit\u00e9","url":"https:\/\/www.auditionsolidarite.org\/fr\/","logo":{"@type":"ImageObject","inLanguage":"fr-FR","@id":"https:\/\/www.auditionsolidarite.org\/fr\/#\/schema\/logo\/image\/","url":"https:\/\/www.auditionsolidarite.org\/wp-content\/uploads\/2015\/07\/logo-audition-solidarite-e1446132259721.png","contentUrl":"https:\/\/www.auditionsolidarite.org\/wp-content\/uploads\/2015\/07\/logo-audition-solidarite-e1446132259721.png","width":600,"height":593,"caption":"AuditionSolidarit\u00e9"},"image":{"@id":"https:\/\/www.auditionsolidarite.org\/fr\/#\/schema\/logo\/image\/"}}]}},"_links":{"self":[{"href":"https:\/\/www.auditionsolidarite.org\/fr\/wp-json\/wp\/v2\/pages\/8973"}],"collection":[{"href":"https:\/\/www.auditionsolidarite.org\/fr\/wp-json\/wp\/v2\/pages"}],"about":[{"href":"https:\/\/www.auditionsolidarite.org\/fr\/wp-json\/wp\/v2\/types\/page"}],"author":[{"embeddable":true,"href":"https:\/\/www.auditionsolidarite.org\/fr\/wp-json\/wp\/v2\/users\/2"}],"replies":[{"embeddable":true,"href":"https:\/\/www.auditionsolidarite.org\/fr\/wp-json\/wp\/v2\/comments?post=8973"}],"version-history":[{"count":1,"href":"https:\/\/www.auditionsolidarite.org\/fr\/wp-json\/wp\/v2\/pages\/8973\/revisions"}],"predecessor-version":[{"id":8974,"href":"https:\/\/www.auditionsolidarite.org\/fr\/wp-json\/wp\/v2\/pages\/8973\/revisions\/8974"}],"wp:attachment":[{"href":"https:\/\/www.auditionsolidarite.org\/fr\/wp-json\/wp\/v2\/media?parent=8973"}],"curies":[{"name":"wp","href":"https:\/\/api.w.org\/{rel}","templated":true}]}}