{"id":8897,"date":"2022-07-15T10:26:49","date_gmt":"2022-07-15T09:26:49","guid":{"rendered":"https:\/\/www.auditionsolidarite.org\/?page_id=8897"},"modified":"2022-07-18T10:04:40","modified_gmt":"2022-07-18T09:04:40","slug":"teasers-ouie-a-la-protection-auditive-cmdbo","status":"publish","type":"page","link":"https:\/\/www.auditionsolidarite.org\/fr\/teasers-ouie-a-la-protection-auditive-cmdbo\/","title":{"rendered":"Teasers &#8211; Ou\u00efe \u00e0 la protection auditive &#8211; CMdBO"},"content":{"rendered":"<table style=\"border-collapse: collapse; width: 100%;\" border=\"1\">\n<tbody>\n<tr>\n<td style=\"width: 33.3333%;\">\n<p style=\"text-align: left;\">Teaser 1<\/p>\n<div style=\"width: 300px;\" class=\"wp-video\"><!--[if lt IE 9]><script>document.createElement('video');<\/script><![endif]-->\n<video class=\"wp-video-shortcode\" id=\"video-8897-1\" width=\"300\" height=\"300\" preload=\"metadata\" controls=\"controls\"><source type=\"video\/mp4\" src=\"https:\/\/www.auditionsolidarite.org\/wp-content\/uploads\/2022\/07\/Teaser-1-Bouchons-standards-OK.mp4?_=1\" \/><a href=\"https:\/\/www.auditionsolidarite.org\/wp-content\/uploads\/2022\/07\/Teaser-1-Bouchons-standards-OK.mp4\">https:\/\/www.auditionsolidarite.org\/wp-content\/uploads\/2022\/07\/Teaser-1-Bouchons-standards-OK.mp4<\/a><\/video><\/div><\/td>\n<td style=\"width: 33.3333%;\">\n<p style=\"text-align: left;\">Teaser 2<\/p>\n<div style=\"width: 300px;\" class=\"wp-video\"><video class=\"wp-video-shortcode\" id=\"video-8897-2\" width=\"300\" height=\"300\" preload=\"metadata\" controls=\"controls\"><source type=\"video\/mp4\" src=\"https:\/\/www.auditionsolidarite.org\/wp-content\/uploads\/2022\/07\/Teaser-2-Ouie-a-la-protection-OK.mp4?_=2\" \/><a href=\"https:\/\/www.auditionsolidarite.org\/wp-content\/uploads\/2022\/07\/Teaser-2-Ouie-a-la-protection-OK.mp4\">https:\/\/www.auditionsolidarite.org\/wp-content\/uploads\/2022\/07\/Teaser-2-Ouie-a-la-protection-OK.mp4<\/a><\/video><\/div><\/td>\n<\/tr>\n<tr>\n<td style=\"width: 33.3333%;\">\n<p style=\"text-align: left;\">Teaser 3<\/p>\n<div style=\"width: 300px;\" class=\"wp-video\"><video class=\"wp-video-shortcode\" id=\"video-8897-3\" width=\"300\" height=\"300\" preload=\"metadata\" controls=\"controls\"><source type=\"video\/mp4\" src=\"https:\/\/www.auditionsolidarite.org\/wp-content\/uploads\/2022\/07\/Teaser-3-Ouie-a-la-protection-OK.mp4?_=3\" \/><a href=\"https:\/\/www.auditionsolidarite.org\/wp-content\/uploads\/2022\/07\/Teaser-3-Ouie-a-la-protection-OK.mp4\">https:\/\/www.auditionsolidarite.org\/wp-content\/uploads\/2022\/07\/Teaser-3-Ouie-a-la-protection-OK.mp4<\/a><\/video><\/div><\/td>\n<td style=\"width: 33.3333%;\">Teaser 4<\/p>\n<div style=\"width: 300px;\" class=\"wp-video\"><video class=\"wp-video-shortcode\" id=\"video-8897-4\" width=\"300\" height=\"150\" preload=\"metadata\" controls=\"controls\"><source type=\"video\/mp4\" src=\"https:\/\/www.auditionsolidarite.org\/wp-content\/uploads\/2022\/07\/Ouie-...-a-la-protection-Teaser-4.mp4?_=4\" \/><a href=\"https:\/\/www.auditionsolidarite.org\/wp-content\/uploads\/2022\/07\/Ouie-...-a-la-protection-Teaser-4.mp4\">https:\/\/www.auditionsolidarite.org\/wp-content\/uploads\/2022\/07\/Ouie-...-a-la-protection-Teaser-4.mp4<\/a><\/video><\/div><\/td>\n<\/tr>\n<tr>\n<td style=\"width: 33.3333%;\">\n<p style=\"text-align: left;\">Teaser 5<\/p>\n<div style=\"width: 300px;\" class=\"wp-video\"><video class=\"wp-video-shortcode\" id=\"video-8897-5\" width=\"300\" height=\"300\" preload=\"metadata\" controls=\"controls\"><source type=\"video\/mp4\" src=\"https:\/\/www.auditionsolidarite.org\/wp-content\/uploads\/2022\/07\/Ouie...-a-la-protection-Teaser-5-OK.mp4?_=5\" \/><a href=\"https:\/\/www.auditionsolidarite.org\/wp-content\/uploads\/2022\/07\/Ouie...-a-la-protection-Teaser-5-OK.mp4\">https:\/\/www.auditionsolidarite.org\/wp-content\/uploads\/2022\/07\/Ouie...-a-la-protection-Teaser-5-OK.mp4<\/a><\/video><\/div><\/td>\n<td style=\"width: 33.3333%;\">\n<p style=\"text-align: center;\">\n<\/td>\n<\/tr>\n<\/tbody>\n<\/table>\n<p><a href=\"\/\/www.auditionsolidarite.org\/wp-content\/uploads\/2022\/07\/cmdbo-fond-bleu.jpg\"><img loading=\"lazy\" decoding=\"async\" class=\"aligncenter wp-image-8902\" src=\"\/\/www.auditionsolidarite.org\/wp-content\/uploads\/2022\/07\/cmdbo-fond-bleu.jpg\" alt=\"\" width=\"100\" height=\"99\" srcset=\"https:\/\/www.auditionsolidarite.org\/wp-content\/uploads\/2022\/07\/cmdbo-fond-bleu.jpg 1211w, https:\/\/www.auditionsolidarite.org\/wp-content\/uploads\/2022\/07\/cmdbo-fond-bleu-300x297.jpg 300w, https:\/\/www.auditionsolidarite.org\/wp-content\/uploads\/2022\/07\/cmdbo-fond-bleu-1024x1015.jpg 1024w, https:\/\/www.auditionsolidarite.org\/wp-content\/uploads\/2022\/07\/cmdbo-fond-bleu-150x150.jpg 150w, https:\/\/www.auditionsolidarite.org\/wp-content\/uploads\/2022\/07\/cmdbo-fond-bleu-768x761.jpg 768w, https:\/\/www.auditionsolidarite.org\/wp-content\/uploads\/2022\/07\/cmdbo-fond-bleu-90x90.jpg 90w, https:\/\/www.auditionsolidarite.org\/wp-content\/uploads\/2022\/07\/cmdbo-fond-bleu-75x75.jpg 75w\" sizes=\"(max-width: 100px) 100vw, 100px\" \/><\/a>","protected":false},"excerpt":{"rendered":"<p>Teaser 1 Teaser 2 Teaser 3 Teaser 4 Teaser 5<\/p>\n","protected":false},"author":2,"featured_media":0,"parent":0,"menu_order":0,"comment_status":"closed","ping_status":"closed","template":"","meta":{"footnotes":""},"acf":[],"yoast_head":"<!-- This site is optimized with the Yoast SEO plugin v21.9.1 - https:\/\/yoast.com\/wordpress\/plugins\/seo\/ -->\n<title>Teasers - Ou\u00efe \u00e0 la protection auditive - CMdBO - AuditionSolidarit\u00e9<\/title>\n<meta name=\"robots\" content=\"index, follow, max-snippet:-1, max-image-preview:large, max-video-preview:-1\" \/>\n<link rel=\"canonical\" href=\"https:\/\/www.auditionsolidarite.org\/fr\/teasers-ouie-a-la-protection-auditive-cmdbo\/\" \/>\n<meta property=\"og:locale\" content=\"fr_FR\" \/>\n<meta property=\"og:type\" content=\"article\" \/>\n<meta property=\"og:title\" content=\"Teasers - Ou\u00efe \u00e0 la protection auditive - CMdBO - AuditionSolidarit\u00e9\" \/>\n<meta property=\"og:description\" content=\"Teaser 1 Teaser 2 Teaser 3 Teaser 4 Teaser 5\" \/>\n<meta property=\"og:url\" content=\"https:\/\/www.auditionsolidarite.org\/fr\/teasers-ouie-a-la-protection-auditive-cmdbo\/\" \/>\n<meta property=\"og:site_name\" content=\"AuditionSolidarit\u00e9\" \/>\n<meta property=\"article:modified_time\" content=\"2022-07-18T09:04:40+00:00\" \/>\n<meta property=\"og:image\" content=\"https:\/\/www.auditionsolidarite.org\/wp-content\/uploads\/2015\/07\/logo-audition-solidarite-e1446132259721.png\" \/>\n\t<meta property=\"og:image:width\" content=\"600\" \/>\n\t<meta property=\"og:image:height\" content=\"593\" \/>\n\t<meta property=\"og:image:type\" content=\"image\/png\" \/>\n<meta name=\"twitter:card\" content=\"summary_large_image\" \/>\n<meta name=\"twitter:label1\" content=\"Dur\u00e9e de lecture estim\u00e9e\" \/>\n\t<meta name=\"twitter:data1\" content=\"1 minute\" \/>\n<script type=\"application\/ld+json\" class=\"yoast-schema-graph\">{\"@context\":\"https:\/\/schema.org\",\"@graph\":[{\"@type\":\"WebPage\",\"@id\":\"https:\/\/www.auditionsolidarite.org\/fr\/teasers-ouie-a-la-protection-auditive-cmdbo\/\",\"url\":\"https:\/\/www.auditionsolidarite.org\/fr\/teasers-ouie-a-la-protection-auditive-cmdbo\/\",\"name\":\"Teasers - Ou\u00efe \u00e0 la protection auditive - CMdBO - AuditionSolidarit\u00e9\",\"isPartOf\":{\"@id\":\"https:\/\/www.auditionsolidarite.org\/fr\/#website\"},\"datePublished\":\"2022-07-15T09:26:49+00:00\",\"dateModified\":\"2022-07-18T09:04:40+00:00\",\"breadcrumb\":{\"@id\":\"https:\/\/www.auditionsolidarite.org\/fr\/teasers-ouie-a-la-protection-auditive-cmdbo\/#breadcrumb\"},\"inLanguage\":\"fr-FR\",\"potentialAction\":[{\"@type\":\"ReadAction\",\"target\":[[\"https:\/\/www.auditionsolidarite.org\/fr\/teasers-ouie-a-la-protection-auditive-cmdbo\/\"]]}]},{\"@type\":\"BreadcrumbList\",\"@id\":\"https:\/\/www.auditionsolidarite.org\/fr\/teasers-ouie-a-la-protection-auditive-cmdbo\/#breadcrumb\",\"itemListElement\":[{\"@type\":\"ListItem\",\"position\":1,\"name\":\"Accueil\",\"item\":\"https:\/\/www.auditionsolidarite.org\/fr\/\"},{\"@type\":\"ListItem\",\"position\":2,\"name\":\"Teasers &#8211; Ou\u00efe \u00e0 la protection auditive &#8211; CMdBO\"}]},{\"@type\":\"WebSite\",\"@id\":\"https:\/\/www.auditionsolidarite.org\/fr\/#website\",\"url\":\"https:\/\/www.auditionsolidarite.org\/fr\/\",\"name\":\"AuditionSolidarit\u00e9\",\"description\":\"Le hasard n&#039;existe pas ! Si vous \u00eates l\u00e0 aujourd&#039;hui, c&#039;est que le monde de l&#039;audition vous touche... Alors merci d&#039;\u00eatre l\u00e0 !\",\"publisher\":{\"@id\":\"https:\/\/www.auditionsolidarite.org\/fr\/#organization\"},\"potentialAction\":[{\"@type\":\"SearchAction\",\"target\":{\"@type\":\"EntryPoint\",\"urlTemplate\":\"https:\/\/www.auditionsolidarite.org\/fr\/?s={search_term_string}\"},\"query-input\":\"required name=search_term_string\"}],\"inLanguage\":\"fr-FR\"},{\"@type\":\"Organization\",\"@id\":\"https:\/\/www.auditionsolidarite.org\/fr\/#organization\",\"name\":\"AuditionSolidarit\u00e9\",\"url\":\"https:\/\/www.auditionsolidarite.org\/fr\/\",\"logo\":{\"@type\":\"ImageObject\",\"inLanguage\":\"fr-FR\",\"@id\":\"https:\/\/www.auditionsolidarite.org\/fr\/#\/schema\/logo\/image\/\",\"url\":\"https:\/\/www.auditionsolidarite.org\/wp-content\/uploads\/2015\/07\/logo-audition-solidarite-e1446132259721.png\",\"contentUrl\":\"https:\/\/www.auditionsolidarite.org\/wp-content\/uploads\/2015\/07\/logo-audition-solidarite-e1446132259721.png\",\"width\":600,\"height\":593,\"caption\":\"AuditionSolidarit\u00e9\"},\"image\":{\"@id\":\"https:\/\/www.auditionsolidarite.org\/fr\/#\/schema\/logo\/image\/\"}}]}<\/script>\n<!-- \/ Yoast SEO plugin. -->","yoast_head_json":{"title":"Teasers - Ou\u00efe \u00e0 la protection auditive - CMdBO - AuditionSolidarit\u00e9","robots":{"index":"index","follow":"follow","max-snippet":"max-snippet:-1","max-image-preview":"max-image-preview:large","max-video-preview":"max-video-preview:-1"},"canonical":"https:\/\/www.auditionsolidarite.org\/fr\/teasers-ouie-a-la-protection-auditive-cmdbo\/","og_locale":"fr_FR","og_type":"article","og_title":"Teasers - Ou\u00efe \u00e0 la protection auditive - CMdBO - AuditionSolidarit\u00e9","og_description":"Teaser 1 Teaser 2 Teaser 3 Teaser 4 Teaser 5","og_url":"https:\/\/www.auditionsolidarite.org\/fr\/teasers-ouie-a-la-protection-auditive-cmdbo\/","og_site_name":"AuditionSolidarit\u00e9","article_modified_time":"2022-07-18T09:04:40+00:00","og_image":[{"width":600,"height":593,"url":"https:\/\/www.auditionsolidarite.org\/wp-content\/uploads\/2015\/07\/logo-audition-solidarite-e1446132259721.png","type":"image\/png"}],"twitter_card":"summary_large_image","twitter_misc":{"Dur\u00e9e de lecture estim\u00e9e":"1 minute"},"schema":{"@context":"https:\/\/schema.org","@graph":[{"@type":"WebPage","@id":"https:\/\/www.auditionsolidarite.org\/fr\/teasers-ouie-a-la-protection-auditive-cmdbo\/","url":"https:\/\/www.auditionsolidarite.org\/fr\/teasers-ouie-a-la-protection-auditive-cmdbo\/","name":"Teasers - Ou\u00efe \u00e0 la protection auditive - CMdBO - AuditionSolidarit\u00e9","isPartOf":{"@id":"https:\/\/www.auditionsolidarite.org\/fr\/#website"},"datePublished":"2022-07-15T09:26:49+00:00","dateModified":"2022-07-18T09:04:40+00:00","breadcrumb":{"@id":"https:\/\/www.auditionsolidarite.org\/fr\/teasers-ouie-a-la-protection-auditive-cmdbo\/#breadcrumb"},"inLanguage":"fr-FR","potentialAction":[{"@type":"ReadAction","target":[["https:\/\/www.auditionsolidarite.org\/fr\/teasers-ouie-a-la-protection-auditive-cmdbo\/"]]}]},{"@type":"BreadcrumbList","@id":"https:\/\/www.auditionsolidarite.org\/fr\/teasers-ouie-a-la-protection-auditive-cmdbo\/#breadcrumb","itemListElement":[{"@type":"ListItem","position":1,"name":"Accueil","item":"https:\/\/www.auditionsolidarite.org\/fr\/"},{"@type":"ListItem","position":2,"name":"Teasers &#8211; Ou\u00efe \u00e0 la protection auditive &#8211; CMdBO"}]},{"@type":"WebSite","@id":"https:\/\/www.auditionsolidarite.org\/fr\/#website","url":"https:\/\/www.auditionsolidarite.org\/fr\/","name":"AuditionSolidarit\u00e9","description":"Le hasard n&#039;existe pas ! Si vous \u00eates l\u00e0 aujourd&#039;hui, c&#039;est que le monde de l&#039;audition vous touche... Alors merci d&#039;\u00eatre l\u00e0 !","publisher":{"@id":"https:\/\/www.auditionsolidarite.org\/fr\/#organization"},"potentialAction":[{"@type":"SearchAction","target":{"@type":"EntryPoint","urlTemplate":"https:\/\/www.auditionsolidarite.org\/fr\/?s={search_term_string}"},"query-input":"required name=search_term_string"}],"inLanguage":"fr-FR"},{"@type":"Organization","@id":"https:\/\/www.auditionsolidarite.org\/fr\/#organization","name":"AuditionSolidarit\u00e9","url":"https:\/\/www.auditionsolidarite.org\/fr\/","logo":{"@type":"ImageObject","inLanguage":"fr-FR","@id":"https:\/\/www.auditionsolidarite.org\/fr\/#\/schema\/logo\/image\/","url":"https:\/\/www.auditionsolidarite.org\/wp-content\/uploads\/2015\/07\/logo-audition-solidarite-e1446132259721.png","contentUrl":"https:\/\/www.auditionsolidarite.org\/wp-content\/uploads\/2015\/07\/logo-audition-solidarite-e1446132259721.png","width":600,"height":593,"caption":"AuditionSolidarit\u00e9"},"image":{"@id":"https:\/\/www.auditionsolidarite.org\/fr\/#\/schema\/logo\/image\/"}}]}},"_links":{"self":[{"href":"https:\/\/www.auditionsolidarite.org\/fr\/wp-json\/wp\/v2\/pages\/8897"}],"collection":[{"href":"https:\/\/www.auditionsolidarite.org\/fr\/wp-json\/wp\/v2\/pages"}],"about":[{"href":"https:\/\/www.auditionsolidarite.org\/fr\/wp-json\/wp\/v2\/types\/page"}],"author":[{"embeddable":true,"href":"https:\/\/www.auditionsolidarite.org\/fr\/wp-json\/wp\/v2\/users\/2"}],"replies":[{"embeddable":true,"href":"https:\/\/www.auditionsolidarite.org\/fr\/wp-json\/wp\/v2\/comments?post=8897"}],"version-history":[{"count":3,"href":"https:\/\/www.auditionsolidarite.org\/fr\/wp-json\/wp\/v2\/pages\/8897\/revisions"}],"predecessor-version":[{"id":8922,"href":"https:\/\/www.auditionsolidarite.org\/fr\/wp-json\/wp\/v2\/pages\/8897\/revisions\/8922"}],"wp:attachment":[{"href":"https:\/\/www.auditionsolidarite.org\/fr\/wp-json\/wp\/v2\/media?parent=8897"}],"curies":[{"name":"wp","href":"https:\/\/api.w.org\/{rel}","templated":true}]}}