{"id":8657,"date":"2022-03-15T10:26:15","date_gmt":"2022-03-15T09:26:15","guid":{"rendered":"https:\/\/www.auditionsolidarite.org\/?page_id=8657"},"modified":"2022-03-15T10:26:15","modified_gmt":"2022-03-15T09:26:15","slug":"espace-entre-2-murs-marseille-septembre-2021","status":"publish","type":"page","link":"https:\/\/www.auditionsolidarite.org\/fr\/espace-entre-2-murs-marseille-septembre-2021\/","title":{"rendered":"Espace &#8216;Entre 2 Murs&#8217;, Marseille &#8211; Septembre 2021"},"content":{"rendered":"<strong>14 et 15 septembre : retour \u00e0 Marseille pour l&#8217;\u00e9quipe d&#8217;AuditionSolidarit\u00e9 apr\u00e8s un an et demi de pause forc\u00e9e due \u00e0 la crise sanitaire. Changement de lieu pour cette reprise d&#8217;activit\u00e9 dans la cit\u00e9 phoc\u00e9enne, AuditionSolidarit\u00e9 \u00e9tait dans les locaux de l&#8217;espace &#8216;Entre 2 murs&#8217; dans le 5\u00e8me arrondissement. <b><br \/>\n<\/b><b><br \/>\n<\/b><\/strong><\/p>\n<p><span class=\"d2edcug0 hpfvmrgz qv66sw1b c1et5uql lr9zc1uh a8c37x1j keod5gw0 nxhoafnm aigsh9s9 d3f4x2em fe6kdd0r mau55g9w c8b282yb iv3no6db jq4qci2q a3bd9o3v b1v8xokw oo9gr5id hzawbc8m\" dir=\"auto\">L&#8217;attente \u00e9tait forte autant pour les b\u00e9n\u00e9ficiaires que pour l&#8217;\u00e9quipe d&#8217;AuditionSolidarit\u00e9, quel plaisir d&#8217;\u00eatre de retour \u00e0 Marseille<\/span>. <strong>30<\/strong> personnes d\u00e9munies sont venues \u00e0 notre rencontre sur ces deux jours de mission dont <strong>20<\/strong> personnes pour la 1<sup>\u00e8re<\/sup> fois. Au total, <strong>22<\/strong> personnes ont b\u00e9n\u00e9fici\u00e9 d\u2019un appareillage et <strong>40<\/strong> appareils auditifs ont \u00e9t\u00e9 adapt\u00e9s.<\/p>\n<p><b><br \/>\n<\/b>Un grand merci \u00e0 la Fondation Zephyr, \u00e0 La Fondation Sarepta, \u00e0 la Fondation Tolot, \u00e0 la Fondation UP, \u00e0 la Fondation NEHS, \u00e0 la Fondation Veolia, \u00e0 la Fondation Caritas, \u00e0 la Fondation Petits Fr\u00e8res des Pauvres et \u00e0 la Fondation Swiss Life qui soutiennent cette action.<b><br \/>\n<\/b><b><br \/>\n<\/b>Merci aux audioproth\u00e9sistes : S\u00e9bastien Raclot, Cyril Molinary, Stella Gr\u00e9goire, Peggy Sartelet et Christine Bourger<b><br \/>\n<\/b>Merci \u00e0 l&#8217;ORL Luc Moulonguet,<br \/>\nMerci \u00e0 l&#8217;orthophoniste Claire Barilly<br \/>\nMerci pour la fabrication des embouts Lucile Faivre<b><b><br \/>\n<\/b><\/b>Merci pour le secr\u00e9tariat et les gestes barri\u00e8res \u00e0 Erwan Morel et Val\u00e9rie Izzo (Fondation UP)<b><br \/>\n<\/b><b> <\/b><b><br \/>\n<\/b>Retour \u00e0 Marseille le 1er et 2 mars 2022 \u00e0 l&#8217;espace &#8216;Entre 2 murs.<b><b><br \/>\n<\/b><b><br \/>\n<\/b><\/b><b><b> <\/b> <b><\/b><\/b><b><\/b><strong><b><\/b><b><br \/>\n<\/b><b><\/b><\/strong><\/p>\n<p style=\"text-align: center;\"><strong>Interviews de l&#8217;\u00e9quipe<\/strong><\/p>\n<table style=\"width: 699px;\">\n<tbody>\n<tr>\n<td style=\"text-align: center; width: 334px;\">Cyril Molinary <b><br \/>\n<\/b><em>Audioproth\u00e9siste<\/em><b><br \/>\n<iframe loading=\"lazy\" title=\"YouTube video player\" src=\"https:\/\/www.youtube-nocookie.com\/embed\/UFyqohKmxWQ\" width=\"250\" height=\"180\" frameborder=\"0\" allowfullscreen=\"allowfullscreen\"><span style=\"display: inline-block; width: 0px; overflow: hidden; line-height: 0;\" data-mce-type=\"bookmark\" class=\"mce_SELRES_start\">\ufeff<\/span><\/iframe><br \/>\n<\/b><\/td>\n<td style=\"text-align: center; width: 335px;\">Peggy Sartelet<b><br \/>\n<\/b><em>Audioproth\u00e9siste<\/em><b><br \/>\n<iframe loading=\"lazy\" title=\"YouTube video player\" src=\"https:\/\/www.youtube-nocookie.com\/embed\/41v2_RaUedw\" width=\"250\" height=\"180\" frameborder=\"0\" allowfullscreen=\"allowfullscreen\"><\/iframe><br \/>\n<\/b><\/td>\n<td style=\"width: 335px; text-align: center;\">S\u00e9bastien Raclot <b><br \/>\n<\/b><em>Audioproth\u00e9siste<\/em><br \/>\n<iframe loading=\"lazy\" title=\"YouTube video player\" src=\"https:\/\/www.youtube-nocookie.com\/embed\/3VocOrb6KjQ\" width=\"250\" height=\"180\" frameborder=\"0\" allowfullscreen=\"allowfullscreen\"><span style=\"display: inline-block; width: 0px; overflow: hidden; line-height: 0;\" data-mce-type=\"bookmark\" class=\"mce_SELRES_start\">\ufeff<\/span><\/iframe><\/td>\n<\/tr>\n<tr>\n<td style=\"text-align: center; width: 334px;\">Stella Gr\u00e9goire <b><br \/>\n<\/b><em>Audioproth\u00e9siste<\/em><br \/>\n<iframe loading=\"lazy\" title=\"YouTube video player\" src=\"https:\/\/www.youtube-nocookie.com\/embed\/YKoCfR48ioI\" width=\"250\" height=\"180\" frameborder=\"0\" allowfullscreen=\"allowfullscreen\"><\/iframe><\/td>\n<td style=\"text-align: center; width: 335px;\">Erwan Morel<b><br \/>\n<\/b><em>Secr\u00e9tariat<\/em><br \/>\n<iframe loading=\"lazy\" title=\"YouTube video player\" src=\"https:\/\/www.youtube-nocookie.com\/embed\/47Y1zVWiJpI\" width=\"250\" height=\"180\" frameborder=\"0\" allowfullscreen=\"allowfullscreen\"><span style=\"display: inline-block; width: 0px; overflow: hidden; line-height: 0;\" data-mce-type=\"bookmark\" class=\"mce_SELRES_start\">\ufeff<\/span><\/iframe><\/td>\n<td style=\"text-align: center; width: 335px;\">Val\u00e9rie Izzo<b><br \/>\n<\/b><em>Secr\u00e9tariat<\/em><b><br \/>\n<\/b><iframe loading=\"lazy\" title=\"YouTube video player\" src=\"https:\/\/www.youtube-nocookie.com\/embed\/nESuyLh7eP0\" width=\"250\" height=\"180\" frameborder=\"0\" allowfullscreen=\"allowfullscreen\"><span style=\"display: inline-block; width: 0px; overflow: hidden; line-height: 0;\" data-mce-type=\"bookmark\" class=\"mce_SELRES_start\">\ufeff<\/span><\/iframe><b><br \/>\n<\/b><\/td>\n<\/tr>\n<tr>\n<td style=\"text-align: center; width: 334px;\">Lucile Faivre<b><br \/>\n<\/b><em>Fabrication d&#8217;embouts<\/em><b><b><br \/>\n<iframe loading=\"lazy\" title=\"YouTube video player\" src=\"https:\/\/www.youtube-nocookie.com\/embed\/tVP9HgWnKec\" width=\"250\" height=\"180\" frameborder=\"0\" allowfullscreen=\"allowfullscreen\"><\/iframe><\/b><\/b><\/td>\n<td style=\"text-align: center; width: 335px;\"><\/td>\n<td style=\"text-align: center; width: 30px;\"><\/td>\n<\/tr>\n<\/tbody>\n<\/table>\n<p>&nbsp;<\/p>\n<p><img loading=\"lazy\" decoding=\"async\" class=\"aligncenter wp-image-8360\" src=\"\/\/www.auditionsolidarite.org\/wp-content\/uploads\/2021\/09\/Marseille_Septembre2021-59.jpg\" alt=\"\" width=\"500\" height=\"375\" srcset=\"https:\/\/www.auditionsolidarite.org\/wp-content\/uploads\/2021\/09\/Marseille_Septembre2021-59.jpg 1601w, https:\/\/www.auditionsolidarite.org\/wp-content\/uploads\/2021\/09\/Marseille_Septembre2021-59-300x225.jpg 300w, https:\/\/www.auditionsolidarite.org\/wp-content\/uploads\/2021\/09\/Marseille_Septembre2021-59-1024x768.jpg 1024w, https:\/\/www.auditionsolidarite.org\/wp-content\/uploads\/2021\/09\/Marseille_Septembre2021-59-768x576.jpg 768w, https:\/\/www.auditionsolidarite.org\/wp-content\/uploads\/2021\/09\/Marseille_Septembre2021-59-1536x1151.jpg 1536w\" sizes=\"(max-width: 500px) 100vw, 500px\" \/> <img loading=\"lazy\" decoding=\"async\" class=\"aligncenter wp-image-8361\" src=\"\/\/www.auditionsolidarite.org\/wp-content\/uploads\/2021\/09\/Marseille_Septembre2021-88.jpg\" alt=\"\" width=\"500\" height=\"375\" srcset=\"https:\/\/www.auditionsolidarite.org\/wp-content\/uploads\/2021\/09\/Marseille_Septembre2021-88.jpg 1601w, https:\/\/www.auditionsolidarite.org\/wp-content\/uploads\/2021\/09\/Marseille_Septembre2021-88-300x225.jpg 300w, https:\/\/www.auditionsolidarite.org\/wp-content\/uploads\/2021\/09\/Marseille_Septembre2021-88-1024x768.jpg 1024w, https:\/\/www.auditionsolidarite.org\/wp-content\/uploads\/2021\/09\/Marseille_Septembre2021-88-768x576.jpg 768w, https:\/\/www.auditionsolidarite.org\/wp-content\/uploads\/2021\/09\/Marseille_Septembre2021-88-1536x1151.jpg 1536w\" sizes=\"(max-width: 500px) 100vw, 500px\" \/> <img loading=\"lazy\" decoding=\"async\" class=\"aligncenter wp-image-8363\" src=\"\/\/www.auditionsolidarite.org\/wp-content\/uploads\/2021\/09\/copie-0_Marseille_Septembre2021-91.jpg\" alt=\"\" width=\"500\" height=\"667\" srcset=\"https:\/\/www.auditionsolidarite.org\/wp-content\/uploads\/2021\/09\/copie-0_Marseille_Septembre2021-91.jpg 899w, https:\/\/www.auditionsolidarite.org\/wp-content\/uploads\/2021\/09\/copie-0_Marseille_Septembre2021-91-225x300.jpg 225w, https:\/\/www.auditionsolidarite.org\/wp-content\/uploads\/2021\/09\/copie-0_Marseille_Septembre2021-91-767x1024.jpg 767w, https:\/\/www.auditionsolidarite.org\/wp-content\/uploads\/2021\/09\/copie-0_Marseille_Septembre2021-91-768x1025.jpg 768w\" sizes=\"(max-width: 500px) 100vw, 500px\" \/>","protected":false},"excerpt":{"rendered":"<p>14 et 15 septembre : retour \u00e0 Marseille pour l&#8217;\u00e9quipe d&#8217;AuditionSolidarit\u00e9 apr\u00e8s un an et demi de pause forc\u00e9e due \u00e0 la crise sanitaire. Changement de lieu pour cette reprise d&#8217;activit\u00e9 dans la cit\u00e9 phoc\u00e9enne, AuditionSolidarit\u00e9 \u00e9tait dans les locaux de l&#8217;espace &#8216;Entre 2 murs&#8217; dans le 5\u00e8me arrondissement. L&#8217;attente \u00e9tait forte autant pour les b\u00e9n\u00e9ficiaires que pour l&#8217;\u00e9quipe d&#8217;AuditionSolidarit\u00e9,<\/p>\n","protected":false},"author":2,"featured_media":0,"parent":0,"menu_order":0,"comment_status":"closed","ping_status":"closed","template":"","meta":{"footnotes":""},"acf":[],"yoast_head":"<!-- This site is optimized with the Yoast SEO plugin v21.9.1 - https:\/\/yoast.com\/wordpress\/plugins\/seo\/ -->\n<title>Espace &#039;Entre 2 Murs&#039;, Marseille - Septembre 2021 - AuditionSolidarit\u00e9<\/title>\n<meta name=\"robots\" content=\"index, follow, max-snippet:-1, max-image-preview:large, max-video-preview:-1\" \/>\n<link rel=\"canonical\" href=\"https:\/\/www.auditionsolidarite.org\/fr\/espace-entre-2-murs-marseille-septembre-2021\/\" \/>\n<meta property=\"og:locale\" content=\"fr_FR\" \/>\n<meta property=\"og:type\" content=\"article\" \/>\n<meta property=\"og:title\" content=\"Espace &#039;Entre 2 Murs&#039;, Marseille - Septembre 2021 - AuditionSolidarit\u00e9\" \/>\n<meta property=\"og:description\" content=\"14 et 15 septembre : retour \u00e0 Marseille pour l&#8217;\u00e9quipe d&#8217;AuditionSolidarit\u00e9 apr\u00e8s un an et demi de pause forc\u00e9e due \u00e0 la crise sanitaire. Changement de lieu pour cette reprise d&#8217;activit\u00e9 dans la cit\u00e9 phoc\u00e9enne, AuditionSolidarit\u00e9 \u00e9tait dans les locaux de l&#8217;espace &#8216;Entre 2 murs&#8217; dans le 5\u00e8me arrondissement. L&#8217;attente \u00e9tait forte autant pour les b\u00e9n\u00e9ficiaires que pour l&#8217;\u00e9quipe d&#8217;AuditionSolidarit\u00e9,\" \/>\n<meta property=\"og:url\" content=\"https:\/\/www.auditionsolidarite.org\/fr\/espace-entre-2-murs-marseille-septembre-2021\/\" \/>\n<meta property=\"og:site_name\" content=\"AuditionSolidarit\u00e9\" \/>\n<meta property=\"og:image\" content=\"https:\/\/www.auditionsolidarite.org\/wp-content\/uploads\/2015\/07\/logo-audition-solidarite-e1446132259721.png\" \/>\n\t<meta property=\"og:image:width\" content=\"600\" \/>\n\t<meta property=\"og:image:height\" content=\"593\" \/>\n\t<meta property=\"og:image:type\" content=\"image\/png\" \/>\n<meta name=\"twitter:card\" content=\"summary_large_image\" \/>\n<meta name=\"twitter:label1\" content=\"Dur\u00e9e de lecture estim\u00e9e\" \/>\n\t<meta name=\"twitter:data1\" content=\"2 minutes\" \/>\n<script type=\"application\/ld+json\" class=\"yoast-schema-graph\">{\"@context\":\"https:\/\/schema.org\",\"@graph\":[{\"@type\":\"WebPage\",\"@id\":\"https:\/\/www.auditionsolidarite.org\/fr\/espace-entre-2-murs-marseille-septembre-2021\/\",\"url\":\"https:\/\/www.auditionsolidarite.org\/fr\/espace-entre-2-murs-marseille-septembre-2021\/\",\"name\":\"Espace 'Entre 2 Murs', Marseille - Septembre 2021 - AuditionSolidarit\u00e9\",\"isPartOf\":{\"@id\":\"https:\/\/www.auditionsolidarite.org\/fr\/#website\"},\"datePublished\":\"2022-03-15T09:26:15+00:00\",\"dateModified\":\"2022-03-15T09:26:15+00:00\",\"breadcrumb\":{\"@id\":\"https:\/\/www.auditionsolidarite.org\/fr\/espace-entre-2-murs-marseille-septembre-2021\/#breadcrumb\"},\"inLanguage\":\"fr-FR\",\"potentialAction\":[{\"@type\":\"ReadAction\",\"target\":[[\"https:\/\/www.auditionsolidarite.org\/fr\/espace-entre-2-murs-marseille-septembre-2021\/\"]]}]},{\"@type\":\"BreadcrumbList\",\"@id\":\"https:\/\/www.auditionsolidarite.org\/fr\/espace-entre-2-murs-marseille-septembre-2021\/#breadcrumb\",\"itemListElement\":[{\"@type\":\"ListItem\",\"position\":1,\"name\":\"Accueil\",\"item\":\"https:\/\/www.auditionsolidarite.org\/fr\/\"},{\"@type\":\"ListItem\",\"position\":2,\"name\":\"Espace &#8216;Entre 2 Murs&#8217;, Marseille &#8211; Septembre 2021\"}]},{\"@type\":\"WebSite\",\"@id\":\"https:\/\/www.auditionsolidarite.org\/fr\/#website\",\"url\":\"https:\/\/www.auditionsolidarite.org\/fr\/\",\"name\":\"AuditionSolidarit\u00e9\",\"description\":\"Le hasard n&#039;existe pas ! Si vous \u00eates l\u00e0 aujourd&#039;hui, c&#039;est que le monde de l&#039;audition vous touche... Alors merci d&#039;\u00eatre l\u00e0 !\",\"publisher\":{\"@id\":\"https:\/\/www.auditionsolidarite.org\/fr\/#organization\"},\"potentialAction\":[{\"@type\":\"SearchAction\",\"target\":{\"@type\":\"EntryPoint\",\"urlTemplate\":\"https:\/\/www.auditionsolidarite.org\/fr\/?s={search_term_string}\"},\"query-input\":\"required name=search_term_string\"}],\"inLanguage\":\"fr-FR\"},{\"@type\":\"Organization\",\"@id\":\"https:\/\/www.auditionsolidarite.org\/fr\/#organization\",\"name\":\"AuditionSolidarit\u00e9\",\"url\":\"https:\/\/www.auditionsolidarite.org\/fr\/\",\"logo\":{\"@type\":\"ImageObject\",\"inLanguage\":\"fr-FR\",\"@id\":\"https:\/\/www.auditionsolidarite.org\/fr\/#\/schema\/logo\/image\/\",\"url\":\"https:\/\/www.auditionsolidarite.org\/wp-content\/uploads\/2015\/07\/logo-audition-solidarite-e1446132259721.png\",\"contentUrl\":\"https:\/\/www.auditionsolidarite.org\/wp-content\/uploads\/2015\/07\/logo-audition-solidarite-e1446132259721.png\",\"width\":600,\"height\":593,\"caption\":\"AuditionSolidarit\u00e9\"},\"image\":{\"@id\":\"https:\/\/www.auditionsolidarite.org\/fr\/#\/schema\/logo\/image\/\"}}]}<\/script>\n<!-- \/ Yoast SEO plugin. -->","yoast_head_json":{"title":"Espace 'Entre 2 Murs', Marseille - Septembre 2021 - AuditionSolidarit\u00e9","robots":{"index":"index","follow":"follow","max-snippet":"max-snippet:-1","max-image-preview":"max-image-preview:large","max-video-preview":"max-video-preview:-1"},"canonical":"https:\/\/www.auditionsolidarite.org\/fr\/espace-entre-2-murs-marseille-septembre-2021\/","og_locale":"fr_FR","og_type":"article","og_title":"Espace 'Entre 2 Murs', Marseille - Septembre 2021 - AuditionSolidarit\u00e9","og_description":"14 et 15 septembre : retour \u00e0 Marseille pour l&#8217;\u00e9quipe d&#8217;AuditionSolidarit\u00e9 apr\u00e8s un an et demi de pause forc\u00e9e due \u00e0 la crise sanitaire. Changement de lieu pour cette reprise d&#8217;activit\u00e9 dans la cit\u00e9 phoc\u00e9enne, AuditionSolidarit\u00e9 \u00e9tait dans les locaux de l&#8217;espace &#8216;Entre 2 murs&#8217; dans le 5\u00e8me arrondissement. L&#8217;attente \u00e9tait forte autant pour les b\u00e9n\u00e9ficiaires que pour l&#8217;\u00e9quipe d&#8217;AuditionSolidarit\u00e9,","og_url":"https:\/\/www.auditionsolidarite.org\/fr\/espace-entre-2-murs-marseille-septembre-2021\/","og_site_name":"AuditionSolidarit\u00e9","og_image":[{"width":600,"height":593,"url":"https:\/\/www.auditionsolidarite.org\/wp-content\/uploads\/2015\/07\/logo-audition-solidarite-e1446132259721.png","type":"image\/png"}],"twitter_card":"summary_large_image","twitter_misc":{"Dur\u00e9e de lecture estim\u00e9e":"2 minutes"},"schema":{"@context":"https:\/\/schema.org","@graph":[{"@type":"WebPage","@id":"https:\/\/www.auditionsolidarite.org\/fr\/espace-entre-2-murs-marseille-septembre-2021\/","url":"https:\/\/www.auditionsolidarite.org\/fr\/espace-entre-2-murs-marseille-septembre-2021\/","name":"Espace 'Entre 2 Murs', Marseille - Septembre 2021 - AuditionSolidarit\u00e9","isPartOf":{"@id":"https:\/\/www.auditionsolidarite.org\/fr\/#website"},"datePublished":"2022-03-15T09:26:15+00:00","dateModified":"2022-03-15T09:26:15+00:00","breadcrumb":{"@id":"https:\/\/www.auditionsolidarite.org\/fr\/espace-entre-2-murs-marseille-septembre-2021\/#breadcrumb"},"inLanguage":"fr-FR","potentialAction":[{"@type":"ReadAction","target":[["https:\/\/www.auditionsolidarite.org\/fr\/espace-entre-2-murs-marseille-septembre-2021\/"]]}]},{"@type":"BreadcrumbList","@id":"https:\/\/www.auditionsolidarite.org\/fr\/espace-entre-2-murs-marseille-septembre-2021\/#breadcrumb","itemListElement":[{"@type":"ListItem","position":1,"name":"Accueil","item":"https:\/\/www.auditionsolidarite.org\/fr\/"},{"@type":"ListItem","position":2,"name":"Espace &#8216;Entre 2 Murs&#8217;, Marseille &#8211; Septembre 2021"}]},{"@type":"WebSite","@id":"https:\/\/www.auditionsolidarite.org\/fr\/#website","url":"https:\/\/www.auditionsolidarite.org\/fr\/","name":"AuditionSolidarit\u00e9","description":"Le hasard n&#039;existe pas ! Si vous \u00eates l\u00e0 aujourd&#039;hui, c&#039;est que le monde de l&#039;audition vous touche... Alors merci d&#039;\u00eatre l\u00e0 !","publisher":{"@id":"https:\/\/www.auditionsolidarite.org\/fr\/#organization"},"potentialAction":[{"@type":"SearchAction","target":{"@type":"EntryPoint","urlTemplate":"https:\/\/www.auditionsolidarite.org\/fr\/?s={search_term_string}"},"query-input":"required name=search_term_string"}],"inLanguage":"fr-FR"},{"@type":"Organization","@id":"https:\/\/www.auditionsolidarite.org\/fr\/#organization","name":"AuditionSolidarit\u00e9","url":"https:\/\/www.auditionsolidarite.org\/fr\/","logo":{"@type":"ImageObject","inLanguage":"fr-FR","@id":"https:\/\/www.auditionsolidarite.org\/fr\/#\/schema\/logo\/image\/","url":"https:\/\/www.auditionsolidarite.org\/wp-content\/uploads\/2015\/07\/logo-audition-solidarite-e1446132259721.png","contentUrl":"https:\/\/www.auditionsolidarite.org\/wp-content\/uploads\/2015\/07\/logo-audition-solidarite-e1446132259721.png","width":600,"height":593,"caption":"AuditionSolidarit\u00e9"},"image":{"@id":"https:\/\/www.auditionsolidarite.org\/fr\/#\/schema\/logo\/image\/"}}]}},"_links":{"self":[{"href":"https:\/\/www.auditionsolidarite.org\/fr\/wp-json\/wp\/v2\/pages\/8657"}],"collection":[{"href":"https:\/\/www.auditionsolidarite.org\/fr\/wp-json\/wp\/v2\/pages"}],"about":[{"href":"https:\/\/www.auditionsolidarite.org\/fr\/wp-json\/wp\/v2\/types\/page"}],"author":[{"embeddable":true,"href":"https:\/\/www.auditionsolidarite.org\/fr\/wp-json\/wp\/v2\/users\/2"}],"replies":[{"embeddable":true,"href":"https:\/\/www.auditionsolidarite.org\/fr\/wp-json\/wp\/v2\/comments?post=8657"}],"version-history":[{"count":1,"href":"https:\/\/www.auditionsolidarite.org\/fr\/wp-json\/wp\/v2\/pages\/8657\/revisions"}],"predecessor-version":[{"id":8658,"href":"https:\/\/www.auditionsolidarite.org\/fr\/wp-json\/wp\/v2\/pages\/8657\/revisions\/8658"}],"wp:attachment":[{"href":"https:\/\/www.auditionsolidarite.org\/fr\/wp-json\/wp\/v2\/media?parent=8657"}],"curies":[{"name":"wp","href":"https:\/\/api.w.org\/{rel}","templated":true}]}}