{"id":8430,"date":"2021-11-24T16:31:20","date_gmt":"2021-11-24T15:31:20","guid":{"rendered":"https:\/\/www.auditionsolidarite.org\/mission-humanitaire-vietnam-bien-hoa-2017-copy\/"},"modified":"2021-11-24T16:32:52","modified_gmt":"2021-11-24T15:32:52","slug":"mission-humanitaire-vietnam-bien-hoa-2017-copy","status":"publish","type":"page","link":"https:\/\/www.auditionsolidarite.org\/fr\/mission-humanitaire-vietnam-bien-hoa-2017-copy\/","title":{"rendered":"Mission humanitaire au Vietnam &#8211; Bi\u00ean H\u00f2a 2019"},"content":{"rendered":"<b>Pour la 4<\/b><b><sup>\u00e8me<\/sup><\/b><b> fois depuis 2015, l\u2019association humanitaire AuditionSolidarit\u00e9 s\u2019est rendue au Vietnam du 31 octobre au 8 novembre 2019 dans l\u2019\u00e9cole d\u2019enfants sourds et malentendants Hoa Lan \u00e0 Bi\u00ean H\u00f2a.<b> <b><br \/>\n<\/b><\/b><b><br \/>\n<\/b><\/b><\/p>\n<p>Durant les 3 pr\u00e9c\u00e9dentes missions men\u00e9es entre 2015 et 2017, AuditionSolidarit\u00e9 avait appareill\u00e9 la totalit\u00e9 des \u00e9l\u00e8ves de l\u2019\u00e9cole et avait impuls\u00e9 des formations aupr\u00e8s des enseignantes (\u00e9cole tenue par des religieuses) dans le but ultime de rendre cette structure autonome pour l\u2019appareillage et le suivi orthophonique. De retour deux ans apr\u00e8s le dernier passage de l\u2019association, l\u2019\u00e9quipe a constat\u00e9 avec grande joie que les formations donn\u00e9es par AuditionSolidarit\u00e9 depuis 2015 ont port\u00e9 leurs fruits, l\u2019\u00e9quipe technique vietnamienne assure maintenant le suivi quotidien des enfants que ce soit en audiom\u00e9trie, pour l\u2019adaptation des appareils auditifs ou pour la fabrication des embouts auriculaires. Pour preuve de l\u2019implication totale des religieuses qui g\u00e8rent cette l\u2019\u00e9cole, des salles d\u00e9di\u00e9es \u00e0 chaque \u00e9tape de la cha\u00eene auditive ont \u00e9t\u00e9 am\u00e9nag\u00e9es.<b><br \/>\n<\/b><b><br \/>\n<\/b><\/p>\n<p>Cette mission a permis de voir les 106 enfants de l\u2019\u00e9cole Hoa Lan pour un contr\u00f4le ou un appareillage complet. Les formations ont \u00e9t\u00e9 encore plus approfondies et les s\u0153urs sont maintenant bien form\u00e9es sur chaque poste. L\u2019association a \u00e9galement laiss\u00e9 sur place du mat\u00e9riel toujours dans le but de rendre l\u2019\u00e9cole encore plus autonome.<b><br \/>\n<\/b><b><br \/>\n<\/b><\/p>\n<p>De plus pendant deux jours, l\u2019\u00e9quipe fran\u00e7aise a accueilli et appareill\u00e9 pour la premi\u00e8re fois 50 enfants sourds et malentendants provenant d\u2019un orphelinat situ\u00e9 \u00e0 My Tho (100 km au sud de Bi\u00ean H\u00f2a). L\u2019id\u00e9e pour les prochaines ann\u00e9es est que l\u2019\u00e9cole de Bien Hoa devienne un plateau technique de r\u00e9f\u00e9rence en accueillant tous les enfants de My Tho afin de les appareiller et leurs professeurs afin de les former avec toujours le soutien de l\u2019association.<b><br \/>\n<\/b><b><br \/>\n<\/b><\/p>\n<p>AuditionSolidarit\u00e9 souhaite mettre en place la notion de transmission de savoir : si demain l\u2019\u00e9cole de Bien Hoa transmet son savoir en mati\u00e8re d\u2019audiologie et d\u2019orthophonie \u00e0 l\u2019\u00e9cole de My Tho, il est envisageable d\u2019imaginer que dans les futures ann\u00e9es, My Tho puisse \u00e0 son tour transmettre \u00e0 d\u2019autres \u00e9coles d\u2019enfants sourds du pays\u2026<b><br \/>\n<\/b><b> <\/b><\/p>\n<p><strong>Les chiffres cl\u00e9s :<\/strong><\/p>\n<blockquote><p><strong>156 enfants appareill\u00e9s<\/strong><\/p>\n<p><strong>178 appareils auditifs adapt\u00e9s<\/strong><\/p>\n<p><strong>13 s\u0153urs form\u00e9es<br \/>\n<\/strong><\/p><\/blockquote>\n<p>AuditionSolidarit\u00e9 retournera au Vietnam en novembre 2021.<b><br \/>\n<\/b><b><br \/>\n<\/b><\/p>\n<p>Un grand MERCI \u00e0 notre formidable \u00e9quipe fran\u00e7aise et aux s\u0153urs qui nous ont accueillis !<b><b><br \/>\n<\/b><b><br \/>\n<\/b><\/b><\/p>\n<p><strong>Merci aux audioproth\u00e9sistes Val\u00e9rie Gerberon, Cyril Molinary, Gr\u00e9gory Michelard, Herv\u00e9 Lesouef, Bastien Blondel et Christine Bourger<\/strong><\/p>\n<p><strong>Merci \u00e0 L&#8217;ORL Luc Moulonguet<\/strong><br \/>\n<strong> Merci aux orthophonistes H\u00e9l\u00e8ne Feuillie et Virginie Gilabert<\/strong><br \/>\n<strong> Merci au fabricant d&#8217;embouts Jean-Pierre Fogel <b><br \/>\n<\/b>Merci \u00e0 Candice Parise pour les ateliers musicaux<\/strong><strong> <b><br \/>\n<\/b>Merci \u00e0 Sandra Vedel pour le secr\u00e9tariat<\/strong><\/p>\n<p><b><br \/>\n<\/b>Merci au M\u00e9c\u00e9nat Humanitaire Air France, aux Fondations ACOME, Dominique &amp; Tom Alberici, LAMA, AnBer, \u00e0 l&#8217;association Fleur Blanche pour leur pr\u00e9cieux soutien sur cette mission !<b><b><br \/>\n<\/b><b><\/b><\/b><\/p>\n<table style=\"height: 1045px;\" width=\"713\">\n<tbody>\n<tr>\n<td colspan=\"3\">\n<p style=\"text-align: center;\"><strong>Mission Humanitaire Vietnam, Bi\u00ean H\u00f2a &#8211; Novembre 2019<\/strong><\/p>\n<p style=\"text-align: center;\"><iframe loading=\"lazy\" title=\"YouTube video player\" src=\"https:\/\/www.youtube-nocookie.com\/embed\/Ch4yR7iqAO4\" width=\"560\" height=\"315\" frameborder=\"0\" allowfullscreen=\"allowfullscreen\"><\/iframe><br \/>\n<b><br \/>\n<\/b><\/p>\n<\/td>\n<\/tr>\n<tr>\n<td style=\"text-align: center;\"><strong><b>Cyril Molinary<\/b>, audioproth\u00e9siste<\/strong><br \/>\n<iframe loading=\"lazy\" title=\"YouTube video player\" src=\"https:\/\/www.youtube-nocookie.com\/embed\/sVispNa2QXc\" width=\"270\" height=\"170\" frameborder=\"0\" allowfullscreen=\"allowfullscreen\"><\/iframe><\/td>\n<td style=\"text-align: center;\"><strong> <b>Sandra Vedel<\/b>, secr\u00e9tariat<\/strong><br \/>\n<iframe loading=\"lazy\" title=\"YouTube video player\" src=\"https:\/\/www.youtube-nocookie.com\/embed\/mtOOOeW54jU\" width=\"270\" height=\"170\" frameborder=\"0\" allowfullscreen=\"allowfullscreen\"><\/iframe><\/td>\n<td style=\"text-align: center;\"><strong><b>Gr\u00e9gory Michelard<\/b>, audioproth\u00e9siste<\/strong><br \/>\n<iframe loading=\"lazy\" title=\"YouTube video player\" src=\"https:\/\/www.youtube-nocookie.com\/embed\/B5dR-2HVcjs\" width=\"270\" height=\"170\" frameborder=\"0\" allowfullscreen=\"allowfullscreen\"><\/iframe><\/td>\n<\/tr>\n<tr>\n<td style=\"text-align: center;\"><strong> <b>H\u00e9l\u00e8ne Feuillie<\/b>, orthophoniste<\/strong><br \/>\n<iframe loading=\"lazy\" title=\"YouTube video player\" src=\"https:\/\/www.youtube-nocookie.com\/embed\/VnXdceNqaX8\" width=\"270\" height=\"170\" frameborder=\"0\" allowfullscreen=\"allowfullscreen\"><\/iframe><\/td>\n<td style=\"text-align: center;\"><strong>Bastien Blondel, audioproth\u00e9siste<\/strong><br \/>\n<iframe loading=\"lazy\" title=\"YouTube video player\" src=\"https:\/\/www.youtube-nocookie.com\/embed\/gFsGu8C1sb0\" width=\"270\" height=\"170\" frameborder=\"0\" allowfullscreen=\"allowfullscreen\"><\/iframe><\/td>\n<td>\n<p style=\"text-align: center;\"><strong><b>Luc Moulonguet<\/b>, ORL<\/strong><\/p>\n<p><iframe loading=\"lazy\" title=\"YouTube video player\" src=\"https:\/\/www.youtube-nocookie.com\/embed\/7rkcL_0BgEU\" width=\"270\" height=\"170\" frameborder=\"0\" allowfullscreen=\"allowfullscreen\"><\/iframe><\/td>\n<\/tr>\n<tr>\n<td style=\"text-align: center;\"><strong><b>Candice Parise<\/b>, musicienne<iframe loading=\"lazy\" title=\"YouTube video player\" src=\"https:\/\/www.youtube-nocookie.com\/embed\/QR0ZXBwF9qg\" width=\"270\" height=\"170\" frameborder=\"0\" allowfullscreen=\"allowfullscreen\"><span style=\"display: inline-block; width: 0px; overflow: hidden; line-height: 0;\" data-mce-type=\"bookmark\" class=\"mce_SELRES_start\">\ufeff<\/span><\/iframe><\/strong><\/td>\n<td style=\"text-align: center;\"><strong><strong><strong><b>Herv\u00e9 Lesouef<\/b>, audioproth\u00e9siste <iframe loading=\"lazy\" title=\"YouTube video player\" src=\"https:\/\/www.youtube-nocookie.com\/embed\/jJRp3fr04Co\" width=\"270\" height=\"170\" frameborder=\"0\" allowfullscreen=\"allowfullscreen\"><\/iframe><br \/>\n<\/strong><\/strong><\/strong><\/td>\n<td style=\"text-align: center;\"><strong><strong><strong><b>Val\u00e9rie Gerberon<\/b>, audioproth\u00e9siste<\/strong><\/strong><\/strong><strong><iframe loading=\"lazy\" title=\"YouTube video player\" src=\"https:\/\/www.youtube-nocookie.com\/embed\/_druJzS7N74\" width=\"270\" height=\"170\" frameborder=\"0\" allowfullscreen=\"allowfullscreen\"><span style=\"display: inline-block; width: 0px; overflow: hidden; line-height: 0;\" data-mce-type=\"bookmark\" class=\"mce_SELRES_start\">\ufeff<\/span><\/iframe><br \/>\n<\/strong><\/td>\n<\/tr>\n<tr>\n<td style=\"text-align: center;\"><\/td>\n<td style=\"text-align: center;\"><\/td>\n<td style=\"text-align: center;\"><\/td>\n<\/tr>\n<\/tbody>\n<\/table>\n<p style=\"text-align: center;\"><strong><b><br \/>\n<\/b><img loading=\"lazy\" decoding=\"async\" class=\"aligncenter wp-image-7127\" src=\"\/\/www.auditionsolidarite.org\/wp-content\/uploads\/2019\/11\/Vietnam19_97-Copier.jpg\" alt=\"\" width=\"500\" height=\"375\" srcset=\"https:\/\/www.auditionsolidarite.org\/wp-content\/uploads\/2019\/11\/Vietnam19_97-Copier.jpg 900w, https:\/\/www.auditionsolidarite.org\/wp-content\/uploads\/2019\/11\/Vietnam19_97-Copier-300x225.jpg 300w, https:\/\/www.auditionsolidarite.org\/wp-content\/uploads\/2019\/11\/Vietnam19_97-Copier-768x576.jpg 768w\" sizes=\"(max-width: 500px) 100vw, 500px\" \/> <img loading=\"lazy\" decoding=\"async\" class=\"aligncenter wp-image-7129\" src=\"\/\/www.auditionsolidarite.org\/wp-content\/uploads\/2019\/11\/Vietnam19_139-Copier.jpg\" alt=\"\" width=\"500\" height=\"375\" srcset=\"https:\/\/www.auditionsolidarite.org\/wp-content\/uploads\/2019\/11\/Vietnam19_139-Copier.jpg 900w, https:\/\/www.auditionsolidarite.org\/wp-content\/uploads\/2019\/11\/Vietnam19_139-Copier-300x225.jpg 300w, https:\/\/www.auditionsolidarite.org\/wp-content\/uploads\/2019\/11\/Vietnam19_139-Copier-768x576.jpg 768w\" sizes=\"(max-width: 500px) 100vw, 500px\" \/> <img loading=\"lazy\" decoding=\"async\" class=\"aligncenter wp-image-7130\" src=\"\/\/www.auditionsolidarite.org\/wp-content\/uploads\/2019\/11\/Vietnam19_148-Copier.jpg\" alt=\"\" width=\"500\" height=\"375\" srcset=\"https:\/\/www.auditionsolidarite.org\/wp-content\/uploads\/2019\/11\/Vietnam19_148-Copier.jpg 900w, https:\/\/www.auditionsolidarite.org\/wp-content\/uploads\/2019\/11\/Vietnam19_148-Copier-300x225.jpg 300w, https:\/\/www.auditionsolidarite.org\/wp-content\/uploads\/2019\/11\/Vietnam19_148-Copier-768x576.jpg 768w\" sizes=\"(max-width: 500px) 100vw, 500px\" \/> <img loading=\"lazy\" decoding=\"async\" class=\"aligncenter wp-image-7131\" src=\"\/\/www.auditionsolidarite.org\/wp-content\/uploads\/2019\/11\/Vietnam19_194ok-Copier.jpg\" alt=\"\" width=\"500\" height=\"375\" srcset=\"https:\/\/www.auditionsolidarite.org\/wp-content\/uploads\/2019\/11\/Vietnam19_194ok-Copier.jpg 900w, https:\/\/www.auditionsolidarite.org\/wp-content\/uploads\/2019\/11\/Vietnam19_194ok-Copier-300x225.jpg 300w, https:\/\/www.auditionsolidarite.org\/wp-content\/uploads\/2019\/11\/Vietnam19_194ok-Copier-768x576.jpg 768w\" sizes=\"(max-width: 500px) 100vw, 500px\" \/><\/strong><\/p>","protected":false},"excerpt":{"rendered":"<p>Pour la 4\u00e8me fois depuis 2015, l\u2019association humanitaire AuditionSolidarit\u00e9 s\u2019est rendue au Vietnam du 31 octobre au 8 novembre 2019 dans l\u2019\u00e9cole d\u2019enfants sourds et malentendants Hoa Lan \u00e0 Bi\u00ean H\u00f2a. Durant les 3 pr\u00e9c\u00e9dentes missions men\u00e9es entre 2015 et 2017, AuditionSolidarit\u00e9 avait appareill\u00e9 la totalit\u00e9 des \u00e9l\u00e8ves de l\u2019\u00e9cole et avait impuls\u00e9 des formations aupr\u00e8s des enseignantes (\u00e9cole tenue<\/p>\n","protected":false},"author":2,"featured_media":0,"parent":0,"menu_order":0,"comment_status":"closed","ping_status":"closed","template":"","meta":{"footnotes":""},"acf":[],"yoast_head":"<!-- This site is optimized with the Yoast SEO plugin v21.9.1 - https:\/\/yoast.com\/wordpress\/plugins\/seo\/ -->\n<title>Mission humanitaire au Vietnam - Bi\u00ean H\u00f2a 2019 - AuditionSolidarit\u00e9<\/title>\n<meta name=\"robots\" content=\"index, follow, max-snippet:-1, max-image-preview:large, max-video-preview:-1\" \/>\n<link rel=\"canonical\" href=\"https:\/\/www.auditionsolidarite.org\/fr\/mission-humanitaire-vietnam-bien-hoa-2017-copy\/\" \/>\n<meta property=\"og:locale\" content=\"fr_FR\" \/>\n<meta property=\"og:type\" content=\"article\" \/>\n<meta property=\"og:title\" content=\"Mission humanitaire au Vietnam - Bi\u00ean H\u00f2a 2019 - AuditionSolidarit\u00e9\" \/>\n<meta property=\"og:description\" content=\"Pour la 4\u00e8me fois depuis 2015, l\u2019association humanitaire AuditionSolidarit\u00e9 s\u2019est rendue au Vietnam du 31 octobre au 8 novembre 2019 dans l\u2019\u00e9cole d\u2019enfants sourds et malentendants Hoa Lan \u00e0 Bi\u00ean H\u00f2a. Durant les 3 pr\u00e9c\u00e9dentes missions men\u00e9es entre 2015 et 2017, AuditionSolidarit\u00e9 avait appareill\u00e9 la totalit\u00e9 des \u00e9l\u00e8ves de l\u2019\u00e9cole et avait impuls\u00e9 des formations aupr\u00e8s des enseignantes (\u00e9cole tenue\" \/>\n<meta property=\"og:url\" content=\"https:\/\/www.auditionsolidarite.org\/fr\/mission-humanitaire-vietnam-bien-hoa-2017-copy\/\" \/>\n<meta property=\"og:site_name\" content=\"AuditionSolidarit\u00e9\" \/>\n<meta property=\"article:modified_time\" content=\"2021-11-24T15:32:52+00:00\" \/>\n<meta property=\"og:image\" content=\"https:\/\/www.auditionsolidarite.org\/wp-content\/uploads\/2015\/07\/logo-audition-solidarite-e1446132259721.png\" \/>\n\t<meta property=\"og:image:width\" content=\"600\" \/>\n\t<meta property=\"og:image:height\" content=\"593\" \/>\n\t<meta property=\"og:image:type\" content=\"image\/png\" \/>\n<meta name=\"twitter:card\" content=\"summary_large_image\" \/>\n<meta name=\"twitter:label1\" content=\"Dur\u00e9e de lecture estim\u00e9e\" \/>\n\t<meta name=\"twitter:data1\" content=\"3 minutes\" \/>\n<script type=\"application\/ld+json\" class=\"yoast-schema-graph\">{\"@context\":\"https:\/\/schema.org\",\"@graph\":[{\"@type\":\"WebPage\",\"@id\":\"https:\/\/www.auditionsolidarite.org\/fr\/mission-humanitaire-vietnam-bien-hoa-2017-copy\/\",\"url\":\"https:\/\/www.auditionsolidarite.org\/fr\/mission-humanitaire-vietnam-bien-hoa-2017-copy\/\",\"name\":\"Mission humanitaire au Vietnam - Bi\u00ean H\u00f2a 2019 - AuditionSolidarit\u00e9\",\"isPartOf\":{\"@id\":\"https:\/\/www.auditionsolidarite.org\/fr\/#website\"},\"datePublished\":\"2021-11-24T15:31:20+00:00\",\"dateModified\":\"2021-11-24T15:32:52+00:00\",\"breadcrumb\":{\"@id\":\"https:\/\/www.auditionsolidarite.org\/fr\/mission-humanitaire-vietnam-bien-hoa-2017-copy\/#breadcrumb\"},\"inLanguage\":\"fr-FR\",\"potentialAction\":[{\"@type\":\"ReadAction\",\"target\":[[\"https:\/\/www.auditionsolidarite.org\/fr\/mission-humanitaire-vietnam-bien-hoa-2017-copy\/\"]]}]},{\"@type\":\"BreadcrumbList\",\"@id\":\"https:\/\/www.auditionsolidarite.org\/fr\/mission-humanitaire-vietnam-bien-hoa-2017-copy\/#breadcrumb\",\"itemListElement\":[{\"@type\":\"ListItem\",\"position\":1,\"name\":\"Accueil\",\"item\":\"https:\/\/www.auditionsolidarite.org\/fr\/\"},{\"@type\":\"ListItem\",\"position\":2,\"name\":\"Mission humanitaire au Vietnam &#8211; Bi\u00ean H\u00f2a 2019\"}]},{\"@type\":\"WebSite\",\"@id\":\"https:\/\/www.auditionsolidarite.org\/fr\/#website\",\"url\":\"https:\/\/www.auditionsolidarite.org\/fr\/\",\"name\":\"AuditionSolidarit\u00e9\",\"description\":\"Le hasard n&#039;existe pas ! Si vous \u00eates l\u00e0 aujourd&#039;hui, c&#039;est que le monde de l&#039;audition vous touche... Alors merci d&#039;\u00eatre l\u00e0 !\",\"publisher\":{\"@id\":\"https:\/\/www.auditionsolidarite.org\/fr\/#organization\"},\"potentialAction\":[{\"@type\":\"SearchAction\",\"target\":{\"@type\":\"EntryPoint\",\"urlTemplate\":\"https:\/\/www.auditionsolidarite.org\/fr\/?s={search_term_string}\"},\"query-input\":\"required name=search_term_string\"}],\"inLanguage\":\"fr-FR\"},{\"@type\":\"Organization\",\"@id\":\"https:\/\/www.auditionsolidarite.org\/fr\/#organization\",\"name\":\"AuditionSolidarit\u00e9\",\"url\":\"https:\/\/www.auditionsolidarite.org\/fr\/\",\"logo\":{\"@type\":\"ImageObject\",\"inLanguage\":\"fr-FR\",\"@id\":\"https:\/\/www.auditionsolidarite.org\/fr\/#\/schema\/logo\/image\/\",\"url\":\"https:\/\/www.auditionsolidarite.org\/wp-content\/uploads\/2015\/07\/logo-audition-solidarite-e1446132259721.png\",\"contentUrl\":\"https:\/\/www.auditionsolidarite.org\/wp-content\/uploads\/2015\/07\/logo-audition-solidarite-e1446132259721.png\",\"width\":600,\"height\":593,\"caption\":\"AuditionSolidarit\u00e9\"},\"image\":{\"@id\":\"https:\/\/www.auditionsolidarite.org\/fr\/#\/schema\/logo\/image\/\"}}]}<\/script>\n<!-- \/ Yoast SEO plugin. -->","yoast_head_json":{"title":"Mission humanitaire au Vietnam - Bi\u00ean H\u00f2a 2019 - AuditionSolidarit\u00e9","robots":{"index":"index","follow":"follow","max-snippet":"max-snippet:-1","max-image-preview":"max-image-preview:large","max-video-preview":"max-video-preview:-1"},"canonical":"https:\/\/www.auditionsolidarite.org\/fr\/mission-humanitaire-vietnam-bien-hoa-2017-copy\/","og_locale":"fr_FR","og_type":"article","og_title":"Mission humanitaire au Vietnam - Bi\u00ean H\u00f2a 2019 - AuditionSolidarit\u00e9","og_description":"Pour la 4\u00e8me fois depuis 2015, l\u2019association humanitaire AuditionSolidarit\u00e9 s\u2019est rendue au Vietnam du 31 octobre au 8 novembre 2019 dans l\u2019\u00e9cole d\u2019enfants sourds et malentendants Hoa Lan \u00e0 Bi\u00ean H\u00f2a. Durant les 3 pr\u00e9c\u00e9dentes missions men\u00e9es entre 2015 et 2017, AuditionSolidarit\u00e9 avait appareill\u00e9 la totalit\u00e9 des \u00e9l\u00e8ves de l\u2019\u00e9cole et avait impuls\u00e9 des formations aupr\u00e8s des enseignantes (\u00e9cole tenue","og_url":"https:\/\/www.auditionsolidarite.org\/fr\/mission-humanitaire-vietnam-bien-hoa-2017-copy\/","og_site_name":"AuditionSolidarit\u00e9","article_modified_time":"2021-11-24T15:32:52+00:00","og_image":[{"width":600,"height":593,"url":"https:\/\/www.auditionsolidarite.org\/wp-content\/uploads\/2015\/07\/logo-audition-solidarite-e1446132259721.png","type":"image\/png"}],"twitter_card":"summary_large_image","twitter_misc":{"Dur\u00e9e de lecture estim\u00e9e":"3 minutes"},"schema":{"@context":"https:\/\/schema.org","@graph":[{"@type":"WebPage","@id":"https:\/\/www.auditionsolidarite.org\/fr\/mission-humanitaire-vietnam-bien-hoa-2017-copy\/","url":"https:\/\/www.auditionsolidarite.org\/fr\/mission-humanitaire-vietnam-bien-hoa-2017-copy\/","name":"Mission humanitaire au Vietnam - Bi\u00ean H\u00f2a 2019 - AuditionSolidarit\u00e9","isPartOf":{"@id":"https:\/\/www.auditionsolidarite.org\/fr\/#website"},"datePublished":"2021-11-24T15:31:20+00:00","dateModified":"2021-11-24T15:32:52+00:00","breadcrumb":{"@id":"https:\/\/www.auditionsolidarite.org\/fr\/mission-humanitaire-vietnam-bien-hoa-2017-copy\/#breadcrumb"},"inLanguage":"fr-FR","potentialAction":[{"@type":"ReadAction","target":[["https:\/\/www.auditionsolidarite.org\/fr\/mission-humanitaire-vietnam-bien-hoa-2017-copy\/"]]}]},{"@type":"BreadcrumbList","@id":"https:\/\/www.auditionsolidarite.org\/fr\/mission-humanitaire-vietnam-bien-hoa-2017-copy\/#breadcrumb","itemListElement":[{"@type":"ListItem","position":1,"name":"Accueil","item":"https:\/\/www.auditionsolidarite.org\/fr\/"},{"@type":"ListItem","position":2,"name":"Mission humanitaire au Vietnam &#8211; Bi\u00ean H\u00f2a 2019"}]},{"@type":"WebSite","@id":"https:\/\/www.auditionsolidarite.org\/fr\/#website","url":"https:\/\/www.auditionsolidarite.org\/fr\/","name":"AuditionSolidarit\u00e9","description":"Le hasard n&#039;existe pas ! Si vous \u00eates l\u00e0 aujourd&#039;hui, c&#039;est que le monde de l&#039;audition vous touche... Alors merci d&#039;\u00eatre l\u00e0 !","publisher":{"@id":"https:\/\/www.auditionsolidarite.org\/fr\/#organization"},"potentialAction":[{"@type":"SearchAction","target":{"@type":"EntryPoint","urlTemplate":"https:\/\/www.auditionsolidarite.org\/fr\/?s={search_term_string}"},"query-input":"required name=search_term_string"}],"inLanguage":"fr-FR"},{"@type":"Organization","@id":"https:\/\/www.auditionsolidarite.org\/fr\/#organization","name":"AuditionSolidarit\u00e9","url":"https:\/\/www.auditionsolidarite.org\/fr\/","logo":{"@type":"ImageObject","inLanguage":"fr-FR","@id":"https:\/\/www.auditionsolidarite.org\/fr\/#\/schema\/logo\/image\/","url":"https:\/\/www.auditionsolidarite.org\/wp-content\/uploads\/2015\/07\/logo-audition-solidarite-e1446132259721.png","contentUrl":"https:\/\/www.auditionsolidarite.org\/wp-content\/uploads\/2015\/07\/logo-audition-solidarite-e1446132259721.png","width":600,"height":593,"caption":"AuditionSolidarit\u00e9"},"image":{"@id":"https:\/\/www.auditionsolidarite.org\/fr\/#\/schema\/logo\/image\/"}}]}},"_links":{"self":[{"href":"https:\/\/www.auditionsolidarite.org\/fr\/wp-json\/wp\/v2\/pages\/8430"}],"collection":[{"href":"https:\/\/www.auditionsolidarite.org\/fr\/wp-json\/wp\/v2\/pages"}],"about":[{"href":"https:\/\/www.auditionsolidarite.org\/fr\/wp-json\/wp\/v2\/types\/page"}],"author":[{"embeddable":true,"href":"https:\/\/www.auditionsolidarite.org\/fr\/wp-json\/wp\/v2\/users\/2"}],"replies":[{"embeddable":true,"href":"https:\/\/www.auditionsolidarite.org\/fr\/wp-json\/wp\/v2\/comments?post=8430"}],"version-history":[{"count":1,"href":"https:\/\/www.auditionsolidarite.org\/fr\/wp-json\/wp\/v2\/pages\/8430\/revisions"}],"predecessor-version":[{"id":8431,"href":"https:\/\/www.auditionsolidarite.org\/fr\/wp-json\/wp\/v2\/pages\/8430\/revisions\/8431"}],"wp:attachment":[{"href":"https:\/\/www.auditionsolidarite.org\/fr\/wp-json\/wp\/v2\/media?parent=8430"}],"curies":[{"name":"wp","href":"https:\/\/api.w.org\/{rel}","templated":true}]}}