{"id":8378,"date":"2021-10-04T14:43:56","date_gmt":"2021-10-04T13:43:56","guid":{"rendered":"https:\/\/www.auditionsolidarite.org\/?page_id=8378"},"modified":"2021-10-04T14:43:56","modified_gmt":"2021-10-04T13:43:56","slug":"hopital-rothschild-paroisse-saint-marcel-paris-juin-2021","status":"publish","type":"page","link":"https:\/\/www.auditionsolidarite.org\/fr\/hopital-rothschild-paroisse-saint-marcel-paris-juin-2021\/","title":{"rendered":"H\u00f4pital Rothschild &#038; Paroisse Saint-Marcel, Paris \u2013 juin 2021"},"content":{"rendered":"<strong>Retour \u00e0 Paris pour 4 jours de mission humanitaire<b><br \/>\n<\/b><b><br \/>\n<\/b><\/strong><\/p>\n<p>Quel bonheur ! Apr\u00e8s 16 mois de pause forc\u00e9e, nous \u00e9tions enfin de retour \u00e0 Paris pour r\u00e9aliser une nouvelle mission \u2018Audition\u2019 aupr\u00e8s des personnes d\u00e9munies sourdes et malentendantes, quelle joie de retrouver le terrain\u2026<b><br \/>\n<\/b><b><br \/>\n<\/b><\/p>\n<p>Compte tenu de la situation sanitaire particuli\u00e8re et de ce long moment sans voir nos b\u00e9n\u00e9ficiaires la mission s\u2019est d\u00e9roul\u00e9e sur 4 jours, les 2 premiers \u00e0 l\u2019h\u00f4pital Rothschild \u00e9taient consacr\u00e9s aux nouveaux patients et les deux derniers \u00e0 la paroisse Saint-Marcel \u00e9taient consacr\u00e9s au suivi des patients que nous avons d\u00e9j\u00e0 appareill\u00e9s.<b><br \/>\n<\/b><b><br \/>\n<\/b><\/p>\n<p>Des sourires, des \u00e9motions, des moments de partage merveilleux, \u00e7a nous avait manqu\u00e9\u2026<b><br \/>\n<\/b><b><br \/>\n<\/b><b><\/b><b><\/b><\/p>\n<p><strong>Les chiffres :<\/strong><\/p>\n<table style=\"border-collapse: collapse; width: 100%;\" border=\"1\">\n<tbody>\n<tr>\n<td style=\"width: 100%;\">Au total sur les 4 jours<\/td>\n<\/tr>\n<tr>\n<td style=\"width: 100%;\">108 personnes accueillies<\/td>\n<\/tr>\n<tr>\n<td style=\"width: 100%;\">58 personnes appareill\u00e9es<\/td>\n<\/tr>\n<tr>\n<td style=\"width: 100%;\">96 appareils adapt\u00e9s<b><br \/>\n<\/b><\/td>\n<\/tr>\n<\/tbody>\n<\/table>\n<p>&nbsp;<\/p>\n<p><b>Le d\u00e9tail :<br \/>\n<\/b><\/p>\n<table style=\"border-collapse: collapse; width: 100%;\" border=\"1\">\n<tbody>\n<tr>\n<td style=\"width: 50%; text-align: left;\">H\u00f4pital Rothschild les 15 &amp; 16 juin<\/td>\n<td style=\"width: 50%; text-align: left;\">Paroisse Saint-Marcel les 17 &amp; 18 juin<\/td>\n<\/tr>\n<tr>\n<td style=\"width: 50%; text-align: left;\">49 personnes accueillies<\/td>\n<td style=\"width: 50%; text-align: left;\">59 personnes accueillies<\/td>\n<\/tr>\n<tr>\n<td style=\"width: 50%; text-align: left;\">25 personnes appareill\u00e9es<\/td>\n<td style=\"width: 50%; text-align: left;\">33 personnes appareill\u00e9es<\/td>\n<\/tr>\n<tr>\n<td style=\"width: 50%; text-align: left;\">43 appareils adapt\u00e9s<\/td>\n<td style=\"width: 50%; text-align: left;\">53 appareils adapt\u00e9s<\/td>\n<\/tr>\n<\/tbody>\n<\/table>\n<p>&nbsp;<\/p>\n<p><strong>Merci<\/strong> aux deux \u00e9quipes qui se sont succ\u00e9d\u00e9 sur ces 2 missions :<b><br \/>\n<\/b><b><br \/>\n<\/b><\/p>\n<ul>\n<li dir=\"auto\">Les audioproth\u00e9sistes : Kiki Bourger, Sophie Le Goff, Jean-Bernard Tissot, Michel Champault, Christophe Chary, Isabelle Gauchin, Fabien Riff, Thibaut Albouy et Xavier Audebert<b><br \/>\n<\/b><\/li>\n<li dir=\"auto\">L\u2019ortho : Laetitia Puissant-Schontz et H\u00e9l\u00e8ne Feuillie<\/li>\n<li dir=\"auto\">La fabrication des embouts : Georges Ormancey<\/li>\n<li dir=\"auto\">L\u2019ORL : Sandra Dannappel et Sylvie Claudin<\/li>\n<li dir=\"auto\">L\u2019\u00e9tudiante : Tabatha Deray et Aliz\u00e9e Tallec<\/li>\n<li dir=\"auto\">Le secr\u00e9tariat : Rachel Patlajean et Christelle Peignon<\/li>\n<li dir=\"auto\">La logistique : Carole, Adrien, Odile et Blandine<\/li>\n<li dir=\"auto\">Pour les gestes barri\u00e8res : Elie Libman, Catherine Candella et Sophie Maitre<\/li>\n<li dir=\"auto\">En renfort pour les audioproth\u00e9sistes : Olivier Akerib et Gilles Kutlcheyan<b><br \/>\n<\/b><b><br \/>\n<\/b><\/li>\n<\/ul>\n<p><strong>Merci<\/strong> \u00e0 l&#8217;H\u00f4pital Rothschild AP-HP et \u00e0 la Paroisse Saint-Marcel pour leur accueil.<b><br \/>\n<\/b><b><br \/>\n<\/b><b><b> <\/b> <\/b><\/p>\n<p>Un grand <strong>Merci<\/strong> \u00e0 la Fondation Zephyr, \u00e0 La Fondation Sarepta, \u00e0 la Fondation Tolot, \u00e0 la Fondation UP, \u00e0 la Fondation NEHS, \u00e0 la Fondation Cr\u00e9dit Agricole, \u00e0 la Fondation Petits Fr\u00e8res des Pauvres et \u00e0 la Fondation Swiss Life pour leur soutien si pr\u00e9cieux.<b><b><br \/>\n<\/b><b><br \/>\n<\/b><\/b>Prochaine mission \u00e0 Paris :<\/p>\n<ul>\n<li>28 et 29 septembre pour les primo-consultants (H\u00f4pital Rothschild)<b><br \/>\n<\/b><b><\/b><\/li>\n<li>30 septembre et 1er octobre pour les contr\u00f4les (Paroisse Saint-Marcel)<b><\/b><b><\/b><b><\/b><\/li>\n<\/ul>\n<p>&nbsp;<\/p>\n<p style=\"text-align: center;\"><strong>Interview &#8211; \u00c9quipe H\u00f4pital Rothschild AP-HP<\/strong><\/p>\n<table style=\"width: 700px;\">\n<tbody>\n<tr>\n<td style=\"text-align: center; width: 236px;\">Christophe Chary <b><br \/>\n<\/b>Audioproth\u00e9siste<br \/>\n<iframe loading=\"lazy\" title=\"YouTube video player\" src=\"https:\/\/www.youtube-nocookie.com\/embed\/gGvvipg7gIc\" width=\"250\" height=\"180\" frameborder=\"0\" allowfullscreen=\"allowfullscreen\"><\/iframe><\/td>\n<td style=\"text-align: center; width: 236px;\">\n<p class=\"title style-scope ytd-video-primary-info-renderer\">Sandra Dannappel<b><br \/>\n<\/b>O.R.L<b><br \/>\n<iframe loading=\"lazy\" title=\"YouTube video player\" src=\"https:\/\/www.youtube-nocookie.com\/embed\/o1c0RmT0EIU\" width=\"250\" height=\"180\" frameborder=\"0\" allowfullscreen=\"allowfullscreen\"><\/iframe><br \/>\n<\/b><\/p>\n<\/td>\n<td style=\"text-align: center; width: 228px;\">\n<p class=\"title style-scope ytd-video-primary-info-renderer\">Catherine Candella<b><br \/>\n<\/b>Logistique<b><br \/>\n<iframe loading=\"lazy\" title=\"YouTube video player\" src=\"https:\/\/www.youtube-nocookie.com\/embed\/FC8iFu0LZbo\" width=\"250\" height=\"180\" frameborder=\"0\" allowfullscreen=\"allowfullscreen\"><span style=\"display: inline-block; width: 0px; overflow: hidden; line-height: 0;\" data-mce-type=\"bookmark\" class=\"mce_SELRES_start\">\ufeff<\/span><\/iframe><br \/>\n<\/b><\/p>\n<\/td>\n<\/tr>\n<tr>\n<td style=\"text-align: center; width: 236px;\">\n<p class=\"title style-scope ytd-video-primary-info-renderer\">Jean-Bernard Tissot<b><br \/>\n<\/b>Audioproth\u00e9siste<b><br \/>\n<iframe loading=\"lazy\" title=\"YouTube video player\" src=\"https:\/\/www.youtube-nocookie.com\/embed\/JGUbhhmU6M4\" width=\"250\" height=\"180\" frameborder=\"0\" allowfullscreen=\"allowfullscreen\"><\/iframe><br \/>\n<\/b><\/p>\n<\/td>\n<td style=\"text-align: center; width: 236px;\">\n<p class=\"title style-scope ytd-video-primary-info-renderer\">Laetitia Puissant-Schontz<b><br \/>\n<\/b>Orthophoniste<br \/>\n<iframe loading=\"lazy\" title=\"YouTube video player\" src=\"https:\/\/www.youtube-nocookie.com\/embed\/IYltzAJpu4I\" width=\"250\" height=\"180\" frameborder=\"0\" allowfullscreen=\"allowfullscreen\"><\/iframe><\/p>\n<\/td>\n<td style=\"text-align: center; width: 228px;\">\n<p class=\"title style-scope ytd-video-primary-info-renderer\">Michel Champault<b><br \/>\n<\/b>Audioproth\u00e9siste<br \/>\n<iframe loading=\"lazy\" title=\"YouTube video player\" src=\"https:\/\/www.youtube-nocookie.com\/embed\/ueTXFRFHQWo\" width=\"250\" height=\"180\" frameborder=\"0\" allowfullscreen=\"allowfullscreen\"><span style=\"display: inline-block; width: 0px; overflow: hidden; line-height: 0;\" data-mce-type=\"bookmark\" class=\"mce_SELRES_start\">\ufeff<\/span><\/iframe><\/p>\n<\/td>\n<\/tr>\n<tr>\n<td style=\"text-align: center; width: 236px;\">Rachel Patlajean<b><b><br \/>\n<iframe loading=\"lazy\" title=\"YouTube video player\" src=\"https:\/\/www.youtube-nocookie.com\/embed\/DDyq8X1f5ZI\" width=\"250\" height=\"180\" frameborder=\"0\" allowfullscreen=\"allowfullscreen\"><span style=\"display: inline-block; width: 0px; overflow: hidden; line-height: 0;\" data-mce-type=\"bookmark\" class=\"mce_SELRES_start\">\ufeff<\/span><\/iframe><\/b><\/b><\/td>\n<td style=\"text-align: center; width: 236px;\"><\/td>\n<td style=\"text-align: center; width: 228px;\"><\/td>\n<\/tr>\n<\/tbody>\n<\/table>\n<p style=\"text-align: center;\"><b><strong><b><br \/>\n<\/b>Interview &#8211; \u00c9quipe Paroisse Saint-Marcel<\/strong><\/b><b><br \/>\n<\/b><\/p>\n<table style=\"border-collapse: collapse; width: 100%;\" border=\"1\">\n<tbody>\n<tr>\n<td style=\"width: 34.1429%;\">\n<p style=\"text-align: center;\">Thibaut Albouy<b><br \/>\n<\/b>Audioproth\u00e9siste<\/p>\n<p><iframe loading=\"lazy\" title=\"YouTube video player\" src=\"https:\/\/www.youtube-nocookie.com\/embed\/GeG7sTfmkCw\" width=\"250\" height=\"180\" frameborder=\"0\" allowfullscreen=\"allowfullscreen\"><\/iframe><\/td>\n<td style=\"width: 31%;\">\n<p style=\"text-align: center;\">Christ\u00e8le Peignon<b><br \/>\n<\/b>Secr\u00e9tariat<\/p>\n<p><iframe loading=\"lazy\" title=\"YouTube video player\" src=\"https:\/\/www.youtube-nocookie.com\/embed\/X2FcdNSdkQs\" width=\"250\" height=\"180\" frameborder=\"0\" allowfullscreen=\"allowfullscreen\"><\/iframe><\/td>\n<td style=\"width: 34.8571%; text-align: center;\">Xavier Audebert<b><br \/>\n<\/b>Audioproth\u00e9siste<br \/>\n<iframe loading=\"lazy\" title=\"YouTube video player\" src=\"https:\/\/www.youtube-nocookie.com\/embed\/jwxvMeKFlNQ\" width=\"250\" height=\"180\" frameborder=\"0\" allowfullscreen=\"allowfullscreen\"><span style=\"display: inline-block; width: 0px; overflow: hidden; line-height: 0;\" data-mce-type=\"bookmark\" class=\"mce_SELRES_start\">\ufeff<\/span><\/iframe><\/td>\n<\/tr>\n<tr>\n<td style=\"width: 34.1429%; text-align: center;\">Fabien Riff<b><br \/>\n<\/b>Audioproth\u00e9siste<br \/>\n<iframe loading=\"lazy\" title=\"YouTube video player\" src=\"https:\/\/www.youtube-nocookie.com\/embed\/vfVdjB8fJco\" width=\"250\" height=\"180\" frameborder=\"0\" allowfullscreen=\"allowfullscreen\"><\/iframe><\/td>\n<td style=\"width: 31%;\"><\/td>\n<td style=\"width: 34.8571%;\"><\/td>\n<\/tr>\n<\/tbody>\n<\/table>\n<p>&nbsp;<\/p>\n<p><a href=\"\/\/www.auditionsolidarite.org\/wp-content\/uploads\/2021\/06\/copie-0_Rothschild-2.jpg\"><img loading=\"lazy\" decoding=\"async\" class=\"aligncenter wp-image-8243\" src=\"\/\/www.auditionsolidarite.org\/wp-content\/uploads\/2021\/06\/copie-0_Rothschild-2.jpg\" alt=\"\" width=\"500\" height=\"375\" srcset=\"https:\/\/www.auditionsolidarite.org\/wp-content\/uploads\/2021\/06\/copie-0_Rothschild-2.jpg 1601w, https:\/\/www.auditionsolidarite.org\/wp-content\/uploads\/2021\/06\/copie-0_Rothschild-2-300x225.jpg 300w, https:\/\/www.auditionsolidarite.org\/wp-content\/uploads\/2021\/06\/copie-0_Rothschild-2-1024x768.jpg 1024w, https:\/\/www.auditionsolidarite.org\/wp-content\/uploads\/2021\/06\/copie-0_Rothschild-2-768x576.jpg 768w, https:\/\/www.auditionsolidarite.org\/wp-content\/uploads\/2021\/06\/copie-0_Rothschild-2-1536x1151.jpg 1536w\" sizes=\"(max-width: 500px) 100vw, 500px\" \/><\/a><a href=\"\/\/www.auditionsolidarite.org\/wp-content\/uploads\/2021\/06\/copie-0_Paroisse_juin-45.jpg\"><img loading=\"lazy\" decoding=\"async\" class=\"aligncenter wp-image-8240\" src=\"\/\/www.auditionsolidarite.org\/wp-content\/uploads\/2021\/06\/copie-0_Paroisse_juin-45.jpg\" alt=\"\" width=\"500\" height=\"375\" srcset=\"https:\/\/www.auditionsolidarite.org\/wp-content\/uploads\/2021\/06\/copie-0_Paroisse_juin-45.jpg 1601w, https:\/\/www.auditionsolidarite.org\/wp-content\/uploads\/2021\/06\/copie-0_Paroisse_juin-45-300x225.jpg 300w, https:\/\/www.auditionsolidarite.org\/wp-content\/uploads\/2021\/06\/copie-0_Paroisse_juin-45-1024x768.jpg 1024w, https:\/\/www.auditionsolidarite.org\/wp-content\/uploads\/2021\/06\/copie-0_Paroisse_juin-45-768x576.jpg 768w, https:\/\/www.auditionsolidarite.org\/wp-content\/uploads\/2021\/06\/copie-0_Paroisse_juin-45-1536x1151.jpg 1536w\" sizes=\"(max-width: 500px) 100vw, 500px\" \/><\/a><a href=\"\/\/www.auditionsolidarite.org\/wp-content\/uploads\/2021\/06\/copie-0_Paroisse_juin-76.jpg\"><img loading=\"lazy\" decoding=\"async\" class=\"aligncenter wp-image-8241\" src=\"\/\/www.auditionsolidarite.org\/wp-content\/uploads\/2021\/06\/copie-0_Paroisse_juin-76.jpg\" alt=\"\" width=\"500\" height=\"375\" srcset=\"https:\/\/www.auditionsolidarite.org\/wp-content\/uploads\/2021\/06\/copie-0_Paroisse_juin-76.jpg 1601w, https:\/\/www.auditionsolidarite.org\/wp-content\/uploads\/2021\/06\/copie-0_Paroisse_juin-76-300x225.jpg 300w, https:\/\/www.auditionsolidarite.org\/wp-content\/uploads\/2021\/06\/copie-0_Paroisse_juin-76-1024x768.jpg 1024w, https:\/\/www.auditionsolidarite.org\/wp-content\/uploads\/2021\/06\/copie-0_Paroisse_juin-76-768x576.jpg 768w, https:\/\/www.auditionsolidarite.org\/wp-content\/uploads\/2021\/06\/copie-0_Paroisse_juin-76-1536x1151.jpg 1536w\" sizes=\"(max-width: 500px) 100vw, 500px\" \/><\/a> <a href=\"\/\/www.auditionsolidarite.org\/wp-content\/uploads\/2021\/06\/copie-0_Paroisse_juin-78.jpg\"><img loading=\"lazy\" decoding=\"async\" class=\"aligncenter wp-image-8242\" src=\"\/\/www.auditionsolidarite.org\/wp-content\/uploads\/2021\/06\/copie-0_Paroisse_juin-78.jpg\" alt=\"\" width=\"500\" height=\"375\" srcset=\"https:\/\/www.auditionsolidarite.org\/wp-content\/uploads\/2021\/06\/copie-0_Paroisse_juin-78.jpg 1601w, https:\/\/www.auditionsolidarite.org\/wp-content\/uploads\/2021\/06\/copie-0_Paroisse_juin-78-300x225.jpg 300w, https:\/\/www.auditionsolidarite.org\/wp-content\/uploads\/2021\/06\/copie-0_Paroisse_juin-78-1024x768.jpg 1024w, https:\/\/www.auditionsolidarite.org\/wp-content\/uploads\/2021\/06\/copie-0_Paroisse_juin-78-768x576.jpg 768w, https:\/\/www.auditionsolidarite.org\/wp-content\/uploads\/2021\/06\/copie-0_Paroisse_juin-78-1536x1151.jpg 1536w\" sizes=\"(max-width: 500px) 100vw, 500px\" \/><\/a>","protected":false},"excerpt":{"rendered":"<p>Retour \u00e0 Paris pour 4 jours de mission humanitaire Quel bonheur ! Apr\u00e8s 16 mois de pause forc\u00e9e, nous \u00e9tions enfin de retour \u00e0 Paris pour r\u00e9aliser une nouvelle mission \u2018Audition\u2019 aupr\u00e8s des personnes d\u00e9munies sourdes et malentendantes, quelle joie de retrouver le terrain\u2026 Compte tenu de la situation sanitaire particuli\u00e8re et de ce long moment sans voir nos b\u00e9n\u00e9ficiaires<\/p>\n","protected":false},"author":2,"featured_media":0,"parent":0,"menu_order":0,"comment_status":"closed","ping_status":"closed","template":"","meta":{"footnotes":""},"acf":[],"yoast_head":"<!-- This site is optimized with the Yoast SEO plugin v21.9.1 - https:\/\/yoast.com\/wordpress\/plugins\/seo\/ -->\n<title>H\u00f4pital Rothschild &amp; Paroisse Saint-Marcel, Paris \u2013 juin 2021 - AuditionSolidarit\u00e9<\/title>\n<meta name=\"robots\" content=\"index, follow, max-snippet:-1, max-image-preview:large, max-video-preview:-1\" \/>\n<link rel=\"canonical\" href=\"https:\/\/www.auditionsolidarite.org\/fr\/hopital-rothschild-paroisse-saint-marcel-paris-juin-2021\/\" \/>\n<meta property=\"og:locale\" content=\"fr_FR\" \/>\n<meta property=\"og:type\" content=\"article\" \/>\n<meta property=\"og:title\" content=\"H\u00f4pital Rothschild &amp; Paroisse Saint-Marcel, Paris \u2013 juin 2021 - AuditionSolidarit\u00e9\" \/>\n<meta property=\"og:description\" content=\"Retour \u00e0 Paris pour 4 jours de mission humanitaire Quel bonheur ! Apr\u00e8s 16 mois de pause forc\u00e9e, nous \u00e9tions enfin de retour \u00e0 Paris pour r\u00e9aliser une nouvelle mission \u2018Audition\u2019 aupr\u00e8s des personnes d\u00e9munies sourdes et malentendantes, quelle joie de retrouver le terrain\u2026 Compte tenu de la situation sanitaire particuli\u00e8re et de ce long moment sans voir nos b\u00e9n\u00e9ficiaires\" \/>\n<meta property=\"og:url\" content=\"https:\/\/www.auditionsolidarite.org\/fr\/hopital-rothschild-paroisse-saint-marcel-paris-juin-2021\/\" \/>\n<meta property=\"og:site_name\" content=\"AuditionSolidarit\u00e9\" \/>\n<meta property=\"og:image\" content=\"https:\/\/www.auditionsolidarite.org\/wp-content\/uploads\/2015\/07\/logo-audition-solidarite-e1446132259721.png\" \/>\n\t<meta property=\"og:image:width\" content=\"600\" \/>\n\t<meta property=\"og:image:height\" content=\"593\" \/>\n\t<meta property=\"og:image:type\" content=\"image\/png\" \/>\n<meta name=\"twitter:card\" content=\"summary_large_image\" \/>\n<meta name=\"twitter:label1\" content=\"Dur\u00e9e de lecture estim\u00e9e\" \/>\n\t<meta name=\"twitter:data1\" content=\"3 minutes\" \/>\n<script type=\"application\/ld+json\" class=\"yoast-schema-graph\">{\"@context\":\"https:\/\/schema.org\",\"@graph\":[{\"@type\":\"WebPage\",\"@id\":\"https:\/\/www.auditionsolidarite.org\/fr\/hopital-rothschild-paroisse-saint-marcel-paris-juin-2021\/\",\"url\":\"https:\/\/www.auditionsolidarite.org\/fr\/hopital-rothschild-paroisse-saint-marcel-paris-juin-2021\/\",\"name\":\"H\u00f4pital Rothschild & Paroisse Saint-Marcel, Paris \u2013 juin 2021 - AuditionSolidarit\u00e9\",\"isPartOf\":{\"@id\":\"https:\/\/www.auditionsolidarite.org\/fr\/#website\"},\"datePublished\":\"2021-10-04T13:43:56+00:00\",\"dateModified\":\"2021-10-04T13:43:56+00:00\",\"breadcrumb\":{\"@id\":\"https:\/\/www.auditionsolidarite.org\/fr\/hopital-rothschild-paroisse-saint-marcel-paris-juin-2021\/#breadcrumb\"},\"inLanguage\":\"fr-FR\",\"potentialAction\":[{\"@type\":\"ReadAction\",\"target\":[[\"https:\/\/www.auditionsolidarite.org\/fr\/hopital-rothschild-paroisse-saint-marcel-paris-juin-2021\/\"]]}]},{\"@type\":\"BreadcrumbList\",\"@id\":\"https:\/\/www.auditionsolidarite.org\/fr\/hopital-rothschild-paroisse-saint-marcel-paris-juin-2021\/#breadcrumb\",\"itemListElement\":[{\"@type\":\"ListItem\",\"position\":1,\"name\":\"Accueil\",\"item\":\"https:\/\/www.auditionsolidarite.org\/fr\/\"},{\"@type\":\"ListItem\",\"position\":2,\"name\":\"H\u00f4pital Rothschild &#038; Paroisse Saint-Marcel, Paris \u2013 juin 2021\"}]},{\"@type\":\"WebSite\",\"@id\":\"https:\/\/www.auditionsolidarite.org\/fr\/#website\",\"url\":\"https:\/\/www.auditionsolidarite.org\/fr\/\",\"name\":\"AuditionSolidarit\u00e9\",\"description\":\"Le hasard n&#039;existe pas ! Si vous \u00eates l\u00e0 aujourd&#039;hui, c&#039;est que le monde de l&#039;audition vous touche... Alors merci d&#039;\u00eatre l\u00e0 !\",\"publisher\":{\"@id\":\"https:\/\/www.auditionsolidarite.org\/fr\/#organization\"},\"potentialAction\":[{\"@type\":\"SearchAction\",\"target\":{\"@type\":\"EntryPoint\",\"urlTemplate\":\"https:\/\/www.auditionsolidarite.org\/fr\/?s={search_term_string}\"},\"query-input\":\"required name=search_term_string\"}],\"inLanguage\":\"fr-FR\"},{\"@type\":\"Organization\",\"@id\":\"https:\/\/www.auditionsolidarite.org\/fr\/#organization\",\"name\":\"AuditionSolidarit\u00e9\",\"url\":\"https:\/\/www.auditionsolidarite.org\/fr\/\",\"logo\":{\"@type\":\"ImageObject\",\"inLanguage\":\"fr-FR\",\"@id\":\"https:\/\/www.auditionsolidarite.org\/fr\/#\/schema\/logo\/image\/\",\"url\":\"https:\/\/www.auditionsolidarite.org\/wp-content\/uploads\/2015\/07\/logo-audition-solidarite-e1446132259721.png\",\"contentUrl\":\"https:\/\/www.auditionsolidarite.org\/wp-content\/uploads\/2015\/07\/logo-audition-solidarite-e1446132259721.png\",\"width\":600,\"height\":593,\"caption\":\"AuditionSolidarit\u00e9\"},\"image\":{\"@id\":\"https:\/\/www.auditionsolidarite.org\/fr\/#\/schema\/logo\/image\/\"}}]}<\/script>\n<!-- \/ Yoast SEO plugin. -->","yoast_head_json":{"title":"H\u00f4pital Rothschild & Paroisse Saint-Marcel, Paris \u2013 juin 2021 - AuditionSolidarit\u00e9","robots":{"index":"index","follow":"follow","max-snippet":"max-snippet:-1","max-image-preview":"max-image-preview:large","max-video-preview":"max-video-preview:-1"},"canonical":"https:\/\/www.auditionsolidarite.org\/fr\/hopital-rothschild-paroisse-saint-marcel-paris-juin-2021\/","og_locale":"fr_FR","og_type":"article","og_title":"H\u00f4pital Rothschild & Paroisse Saint-Marcel, Paris \u2013 juin 2021 - AuditionSolidarit\u00e9","og_description":"Retour \u00e0 Paris pour 4 jours de mission humanitaire Quel bonheur ! Apr\u00e8s 16 mois de pause forc\u00e9e, nous \u00e9tions enfin de retour \u00e0 Paris pour r\u00e9aliser une nouvelle mission \u2018Audition\u2019 aupr\u00e8s des personnes d\u00e9munies sourdes et malentendantes, quelle joie de retrouver le terrain\u2026 Compte tenu de la situation sanitaire particuli\u00e8re et de ce long moment sans voir nos b\u00e9n\u00e9ficiaires","og_url":"https:\/\/www.auditionsolidarite.org\/fr\/hopital-rothschild-paroisse-saint-marcel-paris-juin-2021\/","og_site_name":"AuditionSolidarit\u00e9","og_image":[{"width":600,"height":593,"url":"https:\/\/www.auditionsolidarite.org\/wp-content\/uploads\/2015\/07\/logo-audition-solidarite-e1446132259721.png","type":"image\/png"}],"twitter_card":"summary_large_image","twitter_misc":{"Dur\u00e9e de lecture estim\u00e9e":"3 minutes"},"schema":{"@context":"https:\/\/schema.org","@graph":[{"@type":"WebPage","@id":"https:\/\/www.auditionsolidarite.org\/fr\/hopital-rothschild-paroisse-saint-marcel-paris-juin-2021\/","url":"https:\/\/www.auditionsolidarite.org\/fr\/hopital-rothschild-paroisse-saint-marcel-paris-juin-2021\/","name":"H\u00f4pital Rothschild & Paroisse Saint-Marcel, Paris \u2013 juin 2021 - AuditionSolidarit\u00e9","isPartOf":{"@id":"https:\/\/www.auditionsolidarite.org\/fr\/#website"},"datePublished":"2021-10-04T13:43:56+00:00","dateModified":"2021-10-04T13:43:56+00:00","breadcrumb":{"@id":"https:\/\/www.auditionsolidarite.org\/fr\/hopital-rothschild-paroisse-saint-marcel-paris-juin-2021\/#breadcrumb"},"inLanguage":"fr-FR","potentialAction":[{"@type":"ReadAction","target":[["https:\/\/www.auditionsolidarite.org\/fr\/hopital-rothschild-paroisse-saint-marcel-paris-juin-2021\/"]]}]},{"@type":"BreadcrumbList","@id":"https:\/\/www.auditionsolidarite.org\/fr\/hopital-rothschild-paroisse-saint-marcel-paris-juin-2021\/#breadcrumb","itemListElement":[{"@type":"ListItem","position":1,"name":"Accueil","item":"https:\/\/www.auditionsolidarite.org\/fr\/"},{"@type":"ListItem","position":2,"name":"H\u00f4pital Rothschild &#038; Paroisse Saint-Marcel, Paris \u2013 juin 2021"}]},{"@type":"WebSite","@id":"https:\/\/www.auditionsolidarite.org\/fr\/#website","url":"https:\/\/www.auditionsolidarite.org\/fr\/","name":"AuditionSolidarit\u00e9","description":"Le hasard n&#039;existe pas ! Si vous \u00eates l\u00e0 aujourd&#039;hui, c&#039;est que le monde de l&#039;audition vous touche... Alors merci d&#039;\u00eatre l\u00e0 !","publisher":{"@id":"https:\/\/www.auditionsolidarite.org\/fr\/#organization"},"potentialAction":[{"@type":"SearchAction","target":{"@type":"EntryPoint","urlTemplate":"https:\/\/www.auditionsolidarite.org\/fr\/?s={search_term_string}"},"query-input":"required name=search_term_string"}],"inLanguage":"fr-FR"},{"@type":"Organization","@id":"https:\/\/www.auditionsolidarite.org\/fr\/#organization","name":"AuditionSolidarit\u00e9","url":"https:\/\/www.auditionsolidarite.org\/fr\/","logo":{"@type":"ImageObject","inLanguage":"fr-FR","@id":"https:\/\/www.auditionsolidarite.org\/fr\/#\/schema\/logo\/image\/","url":"https:\/\/www.auditionsolidarite.org\/wp-content\/uploads\/2015\/07\/logo-audition-solidarite-e1446132259721.png","contentUrl":"https:\/\/www.auditionsolidarite.org\/wp-content\/uploads\/2015\/07\/logo-audition-solidarite-e1446132259721.png","width":600,"height":593,"caption":"AuditionSolidarit\u00e9"},"image":{"@id":"https:\/\/www.auditionsolidarite.org\/fr\/#\/schema\/logo\/image\/"}}]}},"_links":{"self":[{"href":"https:\/\/www.auditionsolidarite.org\/fr\/wp-json\/wp\/v2\/pages\/8378"}],"collection":[{"href":"https:\/\/www.auditionsolidarite.org\/fr\/wp-json\/wp\/v2\/pages"}],"about":[{"href":"https:\/\/www.auditionsolidarite.org\/fr\/wp-json\/wp\/v2\/types\/page"}],"author":[{"embeddable":true,"href":"https:\/\/www.auditionsolidarite.org\/fr\/wp-json\/wp\/v2\/users\/2"}],"replies":[{"embeddable":true,"href":"https:\/\/www.auditionsolidarite.org\/fr\/wp-json\/wp\/v2\/comments?post=8378"}],"version-history":[{"count":1,"href":"https:\/\/www.auditionsolidarite.org\/fr\/wp-json\/wp\/v2\/pages\/8378\/revisions"}],"predecessor-version":[{"id":8379,"href":"https:\/\/www.auditionsolidarite.org\/fr\/wp-json\/wp\/v2\/pages\/8378\/revisions\/8379"}],"wp:attachment":[{"href":"https:\/\/www.auditionsolidarite.org\/fr\/wp-json\/wp\/v2\/media?parent=8378"}],"curies":[{"name":"wp","href":"https:\/\/api.w.org\/{rel}","templated":true}]}}