{"id":8357,"date":"2021-09-23T15:32:53","date_gmt":"2021-09-23T14:32:53","guid":{"rendered":"https:\/\/www.auditionsolidarite.org\/?page_id=8357"},"modified":"2021-09-23T15:32:53","modified_gmt":"2021-09-23T14:32:53","slug":"hopital-de-la-conception-marseille-mars-2020","status":"publish","type":"page","link":"https:\/\/www.auditionsolidarite.org\/fr\/hopital-de-la-conception-marseille-mars-2020\/","title":{"rendered":"H\u00f4pital de la Conception, Marseille &#8211; Mars 2020"},"content":{"rendered":"<strong>AuditionSolidarit\u00e9 \u00e9tait de retour dans les locaux de l&#8217;h\u00f4pital de la Conception les 3 et 4 mars 2020 pour assurer la premi\u00e8re mission &#8220;Audition&#8221; de l&#8217;ann\u00e9e \u00e0 Marseille<b>.<br \/>\n<\/b><\/strong><b><b><\/b><\/b><br \/>\nDeux tr\u00e8s belles journ\u00e9es avec une \u00e9quipe formidable et des moments de vie tr\u00e8s \u00e9mouvants&#8230; <strong>20 personnes<\/strong> vivant dans une grande pr\u00e9carit\u00e9 ont \u00e9t\u00e9 accueillies, <strong>10 venaient pour la 1\u00e8re fois<\/strong> et <strong>10 en suivi<\/strong>. Au total <strong>7 personnes ont \u00e9t\u00e9 appareill\u00e9es<\/strong> et <strong>13 appareils auditifs ont \u00e9t\u00e9 adapt\u00e9s<\/strong>.<b><br \/>\n<\/b><b><br \/>\n<\/b>Un grand merci \u00e0 la Fondation Zephyr, Fondation Sarepta, Fondation La France s&#8217;engage et Fondation Up qui soutiennent cette action.<b><br \/>\n<\/b><b><br \/>\n<\/b><b><b><\/b><\/b><b><\/b><b><\/b><b><\/b><b><\/b>Merci aux audioproth\u00e9sistes : Philippe Chanteur, V\u00e9ronique Mercier-Calletti et Christine Bourger<b><br \/>\n<\/b>Merci \u00e0 Sylvie Claudin, l&#8217;ORL<br \/>\nMerci \u00e0 l&#8217;orthophoniste Clotilde Faure<br \/>\nMerci au fabriquant d&#8217;embouts Julien Bartoli<b><b><br \/>\n<\/b><b><br \/>\n<\/b><\/b><\/p>\n<p>Merci \u00e0 l&#8217;\u00e9quipe de l&#8217;AP-HM Assistance Publique &#8211; H\u00f4pitaux de Marseille <b><br \/>\n<\/b><b><br \/>\n<\/b>Retour \u00e0 l&#8217;h\u00f4pital La Conception Marseille en juin 2021 (\u00e0 d\u00e9finir&#8230;)<b><b><br \/>\n<\/b><b><br \/>\n<\/b><\/b><b><b> <\/b> <b><\/b><\/b><b><\/b><\/p>\n<p style=\"text-align: center;\"><strong>Interviews de l&#8217;\u00e9quipe<\/strong><\/p>\n<table>\n<tbody>\n<tr>\n<td style=\"text-align: center;\">V\u00e9ronique Mercier-Calletti &#8211; Audioproth\u00e9siste<b><br \/>\n<iframe loading=\"lazy\" title=\"YouTube video player\" src=\"https:\/\/www.youtube-nocookie.com\/embed\/_9Cbvx_JQgY\" width=\"250\" height=\"180\" frameborder=\"0\" allowfullscreen=\"allowfullscreen\"><\/iframe><br \/>\n<\/b><\/td>\n<td style=\"text-align: center;\">Philippe Chanteur &#8211; Audioproth\u00e9siste<b><br \/>\n<iframe loading=\"lazy\" title=\"YouTube video player\" src=\"https:\/\/www.youtube-nocookie.com\/embed\/icVaHmW6aVI\" width=\"250\" height=\"180\" frameborder=\"0\" allowfullscreen=\"allowfullscreen\"><\/iframe><br \/>\n<\/b><\/td>\n<\/tr>\n<\/tbody>\n<\/table>\n<p><img loading=\"lazy\" decoding=\"async\" class=\"aligncenter wp-image-7289\" src=\"\/\/www.auditionsolidarite.org\/wp-content\/uploads\/2020\/03\/Marseille-Mars-2020-28-Copier.jpg\" alt=\"\" width=\"550\" height=\"413\" srcset=\"https:\/\/www.auditionsolidarite.org\/wp-content\/uploads\/2020\/03\/Marseille-Mars-2020-28-Copier.jpg 900w, https:\/\/www.auditionsolidarite.org\/wp-content\/uploads\/2020\/03\/Marseille-Mars-2020-28-Copier-300x225.jpg 300w, https:\/\/www.auditionsolidarite.org\/wp-content\/uploads\/2020\/03\/Marseille-Mars-2020-28-Copier-768x576.jpg 768w\" sizes=\"(max-width: 550px) 100vw, 550px\" \/><img loading=\"lazy\" decoding=\"async\" class=\"aligncenter wp-image-7287\" src=\"\/\/www.auditionsolidarite.org\/wp-content\/uploads\/2020\/03\/Marseille-Mars-2020-10-Copier.jpg\" alt=\"\" width=\"550\" height=\"413\" srcset=\"https:\/\/www.auditionsolidarite.org\/wp-content\/uploads\/2020\/03\/Marseille-Mars-2020-10-Copier.jpg 900w, https:\/\/www.auditionsolidarite.org\/wp-content\/uploads\/2020\/03\/Marseille-Mars-2020-10-Copier-300x225.jpg 300w, https:\/\/www.auditionsolidarite.org\/wp-content\/uploads\/2020\/03\/Marseille-Mars-2020-10-Copier-768x576.jpg 768w\" sizes=\"(max-width: 550px) 100vw, 550px\" \/> <img loading=\"lazy\" decoding=\"async\" class=\"aligncenter wp-image-7288\" src=\"\/\/www.auditionsolidarite.org\/wp-content\/uploads\/2020\/03\/Marseille-Mars-2020-23-Copier.jpg\" alt=\"\" width=\"550\" height=\"413\" srcset=\"https:\/\/www.auditionsolidarite.org\/wp-content\/uploads\/2020\/03\/Marseille-Mars-2020-23-Copier.jpg 900w, https:\/\/www.auditionsolidarite.org\/wp-content\/uploads\/2020\/03\/Marseille-Mars-2020-23-Copier-300x225.jpg 300w, https:\/\/www.auditionsolidarite.org\/wp-content\/uploads\/2020\/03\/Marseille-Mars-2020-23-Copier-768x576.jpg 768w\" sizes=\"(max-width: 550px) 100vw, 550px\" \/>","protected":false},"excerpt":{"rendered":"<p>AuditionSolidarit\u00e9 \u00e9tait de retour dans les locaux de l&#8217;h\u00f4pital de la Conception les 3 et 4 mars 2020 pour assurer la premi\u00e8re mission &#8220;Audition&#8221; de l&#8217;ann\u00e9e \u00e0 Marseille. Deux tr\u00e8s belles journ\u00e9es avec une \u00e9quipe formidable et des moments de vie tr\u00e8s \u00e9mouvants&#8230; 20 personnes vivant dans une grande pr\u00e9carit\u00e9 ont \u00e9t\u00e9 accueillies, 10 venaient pour la 1\u00e8re fois et<\/p>\n","protected":false},"author":2,"featured_media":0,"parent":0,"menu_order":0,"comment_status":"closed","ping_status":"closed","template":"","meta":{"footnotes":""},"acf":[],"yoast_head":"<!-- This site is optimized with the Yoast SEO plugin v21.9.1 - https:\/\/yoast.com\/wordpress\/plugins\/seo\/ -->\n<title>H\u00f4pital de la Conception, Marseille - Mars 2020 - AuditionSolidarit\u00e9<\/title>\n<meta name=\"robots\" content=\"index, follow, max-snippet:-1, max-image-preview:large, max-video-preview:-1\" \/>\n<link rel=\"canonical\" href=\"https:\/\/www.auditionsolidarite.org\/fr\/hopital-de-la-conception-marseille-mars-2020\/\" \/>\n<meta property=\"og:locale\" content=\"fr_FR\" \/>\n<meta property=\"og:type\" content=\"article\" \/>\n<meta property=\"og:title\" content=\"H\u00f4pital de la Conception, Marseille - Mars 2020 - AuditionSolidarit\u00e9\" \/>\n<meta property=\"og:description\" content=\"AuditionSolidarit\u00e9 \u00e9tait de retour dans les locaux de l&#8217;h\u00f4pital de la Conception les 3 et 4 mars 2020 pour assurer la premi\u00e8re mission &#8220;Audition&#8221; de l&#8217;ann\u00e9e \u00e0 Marseille. Deux tr\u00e8s belles journ\u00e9es avec une \u00e9quipe formidable et des moments de vie tr\u00e8s \u00e9mouvants&#8230; 20 personnes vivant dans une grande pr\u00e9carit\u00e9 ont \u00e9t\u00e9 accueillies, 10 venaient pour la 1\u00e8re fois et\" \/>\n<meta property=\"og:url\" content=\"https:\/\/www.auditionsolidarite.org\/fr\/hopital-de-la-conception-marseille-mars-2020\/\" \/>\n<meta property=\"og:site_name\" content=\"AuditionSolidarit\u00e9\" \/>\n<meta property=\"og:image\" content=\"https:\/\/www.auditionsolidarite.org\/wp-content\/uploads\/2015\/07\/logo-audition-solidarite-e1446132259721.png\" \/>\n\t<meta property=\"og:image:width\" content=\"600\" \/>\n\t<meta property=\"og:image:height\" content=\"593\" \/>\n\t<meta property=\"og:image:type\" content=\"image\/png\" \/>\n<meta name=\"twitter:card\" content=\"summary_large_image\" \/>\n<meta name=\"twitter:label1\" content=\"Dur\u00e9e de lecture estim\u00e9e\" \/>\n\t<meta name=\"twitter:data1\" content=\"2 minutes\" \/>\n<script type=\"application\/ld+json\" class=\"yoast-schema-graph\">{\"@context\":\"https:\/\/schema.org\",\"@graph\":[{\"@type\":\"WebPage\",\"@id\":\"https:\/\/www.auditionsolidarite.org\/fr\/hopital-de-la-conception-marseille-mars-2020\/\",\"url\":\"https:\/\/www.auditionsolidarite.org\/fr\/hopital-de-la-conception-marseille-mars-2020\/\",\"name\":\"H\u00f4pital de la Conception, Marseille - Mars 2020 - AuditionSolidarit\u00e9\",\"isPartOf\":{\"@id\":\"https:\/\/www.auditionsolidarite.org\/fr\/#website\"},\"datePublished\":\"2021-09-23T14:32:53+00:00\",\"dateModified\":\"2021-09-23T14:32:53+00:00\",\"breadcrumb\":{\"@id\":\"https:\/\/www.auditionsolidarite.org\/fr\/hopital-de-la-conception-marseille-mars-2020\/#breadcrumb\"},\"inLanguage\":\"fr-FR\",\"potentialAction\":[{\"@type\":\"ReadAction\",\"target\":[[\"https:\/\/www.auditionsolidarite.org\/fr\/hopital-de-la-conception-marseille-mars-2020\/\"]]}]},{\"@type\":\"BreadcrumbList\",\"@id\":\"https:\/\/www.auditionsolidarite.org\/fr\/hopital-de-la-conception-marseille-mars-2020\/#breadcrumb\",\"itemListElement\":[{\"@type\":\"ListItem\",\"position\":1,\"name\":\"Accueil\",\"item\":\"https:\/\/www.auditionsolidarite.org\/fr\/\"},{\"@type\":\"ListItem\",\"position\":2,\"name\":\"H\u00f4pital de la Conception, Marseille &#8211; Mars 2020\"}]},{\"@type\":\"WebSite\",\"@id\":\"https:\/\/www.auditionsolidarite.org\/fr\/#website\",\"url\":\"https:\/\/www.auditionsolidarite.org\/fr\/\",\"name\":\"AuditionSolidarit\u00e9\",\"description\":\"Le hasard n&#039;existe pas ! Si vous \u00eates l\u00e0 aujourd&#039;hui, c&#039;est que le monde de l&#039;audition vous touche... Alors merci d&#039;\u00eatre l\u00e0 !\",\"publisher\":{\"@id\":\"https:\/\/www.auditionsolidarite.org\/fr\/#organization\"},\"potentialAction\":[{\"@type\":\"SearchAction\",\"target\":{\"@type\":\"EntryPoint\",\"urlTemplate\":\"https:\/\/www.auditionsolidarite.org\/fr\/?s={search_term_string}\"},\"query-input\":\"required name=search_term_string\"}],\"inLanguage\":\"fr-FR\"},{\"@type\":\"Organization\",\"@id\":\"https:\/\/www.auditionsolidarite.org\/fr\/#organization\",\"name\":\"AuditionSolidarit\u00e9\",\"url\":\"https:\/\/www.auditionsolidarite.org\/fr\/\",\"logo\":{\"@type\":\"ImageObject\",\"inLanguage\":\"fr-FR\",\"@id\":\"https:\/\/www.auditionsolidarite.org\/fr\/#\/schema\/logo\/image\/\",\"url\":\"https:\/\/www.auditionsolidarite.org\/wp-content\/uploads\/2015\/07\/logo-audition-solidarite-e1446132259721.png\",\"contentUrl\":\"https:\/\/www.auditionsolidarite.org\/wp-content\/uploads\/2015\/07\/logo-audition-solidarite-e1446132259721.png\",\"width\":600,\"height\":593,\"caption\":\"AuditionSolidarit\u00e9\"},\"image\":{\"@id\":\"https:\/\/www.auditionsolidarite.org\/fr\/#\/schema\/logo\/image\/\"}}]}<\/script>\n<!-- \/ Yoast SEO plugin. -->","yoast_head_json":{"title":"H\u00f4pital de la Conception, Marseille - Mars 2020 - AuditionSolidarit\u00e9","robots":{"index":"index","follow":"follow","max-snippet":"max-snippet:-1","max-image-preview":"max-image-preview:large","max-video-preview":"max-video-preview:-1"},"canonical":"https:\/\/www.auditionsolidarite.org\/fr\/hopital-de-la-conception-marseille-mars-2020\/","og_locale":"fr_FR","og_type":"article","og_title":"H\u00f4pital de la Conception, Marseille - Mars 2020 - AuditionSolidarit\u00e9","og_description":"AuditionSolidarit\u00e9 \u00e9tait de retour dans les locaux de l&#8217;h\u00f4pital de la Conception les 3 et 4 mars 2020 pour assurer la premi\u00e8re mission &#8220;Audition&#8221; de l&#8217;ann\u00e9e \u00e0 Marseille. Deux tr\u00e8s belles journ\u00e9es avec une \u00e9quipe formidable et des moments de vie tr\u00e8s \u00e9mouvants&#8230; 20 personnes vivant dans une grande pr\u00e9carit\u00e9 ont \u00e9t\u00e9 accueillies, 10 venaient pour la 1\u00e8re fois et","og_url":"https:\/\/www.auditionsolidarite.org\/fr\/hopital-de-la-conception-marseille-mars-2020\/","og_site_name":"AuditionSolidarit\u00e9","og_image":[{"width":600,"height":593,"url":"https:\/\/www.auditionsolidarite.org\/wp-content\/uploads\/2015\/07\/logo-audition-solidarite-e1446132259721.png","type":"image\/png"}],"twitter_card":"summary_large_image","twitter_misc":{"Dur\u00e9e de lecture estim\u00e9e":"2 minutes"},"schema":{"@context":"https:\/\/schema.org","@graph":[{"@type":"WebPage","@id":"https:\/\/www.auditionsolidarite.org\/fr\/hopital-de-la-conception-marseille-mars-2020\/","url":"https:\/\/www.auditionsolidarite.org\/fr\/hopital-de-la-conception-marseille-mars-2020\/","name":"H\u00f4pital de la Conception, Marseille - Mars 2020 - AuditionSolidarit\u00e9","isPartOf":{"@id":"https:\/\/www.auditionsolidarite.org\/fr\/#website"},"datePublished":"2021-09-23T14:32:53+00:00","dateModified":"2021-09-23T14:32:53+00:00","breadcrumb":{"@id":"https:\/\/www.auditionsolidarite.org\/fr\/hopital-de-la-conception-marseille-mars-2020\/#breadcrumb"},"inLanguage":"fr-FR","potentialAction":[{"@type":"ReadAction","target":[["https:\/\/www.auditionsolidarite.org\/fr\/hopital-de-la-conception-marseille-mars-2020\/"]]}]},{"@type":"BreadcrumbList","@id":"https:\/\/www.auditionsolidarite.org\/fr\/hopital-de-la-conception-marseille-mars-2020\/#breadcrumb","itemListElement":[{"@type":"ListItem","position":1,"name":"Accueil","item":"https:\/\/www.auditionsolidarite.org\/fr\/"},{"@type":"ListItem","position":2,"name":"H\u00f4pital de la Conception, Marseille &#8211; Mars 2020"}]},{"@type":"WebSite","@id":"https:\/\/www.auditionsolidarite.org\/fr\/#website","url":"https:\/\/www.auditionsolidarite.org\/fr\/","name":"AuditionSolidarit\u00e9","description":"Le hasard n&#039;existe pas ! Si vous \u00eates l\u00e0 aujourd&#039;hui, c&#039;est que le monde de l&#039;audition vous touche... Alors merci d&#039;\u00eatre l\u00e0 !","publisher":{"@id":"https:\/\/www.auditionsolidarite.org\/fr\/#organization"},"potentialAction":[{"@type":"SearchAction","target":{"@type":"EntryPoint","urlTemplate":"https:\/\/www.auditionsolidarite.org\/fr\/?s={search_term_string}"},"query-input":"required name=search_term_string"}],"inLanguage":"fr-FR"},{"@type":"Organization","@id":"https:\/\/www.auditionsolidarite.org\/fr\/#organization","name":"AuditionSolidarit\u00e9","url":"https:\/\/www.auditionsolidarite.org\/fr\/","logo":{"@type":"ImageObject","inLanguage":"fr-FR","@id":"https:\/\/www.auditionsolidarite.org\/fr\/#\/schema\/logo\/image\/","url":"https:\/\/www.auditionsolidarite.org\/wp-content\/uploads\/2015\/07\/logo-audition-solidarite-e1446132259721.png","contentUrl":"https:\/\/www.auditionsolidarite.org\/wp-content\/uploads\/2015\/07\/logo-audition-solidarite-e1446132259721.png","width":600,"height":593,"caption":"AuditionSolidarit\u00e9"},"image":{"@id":"https:\/\/www.auditionsolidarite.org\/fr\/#\/schema\/logo\/image\/"}}]}},"_links":{"self":[{"href":"https:\/\/www.auditionsolidarite.org\/fr\/wp-json\/wp\/v2\/pages\/8357"}],"collection":[{"href":"https:\/\/www.auditionsolidarite.org\/fr\/wp-json\/wp\/v2\/pages"}],"about":[{"href":"https:\/\/www.auditionsolidarite.org\/fr\/wp-json\/wp\/v2\/types\/page"}],"author":[{"embeddable":true,"href":"https:\/\/www.auditionsolidarite.org\/fr\/wp-json\/wp\/v2\/users\/2"}],"replies":[{"embeddable":true,"href":"https:\/\/www.auditionsolidarite.org\/fr\/wp-json\/wp\/v2\/comments?post=8357"}],"version-history":[{"count":1,"href":"https:\/\/www.auditionsolidarite.org\/fr\/wp-json\/wp\/v2\/pages\/8357\/revisions"}],"predecessor-version":[{"id":8358,"href":"https:\/\/www.auditionsolidarite.org\/fr\/wp-json\/wp\/v2\/pages\/8357\/revisions\/8358"}],"wp:attachment":[{"href":"https:\/\/www.auditionsolidarite.org\/fr\/wp-json\/wp\/v2\/media?parent=8357"}],"curies":[{"name":"wp","href":"https:\/\/api.w.org\/{rel}","templated":true}]}}