{"id":8184,"date":"2021-05-26T14:55:36","date_gmt":"2021-05-26T13:55:36","guid":{"rendered":"https:\/\/www.auditionsolidarite.org\/historique-tamissionagranville-copy\/"},"modified":"2022-06-09T15:49:55","modified_gmt":"2022-06-09T14:49:55","slug":"historique-tamissionagranville-copy","status":"publish","type":"page","link":"https:\/\/www.auditionsolidarite.org\/fr\/historique-tamissionagranville-copy\/","title":{"rendered":"Historique #TaMissionAOrl\u00e9ans"},"content":{"rendered":"<strong>\u2192 26 avril 2022<\/strong><br \/>\nLieu : Maison des associations, 46ter Rue Sainte-Catherine, 45000 Orl\u00e9ans<\/p>\n<blockquote><p>Nombre de personnes accueillies : 15<br \/>\nNombre de personnes appareill\u00e9es : 6<b><br \/>\n<\/b><\/p>\n<p>Nombre d&#8217;appareils adapt\u00e9s : 11<\/p><\/blockquote>\n<table style=\"border-collapse: collapse; width: 100%;\" border=\"1\">\n<tbody>\n<tr>\n<td style=\"width: 50%;\"><img loading=\"lazy\" decoding=\"async\" class=\"aligncenter wp-image-8792\" src=\"\/\/www.auditionsolidarite.org\/wp-content\/uploads\/2022\/06\/P1017099.jpg\" alt=\"\" width=\"600\" height=\"449\" srcset=\"https:\/\/www.auditionsolidarite.org\/wp-content\/uploads\/2022\/06\/P1017099.jpg 900w, https:\/\/www.auditionsolidarite.org\/wp-content\/uploads\/2022\/06\/P1017099-300x225.jpg 300w, https:\/\/www.auditionsolidarite.org\/wp-content\/uploads\/2022\/06\/P1017099-768x575.jpg 768w\" sizes=\"(max-width: 600px) 100vw, 600px\" \/><\/td>\n<td style=\"width: 50%;\"><img loading=\"lazy\" decoding=\"async\" class=\"aligncenter wp-image-8791\" src=\"\/\/www.auditionsolidarite.org\/wp-content\/uploads\/2022\/06\/FB-5.jpg\" alt=\"\" width=\"600\" height=\"449\" srcset=\"https:\/\/www.auditionsolidarite.org\/wp-content\/uploads\/2022\/06\/FB-5.jpg 900w, https:\/\/www.auditionsolidarite.org\/wp-content\/uploads\/2022\/06\/FB-5-300x225.jpg 300w, https:\/\/www.auditionsolidarite.org\/wp-content\/uploads\/2022\/06\/FB-5-768x575.jpg 768w\" sizes=\"(max-width: 600px) 100vw, 600px\" \/><\/td>\n<\/tr>\n<\/tbody>\n<\/table>\n<p>&nbsp;<\/p>\n<p><strong>\u2192 28 octobre 2021<\/strong><br \/>\nLieu : Maison des associations, 46ter Rue Sainte-Catherine, 45000 Orl\u00e9ans<\/p>\n<blockquote><p>Nombre de personnes accueillies : 9<br \/>\nNombre de personnes appareill\u00e9es : 1<b><br \/>\n<\/b><\/p>\n<p>Nombre d&#8217;appareils adapt\u00e9s : 1<\/p><\/blockquote>\n<table>\n<tbody>\n<tr>\n<td><a href=\"\/\/www.auditionsolidarite.org\/wp-content\/uploads\/2021\/12\/copie-0_Orleans-octobre-2021-Ok-7.jpg\"><img loading=\"lazy\" decoding=\"async\" class=\"aligncenter wp-image-8466\" src=\"\/\/www.auditionsolidarite.org\/wp-content\/uploads\/2021\/12\/copie-0_Orleans-octobre-2021-Ok-7.jpg\" alt=\"\" width=\"600\" height=\"398\" srcset=\"https:\/\/www.auditionsolidarite.org\/wp-content\/uploads\/2021\/12\/copie-0_Orleans-octobre-2021-Ok-7.jpg 500w, https:\/\/www.auditionsolidarite.org\/wp-content\/uploads\/2021\/12\/copie-0_Orleans-octobre-2021-Ok-7-300x199.jpg 300w\" sizes=\"(max-width: 600px) 100vw, 600px\" \/><\/a><\/td>\n<td><a href=\"\/\/www.auditionsolidarite.org\/wp-content\/uploads\/2021\/12\/copie-0_Orleans-octobre-2021-Ok-6.jpg\"><img loading=\"lazy\" decoding=\"async\" class=\"aligncenter wp-image-8465\" src=\"\/\/www.auditionsolidarite.org\/wp-content\/uploads\/2021\/12\/copie-0_Orleans-octobre-2021-Ok-6.jpg\" alt=\"\" width=\"600\" height=\"449\" srcset=\"https:\/\/www.auditionsolidarite.org\/wp-content\/uploads\/2021\/12\/copie-0_Orleans-octobre-2021-Ok-6.jpg 500w, https:\/\/www.auditionsolidarite.org\/wp-content\/uploads\/2021\/12\/copie-0_Orleans-octobre-2021-Ok-6-300x224.jpg 300w\" sizes=\"(max-width: 600px) 100vw, 600px\" \/><\/a><\/td>\n<\/tr>\n<\/tbody>\n<\/table>\n<p><strong>\u2192 20 avril 2021<\/strong><br \/>\nLieu : Maison des associations, 46ter Rue Sainte-Catherine, 45000 Orl\u00e9ans<\/p>\n<blockquote><p>Nombre de personnes accueillies : 7<br \/>\nNombre de personnes appareill\u00e9es : 0<b><br \/>\n<\/b><\/p><\/blockquote>\n<table>\n<tbody>\n<tr>\n<td><a href=\"\/\/www.auditionsolidarite.org\/wp-content\/uploads\/2021\/05\/FB-6.jpg\"><img loading=\"lazy\" decoding=\"async\" class=\"aligncenter wp-image-8186\" src=\"\/\/www.auditionsolidarite.org\/wp-content\/uploads\/2021\/05\/FB-6.jpg\" alt=\"\" width=\"600\" height=\"398\" srcset=\"https:\/\/www.auditionsolidarite.org\/wp-content\/uploads\/2021\/05\/FB-6.jpg 1807w, https:\/\/www.auditionsolidarite.org\/wp-content\/uploads\/2021\/05\/FB-6-300x199.jpg 300w, https:\/\/www.auditionsolidarite.org\/wp-content\/uploads\/2021\/05\/FB-6-768x510.jpg 768w, https:\/\/www.auditionsolidarite.org\/wp-content\/uploads\/2021\/05\/FB-6-1024x680.jpg 1024w\" sizes=\"(max-width: 600px) 100vw, 600px\" \/><\/a><\/td>\n<td><a href=\"\/\/www.auditionsolidarite.org\/wp-content\/uploads\/2021\/05\/FB-1.jpg\"><img loading=\"lazy\" decoding=\"async\" class=\"aligncenter wp-image-8185\" src=\"\/\/www.auditionsolidarite.org\/wp-content\/uploads\/2021\/05\/FB-1.jpg\" alt=\"\" width=\"600\" height=\"398\" srcset=\"https:\/\/www.auditionsolidarite.org\/wp-content\/uploads\/2021\/05\/FB-1.jpg 1807w, https:\/\/www.auditionsolidarite.org\/wp-content\/uploads\/2021\/05\/FB-1-300x199.jpg 300w, https:\/\/www.auditionsolidarite.org\/wp-content\/uploads\/2021\/05\/FB-1-768x510.jpg 768w, https:\/\/www.auditionsolidarite.org\/wp-content\/uploads\/2021\/05\/FB-1-1024x680.jpg 1024w\" sizes=\"(max-width: 600px) 100vw, 600px\" \/><\/a><\/td>\n<\/tr>\n<\/tbody>\n<\/table>\n<p>&nbsp;","protected":false},"excerpt":{"rendered":"<p>\u2192 26 avril 2022 Lieu : Maison des associations, 46ter Rue Sainte-Catherine, 45000 Orl\u00e9ans Nombre de personnes accueillies : 15 Nombre de personnes appareill\u00e9es : 6 Nombre d&#8217;appareils adapt\u00e9s : 11 &nbsp; \u2192 28 octobre 2021 Lieu : Maison des associations, 46ter Rue Sainte-Catherine, 45000 Orl\u00e9ans Nombre de personnes accueillies : 9 Nombre de personnes appareill\u00e9es : 1 Nombre d&#8217;appareils<\/p>\n","protected":false},"author":2,"featured_media":0,"parent":0,"menu_order":0,"comment_status":"closed","ping_status":"closed","template":"","meta":{"footnotes":""},"acf":[],"yoast_head":"<!-- This site is optimized with the Yoast SEO plugin v21.9.1 - https:\/\/yoast.com\/wordpress\/plugins\/seo\/ -->\n<title>Historique #TaMissionAOrl\u00e9ans - AuditionSolidarit\u00e9<\/title>\n<meta name=\"robots\" content=\"index, follow, max-snippet:-1, max-image-preview:large, max-video-preview:-1\" \/>\n<link rel=\"canonical\" href=\"https:\/\/www.auditionsolidarite.org\/fr\/historique-tamissionagranville-copy\/\" \/>\n<meta property=\"og:locale\" content=\"fr_FR\" \/>\n<meta property=\"og:type\" content=\"article\" \/>\n<meta property=\"og:title\" content=\"Historique #TaMissionAOrl\u00e9ans - AuditionSolidarit\u00e9\" \/>\n<meta property=\"og:description\" content=\"\u2192 26 avril 2022 Lieu : Maison des associations, 46ter Rue Sainte-Catherine, 45000 Orl\u00e9ans Nombre de personnes accueillies : 15 Nombre de personnes appareill\u00e9es : 6 Nombre d&#8217;appareils adapt\u00e9s : 11 &nbsp; \u2192 28 octobre 2021 Lieu : Maison des associations, 46ter Rue Sainte-Catherine, 45000 Orl\u00e9ans Nombre de personnes accueillies : 9 Nombre de personnes appareill\u00e9es : 1 Nombre d&#8217;appareils\" \/>\n<meta property=\"og:url\" content=\"https:\/\/www.auditionsolidarite.org\/fr\/historique-tamissionagranville-copy\/\" \/>\n<meta property=\"og:site_name\" content=\"AuditionSolidarit\u00e9\" \/>\n<meta property=\"article:modified_time\" content=\"2022-06-09T14:49:55+00:00\" \/>\n<meta property=\"og:image\" content=\"https:\/\/www.auditionsolidarite.org\/wp-content\/uploads\/2015\/07\/logo-audition-solidarite-e1446132259721.png\" \/>\n\t<meta property=\"og:image:width\" content=\"600\" \/>\n\t<meta property=\"og:image:height\" content=\"593\" \/>\n\t<meta property=\"og:image:type\" content=\"image\/png\" \/>\n<meta name=\"twitter:card\" content=\"summary_large_image\" \/>\n<meta name=\"twitter:label1\" content=\"Dur\u00e9e de lecture estim\u00e9e\" \/>\n\t<meta name=\"twitter:data1\" content=\"2 minutes\" \/>\n<script type=\"application\/ld+json\" class=\"yoast-schema-graph\">{\"@context\":\"https:\/\/schema.org\",\"@graph\":[{\"@type\":\"WebPage\",\"@id\":\"https:\/\/www.auditionsolidarite.org\/fr\/historique-tamissionagranville-copy\/\",\"url\":\"https:\/\/www.auditionsolidarite.org\/fr\/historique-tamissionagranville-copy\/\",\"name\":\"Historique #TaMissionAOrl\u00e9ans - AuditionSolidarit\u00e9\",\"isPartOf\":{\"@id\":\"https:\/\/www.auditionsolidarite.org\/fr\/#website\"},\"datePublished\":\"2021-05-26T13:55:36+00:00\",\"dateModified\":\"2022-06-09T14:49:55+00:00\",\"breadcrumb\":{\"@id\":\"https:\/\/www.auditionsolidarite.org\/fr\/historique-tamissionagranville-copy\/#breadcrumb\"},\"inLanguage\":\"fr-FR\",\"potentialAction\":[{\"@type\":\"ReadAction\",\"target\":[[\"https:\/\/www.auditionsolidarite.org\/fr\/historique-tamissionagranville-copy\/\"]]}]},{\"@type\":\"BreadcrumbList\",\"@id\":\"https:\/\/www.auditionsolidarite.org\/fr\/historique-tamissionagranville-copy\/#breadcrumb\",\"itemListElement\":[{\"@type\":\"ListItem\",\"position\":1,\"name\":\"Accueil\",\"item\":\"https:\/\/www.auditionsolidarite.org\/fr\/\"},{\"@type\":\"ListItem\",\"position\":2,\"name\":\"Historique #TaMissionAOrl\u00e9ans\"}]},{\"@type\":\"WebSite\",\"@id\":\"https:\/\/www.auditionsolidarite.org\/fr\/#website\",\"url\":\"https:\/\/www.auditionsolidarite.org\/fr\/\",\"name\":\"AuditionSolidarit\u00e9\",\"description\":\"Le hasard n&#039;existe pas ! Si vous \u00eates l\u00e0 aujourd&#039;hui, c&#039;est que le monde de l&#039;audition vous touche... Alors merci d&#039;\u00eatre l\u00e0 !\",\"publisher\":{\"@id\":\"https:\/\/www.auditionsolidarite.org\/fr\/#organization\"},\"potentialAction\":[{\"@type\":\"SearchAction\",\"target\":{\"@type\":\"EntryPoint\",\"urlTemplate\":\"https:\/\/www.auditionsolidarite.org\/fr\/?s={search_term_string}\"},\"query-input\":\"required name=search_term_string\"}],\"inLanguage\":\"fr-FR\"},{\"@type\":\"Organization\",\"@id\":\"https:\/\/www.auditionsolidarite.org\/fr\/#organization\",\"name\":\"AuditionSolidarit\u00e9\",\"url\":\"https:\/\/www.auditionsolidarite.org\/fr\/\",\"logo\":{\"@type\":\"ImageObject\",\"inLanguage\":\"fr-FR\",\"@id\":\"https:\/\/www.auditionsolidarite.org\/fr\/#\/schema\/logo\/image\/\",\"url\":\"https:\/\/www.auditionsolidarite.org\/wp-content\/uploads\/2015\/07\/logo-audition-solidarite-e1446132259721.png\",\"contentUrl\":\"https:\/\/www.auditionsolidarite.org\/wp-content\/uploads\/2015\/07\/logo-audition-solidarite-e1446132259721.png\",\"width\":600,\"height\":593,\"caption\":\"AuditionSolidarit\u00e9\"},\"image\":{\"@id\":\"https:\/\/www.auditionsolidarite.org\/fr\/#\/schema\/logo\/image\/\"}}]}<\/script>\n<!-- \/ Yoast SEO plugin. -->","yoast_head_json":{"title":"Historique #TaMissionAOrl\u00e9ans - AuditionSolidarit\u00e9","robots":{"index":"index","follow":"follow","max-snippet":"max-snippet:-1","max-image-preview":"max-image-preview:large","max-video-preview":"max-video-preview:-1"},"canonical":"https:\/\/www.auditionsolidarite.org\/fr\/historique-tamissionagranville-copy\/","og_locale":"fr_FR","og_type":"article","og_title":"Historique #TaMissionAOrl\u00e9ans - AuditionSolidarit\u00e9","og_description":"\u2192 26 avril 2022 Lieu : Maison des associations, 46ter Rue Sainte-Catherine, 45000 Orl\u00e9ans Nombre de personnes accueillies : 15 Nombre de personnes appareill\u00e9es : 6 Nombre d&#8217;appareils adapt\u00e9s : 11 &nbsp; \u2192 28 octobre 2021 Lieu : Maison des associations, 46ter Rue Sainte-Catherine, 45000 Orl\u00e9ans Nombre de personnes accueillies : 9 Nombre de personnes appareill\u00e9es : 1 Nombre d&#8217;appareils","og_url":"https:\/\/www.auditionsolidarite.org\/fr\/historique-tamissionagranville-copy\/","og_site_name":"AuditionSolidarit\u00e9","article_modified_time":"2022-06-09T14:49:55+00:00","og_image":[{"width":600,"height":593,"url":"https:\/\/www.auditionsolidarite.org\/wp-content\/uploads\/2015\/07\/logo-audition-solidarite-e1446132259721.png","type":"image\/png"}],"twitter_card":"summary_large_image","twitter_misc":{"Dur\u00e9e de lecture estim\u00e9e":"2 minutes"},"schema":{"@context":"https:\/\/schema.org","@graph":[{"@type":"WebPage","@id":"https:\/\/www.auditionsolidarite.org\/fr\/historique-tamissionagranville-copy\/","url":"https:\/\/www.auditionsolidarite.org\/fr\/historique-tamissionagranville-copy\/","name":"Historique #TaMissionAOrl\u00e9ans - AuditionSolidarit\u00e9","isPartOf":{"@id":"https:\/\/www.auditionsolidarite.org\/fr\/#website"},"datePublished":"2021-05-26T13:55:36+00:00","dateModified":"2022-06-09T14:49:55+00:00","breadcrumb":{"@id":"https:\/\/www.auditionsolidarite.org\/fr\/historique-tamissionagranville-copy\/#breadcrumb"},"inLanguage":"fr-FR","potentialAction":[{"@type":"ReadAction","target":[["https:\/\/www.auditionsolidarite.org\/fr\/historique-tamissionagranville-copy\/"]]}]},{"@type":"BreadcrumbList","@id":"https:\/\/www.auditionsolidarite.org\/fr\/historique-tamissionagranville-copy\/#breadcrumb","itemListElement":[{"@type":"ListItem","position":1,"name":"Accueil","item":"https:\/\/www.auditionsolidarite.org\/fr\/"},{"@type":"ListItem","position":2,"name":"Historique #TaMissionAOrl\u00e9ans"}]},{"@type":"WebSite","@id":"https:\/\/www.auditionsolidarite.org\/fr\/#website","url":"https:\/\/www.auditionsolidarite.org\/fr\/","name":"AuditionSolidarit\u00e9","description":"Le hasard n&#039;existe pas ! Si vous \u00eates l\u00e0 aujourd&#039;hui, c&#039;est que le monde de l&#039;audition vous touche... Alors merci d&#039;\u00eatre l\u00e0 !","publisher":{"@id":"https:\/\/www.auditionsolidarite.org\/fr\/#organization"},"potentialAction":[{"@type":"SearchAction","target":{"@type":"EntryPoint","urlTemplate":"https:\/\/www.auditionsolidarite.org\/fr\/?s={search_term_string}"},"query-input":"required name=search_term_string"}],"inLanguage":"fr-FR"},{"@type":"Organization","@id":"https:\/\/www.auditionsolidarite.org\/fr\/#organization","name":"AuditionSolidarit\u00e9","url":"https:\/\/www.auditionsolidarite.org\/fr\/","logo":{"@type":"ImageObject","inLanguage":"fr-FR","@id":"https:\/\/www.auditionsolidarite.org\/fr\/#\/schema\/logo\/image\/","url":"https:\/\/www.auditionsolidarite.org\/wp-content\/uploads\/2015\/07\/logo-audition-solidarite-e1446132259721.png","contentUrl":"https:\/\/www.auditionsolidarite.org\/wp-content\/uploads\/2015\/07\/logo-audition-solidarite-e1446132259721.png","width":600,"height":593,"caption":"AuditionSolidarit\u00e9"},"image":{"@id":"https:\/\/www.auditionsolidarite.org\/fr\/#\/schema\/logo\/image\/"}}]}},"_links":{"self":[{"href":"https:\/\/www.auditionsolidarite.org\/fr\/wp-json\/wp\/v2\/pages\/8184"}],"collection":[{"href":"https:\/\/www.auditionsolidarite.org\/fr\/wp-json\/wp\/v2\/pages"}],"about":[{"href":"https:\/\/www.auditionsolidarite.org\/fr\/wp-json\/wp\/v2\/types\/page"}],"author":[{"embeddable":true,"href":"https:\/\/www.auditionsolidarite.org\/fr\/wp-json\/wp\/v2\/users\/2"}],"replies":[{"embeddable":true,"href":"https:\/\/www.auditionsolidarite.org\/fr\/wp-json\/wp\/v2\/comments?post=8184"}],"version-history":[{"count":3,"href":"https:\/\/www.auditionsolidarite.org\/fr\/wp-json\/wp\/v2\/pages\/8184\/revisions"}],"predecessor-version":[{"id":8793,"href":"https:\/\/www.auditionsolidarite.org\/fr\/wp-json\/wp\/v2\/pages\/8184\/revisions\/8793"}],"wp:attachment":[{"href":"https:\/\/www.auditionsolidarite.org\/fr\/wp-json\/wp\/v2\/media?parent=8184"}],"curies":[{"name":"wp","href":"https:\/\/api.w.org\/{rel}","templated":true}]}}