{"id":7668,"date":"2021-01-07T17:00:59","date_gmt":"2021-01-07T16:00:59","guid":{"rendered":"https:\/\/www.auditionsolidarite.org\/?page_id=7668"},"modified":"2025-12-17T16:01:05","modified_gmt":"2025-12-17T15:01:05","slug":"rdv-solidaires","status":"publish","type":"page","link":"https:\/\/www.auditionsolidarite.org\/fr\/rdv-solidaires\/","title":{"rendered":"RDV Solidaires"},"content":{"rendered":"<h4 style=\"text-align: left;\"><span style=\"color: #0071c1;\">Qu&#8217;est-ce qu&#8217;un RDV Solidaire ?<b><br \/>\n<\/b><b><br \/>\n<\/b><b> <b> <\/b><\/b><\/span><\/h4>\n<p>Un RDV Solidaire permet \u00e0 une personne d\u00e9munie pr\u00e9sentant un souci d\u2019audition d\u2019\u00eatre appareill\u00e9e et suivie GRATUITEMENT sur tout le territoire fran\u00e7ais.<\/p>\n<p>Seules les personnes sans couverture sociale ou b\u00e9n\u00e9ficiant de l\u2019AME (Aide M\u00e9dicale d\u2019Etat) sont concern\u00e9es\u00a0; les personnes b\u00e9n\u00e9ficiant de la CSS (Compl\u00e9mentaire Sant\u00e9 Solidaire) ne sont pas concern\u00e9es.<b> <b><br \/>\n<\/b><\/b><b><br \/>\n<\/b><\/p>\n<h4 style=\"text-align: left;\"><span style=\"color: #0071c1;\"><b><\/b>Si vous \u00eates concern\u00e9<b><br \/>\n<\/b><b><br \/>\n<\/b><\/span><\/h4>\n<ol>\n<li>Prenez RDV aupr\u00e8s d\u2019un ORL au sein de son cabinet ou au sein d\u2019une structure hospitali\u00e8re (dans une Permanence Aux Soins de Sant\u00e9) ou dans un dispensaire, cette consultation est obligatoire. Si vous rencontrez des difficult\u00e9s \u00e0 obtenir un RDV ORL, contactez AuditionSolidarit\u00e9.<b><b><br \/>\n<\/b><\/b><b><br \/>\n<\/b><\/li>\n<li style=\"text-align: left;\">Ensuite et cette d\u00e9marche est obligatoire, prenez contact avec Marion ou Marine \/ <a href=\"mailto:marion@auditionsolidarite.org\">marion@auditionsolidarite.org<\/a> ou <a href=\"mailto:marine@auditionsolidarite.org\">marine@auditionsolidarite.org<\/a> \/ C\u2019est Marion ou Marine et elle seule qui contactera l\u2019Audioproth\u00e9siste Solidaire et qui prendra le RDV pour vous.<b><br \/>\n<\/b><strong><b><br \/>\n<\/b>Merci de respecter cette proc\u00e9dure.<\/strong><\/li>\n<\/ol>\n<h4 style=\"text-align: left;\"><span style=\"color: #0071c1;\">Petite vid\u00e9o explicative :<b><br \/>\n<\/b><b><\/b><\/span><\/h4>\n<h4 style=\"text-align: center;\"><iframe loading=\"lazy\" title=\"YouTube video player\" src=\"https:\/\/www.youtube-nocookie.com\/embed\/lMYZ_J867As?si=ICmdU6mjCyshUu1V\" width=\"560\" height=\"315\" frameborder=\"0\" allowfullscreen=\"allowfullscreen\"><\/iframe><br \/>\n<b><br \/>\n<\/b><\/h4>","protected":false},"excerpt":{"rendered":"<p>Qu&#8217;est-ce qu&#8217;un RDV Solidaire ? Un RDV Solidaire permet \u00e0 une personne d\u00e9munie pr\u00e9sentant un souci d\u2019audition d\u2019\u00eatre appareill\u00e9e et suivie GRATUITEMENT sur tout le territoire fran\u00e7ais. Seules les personnes sans couverture sociale ou b\u00e9n\u00e9ficiant de l\u2019AME (Aide M\u00e9dicale d\u2019Etat) sont concern\u00e9es\u00a0; les personnes b\u00e9n\u00e9ficiant de la CSS (Compl\u00e9mentaire Sant\u00e9 Solidaire) ne sont pas concern\u00e9es. Si vous \u00eates concern\u00e9 Prenez<\/p>\n","protected":false},"author":10,"featured_media":0,"parent":0,"menu_order":0,"comment_status":"closed","ping_status":"closed","template":"template-page-listeOrganisme-Departement-new.php","meta":{"footnotes":""},"acf":[],"yoast_head":"<!-- This site is optimized with the Yoast SEO plugin v21.9.1 - https:\/\/yoast.com\/wordpress\/plugins\/seo\/ -->\n<title>RDV Solidaires - AuditionSolidarit\u00e9<\/title>\n<meta name=\"robots\" content=\"index, follow, max-snippet:-1, max-image-preview:large, max-video-preview:-1\" \/>\n<link rel=\"canonical\" href=\"https:\/\/www.auditionsolidarite.org\/fr\/rdv-solidaires\/\" \/>\n<meta property=\"og:locale\" content=\"fr_FR\" \/>\n<meta property=\"og:type\" content=\"article\" \/>\n<meta property=\"og:title\" content=\"RDV Solidaires - AuditionSolidarit\u00e9\" \/>\n<meta property=\"og:description\" content=\"Qu&#8217;est-ce qu&#8217;un RDV Solidaire ? Un RDV Solidaire permet \u00e0 une personne d\u00e9munie pr\u00e9sentant un souci d\u2019audition d\u2019\u00eatre appareill\u00e9e et suivie GRATUITEMENT sur tout le territoire fran\u00e7ais. Seules les personnes sans couverture sociale ou b\u00e9n\u00e9ficiant de l\u2019AME (Aide M\u00e9dicale d\u2019Etat) sont concern\u00e9es\u00a0; les personnes b\u00e9n\u00e9ficiant de la CSS (Compl\u00e9mentaire Sant\u00e9 Solidaire) ne sont pas concern\u00e9es. Si vous \u00eates concern\u00e9 Prenez\" \/>\n<meta property=\"og:url\" content=\"https:\/\/www.auditionsolidarite.org\/fr\/rdv-solidaires\/\" \/>\n<meta property=\"og:site_name\" content=\"AuditionSolidarit\u00e9\" \/>\n<meta property=\"article:modified_time\" content=\"2025-12-17T15:01:05+00:00\" \/>\n<meta property=\"og:image\" content=\"https:\/\/www.auditionsolidarite.org\/wp-content\/uploads\/2015\/07\/logo-audition-solidarite-e1446132259721.png\" \/>\n\t<meta property=\"og:image:width\" content=\"600\" \/>\n\t<meta property=\"og:image:height\" content=\"593\" \/>\n\t<meta property=\"og:image:type\" content=\"image\/png\" \/>\n<meta name=\"twitter:card\" content=\"summary_large_image\" \/>\n<meta name=\"twitter:label1\" content=\"Dur\u00e9e de lecture estim\u00e9e\" \/>\n\t<meta name=\"twitter:data1\" content=\"1 minute\" \/>\n<script type=\"application\/ld+json\" class=\"yoast-schema-graph\">{\"@context\":\"https:\/\/schema.org\",\"@graph\":[{\"@type\":\"WebPage\",\"@id\":\"https:\/\/www.auditionsolidarite.org\/fr\/rdv-solidaires\/\",\"url\":\"https:\/\/www.auditionsolidarite.org\/fr\/rdv-solidaires\/\",\"name\":\"RDV Solidaires - AuditionSolidarit\u00e9\",\"isPartOf\":{\"@id\":\"https:\/\/www.auditionsolidarite.org\/fr\/#website\"},\"datePublished\":\"2021-01-07T16:00:59+00:00\",\"dateModified\":\"2025-12-17T15:01:05+00:00\",\"breadcrumb\":{\"@id\":\"https:\/\/www.auditionsolidarite.org\/fr\/rdv-solidaires\/#breadcrumb\"},\"inLanguage\":\"fr-FR\",\"potentialAction\":[{\"@type\":\"ReadAction\",\"target\":[[\"https:\/\/www.auditionsolidarite.org\/fr\/rdv-solidaires\/\"]]}]},{\"@type\":\"BreadcrumbList\",\"@id\":\"https:\/\/www.auditionsolidarite.org\/fr\/rdv-solidaires\/#breadcrumb\",\"itemListElement\":[{\"@type\":\"ListItem\",\"position\":1,\"name\":\"Accueil\",\"item\":\"https:\/\/www.auditionsolidarite.org\/fr\/\"},{\"@type\":\"ListItem\",\"position\":2,\"name\":\"RDV Solidaires\"}]},{\"@type\":\"WebSite\",\"@id\":\"https:\/\/www.auditionsolidarite.org\/fr\/#website\",\"url\":\"https:\/\/www.auditionsolidarite.org\/fr\/\",\"name\":\"AuditionSolidarit\u00e9\",\"description\":\"Le hasard n&#039;existe pas ! Si vous \u00eates l\u00e0 aujourd&#039;hui, c&#039;est que le monde de l&#039;audition vous touche... Alors merci d&#039;\u00eatre l\u00e0 !\",\"publisher\":{\"@id\":\"https:\/\/www.auditionsolidarite.org\/fr\/#organization\"},\"potentialAction\":[{\"@type\":\"SearchAction\",\"target\":{\"@type\":\"EntryPoint\",\"urlTemplate\":\"https:\/\/www.auditionsolidarite.org\/fr\/?s={search_term_string}\"},\"query-input\":\"required name=search_term_string\"}],\"inLanguage\":\"fr-FR\"},{\"@type\":\"Organization\",\"@id\":\"https:\/\/www.auditionsolidarite.org\/fr\/#organization\",\"name\":\"AuditionSolidarit\u00e9\",\"url\":\"https:\/\/www.auditionsolidarite.org\/fr\/\",\"logo\":{\"@type\":\"ImageObject\",\"inLanguage\":\"fr-FR\",\"@id\":\"https:\/\/www.auditionsolidarite.org\/fr\/#\/schema\/logo\/image\/\",\"url\":\"https:\/\/www.auditionsolidarite.org\/wp-content\/uploads\/2015\/07\/logo-audition-solidarite-e1446132259721.png\",\"contentUrl\":\"https:\/\/www.auditionsolidarite.org\/wp-content\/uploads\/2015\/07\/logo-audition-solidarite-e1446132259721.png\",\"width\":600,\"height\":593,\"caption\":\"AuditionSolidarit\u00e9\"},\"image\":{\"@id\":\"https:\/\/www.auditionsolidarite.org\/fr\/#\/schema\/logo\/image\/\"}}]}<\/script>\n<!-- \/ Yoast SEO plugin. -->","yoast_head_json":{"title":"RDV Solidaires - AuditionSolidarit\u00e9","robots":{"index":"index","follow":"follow","max-snippet":"max-snippet:-1","max-image-preview":"max-image-preview:large","max-video-preview":"max-video-preview:-1"},"canonical":"https:\/\/www.auditionsolidarite.org\/fr\/rdv-solidaires\/","og_locale":"fr_FR","og_type":"article","og_title":"RDV Solidaires - AuditionSolidarit\u00e9","og_description":"Qu&#8217;est-ce qu&#8217;un RDV Solidaire ? Un RDV Solidaire permet \u00e0 une personne d\u00e9munie pr\u00e9sentant un souci d\u2019audition d\u2019\u00eatre appareill\u00e9e et suivie GRATUITEMENT sur tout le territoire fran\u00e7ais. Seules les personnes sans couverture sociale ou b\u00e9n\u00e9ficiant de l\u2019AME (Aide M\u00e9dicale d\u2019Etat) sont concern\u00e9es\u00a0; les personnes b\u00e9n\u00e9ficiant de la CSS (Compl\u00e9mentaire Sant\u00e9 Solidaire) ne sont pas concern\u00e9es. Si vous \u00eates concern\u00e9 Prenez","og_url":"https:\/\/www.auditionsolidarite.org\/fr\/rdv-solidaires\/","og_site_name":"AuditionSolidarit\u00e9","article_modified_time":"2025-12-17T15:01:05+00:00","og_image":[{"width":600,"height":593,"url":"https:\/\/www.auditionsolidarite.org\/wp-content\/uploads\/2015\/07\/logo-audition-solidarite-e1446132259721.png","type":"image\/png"}],"twitter_card":"summary_large_image","twitter_misc":{"Dur\u00e9e de lecture estim\u00e9e":"1 minute"},"schema":{"@context":"https:\/\/schema.org","@graph":[{"@type":"WebPage","@id":"https:\/\/www.auditionsolidarite.org\/fr\/rdv-solidaires\/","url":"https:\/\/www.auditionsolidarite.org\/fr\/rdv-solidaires\/","name":"RDV Solidaires - AuditionSolidarit\u00e9","isPartOf":{"@id":"https:\/\/www.auditionsolidarite.org\/fr\/#website"},"datePublished":"2021-01-07T16:00:59+00:00","dateModified":"2025-12-17T15:01:05+00:00","breadcrumb":{"@id":"https:\/\/www.auditionsolidarite.org\/fr\/rdv-solidaires\/#breadcrumb"},"inLanguage":"fr-FR","potentialAction":[{"@type":"ReadAction","target":[["https:\/\/www.auditionsolidarite.org\/fr\/rdv-solidaires\/"]]}]},{"@type":"BreadcrumbList","@id":"https:\/\/www.auditionsolidarite.org\/fr\/rdv-solidaires\/#breadcrumb","itemListElement":[{"@type":"ListItem","position":1,"name":"Accueil","item":"https:\/\/www.auditionsolidarite.org\/fr\/"},{"@type":"ListItem","position":2,"name":"RDV Solidaires"}]},{"@type":"WebSite","@id":"https:\/\/www.auditionsolidarite.org\/fr\/#website","url":"https:\/\/www.auditionsolidarite.org\/fr\/","name":"AuditionSolidarit\u00e9","description":"Le hasard n&#039;existe pas ! Si vous \u00eates l\u00e0 aujourd&#039;hui, c&#039;est que le monde de l&#039;audition vous touche... Alors merci d&#039;\u00eatre l\u00e0 !","publisher":{"@id":"https:\/\/www.auditionsolidarite.org\/fr\/#organization"},"potentialAction":[{"@type":"SearchAction","target":{"@type":"EntryPoint","urlTemplate":"https:\/\/www.auditionsolidarite.org\/fr\/?s={search_term_string}"},"query-input":"required name=search_term_string"}],"inLanguage":"fr-FR"},{"@type":"Organization","@id":"https:\/\/www.auditionsolidarite.org\/fr\/#organization","name":"AuditionSolidarit\u00e9","url":"https:\/\/www.auditionsolidarite.org\/fr\/","logo":{"@type":"ImageObject","inLanguage":"fr-FR","@id":"https:\/\/www.auditionsolidarite.org\/fr\/#\/schema\/logo\/image\/","url":"https:\/\/www.auditionsolidarite.org\/wp-content\/uploads\/2015\/07\/logo-audition-solidarite-e1446132259721.png","contentUrl":"https:\/\/www.auditionsolidarite.org\/wp-content\/uploads\/2015\/07\/logo-audition-solidarite-e1446132259721.png","width":600,"height":593,"caption":"AuditionSolidarit\u00e9"},"image":{"@id":"https:\/\/www.auditionsolidarite.org\/fr\/#\/schema\/logo\/image\/"}}]}},"_links":{"self":[{"href":"https:\/\/www.auditionsolidarite.org\/fr\/wp-json\/wp\/v2\/pages\/7668"}],"collection":[{"href":"https:\/\/www.auditionsolidarite.org\/fr\/wp-json\/wp\/v2\/pages"}],"about":[{"href":"https:\/\/www.auditionsolidarite.org\/fr\/wp-json\/wp\/v2\/types\/page"}],"author":[{"embeddable":true,"href":"https:\/\/www.auditionsolidarite.org\/fr\/wp-json\/wp\/v2\/users\/10"}],"replies":[{"embeddable":true,"href":"https:\/\/www.auditionsolidarite.org\/fr\/wp-json\/wp\/v2\/comments?post=7668"}],"version-history":[{"count":6,"href":"https:\/\/www.auditionsolidarite.org\/fr\/wp-json\/wp\/v2\/pages\/7668\/revisions"}],"predecessor-version":[{"id":10697,"href":"https:\/\/www.auditionsolidarite.org\/fr\/wp-json\/wp\/v2\/pages\/7668\/revisions\/10697"}],"wp:attachment":[{"href":"https:\/\/www.auditionsolidarite.org\/fr\/wp-json\/wp\/v2\/media?parent=7668"}],"curies":[{"name":"wp","href":"https:\/\/api.w.org\/{rel}","templated":true}]}}