{"id":7285,"date":"2020-03-10T14:22:42","date_gmt":"2020-03-10T13:22:42","guid":{"rendered":"https:\/\/www.auditionsolidarite.org\/?page_id=7285"},"modified":"2023-06-12T13:26:04","modified_gmt":"2023-06-12T12:26:04","slug":"hopital-de-conception-marseille-mars-2020","status":"publish","type":"page","link":"https:\/\/www.auditionsolidarite.org\/fr\/hopital-de-conception-marseille-mars-2020\/","title":{"rendered":"H\u00f4pital de la Conception (Marseille) \u2013 Septembre 2019"},"content":{"rendered":"<strong>La deuxi\u00e8me et derni\u00e8re mission &#8220;Audition&#8221; de l&#8217;ann\u00e9e \u00e0 Marseille s&#8217;est d\u00e9roul\u00e9e les 17 et 18 septembre 2019 \u00e0 l&#8217;h\u00f4pital de la Conception \u00e0 Marseille en partenariat avec l\u2019AP-HM.<b><b><br \/>\n<\/b><\/b><\/strong><br \/>\nRetour de deux tr\u00e8s belles journ\u00e9es de mission \u00e0 l\u2019h\u00f4pital de la Conception \u00e0 Marseille durant lesquelles notre \u00e9quipe de choc a accueilli <strong>26 personnes<\/strong> vivant dans une grande pr\u00e9carit\u00e9, <strong>14 venaient pour la 1\u00e8re fois<\/strong> et <strong>12 en suivi<\/strong>. Au total <strong>5 personnes ont \u00e9t\u00e9 appareill\u00e9es<\/strong> et <strong>9 appareils auditifs ont \u00e9t\u00e9 adapt\u00e9s<\/strong>.<b><br \/>\n<\/b><b><br \/>\n<\/b>Un grand merci \u00e0 la Fondation Zephyr, Fondation Dominique &amp; Tom Alberici, Fondation Tolot, Fondation La France s&#8217;engage et Fondation Up qui soutiennent cette action.<b><br \/>\n<\/b><b><br \/>\n<\/b><b><b><\/b><\/b><b><\/b><b><\/b><b><\/b><b><\/b>Merci aux audioproth\u00e9sistes : Fr\u00e9d\u00e9ric Bourget, Yohan M\u00e9nard et Christine Bourger<b><br \/>\n<\/b>Merci \u00e0 Luc Moulonguet, l&#8217;ORL<br \/>\nMerci \u00e0 l&#8217;orthophoniste Claire Barilly<br \/>\nMerci \u00e0 la fabricante d&#8217;embouts, Isabelle Laroche<b><b><br \/>\n<\/b><b><br \/>\n<\/b><\/b><\/p>\n<p>Merci \u00e0 l&#8217;\u00e9quipe de l&#8217;AP-HM Assistance Publique &#8211; H\u00f4pitaux de Marseille <b><br \/>\n<\/b><b><br \/>\n<\/b>Retour \u00e0 Marseille les 3 et 4 mars 2020<b><\/b><b><br \/>\n<\/b><b><b> <\/b> <b><br \/>\n<\/b><\/b><b><\/b><\/p>\n<p style=\"text-align: center;\"><strong>Interviews de l&#8217;\u00e9quipe <\/strong><\/p>\n<table>\n<tbody>\n<tr>\n<td style=\"text-align: center;\">Fr\u00e9d\u00e9ric Bourget &#8211; Audioproth\u00e9siste<b><\/b><b><br \/>\n<iframe loading=\"lazy\" width=\"250\" height=\"180\" src=\"https:\/\/www.youtube-nocookie.com\/embed\/QAE9Gx-_U8M\" title=\"YouTube video player\" frameborder=\"0\" allow=\"accelerometer; autoplay; clipboard-write; encrypted-media; gyroscope; picture-in-picture; web-share\" allowfullscreen><\/iframe><br \/>\n<\/b><\/td>\n<td style=\"text-align: center;\">Yohan M\u00e9nard &#8211; Audioproth\u00e9siste<b><br \/>\n<iframe loading=\"lazy\" title=\"YouTube video player\" src=\"https:\/\/www.youtube-nocookie.com\/embed\/9rbtO7ngeDk\" width=\"250\" height=\"180\" frameborder=\"0\" allowfullscreen=\"allowfullscreen\"><\/iframe><br \/>\n<\/b><\/td>\n<\/tr>\n<\/tbody>\n<\/table>\n<p>&nbsp;<\/p>\n<p><img loading=\"lazy\" decoding=\"async\" class=\"aligncenter wp-image-7063\" src=\"\/\/www.auditionsolidarite.org\/wp-content\/uploads\/2019\/09\/Marseille-17-18-sept-54-Copier.jpg\" alt=\"\" width=\"475\" height=\"356\" srcset=\"https:\/\/www.auditionsolidarite.org\/wp-content\/uploads\/2019\/09\/Marseille-17-18-sept-54-Copier.jpg 900w, https:\/\/www.auditionsolidarite.org\/wp-content\/uploads\/2019\/09\/Marseille-17-18-sept-54-Copier-300x225.jpg 300w, https:\/\/www.auditionsolidarite.org\/wp-content\/uploads\/2019\/09\/Marseille-17-18-sept-54-Copier-768x576.jpg 768w\" sizes=\"(max-width: 475px) 100vw, 475px\" \/> <img loading=\"lazy\" decoding=\"async\" class=\"aligncenter wp-image-7064\" src=\"\/\/www.auditionsolidarite.org\/wp-content\/uploads\/2019\/09\/Marseille-17-18-sept-68-Copier.jpg\" alt=\"\" width=\"475\" height=\"356\" srcset=\"https:\/\/www.auditionsolidarite.org\/wp-content\/uploads\/2019\/09\/Marseille-17-18-sept-68-Copier.jpg 900w, https:\/\/www.auditionsolidarite.org\/wp-content\/uploads\/2019\/09\/Marseille-17-18-sept-68-Copier-300x225.jpg 300w, https:\/\/www.auditionsolidarite.org\/wp-content\/uploads\/2019\/09\/Marseille-17-18-sept-68-Copier-768x576.jpg 768w\" sizes=\"(max-width: 475px) 100vw, 475px\" \/>","protected":false},"excerpt":{"rendered":"<p>La deuxi\u00e8me et derni\u00e8re mission &#8220;Audition&#8221; de l&#8217;ann\u00e9e \u00e0 Marseille s&#8217;est d\u00e9roul\u00e9e les 17 et 18 septembre 2019 \u00e0 l&#8217;h\u00f4pital de la Conception \u00e0 Marseille en partenariat avec l\u2019AP-HM. Retour de deux tr\u00e8s belles journ\u00e9es de mission \u00e0 l\u2019h\u00f4pital de la Conception \u00e0 Marseille durant lesquelles notre \u00e9quipe de choc a accueilli 26 personnes vivant dans une grande pr\u00e9carit\u00e9, 14<\/p>\n","protected":false},"author":2,"featured_media":0,"parent":0,"menu_order":0,"comment_status":"closed","ping_status":"closed","template":"","meta":{"footnotes":""},"acf":[],"yoast_head":"<!-- This site is optimized with the Yoast SEO plugin v21.9.1 - https:\/\/yoast.com\/wordpress\/plugins\/seo\/ -->\n<title>H\u00f4pital de la Conception (Marseille) \u2013 Septembre 2019 - AuditionSolidarit\u00e9<\/title>\n<meta name=\"robots\" content=\"index, follow, max-snippet:-1, max-image-preview:large, max-video-preview:-1\" \/>\n<link rel=\"canonical\" href=\"https:\/\/www.auditionsolidarite.org\/fr\/hopital-de-conception-marseille-mars-2020\/\" \/>\n<meta property=\"og:locale\" content=\"fr_FR\" \/>\n<meta property=\"og:type\" content=\"article\" \/>\n<meta property=\"og:title\" content=\"H\u00f4pital de la Conception (Marseille) \u2013 Septembre 2019 - AuditionSolidarit\u00e9\" \/>\n<meta property=\"og:description\" content=\"La deuxi\u00e8me et derni\u00e8re mission &#8220;Audition&#8221; de l&#8217;ann\u00e9e \u00e0 Marseille s&#8217;est d\u00e9roul\u00e9e les 17 et 18 septembre 2019 \u00e0 l&#8217;h\u00f4pital de la Conception \u00e0 Marseille en partenariat avec l\u2019AP-HM. Retour de deux tr\u00e8s belles journ\u00e9es de mission \u00e0 l\u2019h\u00f4pital de la Conception \u00e0 Marseille durant lesquelles notre \u00e9quipe de choc a accueilli 26 personnes vivant dans une grande pr\u00e9carit\u00e9, 14\" \/>\n<meta property=\"og:url\" content=\"https:\/\/www.auditionsolidarite.org\/fr\/hopital-de-conception-marseille-mars-2020\/\" \/>\n<meta property=\"og:site_name\" content=\"AuditionSolidarit\u00e9\" \/>\n<meta property=\"article:modified_time\" content=\"2023-06-12T12:26:04+00:00\" \/>\n<meta property=\"og:image\" content=\"https:\/\/www.auditionsolidarite.org\/wp-content\/uploads\/2015\/07\/logo-audition-solidarite-e1446132259721.png\" \/>\n\t<meta property=\"og:image:width\" content=\"600\" \/>\n\t<meta property=\"og:image:height\" content=\"593\" \/>\n\t<meta property=\"og:image:type\" content=\"image\/png\" \/>\n<meta name=\"twitter:card\" content=\"summary_large_image\" \/>\n<meta name=\"twitter:label1\" content=\"Dur\u00e9e de lecture estim\u00e9e\" \/>\n\t<meta name=\"twitter:data1\" content=\"1 minute\" \/>\n<script type=\"application\/ld+json\" class=\"yoast-schema-graph\">{\"@context\":\"https:\/\/schema.org\",\"@graph\":[{\"@type\":\"WebPage\",\"@id\":\"https:\/\/www.auditionsolidarite.org\/fr\/hopital-de-conception-marseille-mars-2020\/\",\"url\":\"https:\/\/www.auditionsolidarite.org\/fr\/hopital-de-conception-marseille-mars-2020\/\",\"name\":\"H\u00f4pital de la Conception (Marseille) \u2013 Septembre 2019 - AuditionSolidarit\u00e9\",\"isPartOf\":{\"@id\":\"https:\/\/www.auditionsolidarite.org\/fr\/#website\"},\"datePublished\":\"2020-03-10T13:22:42+00:00\",\"dateModified\":\"2023-06-12T12:26:04+00:00\",\"breadcrumb\":{\"@id\":\"https:\/\/www.auditionsolidarite.org\/fr\/hopital-de-conception-marseille-mars-2020\/#breadcrumb\"},\"inLanguage\":\"fr-FR\",\"potentialAction\":[{\"@type\":\"ReadAction\",\"target\":[[\"https:\/\/www.auditionsolidarite.org\/fr\/hopital-de-conception-marseille-mars-2020\/\"]]}]},{\"@type\":\"BreadcrumbList\",\"@id\":\"https:\/\/www.auditionsolidarite.org\/fr\/hopital-de-conception-marseille-mars-2020\/#breadcrumb\",\"itemListElement\":[{\"@type\":\"ListItem\",\"position\":1,\"name\":\"Accueil\",\"item\":\"https:\/\/www.auditionsolidarite.org\/fr\/\"},{\"@type\":\"ListItem\",\"position\":2,\"name\":\"H\u00f4pital de la Conception (Marseille) \u2013 Septembre 2019\"}]},{\"@type\":\"WebSite\",\"@id\":\"https:\/\/www.auditionsolidarite.org\/fr\/#website\",\"url\":\"https:\/\/www.auditionsolidarite.org\/fr\/\",\"name\":\"AuditionSolidarit\u00e9\",\"description\":\"Le hasard n&#039;existe pas ! Si vous \u00eates l\u00e0 aujourd&#039;hui, c&#039;est que le monde de l&#039;audition vous touche... Alors merci d&#039;\u00eatre l\u00e0 !\",\"publisher\":{\"@id\":\"https:\/\/www.auditionsolidarite.org\/fr\/#organization\"},\"potentialAction\":[{\"@type\":\"SearchAction\",\"target\":{\"@type\":\"EntryPoint\",\"urlTemplate\":\"https:\/\/www.auditionsolidarite.org\/fr\/?s={search_term_string}\"},\"query-input\":\"required name=search_term_string\"}],\"inLanguage\":\"fr-FR\"},{\"@type\":\"Organization\",\"@id\":\"https:\/\/www.auditionsolidarite.org\/fr\/#organization\",\"name\":\"AuditionSolidarit\u00e9\",\"url\":\"https:\/\/www.auditionsolidarite.org\/fr\/\",\"logo\":{\"@type\":\"ImageObject\",\"inLanguage\":\"fr-FR\",\"@id\":\"https:\/\/www.auditionsolidarite.org\/fr\/#\/schema\/logo\/image\/\",\"url\":\"https:\/\/www.auditionsolidarite.org\/wp-content\/uploads\/2015\/07\/logo-audition-solidarite-e1446132259721.png\",\"contentUrl\":\"https:\/\/www.auditionsolidarite.org\/wp-content\/uploads\/2015\/07\/logo-audition-solidarite-e1446132259721.png\",\"width\":600,\"height\":593,\"caption\":\"AuditionSolidarit\u00e9\"},\"image\":{\"@id\":\"https:\/\/www.auditionsolidarite.org\/fr\/#\/schema\/logo\/image\/\"}}]}<\/script>\n<!-- \/ Yoast SEO plugin. -->","yoast_head_json":{"title":"H\u00f4pital de la Conception (Marseille) \u2013 Septembre 2019 - AuditionSolidarit\u00e9","robots":{"index":"index","follow":"follow","max-snippet":"max-snippet:-1","max-image-preview":"max-image-preview:large","max-video-preview":"max-video-preview:-1"},"canonical":"https:\/\/www.auditionsolidarite.org\/fr\/hopital-de-conception-marseille-mars-2020\/","og_locale":"fr_FR","og_type":"article","og_title":"H\u00f4pital de la Conception (Marseille) \u2013 Septembre 2019 - AuditionSolidarit\u00e9","og_description":"La deuxi\u00e8me et derni\u00e8re mission &#8220;Audition&#8221; de l&#8217;ann\u00e9e \u00e0 Marseille s&#8217;est d\u00e9roul\u00e9e les 17 et 18 septembre 2019 \u00e0 l&#8217;h\u00f4pital de la Conception \u00e0 Marseille en partenariat avec l\u2019AP-HM. Retour de deux tr\u00e8s belles journ\u00e9es de mission \u00e0 l\u2019h\u00f4pital de la Conception \u00e0 Marseille durant lesquelles notre \u00e9quipe de choc a accueilli 26 personnes vivant dans une grande pr\u00e9carit\u00e9, 14","og_url":"https:\/\/www.auditionsolidarite.org\/fr\/hopital-de-conception-marseille-mars-2020\/","og_site_name":"AuditionSolidarit\u00e9","article_modified_time":"2023-06-12T12:26:04+00:00","og_image":[{"width":600,"height":593,"url":"https:\/\/www.auditionsolidarite.org\/wp-content\/uploads\/2015\/07\/logo-audition-solidarite-e1446132259721.png","type":"image\/png"}],"twitter_card":"summary_large_image","twitter_misc":{"Dur\u00e9e de lecture estim\u00e9e":"1 minute"},"schema":{"@context":"https:\/\/schema.org","@graph":[{"@type":"WebPage","@id":"https:\/\/www.auditionsolidarite.org\/fr\/hopital-de-conception-marseille-mars-2020\/","url":"https:\/\/www.auditionsolidarite.org\/fr\/hopital-de-conception-marseille-mars-2020\/","name":"H\u00f4pital de la Conception (Marseille) \u2013 Septembre 2019 - AuditionSolidarit\u00e9","isPartOf":{"@id":"https:\/\/www.auditionsolidarite.org\/fr\/#website"},"datePublished":"2020-03-10T13:22:42+00:00","dateModified":"2023-06-12T12:26:04+00:00","breadcrumb":{"@id":"https:\/\/www.auditionsolidarite.org\/fr\/hopital-de-conception-marseille-mars-2020\/#breadcrumb"},"inLanguage":"fr-FR","potentialAction":[{"@type":"ReadAction","target":[["https:\/\/www.auditionsolidarite.org\/fr\/hopital-de-conception-marseille-mars-2020\/"]]}]},{"@type":"BreadcrumbList","@id":"https:\/\/www.auditionsolidarite.org\/fr\/hopital-de-conception-marseille-mars-2020\/#breadcrumb","itemListElement":[{"@type":"ListItem","position":1,"name":"Accueil","item":"https:\/\/www.auditionsolidarite.org\/fr\/"},{"@type":"ListItem","position":2,"name":"H\u00f4pital de la Conception (Marseille) \u2013 Septembre 2019"}]},{"@type":"WebSite","@id":"https:\/\/www.auditionsolidarite.org\/fr\/#website","url":"https:\/\/www.auditionsolidarite.org\/fr\/","name":"AuditionSolidarit\u00e9","description":"Le hasard n&#039;existe pas ! Si vous \u00eates l\u00e0 aujourd&#039;hui, c&#039;est que le monde de l&#039;audition vous touche... Alors merci d&#039;\u00eatre l\u00e0 !","publisher":{"@id":"https:\/\/www.auditionsolidarite.org\/fr\/#organization"},"potentialAction":[{"@type":"SearchAction","target":{"@type":"EntryPoint","urlTemplate":"https:\/\/www.auditionsolidarite.org\/fr\/?s={search_term_string}"},"query-input":"required name=search_term_string"}],"inLanguage":"fr-FR"},{"@type":"Organization","@id":"https:\/\/www.auditionsolidarite.org\/fr\/#organization","name":"AuditionSolidarit\u00e9","url":"https:\/\/www.auditionsolidarite.org\/fr\/","logo":{"@type":"ImageObject","inLanguage":"fr-FR","@id":"https:\/\/www.auditionsolidarite.org\/fr\/#\/schema\/logo\/image\/","url":"https:\/\/www.auditionsolidarite.org\/wp-content\/uploads\/2015\/07\/logo-audition-solidarite-e1446132259721.png","contentUrl":"https:\/\/www.auditionsolidarite.org\/wp-content\/uploads\/2015\/07\/logo-audition-solidarite-e1446132259721.png","width":600,"height":593,"caption":"AuditionSolidarit\u00e9"},"image":{"@id":"https:\/\/www.auditionsolidarite.org\/fr\/#\/schema\/logo\/image\/"}}]}},"_links":{"self":[{"href":"https:\/\/www.auditionsolidarite.org\/fr\/wp-json\/wp\/v2\/pages\/7285"}],"collection":[{"href":"https:\/\/www.auditionsolidarite.org\/fr\/wp-json\/wp\/v2\/pages"}],"about":[{"href":"https:\/\/www.auditionsolidarite.org\/fr\/wp-json\/wp\/v2\/types\/page"}],"author":[{"embeddable":true,"href":"https:\/\/www.auditionsolidarite.org\/fr\/wp-json\/wp\/v2\/users\/2"}],"replies":[{"embeddable":true,"href":"https:\/\/www.auditionsolidarite.org\/fr\/wp-json\/wp\/v2\/comments?post=7285"}],"version-history":[{"count":3,"href":"https:\/\/www.auditionsolidarite.org\/fr\/wp-json\/wp\/v2\/pages\/7285\/revisions"}],"predecessor-version":[{"id":9438,"href":"https:\/\/www.auditionsolidarite.org\/fr\/wp-json\/wp\/v2\/pages\/7285\/revisions\/9438"}],"wp:attachment":[{"href":"https:\/\/www.auditionsolidarite.org\/fr\/wp-json\/wp\/v2\/media?parent=7285"}],"curies":[{"name":"wp","href":"https:\/\/api.w.org\/{rel}","templated":true}]}}