{"id":7271,"date":"2020-02-26T15:28:35","date_gmt":"2020-02-26T14:28:35","guid":{"rendered":"https:\/\/www.auditionsolidarite.org\/?page_id=7271"},"modified":"2021-07-22T10:41:43","modified_gmt":"2021-07-22T09:41:43","slug":"hopital-rochefoucauld-ap-hp-paris-octobre-2019","status":"publish","type":"page","link":"https:\/\/www.auditionsolidarite.org\/fr\/hopital-rochefoucauld-ap-hp-paris-octobre-2019\/","title":{"rendered":"H\u00f4pital La Rochefoucauld (AP-HP) \u2013 Paris \u2013 octobre 2019"},"content":{"rendered":"<b>La derni\u00e8re mission &#8220;Audition&#8221; de l&#8217;ann\u00e9e 2019 s&#8217;est d\u00e9roul\u00e9e \u00e0 Paris \u00e0 l&#8217;h\u00f4pital La Rochefoucauld les 1er &amp; 2 octobre 2019 en partenariat avec l\u2019AP-HP.<b><b><br \/>\n<\/b><br \/>\n<\/b><\/b>La premi\u00e8re journ\u00e9e l&#8217;\u00e9quipe a re\u00e7u beaucoup de b\u00e9n\u00e9ficiaires qui venaient \u00e0 notre rencontre pour la premi\u00e8re fois et la seconde journ\u00e9e \u00e9tait consacr\u00e9e aux patients qui venaient pour faire contr\u00f4ler leur appareillage. Une deuxi\u00e8me journ\u00e9e marqu\u00e9e \u00e9galement par la visite de Fran\u00e7ois Hollande, pr\u00e9sident de la Fondation La France s&#8217;engage, Jean <span class=\"st\">Saslawsky<\/span> son directeur g\u00e9n\u00e9ral et Martin Hirsch parain d&#8217;AuditionSolidarit\u00e9 et directeur g\u00e9n\u00e9ral de l&#8217;AP-HP. <span class=\"st\">Quel bonheur de partager notre mission ! <b><b><br \/>\n<\/b><\/b><\/span><b><b><br \/>\n<\/b><b><\/b><\/b><b><\/b><strong>93<\/strong> personnes sont venues \u00e0 notre rencontre, <strong>51<\/strong> pour la premi\u00e8re fois et <strong>42<\/strong> en suivi, super !<\/p>\n<p><strong>47<\/strong> personnes ont b\u00e9n\u00e9fici\u00e9 d\u2019un appareillage soit pour la 1\u00e8re fois, soit AuditionSolidarit\u00e9 a proc\u00e9d\u00e9 \u00e0 un changement de leur ancien appareillage ; en totalit\u00e9 <strong>86<\/strong> appareils adapt\u00e9s !<span style=\"font-size: 11.0pt; font-family: 'Calibri',sans-serif; color: #002060;\"><b><br \/>\n<\/b><b><br \/>\n<\/b><\/span><b><\/b>Merci aux audioproth\u00e9sistes : Rapha\u00ebl Leboutte, Thierry Chanteur, Catherine Allain, Pierre-Olivier Blanc, Samir Rameche et Christine Bourger<b><br \/>\n<\/b>Merci \u00e0 Emmanuel Bartaire, l&#8217;ORL<br \/>\nMerci \u00e0 l&#8217;orthophoniste H\u00e9l\u00e8ne Feuillie<br \/>\nMerci au fabricant d&#8217;embouts, Jer\u00f4me Defond<br \/>\nMerci \u00e0 Christ\u00e8le Peignon pour le secr\u00e9tariat<b><b><br \/>\n<\/b><b><br \/>\n<\/b><\/b><\/p>\n<p>Merci \u00e0 l&#8217;\u00e9quipe de l&#8217;AP-HP<b><br \/>\n<\/b><b> <\/b><b><br \/>\n<\/b><b><b> <\/b> <\/b><\/p>\n<p>Un grand MERCI \u00e0 la Fondation ZEPHYR, \u00e0 La Fondation Tolot, \u00e0 la Fondation La France s&#8217;engage, \u00e0 la Fondation Dominique &amp; Tom Alberici et \u00e0 la Fondation UP pour leur soutien si pr\u00e9cieux.<b><br \/>\n<\/b><b><br \/>\n<\/b><\/p>\n<p style=\"text-align: center;\"><strong>Interviews de l&#8217;\u00e9quipe<\/strong><\/p>\n<table>\n<tbody>\n<tr>\n<td style=\"text-align: center;\">Thierry Chanteur &#8211; Audioproth\u00e9siste<br \/>\n<iframe loading=\"lazy\" title=\"YouTube video player\" src=\"https:\/\/www.youtube-nocookie.com\/embed\/sLaPHWj2WUE\" width=\"250\" height=\"180\" frameborder=\"0\" allowfullscreen=\"allowfullscreen\"><\/iframe><\/td>\n<td style=\"text-align: center;\">Samir Ram\u00e8che &#8211; Audioproth\u00e9siste<b><br \/>\n<iframe loading=\"lazy\" title=\"YouTube video player\" src=\"https:\/\/www.youtube-nocookie.com\/embed\/lNbEMxhGeVo\" width=\"250\" height=\"180\" frameborder=\"0\" allowfullscreen=\"allowfullscreen\"><\/iframe><br \/>\n<\/b><\/td>\n<td style=\"text-align: center;\">Rapha\u00ebl Leboutte &#8211; Audioproth\u00e9siste<b><br \/>\n<iframe loading=\"lazy\" title=\"YouTube video player\" src=\"https:\/\/www.youtube-nocookie.com\/embed\/kjdsdpxsnx4\" width=\"250\" height=\"180\" frameborder=\"0\" allowfullscreen=\"allowfullscreen\"><\/iframe><br \/>\n<\/b><\/td>\n<\/tr>\n<tr>\n<td style=\"text-align: center;\">Pierre-Olivier Blanc &#8211; Audioproth\u00e9siste<b><br \/>\n<iframe loading=\"lazy\" title=\"YouTube video player\" src=\"https:\/\/www.youtube-nocookie.com\/embed\/jxVw7FyYvLQ\" width=\"250\" height=\"180\" frameborder=\"0\" allowfullscreen=\"allowfullscreen\"><\/iframe><br \/>\n<\/b><\/td>\n<td style=\"text-align: center;\">Christ\u00e8le Peignon &#8211; Secr\u00e9tariat<br \/>\n<iframe loading=\"lazy\" title=\"YouTube video player\" src=\"https:\/\/www.youtube-nocookie.com\/embed\/hblcyM2sKOc\" width=\"250\" height=\"180\" frameborder=\"0\" allowfullscreen=\"allowfullscreen\"><\/iframe><\/td>\n<td style=\"text-align: center;\">Emmanuel Bartaire &#8211; ORL<b><br \/>\n<iframe loading=\"lazy\" title=\"YouTube video player\" src=\"https:\/\/www.youtube-nocookie.com\/embed\/00Iw-NON35U\" width=\"250\" height=\"180\" frameborder=\"0\" allowfullscreen=\"allowfullscreen\"><\/iframe><br \/>\n<\/b><\/td>\n<\/tr>\n<tr>\n<td style=\"text-align: center;\">\n<p>Catherine Allain &#8211; Audioproth\u00e9siste<\/p>\n<p><iframe loading=\"lazy\" title=\"YouTube video player\" src=\"https:\/\/www.youtube-nocookie.com\/embed\/nctiX9tPhJc\" width=\"250\" height=\"180\" frameborder=\"0\" allowfullscreen=\"allowfullscreen\"><span style=\"display: inline-block; width: 0px; overflow: hidden; line-height: 0;\" data-mce-type=\"bookmark\" class=\"mce_SELRES_start\">\ufeff<\/span><\/iframe><\/td>\n<td style=\"text-align: center;\"><\/td>\n<td style=\"text-align: center;\"><\/td>\n<\/tr>\n<\/tbody>\n<\/table>\n<p><img loading=\"lazy\" decoding=\"async\" class=\"aligncenter wp-image-7086\" src=\"\/\/www.auditionsolidarite.org\/wp-content\/uploads\/2019\/10\/Paris_Rochefoucauld_octobre19-4-Copier.jpg\" alt=\"\" width=\"600\" height=\"450\" srcset=\"https:\/\/www.auditionsolidarite.org\/wp-content\/uploads\/2019\/10\/Paris_Rochefoucauld_octobre19-4-Copier.jpg 900w, https:\/\/www.auditionsolidarite.org\/wp-content\/uploads\/2019\/10\/Paris_Rochefoucauld_octobre19-4-Copier-300x225.jpg 300w, https:\/\/www.auditionsolidarite.org\/wp-content\/uploads\/2019\/10\/Paris_Rochefoucauld_octobre19-4-Copier-768x576.jpg 768w\" sizes=\"(max-width: 600px) 100vw, 600px\" \/> <img loading=\"lazy\" decoding=\"async\" class=\"aligncenter wp-image-7087\" src=\"\/\/www.auditionsolidarite.org\/wp-content\/uploads\/2019\/10\/Paris_Rochefoucauld_octobre19-6-Copier.jpg\" alt=\"\" width=\"600\" height=\"427\" srcset=\"https:\/\/www.auditionsolidarite.org\/wp-content\/uploads\/2019\/10\/Paris_Rochefoucauld_octobre19-6-Copier.jpg 900w, https:\/\/www.auditionsolidarite.org\/wp-content\/uploads\/2019\/10\/Paris_Rochefoucauld_octobre19-6-Copier-300x214.jpg 300w, https:\/\/www.auditionsolidarite.org\/wp-content\/uploads\/2019\/10\/Paris_Rochefoucauld_octobre19-6-Copier-768x547.jpg 768w\" sizes=\"(max-width: 600px) 100vw, 600px\" \/><img loading=\"lazy\" decoding=\"async\" class=\"aligncenter wp-image-7089\" src=\"\/\/www.auditionsolidarite.org\/wp-content\/uploads\/2019\/10\/Paris_Rochefoucauld_octobre19-53-Copier.jpg\" alt=\"\" width=\"600\" height=\"450\" srcset=\"https:\/\/www.auditionsolidarite.org\/wp-content\/uploads\/2019\/10\/Paris_Rochefoucauld_octobre19-53-Copier.jpg 900w, https:\/\/www.auditionsolidarite.org\/wp-content\/uploads\/2019\/10\/Paris_Rochefoucauld_octobre19-53-Copier-300x225.jpg 300w, https:\/\/www.auditionsolidarite.org\/wp-content\/uploads\/2019\/10\/Paris_Rochefoucauld_octobre19-53-Copier-768x576.jpg 768w\" sizes=\"(max-width: 600px) 100vw, 600px\" \/><img loading=\"lazy\" decoding=\"async\" class=\"aligncenter wp-image-7085\" src=\"\/\/www.auditionsolidarite.org\/wp-content\/uploads\/2019\/10\/Paris_Rochefoucauld_octobre19-3-Copier.jpg\" alt=\"\" width=\"600\" height=\"450\" srcset=\"https:\/\/www.auditionsolidarite.org\/wp-content\/uploads\/2019\/10\/Paris_Rochefoucauld_octobre19-3-Copier.jpg 900w, https:\/\/www.auditionsolidarite.org\/wp-content\/uploads\/2019\/10\/Paris_Rochefoucauld_octobre19-3-Copier-300x225.jpg 300w, https:\/\/www.auditionsolidarite.org\/wp-content\/uploads\/2019\/10\/Paris_Rochefoucauld_octobre19-3-Copier-768x576.jpg 768w\" sizes=\"(max-width: 600px) 100vw, 600px\" \/> <img loading=\"lazy\" decoding=\"async\" class=\"aligncenter wp-image-7088\" src=\"\/\/www.auditionsolidarite.org\/wp-content\/uploads\/2019\/10\/Paris_Rochefoucauld_octobre19-7-Copier.jpg\" alt=\"\" width=\"600\" height=\"450\" srcset=\"https:\/\/www.auditionsolidarite.org\/wp-content\/uploads\/2019\/10\/Paris_Rochefoucauld_octobre19-7-Copier.jpg 900w, https:\/\/www.auditionsolidarite.org\/wp-content\/uploads\/2019\/10\/Paris_Rochefoucauld_octobre19-7-Copier-300x225.jpg 300w, https:\/\/www.auditionsolidarite.org\/wp-content\/uploads\/2019\/10\/Paris_Rochefoucauld_octobre19-7-Copier-768x576.jpg 768w\" sizes=\"(max-width: 600px) 100vw, 600px\" \/>","protected":false},"excerpt":{"rendered":"<p>La derni\u00e8re mission &#8220;Audition&#8221; de l&#8217;ann\u00e9e 2019 s&#8217;est d\u00e9roul\u00e9e \u00e0 Paris \u00e0 l&#8217;h\u00f4pital La Rochefoucauld les 1er &amp; 2 octobre 2019 en partenariat avec l\u2019AP-HP. La premi\u00e8re journ\u00e9e l&#8217;\u00e9quipe a re\u00e7u beaucoup de b\u00e9n\u00e9ficiaires qui venaient \u00e0 notre rencontre pour la premi\u00e8re fois et la seconde journ\u00e9e \u00e9tait consacr\u00e9e aux patients qui venaient pour faire contr\u00f4ler leur appareillage. Une deuxi\u00e8me<\/p>\n","protected":false},"author":2,"featured_media":0,"parent":0,"menu_order":0,"comment_status":"closed","ping_status":"closed","template":"","meta":{"footnotes":""},"acf":[],"yoast_head":"<!-- This site is optimized with the Yoast SEO plugin v21.9.1 - https:\/\/yoast.com\/wordpress\/plugins\/seo\/ -->\n<title>H\u00f4pital La Rochefoucauld (AP-HP) \u2013 Paris \u2013 octobre 2019 - AuditionSolidarit\u00e9<\/title>\n<meta name=\"robots\" content=\"index, follow, max-snippet:-1, max-image-preview:large, max-video-preview:-1\" \/>\n<link rel=\"canonical\" href=\"https:\/\/www.auditionsolidarite.org\/fr\/hopital-rochefoucauld-ap-hp-paris-octobre-2019\/\" \/>\n<meta property=\"og:locale\" content=\"fr_FR\" \/>\n<meta property=\"og:type\" content=\"article\" \/>\n<meta property=\"og:title\" content=\"H\u00f4pital La Rochefoucauld (AP-HP) \u2013 Paris \u2013 octobre 2019 - AuditionSolidarit\u00e9\" \/>\n<meta property=\"og:description\" content=\"La derni\u00e8re mission &#8220;Audition&#8221; de l&#8217;ann\u00e9e 2019 s&#8217;est d\u00e9roul\u00e9e \u00e0 Paris \u00e0 l&#8217;h\u00f4pital La Rochefoucauld les 1er &amp; 2 octobre 2019 en partenariat avec l\u2019AP-HP. La premi\u00e8re journ\u00e9e l&#8217;\u00e9quipe a re\u00e7u beaucoup de b\u00e9n\u00e9ficiaires qui venaient \u00e0 notre rencontre pour la premi\u00e8re fois et la seconde journ\u00e9e \u00e9tait consacr\u00e9e aux patients qui venaient pour faire contr\u00f4ler leur appareillage. Une deuxi\u00e8me\" \/>\n<meta property=\"og:url\" content=\"https:\/\/www.auditionsolidarite.org\/fr\/hopital-rochefoucauld-ap-hp-paris-octobre-2019\/\" \/>\n<meta property=\"og:site_name\" content=\"AuditionSolidarit\u00e9\" \/>\n<meta property=\"article:modified_time\" content=\"2021-07-22T09:41:43+00:00\" \/>\n<meta property=\"og:image\" content=\"https:\/\/www.auditionsolidarite.org\/wp-content\/uploads\/2015\/07\/logo-audition-solidarite-e1446132259721.png\" \/>\n\t<meta property=\"og:image:width\" content=\"600\" \/>\n\t<meta property=\"og:image:height\" content=\"593\" \/>\n\t<meta property=\"og:image:type\" content=\"image\/png\" \/>\n<meta name=\"twitter:card\" content=\"summary_large_image\" \/>\n<meta name=\"twitter:label1\" content=\"Dur\u00e9e de lecture estim\u00e9e\" \/>\n\t<meta name=\"twitter:data1\" content=\"3 minutes\" \/>\n<script type=\"application\/ld+json\" class=\"yoast-schema-graph\">{\"@context\":\"https:\/\/schema.org\",\"@graph\":[{\"@type\":\"WebPage\",\"@id\":\"https:\/\/www.auditionsolidarite.org\/fr\/hopital-rochefoucauld-ap-hp-paris-octobre-2019\/\",\"url\":\"https:\/\/www.auditionsolidarite.org\/fr\/hopital-rochefoucauld-ap-hp-paris-octobre-2019\/\",\"name\":\"H\u00f4pital La Rochefoucauld (AP-HP) \u2013 Paris \u2013 octobre 2019 - AuditionSolidarit\u00e9\",\"isPartOf\":{\"@id\":\"https:\/\/www.auditionsolidarite.org\/fr\/#website\"},\"datePublished\":\"2020-02-26T14:28:35+00:00\",\"dateModified\":\"2021-07-22T09:41:43+00:00\",\"breadcrumb\":{\"@id\":\"https:\/\/www.auditionsolidarite.org\/fr\/hopital-rochefoucauld-ap-hp-paris-octobre-2019\/#breadcrumb\"},\"inLanguage\":\"fr-FR\",\"potentialAction\":[{\"@type\":\"ReadAction\",\"target\":[[\"https:\/\/www.auditionsolidarite.org\/fr\/hopital-rochefoucauld-ap-hp-paris-octobre-2019\/\"]]}]},{\"@type\":\"BreadcrumbList\",\"@id\":\"https:\/\/www.auditionsolidarite.org\/fr\/hopital-rochefoucauld-ap-hp-paris-octobre-2019\/#breadcrumb\",\"itemListElement\":[{\"@type\":\"ListItem\",\"position\":1,\"name\":\"Accueil\",\"item\":\"https:\/\/www.auditionsolidarite.org\/fr\/\"},{\"@type\":\"ListItem\",\"position\":2,\"name\":\"H\u00f4pital La Rochefoucauld (AP-HP) \u2013 Paris \u2013 octobre 2019\"}]},{\"@type\":\"WebSite\",\"@id\":\"https:\/\/www.auditionsolidarite.org\/fr\/#website\",\"url\":\"https:\/\/www.auditionsolidarite.org\/fr\/\",\"name\":\"AuditionSolidarit\u00e9\",\"description\":\"Le hasard n&#039;existe pas ! Si vous \u00eates l\u00e0 aujourd&#039;hui, c&#039;est que le monde de l&#039;audition vous touche... Alors merci d&#039;\u00eatre l\u00e0 !\",\"publisher\":{\"@id\":\"https:\/\/www.auditionsolidarite.org\/fr\/#organization\"},\"potentialAction\":[{\"@type\":\"SearchAction\",\"target\":{\"@type\":\"EntryPoint\",\"urlTemplate\":\"https:\/\/www.auditionsolidarite.org\/fr\/?s={search_term_string}\"},\"query-input\":\"required name=search_term_string\"}],\"inLanguage\":\"fr-FR\"},{\"@type\":\"Organization\",\"@id\":\"https:\/\/www.auditionsolidarite.org\/fr\/#organization\",\"name\":\"AuditionSolidarit\u00e9\",\"url\":\"https:\/\/www.auditionsolidarite.org\/fr\/\",\"logo\":{\"@type\":\"ImageObject\",\"inLanguage\":\"fr-FR\",\"@id\":\"https:\/\/www.auditionsolidarite.org\/fr\/#\/schema\/logo\/image\/\",\"url\":\"https:\/\/www.auditionsolidarite.org\/wp-content\/uploads\/2015\/07\/logo-audition-solidarite-e1446132259721.png\",\"contentUrl\":\"https:\/\/www.auditionsolidarite.org\/wp-content\/uploads\/2015\/07\/logo-audition-solidarite-e1446132259721.png\",\"width\":600,\"height\":593,\"caption\":\"AuditionSolidarit\u00e9\"},\"image\":{\"@id\":\"https:\/\/www.auditionsolidarite.org\/fr\/#\/schema\/logo\/image\/\"}}]}<\/script>\n<!-- \/ Yoast SEO plugin. -->","yoast_head_json":{"title":"H\u00f4pital La Rochefoucauld (AP-HP) \u2013 Paris \u2013 octobre 2019 - AuditionSolidarit\u00e9","robots":{"index":"index","follow":"follow","max-snippet":"max-snippet:-1","max-image-preview":"max-image-preview:large","max-video-preview":"max-video-preview:-1"},"canonical":"https:\/\/www.auditionsolidarite.org\/fr\/hopital-rochefoucauld-ap-hp-paris-octobre-2019\/","og_locale":"fr_FR","og_type":"article","og_title":"H\u00f4pital La Rochefoucauld (AP-HP) \u2013 Paris \u2013 octobre 2019 - AuditionSolidarit\u00e9","og_description":"La derni\u00e8re mission &#8220;Audition&#8221; de l&#8217;ann\u00e9e 2019 s&#8217;est d\u00e9roul\u00e9e \u00e0 Paris \u00e0 l&#8217;h\u00f4pital La Rochefoucauld les 1er &amp; 2 octobre 2019 en partenariat avec l\u2019AP-HP. La premi\u00e8re journ\u00e9e l&#8217;\u00e9quipe a re\u00e7u beaucoup de b\u00e9n\u00e9ficiaires qui venaient \u00e0 notre rencontre pour la premi\u00e8re fois et la seconde journ\u00e9e \u00e9tait consacr\u00e9e aux patients qui venaient pour faire contr\u00f4ler leur appareillage. Une deuxi\u00e8me","og_url":"https:\/\/www.auditionsolidarite.org\/fr\/hopital-rochefoucauld-ap-hp-paris-octobre-2019\/","og_site_name":"AuditionSolidarit\u00e9","article_modified_time":"2021-07-22T09:41:43+00:00","og_image":[{"width":600,"height":593,"url":"https:\/\/www.auditionsolidarite.org\/wp-content\/uploads\/2015\/07\/logo-audition-solidarite-e1446132259721.png","type":"image\/png"}],"twitter_card":"summary_large_image","twitter_misc":{"Dur\u00e9e de lecture estim\u00e9e":"3 minutes"},"schema":{"@context":"https:\/\/schema.org","@graph":[{"@type":"WebPage","@id":"https:\/\/www.auditionsolidarite.org\/fr\/hopital-rochefoucauld-ap-hp-paris-octobre-2019\/","url":"https:\/\/www.auditionsolidarite.org\/fr\/hopital-rochefoucauld-ap-hp-paris-octobre-2019\/","name":"H\u00f4pital La Rochefoucauld (AP-HP) \u2013 Paris \u2013 octobre 2019 - AuditionSolidarit\u00e9","isPartOf":{"@id":"https:\/\/www.auditionsolidarite.org\/fr\/#website"},"datePublished":"2020-02-26T14:28:35+00:00","dateModified":"2021-07-22T09:41:43+00:00","breadcrumb":{"@id":"https:\/\/www.auditionsolidarite.org\/fr\/hopital-rochefoucauld-ap-hp-paris-octobre-2019\/#breadcrumb"},"inLanguage":"fr-FR","potentialAction":[{"@type":"ReadAction","target":[["https:\/\/www.auditionsolidarite.org\/fr\/hopital-rochefoucauld-ap-hp-paris-octobre-2019\/"]]}]},{"@type":"BreadcrumbList","@id":"https:\/\/www.auditionsolidarite.org\/fr\/hopital-rochefoucauld-ap-hp-paris-octobre-2019\/#breadcrumb","itemListElement":[{"@type":"ListItem","position":1,"name":"Accueil","item":"https:\/\/www.auditionsolidarite.org\/fr\/"},{"@type":"ListItem","position":2,"name":"H\u00f4pital La Rochefoucauld (AP-HP) \u2013 Paris \u2013 octobre 2019"}]},{"@type":"WebSite","@id":"https:\/\/www.auditionsolidarite.org\/fr\/#website","url":"https:\/\/www.auditionsolidarite.org\/fr\/","name":"AuditionSolidarit\u00e9","description":"Le hasard n&#039;existe pas ! Si vous \u00eates l\u00e0 aujourd&#039;hui, c&#039;est que le monde de l&#039;audition vous touche... Alors merci d&#039;\u00eatre l\u00e0 !","publisher":{"@id":"https:\/\/www.auditionsolidarite.org\/fr\/#organization"},"potentialAction":[{"@type":"SearchAction","target":{"@type":"EntryPoint","urlTemplate":"https:\/\/www.auditionsolidarite.org\/fr\/?s={search_term_string}"},"query-input":"required name=search_term_string"}],"inLanguage":"fr-FR"},{"@type":"Organization","@id":"https:\/\/www.auditionsolidarite.org\/fr\/#organization","name":"AuditionSolidarit\u00e9","url":"https:\/\/www.auditionsolidarite.org\/fr\/","logo":{"@type":"ImageObject","inLanguage":"fr-FR","@id":"https:\/\/www.auditionsolidarite.org\/fr\/#\/schema\/logo\/image\/","url":"https:\/\/www.auditionsolidarite.org\/wp-content\/uploads\/2015\/07\/logo-audition-solidarite-e1446132259721.png","contentUrl":"https:\/\/www.auditionsolidarite.org\/wp-content\/uploads\/2015\/07\/logo-audition-solidarite-e1446132259721.png","width":600,"height":593,"caption":"AuditionSolidarit\u00e9"},"image":{"@id":"https:\/\/www.auditionsolidarite.org\/fr\/#\/schema\/logo\/image\/"}}]}},"_links":{"self":[{"href":"https:\/\/www.auditionsolidarite.org\/fr\/wp-json\/wp\/v2\/pages\/7271"}],"collection":[{"href":"https:\/\/www.auditionsolidarite.org\/fr\/wp-json\/wp\/v2\/pages"}],"about":[{"href":"https:\/\/www.auditionsolidarite.org\/fr\/wp-json\/wp\/v2\/types\/page"}],"author":[{"embeddable":true,"href":"https:\/\/www.auditionsolidarite.org\/fr\/wp-json\/wp\/v2\/users\/2"}],"replies":[{"embeddable":true,"href":"https:\/\/www.auditionsolidarite.org\/fr\/wp-json\/wp\/v2\/comments?post=7271"}],"version-history":[{"count":2,"href":"https:\/\/www.auditionsolidarite.org\/fr\/wp-json\/wp\/v2\/pages\/7271\/revisions"}],"predecessor-version":[{"id":8303,"href":"https:\/\/www.auditionsolidarite.org\/fr\/wp-json\/wp\/v2\/pages\/7271\/revisions\/8303"}],"wp:attachment":[{"href":"https:\/\/www.auditionsolidarite.org\/fr\/wp-json\/wp\/v2\/media?parent=7271"}],"curies":[{"name":"wp","href":"https:\/\/api.w.org\/{rel}","templated":true}]}}