{"id":7082,"date":"2019-10-07T09:08:02","date_gmt":"2019-10-07T08:08:02","guid":{"rendered":"https:\/\/www.auditionsolidarite.org\/?page_id=7082"},"modified":"2021-07-22T13:12:25","modified_gmt":"2021-07-22T12:12:25","slug":"hotel-dieu-paris-ap-hp-janvier-2019","status":"publish","type":"page","link":"https:\/\/www.auditionsolidarite.org\/fr\/hotel-dieu-paris-ap-hp-janvier-2019\/","title":{"rendered":"H\u00f4tel-Dieu (Paris) \u2013 AP-HP \u2013 Janvier 2019"},"content":{"rendered":"<strong>AuditionSolidarit\u00e9 \u00e9tait \u00e0 Paris \u00e0 l&#8217;h\u00f4pital H\u00f4tel-Dieu les 22 &amp; 23 janvier 2019 en partenariat avec l\u2019AP-HP.<\/strong><b><br \/>\n<\/b><strong><b><br \/>\n<\/b><\/strong>Des moments de vie tr\u00e8s forts, certains b\u00e9n\u00e9ficiaires nous ont parl\u00e9 de &#8220;renaissance&#8221;&#8230; de tr\u00e8s belles rencontres malgr\u00e9 l&#8217;\u00e9pisode neigeux du premier jour qui a contraint quelques personnes \u00e0 annuler leur rendez-vous. <b><b><br \/>\n<\/b><br \/>\n<\/b><b><\/b><\/p>\n<p><strong>81<\/strong> personnes sont venues \u00e0 notre rencontre dont <strong>44<\/strong> pour la premi\u00e8re fois, super !<\/p>\n<p><strong>31<\/strong> personnes ont b\u00e9n\u00e9fici\u00e9 d&#8217;un appareillage soit pour la 1\u00e8re fois, soit AuditionSolidarit\u00e9 a proc\u00e9d\u00e9 \u00e0 un changement de leur ancien appareillage ; en totalit\u00e9 <strong>47<\/strong> appareils adapt\u00e9s !<\/p>\n<p><strong>37<\/strong> personnes ont juste eu un contr\u00f4le de leur appareillage ce qui assure ce suivi si important et ce lien humain.<\/p>\n<p><strong>4<\/strong> enfants ont \u00e9t\u00e9 accueillis, 2 enfants ont \u00e9t\u00e9 appareill\u00e9s pour la premi\u00e8re fois et les 2 autres avaient d\u00e9j\u00e0 \u00e9t\u00e9 appareill\u00e9s et ont b\u00e9n\u00e9fici\u00e9 d\u2019un contr\u00f4le d\u2019appareillage.<b><br \/>\n<\/b><b><br \/>\n<\/b><b><br \/>\n<\/b>Merci aux audioproth\u00e9sistes : St\u00e9phane Dieu, Alain Rosette, Olivier Dupont, Marie-Aude Antiphon Chambon, Marc Janssen et Christine Bourger<b><br \/>\n<\/b>Merci \u00e0 Luc Moulonguet, l&#8217;ORL<br \/>\nMerci \u00e0 l&#8217;orthophoniste Clotilde Faure<br \/>\nMerci au fabricant d&#8217;embouts, Alain Lesouef<br \/>\nMerci \u00e0 Sylvie Guigue et Aline Srey pour le secr\u00e9tariat<b><br \/>\n<\/b>Merci \u00e0 Sabrina Bouzaid, \u00e9tudiante en audioproth\u00e8se<b><br \/>\n<\/b><b><br \/>\n<\/b><\/p>\n<p>Merci \u00e0 l&#8217;\u00e9quipe de l&#8217;AP-HP<b><br \/>\n<\/b><b><br \/>\n<\/b><b><b> <\/b> <\/b><\/p>\n<p>Un grand MERCI \u00e0 la Fondation ZEPHYR, \u00e0 La Fondation Dominique et Tom ALBERICI, \u00e0 la Fondation La France s&#8217;engage et \u00e0 la Fondation UP pour leur soutien si pr\u00e9cieux.<b><br \/>\n<\/b><b><br \/>\n<\/b><\/p>\n<p style=\"text-align: center;\"><strong>Interviews de l&#8217;\u00e9quipe<\/strong><\/p>\n<table>\n<tbody>\n<tr>\n<td style=\"text-align: center;\">Marc Janssen &#8211; Audioproth\u00e9siste<br \/>\n<iframe loading=\"lazy\" title=\"YouTube video player\" src=\"https:\/\/www.youtube-nocookie.com\/embed\/n3d3q2xJXFI\" width=\"250\" height=\"180\" frameborder=\"0\" allowfullscreen=\"allowfullscreen\"><\/iframe><\/td>\n<td style=\"text-align: center;\">Marie-Aude Chambon &#8211; Audioproth\u00e9siste<b><br \/>\n<iframe loading=\"lazy\" title=\"YouTube video player\" src=\"https:\/\/www.youtube-nocookie.com\/embed\/ihJ_COFC7I8\" width=\"250\" height=\"180\" frameborder=\"0\" allowfullscreen=\"allowfullscreen\"><\/iframe><br \/>\n<\/b><\/td>\n<td style=\"text-align: center;\">Olivier Dupont &#8211; Audioproth\u00e9siste<b><br \/>\n<iframe loading=\"lazy\" title=\"YouTube video player\" src=\"https:\/\/www.youtube-nocookie.com\/embed\/Ccd4DoSIkqE\" width=\"250\" height=\"180\" frameborder=\"0\" allowfullscreen=\"allowfullscreen\"><\/iframe><br \/>\n<\/b><\/td>\n<\/tr>\n<tr>\n<td style=\"text-align: center;\">Alain Rosette &#8211; Audioproth\u00e9siste<b><br \/>\n<iframe loading=\"lazy\" title=\"YouTube video player\" src=\"https:\/\/www.youtube-nocookie.com\/embed\/nmoEFYD6DwY\" width=\"250\" height=\"180\" frameborder=\"0\" allowfullscreen=\"allowfullscreen\"><span style=\"display: inline-block; width: 0px; overflow: hidden; line-height: 0;\" data-mce-type=\"bookmark\" class=\"mce_SELRES_start\">\ufeff<\/span><\/iframe><br \/>\n<\/b><\/td>\n<td style=\"text-align: center;\">Sabrina Bouza\u00efd &#8211; Etudiante<br \/>\n<iframe loading=\"lazy\" title=\"YouTube video player\" src=\"https:\/\/www.youtube-nocookie.com\/embed\/jE4BxOTYpk0\" width=\"250\" height=\"180\" frameborder=\"0\" allowfullscreen=\"allowfullscreen\"><\/iframe><\/td>\n<td style=\"text-align: center;\">\n<p>&nbsp;<\/p>\n<p>&nbsp;<\/td>\n<\/tr>\n<\/tbody>\n<\/table>\n<p style=\"text-align: left;\"><b><b><\/b><\/b><br \/>\n<img loading=\"lazy\" decoding=\"async\" class=\"aligncenter wp-image-6556\" src=\"\/wp-content\/uploads\/2015\/07\/PARIS_Janvier19-1-Copier.jpg\" alt=\"\" width=\"550\" height=\"413\" srcset=\"https:\/\/www.auditionsolidarite.org\/wp-content\/uploads\/2015\/07\/PARIS_Janvier19-1-Copier.jpg 1000w, https:\/\/www.auditionsolidarite.org\/wp-content\/uploads\/2015\/07\/PARIS_Janvier19-1-Copier-300x225.jpg 300w, https:\/\/www.auditionsolidarite.org\/wp-content\/uploads\/2015\/07\/PARIS_Janvier19-1-Copier-768x577.jpg 768w\" sizes=\"(max-width: 550px) 100vw, 550px\" \/> <img loading=\"lazy\" decoding=\"async\" class=\"aligncenter wp-image-6557\" src=\"\/wp-content\/uploads\/2015\/07\/PARIS_Janvier19-18-Copier.jpg\" alt=\"\" width=\"550\" height=\"413\" srcset=\"https:\/\/www.auditionsolidarite.org\/wp-content\/uploads\/2015\/07\/PARIS_Janvier19-18-Copier.jpg 1000w, https:\/\/www.auditionsolidarite.org\/wp-content\/uploads\/2015\/07\/PARIS_Janvier19-18-Copier-300x225.jpg 300w, https:\/\/www.auditionsolidarite.org\/wp-content\/uploads\/2015\/07\/PARIS_Janvier19-18-Copier-768x577.jpg 768w\" sizes=\"(max-width: 550px) 100vw, 550px\" \/> <img loading=\"lazy\" decoding=\"async\" class=\"aligncenter wp-image-6558\" src=\"\/wp-content\/uploads\/2015\/07\/PARIS_Janvier19-25-Copier.jpg\" alt=\"\" width=\"550\" height=\"413\" srcset=\"https:\/\/www.auditionsolidarite.org\/wp-content\/uploads\/2015\/07\/PARIS_Janvier19-25-Copier.jpg 1000w, https:\/\/www.auditionsolidarite.org\/wp-content\/uploads\/2015\/07\/PARIS_Janvier19-25-Copier-300x225.jpg 300w, https:\/\/www.auditionsolidarite.org\/wp-content\/uploads\/2015\/07\/PARIS_Janvier19-25-Copier-768x577.jpg 768w\" sizes=\"(max-width: 550px) 100vw, 550px\" \/> <img loading=\"lazy\" decoding=\"async\" class=\"aligncenter wp-image-6559\" src=\"\/wp-content\/uploads\/2015\/07\/PARIS_Janvier19-45-Copier.jpg\" alt=\"\" width=\"550\" height=\"413\" srcset=\"https:\/\/www.auditionsolidarite.org\/wp-content\/uploads\/2015\/07\/PARIS_Janvier19-45-Copier.jpg 1000w, https:\/\/www.auditionsolidarite.org\/wp-content\/uploads\/2015\/07\/PARIS_Janvier19-45-Copier-300x225.jpg 300w, https:\/\/www.auditionsolidarite.org\/wp-content\/uploads\/2015\/07\/PARIS_Janvier19-45-Copier-768x577.jpg 768w\" sizes=\"(max-width: 550px) 100vw, 550px\" \/><\/p>","protected":false},"excerpt":{"rendered":"<p>AuditionSolidarit\u00e9 \u00e9tait \u00e0 Paris \u00e0 l&#8217;h\u00f4pital H\u00f4tel-Dieu les 22 &amp; 23 janvier 2019 en partenariat avec l\u2019AP-HP. Des moments de vie tr\u00e8s forts, certains b\u00e9n\u00e9ficiaires nous ont parl\u00e9 de &#8220;renaissance&#8221;&#8230; de tr\u00e8s belles rencontres malgr\u00e9 l&#8217;\u00e9pisode neigeux du premier jour qui a contraint quelques personnes \u00e0 annuler leur rendez-vous. 81 personnes sont venues \u00e0 notre rencontre dont 44 pour la<\/p>\n","protected":false},"author":2,"featured_media":0,"parent":0,"menu_order":0,"comment_status":"closed","ping_status":"closed","template":"","meta":{"footnotes":""},"acf":[],"yoast_head":"<!-- This site is optimized with the Yoast SEO plugin v21.9.1 - https:\/\/yoast.com\/wordpress\/plugins\/seo\/ -->\n<title>H\u00f4tel-Dieu (Paris) \u2013 AP-HP \u2013 Janvier 2019 - AuditionSolidarit\u00e9<\/title>\n<meta name=\"robots\" content=\"index, follow, max-snippet:-1, max-image-preview:large, max-video-preview:-1\" \/>\n<link rel=\"canonical\" href=\"https:\/\/www.auditionsolidarite.org\/fr\/hotel-dieu-paris-ap-hp-janvier-2019\/\" \/>\n<meta property=\"og:locale\" content=\"fr_FR\" \/>\n<meta property=\"og:type\" content=\"article\" \/>\n<meta property=\"og:title\" content=\"H\u00f4tel-Dieu (Paris) \u2013 AP-HP \u2013 Janvier 2019 - AuditionSolidarit\u00e9\" \/>\n<meta property=\"og:description\" content=\"AuditionSolidarit\u00e9 \u00e9tait \u00e0 Paris \u00e0 l&#8217;h\u00f4pital H\u00f4tel-Dieu les 22 &amp; 23 janvier 2019 en partenariat avec l\u2019AP-HP. Des moments de vie tr\u00e8s forts, certains b\u00e9n\u00e9ficiaires nous ont parl\u00e9 de &#8220;renaissance&#8221;&#8230; de tr\u00e8s belles rencontres malgr\u00e9 l&#8217;\u00e9pisode neigeux du premier jour qui a contraint quelques personnes \u00e0 annuler leur rendez-vous. 81 personnes sont venues \u00e0 notre rencontre dont 44 pour la\" \/>\n<meta property=\"og:url\" content=\"https:\/\/www.auditionsolidarite.org\/fr\/hotel-dieu-paris-ap-hp-janvier-2019\/\" \/>\n<meta property=\"og:site_name\" content=\"AuditionSolidarit\u00e9\" \/>\n<meta property=\"article:modified_time\" content=\"2021-07-22T12:12:25+00:00\" \/>\n<meta property=\"og:image\" content=\"https:\/\/www.auditionsolidarite.org\/wp-content\/uploads\/2015\/07\/logo-audition-solidarite-e1446132259721.png\" \/>\n\t<meta property=\"og:image:width\" content=\"600\" \/>\n\t<meta property=\"og:image:height\" content=\"593\" \/>\n\t<meta property=\"og:image:type\" content=\"image\/png\" \/>\n<meta name=\"twitter:card\" content=\"summary_large_image\" \/>\n<meta name=\"twitter:label1\" content=\"Dur\u00e9e de lecture estim\u00e9e\" \/>\n\t<meta name=\"twitter:data1\" content=\"2 minutes\" \/>\n<script type=\"application\/ld+json\" class=\"yoast-schema-graph\">{\"@context\":\"https:\/\/schema.org\",\"@graph\":[{\"@type\":\"WebPage\",\"@id\":\"https:\/\/www.auditionsolidarite.org\/fr\/hotel-dieu-paris-ap-hp-janvier-2019\/\",\"url\":\"https:\/\/www.auditionsolidarite.org\/fr\/hotel-dieu-paris-ap-hp-janvier-2019\/\",\"name\":\"H\u00f4tel-Dieu (Paris) \u2013 AP-HP \u2013 Janvier 2019 - AuditionSolidarit\u00e9\",\"isPartOf\":{\"@id\":\"https:\/\/www.auditionsolidarite.org\/fr\/#website\"},\"datePublished\":\"2019-10-07T08:08:02+00:00\",\"dateModified\":\"2021-07-22T12:12:25+00:00\",\"breadcrumb\":{\"@id\":\"https:\/\/www.auditionsolidarite.org\/fr\/hotel-dieu-paris-ap-hp-janvier-2019\/#breadcrumb\"},\"inLanguage\":\"fr-FR\",\"potentialAction\":[{\"@type\":\"ReadAction\",\"target\":[[\"https:\/\/www.auditionsolidarite.org\/fr\/hotel-dieu-paris-ap-hp-janvier-2019\/\"]]}]},{\"@type\":\"BreadcrumbList\",\"@id\":\"https:\/\/www.auditionsolidarite.org\/fr\/hotel-dieu-paris-ap-hp-janvier-2019\/#breadcrumb\",\"itemListElement\":[{\"@type\":\"ListItem\",\"position\":1,\"name\":\"Accueil\",\"item\":\"https:\/\/www.auditionsolidarite.org\/fr\/\"},{\"@type\":\"ListItem\",\"position\":2,\"name\":\"H\u00f4tel-Dieu (Paris) \u2013 AP-HP \u2013 Janvier 2019\"}]},{\"@type\":\"WebSite\",\"@id\":\"https:\/\/www.auditionsolidarite.org\/fr\/#website\",\"url\":\"https:\/\/www.auditionsolidarite.org\/fr\/\",\"name\":\"AuditionSolidarit\u00e9\",\"description\":\"Le hasard n&#039;existe pas ! Si vous \u00eates l\u00e0 aujourd&#039;hui, c&#039;est que le monde de l&#039;audition vous touche... Alors merci d&#039;\u00eatre l\u00e0 !\",\"publisher\":{\"@id\":\"https:\/\/www.auditionsolidarite.org\/fr\/#organization\"},\"potentialAction\":[{\"@type\":\"SearchAction\",\"target\":{\"@type\":\"EntryPoint\",\"urlTemplate\":\"https:\/\/www.auditionsolidarite.org\/fr\/?s={search_term_string}\"},\"query-input\":\"required name=search_term_string\"}],\"inLanguage\":\"fr-FR\"},{\"@type\":\"Organization\",\"@id\":\"https:\/\/www.auditionsolidarite.org\/fr\/#organization\",\"name\":\"AuditionSolidarit\u00e9\",\"url\":\"https:\/\/www.auditionsolidarite.org\/fr\/\",\"logo\":{\"@type\":\"ImageObject\",\"inLanguage\":\"fr-FR\",\"@id\":\"https:\/\/www.auditionsolidarite.org\/fr\/#\/schema\/logo\/image\/\",\"url\":\"https:\/\/www.auditionsolidarite.org\/wp-content\/uploads\/2015\/07\/logo-audition-solidarite-e1446132259721.png\",\"contentUrl\":\"https:\/\/www.auditionsolidarite.org\/wp-content\/uploads\/2015\/07\/logo-audition-solidarite-e1446132259721.png\",\"width\":600,\"height\":593,\"caption\":\"AuditionSolidarit\u00e9\"},\"image\":{\"@id\":\"https:\/\/www.auditionsolidarite.org\/fr\/#\/schema\/logo\/image\/\"}}]}<\/script>\n<!-- \/ Yoast SEO plugin. -->","yoast_head_json":{"title":"H\u00f4tel-Dieu (Paris) \u2013 AP-HP \u2013 Janvier 2019 - AuditionSolidarit\u00e9","robots":{"index":"index","follow":"follow","max-snippet":"max-snippet:-1","max-image-preview":"max-image-preview:large","max-video-preview":"max-video-preview:-1"},"canonical":"https:\/\/www.auditionsolidarite.org\/fr\/hotel-dieu-paris-ap-hp-janvier-2019\/","og_locale":"fr_FR","og_type":"article","og_title":"H\u00f4tel-Dieu (Paris) \u2013 AP-HP \u2013 Janvier 2019 - AuditionSolidarit\u00e9","og_description":"AuditionSolidarit\u00e9 \u00e9tait \u00e0 Paris \u00e0 l&#8217;h\u00f4pital H\u00f4tel-Dieu les 22 &amp; 23 janvier 2019 en partenariat avec l\u2019AP-HP. Des moments de vie tr\u00e8s forts, certains b\u00e9n\u00e9ficiaires nous ont parl\u00e9 de &#8220;renaissance&#8221;&#8230; de tr\u00e8s belles rencontres malgr\u00e9 l&#8217;\u00e9pisode neigeux du premier jour qui a contraint quelques personnes \u00e0 annuler leur rendez-vous. 81 personnes sont venues \u00e0 notre rencontre dont 44 pour la","og_url":"https:\/\/www.auditionsolidarite.org\/fr\/hotel-dieu-paris-ap-hp-janvier-2019\/","og_site_name":"AuditionSolidarit\u00e9","article_modified_time":"2021-07-22T12:12:25+00:00","og_image":[{"width":600,"height":593,"url":"https:\/\/www.auditionsolidarite.org\/wp-content\/uploads\/2015\/07\/logo-audition-solidarite-e1446132259721.png","type":"image\/png"}],"twitter_card":"summary_large_image","twitter_misc":{"Dur\u00e9e de lecture estim\u00e9e":"2 minutes"},"schema":{"@context":"https:\/\/schema.org","@graph":[{"@type":"WebPage","@id":"https:\/\/www.auditionsolidarite.org\/fr\/hotel-dieu-paris-ap-hp-janvier-2019\/","url":"https:\/\/www.auditionsolidarite.org\/fr\/hotel-dieu-paris-ap-hp-janvier-2019\/","name":"H\u00f4tel-Dieu (Paris) \u2013 AP-HP \u2013 Janvier 2019 - AuditionSolidarit\u00e9","isPartOf":{"@id":"https:\/\/www.auditionsolidarite.org\/fr\/#website"},"datePublished":"2019-10-07T08:08:02+00:00","dateModified":"2021-07-22T12:12:25+00:00","breadcrumb":{"@id":"https:\/\/www.auditionsolidarite.org\/fr\/hotel-dieu-paris-ap-hp-janvier-2019\/#breadcrumb"},"inLanguage":"fr-FR","potentialAction":[{"@type":"ReadAction","target":[["https:\/\/www.auditionsolidarite.org\/fr\/hotel-dieu-paris-ap-hp-janvier-2019\/"]]}]},{"@type":"BreadcrumbList","@id":"https:\/\/www.auditionsolidarite.org\/fr\/hotel-dieu-paris-ap-hp-janvier-2019\/#breadcrumb","itemListElement":[{"@type":"ListItem","position":1,"name":"Accueil","item":"https:\/\/www.auditionsolidarite.org\/fr\/"},{"@type":"ListItem","position":2,"name":"H\u00f4tel-Dieu (Paris) \u2013 AP-HP \u2013 Janvier 2019"}]},{"@type":"WebSite","@id":"https:\/\/www.auditionsolidarite.org\/fr\/#website","url":"https:\/\/www.auditionsolidarite.org\/fr\/","name":"AuditionSolidarit\u00e9","description":"Le hasard n&#039;existe pas ! Si vous \u00eates l\u00e0 aujourd&#039;hui, c&#039;est que le monde de l&#039;audition vous touche... Alors merci d&#039;\u00eatre l\u00e0 !","publisher":{"@id":"https:\/\/www.auditionsolidarite.org\/fr\/#organization"},"potentialAction":[{"@type":"SearchAction","target":{"@type":"EntryPoint","urlTemplate":"https:\/\/www.auditionsolidarite.org\/fr\/?s={search_term_string}"},"query-input":"required name=search_term_string"}],"inLanguage":"fr-FR"},{"@type":"Organization","@id":"https:\/\/www.auditionsolidarite.org\/fr\/#organization","name":"AuditionSolidarit\u00e9","url":"https:\/\/www.auditionsolidarite.org\/fr\/","logo":{"@type":"ImageObject","inLanguage":"fr-FR","@id":"https:\/\/www.auditionsolidarite.org\/fr\/#\/schema\/logo\/image\/","url":"https:\/\/www.auditionsolidarite.org\/wp-content\/uploads\/2015\/07\/logo-audition-solidarite-e1446132259721.png","contentUrl":"https:\/\/www.auditionsolidarite.org\/wp-content\/uploads\/2015\/07\/logo-audition-solidarite-e1446132259721.png","width":600,"height":593,"caption":"AuditionSolidarit\u00e9"},"image":{"@id":"https:\/\/www.auditionsolidarite.org\/fr\/#\/schema\/logo\/image\/"}}]}},"_links":{"self":[{"href":"https:\/\/www.auditionsolidarite.org\/fr\/wp-json\/wp\/v2\/pages\/7082"}],"collection":[{"href":"https:\/\/www.auditionsolidarite.org\/fr\/wp-json\/wp\/v2\/pages"}],"about":[{"href":"https:\/\/www.auditionsolidarite.org\/fr\/wp-json\/wp\/v2\/types\/page"}],"author":[{"embeddable":true,"href":"https:\/\/www.auditionsolidarite.org\/fr\/wp-json\/wp\/v2\/users\/2"}],"replies":[{"embeddable":true,"href":"https:\/\/www.auditionsolidarite.org\/fr\/wp-json\/wp\/v2\/comments?post=7082"}],"version-history":[{"count":3,"href":"https:\/\/www.auditionsolidarite.org\/fr\/wp-json\/wp\/v2\/pages\/7082\/revisions"}],"predecessor-version":[{"id":8308,"href":"https:\/\/www.auditionsolidarite.org\/fr\/wp-json\/wp\/v2\/pages\/7082\/revisions\/8308"}],"wp:attachment":[{"href":"https:\/\/www.auditionsolidarite.org\/fr\/wp-json\/wp\/v2\/media?parent=7082"}],"curies":[{"name":"wp","href":"https:\/\/api.w.org\/{rel}","templated":true}]}}