{"id":7074,"date":"2019-09-25T09:40:43","date_gmt":"2019-09-25T08:40:43","guid":{"rendered":"https:\/\/www.auditionsolidarite.org\/?page_id=7074"},"modified":"2022-11-22T16:22:04","modified_gmt":"2022-11-22T15:22:04","slug":"historique-tamissionalarochelle","status":"publish","type":"page","link":"https:\/\/www.auditionsolidarite.org\/fr\/historique-tamissionalarochelle\/","title":{"rendered":"Historique #TaMissionALaRochelle"},"content":{"rendered":"<strong>\u2192 21 septembre 2022<\/strong><br \/>\nLieu : La MAHUT, avenue du Champ de Mars, 17000 LA ROCHELLE<\/p>\n<p>Audioproth\u00e9siste-m\u00e9c\u00e8ne r\u00e9f\u00e9rent : St\u00e9phane Gratien &amp; Yohan M\u00e9nard<\/p>\n<blockquote><p>Nombre de personnes accueillies : 4<br \/>\nNombre de personnes appareill\u00e9es : 0<br \/>\nNombre d&#8217;appareils auditifs adapt\u00e9s : 0<\/p><\/blockquote>\n<table style=\"border-collapse: collapse; width: 100%;\" border=\"1\">\n<tbody>\n<tr>\n<td style=\"width: 50%;\"><a href=\"\/\/www.auditionsolidarite.org\/wp-content\/uploads\/2022\/10\/WhatsApp-Image-2022-09-21-at-12.21.163.jpg\"><img loading=\"lazy\" decoding=\"async\" class=\"aligncenter wp-image-8995\" src=\"\/\/www.auditionsolidarite.org\/wp-content\/uploads\/2022\/10\/WhatsApp-Image-2022-09-21-at-12.21.163.jpg\" alt=\"\" width=\"200\" height=\"267\" srcset=\"https:\/\/www.auditionsolidarite.org\/wp-content\/uploads\/2022\/10\/WhatsApp-Image-2022-09-21-at-12.21.163.jpg 768w, https:\/\/www.auditionsolidarite.org\/wp-content\/uploads\/2022\/10\/WhatsApp-Image-2022-09-21-at-12.21.163-225x300.jpg 225w\" sizes=\"(max-width: 200px) 100vw, 200px\" \/><\/a><\/td>\n<td style=\"width: 50%;\"><a href=\"\/\/www.auditionsolidarite.org\/wp-content\/uploads\/2022\/10\/WhatsApp-Image-2022-09-21-at-12.22.162.jpg\"><img loading=\"lazy\" decoding=\"async\" class=\"aligncenter wp-image-8996\" src=\"\/\/www.auditionsolidarite.org\/wp-content\/uploads\/2022\/10\/WhatsApp-Image-2022-09-21-at-12.22.162.jpg\" alt=\"\" width=\"267\" height=\"200\" srcset=\"https:\/\/www.auditionsolidarite.org\/wp-content\/uploads\/2022\/10\/WhatsApp-Image-2022-09-21-at-12.22.162.jpg 1024w, https:\/\/www.auditionsolidarite.org\/wp-content\/uploads\/2022\/10\/WhatsApp-Image-2022-09-21-at-12.22.162-300x225.jpg 300w, https:\/\/www.auditionsolidarite.org\/wp-content\/uploads\/2022\/10\/WhatsApp-Image-2022-09-21-at-12.22.162-768x576.jpg 768w\" sizes=\"(max-width: 267px) 100vw, 267px\" \/><\/a><\/td>\n<\/tr>\n<\/tbody>\n<\/table>\n<p><strong><b><br \/>\n<\/b><b><br \/>\n<\/b>\u2192 16 mars 2022<\/strong><br \/>\nLieu : La MAHUT, avenue du Champ de Mars, 17000 LA ROCHELLE<\/p>\n<p>Audioproth\u00e9siste-m\u00e9c\u00e8ne r\u00e9f\u00e9rent : St\u00e9phane Gratien &amp; Yohan M\u00e9nard<\/p>\n<blockquote><p>Nombre de personnes accueillies : 13<br \/>\nNombre de personnes appareill\u00e9es : 2<br \/>\nNombre d&#8217;appareils auditifs adapt\u00e9s : 3<\/p><\/blockquote>\n<table style=\"border-collapse: collapse; width: 100%;\" border=\"1\">\n<tbody>\n<tr>\n<td style=\"width: 50%;\"><a href=\"\/\/www.auditionsolidarite.org\/wp-content\/uploads\/2022\/03\/La-Rochelle-16-03-2022-6.jpg\"><img loading=\"lazy\" decoding=\"async\" class=\"aligncenter wp-image-8695\" src=\"\/\/www.auditionsolidarite.org\/wp-content\/uploads\/2022\/03\/La-Rochelle-16-03-2022-6.jpg\" alt=\"\" width=\"200\" height=\"267\" srcset=\"https:\/\/www.auditionsolidarite.org\/wp-content\/uploads\/2022\/03\/La-Rochelle-16-03-2022-6.jpg 600w, https:\/\/www.auditionsolidarite.org\/wp-content\/uploads\/2022\/03\/La-Rochelle-16-03-2022-6-225x300.jpg 225w\" sizes=\"(max-width: 200px) 100vw, 200px\" \/><\/a><\/td>\n<td style=\"width: 50%;\"><a href=\"\/\/www.auditionsolidarite.org\/wp-content\/uploads\/2022\/03\/La-Rochelle-16-03-2022-4.jpg\"><img loading=\"lazy\" decoding=\"async\" class=\"aligncenter wp-image-8694\" src=\"\/\/www.auditionsolidarite.org\/wp-content\/uploads\/2022\/03\/La-Rochelle-16-03-2022-4.jpg\" alt=\"\" width=\"200\" height=\"267\" srcset=\"https:\/\/www.auditionsolidarite.org\/wp-content\/uploads\/2022\/03\/La-Rochelle-16-03-2022-4.jpg 600w, https:\/\/www.auditionsolidarite.org\/wp-content\/uploads\/2022\/03\/La-Rochelle-16-03-2022-4-225x300.jpg 225w\" sizes=\"(max-width: 200px) 100vw, 200px\" \/><\/a><\/td>\n<\/tr>\n<\/tbody>\n<\/table>\n<p><strong><b><b> <\/b><b><br \/>\n<\/b><\/b>\u2192 15 septembre 2021<\/strong><br \/>\nLieu : La MAHUT, avenue du Champ de Mars, 17000 LA ROCHELLE<\/p>\n<p>Audioproth\u00e9siste-m\u00e9c\u00e8ne r\u00e9f\u00e9rent : St\u00e9phane Gratien &amp; Yohan M\u00e9nard<\/p>\n<blockquote><p>Nombre de personnes accueillies : 8<br \/>\nNombre de personnes appareill\u00e9es : 2<br \/>\nNombre d&#8217;appareils auditifs adapt\u00e9s : 3<\/p><\/blockquote>\n<table style=\"border-collapse: collapse; width: 100%;\" border=\"1\">\n<tbody>\n<tr>\n<td style=\"width: 50%;\"><a href=\"\/\/www.auditionsolidarite.org\/wp-content\/uploads\/2021\/09\/copie-0_IMG-20210915-WA0016.jpg\"><img loading=\"lazy\" decoding=\"async\" class=\"aligncenter wp-image-8368\" src=\"\/\/www.auditionsolidarite.org\/wp-content\/uploads\/2021\/09\/copie-0_IMG-20210915-WA0016.jpg\" alt=\"\" width=\"200\" height=\"267\" srcset=\"https:\/\/www.auditionsolidarite.org\/wp-content\/uploads\/2021\/09\/copie-0_IMG-20210915-WA0016.jpg 899w, https:\/\/www.auditionsolidarite.org\/wp-content\/uploads\/2021\/09\/copie-0_IMG-20210915-WA0016-225x300.jpg 225w, https:\/\/www.auditionsolidarite.org\/wp-content\/uploads\/2021\/09\/copie-0_IMG-20210915-WA0016-767x1024.jpg 767w, https:\/\/www.auditionsolidarite.org\/wp-content\/uploads\/2021\/09\/copie-0_IMG-20210915-WA0016-768x1025.jpg 768w\" sizes=\"(max-width: 200px) 100vw, 200px\" \/><\/a><\/td>\n<td style=\"width: 50%;\"><a href=\"\/\/www.auditionsolidarite.org\/wp-content\/uploads\/2021\/09\/copie-0_IMG-20210915-WA0041.jpg\"><img loading=\"lazy\" decoding=\"async\" class=\"aligncenter wp-image-8369\" src=\"\/\/www.auditionsolidarite.org\/wp-content\/uploads\/2021\/09\/copie-0_IMG-20210915-WA0041.jpg\" alt=\"\" width=\"200\" height=\"267\" srcset=\"https:\/\/www.auditionsolidarite.org\/wp-content\/uploads\/2021\/09\/copie-0_IMG-20210915-WA0041.jpg 768w, https:\/\/www.auditionsolidarite.org\/wp-content\/uploads\/2021\/09\/copie-0_IMG-20210915-WA0041-225x300.jpg 225w\" sizes=\"(max-width: 200px) 100vw, 200px\" \/><\/a><\/td>\n<\/tr>\n<\/tbody>\n<\/table>\n<p><strong><b><\/b>\u2192 10 mars 2021<\/strong><br \/>\nLieu : la MAHUT, avenue du Champ de Mars, 17000 LA ROCHELLE<\/p>\n<p>Audioproth\u00e9siste-m\u00e9c\u00e8ne r\u00e9f\u00e9rent : St\u00e9phane Gratien &amp; Yohan M\u00e9nard<\/p>\n<blockquote><p>Nombre de personnes accueillies : 3<br \/>\nNombre de personnes appareill\u00e9es : 0<b><br \/>\n<\/b><\/p>\n<p>Nombre de personnes r\u00e9orient\u00e9es : 3<\/p>\n<p>&nbsp;<\/p><\/blockquote>\n<table>\n<tbody>\n<tr>\n<td><a href=\"\/\/www.auditionsolidarite.org\/wp-content\/uploads\/2021\/03\/copie-0_Photos-2.jpg\"><img loading=\"lazy\" decoding=\"async\" class=\"aligncenter wp-image-8053\" src=\"\/\/www.auditionsolidarite.org\/wp-content\/uploads\/2021\/03\/copie-0_Photos-2.jpg\" alt=\"\" width=\"200\" height=\"266\" srcset=\"https:\/\/www.auditionsolidarite.org\/wp-content\/uploads\/2021\/03\/copie-0_Photos-2.jpg 769w, https:\/\/www.auditionsolidarite.org\/wp-content\/uploads\/2021\/03\/copie-0_Photos-2-225x300.jpg 225w, https:\/\/www.auditionsolidarite.org\/wp-content\/uploads\/2021\/03\/copie-0_Photos-2-768x1023.jpg 768w\" sizes=\"(max-width: 200px) 100vw, 200px\" \/><\/a><\/td>\n<td><a href=\"\/\/www.auditionsolidarite.org\/wp-content\/uploads\/2021\/03\/copie-0_Photos.jpg\"><img loading=\"lazy\" decoding=\"async\" class=\"aligncenter wp-image-8054\" src=\"\/\/www.auditionsolidarite.org\/wp-content\/uploads\/2021\/03\/copie-0_Photos.jpg\" alt=\"\" width=\"200\" height=\"267\" srcset=\"https:\/\/www.auditionsolidarite.org\/wp-content\/uploads\/2021\/03\/copie-0_Photos.jpg 768w, https:\/\/www.auditionsolidarite.org\/wp-content\/uploads\/2021\/03\/copie-0_Photos-225x300.jpg 225w\" sizes=\"(max-width: 200px) 100vw, 200px\" \/><\/a><\/td>\n<\/tr>\n<\/tbody>\n<\/table>\n<p><strong><b><br \/>\n<\/b>\u2192 30 septembre 2020<\/strong><br \/>\nLieu : la MAHUT, avenue du Champ de Mars, 17000 LA ROCHELLE<\/p>\n<p>Audioproth\u00e9siste-m\u00e9c\u00e8ne r\u00e9f\u00e9rent : St\u00e9phane Gratien &amp; Yohan M\u00e9nard<\/p>\n<blockquote><p>Nombre de personnes accueillies : 8<br \/>\nNombre de personnes appareill\u00e9es : 3<br \/>\nNombre d&#8217;appareils auditifs adapt\u00e9s : 5<\/p><\/blockquote>\n<table>\n<tbody>\n<tr>\n<td><a href=\"\/\/www.auditionsolidarite.org\/wp-content\/uploads\/2020\/10\/FB_LaRochelle2020-4-Copier.jpg\"><img loading=\"lazy\" decoding=\"async\" class=\"aligncenter wp-image-7589\" src=\"\/\/www.auditionsolidarite.org\/wp-content\/uploads\/2020\/10\/FB_LaRochelle2020-4-Copier.jpg\" alt=\"\" width=\"200\" height=\"267\" srcset=\"https:\/\/www.auditionsolidarite.org\/wp-content\/uploads\/2020\/10\/FB_LaRochelle2020-4-Copier.jpg 600w, https:\/\/www.auditionsolidarite.org\/wp-content\/uploads\/2020\/10\/FB_LaRochelle2020-4-Copier-225x300.jpg 225w\" sizes=\"(max-width: 200px) 100vw, 200px\" \/><\/a><\/td>\n<td><a href=\"\/\/www.auditionsolidarite.org\/wp-content\/uploads\/2020\/10\/FB_LaRochelle2020-7-Copier.jpg\"><img loading=\"lazy\" decoding=\"async\" class=\"aligncenter wp-image-7590\" src=\"\/\/www.auditionsolidarite.org\/wp-content\/uploads\/2020\/10\/FB_LaRochelle2020-7-Copier.jpg\" alt=\"\" width=\"200\" height=\"266\" srcset=\"https:\/\/www.auditionsolidarite.org\/wp-content\/uploads\/2020\/10\/FB_LaRochelle2020-7-Copier.jpg 600w, https:\/\/www.auditionsolidarite.org\/wp-content\/uploads\/2020\/10\/FB_LaRochelle2020-7-Copier-225x300.jpg 225w\" sizes=\"(max-width: 200px) 100vw, 200px\" \/><\/a><\/td>\n<\/tr>\n<\/tbody>\n<\/table>\n<p><strong><b><b><br \/>\n<\/b><br \/>\n<\/b>\u2192 11 mars 2020<\/strong><br \/>\nLieu : R\u00e9sidence Autonomie \/ EPHAD du Champ de Mars 17000 LA ROCHELLE<\/p>\n<p>Audioproth\u00e9siste-m\u00e9c\u00e8ne r\u00e9f\u00e9rent : St\u00e9phane Gratien &amp; Yohan M\u00e9nard<\/p>\n<blockquote><p>Nombre de personnes accueillies : 9<br \/>\nNombre d&#8217;appareils auditifs adapt\u00e9s : 0<br \/>\nNombre de personnes r\u00e9orient\u00e9es : 2<br \/>\nNombre de personnes \u00e0 suivre : 3<\/p><\/blockquote>\n<table>\n<tbody>\n<tr>\n<td><img loading=\"lazy\" decoding=\"async\" class=\"aligncenter wp-image-7396\" src=\"\/\/www.auditionsolidarite.org\/wp-content\/uploads\/2020\/06\/TMLaRochelle-Mars2020-12-Copier.jpg\" alt=\"\" width=\"251\" height=\"247\" srcset=\"https:\/\/www.auditionsolidarite.org\/wp-content\/uploads\/2020\/06\/TMLaRochelle-Mars2020-12-Copier.jpg 900w, https:\/\/www.auditionsolidarite.org\/wp-content\/uploads\/2020\/06\/TMLaRochelle-Mars2020-12-Copier-300x295.jpg 300w, https:\/\/www.auditionsolidarite.org\/wp-content\/uploads\/2020\/06\/TMLaRochelle-Mars2020-12-Copier-768x755.jpg 768w, https:\/\/www.auditionsolidarite.org\/wp-content\/uploads\/2020\/06\/TMLaRochelle-Mars2020-12-Copier-90x90.jpg 90w, https:\/\/www.auditionsolidarite.org\/wp-content\/uploads\/2020\/06\/TMLaRochelle-Mars2020-12-Copier-75x75.jpg 75w\" sizes=\"(max-width: 251px) 100vw, 251px\" \/><\/td>\n<td><img loading=\"lazy\" decoding=\"async\" class=\"aligncenter wp-image-7397\" src=\"\/\/www.auditionsolidarite.org\/wp-content\/uploads\/2020\/06\/TMLaRochelle-Mars2020-11.jpg\" alt=\"\" width=\"251\" height=\"310\" srcset=\"https:\/\/www.auditionsolidarite.org\/wp-content\/uploads\/2020\/06\/TMLaRochelle-Mars2020-11.jpg 649w, https:\/\/www.auditionsolidarite.org\/wp-content\/uploads\/2020\/06\/TMLaRochelle-Mars2020-11-243x300.jpg 243w\" sizes=\"(max-width: 251px) 100vw, 251px\" \/><\/td>\n<\/tr>\n<\/tbody>\n<\/table>\n<p><strong>\u2192 10 septembre 2019<\/strong><br \/>\nLieu : EPHAD du Champ de Mars, 17000 LA ROCHELLE<\/p>\n<p>Audioproth\u00e9siste-m\u00e9c\u00e8ne r\u00e9f\u00e9rent : St\u00e9phane Gratien &amp; Yohan M\u00e9nard<\/p>\n<blockquote><p>Nombre de personnes accueillies : 13<br \/>\nNombre de personnes appareill\u00e9es : 1<br \/>\nNombre d&#8217;appareils auditifs adapt\u00e9s : 1<b><br \/>\n<\/b><\/p><\/blockquote>\n<table>\n<tbody>\n<tr>\n<td><img loading=\"lazy\" decoding=\"async\" class=\"aligncenter wp-image-7072\" src=\"\/\/www.auditionsolidarite.org\/wp-content\/uploads\/2019\/07\/La-Rochelle-10-sept-2019-35-Copier.jpg\" alt=\"\" width=\"251\" height=\"188\" srcset=\"https:\/\/www.auditionsolidarite.org\/wp-content\/uploads\/2019\/07\/La-Rochelle-10-sept-2019-35-Copier.jpg 900w, https:\/\/www.auditionsolidarite.org\/wp-content\/uploads\/2019\/07\/La-Rochelle-10-sept-2019-35-Copier-300x225.jpg 300w, https:\/\/www.auditionsolidarite.org\/wp-content\/uploads\/2019\/07\/La-Rochelle-10-sept-2019-35-Copier-768x576.jpg 768w\" sizes=\"(max-width: 251px) 100vw, 251px\" \/><\/td>\n<td><img loading=\"lazy\" decoding=\"async\" class=\"aligncenter wp-image-7071\" src=\"\/\/www.auditionsolidarite.org\/wp-content\/uploads\/2019\/07\/La-Rochelle-10-sept-2019-21-Copier.jpg\" alt=\"\" width=\"251\" height=\"188\" srcset=\"https:\/\/www.auditionsolidarite.org\/wp-content\/uploads\/2019\/07\/La-Rochelle-10-sept-2019-21-Copier.jpg 900w, https:\/\/www.auditionsolidarite.org\/wp-content\/uploads\/2019\/07\/La-Rochelle-10-sept-2019-21-Copier-300x225.jpg 300w, https:\/\/www.auditionsolidarite.org\/wp-content\/uploads\/2019\/07\/La-Rochelle-10-sept-2019-21-Copier-768x576.jpg 768w\" sizes=\"(max-width: 251px) 100vw, 251px\" \/><\/td>\n<\/tr>\n<\/tbody>\n<\/table>","protected":false},"excerpt":{"rendered":"<p>\u2192 21 septembre 2022 Lieu : La MAHUT, avenue du Champ de Mars, 17000 LA ROCHELLE Audioproth\u00e9siste-m\u00e9c\u00e8ne r\u00e9f\u00e9rent : St\u00e9phane Gratien &amp; Yohan M\u00e9nard Nombre de personnes accueillies : 4 Nombre de personnes appareill\u00e9es : 0 Nombre d&#8217;appareils auditifs adapt\u00e9s : 0 \u2192 16 mars 2022 Lieu : La MAHUT, avenue du Champ de Mars, 17000 LA ROCHELLE Audioproth\u00e9siste-m\u00e9c\u00e8ne r\u00e9f\u00e9rent<\/p>\n","protected":false},"author":2,"featured_media":0,"parent":0,"menu_order":0,"comment_status":"closed","ping_status":"closed","template":"","meta":{"footnotes":""},"acf":[],"yoast_head":"<!-- This site is optimized with the Yoast SEO plugin v21.9.1 - https:\/\/yoast.com\/wordpress\/plugins\/seo\/ -->\n<title>Historique #TaMissionALaRochelle - AuditionSolidarit\u00e9<\/title>\n<meta name=\"robots\" content=\"index, follow, max-snippet:-1, max-image-preview:large, max-video-preview:-1\" \/>\n<link rel=\"canonical\" href=\"https:\/\/www.auditionsolidarite.org\/fr\/historique-tamissionalarochelle\/\" \/>\n<meta property=\"og:locale\" content=\"fr_FR\" \/>\n<meta property=\"og:type\" content=\"article\" \/>\n<meta property=\"og:title\" content=\"Historique #TaMissionALaRochelle - AuditionSolidarit\u00e9\" \/>\n<meta property=\"og:description\" content=\"\u2192 21 septembre 2022 Lieu : La MAHUT, avenue du Champ de Mars, 17000 LA ROCHELLE Audioproth\u00e9siste-m\u00e9c\u00e8ne r\u00e9f\u00e9rent : St\u00e9phane Gratien &amp; Yohan M\u00e9nard Nombre de personnes accueillies : 4 Nombre de personnes appareill\u00e9es : 0 Nombre d&#8217;appareils auditifs adapt\u00e9s : 0 \u2192 16 mars 2022 Lieu : La MAHUT, avenue du Champ de Mars, 17000 LA ROCHELLE Audioproth\u00e9siste-m\u00e9c\u00e8ne r\u00e9f\u00e9rent\" \/>\n<meta property=\"og:url\" content=\"https:\/\/www.auditionsolidarite.org\/fr\/historique-tamissionalarochelle\/\" \/>\n<meta property=\"og:site_name\" content=\"AuditionSolidarit\u00e9\" \/>\n<meta property=\"article:modified_time\" content=\"2022-11-22T15:22:04+00:00\" \/>\n<meta property=\"og:image\" content=\"https:\/\/www.auditionsolidarite.org\/wp-content\/uploads\/2015\/07\/logo-audition-solidarite-e1446132259721.png\" \/>\n\t<meta property=\"og:image:width\" content=\"600\" \/>\n\t<meta property=\"og:image:height\" content=\"593\" \/>\n\t<meta property=\"og:image:type\" content=\"image\/png\" \/>\n<meta name=\"twitter:card\" content=\"summary_large_image\" \/>\n<meta name=\"twitter:label1\" content=\"Dur\u00e9e de lecture estim\u00e9e\" \/>\n\t<meta name=\"twitter:data1\" content=\"4 minutes\" \/>\n<script type=\"application\/ld+json\" class=\"yoast-schema-graph\">{\"@context\":\"https:\/\/schema.org\",\"@graph\":[{\"@type\":\"WebPage\",\"@id\":\"https:\/\/www.auditionsolidarite.org\/fr\/historique-tamissionalarochelle\/\",\"url\":\"https:\/\/www.auditionsolidarite.org\/fr\/historique-tamissionalarochelle\/\",\"name\":\"Historique #TaMissionALaRochelle - AuditionSolidarit\u00e9\",\"isPartOf\":{\"@id\":\"https:\/\/www.auditionsolidarite.org\/fr\/#website\"},\"datePublished\":\"2019-09-25T08:40:43+00:00\",\"dateModified\":\"2022-11-22T15:22:04+00:00\",\"breadcrumb\":{\"@id\":\"https:\/\/www.auditionsolidarite.org\/fr\/historique-tamissionalarochelle\/#breadcrumb\"},\"inLanguage\":\"fr-FR\",\"potentialAction\":[{\"@type\":\"ReadAction\",\"target\":[[\"https:\/\/www.auditionsolidarite.org\/fr\/historique-tamissionalarochelle\/\"]]}]},{\"@type\":\"BreadcrumbList\",\"@id\":\"https:\/\/www.auditionsolidarite.org\/fr\/historique-tamissionalarochelle\/#breadcrumb\",\"itemListElement\":[{\"@type\":\"ListItem\",\"position\":1,\"name\":\"Accueil\",\"item\":\"https:\/\/www.auditionsolidarite.org\/fr\/\"},{\"@type\":\"ListItem\",\"position\":2,\"name\":\"Historique #TaMissionALaRochelle\"}]},{\"@type\":\"WebSite\",\"@id\":\"https:\/\/www.auditionsolidarite.org\/fr\/#website\",\"url\":\"https:\/\/www.auditionsolidarite.org\/fr\/\",\"name\":\"AuditionSolidarit\u00e9\",\"description\":\"Le hasard n&#039;existe pas ! Si vous \u00eates l\u00e0 aujourd&#039;hui, c&#039;est que le monde de l&#039;audition vous touche... Alors merci d&#039;\u00eatre l\u00e0 !\",\"publisher\":{\"@id\":\"https:\/\/www.auditionsolidarite.org\/fr\/#organization\"},\"potentialAction\":[{\"@type\":\"SearchAction\",\"target\":{\"@type\":\"EntryPoint\",\"urlTemplate\":\"https:\/\/www.auditionsolidarite.org\/fr\/?s={search_term_string}\"},\"query-input\":\"required name=search_term_string\"}],\"inLanguage\":\"fr-FR\"},{\"@type\":\"Organization\",\"@id\":\"https:\/\/www.auditionsolidarite.org\/fr\/#organization\",\"name\":\"AuditionSolidarit\u00e9\",\"url\":\"https:\/\/www.auditionsolidarite.org\/fr\/\",\"logo\":{\"@type\":\"ImageObject\",\"inLanguage\":\"fr-FR\",\"@id\":\"https:\/\/www.auditionsolidarite.org\/fr\/#\/schema\/logo\/image\/\",\"url\":\"https:\/\/www.auditionsolidarite.org\/wp-content\/uploads\/2015\/07\/logo-audition-solidarite-e1446132259721.png\",\"contentUrl\":\"https:\/\/www.auditionsolidarite.org\/wp-content\/uploads\/2015\/07\/logo-audition-solidarite-e1446132259721.png\",\"width\":600,\"height\":593,\"caption\":\"AuditionSolidarit\u00e9\"},\"image\":{\"@id\":\"https:\/\/www.auditionsolidarite.org\/fr\/#\/schema\/logo\/image\/\"}}]}<\/script>\n<!-- \/ Yoast SEO plugin. -->","yoast_head_json":{"title":"Historique #TaMissionALaRochelle - AuditionSolidarit\u00e9","robots":{"index":"index","follow":"follow","max-snippet":"max-snippet:-1","max-image-preview":"max-image-preview:large","max-video-preview":"max-video-preview:-1"},"canonical":"https:\/\/www.auditionsolidarite.org\/fr\/historique-tamissionalarochelle\/","og_locale":"fr_FR","og_type":"article","og_title":"Historique #TaMissionALaRochelle - AuditionSolidarit\u00e9","og_description":"\u2192 21 septembre 2022 Lieu : La MAHUT, avenue du Champ de Mars, 17000 LA ROCHELLE Audioproth\u00e9siste-m\u00e9c\u00e8ne r\u00e9f\u00e9rent : St\u00e9phane Gratien &amp; Yohan M\u00e9nard Nombre de personnes accueillies : 4 Nombre de personnes appareill\u00e9es : 0 Nombre d&#8217;appareils auditifs adapt\u00e9s : 0 \u2192 16 mars 2022 Lieu : La MAHUT, avenue du Champ de Mars, 17000 LA ROCHELLE Audioproth\u00e9siste-m\u00e9c\u00e8ne r\u00e9f\u00e9rent","og_url":"https:\/\/www.auditionsolidarite.org\/fr\/historique-tamissionalarochelle\/","og_site_name":"AuditionSolidarit\u00e9","article_modified_time":"2022-11-22T15:22:04+00:00","og_image":[{"width":600,"height":593,"url":"https:\/\/www.auditionsolidarite.org\/wp-content\/uploads\/2015\/07\/logo-audition-solidarite-e1446132259721.png","type":"image\/png"}],"twitter_card":"summary_large_image","twitter_misc":{"Dur\u00e9e de lecture estim\u00e9e":"4 minutes"},"schema":{"@context":"https:\/\/schema.org","@graph":[{"@type":"WebPage","@id":"https:\/\/www.auditionsolidarite.org\/fr\/historique-tamissionalarochelle\/","url":"https:\/\/www.auditionsolidarite.org\/fr\/historique-tamissionalarochelle\/","name":"Historique #TaMissionALaRochelle - AuditionSolidarit\u00e9","isPartOf":{"@id":"https:\/\/www.auditionsolidarite.org\/fr\/#website"},"datePublished":"2019-09-25T08:40:43+00:00","dateModified":"2022-11-22T15:22:04+00:00","breadcrumb":{"@id":"https:\/\/www.auditionsolidarite.org\/fr\/historique-tamissionalarochelle\/#breadcrumb"},"inLanguage":"fr-FR","potentialAction":[{"@type":"ReadAction","target":[["https:\/\/www.auditionsolidarite.org\/fr\/historique-tamissionalarochelle\/"]]}]},{"@type":"BreadcrumbList","@id":"https:\/\/www.auditionsolidarite.org\/fr\/historique-tamissionalarochelle\/#breadcrumb","itemListElement":[{"@type":"ListItem","position":1,"name":"Accueil","item":"https:\/\/www.auditionsolidarite.org\/fr\/"},{"@type":"ListItem","position":2,"name":"Historique #TaMissionALaRochelle"}]},{"@type":"WebSite","@id":"https:\/\/www.auditionsolidarite.org\/fr\/#website","url":"https:\/\/www.auditionsolidarite.org\/fr\/","name":"AuditionSolidarit\u00e9","description":"Le hasard n&#039;existe pas ! Si vous \u00eates l\u00e0 aujourd&#039;hui, c&#039;est que le monde de l&#039;audition vous touche... Alors merci d&#039;\u00eatre l\u00e0 !","publisher":{"@id":"https:\/\/www.auditionsolidarite.org\/fr\/#organization"},"potentialAction":[{"@type":"SearchAction","target":{"@type":"EntryPoint","urlTemplate":"https:\/\/www.auditionsolidarite.org\/fr\/?s={search_term_string}"},"query-input":"required name=search_term_string"}],"inLanguage":"fr-FR"},{"@type":"Organization","@id":"https:\/\/www.auditionsolidarite.org\/fr\/#organization","name":"AuditionSolidarit\u00e9","url":"https:\/\/www.auditionsolidarite.org\/fr\/","logo":{"@type":"ImageObject","inLanguage":"fr-FR","@id":"https:\/\/www.auditionsolidarite.org\/fr\/#\/schema\/logo\/image\/","url":"https:\/\/www.auditionsolidarite.org\/wp-content\/uploads\/2015\/07\/logo-audition-solidarite-e1446132259721.png","contentUrl":"https:\/\/www.auditionsolidarite.org\/wp-content\/uploads\/2015\/07\/logo-audition-solidarite-e1446132259721.png","width":600,"height":593,"caption":"AuditionSolidarit\u00e9"},"image":{"@id":"https:\/\/www.auditionsolidarite.org\/fr\/#\/schema\/logo\/image\/"}}]}},"_links":{"self":[{"href":"https:\/\/www.auditionsolidarite.org\/fr\/wp-json\/wp\/v2\/pages\/7074"}],"collection":[{"href":"https:\/\/www.auditionsolidarite.org\/fr\/wp-json\/wp\/v2\/pages"}],"about":[{"href":"https:\/\/www.auditionsolidarite.org\/fr\/wp-json\/wp\/v2\/types\/page"}],"author":[{"embeddable":true,"href":"https:\/\/www.auditionsolidarite.org\/fr\/wp-json\/wp\/v2\/users\/2"}],"replies":[{"embeddable":true,"href":"https:\/\/www.auditionsolidarite.org\/fr\/wp-json\/wp\/v2\/comments?post=7074"}],"version-history":[{"count":3,"href":"https:\/\/www.auditionsolidarite.org\/fr\/wp-json\/wp\/v2\/pages\/7074\/revisions"}],"predecessor-version":[{"id":9061,"href":"https:\/\/www.auditionsolidarite.org\/fr\/wp-json\/wp\/v2\/pages\/7074\/revisions\/9061"}],"wp:attachment":[{"href":"https:\/\/www.auditionsolidarite.org\/fr\/wp-json\/wp\/v2\/media?parent=7074"}],"curies":[{"name":"wp","href":"https:\/\/api.w.org\/{rel}","templated":true}]}}