{"id":6847,"date":"2019-06-25T16:05:35","date_gmt":"2019-06-25T15:05:35","guid":{"rendered":"https:\/\/www.auditionsolidarite.org\/nos-precedentes-missions-en-france-copy\/"},"modified":"2026-04-23T11:10:24","modified_gmt":"2026-04-23T10:10:24","slug":"nos-precedentes-missions-en-france","status":"publish","type":"page","link":"https:\/\/www.auditionsolidarite.org\/fr\/nos-precedentes-missions-en-france\/","title":{"rendered":"Nos pr\u00e9c\u00e9dentes missions en France"},"content":{"rendered":"&nbsp;<\/p>\n<table style=\"height: 66px;\" width=\"700\">\n<tbody>\n<tr>\n<td style=\"width: 233px;\">\n<h3 style=\"padding-left: 40px;\"><strong>Paris<\/strong><\/h3>\n<p>&nbsp;<\/td>\n<td style=\"width: 233px;\">\n<h3 style=\"padding-left: 40px;\"><strong>Marseille<\/strong><\/h3>\n<p>&nbsp;<\/td>\n<td style=\"width: 233px;\">\n<h3 style=\"padding-left: 40px;\"><strong>#TaMissionDansTaVille<\/strong><\/h3>\n<p>&nbsp;<\/td>\n<\/tr>\n<tr>\n<td style=\"width: 233px;\">\n<p><a href=\"\/hopital-rothschild-paroisse-saint-marcel-paris-septembre-2025\/\">\u2666 Septembre 2025 : Paris<\/a><\/p>\n<p><a href=\"\/hopital-rothschild-paroisse-saint-marcel-paris-mars-2025\/\">\u2666 Mars 2025 : Paris<\/a><\/p>\n<p><a href=\"\/hopital-rothschild-paroisse-saint-marcel-paris-septembre-2024\/\">\u2666 Septembre 2024 : Paris<\/a><\/p>\n<p><a href=\"\/hopital-rothschild-paroisse-saint-marcel-paris-mars-2024\/\">\u2666 Mars 2024 : Paris<\/a><b><\/b><b><\/b><\/p>\n<p><a href=\"\/hopital-rothschild-paroisse-saint-marcel-paris-septembre-2023\/\">\u2666 Septembre 2023 : Paris<\/a><\/p>\n<p><a href=\"\/hopital-rothschild-paroisse-saint-marcel-paris-septembre-2022-copy\/\">\u2666 Mars 2023 : Paris<\/a><a href=\"\/hopital-rothschild-paroisse-saint-marcel-paris-septembre-2022\/\"><b><\/b><b><br \/>\n<\/b>\u2666 Septembre 2022 : Paris<\/a><a href=\"\/hopital-rothschild-paroisse-saint-marcel-paris-avril-2022\/\"><b><br \/>\n<\/b>\u2666 Avril 2022 : Paris<b><\/b><\/a><a href=\"\/hopital-rothschild-paroisse-saint-marcel-paris-septembre-2021\/\"><b><br \/>\n<\/b>\u2666 <\/a><a href=\"\/hopital-rothschild-paroisse-saint-marcel-paris-septembre-2021\/\">Septembre 2021 : Paris<\/a><b><a href=\"\/hopital-rothschild-paroisse-saint-marcel-paris-juin-2021\/\"><b><br \/>\n<\/b><\/a><\/b><a href=\"\/hopital-rothschild-paroisse-saint-marcel-paris-juin-2021\/\">\u2666 Juin 2021 : Paris<b><\/b><\/a><a href=\"\/paroisse-saint-marcel-paris-fevrier-2020\/\"><b><br \/>\n<\/b>\u2666 F\u00e9vrier 2020 : Paris<\/a><a href=\"\/hopital-rochefoucauld-ap-hp-paris-octobre-2019\/\"><b><br \/>\n<\/b>\u2666 Octobre 2019 : Paris<\/a><a href=\"\/hotel-dieu-paris-ap-hp-janvier-2019\/\"><b><br \/>\n<\/b>\u2666 Janvier 2019 : Paris<\/a><b><br \/>\n<\/b><a href=\"\/hopital-rothschild-ap-hp-paris-octobre-2018\/\">\u2666 Octobre 2018 : Paris<b><br \/>\n<\/b><\/a><a href=\"\/hopital-rothschild-ap-hp-paris-janvier-2018\/\">\u2666 Janvier 2018 : Paris<\/a><a href=\"\/hopital-rothschild-ap-hp-paris-octobre-2017\/\"><b><br \/>\n<\/b>\u2666 Octobre 2017 : Paris<b><br \/>\n<\/b><\/a><a href=\"\/mission-paris-janvier-2017\/\">\u2666 Janvier 2017 : Paris<b><br \/>\n<\/b><\/a><a href=\"\/hotel-dieu-octobre-2016\/\">\u2666 Octobre 2016 : Paris<b><br \/>\n<\/b><\/a><a href=\"\/hotel-dieu-paris-mai-2016\/\">\u2666 Mai 2016 : Paris<b><br \/>\n<\/b><\/a><a href=\"\/mission-audition-a-lhotel-dieu-janvier-2016\/\">\u2666 Janvier 2016 : Paris<\/a><b> <b><br \/>\n<\/b><\/b><a href=\"\/hotel-dieu-paris-ap-hp-septembre-2015\/\">\u2666 Septembre 2015 : Paris<b><br \/>\n<\/b><\/a><a href=\"\/hotel-dieu-paris-ap-hp-mai-2015\/\">\u2666 Mai 2015 : Paris<b><br \/>\n<\/b><\/a><a href=\"\/janvier-2015-mission-humanitaire-a-lhopital-lariboisiere-paris-ap-hp\/\">\u2666 <\/a><a href=\"\/janvier-2015-mission-humanitaire-a-lhopital-lariboisiere-paris-ap-hp\/\">Janvier 2015 : Paris<b><br \/>\n<\/b><\/a><a href=\"\/mission-humanitaire-a-paris-les-enfants-du-canal-et-la-mie-de-pain-septembre-2014\/\">\u2666 Septembre 2014\u00a0: Paris<\/a><a href=\"\/mission-humanitaire-a-paris-les-enfants-du-canal-avril-2014\/\"> <b><br \/>\n<\/b><b>\u00a0<\/b>\u2666\u00a0Avril 2014\u00a0: Paris<\/a><a href=\"\/mission-humanitaire-paris-enfants-du-canal-octobre-2013\/\"> <b><br \/>\n<\/b>\u2666 Octobre 2013 : Paris<\/a><a href=\"\/mission-humanitaire-armee-du-salut-decembre-2012\/\"><b><br \/>\n<\/b>\u2666 D\u00e9cembre 2012 : Arm\u00e9e du salut\u00a0 (Bayonne)<\/a><a href=\"\/mission-humanitaire-sdf-paris-2012\/\"><b><br \/>\n<\/b>\u2666 Octobre 2011 : Arm\u00e9e du salut (Paris)<b><br \/>\n<\/b><\/a><a href=\"\/mission-armee-du-salut-mars-2011\/\">\u2666 Mars 2011 : Arm\u00e9e du salut<\/a><\/td>\n<td style=\"width: 233px;\">\n<p><a href=\"\/espace-entre-2-murs-marseille-octobre-2025-2\/\">\u2666 Octobre 2025 : Marseille<\/a><\/p>\n<p><a href=\"\/espace-entre-2-murs-marseille-avril-2024\/\">\u2666 Avril 2025 : Marseille<\/a><\/p>\n<p><a href=\"\/espace-entre-2-murs-marseille-octobre-2025\/\">\u2666 Octobre 2024 : Marseille<\/a><\/p>\n<p><a href=\"\/espace-entre-2-murs-marseille-fevrier-2024\/\">\u2666 F\u00e9vrier 2024 : Marseille<\/a><\/p>\n<p><a href=\"\/espace-entre-2-murs-marseille-mars-2023-copy\/\">\u2666 Octobre 2023 : Marseille<\/a><b><\/b><b><\/b><\/p>\n<p><a href=\"\/espace-entre-2-murs-marseille-mars-2023\/\">\u2666 Mars 2023 : Marseille<\/a><b><\/b><b><br \/>\n<\/b><a href=\"\/espace-entre-2-murs-marseille-mars-2022-copy\/\">\u2666 Septembre 2022 : Marseille<\/a><a href=\"\/espace-entre-2-murs-marseille-mars-2022\/\"><b><br \/>\n<\/b>\u2666 Mars 2022 : Marseille<\/a><a href=\"\/espace-entre-2-murs-marseille-septembre-2021\/\"><b><br \/>\n<\/b>\u2666 Septembre 2021 : Marseille<\/a><a href=\"\/hopital-de-la-conception-marseille-mars-2020\/\"><b><br \/>\n<\/b>\u2666 Mars 2020 : Marseille<\/a><a href=\"\/hopital-de-conception-marseille-septembre-2018\/\"><br \/>\n<\/a><a href=\"\/hopital-de-conception-marseille-mars-2020\/\">\u2666 Septembre 2019 : Marseille<\/a><a href=\"\/hopital-de-conception-marseille-avril-2019-2\/\"><br \/>\n\u2666 Avril 2019 : Marseille<b><br \/>\n<\/b><b><\/b><\/a><a href=\"\/hopital-de-conception-marseille-septembre-2018\/\">\u2666 Septembre 2018 : Marseille<\/a><b><br \/>\n<\/b><a href=\"\/hopital-de-conception-marseille-avril-2018\/\">\u2666 Avril 2018 : Marseille<\/a><b><br \/>\n<\/b><b><\/b><a href=\"\/hopital-de-conception-marseille-septembre-2017\/\">\u2666 Septembre 2017 : Marseille<\/a><a href=\"\/hopital-de-conception-marseille-avril-2017\/\"><b><br \/>\n<\/b>\u2666 Avril 2017 : Marseille<\/a><\/td>\n<td style=\"width: 233px;\">\n<p><a href=\"\/historique-tamissionavire-copy\/\">\u2666 Dax<\/a><\/p>\n<p><a href=\"\/historique-tamissionagranville\/\">\u2666 Granville<\/a><\/p>\n<p><a href=\"\/historique-tamissionavire\/\">\u2666 Vire<\/a><\/p>\n<p><a href=\"\/historique-tamissionalarochelle\/\">\u2666 La Rochelle<\/a><\/p>\n<p><a href=\"\/historique-tamissionagranville-copy\/\">\u2666 Orl\u00e9ans<\/a><\/p>\n<p>&nbsp;<\/td>\n<\/tr>\n<\/tbody>\n<\/table>","protected":false},"excerpt":{"rendered":"<p>&nbsp; Paris &nbsp; Marseille &nbsp; #TaMissionDansTaVille &nbsp; \u2666 Septembre 2025 : Paris \u2666 Mars 2025 : Paris \u2666 Septembre 2024 : Paris \u2666 Mars 2024 : Paris \u2666 Septembre 2023 : Paris \u2666 Mars 2023 : Paris \u2666 Septembre 2022 : Paris \u2666 Avril 2022 : Paris \u2666 Septembre 2021 : Paris \u2666 Juin 2021 : Paris \u2666 F\u00e9vrier 2020<\/p>\n","protected":false},"author":10,"featured_media":0,"parent":0,"menu_order":0,"comment_status":"closed","ping_status":"closed","template":"","meta":{"footnotes":""},"acf":[],"yoast_head":"<!-- This site is optimized with the Yoast SEO plugin v21.9.1 - https:\/\/yoast.com\/wordpress\/plugins\/seo\/ -->\n<title>Nos pr\u00e9c\u00e9dentes missions en France - AuditionSolidarit\u00e9<\/title>\n<meta name=\"robots\" content=\"index, follow, max-snippet:-1, max-image-preview:large, max-video-preview:-1\" \/>\n<link rel=\"canonical\" href=\"https:\/\/www.auditionsolidarite.org\/fr\/nos-precedentes-missions-en-france\/\" \/>\n<meta property=\"og:locale\" content=\"fr_FR\" \/>\n<meta property=\"og:type\" content=\"article\" \/>\n<meta property=\"og:title\" content=\"Nos pr\u00e9c\u00e9dentes missions en France - AuditionSolidarit\u00e9\" \/>\n<meta property=\"og:description\" content=\"&nbsp; Paris &nbsp; Marseille &nbsp; #TaMissionDansTaVille &nbsp; \u2666 Septembre 2025 : Paris \u2666 Mars 2025 : Paris \u2666 Septembre 2024 : Paris \u2666 Mars 2024 : Paris \u2666 Septembre 2023 : Paris \u2666 Mars 2023 : Paris \u2666 Septembre 2022 : Paris \u2666 Avril 2022 : Paris \u2666 Septembre 2021 : Paris \u2666 Juin 2021 : Paris \u2666 F\u00e9vrier 2020\" \/>\n<meta property=\"og:url\" content=\"https:\/\/www.auditionsolidarite.org\/fr\/nos-precedentes-missions-en-france\/\" \/>\n<meta property=\"og:site_name\" content=\"AuditionSolidarit\u00e9\" \/>\n<meta property=\"article:modified_time\" content=\"2026-04-23T10:10:24+00:00\" \/>\n<meta property=\"og:image\" content=\"https:\/\/www.auditionsolidarite.org\/wp-content\/uploads\/2015\/07\/logo-audition-solidarite-e1446132259721.png\" \/>\n\t<meta property=\"og:image:width\" content=\"600\" \/>\n\t<meta property=\"og:image:height\" content=\"593\" \/>\n\t<meta property=\"og:image:type\" content=\"image\/png\" \/>\n<meta name=\"twitter:card\" content=\"summary_large_image\" \/>\n<meta name=\"twitter:label1\" content=\"Dur\u00e9e de lecture estim\u00e9e\" \/>\n\t<meta name=\"twitter:data1\" content=\"2 minutes\" \/>\n<script type=\"application\/ld+json\" class=\"yoast-schema-graph\">{\"@context\":\"https:\/\/schema.org\",\"@graph\":[{\"@type\":\"WebPage\",\"@id\":\"https:\/\/www.auditionsolidarite.org\/fr\/nos-precedentes-missions-en-france\/\",\"url\":\"https:\/\/www.auditionsolidarite.org\/fr\/nos-precedentes-missions-en-france\/\",\"name\":\"Nos pr\u00e9c\u00e9dentes missions en France - AuditionSolidarit\u00e9\",\"isPartOf\":{\"@id\":\"https:\/\/www.auditionsolidarite.org\/fr\/#website\"},\"datePublished\":\"2019-06-25T15:05:35+00:00\",\"dateModified\":\"2026-04-23T10:10:24+00:00\",\"breadcrumb\":{\"@id\":\"https:\/\/www.auditionsolidarite.org\/fr\/nos-precedentes-missions-en-france\/#breadcrumb\"},\"inLanguage\":\"fr-FR\",\"potentialAction\":[{\"@type\":\"ReadAction\",\"target\":[[\"https:\/\/www.auditionsolidarite.org\/fr\/nos-precedentes-missions-en-france\/\"]]}]},{\"@type\":\"BreadcrumbList\",\"@id\":\"https:\/\/www.auditionsolidarite.org\/fr\/nos-precedentes-missions-en-france\/#breadcrumb\",\"itemListElement\":[{\"@type\":\"ListItem\",\"position\":1,\"name\":\"Accueil\",\"item\":\"https:\/\/www.auditionsolidarite.org\/fr\/\"},{\"@type\":\"ListItem\",\"position\":2,\"name\":\"Nos pr\u00e9c\u00e9dentes missions en France\"}]},{\"@type\":\"WebSite\",\"@id\":\"https:\/\/www.auditionsolidarite.org\/fr\/#website\",\"url\":\"https:\/\/www.auditionsolidarite.org\/fr\/\",\"name\":\"AuditionSolidarit\u00e9\",\"description\":\"Le hasard n&#039;existe pas ! Si vous \u00eates l\u00e0 aujourd&#039;hui, c&#039;est que le monde de l&#039;audition vous touche... Alors merci d&#039;\u00eatre l\u00e0 !\",\"publisher\":{\"@id\":\"https:\/\/www.auditionsolidarite.org\/fr\/#organization\"},\"potentialAction\":[{\"@type\":\"SearchAction\",\"target\":{\"@type\":\"EntryPoint\",\"urlTemplate\":\"https:\/\/www.auditionsolidarite.org\/fr\/?s={search_term_string}\"},\"query-input\":\"required name=search_term_string\"}],\"inLanguage\":\"fr-FR\"},{\"@type\":\"Organization\",\"@id\":\"https:\/\/www.auditionsolidarite.org\/fr\/#organization\",\"name\":\"AuditionSolidarit\u00e9\",\"url\":\"https:\/\/www.auditionsolidarite.org\/fr\/\",\"logo\":{\"@type\":\"ImageObject\",\"inLanguage\":\"fr-FR\",\"@id\":\"https:\/\/www.auditionsolidarite.org\/fr\/#\/schema\/logo\/image\/\",\"url\":\"https:\/\/www.auditionsolidarite.org\/wp-content\/uploads\/2015\/07\/logo-audition-solidarite-e1446132259721.png\",\"contentUrl\":\"https:\/\/www.auditionsolidarite.org\/wp-content\/uploads\/2015\/07\/logo-audition-solidarite-e1446132259721.png\",\"width\":600,\"height\":593,\"caption\":\"AuditionSolidarit\u00e9\"},\"image\":{\"@id\":\"https:\/\/www.auditionsolidarite.org\/fr\/#\/schema\/logo\/image\/\"}}]}<\/script>\n<!-- \/ Yoast SEO plugin. -->","yoast_head_json":{"title":"Nos pr\u00e9c\u00e9dentes missions en France - AuditionSolidarit\u00e9","robots":{"index":"index","follow":"follow","max-snippet":"max-snippet:-1","max-image-preview":"max-image-preview:large","max-video-preview":"max-video-preview:-1"},"canonical":"https:\/\/www.auditionsolidarite.org\/fr\/nos-precedentes-missions-en-france\/","og_locale":"fr_FR","og_type":"article","og_title":"Nos pr\u00e9c\u00e9dentes missions en France - AuditionSolidarit\u00e9","og_description":"&nbsp; Paris &nbsp; Marseille &nbsp; #TaMissionDansTaVille &nbsp; \u2666 Septembre 2025 : Paris \u2666 Mars 2025 : Paris \u2666 Septembre 2024 : Paris \u2666 Mars 2024 : Paris \u2666 Septembre 2023 : Paris \u2666 Mars 2023 : Paris \u2666 Septembre 2022 : Paris \u2666 Avril 2022 : Paris \u2666 Septembre 2021 : Paris \u2666 Juin 2021 : Paris \u2666 F\u00e9vrier 2020","og_url":"https:\/\/www.auditionsolidarite.org\/fr\/nos-precedentes-missions-en-france\/","og_site_name":"AuditionSolidarit\u00e9","article_modified_time":"2026-04-23T10:10:24+00:00","og_image":[{"width":600,"height":593,"url":"https:\/\/www.auditionsolidarite.org\/wp-content\/uploads\/2015\/07\/logo-audition-solidarite-e1446132259721.png","type":"image\/png"}],"twitter_card":"summary_large_image","twitter_misc":{"Dur\u00e9e de lecture estim\u00e9e":"2 minutes"},"schema":{"@context":"https:\/\/schema.org","@graph":[{"@type":"WebPage","@id":"https:\/\/www.auditionsolidarite.org\/fr\/nos-precedentes-missions-en-france\/","url":"https:\/\/www.auditionsolidarite.org\/fr\/nos-precedentes-missions-en-france\/","name":"Nos pr\u00e9c\u00e9dentes missions en France - AuditionSolidarit\u00e9","isPartOf":{"@id":"https:\/\/www.auditionsolidarite.org\/fr\/#website"},"datePublished":"2019-06-25T15:05:35+00:00","dateModified":"2026-04-23T10:10:24+00:00","breadcrumb":{"@id":"https:\/\/www.auditionsolidarite.org\/fr\/nos-precedentes-missions-en-france\/#breadcrumb"},"inLanguage":"fr-FR","potentialAction":[{"@type":"ReadAction","target":[["https:\/\/www.auditionsolidarite.org\/fr\/nos-precedentes-missions-en-france\/"]]}]},{"@type":"BreadcrumbList","@id":"https:\/\/www.auditionsolidarite.org\/fr\/nos-precedentes-missions-en-france\/#breadcrumb","itemListElement":[{"@type":"ListItem","position":1,"name":"Accueil","item":"https:\/\/www.auditionsolidarite.org\/fr\/"},{"@type":"ListItem","position":2,"name":"Nos pr\u00e9c\u00e9dentes missions en France"}]},{"@type":"WebSite","@id":"https:\/\/www.auditionsolidarite.org\/fr\/#website","url":"https:\/\/www.auditionsolidarite.org\/fr\/","name":"AuditionSolidarit\u00e9","description":"Le hasard n&#039;existe pas ! Si vous \u00eates l\u00e0 aujourd&#039;hui, c&#039;est que le monde de l&#039;audition vous touche... Alors merci d&#039;\u00eatre l\u00e0 !","publisher":{"@id":"https:\/\/www.auditionsolidarite.org\/fr\/#organization"},"potentialAction":[{"@type":"SearchAction","target":{"@type":"EntryPoint","urlTemplate":"https:\/\/www.auditionsolidarite.org\/fr\/?s={search_term_string}"},"query-input":"required name=search_term_string"}],"inLanguage":"fr-FR"},{"@type":"Organization","@id":"https:\/\/www.auditionsolidarite.org\/fr\/#organization","name":"AuditionSolidarit\u00e9","url":"https:\/\/www.auditionsolidarite.org\/fr\/","logo":{"@type":"ImageObject","inLanguage":"fr-FR","@id":"https:\/\/www.auditionsolidarite.org\/fr\/#\/schema\/logo\/image\/","url":"https:\/\/www.auditionsolidarite.org\/wp-content\/uploads\/2015\/07\/logo-audition-solidarite-e1446132259721.png","contentUrl":"https:\/\/www.auditionsolidarite.org\/wp-content\/uploads\/2015\/07\/logo-audition-solidarite-e1446132259721.png","width":600,"height":593,"caption":"AuditionSolidarit\u00e9"},"image":{"@id":"https:\/\/www.auditionsolidarite.org\/fr\/#\/schema\/logo\/image\/"}}]}},"_links":{"self":[{"href":"https:\/\/www.auditionsolidarite.org\/fr\/wp-json\/wp\/v2\/pages\/6847"}],"collection":[{"href":"https:\/\/www.auditionsolidarite.org\/fr\/wp-json\/wp\/v2\/pages"}],"about":[{"href":"https:\/\/www.auditionsolidarite.org\/fr\/wp-json\/wp\/v2\/types\/page"}],"author":[{"embeddable":true,"href":"https:\/\/www.auditionsolidarite.org\/fr\/wp-json\/wp\/v2\/users\/10"}],"replies":[{"embeddable":true,"href":"https:\/\/www.auditionsolidarite.org\/fr\/wp-json\/wp\/v2\/comments?post=6847"}],"version-history":[{"count":14,"href":"https:\/\/www.auditionsolidarite.org\/fr\/wp-json\/wp\/v2\/pages\/6847\/revisions"}],"predecessor-version":[{"id":10926,"href":"https:\/\/www.auditionsolidarite.org\/fr\/wp-json\/wp\/v2\/pages\/6847\/revisions\/10926"}],"wp:attachment":[{"href":"https:\/\/www.auditionsolidarite.org\/fr\/wp-json\/wp\/v2\/media?parent=6847"}],"curies":[{"name":"wp","href":"https:\/\/api.w.org\/{rel}","templated":true}]}}