{"id":67,"date":"2015-07-07T14:26:18","date_gmt":"2015-07-07T13:26:18","guid":{"rendered":"http:\/\/localhost\/auditionsolidarite.org\/?page_id=67"},"modified":"2018-05-18T13:02:03","modified_gmt":"2018-05-18T12:02:03","slug":"contact","status":"publish","type":"page","link":"https:\/\/www.auditionsolidarite.org\/fr\/contact\/","title":{"rendered":"Contact"},"content":{"rendered":"&nbsp;<\/p>\n<blockquote>\n<h4 style=\"text-align: left;\"><a href=\"\/wp-content\/uploads\/2015\/07\/writing9.png\"><img loading=\"lazy\" decoding=\"async\" class=\"alignnone size-full wp-image-1156\" src=\"\/wp-content\/uploads\/2015\/07\/writing9.png\" alt=\"writing9\" width=\"64\" height=\"64\" \/><\/a>\u00a0 \u00a0<span style=\"color: #0071c1;\">\u00a0Courrier<\/span><\/h4>\n<h6 style=\"text-align: left;\">Audition Solidarit\u00e9<\/h6>\n<h6 style=\"text-align: left;\">1, impasse des M\u00e9sanges<\/h6>\n<h6 style=\"text-align: left;\">40180 Yzosse<\/h6>\n<\/blockquote>\n<blockquote>\n<h4><img loading=\"lazy\" decoding=\"async\" class=\"alignnone wp-image-1153 size-full\" src=\"\/wp-content\/uploads\/2015\/07\/mail59.png\" alt=\"mail59\" width=\"64\" height=\"64\" \/>\u00a0 \u00a0\u00a0<span style=\"color: #0071c1;\">Mail<\/span><\/h4>\n<h6 style=\"text-align: left;\"><a href=\"mailto:association@auditionsolidarite.org\" target=\"_blank\" rel=\"noopener\">association@auditionsolidarite.org<\/a><\/h6>\n<\/blockquote>\n<blockquote>\n<h4><img loading=\"lazy\" decoding=\"async\" class=\"alignnone wp-image-1154 size-full\" src=\"\/wp-content\/uploads\/2015\/07\/telephone46.png\" alt=\"telephone46\" width=\"64\" height=\"64\" \/>\u00a0 \u00a0\u00a0<span style=\"color: #0071c1;\">T\u00e9l\u00e9phone<\/span><\/h4>\n<h6 style=\"text-align: left;\">+33 (0)\u00a05 58 35 42 32<\/h6>\n<\/blockquote>\n<h3 style=\"text-align: center;\"><\/h3>\n<h4 style=\"text-align: center;\">Suivez-nous sur les r\u00e9seaux sociaux !<\/h4>\n<blockquote>\n<h4><img loading=\"lazy\" decoding=\"async\" class=\"alignnone size-full wp-image-1152\" src=\"\/wp-content\/uploads\/2015\/07\/facebook55.png\" alt=\"facebook55\" width=\"64\" height=\"64\" \/>\u00a0 \u00a0<span style=\"color: #0071c1;\"> Facebook<\/span><\/h4>\n<h6 style=\"text-align: left;\"><a href=\"https:\/\/www.facebook.com\/auditionsolidarite.org\" target=\"_blank\" rel=\"noopener\">facebook.com\/auditionsolidarite.org<\/a><\/h6>\n<\/blockquote>\n<blockquote>\n<h4>\u00a0<img loading=\"lazy\" decoding=\"async\" class=\"alignnone wp-image-1155 size-full\" src=\"\/wp-content\/uploads\/2015\/07\/twitter1.png\" alt=\"twitter1\" width=\"64\" height=\"64\" \/>\u00a0 \u00a0 <span style=\"color: #0071c1;\">Twitter<\/span><\/h4>\n<h6><\/h6>\n<h6 style=\"text-align: left;\"><a href=\"https:\/\/twitter.com\/AudiSolOrg\" target=\"_blank\" rel=\"noopener\">twitter.com\/AudiSolOrg<\/a><\/h6>\n<\/blockquote>\n<blockquote>\n<h4>\u00a0<img loading=\"lazy\" decoding=\"async\" class=\"alignnone wp-image-1157 size-full\" src=\"\/wp-content\/uploads\/2015\/07\/youtube17.png\" alt=\"youtube17\" width=\"64\" height=\"64\" \/>\u00a0 \u00a0 <span style=\"color: #0071c1;\">YouTube<\/span><\/h4>\n<h6 style=\"text-align: left;\"><a href=\"https:\/\/www.youtube.com\/user\/AuditionSolidarite\" target=\"_blank\" rel=\"noopener\">youtube.com\/user\/AuditionSolidarite<\/a><\/h6>\n<\/blockquote>\n<blockquote>\n<h4>\u00a0<img loading=\"lazy\" decoding=\"async\" class=\"alignnone wp-image-1157 \" src=\"\/wp-content\/uploads\/2015\/09\/linkedin12.png\" alt=\"youtube17\" width=\"63\" height=\"63\" \/>\u00a0 \u00a0 <span style=\"color: #0071c1;\">LinkedIn<\/span><\/h4>\n<h6 style=\"text-align: left;\"><a href=\"https:\/\/www.linkedin.com\/company\/auditionsolidarit%C3%A9.org\" target=\"_blank\" rel=\"noopener\">linkedin.com\/company\/auditionsolidarit\u00e9.org<\/a><\/h6>\n<\/blockquote>\n<blockquote>\n<h4>\u00a0<img loading=\"lazy\" decoding=\"async\" class=\"alignnone wp-image-6128 \" src=\"\/wp-content\/uploads\/2015\/07\/1485482189-instagram_78679-copie-300x300.png\" alt=\"\" width=\"64\" height=\"64\" srcset=\"https:\/\/www.auditionsolidarite.org\/wp-content\/uploads\/2015\/07\/1485482189-instagram_78679-copie-300x300.png 300w, https:\/\/www.auditionsolidarite.org\/wp-content\/uploads\/2015\/07\/1485482189-instagram_78679-copie-150x150.png 150w, https:\/\/www.auditionsolidarite.org\/wp-content\/uploads\/2015\/07\/1485482189-instagram_78679-copie-90x90.png 90w, https:\/\/www.auditionsolidarite.org\/wp-content\/uploads\/2015\/07\/1485482189-instagram_78679-copie-75x75.png 75w, https:\/\/www.auditionsolidarite.org\/wp-content\/uploads\/2015\/07\/1485482189-instagram_78679-copie.png 512w\" sizes=\"(max-width: 64px) 100vw, 64px\" \/>\u00a0 \u00a0 <span style=\"color: #0071c1;\">Instagram<\/span><\/h4>\n<h6 style=\"text-align: left;\"><a href=\"https:\/\/www.instagram.com\/auditionsolidarite\/?hl=fr\" target=\"_blank\" rel=\"noopener\">instagram.com\/auditionsolidarite\/?hl=frli<\/a><\/h6>\n<\/blockquote>","protected":false},"excerpt":{"rendered":"<p>&nbsp; \u00a0 \u00a0\u00a0Courrier Audition Solidarit\u00e9 1, impasse des M\u00e9sanges 40180 Yzosse \u00a0 \u00a0\u00a0Mail association@auditionsolidarite.org \u00a0 \u00a0\u00a0T\u00e9l\u00e9phone +33 (0)\u00a05 58 35 42 32 Suivez-nous sur les r\u00e9seaux sociaux ! \u00a0 \u00a0 Facebook facebook.com\/auditionsolidarite.org \u00a0\u00a0 \u00a0 Twitter twitter.com\/AudiSolOrg \u00a0\u00a0 \u00a0 YouTube youtube.com\/user\/AuditionSolidarite \u00a0\u00a0 \u00a0 LinkedIn linkedin.com\/company\/auditionsolidarit\u00e9.org \u00a0\u00a0 \u00a0 Instagram instagram.com\/auditionsolidarite\/?hl=frli<\/p>\n","protected":false},"author":10,"featured_media":0,"parent":0,"menu_order":0,"comment_status":"closed","ping_status":"closed","template":"","meta":{"footnotes":""},"acf":[],"yoast_head":"<!-- This site is optimized with the Yoast SEO plugin v21.9.1 - https:\/\/yoast.com\/wordpress\/plugins\/seo\/ -->\n<title>Contact - AuditionSolidarit\u00e9<\/title>\n<meta name=\"robots\" content=\"index, follow, max-snippet:-1, max-image-preview:large, max-video-preview:-1\" \/>\n<link rel=\"canonical\" href=\"https:\/\/www.auditionsolidarite.org\/fr\/contact\/\" \/>\n<meta property=\"og:locale\" content=\"fr_FR\" \/>\n<meta property=\"og:type\" content=\"article\" \/>\n<meta property=\"og:title\" content=\"Contact - AuditionSolidarit\u00e9\" \/>\n<meta property=\"og:description\" content=\"&nbsp; \u00a0 \u00a0\u00a0Courrier Audition Solidarit\u00e9 1, impasse des M\u00e9sanges 40180 Yzosse \u00a0 \u00a0\u00a0Mail association@auditionsolidarite.org \u00a0 \u00a0\u00a0T\u00e9l\u00e9phone +33 (0)\u00a05 58 35 42 32 Suivez-nous sur les r\u00e9seaux sociaux ! \u00a0 \u00a0 Facebook facebook.com\/auditionsolidarite.org \u00a0\u00a0 \u00a0 Twitter twitter.com\/AudiSolOrg \u00a0\u00a0 \u00a0 YouTube youtube.com\/user\/AuditionSolidarite \u00a0\u00a0 \u00a0 LinkedIn linkedin.com\/company\/auditionsolidarit\u00e9.org \u00a0\u00a0 \u00a0 Instagram instagram.com\/auditionsolidarite\/?hl=frli\" \/>\n<meta property=\"og:url\" content=\"https:\/\/www.auditionsolidarite.org\/fr\/contact\/\" \/>\n<meta property=\"og:site_name\" content=\"AuditionSolidarit\u00e9\" \/>\n<meta property=\"article:modified_time\" content=\"2018-05-18T12:02:03+00:00\" \/>\n<meta property=\"og:image\" content=\"https:\/\/www.auditionsolidarite.org\/wp-content\/uploads\/2015\/07\/logo-audition-solidarite-e1446132259721.png\" \/>\n\t<meta property=\"og:image:width\" content=\"600\" \/>\n\t<meta property=\"og:image:height\" content=\"593\" \/>\n\t<meta property=\"og:image:type\" content=\"image\/png\" \/>\n<meta name=\"twitter:card\" content=\"summary_large_image\" \/>\n<script type=\"application\/ld+json\" class=\"yoast-schema-graph\">{\"@context\":\"https:\/\/schema.org\",\"@graph\":[{\"@type\":\"WebPage\",\"@id\":\"https:\/\/www.auditionsolidarite.org\/fr\/contact\/\",\"url\":\"https:\/\/www.auditionsolidarite.org\/fr\/contact\/\",\"name\":\"Contact - AuditionSolidarit\u00e9\",\"isPartOf\":{\"@id\":\"https:\/\/www.auditionsolidarite.org\/fr\/#website\"},\"datePublished\":\"2015-07-07T13:26:18+00:00\",\"dateModified\":\"2018-05-18T12:02:03+00:00\",\"breadcrumb\":{\"@id\":\"https:\/\/www.auditionsolidarite.org\/fr\/contact\/#breadcrumb\"},\"inLanguage\":\"fr-FR\",\"potentialAction\":[{\"@type\":\"ReadAction\",\"target\":[[\"https:\/\/www.auditionsolidarite.org\/fr\/contact\/\"]]}]},{\"@type\":\"BreadcrumbList\",\"@id\":\"https:\/\/www.auditionsolidarite.org\/fr\/contact\/#breadcrumb\",\"itemListElement\":[{\"@type\":\"ListItem\",\"position\":1,\"name\":\"Accueil\",\"item\":\"https:\/\/www.auditionsolidarite.org\/fr\/\"},{\"@type\":\"ListItem\",\"position\":2,\"name\":\"Contact\"}]},{\"@type\":\"WebSite\",\"@id\":\"https:\/\/www.auditionsolidarite.org\/fr\/#website\",\"url\":\"https:\/\/www.auditionsolidarite.org\/fr\/\",\"name\":\"AuditionSolidarit\u00e9\",\"description\":\"Le hasard n&#039;existe pas ! Si vous \u00eates l\u00e0 aujourd&#039;hui, c&#039;est que le monde de l&#039;audition vous touche... Alors merci d&#039;\u00eatre l\u00e0 !\",\"publisher\":{\"@id\":\"https:\/\/www.auditionsolidarite.org\/fr\/#organization\"},\"potentialAction\":[{\"@type\":\"SearchAction\",\"target\":{\"@type\":\"EntryPoint\",\"urlTemplate\":\"https:\/\/www.auditionsolidarite.org\/fr\/?s={search_term_string}\"},\"query-input\":\"required name=search_term_string\"}],\"inLanguage\":\"fr-FR\"},{\"@type\":\"Organization\",\"@id\":\"https:\/\/www.auditionsolidarite.org\/fr\/#organization\",\"name\":\"AuditionSolidarit\u00e9\",\"url\":\"https:\/\/www.auditionsolidarite.org\/fr\/\",\"logo\":{\"@type\":\"ImageObject\",\"inLanguage\":\"fr-FR\",\"@id\":\"https:\/\/www.auditionsolidarite.org\/fr\/#\/schema\/logo\/image\/\",\"url\":\"https:\/\/www.auditionsolidarite.org\/wp-content\/uploads\/2015\/07\/logo-audition-solidarite-e1446132259721.png\",\"contentUrl\":\"https:\/\/www.auditionsolidarite.org\/wp-content\/uploads\/2015\/07\/logo-audition-solidarite-e1446132259721.png\",\"width\":600,\"height\":593,\"caption\":\"AuditionSolidarit\u00e9\"},\"image\":{\"@id\":\"https:\/\/www.auditionsolidarite.org\/fr\/#\/schema\/logo\/image\/\"}}]}<\/script>\n<!-- \/ Yoast SEO plugin. -->","yoast_head_json":{"title":"Contact - AuditionSolidarit\u00e9","robots":{"index":"index","follow":"follow","max-snippet":"max-snippet:-1","max-image-preview":"max-image-preview:large","max-video-preview":"max-video-preview:-1"},"canonical":"https:\/\/www.auditionsolidarite.org\/fr\/contact\/","og_locale":"fr_FR","og_type":"article","og_title":"Contact - AuditionSolidarit\u00e9","og_description":"&nbsp; \u00a0 \u00a0\u00a0Courrier Audition Solidarit\u00e9 1, impasse des M\u00e9sanges 40180 Yzosse \u00a0 \u00a0\u00a0Mail association@auditionsolidarite.org \u00a0 \u00a0\u00a0T\u00e9l\u00e9phone +33 (0)\u00a05 58 35 42 32 Suivez-nous sur les r\u00e9seaux sociaux ! \u00a0 \u00a0 Facebook facebook.com\/auditionsolidarite.org \u00a0\u00a0 \u00a0 Twitter twitter.com\/AudiSolOrg \u00a0\u00a0 \u00a0 YouTube youtube.com\/user\/AuditionSolidarite \u00a0\u00a0 \u00a0 LinkedIn linkedin.com\/company\/auditionsolidarit\u00e9.org \u00a0\u00a0 \u00a0 Instagram instagram.com\/auditionsolidarite\/?hl=frli","og_url":"https:\/\/www.auditionsolidarite.org\/fr\/contact\/","og_site_name":"AuditionSolidarit\u00e9","article_modified_time":"2018-05-18T12:02:03+00:00","og_image":[{"width":600,"height":593,"url":"https:\/\/www.auditionsolidarite.org\/wp-content\/uploads\/2015\/07\/logo-audition-solidarite-e1446132259721.png","type":"image\/png"}],"twitter_card":"summary_large_image","schema":{"@context":"https:\/\/schema.org","@graph":[{"@type":"WebPage","@id":"https:\/\/www.auditionsolidarite.org\/fr\/contact\/","url":"https:\/\/www.auditionsolidarite.org\/fr\/contact\/","name":"Contact - AuditionSolidarit\u00e9","isPartOf":{"@id":"https:\/\/www.auditionsolidarite.org\/fr\/#website"},"datePublished":"2015-07-07T13:26:18+00:00","dateModified":"2018-05-18T12:02:03+00:00","breadcrumb":{"@id":"https:\/\/www.auditionsolidarite.org\/fr\/contact\/#breadcrumb"},"inLanguage":"fr-FR","potentialAction":[{"@type":"ReadAction","target":[["https:\/\/www.auditionsolidarite.org\/fr\/contact\/"]]}]},{"@type":"BreadcrumbList","@id":"https:\/\/www.auditionsolidarite.org\/fr\/contact\/#breadcrumb","itemListElement":[{"@type":"ListItem","position":1,"name":"Accueil","item":"https:\/\/www.auditionsolidarite.org\/fr\/"},{"@type":"ListItem","position":2,"name":"Contact"}]},{"@type":"WebSite","@id":"https:\/\/www.auditionsolidarite.org\/fr\/#website","url":"https:\/\/www.auditionsolidarite.org\/fr\/","name":"AuditionSolidarit\u00e9","description":"Le hasard n&#039;existe pas ! Si vous \u00eates l\u00e0 aujourd&#039;hui, c&#039;est que le monde de l&#039;audition vous touche... Alors merci d&#039;\u00eatre l\u00e0 !","publisher":{"@id":"https:\/\/www.auditionsolidarite.org\/fr\/#organization"},"potentialAction":[{"@type":"SearchAction","target":{"@type":"EntryPoint","urlTemplate":"https:\/\/www.auditionsolidarite.org\/fr\/?s={search_term_string}"},"query-input":"required name=search_term_string"}],"inLanguage":"fr-FR"},{"@type":"Organization","@id":"https:\/\/www.auditionsolidarite.org\/fr\/#organization","name":"AuditionSolidarit\u00e9","url":"https:\/\/www.auditionsolidarite.org\/fr\/","logo":{"@type":"ImageObject","inLanguage":"fr-FR","@id":"https:\/\/www.auditionsolidarite.org\/fr\/#\/schema\/logo\/image\/","url":"https:\/\/www.auditionsolidarite.org\/wp-content\/uploads\/2015\/07\/logo-audition-solidarite-e1446132259721.png","contentUrl":"https:\/\/www.auditionsolidarite.org\/wp-content\/uploads\/2015\/07\/logo-audition-solidarite-e1446132259721.png","width":600,"height":593,"caption":"AuditionSolidarit\u00e9"},"image":{"@id":"https:\/\/www.auditionsolidarite.org\/fr\/#\/schema\/logo\/image\/"}}]}},"_links":{"self":[{"href":"https:\/\/www.auditionsolidarite.org\/fr\/wp-json\/wp\/v2\/pages\/67"}],"collection":[{"href":"https:\/\/www.auditionsolidarite.org\/fr\/wp-json\/wp\/v2\/pages"}],"about":[{"href":"https:\/\/www.auditionsolidarite.org\/fr\/wp-json\/wp\/v2\/types\/page"}],"author":[{"embeddable":true,"href":"https:\/\/www.auditionsolidarite.org\/fr\/wp-json\/wp\/v2\/users\/10"}],"replies":[{"embeddable":true,"href":"https:\/\/www.auditionsolidarite.org\/fr\/wp-json\/wp\/v2\/comments?post=67"}],"version-history":[{"count":3,"href":"https:\/\/www.auditionsolidarite.org\/fr\/wp-json\/wp\/v2\/pages\/67\/revisions"}],"predecessor-version":[{"id":6129,"href":"https:\/\/www.auditionsolidarite.org\/fr\/wp-json\/wp\/v2\/pages\/67\/revisions\/6129"}],"wp:attachment":[{"href":"https:\/\/www.auditionsolidarite.org\/fr\/wp-json\/wp\/v2\/media?parent=67"}],"curies":[{"name":"wp","href":"https:\/\/api.w.org\/{rel}","templated":true}]}}