{"id":65,"date":"2015-07-07T14:26:08","date_gmt":"2015-07-07T13:26:08","guid":{"rendered":"http:\/\/localhost\/auditionsolidarite.org\/?page_id=65"},"modified":"2023-05-16T09:06:34","modified_gmt":"2023-05-16T08:06:34","slug":"faire-un-don","status":"publish","type":"page","link":"https:\/\/www.auditionsolidarite.org\/fr\/faire-un-don\/","title":{"rendered":"Faire un don"},"content":{"rendered":"<h4 style=\"text-align: left;\">Vous souhaitez faire un don<\/h4>\n<p>Vous \u00eates un particulier,\u00a0sachez que vous b\u00e9n\u00e9ficiez d\u2019une r\u00e9duction d\u2019imp\u00f4t \u00e9gale \u00e0 75% de vos dons jusqu\u2019\u00e0 1\u00a0000 \u20ac, \u00e0 66% au-del\u00e0 et cela dans la limite de 20% de votre revenu imposable.<b><br \/>\n<\/b><b><br \/>\n<\/b>Par exemple, un don de 100 \u20ac vous revient en r\u00e9alit\u00e9 \u00e0 25 \u20ac.<b><br \/>\n<\/b><b><br \/>\n<\/b><\/p>\n<h6 style=\"text-align: left;\">Vous pouvez faire un don en ligne sur le site d&#8217;HelloAsso,<b><br \/>\n<\/b><b><br \/>\n<\/b><\/h6>\n<p><a style=\"font: 1.5em sans-serif; text-transform: uppercase; max-width: 237px; text-decoration: none; display: block; background: #113c75; text-align: center; margin: auto; padding: .75em .5em; color: #fff;\" href=\"https:\/\/www.helloasso.com\/associations\/auditionsolidarite-org\/formulaires\/1\" target=\"_blank\" rel=\"noopener\">FAIRE UN DON<\/a><br \/>\n<b><br \/>\n<\/b><\/p>\n<h6>ou envoyez votre don par ch\u00e8que \u00e0 :<\/h6>\n<p style=\"text-align: center;\"><strong>AuditionSolidarit\u00e9.Org<\/strong><br \/>\n1, Impasse des M\u00e9sanges<br \/>\n40180 Yzosse<\/p>\n<p style=\"text-align: center;\">Merci de nous indiquer vos coordonn\u00e9es (nom-pr\u00e9nom-adresse postale)<\/p>\n<p style=\"text-align: center;\">ainsi que votre adresse mail pour l&#8217;envoi de votre re\u00e7u fiscal.<\/p>","protected":false},"excerpt":{"rendered":"<p>Vous souhaitez faire un don Vous \u00eates un particulier,\u00a0sachez que vous b\u00e9n\u00e9ficiez d\u2019une r\u00e9duction d\u2019imp\u00f4t \u00e9gale \u00e0 75% de vos dons jusqu\u2019\u00e0 1\u00a0000 \u20ac, \u00e0 66% au-del\u00e0 et cela dans la limite de 20% de votre revenu imposable. Par exemple, un don de 100 \u20ac vous revient en r\u00e9alit\u00e9 \u00e0 25 \u20ac. Vous pouvez faire un don en ligne sur<\/p>\n","protected":false},"author":10,"featured_media":0,"parent":0,"menu_order":0,"comment_status":"closed","ping_status":"closed","template":"","meta":{"footnotes":""},"acf":[],"yoast_head":"<!-- This site is optimized with the Yoast SEO plugin v21.9.1 - https:\/\/yoast.com\/wordpress\/plugins\/seo\/ -->\n<title>Faire un don - AuditionSolidarit\u00e9<\/title>\n<meta name=\"robots\" content=\"index, follow, max-snippet:-1, max-image-preview:large, max-video-preview:-1\" \/>\n<link rel=\"canonical\" href=\"https:\/\/www.auditionsolidarite.org\/fr\/faire-un-don\/\" \/>\n<meta property=\"og:locale\" content=\"fr_FR\" \/>\n<meta property=\"og:type\" content=\"article\" \/>\n<meta property=\"og:title\" content=\"Faire un don - AuditionSolidarit\u00e9\" \/>\n<meta property=\"og:description\" content=\"Vous souhaitez faire un don Vous \u00eates un particulier,\u00a0sachez que vous b\u00e9n\u00e9ficiez d\u2019une r\u00e9duction d\u2019imp\u00f4t \u00e9gale \u00e0 75% de vos dons jusqu\u2019\u00e0 1\u00a0000 \u20ac, \u00e0 66% au-del\u00e0 et cela dans la limite de 20% de votre revenu imposable. Par exemple, un don de 100 \u20ac vous revient en r\u00e9alit\u00e9 \u00e0 25 \u20ac. Vous pouvez faire un don en ligne sur\" \/>\n<meta property=\"og:url\" content=\"https:\/\/www.auditionsolidarite.org\/fr\/faire-un-don\/\" \/>\n<meta property=\"og:site_name\" content=\"AuditionSolidarit\u00e9\" \/>\n<meta property=\"article:modified_time\" content=\"2023-05-16T08:06:34+00:00\" \/>\n<meta property=\"og:image\" content=\"https:\/\/www.auditionsolidarite.org\/wp-content\/uploads\/2015\/07\/logo-audition-solidarite-e1446132259721.png\" \/>\n\t<meta property=\"og:image:width\" content=\"600\" \/>\n\t<meta property=\"og:image:height\" content=\"593\" \/>\n\t<meta property=\"og:image:type\" content=\"image\/png\" \/>\n<meta name=\"twitter:card\" content=\"summary_large_image\" \/>\n<meta name=\"twitter:label1\" content=\"Dur\u00e9e de lecture estim\u00e9e\" \/>\n\t<meta name=\"twitter:data1\" content=\"1 minute\" \/>\n<script type=\"application\/ld+json\" class=\"yoast-schema-graph\">{\"@context\":\"https:\/\/schema.org\",\"@graph\":[{\"@type\":\"WebPage\",\"@id\":\"https:\/\/www.auditionsolidarite.org\/fr\/faire-un-don\/\",\"url\":\"https:\/\/www.auditionsolidarite.org\/fr\/faire-un-don\/\",\"name\":\"Faire un don - AuditionSolidarit\u00e9\",\"isPartOf\":{\"@id\":\"https:\/\/www.auditionsolidarite.org\/fr\/#website\"},\"datePublished\":\"2015-07-07T13:26:08+00:00\",\"dateModified\":\"2023-05-16T08:06:34+00:00\",\"breadcrumb\":{\"@id\":\"https:\/\/www.auditionsolidarite.org\/fr\/faire-un-don\/#breadcrumb\"},\"inLanguage\":\"fr-FR\",\"potentialAction\":[{\"@type\":\"ReadAction\",\"target\":[[\"https:\/\/www.auditionsolidarite.org\/fr\/faire-un-don\/\"]]}]},{\"@type\":\"BreadcrumbList\",\"@id\":\"https:\/\/www.auditionsolidarite.org\/fr\/faire-un-don\/#breadcrumb\",\"itemListElement\":[{\"@type\":\"ListItem\",\"position\":1,\"name\":\"Accueil\",\"item\":\"https:\/\/www.auditionsolidarite.org\/fr\/\"},{\"@type\":\"ListItem\",\"position\":2,\"name\":\"Faire un don\"}]},{\"@type\":\"WebSite\",\"@id\":\"https:\/\/www.auditionsolidarite.org\/fr\/#website\",\"url\":\"https:\/\/www.auditionsolidarite.org\/fr\/\",\"name\":\"AuditionSolidarit\u00e9\",\"description\":\"Le hasard n&#039;existe pas ! Si vous \u00eates l\u00e0 aujourd&#039;hui, c&#039;est que le monde de l&#039;audition vous touche... Alors merci d&#039;\u00eatre l\u00e0 !\",\"publisher\":{\"@id\":\"https:\/\/www.auditionsolidarite.org\/fr\/#organization\"},\"potentialAction\":[{\"@type\":\"SearchAction\",\"target\":{\"@type\":\"EntryPoint\",\"urlTemplate\":\"https:\/\/www.auditionsolidarite.org\/fr\/?s={search_term_string}\"},\"query-input\":\"required name=search_term_string\"}],\"inLanguage\":\"fr-FR\"},{\"@type\":\"Organization\",\"@id\":\"https:\/\/www.auditionsolidarite.org\/fr\/#organization\",\"name\":\"AuditionSolidarit\u00e9\",\"url\":\"https:\/\/www.auditionsolidarite.org\/fr\/\",\"logo\":{\"@type\":\"ImageObject\",\"inLanguage\":\"fr-FR\",\"@id\":\"https:\/\/www.auditionsolidarite.org\/fr\/#\/schema\/logo\/image\/\",\"url\":\"https:\/\/www.auditionsolidarite.org\/wp-content\/uploads\/2015\/07\/logo-audition-solidarite-e1446132259721.png\",\"contentUrl\":\"https:\/\/www.auditionsolidarite.org\/wp-content\/uploads\/2015\/07\/logo-audition-solidarite-e1446132259721.png\",\"width\":600,\"height\":593,\"caption\":\"AuditionSolidarit\u00e9\"},\"image\":{\"@id\":\"https:\/\/www.auditionsolidarite.org\/fr\/#\/schema\/logo\/image\/\"}}]}<\/script>\n<!-- \/ Yoast SEO plugin. -->","yoast_head_json":{"title":"Faire un don - AuditionSolidarit\u00e9","robots":{"index":"index","follow":"follow","max-snippet":"max-snippet:-1","max-image-preview":"max-image-preview:large","max-video-preview":"max-video-preview:-1"},"canonical":"https:\/\/www.auditionsolidarite.org\/fr\/faire-un-don\/","og_locale":"fr_FR","og_type":"article","og_title":"Faire un don - AuditionSolidarit\u00e9","og_description":"Vous souhaitez faire un don Vous \u00eates un particulier,\u00a0sachez que vous b\u00e9n\u00e9ficiez d\u2019une r\u00e9duction d\u2019imp\u00f4t \u00e9gale \u00e0 75% de vos dons jusqu\u2019\u00e0 1\u00a0000 \u20ac, \u00e0 66% au-del\u00e0 et cela dans la limite de 20% de votre revenu imposable. Par exemple, un don de 100 \u20ac vous revient en r\u00e9alit\u00e9 \u00e0 25 \u20ac. Vous pouvez faire un don en ligne sur","og_url":"https:\/\/www.auditionsolidarite.org\/fr\/faire-un-don\/","og_site_name":"AuditionSolidarit\u00e9","article_modified_time":"2023-05-16T08:06:34+00:00","og_image":[{"width":600,"height":593,"url":"https:\/\/www.auditionsolidarite.org\/wp-content\/uploads\/2015\/07\/logo-audition-solidarite-e1446132259721.png","type":"image\/png"}],"twitter_card":"summary_large_image","twitter_misc":{"Dur\u00e9e de lecture estim\u00e9e":"1 minute"},"schema":{"@context":"https:\/\/schema.org","@graph":[{"@type":"WebPage","@id":"https:\/\/www.auditionsolidarite.org\/fr\/faire-un-don\/","url":"https:\/\/www.auditionsolidarite.org\/fr\/faire-un-don\/","name":"Faire un don - AuditionSolidarit\u00e9","isPartOf":{"@id":"https:\/\/www.auditionsolidarite.org\/fr\/#website"},"datePublished":"2015-07-07T13:26:08+00:00","dateModified":"2023-05-16T08:06:34+00:00","breadcrumb":{"@id":"https:\/\/www.auditionsolidarite.org\/fr\/faire-un-don\/#breadcrumb"},"inLanguage":"fr-FR","potentialAction":[{"@type":"ReadAction","target":[["https:\/\/www.auditionsolidarite.org\/fr\/faire-un-don\/"]]}]},{"@type":"BreadcrumbList","@id":"https:\/\/www.auditionsolidarite.org\/fr\/faire-un-don\/#breadcrumb","itemListElement":[{"@type":"ListItem","position":1,"name":"Accueil","item":"https:\/\/www.auditionsolidarite.org\/fr\/"},{"@type":"ListItem","position":2,"name":"Faire un don"}]},{"@type":"WebSite","@id":"https:\/\/www.auditionsolidarite.org\/fr\/#website","url":"https:\/\/www.auditionsolidarite.org\/fr\/","name":"AuditionSolidarit\u00e9","description":"Le hasard n&#039;existe pas ! Si vous \u00eates l\u00e0 aujourd&#039;hui, c&#039;est que le monde de l&#039;audition vous touche... Alors merci d&#039;\u00eatre l\u00e0 !","publisher":{"@id":"https:\/\/www.auditionsolidarite.org\/fr\/#organization"},"potentialAction":[{"@type":"SearchAction","target":{"@type":"EntryPoint","urlTemplate":"https:\/\/www.auditionsolidarite.org\/fr\/?s={search_term_string}"},"query-input":"required name=search_term_string"}],"inLanguage":"fr-FR"},{"@type":"Organization","@id":"https:\/\/www.auditionsolidarite.org\/fr\/#organization","name":"AuditionSolidarit\u00e9","url":"https:\/\/www.auditionsolidarite.org\/fr\/","logo":{"@type":"ImageObject","inLanguage":"fr-FR","@id":"https:\/\/www.auditionsolidarite.org\/fr\/#\/schema\/logo\/image\/","url":"https:\/\/www.auditionsolidarite.org\/wp-content\/uploads\/2015\/07\/logo-audition-solidarite-e1446132259721.png","contentUrl":"https:\/\/www.auditionsolidarite.org\/wp-content\/uploads\/2015\/07\/logo-audition-solidarite-e1446132259721.png","width":600,"height":593,"caption":"AuditionSolidarit\u00e9"},"image":{"@id":"https:\/\/www.auditionsolidarite.org\/fr\/#\/schema\/logo\/image\/"}}]}},"_links":{"self":[{"href":"https:\/\/www.auditionsolidarite.org\/fr\/wp-json\/wp\/v2\/pages\/65"}],"collection":[{"href":"https:\/\/www.auditionsolidarite.org\/fr\/wp-json\/wp\/v2\/pages"}],"about":[{"href":"https:\/\/www.auditionsolidarite.org\/fr\/wp-json\/wp\/v2\/types\/page"}],"author":[{"embeddable":true,"href":"https:\/\/www.auditionsolidarite.org\/fr\/wp-json\/wp\/v2\/users\/10"}],"replies":[{"embeddable":true,"href":"https:\/\/www.auditionsolidarite.org\/fr\/wp-json\/wp\/v2\/comments?post=65"}],"version-history":[{"count":4,"href":"https:\/\/www.auditionsolidarite.org\/fr\/wp-json\/wp\/v2\/pages\/65\/revisions"}],"predecessor-version":[{"id":9408,"href":"https:\/\/www.auditionsolidarite.org\/fr\/wp-json\/wp\/v2\/pages\/65\/revisions\/9408"}],"wp:attachment":[{"href":"https:\/\/www.auditionsolidarite.org\/fr\/wp-json\/wp\/v2\/media?parent=65"}],"curies":[{"name":"wp","href":"https:\/\/api.w.org\/{rel}","templated":true}]}}