{"id":6344,"date":"2018-10-11T09:04:52","date_gmt":"2018-10-11T08:04:52","guid":{"rendered":"http:\/\/www.auditionsolidarite.org\/?page_id=6344"},"modified":"2021-07-23T15:18:31","modified_gmt":"2021-07-23T14:18:31","slug":"hopital-de-conception-marseille-septembre-2018","status":"publish","type":"page","link":"https:\/\/www.auditionsolidarite.org\/fr\/hopital-de-conception-marseille-septembre-2018\/","title":{"rendered":"H\u00f4pital de la Conception Marseille \u2013 Septembre 2018"},"content":{"rendered":"<strong>Deuxi\u00e8me et derni\u00e8re mission &#8220;Audition&#8221; de l&#8217;ann\u00e9e<b> 2018 \u00e0 Marseille, c&#8217;\u00e9tait les 18 &amp; 19 septembre \u00e0 l&#8217;H\u00f4pital de la Conception, voici un petit r\u00e9sum\u00e9 :<br \/>\n<\/b><b><br \/>\n<\/b><\/strong><b><\/b><\/p>\n<p><strong>24<\/strong> personnes sont venues \u00e0 notre rencontre divisible en 3 groupes\u00a0:<\/p>\n<p>&#8211; 8 personnes ont \u00e9t\u00e9 appareill\u00e9es, 12 appareils auditifs ont \u00e9t\u00e9 adapt\u00e9s<\/p>\n<p>&#8211; 8 personnes sont venues faire v\u00e9rifier leur appareillage r\u00e9alis\u00e9 par AuditionSolidarit\u00e9 lors d\u2019anciennes missions. Celles-ci \u00a0ont tout simplement re\u00e7u 1 texto AuditionSolidarit\u00e9 de rappel de dates et lieu de mission. Cela permet de les revoir r\u00e9guli\u00e8rement et d\u2019assurer un suivi.<\/p>\n<p>&#8211; 8 personnes avaient soit des droits et \u00e9taient r\u00e9orient\u00e9es dans le syst\u00e8me couverture social classique soit avaient tout simplement besoin de se faire rassurer.<b><br \/>\n<\/b><b><br \/>\n<\/b>Ces missions montent doucement en affluence m\u00eame si nous savons que beaucoup de personnes d\u00e9munies ne sont pas encore au courant de notre action&#8230;Nous continuons avec grand plaisir et conviction nos missions \u00e0 Marseille car les personnes que nous avons appareill\u00e9es la semaine derni\u00e8re avaient fondamentalement besoin de notre aide et \u00e9taient dans une grande d\u00e9tresse\u2026.<\/p>\n<p><b><br \/>\n<\/b>Prochaine mission : Avril 2019 \u00e0 l\u2019H\u00f4pital \u00e0 la Conception<b><br \/>\n<\/b><b><br \/>\n<\/b>Merci aux audioproth\u00e9sistes : J\u00e9r\u00f4me Guillot, Aur\u00e9lie Garde, St\u00e9phane Aurozo et Christine Bourger<b><br \/>\n<\/b>Merci \u00e0 Luc Moulonguet, l&#8217;ORL<br \/>\nMerci \u00e0 l&#8217;orthophoniste Clotilde Faure<br \/>\nMerci au fabricant d&#8217;embouts, Isabelle Laroche<br \/>\nMerci \u00e0 J\u00e9r\u00f4me Carlot pour le secr\u00e9tariat<b><br \/>\n<\/b>Merci \u00e0 Adrien Leroy, \u00e9tudiant en audioproth\u00e8se<b><br \/>\n<\/b><b><br \/>\n<\/b><\/p>\n<p>Merci \u00e0 l&#8217;\u00e9quipe de l&#8217;AP-HM <b><br \/>\n<\/b><b><br \/>\n<\/b><b> <\/b><\/p>\n<p>Un grand MERCI \u00e0 la Fondation CARITAS France, \u00e0 la Fondation ZEPHYR, \u00e0 La Fondation Dominique et Tom ALBERICI, \u00e0 la Fondation UP et \u00e0 la Fondation La France s&#8217;engage pour leur soutien si pr\u00e9cieux.<b> <b><br \/>\n<\/b><\/b><\/p>\n<p>&nbsp;<\/p>\n<table>\n<tbody>\n<tr>\n<td style=\"text-align: center;\">J\u00e9r\u00f4me Gullot &#8211; Audioproth\u00e9siste<b><\/b><b><br \/>\n<iframe loading=\"lazy\" title=\"YouTube video player\" src=\"https:\/\/www.youtube-nocookie.com\/embed\/sMUcf3JrHRg\" width=\"250\" height=\"180\" frameborder=\"0\" allowfullscreen=\"allowfullscreen\"><\/iframe><br \/>\n<\/b><\/td>\n<td style=\"text-align: center;\">J\u00e9r\u00f4me Carlot &#8211; Secr\u00e9tariat<b><br \/>\n<iframe loading=\"lazy\" title=\"YouTube video player\" src=\"https:\/\/www.youtube-nocookie.com\/embed\/ZSG8QqPYneI\" width=\"250\" height=\"180\" frameborder=\"0\" allowfullscreen=\"allowfullscreen\"><\/iframe><br \/>\n<\/b><\/td>\n<\/tr>\n<tr>\n<td style=\"text-align: center;\">Aur\u00e9lie Garde &#8211; Audioproth\u00e9siste<b><br \/>\n<iframe loading=\"lazy\" title=\"YouTube video player\" src=\"https:\/\/www.youtube-nocookie.com\/embed\/5ujuMinYloU\" width=\"250\" height=\"180\" frameborder=\"0\" allowfullscreen=\"allowfullscreen\"><\/iframe><br \/>\n<\/b><\/td>\n<td style=\"text-align: center;\">St\u00e9phane Aurozo &#8211; Audioproth\u00e9siste<b><b> <b><br \/>\n<iframe loading=\"lazy\" title=\"YouTube video player\" src=\"https:\/\/www.youtube-nocookie.com\/embed\/Tbizqw16BQg\" width=\"250\" height=\"180\" frameborder=\"0\" allowfullscreen=\"allowfullscreen\"><span style=\"display: inline-block; width: 0px; overflow: hidden; line-height: 0;\" data-mce-type=\"bookmark\" class=\"mce_SELRES_start\">\ufeff<\/span><\/iframe><br \/>\n<\/b><\/b><\/b><\/td>\n<\/tr>\n<tr>\n<td style=\"text-align: center;\">Adrien Leroy &#8211; \u00c9tudiant en Audioproth\u00e8se<b><\/b><b><br \/>\n<iframe loading=\"lazy\" title=\"YouTube video player\" src=\"https:\/\/www.youtube-nocookie.com\/embed\/PinlVX4mi6k\" width=\"250\" height=\"180\" frameborder=\"0\" allowfullscreen=\"allowfullscreen\"><\/iframe><br \/>\n<\/b><\/td>\n<\/tr>\n<\/tbody>\n<\/table>\n<p><b>\u00a0<\/b><\/p>\n<p><img loading=\"lazy\" decoding=\"async\" class=\"aligncenter wp-image-6347\" src=\"\/wp-content\/uploads\/2018\/10\/APHM_sept2018-40-Copier.jpg\" alt=\"\" width=\"500\" height=\"376\" srcset=\"https:\/\/www.auditionsolidarite.org\/wp-content\/uploads\/2018\/10\/APHM_sept2018-40-Copier.jpg 800w, https:\/\/www.auditionsolidarite.org\/wp-content\/uploads\/2018\/10\/APHM_sept2018-40-Copier-300x225.jpg 300w, https:\/\/www.auditionsolidarite.org\/wp-content\/uploads\/2018\/10\/APHM_sept2018-40-Copier-768x577.jpg 768w\" sizes=\"(max-width: 500px) 100vw, 500px\" \/><img loading=\"lazy\" decoding=\"async\" class=\"aligncenter wp-image-6345\" src=\"\/wp-content\/uploads\/2018\/10\/APHM_sept2018-4-Copier.jpg\" alt=\"\" width=\"500\" height=\"376\" srcset=\"https:\/\/www.auditionsolidarite.org\/wp-content\/uploads\/2018\/10\/APHM_sept2018-4-Copier.jpg 800w, https:\/\/www.auditionsolidarite.org\/wp-content\/uploads\/2018\/10\/APHM_sept2018-4-Copier-300x225.jpg 300w, https:\/\/www.auditionsolidarite.org\/wp-content\/uploads\/2018\/10\/APHM_sept2018-4-Copier-768x577.jpg 768w\" sizes=\"(max-width: 500px) 100vw, 500px\" \/> <img loading=\"lazy\" decoding=\"async\" class=\"aligncenter wp-image-6346\" src=\"\/wp-content\/uploads\/2018\/10\/APHM_sept2018-15-Copier.jpg\" alt=\"\" width=\"500\" height=\"376\" srcset=\"https:\/\/www.auditionsolidarite.org\/wp-content\/uploads\/2018\/10\/APHM_sept2018-15-Copier.jpg 800w, https:\/\/www.auditionsolidarite.org\/wp-content\/uploads\/2018\/10\/APHM_sept2018-15-Copier-300x225.jpg 300w, https:\/\/www.auditionsolidarite.org\/wp-content\/uploads\/2018\/10\/APHM_sept2018-15-Copier-768x577.jpg 768w\" sizes=\"(max-width: 500px) 100vw, 500px\" \/>\u00a0 <img loading=\"lazy\" decoding=\"async\" class=\"aligncenter wp-image-6348\" src=\"\/wp-content\/uploads\/2018\/10\/FB18_P1390887-6-Copier.jpg\" alt=\"\" width=\"500\" height=\"376\" srcset=\"https:\/\/www.auditionsolidarite.org\/wp-content\/uploads\/2018\/10\/FB18_P1390887-6-Copier.jpg 800w, https:\/\/www.auditionsolidarite.org\/wp-content\/uploads\/2018\/10\/FB18_P1390887-6-Copier-300x225.jpg 300w, https:\/\/www.auditionsolidarite.org\/wp-content\/uploads\/2018\/10\/FB18_P1390887-6-Copier-768x577.jpg 768w\" sizes=\"(max-width: 500px) 100vw, 500px\" \/>","protected":false},"excerpt":{"rendered":"<p>Deuxi\u00e8me et derni\u00e8re mission &#8220;Audition&#8221; de l&#8217;ann\u00e9e 2018 \u00e0 Marseille, c&#8217;\u00e9tait les 18 &amp; 19 septembre \u00e0 l&#8217;H\u00f4pital de la Conception, voici un petit r\u00e9sum\u00e9 : 24 personnes sont venues \u00e0 notre rencontre divisible en 3 groupes\u00a0: &#8211; 8 personnes ont \u00e9t\u00e9 appareill\u00e9es, 12 appareils auditifs ont \u00e9t\u00e9 adapt\u00e9s &#8211; 8 personnes sont venues faire v\u00e9rifier leur appareillage r\u00e9alis\u00e9 par<\/p>\n","protected":false},"author":2,"featured_media":0,"parent":0,"menu_order":0,"comment_status":"closed","ping_status":"closed","template":"","meta":{"footnotes":""},"acf":[],"yoast_head":"<!-- This site is optimized with the Yoast SEO plugin v21.9.1 - https:\/\/yoast.com\/wordpress\/plugins\/seo\/ -->\n<title>H\u00f4pital de la Conception Marseille \u2013 Septembre 2018  - AuditionSolidarit\u00e9<\/title>\n<meta name=\"robots\" content=\"index, follow, max-snippet:-1, max-image-preview:large, max-video-preview:-1\" \/>\n<link rel=\"canonical\" href=\"https:\/\/www.auditionsolidarite.org\/fr\/hopital-de-conception-marseille-septembre-2018\/\" \/>\n<meta property=\"og:locale\" content=\"fr_FR\" \/>\n<meta property=\"og:type\" content=\"article\" \/>\n<meta property=\"og:title\" content=\"H\u00f4pital de la Conception Marseille \u2013 Septembre 2018  - AuditionSolidarit\u00e9\" \/>\n<meta property=\"og:description\" content=\"Deuxi\u00e8me et derni\u00e8re mission &#8220;Audition&#8221; de l&#8217;ann\u00e9e 2018 \u00e0 Marseille, c&#8217;\u00e9tait les 18 &amp; 19 septembre \u00e0 l&#8217;H\u00f4pital de la Conception, voici un petit r\u00e9sum\u00e9 : 24 personnes sont venues \u00e0 notre rencontre divisible en 3 groupes\u00a0: &#8211; 8 personnes ont \u00e9t\u00e9 appareill\u00e9es, 12 appareils auditifs ont \u00e9t\u00e9 adapt\u00e9s &#8211; 8 personnes sont venues faire v\u00e9rifier leur appareillage r\u00e9alis\u00e9 par\" \/>\n<meta property=\"og:url\" content=\"https:\/\/www.auditionsolidarite.org\/fr\/hopital-de-conception-marseille-septembre-2018\/\" \/>\n<meta property=\"og:site_name\" content=\"AuditionSolidarit\u00e9\" \/>\n<meta property=\"article:modified_time\" content=\"2021-07-23T14:18:31+00:00\" \/>\n<meta property=\"og:image\" content=\"https:\/\/www.auditionsolidarite.org\/wp-content\/uploads\/2015\/07\/logo-audition-solidarite-e1446132259721.png\" \/>\n\t<meta property=\"og:image:width\" content=\"600\" \/>\n\t<meta property=\"og:image:height\" content=\"593\" \/>\n\t<meta property=\"og:image:type\" content=\"image\/png\" \/>\n<meta name=\"twitter:card\" content=\"summary_large_image\" \/>\n<meta name=\"twitter:label1\" content=\"Dur\u00e9e de lecture estim\u00e9e\" \/>\n\t<meta name=\"twitter:data1\" content=\"2 minutes\" \/>\n<script type=\"application\/ld+json\" class=\"yoast-schema-graph\">{\"@context\":\"https:\/\/schema.org\",\"@graph\":[{\"@type\":\"WebPage\",\"@id\":\"https:\/\/www.auditionsolidarite.org\/fr\/hopital-de-conception-marseille-septembre-2018\/\",\"url\":\"https:\/\/www.auditionsolidarite.org\/fr\/hopital-de-conception-marseille-septembre-2018\/\",\"name\":\"H\u00f4pital de la Conception Marseille \u2013 Septembre 2018  - AuditionSolidarit\u00e9\",\"isPartOf\":{\"@id\":\"https:\/\/www.auditionsolidarite.org\/fr\/#website\"},\"datePublished\":\"2018-10-11T08:04:52+00:00\",\"dateModified\":\"2021-07-23T14:18:31+00:00\",\"breadcrumb\":{\"@id\":\"https:\/\/www.auditionsolidarite.org\/fr\/hopital-de-conception-marseille-septembre-2018\/#breadcrumb\"},\"inLanguage\":\"fr-FR\",\"potentialAction\":[{\"@type\":\"ReadAction\",\"target\":[[\"https:\/\/www.auditionsolidarite.org\/fr\/hopital-de-conception-marseille-septembre-2018\/\"]]}]},{\"@type\":\"BreadcrumbList\",\"@id\":\"https:\/\/www.auditionsolidarite.org\/fr\/hopital-de-conception-marseille-septembre-2018\/#breadcrumb\",\"itemListElement\":[{\"@type\":\"ListItem\",\"position\":1,\"name\":\"Accueil\",\"item\":\"https:\/\/www.auditionsolidarite.org\/fr\/\"},{\"@type\":\"ListItem\",\"position\":2,\"name\":\"H\u00f4pital de la Conception Marseille \u2013 Septembre 2018\"}]},{\"@type\":\"WebSite\",\"@id\":\"https:\/\/www.auditionsolidarite.org\/fr\/#website\",\"url\":\"https:\/\/www.auditionsolidarite.org\/fr\/\",\"name\":\"AuditionSolidarit\u00e9\",\"description\":\"Le hasard n&#039;existe pas ! Si vous \u00eates l\u00e0 aujourd&#039;hui, c&#039;est que le monde de l&#039;audition vous touche... Alors merci d&#039;\u00eatre l\u00e0 !\",\"publisher\":{\"@id\":\"https:\/\/www.auditionsolidarite.org\/fr\/#organization\"},\"potentialAction\":[{\"@type\":\"SearchAction\",\"target\":{\"@type\":\"EntryPoint\",\"urlTemplate\":\"https:\/\/www.auditionsolidarite.org\/fr\/?s={search_term_string}\"},\"query-input\":\"required name=search_term_string\"}],\"inLanguage\":\"fr-FR\"},{\"@type\":\"Organization\",\"@id\":\"https:\/\/www.auditionsolidarite.org\/fr\/#organization\",\"name\":\"AuditionSolidarit\u00e9\",\"url\":\"https:\/\/www.auditionsolidarite.org\/fr\/\",\"logo\":{\"@type\":\"ImageObject\",\"inLanguage\":\"fr-FR\",\"@id\":\"https:\/\/www.auditionsolidarite.org\/fr\/#\/schema\/logo\/image\/\",\"url\":\"https:\/\/www.auditionsolidarite.org\/wp-content\/uploads\/2015\/07\/logo-audition-solidarite-e1446132259721.png\",\"contentUrl\":\"https:\/\/www.auditionsolidarite.org\/wp-content\/uploads\/2015\/07\/logo-audition-solidarite-e1446132259721.png\",\"width\":600,\"height\":593,\"caption\":\"AuditionSolidarit\u00e9\"},\"image\":{\"@id\":\"https:\/\/www.auditionsolidarite.org\/fr\/#\/schema\/logo\/image\/\"}}]}<\/script>\n<!-- \/ Yoast SEO plugin. -->","yoast_head_json":{"title":"H\u00f4pital de la Conception Marseille \u2013 Septembre 2018  - AuditionSolidarit\u00e9","robots":{"index":"index","follow":"follow","max-snippet":"max-snippet:-1","max-image-preview":"max-image-preview:large","max-video-preview":"max-video-preview:-1"},"canonical":"https:\/\/www.auditionsolidarite.org\/fr\/hopital-de-conception-marseille-septembre-2018\/","og_locale":"fr_FR","og_type":"article","og_title":"H\u00f4pital de la Conception Marseille \u2013 Septembre 2018  - AuditionSolidarit\u00e9","og_description":"Deuxi\u00e8me et derni\u00e8re mission &#8220;Audition&#8221; de l&#8217;ann\u00e9e 2018 \u00e0 Marseille, c&#8217;\u00e9tait les 18 &amp; 19 septembre \u00e0 l&#8217;H\u00f4pital de la Conception, voici un petit r\u00e9sum\u00e9 : 24 personnes sont venues \u00e0 notre rencontre divisible en 3 groupes\u00a0: &#8211; 8 personnes ont \u00e9t\u00e9 appareill\u00e9es, 12 appareils auditifs ont \u00e9t\u00e9 adapt\u00e9s &#8211; 8 personnes sont venues faire v\u00e9rifier leur appareillage r\u00e9alis\u00e9 par","og_url":"https:\/\/www.auditionsolidarite.org\/fr\/hopital-de-conception-marseille-septembre-2018\/","og_site_name":"AuditionSolidarit\u00e9","article_modified_time":"2021-07-23T14:18:31+00:00","og_image":[{"width":600,"height":593,"url":"https:\/\/www.auditionsolidarite.org\/wp-content\/uploads\/2015\/07\/logo-audition-solidarite-e1446132259721.png","type":"image\/png"}],"twitter_card":"summary_large_image","twitter_misc":{"Dur\u00e9e de lecture estim\u00e9e":"2 minutes"},"schema":{"@context":"https:\/\/schema.org","@graph":[{"@type":"WebPage","@id":"https:\/\/www.auditionsolidarite.org\/fr\/hopital-de-conception-marseille-septembre-2018\/","url":"https:\/\/www.auditionsolidarite.org\/fr\/hopital-de-conception-marseille-septembre-2018\/","name":"H\u00f4pital de la Conception Marseille \u2013 Septembre 2018  - AuditionSolidarit\u00e9","isPartOf":{"@id":"https:\/\/www.auditionsolidarite.org\/fr\/#website"},"datePublished":"2018-10-11T08:04:52+00:00","dateModified":"2021-07-23T14:18:31+00:00","breadcrumb":{"@id":"https:\/\/www.auditionsolidarite.org\/fr\/hopital-de-conception-marseille-septembre-2018\/#breadcrumb"},"inLanguage":"fr-FR","potentialAction":[{"@type":"ReadAction","target":[["https:\/\/www.auditionsolidarite.org\/fr\/hopital-de-conception-marseille-septembre-2018\/"]]}]},{"@type":"BreadcrumbList","@id":"https:\/\/www.auditionsolidarite.org\/fr\/hopital-de-conception-marseille-septembre-2018\/#breadcrumb","itemListElement":[{"@type":"ListItem","position":1,"name":"Accueil","item":"https:\/\/www.auditionsolidarite.org\/fr\/"},{"@type":"ListItem","position":2,"name":"H\u00f4pital de la Conception Marseille \u2013 Septembre 2018"}]},{"@type":"WebSite","@id":"https:\/\/www.auditionsolidarite.org\/fr\/#website","url":"https:\/\/www.auditionsolidarite.org\/fr\/","name":"AuditionSolidarit\u00e9","description":"Le hasard n&#039;existe pas ! Si vous \u00eates l\u00e0 aujourd&#039;hui, c&#039;est que le monde de l&#039;audition vous touche... Alors merci d&#039;\u00eatre l\u00e0 !","publisher":{"@id":"https:\/\/www.auditionsolidarite.org\/fr\/#organization"},"potentialAction":[{"@type":"SearchAction","target":{"@type":"EntryPoint","urlTemplate":"https:\/\/www.auditionsolidarite.org\/fr\/?s={search_term_string}"},"query-input":"required name=search_term_string"}],"inLanguage":"fr-FR"},{"@type":"Organization","@id":"https:\/\/www.auditionsolidarite.org\/fr\/#organization","name":"AuditionSolidarit\u00e9","url":"https:\/\/www.auditionsolidarite.org\/fr\/","logo":{"@type":"ImageObject","inLanguage":"fr-FR","@id":"https:\/\/www.auditionsolidarite.org\/fr\/#\/schema\/logo\/image\/","url":"https:\/\/www.auditionsolidarite.org\/wp-content\/uploads\/2015\/07\/logo-audition-solidarite-e1446132259721.png","contentUrl":"https:\/\/www.auditionsolidarite.org\/wp-content\/uploads\/2015\/07\/logo-audition-solidarite-e1446132259721.png","width":600,"height":593,"caption":"AuditionSolidarit\u00e9"},"image":{"@id":"https:\/\/www.auditionsolidarite.org\/fr\/#\/schema\/logo\/image\/"}}]}},"_links":{"self":[{"href":"https:\/\/www.auditionsolidarite.org\/fr\/wp-json\/wp\/v2\/pages\/6344"}],"collection":[{"href":"https:\/\/www.auditionsolidarite.org\/fr\/wp-json\/wp\/v2\/pages"}],"about":[{"href":"https:\/\/www.auditionsolidarite.org\/fr\/wp-json\/wp\/v2\/types\/page"}],"author":[{"embeddable":true,"href":"https:\/\/www.auditionsolidarite.org\/fr\/wp-json\/wp\/v2\/users\/2"}],"replies":[{"embeddable":true,"href":"https:\/\/www.auditionsolidarite.org\/fr\/wp-json\/wp\/v2\/comments?post=6344"}],"version-history":[{"count":3,"href":"https:\/\/www.auditionsolidarite.org\/fr\/wp-json\/wp\/v2\/pages\/6344\/revisions"}],"predecessor-version":[{"id":8315,"href":"https:\/\/www.auditionsolidarite.org\/fr\/wp-json\/wp\/v2\/pages\/6344\/revisions\/8315"}],"wp:attachment":[{"href":"https:\/\/www.auditionsolidarite.org\/fr\/wp-json\/wp\/v2\/media?parent=6344"}],"curies":[{"name":"wp","href":"https:\/\/api.w.org\/{rel}","templated":true}]}}