{"id":6008,"date":"2018-04-19T15:22:46","date_gmt":"2018-04-19T14:22:46","guid":{"rendered":"http:\/\/www.auditionsolidarite.org\/?page_id=6008"},"modified":"2019-02-08T17:09:25","modified_gmt":"2019-02-08T16:09:25","slug":"hopital-rothschild-ap-hp-paris-janvier-2018","status":"publish","type":"page","link":"https:\/\/www.auditionsolidarite.org\/fr\/hopital-rothschild-ap-hp-paris-janvier-2018\/","title":{"rendered":"H\u00f4pital Rothschild AP-HP (Paris) \u2013 Janvier 2018"},"content":{"rendered":"<b>23 et 24 janvier 2018<strong> : 17\u00e8me mission en France et 1\u00e8re mission de l&#8217;ann\u00e9e, toujours \u00e0 l&#8217;h\u00f4pital Rothschild<\/strong><\/b><strong><b> en partenariat avec l&#8217;AP-HP.<\/b><\/strong><b><br \/>\n<\/b><b><br \/>\n<\/b><\/p>\n<p>Encore une belle mission avec beaucoup de personnes accueillies sur deux jours.<\/p>\n<p>111 personnes rencontr\u00e9es, 52 appareill\u00e9es, 64 embouts fabriqu\u00e9s et 75 appareils adapt\u00e9s Des locaux et des \u00e9quipes au Top !<b><br \/>\n<\/b><b><br \/>\n<\/b><\/p>\n<p>Prochaine mission : les 2 et 3 octobre 2018 \u00e0 l\u2019H\u00f4pital Rothschild<b><br \/>\n<\/b><b><\/b><b><br \/>\n<\/b>Merci aux audioproth\u00e9sistes Thomas Justal, Hugues Wach\u00e9, Fabienne Hery, Fr\u00e9d\u00e9ric Gauchin et Christine Bourger<b><br \/>\n<\/b>Merci \u00e0 Jean-Marie Gouin, l&#8217;ORL<br \/>\nMerci \u00e0 l&#8217;orthophoniste Clotilde Faure<br \/>\nMerci au fabricant d&#8217;embouts, Jean-Pierre Fogel<br \/>\nMerci \u00e0 Thierry Guillard pour le secr\u00e9tariat<b><br \/>\n<\/b>Merci \u00e0 Pierre Valognes, \u00e9tudiant en audioproth\u00e8se<b><br \/>\n<\/b><b><br \/>\n<\/b><\/p>\n<p>Merci \u00e0 l&#8217;\u00e9quipe de l&#8217;AP-HP et au service civique<b><br \/>\n<\/b><b><br \/>\n<\/b><b><b> <\/b> <\/b><\/p>\n<p>Un grand MERCI \u00e0 la Fondation CARITAS France, \u00e0 la Fondation UP, \u00e0 la Fondation ZEPHYR et \u00e0 la Fondation Dominique&amp;Tom ALBERICI pour leur soutien si pr\u00e9cieux.<b><br \/>\n<\/b><b><br \/>\n<\/b><\/p>\n<p style=\"text-align: center;\"><strong>Interviews de l&#8217;\u00e9quipe<\/strong><\/p>\n<table>\n<tbody>\n<tr>\n<td style=\"text-align: center;\">Hugues Wach\u00e9 &#8211; Audioproth\u00e9siste<br \/>\n<iframe loading=\"lazy\" src=\"https:\/\/www.youtube.com\/embed\/TYvA9scCuyw\" width=\"250\" height=\"180\" frameborder=\"0\" allowfullscreen=\"allowfullscreen\"><\/iframe><\/td>\n<td style=\"text-align: center;\">Fabienne H\u00e9ry &#8211; Audioproth\u00e9siste<b><br \/>\n<iframe loading=\"lazy\" src=\"https:\/\/www.youtube.com\/embed\/oo3UnqDlTVo\" width=\"250\" height=\"180\" frameborder=\"0\" allowfullscreen=\"allowfullscreen\"><\/iframe><br \/>\n<\/b><\/td>\n<td style=\"text-align: center;\">Fr\u00e9d\u00e9ric Gauchin &#8211; Audioproth\u00e9siste<b><br \/>\n<iframe loading=\"lazy\" src=\"https:\/\/www.youtube.com\/embed\/ext8xo1EBK8\" width=\"250\" height=\"180\" frameborder=\"0\" allowfullscreen=\"allowfullscreen\"><\/iframe><br \/>\n<\/b><\/td>\n<\/tr>\n<tr>\n<td style=\"text-align: center;\">Thomas Justal &#8211; Audioproth\u00e9siste<b><br \/>\n<iframe loading=\"lazy\" src=\"https:\/\/www.youtube.com\/embed\/Hvm00kDLQa0\" width=\"250\" height=\"180\" frameborder=\"0\" allowfullscreen=\"allowfullscreen\"><\/iframe><br \/>\n<\/b><\/td>\n<td style=\"text-align: center;\">Thierry Guillard &#8211; Secr\u00e9tariat<br \/>\n<iframe loading=\"lazy\" src=\"https:\/\/www.youtube.com\/embed\/8ibMLBdet0A\" width=\"250\" height=\"180\" frameborder=\"0\" allowfullscreen=\"allowfullscreen\"><\/iframe><\/td>\n<td style=\"text-align: center;\">Pierre Valognes &#8211;<b> <\/b>Etudiant<b><br \/>\n<iframe loading=\"lazy\" src=\"https:\/\/www.youtube.com\/embed\/Zuy3xaSLp5w\" width=\"250\" height=\"180\" frameborder=\"0\" allowfullscreen=\"allowfullscreen\"><\/iframe><br \/>\n<\/b><\/td>\n<\/tr>\n<\/tbody>\n<\/table>\n<p style=\"text-align: left;\"><strong><br \/>\n<\/strong><br \/>\n<b><b><img loading=\"lazy\" decoding=\"async\" class=\"aligncenter wp-image-5824\" src=\"\/\/www.auditionsolidarite.org\/wp-content\/uploads\/2015\/07\/Rothschild_janvier18-81-Copier.jpg\" alt=\"\" width=\"460\" height=\"346\" srcset=\"https:\/\/www.auditionsolidarite.org\/wp-content\/uploads\/2015\/07\/Rothschild_janvier18-81-Copier.jpg 800w, https:\/\/www.auditionsolidarite.org\/wp-content\/uploads\/2015\/07\/Rothschild_janvier18-81-Copier-300x225.jpg 300w, https:\/\/www.auditionsolidarite.org\/wp-content\/uploads\/2015\/07\/Rothschild_janvier18-81-Copier-768x577.jpg 768w\" sizes=\"(max-width: 460px) 100vw, 460px\" \/><\/b><\/b><b><b> <\/b><\/b><br \/>\n<b><b><img loading=\"lazy\" decoding=\"async\" class=\"aligncenter wp-image-5825\" src=\"\/\/www.auditionsolidarite.org\/wp-content\/uploads\/2015\/07\/Rothschild_janvier18-94-Copier.jpg\" alt=\"\" width=\"460\" height=\"346\" srcset=\"https:\/\/www.auditionsolidarite.org\/wp-content\/uploads\/2015\/07\/Rothschild_janvier18-94-Copier.jpg 800w, https:\/\/www.auditionsolidarite.org\/wp-content\/uploads\/2015\/07\/Rothschild_janvier18-94-Copier-300x225.jpg 300w, https:\/\/www.auditionsolidarite.org\/wp-content\/uploads\/2015\/07\/Rothschild_janvier18-94-Copier-768x577.jpg 768w\" sizes=\"(max-width: 460px) 100vw, 460px\" \/><\/b><\/b><b> <\/b><\/p>\n<p>&nbsp;","protected":false},"excerpt":{"rendered":"<p>23 et 24 janvier 2018 : 17\u00e8me mission en France et 1\u00e8re mission de l&#8217;ann\u00e9e, toujours \u00e0 l&#8217;h\u00f4pital Rothschild en partenariat avec l&#8217;AP-HP. Encore une belle mission avec beaucoup de personnes accueillies sur deux jours. 111 personnes rencontr\u00e9es, 52 appareill\u00e9es, 64 embouts fabriqu\u00e9s et 75 appareils adapt\u00e9s Des locaux et des \u00e9quipes au Top ! Prochaine mission : les 2<\/p>\n","protected":false},"author":2,"featured_media":0,"parent":0,"menu_order":0,"comment_status":"closed","ping_status":"closed","template":"","meta":{"footnotes":""},"acf":[],"yoast_head":"<!-- This site is optimized with the Yoast SEO plugin v21.9.1 - https:\/\/yoast.com\/wordpress\/plugins\/seo\/ -->\n<title>H\u00f4pital Rothschild AP-HP (Paris) \u2013 Janvier 2018 - AuditionSolidarit\u00e9<\/title>\n<meta name=\"robots\" content=\"index, follow, max-snippet:-1, max-image-preview:large, max-video-preview:-1\" \/>\n<link rel=\"canonical\" href=\"https:\/\/www.auditionsolidarite.org\/fr\/hopital-rothschild-ap-hp-paris-janvier-2018\/\" \/>\n<meta property=\"og:locale\" content=\"fr_FR\" \/>\n<meta property=\"og:type\" content=\"article\" \/>\n<meta property=\"og:title\" content=\"H\u00f4pital Rothschild AP-HP (Paris) \u2013 Janvier 2018 - AuditionSolidarit\u00e9\" \/>\n<meta property=\"og:description\" content=\"23 et 24 janvier 2018 : 17\u00e8me mission en France et 1\u00e8re mission de l&#8217;ann\u00e9e, toujours \u00e0 l&#8217;h\u00f4pital Rothschild en partenariat avec l&#8217;AP-HP. Encore une belle mission avec beaucoup de personnes accueillies sur deux jours. 111 personnes rencontr\u00e9es, 52 appareill\u00e9es, 64 embouts fabriqu\u00e9s et 75 appareils adapt\u00e9s Des locaux et des \u00e9quipes au Top ! Prochaine mission : les 2\" \/>\n<meta property=\"og:url\" content=\"https:\/\/www.auditionsolidarite.org\/fr\/hopital-rothschild-ap-hp-paris-janvier-2018\/\" \/>\n<meta property=\"og:site_name\" content=\"AuditionSolidarit\u00e9\" \/>\n<meta property=\"article:modified_time\" content=\"2019-02-08T16:09:25+00:00\" \/>\n<meta property=\"og:image\" content=\"https:\/\/www.auditionsolidarite.org\/wp-content\/uploads\/2015\/07\/logo-audition-solidarite-e1446132259721.png\" \/>\n\t<meta property=\"og:image:width\" content=\"600\" \/>\n\t<meta property=\"og:image:height\" content=\"593\" \/>\n\t<meta property=\"og:image:type\" content=\"image\/png\" \/>\n<meta name=\"twitter:card\" content=\"summary_large_image\" \/>\n<meta name=\"twitter:label1\" content=\"Dur\u00e9e de lecture estim\u00e9e\" \/>\n\t<meta name=\"twitter:data1\" content=\"1 minute\" \/>\n<script type=\"application\/ld+json\" class=\"yoast-schema-graph\">{\"@context\":\"https:\/\/schema.org\",\"@graph\":[{\"@type\":\"WebPage\",\"@id\":\"https:\/\/www.auditionsolidarite.org\/fr\/hopital-rothschild-ap-hp-paris-janvier-2018\/\",\"url\":\"https:\/\/www.auditionsolidarite.org\/fr\/hopital-rothschild-ap-hp-paris-janvier-2018\/\",\"name\":\"H\u00f4pital Rothschild AP-HP (Paris) \u2013 Janvier 2018 - AuditionSolidarit\u00e9\",\"isPartOf\":{\"@id\":\"https:\/\/www.auditionsolidarite.org\/fr\/#website\"},\"datePublished\":\"2018-04-19T14:22:46+00:00\",\"dateModified\":\"2019-02-08T16:09:25+00:00\",\"breadcrumb\":{\"@id\":\"https:\/\/www.auditionsolidarite.org\/fr\/hopital-rothschild-ap-hp-paris-janvier-2018\/#breadcrumb\"},\"inLanguage\":\"fr-FR\",\"potentialAction\":[{\"@type\":\"ReadAction\",\"target\":[[\"https:\/\/www.auditionsolidarite.org\/fr\/hopital-rothschild-ap-hp-paris-janvier-2018\/\"]]}]},{\"@type\":\"BreadcrumbList\",\"@id\":\"https:\/\/www.auditionsolidarite.org\/fr\/hopital-rothschild-ap-hp-paris-janvier-2018\/#breadcrumb\",\"itemListElement\":[{\"@type\":\"ListItem\",\"position\":1,\"name\":\"Accueil\",\"item\":\"https:\/\/www.auditionsolidarite.org\/fr\/\"},{\"@type\":\"ListItem\",\"position\":2,\"name\":\"H\u00f4pital Rothschild AP-HP (Paris) \u2013 Janvier 2018\"}]},{\"@type\":\"WebSite\",\"@id\":\"https:\/\/www.auditionsolidarite.org\/fr\/#website\",\"url\":\"https:\/\/www.auditionsolidarite.org\/fr\/\",\"name\":\"AuditionSolidarit\u00e9\",\"description\":\"Le hasard n&#039;existe pas ! Si vous \u00eates l\u00e0 aujourd&#039;hui, c&#039;est que le monde de l&#039;audition vous touche... Alors merci d&#039;\u00eatre l\u00e0 !\",\"publisher\":{\"@id\":\"https:\/\/www.auditionsolidarite.org\/fr\/#organization\"},\"potentialAction\":[{\"@type\":\"SearchAction\",\"target\":{\"@type\":\"EntryPoint\",\"urlTemplate\":\"https:\/\/www.auditionsolidarite.org\/fr\/?s={search_term_string}\"},\"query-input\":\"required name=search_term_string\"}],\"inLanguage\":\"fr-FR\"},{\"@type\":\"Organization\",\"@id\":\"https:\/\/www.auditionsolidarite.org\/fr\/#organization\",\"name\":\"AuditionSolidarit\u00e9\",\"url\":\"https:\/\/www.auditionsolidarite.org\/fr\/\",\"logo\":{\"@type\":\"ImageObject\",\"inLanguage\":\"fr-FR\",\"@id\":\"https:\/\/www.auditionsolidarite.org\/fr\/#\/schema\/logo\/image\/\",\"url\":\"https:\/\/www.auditionsolidarite.org\/wp-content\/uploads\/2015\/07\/logo-audition-solidarite-e1446132259721.png\",\"contentUrl\":\"https:\/\/www.auditionsolidarite.org\/wp-content\/uploads\/2015\/07\/logo-audition-solidarite-e1446132259721.png\",\"width\":600,\"height\":593,\"caption\":\"AuditionSolidarit\u00e9\"},\"image\":{\"@id\":\"https:\/\/www.auditionsolidarite.org\/fr\/#\/schema\/logo\/image\/\"}}]}<\/script>\n<!-- \/ Yoast SEO plugin. -->","yoast_head_json":{"title":"H\u00f4pital Rothschild AP-HP (Paris) \u2013 Janvier 2018 - AuditionSolidarit\u00e9","robots":{"index":"index","follow":"follow","max-snippet":"max-snippet:-1","max-image-preview":"max-image-preview:large","max-video-preview":"max-video-preview:-1"},"canonical":"https:\/\/www.auditionsolidarite.org\/fr\/hopital-rothschild-ap-hp-paris-janvier-2018\/","og_locale":"fr_FR","og_type":"article","og_title":"H\u00f4pital Rothschild AP-HP (Paris) \u2013 Janvier 2018 - AuditionSolidarit\u00e9","og_description":"23 et 24 janvier 2018 : 17\u00e8me mission en France et 1\u00e8re mission de l&#8217;ann\u00e9e, toujours \u00e0 l&#8217;h\u00f4pital Rothschild en partenariat avec l&#8217;AP-HP. Encore une belle mission avec beaucoup de personnes accueillies sur deux jours. 111 personnes rencontr\u00e9es, 52 appareill\u00e9es, 64 embouts fabriqu\u00e9s et 75 appareils adapt\u00e9s Des locaux et des \u00e9quipes au Top ! Prochaine mission : les 2","og_url":"https:\/\/www.auditionsolidarite.org\/fr\/hopital-rothschild-ap-hp-paris-janvier-2018\/","og_site_name":"AuditionSolidarit\u00e9","article_modified_time":"2019-02-08T16:09:25+00:00","og_image":[{"width":600,"height":593,"url":"https:\/\/www.auditionsolidarite.org\/wp-content\/uploads\/2015\/07\/logo-audition-solidarite-e1446132259721.png","type":"image\/png"}],"twitter_card":"summary_large_image","twitter_misc":{"Dur\u00e9e de lecture estim\u00e9e":"1 minute"},"schema":{"@context":"https:\/\/schema.org","@graph":[{"@type":"WebPage","@id":"https:\/\/www.auditionsolidarite.org\/fr\/hopital-rothschild-ap-hp-paris-janvier-2018\/","url":"https:\/\/www.auditionsolidarite.org\/fr\/hopital-rothschild-ap-hp-paris-janvier-2018\/","name":"H\u00f4pital Rothschild AP-HP (Paris) \u2013 Janvier 2018 - AuditionSolidarit\u00e9","isPartOf":{"@id":"https:\/\/www.auditionsolidarite.org\/fr\/#website"},"datePublished":"2018-04-19T14:22:46+00:00","dateModified":"2019-02-08T16:09:25+00:00","breadcrumb":{"@id":"https:\/\/www.auditionsolidarite.org\/fr\/hopital-rothschild-ap-hp-paris-janvier-2018\/#breadcrumb"},"inLanguage":"fr-FR","potentialAction":[{"@type":"ReadAction","target":[["https:\/\/www.auditionsolidarite.org\/fr\/hopital-rothschild-ap-hp-paris-janvier-2018\/"]]}]},{"@type":"BreadcrumbList","@id":"https:\/\/www.auditionsolidarite.org\/fr\/hopital-rothschild-ap-hp-paris-janvier-2018\/#breadcrumb","itemListElement":[{"@type":"ListItem","position":1,"name":"Accueil","item":"https:\/\/www.auditionsolidarite.org\/fr\/"},{"@type":"ListItem","position":2,"name":"H\u00f4pital Rothschild AP-HP (Paris) \u2013 Janvier 2018"}]},{"@type":"WebSite","@id":"https:\/\/www.auditionsolidarite.org\/fr\/#website","url":"https:\/\/www.auditionsolidarite.org\/fr\/","name":"AuditionSolidarit\u00e9","description":"Le hasard n&#039;existe pas ! Si vous \u00eates l\u00e0 aujourd&#039;hui, c&#039;est que le monde de l&#039;audition vous touche... Alors merci d&#039;\u00eatre l\u00e0 !","publisher":{"@id":"https:\/\/www.auditionsolidarite.org\/fr\/#organization"},"potentialAction":[{"@type":"SearchAction","target":{"@type":"EntryPoint","urlTemplate":"https:\/\/www.auditionsolidarite.org\/fr\/?s={search_term_string}"},"query-input":"required name=search_term_string"}],"inLanguage":"fr-FR"},{"@type":"Organization","@id":"https:\/\/www.auditionsolidarite.org\/fr\/#organization","name":"AuditionSolidarit\u00e9","url":"https:\/\/www.auditionsolidarite.org\/fr\/","logo":{"@type":"ImageObject","inLanguage":"fr-FR","@id":"https:\/\/www.auditionsolidarite.org\/fr\/#\/schema\/logo\/image\/","url":"https:\/\/www.auditionsolidarite.org\/wp-content\/uploads\/2015\/07\/logo-audition-solidarite-e1446132259721.png","contentUrl":"https:\/\/www.auditionsolidarite.org\/wp-content\/uploads\/2015\/07\/logo-audition-solidarite-e1446132259721.png","width":600,"height":593,"caption":"AuditionSolidarit\u00e9"},"image":{"@id":"https:\/\/www.auditionsolidarite.org\/fr\/#\/schema\/logo\/image\/"}}]}},"_links":{"self":[{"href":"https:\/\/www.auditionsolidarite.org\/fr\/wp-json\/wp\/v2\/pages\/6008"}],"collection":[{"href":"https:\/\/www.auditionsolidarite.org\/fr\/wp-json\/wp\/v2\/pages"}],"about":[{"href":"https:\/\/www.auditionsolidarite.org\/fr\/wp-json\/wp\/v2\/types\/page"}],"author":[{"embeddable":true,"href":"https:\/\/www.auditionsolidarite.org\/fr\/wp-json\/wp\/v2\/users\/2"}],"replies":[{"embeddable":true,"href":"https:\/\/www.auditionsolidarite.org\/fr\/wp-json\/wp\/v2\/comments?post=6008"}],"version-history":[{"count":2,"href":"https:\/\/www.auditionsolidarite.org\/fr\/wp-json\/wp\/v2\/pages\/6008\/revisions"}],"predecessor-version":[{"id":6580,"href":"https:\/\/www.auditionsolidarite.org\/fr\/wp-json\/wp\/v2\/pages\/6008\/revisions\/6580"}],"wp:attachment":[{"href":"https:\/\/www.auditionsolidarite.org\/fr\/wp-json\/wp\/v2\/media?parent=6008"}],"curies":[{"name":"wp","href":"https:\/\/api.w.org\/{rel}","templated":true}]}}