{"id":60,"date":"2015-07-07T14:11:57","date_gmt":"2015-07-07T13:11:57","guid":{"rendered":"http:\/\/localhost\/auditionsolidarite.org\/?page_id=60"},"modified":"2026-03-31T10:04:48","modified_gmt":"2026-03-31T09:04:48","slug":"institutions-et-fondations","status":"publish","type":"page","link":"https:\/\/www.auditionsolidarite.org\/fr\/institutions-et-fondations\/","title":{"rendered":"Institutions et Fondations"},"content":{"rendered":"<table style=\"height: 1256px;\">\n<tbody>\n<tr style=\"height: 120px;\">\n<td style=\"height: 120px;\"><img loading=\"lazy\" decoding=\"async\" class=\"aligncenter wp-image-9300\" src=\"\/\/www.auditionsolidarite.org\/wp-content\/uploads\/2023\/02\/Ministere_Sante.png\" alt=\"\" width=\"172\" height=\"110\" srcset=\"https:\/\/www.auditionsolidarite.org\/wp-content\/uploads\/2023\/02\/Ministere_Sante.png 506w, https:\/\/www.auditionsolidarite.org\/wp-content\/uploads\/2023\/02\/Ministere_Sante-300x192.png 300w\" sizes=\"(max-width: 172px) 100vw, 172px\" \/><\/td>\n<td style=\"height: 120px;\"><img loading=\"lazy\" decoding=\"async\" class=\"aligncenter wp-image-4914\" src=\"\/wp-content\/uploads\/2015\/07\/sante-publique-france-jpg.jpg\" alt=\"sante-publique-france-jpg\" width=\"170\" height=\"92\" srcset=\"https:\/\/www.auditionsolidarite.org\/wp-content\/uploads\/2015\/07\/sante-publique-france-jpg.jpg 554w, https:\/\/www.auditionsolidarite.org\/wp-content\/uploads\/2015\/07\/sante-publique-france-jpg-300x162.jpg 300w\" sizes=\"(max-width: 170px) 100vw, 170px\" \/><\/td>\n<td style=\"height: 120px;\"><img loading=\"lazy\" decoding=\"async\" class=\"aligncenter wp-image-9016\" src=\"\/\/www.auditionsolidarite.org\/wp-content\/uploads\/2022\/10\/logo-Air_France_BD.jpg\" alt=\"\" width=\"160\" height=\"81\" srcset=\"https:\/\/www.auditionsolidarite.org\/wp-content\/uploads\/2022\/10\/logo-Air_France_BD.jpg 500w, https:\/\/www.auditionsolidarite.org\/wp-content\/uploads\/2022\/10\/logo-Air_France_BD-300x151.jpg 300w, https:\/\/www.auditionsolidarite.org\/wp-content\/uploads\/2022\/10\/logo-Air_France_BD-420x210.jpg 420w\" sizes=\"(max-width: 160px) 100vw, 160px\" \/><\/td>\n<td style=\"height: 120px;\"><img loading=\"lazy\" decoding=\"async\" class=\"aligncenter wp-image-8926\" src=\"\/\/www.auditionsolidarite.org\/wp-content\/uploads\/2022\/07\/Republique_Francaise_RVB_BD.jpg\" alt=\"\" width=\"140\" height=\"127\" srcset=\"https:\/\/www.auditionsolidarite.org\/wp-content\/uploads\/2022\/07\/Republique_Francaise_RVB_BD.jpg 500w, https:\/\/www.auditionsolidarite.org\/wp-content\/uploads\/2022\/07\/Republique_Francaise_RVB_BD-300x272.jpg 300w\" sizes=\"(max-width: 140px) 100vw, 140px\" \/><\/td>\n<\/tr>\n<tr style=\"height: 158px;\">\n<td style=\"height: 158px;\"><img loading=\"lazy\" decoding=\"async\" class=\"aligncenter wp-image-9299\" src=\"\/\/www.auditionsolidarite.org\/wp-content\/uploads\/2023\/02\/Ministere_Ecologie.png\" alt=\"\" width=\"132\" height=\"110\" \/><\/td>\n<td style=\"height: 158px;\"><img loading=\"lazy\" decoding=\"async\" class=\"aligncenter wp-image-8176\" src=\"\/\/www.auditionsolidarite.org\/wp-content\/uploads\/2021\/05\/copie-0_SDA-logo.jpg\" alt=\"\" width=\"150\" height=\"96\" srcset=\"https:\/\/www.auditionsolidarite.org\/wp-content\/uploads\/2021\/05\/copie-0_SDA-logo.jpg 600w, https:\/\/www.auditionsolidarite.org\/wp-content\/uploads\/2021\/05\/copie-0_SDA-logo-300x192.jpg 300w\" sizes=\"(max-width: 150px) 100vw, 150px\" \/><\/td>\n<td style=\"height: 158px;\"><img loading=\"lazy\" decoding=\"async\" class=\"aligncenter wp-image-9863\" src=\"\/\/www.auditionsolidarite.org\/wp-content\/uploads\/2024\/04\/Zephyr.png\" alt=\"\" width=\"150\" height=\"122\" srcset=\"https:\/\/www.auditionsolidarite.org\/wp-content\/uploads\/2024\/04\/Zephyr.png 690w, https:\/\/www.auditionsolidarite.org\/wp-content\/uploads\/2024\/04\/Zephyr-300x243.png 300w\" sizes=\"(max-width: 150px) 100vw, 150px\" \/><\/td>\n<td style=\"height: 158px;\"><img loading=\"lazy\" decoding=\"async\" class=\"aligncenter wp-image-9468\" src=\"\/\/www.auditionsolidarite.org\/wp-content\/uploads\/2023\/06\/LOGO-FONDATION-ALBERICI.jpg\" alt=\"\" width=\"225\" height=\"67\" srcset=\"https:\/\/www.auditionsolidarite.org\/wp-content\/uploads\/2023\/06\/LOGO-FONDATION-ALBERICI.jpg 843w, https:\/\/www.auditionsolidarite.org\/wp-content\/uploads\/2023\/06\/LOGO-FONDATION-ALBERICI-300x90.jpg 300w, https:\/\/www.auditionsolidarite.org\/wp-content\/uploads\/2023\/06\/LOGO-FONDATION-ALBERICI-768x230.jpg 768w\" sizes=\"(max-width: 225px) 100vw, 225px\" \/><\/td>\n<\/tr>\n<tr style=\"height: 156px;\">\n<td style=\"height: 156px;\"><img loading=\"lazy\" decoding=\"async\" class=\"wp-image-6132 aligncenter\" src=\"\/wp-content\/uploads\/2015\/07\/logo_fondation_up-Copier.jpg\" alt=\"\" width=\"223\" height=\"61\" srcset=\"https:\/\/www.auditionsolidarite.org\/wp-content\/uploads\/2015\/07\/logo_fondation_up-Copier.jpg 900w, https:\/\/www.auditionsolidarite.org\/wp-content\/uploads\/2015\/07\/logo_fondation_up-Copier-300x83.jpg 300w, https:\/\/www.auditionsolidarite.org\/wp-content\/uploads\/2015\/07\/logo_fondation_up-Copier-768x212.jpg 768w\" sizes=\"(max-width: 223px) 100vw, 223px\" \/><\/td>\n<td style=\"height: 156px;\"><img loading=\"lazy\" decoding=\"async\" class=\"aligncenter wp-image-8449\" src=\"\/\/www.auditionsolidarite.org\/wp-content\/uploads\/2021\/12\/RVB_LA_FRANCE_SENGAGE_LOGOTYPE_MINI.jpg\" alt=\"\" width=\"115\" height=\"126\" srcset=\"https:\/\/www.auditionsolidarite.org\/wp-content\/uploads\/2021\/12\/RVB_LA_FRANCE_SENGAGE_LOGOTYPE_MINI.jpg 341w, https:\/\/www.auditionsolidarite.org\/wp-content\/uploads\/2021\/12\/RVB_LA_FRANCE_SENGAGE_LOGOTYPE_MINI-274x300.jpg 274w\" sizes=\"(max-width: 115px) 100vw, 115px\" \/><\/td>\n<td style=\"height: 156px;\"><img loading=\"lazy\" decoding=\"async\" class=\"aligncenter wp-image-9630\" src=\"\/\/www.auditionsolidarite.org\/wp-content\/uploads\/2023\/12\/Logo-LAMA-2-Copier.jpg\" alt=\"\" width=\"300\" height=\"202\" srcset=\"https:\/\/www.auditionsolidarite.org\/wp-content\/uploads\/2023\/12\/Logo-LAMA-2-Copier.jpg 900w, https:\/\/www.auditionsolidarite.org\/wp-content\/uploads\/2023\/12\/Logo-LAMA-2-Copier-300x202.jpg 300w, https:\/\/www.auditionsolidarite.org\/wp-content\/uploads\/2023\/12\/Logo-LAMA-2-Copier-768x516.jpg 768w\" sizes=\"(max-width: 300px) 100vw, 300px\" \/><\/td>\n<td style=\"height: 156px;\"><img loading=\"lazy\" decoding=\"async\" class=\"aligncenter wp-image-6660\" src=\"\/\/www.auditionsolidarite.org\/wp-content\/uploads\/2019\/03\/logo-AnBer-fev-2017-Copier.jpg\" alt=\"\" width=\"122\" height=\"99\" srcset=\"https:\/\/www.auditionsolidarite.org\/wp-content\/uploads\/2019\/03\/logo-AnBer-fev-2017-Copier.jpg 800w, https:\/\/www.auditionsolidarite.org\/wp-content\/uploads\/2019\/03\/logo-AnBer-fev-2017-Copier-300x244.jpg 300w, https:\/\/www.auditionsolidarite.org\/wp-content\/uploads\/2019\/03\/logo-AnBer-fev-2017-Copier-768x624.jpg 768w\" sizes=\"(max-width: 122px) 100vw, 122px\" \/><\/td>\n<\/tr>\n<tr style=\"height: 173px;\">\n<td style=\"height: 173px;\"><img loading=\"lazy\" decoding=\"async\" class=\"aligncenter wp-image-6737\" src=\"\/\/www.auditionsolidarite.org\/wp-content\/uploads\/2019\/05\/acome.jpg\" alt=\"\" width=\"96\" height=\"115\" srcset=\"https:\/\/www.auditionsolidarite.org\/wp-content\/uploads\/2019\/05\/acome.jpg 1042w, https:\/\/www.auditionsolidarite.org\/wp-content\/uploads\/2019\/05\/acome-250x300.jpg 250w, https:\/\/www.auditionsolidarite.org\/wp-content\/uploads\/2019\/05\/acome-768x921.jpg 768w, https:\/\/www.auditionsolidarite.org\/wp-content\/uploads\/2019\/05\/acome-854x1024.jpg 854w\" sizes=\"(max-width: 96px) 100vw, 96px\" \/><\/td>\n<td style=\"height: 173px;\"><img loading=\"lazy\" decoding=\"async\" class=\"aligncenter wp-image-9529\" src=\"\/\/www.auditionsolidarite.org\/wp-content\/uploads\/2023\/09\/Logo_Caritas2023BD.jpg\" alt=\"\" width=\"159\" height=\"119\" srcset=\"https:\/\/www.auditionsolidarite.org\/wp-content\/uploads\/2023\/09\/Logo_Caritas2023BD.jpg 600w, https:\/\/www.auditionsolidarite.org\/wp-content\/uploads\/2023\/09\/Logo_Caritas2023BD-300x224.jpg 300w\" sizes=\"(max-width: 159px) 100vw, 159px\" \/><\/td>\n<td style=\"height: 173px;\"><img loading=\"lazy\" decoding=\"async\" class=\"aligncenter wp-image-9531\" src=\"\/\/www.auditionsolidarite.org\/wp-content\/uploads\/2023\/09\/FONDATION_TOLOT.jpg\" alt=\"\" width=\"223\" height=\"115\" srcset=\"https:\/\/www.auditionsolidarite.org\/wp-content\/uploads\/2023\/09\/FONDATION_TOLOT.jpg 689w, https:\/\/www.auditionsolidarite.org\/wp-content\/uploads\/2023\/09\/FONDATION_TOLOT-300x155.jpg 300w\" sizes=\"(max-width: 223px) 100vw, 223px\" \/><\/td>\n<td style=\"height: 173px;\"><img loading=\"lazy\" decoding=\"async\" class=\"aligncenter wp-image-7120\" src=\"\/\/www.auditionsolidarite.org\/wp-content\/uploads\/2019\/10\/HTFB-Logo-HR-Copier.jpg\" alt=\"\" width=\"116\" height=\"101\" srcset=\"https:\/\/www.auditionsolidarite.org\/wp-content\/uploads\/2019\/10\/HTFB-Logo-HR-Copier.jpg 900w, https:\/\/www.auditionsolidarite.org\/wp-content\/uploads\/2019\/10\/HTFB-Logo-HR-Copier-300x261.jpg 300w, https:\/\/www.auditionsolidarite.org\/wp-content\/uploads\/2019\/10\/HTFB-Logo-HR-Copier-768x668.jpg 768w\" sizes=\"(max-width: 116px) 100vw, 116px\" \/><\/td>\n<\/tr>\n<tr style=\"height: 170px;\">\n<td style=\"height: 170px;\"><img loading=\"lazy\" decoding=\"async\" class=\"aligncenter wp-image-9532\" src=\"\/\/www.auditionsolidarite.org\/wp-content\/uploads\/2023\/09\/LOGO_SAREPTA_BD.jpg\" alt=\"\" width=\"131\" height=\"115\" srcset=\"https:\/\/www.auditionsolidarite.org\/wp-content\/uploads\/2023\/09\/LOGO_SAREPTA_BD.jpg 500w, https:\/\/www.auditionsolidarite.org\/wp-content\/uploads\/2023\/09\/LOGO_SAREPTA_BD-300x264.jpg 300w\" sizes=\"(max-width: 131px) 100vw, 131px\" \/><\/td>\n<td style=\"height: 170px;\"><img loading=\"lazy\" decoding=\"async\" class=\"aligncenter wp-image-7424\" src=\"\/\/www.auditionsolidarite.org\/wp-content\/uploads\/2020\/07\/Logo-Swisslife-2.jpg\" alt=\"\" width=\"153\" height=\"146\" srcset=\"https:\/\/www.auditionsolidarite.org\/wp-content\/uploads\/2020\/07\/Logo-Swisslife-2.jpg 754w, https:\/\/www.auditionsolidarite.org\/wp-content\/uploads\/2020\/07\/Logo-Swisslife-2-300x287.jpg 300w\" sizes=\"(max-width: 153px) 100vw, 153px\" \/><\/td>\n<td style=\"height: 170px;\"><img loading=\"lazy\" decoding=\"async\" class=\"aligncenter wp-image-7430\" src=\"\/\/www.auditionsolidarite.org\/wp-content\/uploads\/2020\/07\/logo-eovie-mcd-Copier.png\" alt=\"\" width=\"141\" height=\"115\" srcset=\"https:\/\/www.auditionsolidarite.org\/wp-content\/uploads\/2020\/07\/logo-eovie-mcd-Copier.png 1000w, https:\/\/www.auditionsolidarite.org\/wp-content\/uploads\/2020\/07\/logo-eovie-mcd-Copier-300x245.png 300w, https:\/\/www.auditionsolidarite.org\/wp-content\/uploads\/2020\/07\/logo-eovie-mcd-Copier-768x626.png 768w\" sizes=\"(max-width: 141px) 100vw, 141px\" \/><\/td>\n<td style=\"height: 170px;\"><img loading=\"lazy\" decoding=\"async\" class=\"aligncenter wp-image-8179\" src=\"\/\/www.auditionsolidarite.org\/wp-content\/uploads\/2021\/05\/VEOLIA_FONDATION_HD.jpg\" alt=\"\" width=\"200\" height=\"96\" srcset=\"https:\/\/www.auditionsolidarite.org\/wp-content\/uploads\/2021\/05\/VEOLIA_FONDATION_HD.jpg 940w, https:\/\/www.auditionsolidarite.org\/wp-content\/uploads\/2021\/05\/VEOLIA_FONDATION_HD-300x144.jpg 300w, https:\/\/www.auditionsolidarite.org\/wp-content\/uploads\/2021\/05\/VEOLIA_FONDATION_HD-768x368.jpg 768w\" sizes=\"(max-width: 200px) 100vw, 200px\" \/><\/td>\n<\/tr>\n<tr style=\"height: 166px;\">\n<td style=\"height: 166px;\"><img loading=\"lazy\" decoding=\"async\" class=\"aligncenter wp-image-10578\" src=\"\/\/www.auditionsolidarite.org\/wp-content\/uploads\/2025\/09\/Logo_RVB_France_AFD8BD.jpg\" alt=\"\" width=\"300\" height=\"179\" srcset=\"https:\/\/www.auditionsolidarite.org\/wp-content\/uploads\/2025\/09\/Logo_RVB_France_AFD8BD.jpg 800w, https:\/\/www.auditionsolidarite.org\/wp-content\/uploads\/2025\/09\/Logo_RVB_France_AFD8BD-300x179.jpg 300w, https:\/\/www.auditionsolidarite.org\/wp-content\/uploads\/2025\/09\/Logo_RVB_France_AFD8BD-768x457.jpg 768w\" sizes=\"(max-width: 300px) 100vw, 300px\" \/><\/td>\n<td style=\"height: 166px;\"><img loading=\"lazy\" decoding=\"async\" class=\"aligncenter wp-image-9440\" src=\"\/\/www.auditionsolidarite.org\/wp-content\/uploads\/2023\/06\/FCF_GRATITUDE_690X649PX.jpg\" alt=\"\" width=\"154\" height=\"145\" srcset=\"https:\/\/www.auditionsolidarite.org\/wp-content\/uploads\/2023\/06\/FCF_GRATITUDE_690X649PX.jpg 690w, https:\/\/www.auditionsolidarite.org\/wp-content\/uploads\/2023\/06\/FCF_GRATITUDE_690X649PX-300x282.jpg 300w\" sizes=\"(max-width: 154px) 100vw, 154px\" \/><\/td>\n<td style=\"height: 166px;\"><img loading=\"lazy\" decoding=\"async\" class=\"aligncenter wp-image-9591\" src=\"\/\/www.auditionsolidarite.org\/wp-content\/uploads\/2023\/12\/Fond_action_WiiSmile.jpg\" alt=\"\" width=\"225\" height=\"136\" srcset=\"https:\/\/www.auditionsolidarite.org\/wp-content\/uploads\/2023\/12\/Fond_action_WiiSmile.jpg 650w, https:\/\/www.auditionsolidarite.org\/wp-content\/uploads\/2023\/12\/Fond_action_WiiSmile-300x181.jpg 300w\" sizes=\"(max-width: 225px) 100vw, 225px\" \/><\/td>\n<td style=\"height: 166px;\"><img loading=\"lazy\" decoding=\"async\" class=\"aligncenter wp-image-9626\" src=\"\/\/www.auditionsolidarite.org\/wp-content\/uploads\/2023\/12\/Fondation-pour-lAudition.png\" alt=\"\" width=\"154\" height=\"154\" srcset=\"https:\/\/www.auditionsolidarite.org\/wp-content\/uploads\/2023\/12\/Fondation-pour-lAudition.png 191w, https:\/\/www.auditionsolidarite.org\/wp-content\/uploads\/2023\/12\/Fondation-pour-lAudition-150x150.png 150w, https:\/\/www.auditionsolidarite.org\/wp-content\/uploads\/2023\/12\/Fondation-pour-lAudition-90x90.png 90w, https:\/\/www.auditionsolidarite.org\/wp-content\/uploads\/2023\/12\/Fondation-pour-lAudition-75x75.png 75w\" sizes=\"(max-width: 154px) 100vw, 154px\" \/><\/td>\n<\/tr>\n<tr style=\"height: 151px;\">\n<td style=\"height: 151px;\"><img loading=\"lazy\" decoding=\"async\" class=\"aligncenter wp-image-9859\" src=\"\/\/www.auditionsolidarite.org\/wp-content\/uploads\/2024\/04\/LOGO-SOGEA_Maroc.jpg\" alt=\"\" width=\"300\" height=\"67\" srcset=\"https:\/\/www.auditionsolidarite.org\/wp-content\/uploads\/2024\/04\/LOGO-SOGEA_Maroc.jpg 1409w, https:\/\/www.auditionsolidarite.org\/wp-content\/uploads\/2024\/04\/LOGO-SOGEA_Maroc-300x67.jpg 300w, https:\/\/www.auditionsolidarite.org\/wp-content\/uploads\/2024\/04\/LOGO-SOGEA_Maroc-1024x229.jpg 1024w, https:\/\/www.auditionsolidarite.org\/wp-content\/uploads\/2024\/04\/LOGO-SOGEA_Maroc-768x172.jpg 768w\" sizes=\"(max-width: 300px) 100vw, 300px\" \/><\/td>\n<td style=\"height: 151px;\"><img loading=\"lazy\" decoding=\"async\" class=\"aligncenter wp-image-9962\" src=\"\/\/www.auditionsolidarite.org\/wp-content\/uploads\/2024\/05\/Fond_VINCI_logo.jpg\" alt=\"\" width=\"300\" height=\"134\" srcset=\"https:\/\/www.auditionsolidarite.org\/wp-content\/uploads\/2024\/05\/Fond_VINCI_logo.jpg 700w, https:\/\/www.auditionsolidarite.org\/wp-content\/uploads\/2024\/05\/Fond_VINCI_logo-300x134.jpg 300w\" sizes=\"(max-width: 300px) 100vw, 300px\" \/><\/td>\n<td style=\"height: 151px;\"><img loading=\"lazy\" decoding=\"async\" class=\"aligncenter wp-image-10551\" src=\"\/\/www.auditionsolidarite.org\/wp-content\/uploads\/2025\/07\/Logo-FND-carre-fond-blanc_web.jpg\" alt=\"\" width=\"144\" height=\"115\" srcset=\"https:\/\/www.auditionsolidarite.org\/wp-content\/uploads\/2025\/07\/Logo-FND-carre-fond-blanc_web.jpg 800w, https:\/\/www.auditionsolidarite.org\/wp-content\/uploads\/2025\/07\/Logo-FND-carre-fond-blanc_web-300x240.jpg 300w, https:\/\/www.auditionsolidarite.org\/wp-content\/uploads\/2025\/07\/Logo-FND-carre-fond-blanc_web-768x613.jpg 768w\" sizes=\"(max-width: 144px) 100vw, 144px\" \/><\/td>\n<td style=\"height: 151px;\"><img loading=\"lazy\" decoding=\"async\" class=\"aligncenter wp-image-10554\" src=\"\/\/www.auditionsolidarite.org\/wp-content\/uploads\/2025\/07\/LOGO-FONDATION-KRYSGROUP-RVB_BD.jpg\" alt=\"\" width=\"300\" height=\"88\" srcset=\"https:\/\/www.auditionsolidarite.org\/wp-content\/uploads\/2025\/07\/LOGO-FONDATION-KRYSGROUP-RVB_BD.jpg 600w, https:\/\/www.auditionsolidarite.org\/wp-content\/uploads\/2025\/07\/LOGO-FONDATION-KRYSGROUP-RVB_BD-300x88.jpg 300w\" sizes=\"(max-width: 300px) 100vw, 300px\" \/><\/td>\n<\/tr>\n<tr style=\"height: 162px;\">\n<td style=\"height: 162px;\"><img loading=\"lazy\" decoding=\"async\" class=\"aligncenter wp-image-10744\" src=\"\/\/www.auditionsolidarite.org\/wp-content\/uploads\/2026\/01\/logo-fondation-C.Barbier-de-la-Serre-Vect_bd.jpg\" alt=\"\" width=\"155\" height=\"152\" srcset=\"https:\/\/www.auditionsolidarite.org\/wp-content\/uploads\/2026\/01\/logo-fondation-C.Barbier-de-la-Serre-Vect_bd.jpg 600w, https:\/\/www.auditionsolidarite.org\/wp-content\/uploads\/2026\/01\/logo-fondation-C.Barbier-de-la-Serre-Vect_bd-300x295.jpg 300w, https:\/\/www.auditionsolidarite.org\/wp-content\/uploads\/2026\/01\/logo-fondation-C.Barbier-de-la-Serre-Vect_bd-75x75.jpg 75w\" sizes=\"(max-width: 155px) 100vw, 155px\" \/><\/td>\n<td style=\"height: 162px;\"><img loading=\"lazy\" decoding=\"async\" class=\"aligncenter wp-image-10894\" src=\"\/\/www.auditionsolidarite.org\/wp-content\/uploads\/2026\/03\/ALTRAD-SOLIDARITY_Carre_BD.jpg\" alt=\"\" width=\"150\" height=\"105\" srcset=\"https:\/\/www.auditionsolidarite.org\/wp-content\/uploads\/2026\/03\/ALTRAD-SOLIDARITY_Carre_BD.jpg 600w, https:\/\/www.auditionsolidarite.org\/wp-content\/uploads\/2026\/03\/ALTRAD-SOLIDARITY_Carre_BD-300x210.jpg 300w\" sizes=\"(max-width: 150px) 100vw, 150px\" \/><\/td>\n<td style=\"height: 162px;\"><\/td>\n<td style=\"height: 162px;\"><\/td>\n<\/tr>\n<tr>\n<td><\/td>\n<td><\/td>\n<td><\/td>\n<td><\/td>\n<\/tr>\n<tr>\n<td><\/td>\n<td><\/td>\n<td><\/td>\n<td><\/td>\n<\/tr>\n<\/tbody>\n<\/table>\n<p>&nbsp;<\/p>\n<h6 style=\"text-align: center;\">Tous ensemble, ils \u0153uvrent pour la m\u00eame cause, venez les rejoindre &#8230;<\/h6>\n<p><a href=\"?p=108\"><img loading=\"lazy\" decoding=\"async\" class=\"aligncenter wp-image-1121 size-medium\" src=\"\/wp-content\/uploads\/2015\/07\/button-devenezmecene-300x74.jpg\" alt=\"et vous ? Devenez m\u00e9c\u00e8nes !\" width=\"300\" height=\"74\" srcset=\"https:\/\/www.auditionsolidarite.org\/wp-content\/uploads\/2015\/07\/button-devenezmecene-300x74.jpg 300w, https:\/\/www.auditionsolidarite.org\/wp-content\/uploads\/2015\/07\/button-devenezmecene.jpg 350w\" sizes=\"(max-width: 300px) 100vw, 300px\" \/><\/a>","protected":false},"excerpt":{"rendered":"<p>&nbsp; Tous ensemble, ils \u0153uvrent pour la m\u00eame cause, venez les rejoindre &#8230;<\/p>\n","protected":false},"author":10,"featured_media":0,"parent":0,"menu_order":0,"comment_status":"closed","ping_status":"closed","template":"template-page-logoOrganisme-Categorie.php","meta":{"footnotes":""},"acf":[],"yoast_head":"<!-- This site is optimized with the Yoast SEO plugin v21.9.1 - https:\/\/yoast.com\/wordpress\/plugins\/seo\/ -->\n<title>Institutions et Fondations - AuditionSolidarit\u00e9<\/title>\n<meta name=\"robots\" content=\"index, follow, max-snippet:-1, max-image-preview:large, max-video-preview:-1\" \/>\n<link rel=\"canonical\" href=\"https:\/\/www.auditionsolidarite.org\/fr\/institutions-et-fondations\/\" \/>\n<meta property=\"og:locale\" content=\"fr_FR\" \/>\n<meta property=\"og:type\" content=\"article\" \/>\n<meta property=\"og:title\" content=\"Institutions et Fondations - AuditionSolidarit\u00e9\" \/>\n<meta property=\"og:description\" content=\"&nbsp; Tous ensemble, ils \u0153uvrent pour la m\u00eame cause, venez les rejoindre &#8230;\" \/>\n<meta property=\"og:url\" content=\"https:\/\/www.auditionsolidarite.org\/fr\/institutions-et-fondations\/\" \/>\n<meta property=\"og:site_name\" content=\"AuditionSolidarit\u00e9\" \/>\n<meta property=\"article:modified_time\" content=\"2026-03-31T09:04:48+00:00\" \/>\n<meta property=\"og:image\" content=\"https:\/\/www.auditionsolidarite.org\/wp-content\/uploads\/2015\/07\/logo-audition-solidarite-e1446132259721.png\" \/>\n\t<meta property=\"og:image:width\" content=\"600\" \/>\n\t<meta property=\"og:image:height\" content=\"593\" \/>\n\t<meta property=\"og:image:type\" content=\"image\/png\" \/>\n<meta name=\"twitter:card\" content=\"summary_large_image\" \/>\n<meta name=\"twitter:label1\" content=\"Dur\u00e9e de lecture estim\u00e9e\" \/>\n\t<meta name=\"twitter:data1\" content=\"7 minutes\" \/>\n<script type=\"application\/ld+json\" class=\"yoast-schema-graph\">{\"@context\":\"https:\/\/schema.org\",\"@graph\":[{\"@type\":\"WebPage\",\"@id\":\"https:\/\/www.auditionsolidarite.org\/fr\/institutions-et-fondations\/\",\"url\":\"https:\/\/www.auditionsolidarite.org\/fr\/institutions-et-fondations\/\",\"name\":\"Institutions et Fondations - AuditionSolidarit\u00e9\",\"isPartOf\":{\"@id\":\"https:\/\/www.auditionsolidarite.org\/fr\/#website\"},\"datePublished\":\"2015-07-07T13:11:57+00:00\",\"dateModified\":\"2026-03-31T09:04:48+00:00\",\"breadcrumb\":{\"@id\":\"https:\/\/www.auditionsolidarite.org\/fr\/institutions-et-fondations\/#breadcrumb\"},\"inLanguage\":\"fr-FR\",\"potentialAction\":[{\"@type\":\"ReadAction\",\"target\":[[\"https:\/\/www.auditionsolidarite.org\/fr\/institutions-et-fondations\/\"]]}]},{\"@type\":\"BreadcrumbList\",\"@id\":\"https:\/\/www.auditionsolidarite.org\/fr\/institutions-et-fondations\/#breadcrumb\",\"itemListElement\":[{\"@type\":\"ListItem\",\"position\":1,\"name\":\"Accueil\",\"item\":\"https:\/\/www.auditionsolidarite.org\/fr\/\"},{\"@type\":\"ListItem\",\"position\":2,\"name\":\"Institutions et Fondations\"}]},{\"@type\":\"WebSite\",\"@id\":\"https:\/\/www.auditionsolidarite.org\/fr\/#website\",\"url\":\"https:\/\/www.auditionsolidarite.org\/fr\/\",\"name\":\"AuditionSolidarit\u00e9\",\"description\":\"Le hasard n&#039;existe pas ! Si vous \u00eates l\u00e0 aujourd&#039;hui, c&#039;est que le monde de l&#039;audition vous touche... Alors merci d&#039;\u00eatre l\u00e0 !\",\"publisher\":{\"@id\":\"https:\/\/www.auditionsolidarite.org\/fr\/#organization\"},\"potentialAction\":[{\"@type\":\"SearchAction\",\"target\":{\"@type\":\"EntryPoint\",\"urlTemplate\":\"https:\/\/www.auditionsolidarite.org\/fr\/?s={search_term_string}\"},\"query-input\":\"required name=search_term_string\"}],\"inLanguage\":\"fr-FR\"},{\"@type\":\"Organization\",\"@id\":\"https:\/\/www.auditionsolidarite.org\/fr\/#organization\",\"name\":\"AuditionSolidarit\u00e9\",\"url\":\"https:\/\/www.auditionsolidarite.org\/fr\/\",\"logo\":{\"@type\":\"ImageObject\",\"inLanguage\":\"fr-FR\",\"@id\":\"https:\/\/www.auditionsolidarite.org\/fr\/#\/schema\/logo\/image\/\",\"url\":\"https:\/\/www.auditionsolidarite.org\/wp-content\/uploads\/2015\/07\/logo-audition-solidarite-e1446132259721.png\",\"contentUrl\":\"https:\/\/www.auditionsolidarite.org\/wp-content\/uploads\/2015\/07\/logo-audition-solidarite-e1446132259721.png\",\"width\":600,\"height\":593,\"caption\":\"AuditionSolidarit\u00e9\"},\"image\":{\"@id\":\"https:\/\/www.auditionsolidarite.org\/fr\/#\/schema\/logo\/image\/\"}}]}<\/script>\n<!-- \/ Yoast SEO plugin. -->","yoast_head_json":{"title":"Institutions et Fondations - AuditionSolidarit\u00e9","robots":{"index":"index","follow":"follow","max-snippet":"max-snippet:-1","max-image-preview":"max-image-preview:large","max-video-preview":"max-video-preview:-1"},"canonical":"https:\/\/www.auditionsolidarite.org\/fr\/institutions-et-fondations\/","og_locale":"fr_FR","og_type":"article","og_title":"Institutions et Fondations - AuditionSolidarit\u00e9","og_description":"&nbsp; Tous ensemble, ils \u0153uvrent pour la m\u00eame cause, venez les rejoindre &#8230;","og_url":"https:\/\/www.auditionsolidarite.org\/fr\/institutions-et-fondations\/","og_site_name":"AuditionSolidarit\u00e9","article_modified_time":"2026-03-31T09:04:48+00:00","og_image":[{"width":600,"height":593,"url":"https:\/\/www.auditionsolidarite.org\/wp-content\/uploads\/2015\/07\/logo-audition-solidarite-e1446132259721.png","type":"image\/png"}],"twitter_card":"summary_large_image","twitter_misc":{"Dur\u00e9e de lecture estim\u00e9e":"7 minutes"},"schema":{"@context":"https:\/\/schema.org","@graph":[{"@type":"WebPage","@id":"https:\/\/www.auditionsolidarite.org\/fr\/institutions-et-fondations\/","url":"https:\/\/www.auditionsolidarite.org\/fr\/institutions-et-fondations\/","name":"Institutions et Fondations - AuditionSolidarit\u00e9","isPartOf":{"@id":"https:\/\/www.auditionsolidarite.org\/fr\/#website"},"datePublished":"2015-07-07T13:11:57+00:00","dateModified":"2026-03-31T09:04:48+00:00","breadcrumb":{"@id":"https:\/\/www.auditionsolidarite.org\/fr\/institutions-et-fondations\/#breadcrumb"},"inLanguage":"fr-FR","potentialAction":[{"@type":"ReadAction","target":[["https:\/\/www.auditionsolidarite.org\/fr\/institutions-et-fondations\/"]]}]},{"@type":"BreadcrumbList","@id":"https:\/\/www.auditionsolidarite.org\/fr\/institutions-et-fondations\/#breadcrumb","itemListElement":[{"@type":"ListItem","position":1,"name":"Accueil","item":"https:\/\/www.auditionsolidarite.org\/fr\/"},{"@type":"ListItem","position":2,"name":"Institutions et Fondations"}]},{"@type":"WebSite","@id":"https:\/\/www.auditionsolidarite.org\/fr\/#website","url":"https:\/\/www.auditionsolidarite.org\/fr\/","name":"AuditionSolidarit\u00e9","description":"Le hasard n&#039;existe pas ! Si vous \u00eates l\u00e0 aujourd&#039;hui, c&#039;est que le monde de l&#039;audition vous touche... Alors merci d&#039;\u00eatre l\u00e0 !","publisher":{"@id":"https:\/\/www.auditionsolidarite.org\/fr\/#organization"},"potentialAction":[{"@type":"SearchAction","target":{"@type":"EntryPoint","urlTemplate":"https:\/\/www.auditionsolidarite.org\/fr\/?s={search_term_string}"},"query-input":"required name=search_term_string"}],"inLanguage":"fr-FR"},{"@type":"Organization","@id":"https:\/\/www.auditionsolidarite.org\/fr\/#organization","name":"AuditionSolidarit\u00e9","url":"https:\/\/www.auditionsolidarite.org\/fr\/","logo":{"@type":"ImageObject","inLanguage":"fr-FR","@id":"https:\/\/www.auditionsolidarite.org\/fr\/#\/schema\/logo\/image\/","url":"https:\/\/www.auditionsolidarite.org\/wp-content\/uploads\/2015\/07\/logo-audition-solidarite-e1446132259721.png","contentUrl":"https:\/\/www.auditionsolidarite.org\/wp-content\/uploads\/2015\/07\/logo-audition-solidarite-e1446132259721.png","width":600,"height":593,"caption":"AuditionSolidarit\u00e9"},"image":{"@id":"https:\/\/www.auditionsolidarite.org\/fr\/#\/schema\/logo\/image\/"}}]}},"_links":{"self":[{"href":"https:\/\/www.auditionsolidarite.org\/fr\/wp-json\/wp\/v2\/pages\/60"}],"collection":[{"href":"https:\/\/www.auditionsolidarite.org\/fr\/wp-json\/wp\/v2\/pages"}],"about":[{"href":"https:\/\/www.auditionsolidarite.org\/fr\/wp-json\/wp\/v2\/types\/page"}],"author":[{"embeddable":true,"href":"https:\/\/www.auditionsolidarite.org\/fr\/wp-json\/wp\/v2\/users\/10"}],"replies":[{"embeddable":true,"href":"https:\/\/www.auditionsolidarite.org\/fr\/wp-json\/wp\/v2\/comments?post=60"}],"version-history":[{"count":24,"href":"https:\/\/www.auditionsolidarite.org\/fr\/wp-json\/wp\/v2\/pages\/60\/revisions"}],"predecessor-version":[{"id":10897,"href":"https:\/\/www.auditionsolidarite.org\/fr\/wp-json\/wp\/v2\/pages\/60\/revisions\/10897"}],"wp:attachment":[{"href":"https:\/\/www.auditionsolidarite.org\/fr\/wp-json\/wp\/v2\/media?parent=60"}],"curies":[{"name":"wp","href":"https:\/\/api.w.org\/{rel}","templated":true}]}}