{"id":5830,"date":"2018-02-01T09:41:13","date_gmt":"2018-02-01T08:41:13","guid":{"rendered":"https:\/\/www.auditionsolidarite.org\/laction-prevention-auditive-copy\/"},"modified":"2018-03-09T14:06:54","modified_gmt":"2018-03-09T13:06:54","slug":"des-bons-conseils","status":"publish","type":"page","link":"https:\/\/www.auditionsolidarite.org\/fr\/des-bons-conseils\/","title":{"rendered":"Des bons conseils"},"content":{"rendered":"<img loading=\"lazy\" decoding=\"async\" class=\"aligncenter wp-image-5835\" src=\"\/\/www.auditionsolidarite.org\/wp-content\/uploads\/2018\/02\/Sans-titre-Copier.jpg\" alt=\"\" width=\"296\" height=\"79\" srcset=\"https:\/\/www.auditionsolidarite.org\/wp-content\/uploads\/2018\/02\/Sans-titre-Copier.jpg 800w, https:\/\/www.auditionsolidarite.org\/wp-content\/uploads\/2018\/02\/Sans-titre-Copier-300x80.jpg 300w, https:\/\/www.auditionsolidarite.org\/wp-content\/uploads\/2018\/02\/Sans-titre-Copier-768x205.jpg 768w\" sizes=\"(max-width: 296px) 100vw, 296px\" \/><b><br \/>\n<\/b><b> <\/b><\/p>\n<h6 style=\"text-align: left;\">Tu aimes la musique ? Tu as des sifflements, des bourdonnements dans tes oreilles ? Ce n&#8217;est pas normal !<b><br \/>\n<\/b><b><br \/>\n<\/b><\/h6>\n<p>Les sifflements ou bourdonnements dans tes oreilles sont appel\u00e9s des acouph\u00e8nes, ils sont d\u00e9j\u00e0 le signe d&#8217;une fatigue auditive. Ton cerveau t\u2019envoie une alerte, \u00e9coute-le ! Si tes sifflements ou bourdonnements persistent, vite ! Consulte un m\u00e9decin ORL.<b><br \/>\n<\/b><b><br \/>\n<\/b><b><b><\/b><\/b><\/p>\n<p><em>L&#8217;oreille est une machine extraordinaire qui transforme les sons (vibrations de l&#8217;air) en message \u00e9lectrique que le cerveau va nous permettre de comprendre. Notre oreille est fragile car tous les \u00e9l\u00e9ments qui la constituent sont tr\u00e8s petits. Si les petites cellules cili\u00e9es (qui transforment le son en signal \u00e9lectrique) sont abim\u00e9es, elles ne peuvent pas \u00eatre r\u00e9par\u00e9es, il faut donc en prendre soin !<\/em><b><br \/>\n<\/b><b><br \/>\n<\/b><b><img loading=\"lazy\" decoding=\"async\" class=\"aligncenter wp-image-5168\" src=\"\/\/www.auditionsolidarite.org\/wp-content\/uploads\/2015\/08\/Poster-oreille-version-2017.jpg\" alt=\"\" width=\"541\" height=\"361\" srcset=\"https:\/\/www.auditionsolidarite.org\/wp-content\/uploads\/2015\/08\/Poster-oreille-version-2017.jpg 1000w, https:\/\/www.auditionsolidarite.org\/wp-content\/uploads\/2015\/08\/Poster-oreille-version-2017-300x200.jpg 300w, https:\/\/www.auditionsolidarite.org\/wp-content\/uploads\/2015\/08\/Poster-oreille-version-2017-768x512.jpg 768w\" sizes=\"(max-width: 541px) 100vw, 541px\" \/><br \/>\n<\/b><img loading=\"lazy\" decoding=\"async\" class=\"aligncenter size-full wp-image-5836\" src=\"\/\/www.auditionsolidarite.org\/wp-content\/uploads\/2018\/02\/bons-conseils.jpg\" alt=\"\" width=\"1425\" height=\"57\" srcset=\"https:\/\/www.auditionsolidarite.org\/wp-content\/uploads\/2018\/02\/bons-conseils.jpg 1425w, https:\/\/www.auditionsolidarite.org\/wp-content\/uploads\/2018\/02\/bons-conseils-300x12.jpg 300w, https:\/\/www.auditionsolidarite.org\/wp-content\/uploads\/2018\/02\/bons-conseils-768x31.jpg 768w, https:\/\/www.auditionsolidarite.org\/wp-content\/uploads\/2018\/02\/bons-conseils-1024x41.jpg 1024w\" sizes=\"(max-width: 1425px) 100vw, 1425px\" \/><\/p>\n<blockquote><p><strong>Fais des moments de pause, de silence<b> <\/b><\/strong><br \/>\nApr\u00e8s avoir jou\u00e9 de la musique (r\u00e9p\u00e9tition, cours, concert&#8230;) ou avoir \u00e9t\u00e9 dans un milieu tr\u00e8s bruyant, mets tes oreilles au repos, \u00e9vite de mettre tes \u00e9couteurs.<\/p>\n<p><b><br \/>\n<\/b>* Apr\u00e8s avoir jou\u00e9 son match, un footballeur ne rentre pas chez lui en courant ! Il se repose. Ton oreille aussi a besoin de repos apr\u00e8s avoir \u00e9t\u00e9 sollicit\u00e9e, alors prends un moment de silence !<\/p><\/blockquote>\n<blockquote><p><strong>\u00c9coute la musique, pas trop fort, pas trop long<\/strong><strong>temps<\/strong><b> <b><br \/>\n<\/b><\/b>Une \u00e9coute forte et\/ou prolong\u00e9e de la musique peut endommager tes oreilles alors pas trop fort et pas trop longtemps ! Ne t&#8217;endors jamais avec un casque ou des \u00e9couteurs dans les oreilles !<\/p>\n<p><b><b> <\/b><br \/>\n<\/b>* Lorsque l&#8217;on fait beaucoup de sport, nos muscles fatiguent, on a vite mal aux jambes&#8230; pour tes oreilles, c&#8217;est diff\u00e9rent. On ne sent pas que nos oreilles sont fatigu\u00e9es, \u00e7a ne fait pas mal. Impose-toi des moments de silence.<\/p><\/blockquote>\n<p><img loading=\"lazy\" decoding=\"async\" class=\"aligncenter wp-image-5927\" src=\"\/\/www.auditionsolidarite.org\/wp-content\/uploads\/2018\/02\/bons-conseils-dessin-Copier.jpg\" alt=\"\" width=\"550\" height=\"386\" srcset=\"https:\/\/www.auditionsolidarite.org\/wp-content\/uploads\/2018\/02\/bons-conseils-dessin-Copier.jpg 900w, https:\/\/www.auditionsolidarite.org\/wp-content\/uploads\/2018\/02\/bons-conseils-dessin-Copier-300x210.jpg 300w, https:\/\/www.auditionsolidarite.org\/wp-content\/uploads\/2018\/02\/bons-conseils-dessin-Copier-768x538.jpg 768w\" sizes=\"(max-width: 550px) 100vw, 550px\" \/><\/p>\n<blockquote><p><strong>Mets des protections auditives<\/strong><br \/>\nPour prot\u00e9ger au mieux tes oreilles, mets des protections auditives adapt\u00e9es \u00e0 ta pratique. Il existe diff\u00e9rents types de protections auditives dont certaines sp\u00e9cifiques pour la musique.<\/p>\n<ul>\n<li><b> <\/b>Des protections standard pour enfant et adulte qui att\u00e9nuent les sons de 20 d\u00e9cibels de mani\u00e8re homog\u00e8ne (sur toutes les fr\u00e9quences). <b><\/b><\/li>\n<li>Des protections sur mesure o\u00f9 plusieurs filtres peuvent y \u00eatre adapt\u00e9s et permettent de jouer ou \u00e9couter de la musique \u00e0 un niveau sonore inf\u00e9rieur sans perdre en qualit\u00e9 d&#8217;\u00e9coute.<b> <\/b><\/li>\n<\/ul>\n<p>* Choisis le bon filtre adapt\u00e9 \u00e0 ta pratique (-10dB, -15dB, -25dB, &#8211; 30dB) : mieux vaut avoir -10dB dans les oreilles <b><br \/>\n<\/b>que -25dB dans la poche !<\/p><\/blockquote>\n<table>\n<tbody>\n<tr>\n<td>\n<p style=\"text-align: center;\">Protections standard adulte<\/p>\n<p><img loading=\"lazy\" decoding=\"async\" class=\"aligncenter wp-image-5845\" src=\"\/\/www.auditionsolidarite.org\/wp-content\/uploads\/2018\/02\/Image2-Copier.jpg\" alt=\"\" width=\"138\" height=\"113\" srcset=\"https:\/\/www.auditionsolidarite.org\/wp-content\/uploads\/2018\/02\/Image2-Copier.jpg 600w, https:\/\/www.auditionsolidarite.org\/wp-content\/uploads\/2018\/02\/Image2-Copier-300x246.jpg 300w\" sizes=\"(max-width: 138px) 100vw, 138px\" \/><\/td>\n<td>\n<p style=\"text-align: center;\">Protections standard enfant<\/p>\n<p><img loading=\"lazy\" decoding=\"async\" class=\"aligncenter wp-image-5857\" src=\"\/\/www.auditionsolidarite.org\/wp-content\/uploads\/2018\/02\/Image1bleu.jpg\" alt=\"\" width=\"129\" height=\"102\" \/><\/td>\n<td>\n<p style=\"text-align: center;\">Protections sur mesure<\/p>\n<h6><img loading=\"lazy\" decoding=\"async\" class=\"aligncenter wp-image-5846\" src=\"\/\/www.auditionsolidarite.org\/wp-content\/uploads\/2018\/02\/Image3-Copier.jpg\" alt=\"\" width=\"130\" height=\"83\" srcset=\"https:\/\/www.auditionsolidarite.org\/wp-content\/uploads\/2018\/02\/Image3-Copier.jpg 600w, https:\/\/www.auditionsolidarite.org\/wp-content\/uploads\/2018\/02\/Image3-Copier-300x192.jpg 300w\" sizes=\"(max-width: 130px) 100vw, 130px\" \/><\/h6>\n<\/td>\n<\/tr>\n<\/tbody>\n<\/table>\n<blockquote><p><strong>\u00c9loigne-toi des sources sonores<\/strong><br \/>\nLorsque tu \u00e9coutes de la musique, \u00e9loigne-toi le plus possible de la source sonore. Privil\u00e9gie les enceintes aux \u00e9couteurs. Sinon, privil\u00e9gie les casques audio aux \u00e9couteurs. <b><b><br \/>\n<\/b><br \/>\n<\/b>* Ne joue jamais d&#8217;un instrument dans l&#8217;oreille de quelqu\u2019un, tu pourrais lui abimer son audition de mani\u00e8re d\u00e9finitive.<\/p><\/blockquote>\n<p><img loading=\"lazy\" decoding=\"async\" class=\"aligncenter  wp-image-5952\" src=\"\/wp-content\/uploads\/2018\/02\/dessin-m\u00e8tres-d\u00e9cibels-texte-Copier.jpg\" alt=\"\" width=\"646\" height=\"653\" srcset=\"https:\/\/www.auditionsolidarite.org\/wp-content\/uploads\/2018\/02\/dessin-m\u00e8tres-d\u00e9cibels-texte-Copier.jpg 891w, https:\/\/www.auditionsolidarite.org\/wp-content\/uploads\/2018\/02\/dessin-m\u00e8tres-d\u00e9cibels-texte-Copier-297x300.jpg 297w, https:\/\/www.auditionsolidarite.org\/wp-content\/uploads\/2018\/02\/dessin-m\u00e8tres-d\u00e9cibels-texte-Copier-768x776.jpg 768w, https:\/\/www.auditionsolidarite.org\/wp-content\/uploads\/2018\/02\/dessin-m\u00e8tres-d\u00e9cibels-texte-Copier-90x90.jpg 90w, https:\/\/www.auditionsolidarite.org\/wp-content\/uploads\/2018\/02\/dessin-m\u00e8tres-d\u00e9cibels-texte-Copier-75x75.jpg 75w\" sizes=\"(max-width: 646px) 100vw, 646px\" \/>","protected":false},"excerpt":{"rendered":"<p>Tu aimes la musique ? Tu as des sifflements, des bourdonnements dans tes oreilles ? Ce n&#8217;est pas normal ! Les sifflements ou bourdonnements dans tes oreilles sont appel\u00e9s des acouph\u00e8nes, ils sont d\u00e9j\u00e0 le signe d&#8217;une fatigue auditive. Ton cerveau t\u2019envoie une alerte, \u00e9coute-le ! Si tes sifflements ou bourdonnements persistent, vite ! Consulte un m\u00e9decin ORL. L&#8217;oreille est<\/p>\n","protected":false},"author":10,"featured_media":0,"parent":0,"menu_order":0,"comment_status":"open","ping_status":"open","template":"","meta":{"footnotes":""},"acf":[],"yoast_head":"<!-- This site is optimized with the Yoast SEO plugin v21.9.1 - https:\/\/yoast.com\/wordpress\/plugins\/seo\/ -->\n<title>Des bons conseils - AuditionSolidarit\u00e9<\/title>\n<meta name=\"robots\" content=\"index, follow, max-snippet:-1, max-image-preview:large, max-video-preview:-1\" \/>\n<link rel=\"canonical\" href=\"https:\/\/www.auditionsolidarite.org\/fr\/des-bons-conseils\/\" \/>\n<meta property=\"og:locale\" content=\"fr_FR\" \/>\n<meta property=\"og:type\" content=\"article\" \/>\n<meta property=\"og:title\" content=\"Des bons conseils - AuditionSolidarit\u00e9\" \/>\n<meta property=\"og:description\" content=\"Tu aimes la musique ? Tu as des sifflements, des bourdonnements dans tes oreilles ? Ce n&#8217;est pas normal ! Les sifflements ou bourdonnements dans tes oreilles sont appel\u00e9s des acouph\u00e8nes, ils sont d\u00e9j\u00e0 le signe d&#8217;une fatigue auditive. Ton cerveau t\u2019envoie une alerte, \u00e9coute-le ! Si tes sifflements ou bourdonnements persistent, vite ! Consulte un m\u00e9decin ORL. L&#8217;oreille est\" \/>\n<meta property=\"og:url\" content=\"https:\/\/www.auditionsolidarite.org\/fr\/des-bons-conseils\/\" \/>\n<meta property=\"og:site_name\" content=\"AuditionSolidarit\u00e9\" \/>\n<meta property=\"article:modified_time\" content=\"2018-03-09T13:06:54+00:00\" \/>\n<meta property=\"og:image\" content=\"https:\/\/www.auditionsolidarite.org\/wp-content\/uploads\/2015\/07\/logo-audition-solidarite-e1446132259721.png\" \/>\n\t<meta property=\"og:image:width\" content=\"600\" \/>\n\t<meta property=\"og:image:height\" content=\"593\" \/>\n\t<meta property=\"og:image:type\" content=\"image\/png\" \/>\n<meta name=\"twitter:card\" content=\"summary_large_image\" \/>\n<meta name=\"twitter:label1\" content=\"Dur\u00e9e de lecture estim\u00e9e\" \/>\n\t<meta name=\"twitter:data1\" content=\"3 minutes\" \/>\n<script type=\"application\/ld+json\" class=\"yoast-schema-graph\">{\"@context\":\"https:\/\/schema.org\",\"@graph\":[{\"@type\":\"WebPage\",\"@id\":\"https:\/\/www.auditionsolidarite.org\/fr\/des-bons-conseils\/\",\"url\":\"https:\/\/www.auditionsolidarite.org\/fr\/des-bons-conseils\/\",\"name\":\"Des bons conseils - AuditionSolidarit\u00e9\",\"isPartOf\":{\"@id\":\"https:\/\/www.auditionsolidarite.org\/fr\/#website\"},\"datePublished\":\"2018-02-01T08:41:13+00:00\",\"dateModified\":\"2018-03-09T13:06:54+00:00\",\"breadcrumb\":{\"@id\":\"https:\/\/www.auditionsolidarite.org\/fr\/des-bons-conseils\/#breadcrumb\"},\"inLanguage\":\"fr-FR\",\"potentialAction\":[{\"@type\":\"ReadAction\",\"target\":[[\"https:\/\/www.auditionsolidarite.org\/fr\/des-bons-conseils\/\"]]}]},{\"@type\":\"BreadcrumbList\",\"@id\":\"https:\/\/www.auditionsolidarite.org\/fr\/des-bons-conseils\/#breadcrumb\",\"itemListElement\":[{\"@type\":\"ListItem\",\"position\":1,\"name\":\"Accueil\",\"item\":\"https:\/\/www.auditionsolidarite.org\/fr\/\"},{\"@type\":\"ListItem\",\"position\":2,\"name\":\"Des bons conseils\"}]},{\"@type\":\"WebSite\",\"@id\":\"https:\/\/www.auditionsolidarite.org\/fr\/#website\",\"url\":\"https:\/\/www.auditionsolidarite.org\/fr\/\",\"name\":\"AuditionSolidarit\u00e9\",\"description\":\"Le hasard n&#039;existe pas ! Si vous \u00eates l\u00e0 aujourd&#039;hui, c&#039;est que le monde de l&#039;audition vous touche... Alors merci d&#039;\u00eatre l\u00e0 !\",\"publisher\":{\"@id\":\"https:\/\/www.auditionsolidarite.org\/fr\/#organization\"},\"potentialAction\":[{\"@type\":\"SearchAction\",\"target\":{\"@type\":\"EntryPoint\",\"urlTemplate\":\"https:\/\/www.auditionsolidarite.org\/fr\/?s={search_term_string}\"},\"query-input\":\"required name=search_term_string\"}],\"inLanguage\":\"fr-FR\"},{\"@type\":\"Organization\",\"@id\":\"https:\/\/www.auditionsolidarite.org\/fr\/#organization\",\"name\":\"AuditionSolidarit\u00e9\",\"url\":\"https:\/\/www.auditionsolidarite.org\/fr\/\",\"logo\":{\"@type\":\"ImageObject\",\"inLanguage\":\"fr-FR\",\"@id\":\"https:\/\/www.auditionsolidarite.org\/fr\/#\/schema\/logo\/image\/\",\"url\":\"https:\/\/www.auditionsolidarite.org\/wp-content\/uploads\/2015\/07\/logo-audition-solidarite-e1446132259721.png\",\"contentUrl\":\"https:\/\/www.auditionsolidarite.org\/wp-content\/uploads\/2015\/07\/logo-audition-solidarite-e1446132259721.png\",\"width\":600,\"height\":593,\"caption\":\"AuditionSolidarit\u00e9\"},\"image\":{\"@id\":\"https:\/\/www.auditionsolidarite.org\/fr\/#\/schema\/logo\/image\/\"}}]}<\/script>\n<!-- \/ Yoast SEO plugin. -->","yoast_head_json":{"title":"Des bons conseils - AuditionSolidarit\u00e9","robots":{"index":"index","follow":"follow","max-snippet":"max-snippet:-1","max-image-preview":"max-image-preview:large","max-video-preview":"max-video-preview:-1"},"canonical":"https:\/\/www.auditionsolidarite.org\/fr\/des-bons-conseils\/","og_locale":"fr_FR","og_type":"article","og_title":"Des bons conseils - AuditionSolidarit\u00e9","og_description":"Tu aimes la musique ? Tu as des sifflements, des bourdonnements dans tes oreilles ? Ce n&#8217;est pas normal ! Les sifflements ou bourdonnements dans tes oreilles sont appel\u00e9s des acouph\u00e8nes, ils sont d\u00e9j\u00e0 le signe d&#8217;une fatigue auditive. Ton cerveau t\u2019envoie une alerte, \u00e9coute-le ! Si tes sifflements ou bourdonnements persistent, vite ! Consulte un m\u00e9decin ORL. L&#8217;oreille est","og_url":"https:\/\/www.auditionsolidarite.org\/fr\/des-bons-conseils\/","og_site_name":"AuditionSolidarit\u00e9","article_modified_time":"2018-03-09T13:06:54+00:00","og_image":[{"width":600,"height":593,"url":"https:\/\/www.auditionsolidarite.org\/wp-content\/uploads\/2015\/07\/logo-audition-solidarite-e1446132259721.png","type":"image\/png"}],"twitter_card":"summary_large_image","twitter_misc":{"Dur\u00e9e de lecture estim\u00e9e":"3 minutes"},"schema":{"@context":"https:\/\/schema.org","@graph":[{"@type":"WebPage","@id":"https:\/\/www.auditionsolidarite.org\/fr\/des-bons-conseils\/","url":"https:\/\/www.auditionsolidarite.org\/fr\/des-bons-conseils\/","name":"Des bons conseils - AuditionSolidarit\u00e9","isPartOf":{"@id":"https:\/\/www.auditionsolidarite.org\/fr\/#website"},"datePublished":"2018-02-01T08:41:13+00:00","dateModified":"2018-03-09T13:06:54+00:00","breadcrumb":{"@id":"https:\/\/www.auditionsolidarite.org\/fr\/des-bons-conseils\/#breadcrumb"},"inLanguage":"fr-FR","potentialAction":[{"@type":"ReadAction","target":[["https:\/\/www.auditionsolidarite.org\/fr\/des-bons-conseils\/"]]}]},{"@type":"BreadcrumbList","@id":"https:\/\/www.auditionsolidarite.org\/fr\/des-bons-conseils\/#breadcrumb","itemListElement":[{"@type":"ListItem","position":1,"name":"Accueil","item":"https:\/\/www.auditionsolidarite.org\/fr\/"},{"@type":"ListItem","position":2,"name":"Des bons conseils"}]},{"@type":"WebSite","@id":"https:\/\/www.auditionsolidarite.org\/fr\/#website","url":"https:\/\/www.auditionsolidarite.org\/fr\/","name":"AuditionSolidarit\u00e9","description":"Le hasard n&#039;existe pas ! Si vous \u00eates l\u00e0 aujourd&#039;hui, c&#039;est que le monde de l&#039;audition vous touche... Alors merci d&#039;\u00eatre l\u00e0 !","publisher":{"@id":"https:\/\/www.auditionsolidarite.org\/fr\/#organization"},"potentialAction":[{"@type":"SearchAction","target":{"@type":"EntryPoint","urlTemplate":"https:\/\/www.auditionsolidarite.org\/fr\/?s={search_term_string}"},"query-input":"required name=search_term_string"}],"inLanguage":"fr-FR"},{"@type":"Organization","@id":"https:\/\/www.auditionsolidarite.org\/fr\/#organization","name":"AuditionSolidarit\u00e9","url":"https:\/\/www.auditionsolidarite.org\/fr\/","logo":{"@type":"ImageObject","inLanguage":"fr-FR","@id":"https:\/\/www.auditionsolidarite.org\/fr\/#\/schema\/logo\/image\/","url":"https:\/\/www.auditionsolidarite.org\/wp-content\/uploads\/2015\/07\/logo-audition-solidarite-e1446132259721.png","contentUrl":"https:\/\/www.auditionsolidarite.org\/wp-content\/uploads\/2015\/07\/logo-audition-solidarite-e1446132259721.png","width":600,"height":593,"caption":"AuditionSolidarit\u00e9"},"image":{"@id":"https:\/\/www.auditionsolidarite.org\/fr\/#\/schema\/logo\/image\/"}}]}},"_links":{"self":[{"href":"https:\/\/www.auditionsolidarite.org\/fr\/wp-json\/wp\/v2\/pages\/5830"}],"collection":[{"href":"https:\/\/www.auditionsolidarite.org\/fr\/wp-json\/wp\/v2\/pages"}],"about":[{"href":"https:\/\/www.auditionsolidarite.org\/fr\/wp-json\/wp\/v2\/types\/page"}],"author":[{"embeddable":true,"href":"https:\/\/www.auditionsolidarite.org\/fr\/wp-json\/wp\/v2\/users\/10"}],"replies":[{"embeddable":true,"href":"https:\/\/www.auditionsolidarite.org\/fr\/wp-json\/wp\/v2\/comments?post=5830"}],"version-history":[{"count":3,"href":"https:\/\/www.auditionsolidarite.org\/fr\/wp-json\/wp\/v2\/pages\/5830\/revisions"}],"predecessor-version":[{"id":5953,"href":"https:\/\/www.auditionsolidarite.org\/fr\/wp-json\/wp\/v2\/pages\/5830\/revisions\/5953"}],"wp:attachment":[{"href":"https:\/\/www.auditionsolidarite.org\/fr\/wp-json\/wp\/v2\/media?parent=5830"}],"curies":[{"name":"wp","href":"https:\/\/api.w.org\/{rel}","templated":true}]}}