{"id":5732,"date":"2017-11-15T14:54:38","date_gmt":"2017-11-15T13:54:38","guid":{"rendered":"https:\/\/www.auditionsolidarite.org\/?page_id=5732"},"modified":"2017-11-15T14:54:38","modified_gmt":"2017-11-15T13:54:38","slug":"mission-humanitaire-maroc-agadir-2017","status":"publish","type":"page","link":"https:\/\/www.auditionsolidarite.org\/fr\/mission-humanitaire-maroc-agadir-2017\/","title":{"rendered":"Mission humanitaire Maroc &#8211; Agadir 2017"},"content":{"rendered":"<b>Du 12 au 19 mai 2017, AuditionSolidarit\u00e9 \u00e9tait de retour au Maroc, \u00e0 A\u00eft Melloul au centre d&#8217;enfants sourds et malentendants &#8220;Zohour&#8221;. Apr\u00e8s trois passages cons\u00e9cutifs en 2012,2013 et 2014, l&#8217;association avait laiss\u00e9 l&#8217;\u00e9cole autonome pendant trois ans. C&#8217;est donc pleine d&#8217;espoir et d\u2019excitation que l&#8217;\u00e9quipe fran\u00e7aise est retourn\u00e9e en mai 2017 dans la banlieue d&#8217;Agadir.<b><br \/>\n<\/b><b><br \/>\n<\/b><\/b><\/p>\n<p>168 enfants attendaient l&#8217;\u00e9quipe d&#8217;AuditionSolidarit\u00e9 compos\u00e9e d&#8217;un m\u00e9decin ORL, de cinq audioproth\u00e9sistes, de deux orthophonistes, d&#8217;un fabricant d&#8217;embouts, d&#8217;un musicien et de quatre logisticiens.<b> <\/b>La structures est tr\u00e8s belle : un vrai centre d\u2019audioproth\u00e8se a \u00e9t\u00e9 cr\u00e9\u00e9 au sein de l&#8217;\u00e9cole avec une salle d\u2019audiom\u00e9trie, une salle d\u2019appareillage, un espace fabrication d\u2019embouts, une salle d\u2019orthophonie avec la pr\u00e9sence de deux orthophonistes, c&#8217;est g\u00e9nial !<b> <b><br \/>\n<\/b><\/b><\/p>\n<p>Malgr\u00e9 ces belles infrastructures, l&#8217;\u00e9quipe a constat\u00e9 trop de pertes et de casse d&#8217;appareils auditifs en 3 ans, il faudra laiss\u00e9 l&#8217;\u00e9quipe marocaine moins longtemps en autonomie, un retour au centre Zohour est donc d\u00e9j\u00e0 pr\u00e9vu pour 2018. <b><br \/>\n<\/b><b><br \/>\n<\/b><\/p>\n<p>R\u00e9sum\u00e9 de la mission :<b><br \/>\n<\/b><strong>156<\/strong> enfants et <strong>6<\/strong> professeurs<b> <\/b>r\u00e9-appareill\u00e9s <b><br \/>\n<\/b><strong>209<\/strong> appareils auditifs d\u00e9livr\u00e9s <b><br \/>\n<\/b><strong>256<\/strong> embouts sur mesure fabriqu\u00e9s<b><br \/>\n<\/b><b><br \/>\n<\/b><\/p>\n<p><b>Formations d&#8217;\u00e9quipes marocaines \u00e0 chaque poste <\/b>(audiom\u00e9trie, prise d\u2019empreinte, r\u00e9glages des appareils, fabrication des embouts et orthophonie)<b><br \/>\n<\/b><strong>S\u00e9ance d\u2019orthophonie<\/strong> pour tous les \u00e9l\u00e8ves <b><br \/>\n<\/b><strong>Ateliers musicaux<\/strong> pour tous les \u00e9l\u00e8ves<b><\/b><\/p>\n<p><b><br \/>\n<\/b><b> <\/b><b><b> <\/b><\/b><\/p>\n<table>\n<tbody>\n<tr>\n<td style=\"text-align: center;\" colspan=\"3\"><strong>Mission Humanitaire au Maroc, Agadir &#8211; Mai 2017<\/strong><br \/>\n<iframe loading=\"lazy\" src=\"https:\/\/www.youtube.com\/embed\/XMG8ubNmiLM?ecver=1\" width=\"485\" height=\"306\" frameborder=\"0\" allowfullscreen=\"allowfullscreen\"><\/iframe><\/td>\n<\/tr>\n<tr>\n<td style=\"text-align: center;\"><strong><b><br \/>\n<\/b>Sandra Tandetnik<\/strong><b>, Audioproth\u00e9siste<\/b><br \/>\n<iframe loading=\"lazy\" src=\"https:\/\/www.youtube.com\/embed\/pc0cFqwOvMQ?ecver=1\" width=\"270\" height=\"170\" frameborder=\"0\" allowfullscreen=\"allowfullscreen\"><\/iframe><\/td>\n<td style=\"text-align: center;\"><strong><b><br \/>\n<\/b>Ludovic Delacour, Audioproth\u00e9siste<\/strong><br \/>\n<iframe loading=\"lazy\" src=\"https:\/\/www.youtube.com\/embed\/pVXXscmbFkQ?ecver=1\" width=\"270\" height=\"170\" frameborder=\"0\" allowfullscreen=\"allowfullscreen\"><\/iframe><\/td>\n<td style=\"text-align: center;\"><strong><b><br \/>\n<\/b>Fr\u00e9d\u00e9ric Bourget, Audioproth\u00e9siste<\/strong><br \/>\n<iframe loading=\"lazy\" src=\"https:\/\/www.youtube.com\/embed\/8EQCFGptzzU?ecver=1\" width=\"270\" height=\"170\" frameborder=\"0\" allowfullscreen=\"allowfullscreen\"><\/iframe><\/td>\n<\/tr>\n<tr>\n<td style=\"text-align: center;\"><strong><b><br \/>\n<\/b>Ana\u00efs Andrieu,<\/strong> <b>Orthophoniste<\/b><br \/>\n<iframe loading=\"lazy\" src=\"https:\/\/www.youtube.com\/embed\/GV_96eY3aV4?ecver=1\" width=\"270\" height=\"170\" frameborder=\"0\" allowfullscreen=\"allowfullscreen\"><\/iframe><\/td>\n<td style=\"text-align: center;\"><strong><b><br \/>\n<\/b>Dani\u00e8le Gardereau-Garcia, Audioproth\u00e9siste<\/strong><br \/>\n<iframe loading=\"lazy\" src=\"https:\/\/www.youtube.com\/embed\/TAYXSB9bXWQ?ecver=1\" width=\"270\" height=\"170\" frameborder=\"0\" allowfullscreen=\"allowfullscreen\"><\/iframe><\/td>\n<td style=\"text-align: center;\"><strong><b><br \/>\n<\/b>Jean-Pierre Fogel, Fabrication d&#8217;embouts<\/strong><br \/>\n<iframe loading=\"lazy\" src=\"https:\/\/www.youtube.com\/embed\/qfDGguC4xe0?ecver=1\" width=\"270\" height=\"170\" frameborder=\"0\" allowfullscreen=\"allowfullscreen\"><\/iframe><\/td>\n<\/tr>\n<tr>\n<td style=\"text-align: center;\"><strong><b><br \/>\n<\/b>Sylvie Claudin, ORL<\/strong><br \/>\n<iframe loading=\"lazy\" src=\"https:\/\/www.youtube.com\/embed\/B5uo5wwF2UQ?ecver=1\" width=\"270\" height=\"170\" frameborder=\"0\" allowfullscreen=\"allowfullscreen\"><\/iframe><\/td>\n<td style=\"text-align: center;\"><strong><b><br \/>\n<\/b>Florent Lagalice, Musicien<\/strong><br \/>\n<iframe loading=\"lazy\" src=\"https:\/\/www.youtube.com\/embed\/BQCaM-2k7Ns?ecver=1\" width=\"270\" height=\"170\" frameborder=\"0\" allowfullscreen=\"allowfullscreen\"><\/iframe><\/td>\n<td style=\"text-align: center;\"><strong><b><br \/>\n<\/b>Clara Afecto, <\/strong><b>Secr\u00e9tariat<br \/>\n<iframe loading=\"lazy\" src=\"https:\/\/www.youtube.com\/embed\/FclM6w4gSWM?ecver=1\" width=\"270\" height=\"170\" frameborder=\"0\" allowfullscreen=\"allowfullscreen\"><\/iframe><br \/>\n<\/b><\/td>\n<\/tr>\n<tr>\n<td style=\"text-align: center;\"><b><br \/>\n<\/b> <strong>Clotilde Faure, Orthophoniste<\/strong><strong><b> <\/b><b><br \/>\n<iframe loading=\"lazy\" src=\"https:\/\/www.youtube.com\/embed\/p96_uGjxDuk?ecver=1\" width=\"270\" height=\"170\" frameborder=\"0\" allowfullscreen=\"allowfullscreen\"><\/iframe><br \/>\n<\/b><\/strong><\/td>\n<td><\/td>\n<td><\/td>\n<\/tr>\n<\/tbody>\n<\/table>\n<p><b><img loading=\"lazy\" decoding=\"async\" class=\"aligncenter wp-image-5487\" src=\"\/wp-content\/uploads\/2015\/07\/Agadir-2017-164-Copier.jpg\" alt=\"\" width=\"580\" height=\"436\" srcset=\"https:\/\/www.auditionsolidarite.org\/wp-content\/uploads\/2015\/07\/Agadir-2017-164-Copier.jpg 1000w, https:\/\/www.auditionsolidarite.org\/wp-content\/uploads\/2015\/07\/Agadir-2017-164-Copier-300x225.jpg 300w, https:\/\/www.auditionsolidarite.org\/wp-content\/uploads\/2015\/07\/Agadir-2017-164-Copier-768x577.jpg 768w\" sizes=\"(max-width: 580px) 100vw, 580px\" \/><\/b><\/p>\n<p><b><br \/>\n<\/b>Merci aux audioproth\u00e9sistes Sandra Tandeknik, Fr\u00e9d\u00e9ric Bourget, Ludovic Delacour, Danielle Gardereau-Garcia et Christine Bourger<br \/>\nMerci aux orthophonistes, Clotilde Faure et Ana\u00efs Andrieu<br \/>\nMerci \u00e0 la fabricant d\u2019embouts, Jean-Pierre Fogel<br \/>\nMerci \u00e0 Clara Afecto pour le secr\u00e9tariat<b><br \/>\n<\/b>Merci \u00e0 Florent Lagalice pour les ateliers musicaux<b><br \/>\n<\/b><b>Merci \u00e0 la Fondation AIR FRANCE et \u00e0 la Fondation Tom&amp;Dominique ALBERICI pour leur pr\u00e9cieux soutien !<\/b><\/p>\n<p>Merci \u00e0 Mohamed et \u00e0 tous les professeurs !<br \/>\nMerci \u00e0 tous les enfants !<b><br \/>\n<\/b>","protected":false},"excerpt":{"rendered":"<p>Du 12 au 19 mai 2017, AuditionSolidarit\u00e9 \u00e9tait de retour au Maroc, \u00e0 A\u00eft Melloul au centre d&#8217;enfants sourds et malentendants &#8220;Zohour&#8221;. Apr\u00e8s trois passages cons\u00e9cutifs en 2012,2013 et 2014, l&#8217;association avait laiss\u00e9 l&#8217;\u00e9cole autonome pendant trois ans. C&#8217;est donc pleine d&#8217;espoir et d\u2019excitation que l&#8217;\u00e9quipe fran\u00e7aise est retourn\u00e9e en mai 2017 dans la banlieue d&#8217;Agadir. 168 enfants attendaient l&#8217;\u00e9quipe<\/p>\n","protected":false},"author":2,"featured_media":0,"parent":0,"menu_order":0,"comment_status":"closed","ping_status":"closed","template":"","meta":{"footnotes":""},"acf":[],"yoast_head":"<!-- This site is optimized with the Yoast SEO plugin v21.9.1 - https:\/\/yoast.com\/wordpress\/plugins\/seo\/ -->\n<title>Mission humanitaire Maroc - Agadir 2017 - AuditionSolidarit\u00e9<\/title>\n<meta name=\"robots\" content=\"index, follow, max-snippet:-1, max-image-preview:large, max-video-preview:-1\" \/>\n<link rel=\"canonical\" href=\"https:\/\/www.auditionsolidarite.org\/fr\/mission-humanitaire-maroc-agadir-2017\/\" \/>\n<meta property=\"og:locale\" content=\"fr_FR\" \/>\n<meta property=\"og:type\" content=\"article\" \/>\n<meta property=\"og:title\" content=\"Mission humanitaire Maroc - Agadir 2017 - AuditionSolidarit\u00e9\" \/>\n<meta property=\"og:description\" content=\"Du 12 au 19 mai 2017, AuditionSolidarit\u00e9 \u00e9tait de retour au Maroc, \u00e0 A\u00eft Melloul au centre d&#8217;enfants sourds et malentendants &#8220;Zohour&#8221;. Apr\u00e8s trois passages cons\u00e9cutifs en 2012,2013 et 2014, l&#8217;association avait laiss\u00e9 l&#8217;\u00e9cole autonome pendant trois ans. C&#8217;est donc pleine d&#8217;espoir et d\u2019excitation que l&#8217;\u00e9quipe fran\u00e7aise est retourn\u00e9e en mai 2017 dans la banlieue d&#8217;Agadir. 168 enfants attendaient l&#8217;\u00e9quipe\" \/>\n<meta property=\"og:url\" content=\"https:\/\/www.auditionsolidarite.org\/fr\/mission-humanitaire-maroc-agadir-2017\/\" \/>\n<meta property=\"og:site_name\" content=\"AuditionSolidarit\u00e9\" \/>\n<meta property=\"og:image\" content=\"https:\/\/www.auditionsolidarite.org\/wp-content\/uploads\/2015\/07\/logo-audition-solidarite-e1446132259721.png\" \/>\n\t<meta property=\"og:image:width\" content=\"600\" \/>\n\t<meta property=\"og:image:height\" content=\"593\" \/>\n\t<meta property=\"og:image:type\" content=\"image\/png\" \/>\n<meta name=\"twitter:card\" content=\"summary_large_image\" \/>\n<meta name=\"twitter:label1\" content=\"Dur\u00e9e de lecture estim\u00e9e\" \/>\n\t<meta name=\"twitter:data1\" content=\"2 minutes\" \/>\n<script type=\"application\/ld+json\" class=\"yoast-schema-graph\">{\"@context\":\"https:\/\/schema.org\",\"@graph\":[{\"@type\":\"WebPage\",\"@id\":\"https:\/\/www.auditionsolidarite.org\/fr\/mission-humanitaire-maroc-agadir-2017\/\",\"url\":\"https:\/\/www.auditionsolidarite.org\/fr\/mission-humanitaire-maroc-agadir-2017\/\",\"name\":\"Mission humanitaire Maroc - Agadir 2017 - AuditionSolidarit\u00e9\",\"isPartOf\":{\"@id\":\"https:\/\/www.auditionsolidarite.org\/fr\/#website\"},\"datePublished\":\"2017-11-15T13:54:38+00:00\",\"dateModified\":\"2017-11-15T13:54:38+00:00\",\"breadcrumb\":{\"@id\":\"https:\/\/www.auditionsolidarite.org\/fr\/mission-humanitaire-maroc-agadir-2017\/#breadcrumb\"},\"inLanguage\":\"fr-FR\",\"potentialAction\":[{\"@type\":\"ReadAction\",\"target\":[[\"https:\/\/www.auditionsolidarite.org\/fr\/mission-humanitaire-maroc-agadir-2017\/\"]]}]},{\"@type\":\"BreadcrumbList\",\"@id\":\"https:\/\/www.auditionsolidarite.org\/fr\/mission-humanitaire-maroc-agadir-2017\/#breadcrumb\",\"itemListElement\":[{\"@type\":\"ListItem\",\"position\":1,\"name\":\"Accueil\",\"item\":\"https:\/\/www.auditionsolidarite.org\/fr\/\"},{\"@type\":\"ListItem\",\"position\":2,\"name\":\"Mission humanitaire Maroc &#8211; Agadir 2017\"}]},{\"@type\":\"WebSite\",\"@id\":\"https:\/\/www.auditionsolidarite.org\/fr\/#website\",\"url\":\"https:\/\/www.auditionsolidarite.org\/fr\/\",\"name\":\"AuditionSolidarit\u00e9\",\"description\":\"Le hasard n&#039;existe pas ! Si vous \u00eates l\u00e0 aujourd&#039;hui, c&#039;est que le monde de l&#039;audition vous touche... Alors merci d&#039;\u00eatre l\u00e0 !\",\"publisher\":{\"@id\":\"https:\/\/www.auditionsolidarite.org\/fr\/#organization\"},\"potentialAction\":[{\"@type\":\"SearchAction\",\"target\":{\"@type\":\"EntryPoint\",\"urlTemplate\":\"https:\/\/www.auditionsolidarite.org\/fr\/?s={search_term_string}\"},\"query-input\":\"required name=search_term_string\"}],\"inLanguage\":\"fr-FR\"},{\"@type\":\"Organization\",\"@id\":\"https:\/\/www.auditionsolidarite.org\/fr\/#organization\",\"name\":\"AuditionSolidarit\u00e9\",\"url\":\"https:\/\/www.auditionsolidarite.org\/fr\/\",\"logo\":{\"@type\":\"ImageObject\",\"inLanguage\":\"fr-FR\",\"@id\":\"https:\/\/www.auditionsolidarite.org\/fr\/#\/schema\/logo\/image\/\",\"url\":\"https:\/\/www.auditionsolidarite.org\/wp-content\/uploads\/2015\/07\/logo-audition-solidarite-e1446132259721.png\",\"contentUrl\":\"https:\/\/www.auditionsolidarite.org\/wp-content\/uploads\/2015\/07\/logo-audition-solidarite-e1446132259721.png\",\"width\":600,\"height\":593,\"caption\":\"AuditionSolidarit\u00e9\"},\"image\":{\"@id\":\"https:\/\/www.auditionsolidarite.org\/fr\/#\/schema\/logo\/image\/\"}}]}<\/script>\n<!-- \/ Yoast SEO plugin. -->","yoast_head_json":{"title":"Mission humanitaire Maroc - Agadir 2017 - AuditionSolidarit\u00e9","robots":{"index":"index","follow":"follow","max-snippet":"max-snippet:-1","max-image-preview":"max-image-preview:large","max-video-preview":"max-video-preview:-1"},"canonical":"https:\/\/www.auditionsolidarite.org\/fr\/mission-humanitaire-maroc-agadir-2017\/","og_locale":"fr_FR","og_type":"article","og_title":"Mission humanitaire Maroc - Agadir 2017 - AuditionSolidarit\u00e9","og_description":"Du 12 au 19 mai 2017, AuditionSolidarit\u00e9 \u00e9tait de retour au Maroc, \u00e0 A\u00eft Melloul au centre d&#8217;enfants sourds et malentendants &#8220;Zohour&#8221;. Apr\u00e8s trois passages cons\u00e9cutifs en 2012,2013 et 2014, l&#8217;association avait laiss\u00e9 l&#8217;\u00e9cole autonome pendant trois ans. C&#8217;est donc pleine d&#8217;espoir et d\u2019excitation que l&#8217;\u00e9quipe fran\u00e7aise est retourn\u00e9e en mai 2017 dans la banlieue d&#8217;Agadir. 168 enfants attendaient l&#8217;\u00e9quipe","og_url":"https:\/\/www.auditionsolidarite.org\/fr\/mission-humanitaire-maroc-agadir-2017\/","og_site_name":"AuditionSolidarit\u00e9","og_image":[{"width":600,"height":593,"url":"https:\/\/www.auditionsolidarite.org\/wp-content\/uploads\/2015\/07\/logo-audition-solidarite-e1446132259721.png","type":"image\/png"}],"twitter_card":"summary_large_image","twitter_misc":{"Dur\u00e9e de lecture estim\u00e9e":"2 minutes"},"schema":{"@context":"https:\/\/schema.org","@graph":[{"@type":"WebPage","@id":"https:\/\/www.auditionsolidarite.org\/fr\/mission-humanitaire-maroc-agadir-2017\/","url":"https:\/\/www.auditionsolidarite.org\/fr\/mission-humanitaire-maroc-agadir-2017\/","name":"Mission humanitaire Maroc - Agadir 2017 - AuditionSolidarit\u00e9","isPartOf":{"@id":"https:\/\/www.auditionsolidarite.org\/fr\/#website"},"datePublished":"2017-11-15T13:54:38+00:00","dateModified":"2017-11-15T13:54:38+00:00","breadcrumb":{"@id":"https:\/\/www.auditionsolidarite.org\/fr\/mission-humanitaire-maroc-agadir-2017\/#breadcrumb"},"inLanguage":"fr-FR","potentialAction":[{"@type":"ReadAction","target":[["https:\/\/www.auditionsolidarite.org\/fr\/mission-humanitaire-maroc-agadir-2017\/"]]}]},{"@type":"BreadcrumbList","@id":"https:\/\/www.auditionsolidarite.org\/fr\/mission-humanitaire-maroc-agadir-2017\/#breadcrumb","itemListElement":[{"@type":"ListItem","position":1,"name":"Accueil","item":"https:\/\/www.auditionsolidarite.org\/fr\/"},{"@type":"ListItem","position":2,"name":"Mission humanitaire Maroc &#8211; Agadir 2017"}]},{"@type":"WebSite","@id":"https:\/\/www.auditionsolidarite.org\/fr\/#website","url":"https:\/\/www.auditionsolidarite.org\/fr\/","name":"AuditionSolidarit\u00e9","description":"Le hasard n&#039;existe pas ! Si vous \u00eates l\u00e0 aujourd&#039;hui, c&#039;est que le monde de l&#039;audition vous touche... Alors merci d&#039;\u00eatre l\u00e0 !","publisher":{"@id":"https:\/\/www.auditionsolidarite.org\/fr\/#organization"},"potentialAction":[{"@type":"SearchAction","target":{"@type":"EntryPoint","urlTemplate":"https:\/\/www.auditionsolidarite.org\/fr\/?s={search_term_string}"},"query-input":"required name=search_term_string"}],"inLanguage":"fr-FR"},{"@type":"Organization","@id":"https:\/\/www.auditionsolidarite.org\/fr\/#organization","name":"AuditionSolidarit\u00e9","url":"https:\/\/www.auditionsolidarite.org\/fr\/","logo":{"@type":"ImageObject","inLanguage":"fr-FR","@id":"https:\/\/www.auditionsolidarite.org\/fr\/#\/schema\/logo\/image\/","url":"https:\/\/www.auditionsolidarite.org\/wp-content\/uploads\/2015\/07\/logo-audition-solidarite-e1446132259721.png","contentUrl":"https:\/\/www.auditionsolidarite.org\/wp-content\/uploads\/2015\/07\/logo-audition-solidarite-e1446132259721.png","width":600,"height":593,"caption":"AuditionSolidarit\u00e9"},"image":{"@id":"https:\/\/www.auditionsolidarite.org\/fr\/#\/schema\/logo\/image\/"}}]}},"_links":{"self":[{"href":"https:\/\/www.auditionsolidarite.org\/fr\/wp-json\/wp\/v2\/pages\/5732"}],"collection":[{"href":"https:\/\/www.auditionsolidarite.org\/fr\/wp-json\/wp\/v2\/pages"}],"about":[{"href":"https:\/\/www.auditionsolidarite.org\/fr\/wp-json\/wp\/v2\/types\/page"}],"author":[{"embeddable":true,"href":"https:\/\/www.auditionsolidarite.org\/fr\/wp-json\/wp\/v2\/users\/2"}],"replies":[{"embeddable":true,"href":"https:\/\/www.auditionsolidarite.org\/fr\/wp-json\/wp\/v2\/comments?post=5732"}],"version-history":[{"count":1,"href":"https:\/\/www.auditionsolidarite.org\/fr\/wp-json\/wp\/v2\/pages\/5732\/revisions"}],"predecessor-version":[{"id":5733,"href":"https:\/\/www.auditionsolidarite.org\/fr\/wp-json\/wp\/v2\/pages\/5732\/revisions\/5733"}],"wp:attachment":[{"href":"https:\/\/www.auditionsolidarite.org\/fr\/wp-json\/wp\/v2\/media?parent=5732"}],"curies":[{"name":"wp","href":"https:\/\/api.w.org\/{rel}","templated":true}]}}