{"id":5282,"date":"2017-04-13T12:57:07","date_gmt":"2017-04-13T11:57:07","guid":{"rendered":"http:\/\/www.auditionsolidarite.org\/?page_id=5282"},"modified":"2017-11-23T14:55:46","modified_gmt":"2017-11-23T13:55:46","slug":"mission-paris-janvier-2017","status":"publish","type":"page","link":"https:\/\/www.auditionsolidarite.org\/fr\/mission-paris-janvier-2017\/","title":{"rendered":"H\u00f4tel-Dieu (Paris) &#8211; AP-HP &#8211; Janvier 2017"},"content":{"rendered":"<h6 style=\"text-align: justify;\">24 et 25 janvier 2017<b> : AuditionSolidarit\u00e9 et l&#8217;Assistance-Publique H\u00f4pitaux de Paris organisaient conjointement la premi\u00e8re mission &#8220;Audition&#8221; de l&#8217;ann\u00e9e aupr\u00e8s des personnes sourdes et malentendantes vivant dans la grande pr\u00e9carit\u00e9.<br \/>\n<\/b><b><br \/>\n<\/b><b> <\/b><b> <\/b><\/h6>\n<p style=\"text-align: justify;\">C&#8217;est la septi\u00e8me fois qu&#8217;AuditionSolidarit\u00e9 et l&#8217;Assistance-Publique H\u00f4pitaux de Paris collaborent ensemble afin d&#8217;appareiller les personnes sourdes et malentendantes vivant dans la grande pr\u00e9carit\u00e9. La mission s&#8217;est \u00e0 nouveau d\u00e9roul\u00e9e dans les locaux de l&#8217;H\u00f4tel-Dieu \u00e0 Paris les 24 et 25 janvier 2017. <b><br \/>\n<\/b><b><br \/>\n<\/b><\/p>\n<p style=\"text-align: justify;\">L&#8217;\u00e9quipe compos\u00e9e de professionnels de l&#8217;audition, tous m\u00e9c\u00e8nes de l&#8217;association (audioproth\u00e9sistes, m\u00e9decins ORL, orthophonistes et fabricant d&#8217;embouts) a accueilli 104 personnes, 34 d&#8217;entre elles ont \u00e9t\u00e9 appareill\u00e9es et 53 appareils auditifs, dont une grande partie est issue du recyclage, ont \u00e9t\u00e9 adapt\u00e9s.<b><br \/>\n<\/b><b><br \/>\n<\/b><\/p>\n<p style=\"text-align: justify;\">Le suivi des personnes appareill\u00e9es reste aussi un des enjeux majeurs de ces missions, ainsi 31 personnes d\u00e9j\u00e0 appareill\u00e9es lors de pr\u00e9c\u00e9dentes missions sont venues faire contr\u00f4ler leur appareillage.<b><br \/>\n<\/b><b><br \/>\n<\/b><b><\/b><\/p>\n<p>AuditionSolidarit\u00e9 et l&#8217;AP-HP seront de nouveau r\u00e9unis les 4 et 5 octobre pour une nouvelle mission \u00e0 l&#8217;H\u00f4tel-Dieu. <b><br \/>\n<\/b><b><br \/>\n<\/b><\/p>\n<p><strong>Mission r\u00e9ussie avec des \u00e9quipes solidaires : <b><br \/>\n<\/b><\/strong><br \/>\nMerci \u00e0 Pierre Constant, Julie Moreaux, Christian Brocard, Clarisse Pozzo Di Borgo et Christine Bourger, audioproth\u00e9sistes<\/p>\n<p>Merci \u00e0 Marc Raynal et Didier Bouccara, ORL<br \/>\nMerci \u00e0 Jean-Pierre Fogel pour la fabrication des embouts<br \/>\nMerci \u00e0 Clotilde Faure et Isabelle Prang, orthophonistes<br \/>\nMerci \u00e0 St\u00e9phane Jeanson, secr\u00e9tariat<\/p>\n<p>Merci \u00e0 M\u00e9lodie Ph\u00f4, l&#8217;\u00e9tudiante en audioproth\u00e8se<br \/>\nMerci \u00e0 Violaine et L\u00e6titia du Service Civique<\/p>\n<p>Merci \u00e0 toute l&#8217;\u00e9quipe de l&#8217;AP-HP<br \/>\nMerci \u00e0 Martin Hirsch<br \/>\nMerci \u00e0 toutes les associations qui se sont impliqu\u00e9es !<b><br \/>\n<\/b><b><br \/>\n<\/b><\/p>\n<p style=\"text-align: left;\"><strong>Et un grand MERCI \u00e0 la Fondation CARITAS FRANCE, la Fondation ZEPHYR et la Fondation Dominique&amp;Tom ALBERICI pour <\/strong><strong>leur pr\u00e9cieux soutien !<b><br \/>\n<\/b><\/strong><\/p>\n<p style=\"text-align: center;\"><strong><b><br \/>\n<\/b>Interviews de l&#8217;\u00e9quipe<\/strong><\/p>\n<table>\n<tbody>\n<tr>\n<td style=\"text-align: center;\"><strong>Pierre Constant &#8211; audioproth\u00e9siste<\/strong><br \/>\n<iframe loading=\"lazy\" src=\"https:\/\/www.youtube.com\/embed\/8qpWsDjyj_k\" width=\"200\" height=\"200\" frameborder=\"0\" allowfullscreen=\"allowfullscreen\"><\/iframe><\/td>\n<td style=\"text-align: center;\">\u00a0<strong>Julie Moreaux &#8211; audioproth\u00e9siste<\/strong><br \/>\n<iframe loading=\"lazy\" src=\"https:\/\/www.youtube.com\/embed\/SbU70jv-sdg\" width=\"200\" height=\"200\" frameborder=\"0\" allowfullscreen=\"allowfullscreen\"><\/iframe><\/td>\n<td style=\"text-align: center;\"><strong>Clarisse Pozzo Di Borgo &#8211; audioproth\u00e9siste<\/strong><br \/>\n<iframe loading=\"lazy\" src=\"https:\/\/www.youtube.com\/embed\/fBuDpfoko-4\" width=\"200\" height=\"200\" frameborder=\"0\" allowfullscreen=\"allowfullscreen\"><\/iframe><\/td>\n<\/tr>\n<tr>\n<td style=\"text-align: center;\"><strong>Christian Brocard &#8211; audioproth\u00e9siste<\/strong><br \/>\n<iframe loading=\"lazy\" src=\"https:\/\/www.youtube.com\/embed\/8PBLlcqQeRo?ecver=1\" width=\"200\" height=\"200\" frameborder=\"0\" allowfullscreen=\"allowfullscreen\"><\/iframe><\/td>\n<td style=\"text-align: center;\">\u00a0<strong>Jean-Pierre Fogel &#8211; Fabricant d&#8217;embouts<\/strong><br \/>\n<iframe loading=\"lazy\" src=\"https:\/\/www.youtube.com\/embed\/5_G7QM8Xgg4?ecver=1\" width=\"200\" height=\"200\" frameborder=\"0\" allowfullscreen=\"allowfullscreen\"><\/iframe><\/td>\n<td style=\"text-align: center;\">\u00a0<strong>St\u00e9phane Jeanson &#8211; Secr\u00e9tariat<\/strong><br \/>\n<iframe loading=\"lazy\" src=\"https:\/\/www.youtube.com\/embed\/A_QyCQ7ODy0?ecver=1\" width=\"200\" height=\"200\" frameborder=\"0\" allowfullscreen=\"allowfullscreen\"><\/iframe><\/td>\n<\/tr>\n<tr>\n<td style=\"text-align: center;\">\u00a0<strong>M\u00e9lodie Pho &#8211; Etudiante en audioproth\u00e8se<\/strong><br \/>\n<iframe loading=\"lazy\" src=\"https:\/\/www.youtube.com\/embed\/EuLXpr7Zfmc?ecver=1\" width=\"200\" height=\"200\" frameborder=\"0\" allowfullscreen=\"allowfullscreen\"><\/iframe><\/td>\n<td><\/td>\n<td><\/td>\n<\/tr>\n<\/tbody>\n<\/table>","protected":false},"excerpt":{"rendered":"<p>24 et 25 janvier 2017 : AuditionSolidarit\u00e9 et l&#8217;Assistance-Publique H\u00f4pitaux de Paris organisaient conjointement la premi\u00e8re mission &#8220;Audition&#8221; de l&#8217;ann\u00e9e aupr\u00e8s des personnes sourdes et malentendantes vivant dans la grande pr\u00e9carit\u00e9. C&#8217;est la septi\u00e8me fois qu&#8217;AuditionSolidarit\u00e9 et l&#8217;Assistance-Publique H\u00f4pitaux de Paris collaborent ensemble afin d&#8217;appareiller les personnes sourdes et malentendantes vivant dans la grande pr\u00e9carit\u00e9. La mission s&#8217;est \u00e0 nouveau<\/p>\n","protected":false},"author":2,"featured_media":0,"parent":0,"menu_order":0,"comment_status":"closed","ping_status":"closed","template":"","meta":{"footnotes":""},"acf":[],"yoast_head":"<!-- This site is optimized with the Yoast SEO plugin v21.9.1 - https:\/\/yoast.com\/wordpress\/plugins\/seo\/ -->\n<title>H\u00f4tel-Dieu (Paris) - AP-HP - Janvier 2017 - AuditionSolidarit\u00e9<\/title>\n<meta name=\"robots\" content=\"index, follow, max-snippet:-1, max-image-preview:large, max-video-preview:-1\" \/>\n<link rel=\"canonical\" href=\"https:\/\/www.auditionsolidarite.org\/fr\/mission-paris-janvier-2017\/\" \/>\n<meta property=\"og:locale\" content=\"fr_FR\" \/>\n<meta property=\"og:type\" content=\"article\" \/>\n<meta property=\"og:title\" content=\"H\u00f4tel-Dieu (Paris) - AP-HP - Janvier 2017 - AuditionSolidarit\u00e9\" \/>\n<meta property=\"og:description\" content=\"24 et 25 janvier 2017 : AuditionSolidarit\u00e9 et l&#8217;Assistance-Publique H\u00f4pitaux de Paris organisaient conjointement la premi\u00e8re mission &#8220;Audition&#8221; de l&#8217;ann\u00e9e aupr\u00e8s des personnes sourdes et malentendantes vivant dans la grande pr\u00e9carit\u00e9. C&#8217;est la septi\u00e8me fois qu&#8217;AuditionSolidarit\u00e9 et l&#8217;Assistance-Publique H\u00f4pitaux de Paris collaborent ensemble afin d&#8217;appareiller les personnes sourdes et malentendantes vivant dans la grande pr\u00e9carit\u00e9. La mission s&#8217;est \u00e0 nouveau\" \/>\n<meta property=\"og:url\" content=\"https:\/\/www.auditionsolidarite.org\/fr\/mission-paris-janvier-2017\/\" \/>\n<meta property=\"og:site_name\" content=\"AuditionSolidarit\u00e9\" \/>\n<meta property=\"article:modified_time\" content=\"2017-11-23T13:55:46+00:00\" \/>\n<meta property=\"og:image\" content=\"https:\/\/www.auditionsolidarite.org\/wp-content\/uploads\/2015\/07\/logo-audition-solidarite-e1446132259721.png\" \/>\n\t<meta property=\"og:image:width\" content=\"600\" \/>\n\t<meta property=\"og:image:height\" content=\"593\" \/>\n\t<meta property=\"og:image:type\" content=\"image\/png\" \/>\n<meta name=\"twitter:card\" content=\"summary_large_image\" \/>\n<meta name=\"twitter:label1\" content=\"Dur\u00e9e de lecture estim\u00e9e\" \/>\n\t<meta name=\"twitter:data1\" content=\"2 minutes\" \/>\n<script type=\"application\/ld+json\" class=\"yoast-schema-graph\">{\"@context\":\"https:\/\/schema.org\",\"@graph\":[{\"@type\":\"WebPage\",\"@id\":\"https:\/\/www.auditionsolidarite.org\/fr\/mission-paris-janvier-2017\/\",\"url\":\"https:\/\/www.auditionsolidarite.org\/fr\/mission-paris-janvier-2017\/\",\"name\":\"H\u00f4tel-Dieu (Paris) - AP-HP - Janvier 2017 - AuditionSolidarit\u00e9\",\"isPartOf\":{\"@id\":\"https:\/\/www.auditionsolidarite.org\/fr\/#website\"},\"datePublished\":\"2017-04-13T11:57:07+00:00\",\"dateModified\":\"2017-11-23T13:55:46+00:00\",\"breadcrumb\":{\"@id\":\"https:\/\/www.auditionsolidarite.org\/fr\/mission-paris-janvier-2017\/#breadcrumb\"},\"inLanguage\":\"fr-FR\",\"potentialAction\":[{\"@type\":\"ReadAction\",\"target\":[[\"https:\/\/www.auditionsolidarite.org\/fr\/mission-paris-janvier-2017\/\"]]}]},{\"@type\":\"BreadcrumbList\",\"@id\":\"https:\/\/www.auditionsolidarite.org\/fr\/mission-paris-janvier-2017\/#breadcrumb\",\"itemListElement\":[{\"@type\":\"ListItem\",\"position\":1,\"name\":\"Accueil\",\"item\":\"https:\/\/www.auditionsolidarite.org\/fr\/\"},{\"@type\":\"ListItem\",\"position\":2,\"name\":\"H\u00f4tel-Dieu (Paris) &#8211; AP-HP &#8211; Janvier 2017\"}]},{\"@type\":\"WebSite\",\"@id\":\"https:\/\/www.auditionsolidarite.org\/fr\/#website\",\"url\":\"https:\/\/www.auditionsolidarite.org\/fr\/\",\"name\":\"AuditionSolidarit\u00e9\",\"description\":\"Le hasard n&#039;existe pas ! Si vous \u00eates l\u00e0 aujourd&#039;hui, c&#039;est que le monde de l&#039;audition vous touche... Alors merci d&#039;\u00eatre l\u00e0 !\",\"publisher\":{\"@id\":\"https:\/\/www.auditionsolidarite.org\/fr\/#organization\"},\"potentialAction\":[{\"@type\":\"SearchAction\",\"target\":{\"@type\":\"EntryPoint\",\"urlTemplate\":\"https:\/\/www.auditionsolidarite.org\/fr\/?s={search_term_string}\"},\"query-input\":\"required name=search_term_string\"}],\"inLanguage\":\"fr-FR\"},{\"@type\":\"Organization\",\"@id\":\"https:\/\/www.auditionsolidarite.org\/fr\/#organization\",\"name\":\"AuditionSolidarit\u00e9\",\"url\":\"https:\/\/www.auditionsolidarite.org\/fr\/\",\"logo\":{\"@type\":\"ImageObject\",\"inLanguage\":\"fr-FR\",\"@id\":\"https:\/\/www.auditionsolidarite.org\/fr\/#\/schema\/logo\/image\/\",\"url\":\"https:\/\/www.auditionsolidarite.org\/wp-content\/uploads\/2015\/07\/logo-audition-solidarite-e1446132259721.png\",\"contentUrl\":\"https:\/\/www.auditionsolidarite.org\/wp-content\/uploads\/2015\/07\/logo-audition-solidarite-e1446132259721.png\",\"width\":600,\"height\":593,\"caption\":\"AuditionSolidarit\u00e9\"},\"image\":{\"@id\":\"https:\/\/www.auditionsolidarite.org\/fr\/#\/schema\/logo\/image\/\"}}]}<\/script>\n<!-- \/ Yoast SEO plugin. -->","yoast_head_json":{"title":"H\u00f4tel-Dieu (Paris) - AP-HP - Janvier 2017 - AuditionSolidarit\u00e9","robots":{"index":"index","follow":"follow","max-snippet":"max-snippet:-1","max-image-preview":"max-image-preview:large","max-video-preview":"max-video-preview:-1"},"canonical":"https:\/\/www.auditionsolidarite.org\/fr\/mission-paris-janvier-2017\/","og_locale":"fr_FR","og_type":"article","og_title":"H\u00f4tel-Dieu (Paris) - AP-HP - Janvier 2017 - AuditionSolidarit\u00e9","og_description":"24 et 25 janvier 2017 : AuditionSolidarit\u00e9 et l&#8217;Assistance-Publique H\u00f4pitaux de Paris organisaient conjointement la premi\u00e8re mission &#8220;Audition&#8221; de l&#8217;ann\u00e9e aupr\u00e8s des personnes sourdes et malentendantes vivant dans la grande pr\u00e9carit\u00e9. C&#8217;est la septi\u00e8me fois qu&#8217;AuditionSolidarit\u00e9 et l&#8217;Assistance-Publique H\u00f4pitaux de Paris collaborent ensemble afin d&#8217;appareiller les personnes sourdes et malentendantes vivant dans la grande pr\u00e9carit\u00e9. La mission s&#8217;est \u00e0 nouveau","og_url":"https:\/\/www.auditionsolidarite.org\/fr\/mission-paris-janvier-2017\/","og_site_name":"AuditionSolidarit\u00e9","article_modified_time":"2017-11-23T13:55:46+00:00","og_image":[{"width":600,"height":593,"url":"https:\/\/www.auditionsolidarite.org\/wp-content\/uploads\/2015\/07\/logo-audition-solidarite-e1446132259721.png","type":"image\/png"}],"twitter_card":"summary_large_image","twitter_misc":{"Dur\u00e9e de lecture estim\u00e9e":"2 minutes"},"schema":{"@context":"https:\/\/schema.org","@graph":[{"@type":"WebPage","@id":"https:\/\/www.auditionsolidarite.org\/fr\/mission-paris-janvier-2017\/","url":"https:\/\/www.auditionsolidarite.org\/fr\/mission-paris-janvier-2017\/","name":"H\u00f4tel-Dieu (Paris) - AP-HP - Janvier 2017 - AuditionSolidarit\u00e9","isPartOf":{"@id":"https:\/\/www.auditionsolidarite.org\/fr\/#website"},"datePublished":"2017-04-13T11:57:07+00:00","dateModified":"2017-11-23T13:55:46+00:00","breadcrumb":{"@id":"https:\/\/www.auditionsolidarite.org\/fr\/mission-paris-janvier-2017\/#breadcrumb"},"inLanguage":"fr-FR","potentialAction":[{"@type":"ReadAction","target":[["https:\/\/www.auditionsolidarite.org\/fr\/mission-paris-janvier-2017\/"]]}]},{"@type":"BreadcrumbList","@id":"https:\/\/www.auditionsolidarite.org\/fr\/mission-paris-janvier-2017\/#breadcrumb","itemListElement":[{"@type":"ListItem","position":1,"name":"Accueil","item":"https:\/\/www.auditionsolidarite.org\/fr\/"},{"@type":"ListItem","position":2,"name":"H\u00f4tel-Dieu (Paris) &#8211; AP-HP &#8211; Janvier 2017"}]},{"@type":"WebSite","@id":"https:\/\/www.auditionsolidarite.org\/fr\/#website","url":"https:\/\/www.auditionsolidarite.org\/fr\/","name":"AuditionSolidarit\u00e9","description":"Le hasard n&#039;existe pas ! Si vous \u00eates l\u00e0 aujourd&#039;hui, c&#039;est que le monde de l&#039;audition vous touche... Alors merci d&#039;\u00eatre l\u00e0 !","publisher":{"@id":"https:\/\/www.auditionsolidarite.org\/fr\/#organization"},"potentialAction":[{"@type":"SearchAction","target":{"@type":"EntryPoint","urlTemplate":"https:\/\/www.auditionsolidarite.org\/fr\/?s={search_term_string}"},"query-input":"required name=search_term_string"}],"inLanguage":"fr-FR"},{"@type":"Organization","@id":"https:\/\/www.auditionsolidarite.org\/fr\/#organization","name":"AuditionSolidarit\u00e9","url":"https:\/\/www.auditionsolidarite.org\/fr\/","logo":{"@type":"ImageObject","inLanguage":"fr-FR","@id":"https:\/\/www.auditionsolidarite.org\/fr\/#\/schema\/logo\/image\/","url":"https:\/\/www.auditionsolidarite.org\/wp-content\/uploads\/2015\/07\/logo-audition-solidarite-e1446132259721.png","contentUrl":"https:\/\/www.auditionsolidarite.org\/wp-content\/uploads\/2015\/07\/logo-audition-solidarite-e1446132259721.png","width":600,"height":593,"caption":"AuditionSolidarit\u00e9"},"image":{"@id":"https:\/\/www.auditionsolidarite.org\/fr\/#\/schema\/logo\/image\/"}}]}},"_links":{"self":[{"href":"https:\/\/www.auditionsolidarite.org\/fr\/wp-json\/wp\/v2\/pages\/5282"}],"collection":[{"href":"https:\/\/www.auditionsolidarite.org\/fr\/wp-json\/wp\/v2\/pages"}],"about":[{"href":"https:\/\/www.auditionsolidarite.org\/fr\/wp-json\/wp\/v2\/types\/page"}],"author":[{"embeddable":true,"href":"https:\/\/www.auditionsolidarite.org\/fr\/wp-json\/wp\/v2\/users\/2"}],"replies":[{"embeddable":true,"href":"https:\/\/www.auditionsolidarite.org\/fr\/wp-json\/wp\/v2\/comments?post=5282"}],"version-history":[{"count":3,"href":"https:\/\/www.auditionsolidarite.org\/fr\/wp-json\/wp\/v2\/pages\/5282\/revisions"}],"predecessor-version":[{"id":5753,"href":"https:\/\/www.auditionsolidarite.org\/fr\/wp-json\/wp\/v2\/pages\/5282\/revisions\/5753"}],"wp:attachment":[{"href":"https:\/\/www.auditionsolidarite.org\/fr\/wp-json\/wp\/v2\/media?parent=5282"}],"curies":[{"name":"wp","href":"https:\/\/api.w.org\/{rel}","templated":true}]}}