{"id":52,"date":"2015-07-07T14:11:26","date_gmt":"2015-07-07T13:11:26","guid":{"rendered":"http:\/\/localhost\/auditionsolidarite.org\/?page_id=52"},"modified":"2024-06-12T09:10:18","modified_gmt":"2024-06-12T08:10:18","slug":"donnez-votre-ancien-appareil-auditif","status":"publish","type":"page","link":"https:\/\/www.auditionsolidarite.org\/fr\/donnez-votre-ancien-appareil-auditif\/","title":{"rendered":"Donnez votre appareil auditif"},"content":{"rendered":"<p style=\"text-align: left;\">AuditionSolidarit\u00e9 r\u00e9cup\u00e8re et recycle pour ses missions humanitaires tous les contours auditifs.<\/p>\n<p style=\"text-align: left;\">Vous souhaitez donner un appareil auditif,<\/p>\n<blockquote>\n<h4 style=\"text-align: left;\"><img loading=\"lazy\" decoding=\"async\" class=\"wp-image-1153 size-full alignnone\" src=\"\/wp-content\/uploads\/2015\/07\/mail59.png\" alt=\"mail59\" width=\"64\" height=\"64\" \/>\u00a0 \u00a0<span style=\"color: #0071c1;\"> Envoyez votre ancien appareil auditif par courrier \u00e0 :<\/span><\/h4>\n<p style=\"text-align: center;\"><span style=\"color: #0071c1;\"><b><br \/>\n<\/b><\/span><strong>Audition Solidarit\u00e9<\/strong><\/p>\n<p style=\"text-align: center;\"><strong> 1 impasse des M\u00e9sanges<\/strong><\/p>\n<p style=\"text-align: center;\"><strong> 40180 Yzosse<\/strong><\/p>\n<p style=\"text-align: center;\"><strong><span style=\"color: #808080;\"><em><b><br \/>\n<\/b>Merci de nous indiquer votre adresse mail dans votre courrier<br \/>\n<\/em><\/span><\/strong><\/p>\n<\/blockquote>\n<blockquote>\n<h4 style=\"text-align: left;\"><span style=\"color: #0071c1;\"><img loading=\"lazy\" decoding=\"async\" class=\"wp-image-1179 size-full alignnone\" src=\"\/wp-content\/uploads\/2015\/07\/box17.png\" alt=\"box17\" width=\"64\" height=\"64\" \/> \u00a0\u00a0Ou d\u00e9posez votre ancien appareil auditif chez un de nos audioproth\u00e9sistes solidaires<b><br \/>\n<\/b><b><br \/>\n<\/b><b><\/b><\/span><b><\/b><\/h4>\n<p>Qu&#8217;est-ce qu&#8217;un Audioproth\u00e9siste Solidaire ?<b><br \/>\n<\/b><\/p>\n<p>C&#8217;est un audioproth\u00e9siste qui soutient activement l&#8217;association AuditionSolidarit\u00e9.<\/p>\n<p><b><b><br \/>\n<\/b>\u00a0<\/b><strong>&#8211; <\/strong>Il reverse 10\u20ac \u00e0 AuditionSolidarit\u00e9 par appareil auditif vendu.<b><br \/>\n<\/b><b>&#8211; <\/b>Il r\u00e9cup\u00e8re et transmet votre ancien appareil auditif \u00e0 AuditionSolidarit\u00e9 qui le recycle pour ses missions humanitaires.<b><br \/>\n<\/b><b>&#8211; <\/b>Il participe aux missions humanitaires et aux actions de pr\u00e9vention d&#8217;AuditionSolidarit\u00e9.<\/p><\/blockquote>\n<p><em>Plus de 410 points solidaires r\u00e9partis partout en France et dans les DOM-TOM : cliquez sur votre r\u00e9gion !<b><br \/>\n<\/b><b><br \/>\n<\/b><\/em><span style=\"color: #0071c1;\"><strong>&gt; Cliquez sur votre r\u00e9gion pour connaitre leurs adresses.<\/strong><\/span><\/p>\n<div style=\"overflow: scroll; width: 820px !important; height: 850px !important;\"><img loading=\"lazy\" decoding=\"async\" class=\"alignnone wp-image-5380 size-full\" style=\"width: 809px !important; height: 830px !important;\" src=\"\/wp-content\/uploads\/2015\/07\/CarteBos_809x830.jpg\" alt=\"\" usemap=\"#map\" width=\"809\" height=\"830\" srcset=\"https:\/\/www.auditionsolidarite.org\/wp-content\/uploads\/2015\/07\/CarteBos_809x830.jpg 809w, https:\/\/www.auditionsolidarite.org\/wp-content\/uploads\/2015\/07\/CarteBos_809x830-292x300.jpg 292w, https:\/\/www.auditionsolidarite.org\/wp-content\/uploads\/2015\/07\/CarteBos_809x830-768x788.jpg 768w\" sizes=\"(max-width: 809px) 100vw, 809px\" \/><\/div>\n<map name=\"map\">\n<area alt=\"Bretagne \" coords=\"324,160,334,172,324,175,325,183,360,201,380,215,392,204,421,200,431,172,413,164,388,161,380,166,372,150,349,154\" shape=\"poly\" href=\"points-solidaires?Pays=FR&amp;Departement[]=22&amp;Departement[]=29&amp;Departement[]=35&amp;Departement[]=56\" \/>\n<area alt=\"Pays de la Loire \" coords=\"395,218,392,228,398,254,414,275,434,268,426,239,465,235,469,213,482,202,486,187,434,170,430,198,402,208,397,217\" shape=\"poly\" href=\"points-solidaires?Pays=FR&amp;Departement[]=44&amp;Departement[]=49&amp;Departement[]=53&amp;Departement[]=72&amp;Departement[]=85\" \/>\n<area alt=\"Aquitaine, Poitou-Charente et Limousin \" coords=\"416,281,415,333,404,392,390,404,425,432,439,410,432,390,472,381,491,344,503,347,528,333,533,309,531,288,510,279,487,271,466,243,435,242,440,267,431,275\" shape=\"poly\" href=\"points-solidaires?Pays=FR&amp;Departement[]=24&amp;Departement[]=33&amp;Departement[]=40&amp;Departement[]=47&amp;Departement[]=64&amp;Departement[]=16&amp;Departement[]=17&amp;Departement[]=79&amp;Departement[]=86&amp;Departement[]=19&amp;Departement[]=23&amp;Departement[]=87\" \/>\n<area alt=\"Languedoc-Roussillon et Midi-Pyr\u00e9n\u00e9es \" coords=\"475,385,495,354,513,355,520,366,536,355,563,351,582,372,610,378,604,404,590,413,556,418,539,436,542,454,498,453,478,437,433,434,450,411,442,392,476,386\" shape=\"poly\" href=\"points-solidaires?Pays=FR&amp;Departement[]=11&amp;Departement[]=30&amp;Departement[]=34&amp;Departement[]=48&amp;Departement[]=66&amp;Departement[]=9&amp;Departement[]=12&amp;Departement[]=31&amp;Departement[]=32&amp;Departement[]=46&amp;Departement[]=65&amp;Departement[]=81&amp;Departement[]=82\" \/>\n<area alt=\"Provence Alpes C\u00f4te d'Azur \" coords=\"602,417,640,434,664,432,704,392,676,379,685,362,669,346,635,371,633,388,611,381,613,400,601,417\" shape=\"poly\" href=\"points-solidaires?Pays=FR&amp;Departement[]=4&amp;Departement[]=5&amp;Departement[]=6&amp;Departement[]=13&amp;Departement[]=83&amp;Departement[]=84\" \/>\n<area alt=\"Corse \" coords=\"714,436,705,452,693,456,696,479,711,502,714,480,721,467,717,437\" shape=\"poly\" href=\"points-solidaires?Pays=FR&amp;Departement[]=2A&amp;Departement[]=2B\" \/>\n<area alt=\"Auvergne et Rh\u00f4ne-Alpes \" coords=\"530,279,552,267,580,276,581,292,612,277,673,285,684,328,634,364,631,381,579,363,570,346,544,341,529,353,520,342,535,319,538,293,529,283,529,281\" shape=\"poly\" href=\"points-solidaires?Pays=FR&amp;Departement[]=3&amp;Departement[]=15&amp;Departement[]=43&amp;Departement[]=63&amp;Departement[]=1&amp;Departement[]=7&amp;Departement[]=26&amp;Departement[]=38&amp;Departement[]=42&amp;Departement[]=69&amp;Departement[]=73&amp;Departement[]=74\" \/>\n<area alt=\"Suisse\" coords=\"665,274,686,236,708,225,748,225,744,244,765,249,762,269,747,287,733,283,720,294,712,287,696,299,684,297,681,279,664,277\" shape=\"poly\" href=\"points-solidaires?Pays=CH\" \/>\n<area alt=\"Bourgogne et Franche-Comt\u00e9 \" coords=\"552,204,555,260,584,269,585,283,615,271,657,275,681,236,658,217,637,216,622,222,613,223,600,208,584,211,564,194,565,194\" shape=\"poly\" href=\"points-solidaires?Pays=FR&amp;Departement[]=21&amp;Departement[]=58&amp;Departement[]=71&amp;Departement[]=89&amp;Departement[]=25&amp;Departement[]=39&amp;Departement[]=70&amp;Departement[]=90&amp; \" \/>\n<area alt=\"Centre-Val de Loire \" coords=\"496,178,488,217,473,223,470,240,493,271,523,274,546,260,544,202,532,195,523,194,508,169\" shape=\"poly\" href=\"points-solidaires?Pays=FR&amp;Departement[]=18&amp;Departement[]=28&amp;Departement[]=36&amp;Departement[]=37&amp;Departement[]=41&amp;Departement[]=45\" \/>\n<area alt=\"Haute-Normandie et Basse-Normandie \" coords=\"419,122,423,161,489,182,494,166,510,153,515,143,507,108,476,126,481,134,463,138,434,131,432,118\" shape=\"poly\" href=\"points-solidaires?Pays=FR&amp;Departement[]=27&amp;Departement[]=76&amp;Departement[]=14&amp;Departement[]=50&amp;Departement[]=61\" \/>\n<area alt=\"Ile de France \" coords=\"514,161,529,184,544,186,552,195,566,186,569,167,560,156,520,152,516,155\" shape=\"poly\" href=\"points-solidaires?Pays=FR&amp;Departement[]=75&amp;Departement[]=77&amp;Departement[]=78&amp;Departement[]=91&amp;Departement[]=92&amp;Departement[]=93&amp;Departement[]=94&amp;Departement[]=95\" \/>\n<area alt=\"Nord-Pas-de-Calais et Picardie \" coords=\"520,71,512,104,523,144,515,142,554,147,571,162,583,137,591,112,564,76,553,75,549,64,523,69\" shape=\"poly\" href=\"points-solidaires?Pays=FR&amp;Departement[]=59&amp;Departement[]=62&amp;Departement[]=2&amp;Departement[]=60&amp;Departement[]=80\" \/>\n<area alt=\"Alsace, Champagne-Ardenne et Lorraine \" coords=\"599,119,618,116,629,138,660,137,675,148,690,149,705,154,700,216,681,231,660,205,638,205,623,210,618,210,603,197,583,205,567,188,572,165,588,147,595,124\" shape=\"poly\" href=\"points-solidaires?Pays=FR&amp;Departement[]=67&amp;Departement[]=68&amp;Departement[]=54&amp;Departement[]=55&amp;Departement[]=57&amp;Departement[]=88&amp;Departement[]=8&amp;Departement[]=10&amp;Departement[]=51&amp;Departement[]=52\" \/>\n<area alt=\"Belgique \" coords=\"553,56,569,47,601,49,619,89,612,102,592,107,588,93,567,72,554,70,551,58\" shape=\"poly\" href=\"points-solidaires?Pays=BE\" \/>\n<area alt=\"Martinique\" coords=\"231,720,217,730,205,730,200,734,205,744,197,751,205,773,230,800,270,797,275,778,384,776,384,754,276,756,255,726\" shape=\"poly\" href=\"points-solidaires?Pays=FR&amp;Departement[]=974\" \/>\n<area alt=\"Guadeloupe\" coords=\"65,399,60,415,73,425,71,443,100,448,106,462,91,465,89,476,95,486,112,480,125,476,131,489,137,471,304,468,310,452,130,451,118,439,115,425,117,413,104,418,98,409,84,399,71,397\" shape=\"poly\" href=\"points-solidaires?Pays=FR&amp;Departement[]=972\" \/>\n<area alt=\"R\u00e9union\" coords=\"81,588,71,607,79,620,77,644,89,662,97,685,107,685,115,636,165,610,151,663,154,675,173,674,184,641,327,643,338,617,206,592,144,591,142,572,128,564,117,578,125,588,117,604,100,596\" shape=\"poly\" href=\"points-solidaires?Pays=FR&amp;Departement[]=971\" \/><\/map>\n<p>&nbsp;<\/p>\n<table style=\"border-collapse: collapse; width: 100%;\" border=\"1\">\n<tbody>\n<tr>\n<td style=\"width: 50%;\"><img loading=\"lazy\" decoding=\"async\" class=\"aligncenter wp-image-10018\" src=\"\/\/www.auditionsolidarite.org\/wp-content\/uploads\/2024\/06\/Atelier-BD.jpg\" alt=\"\" width=\"400\" height=\"300\" srcset=\"https:\/\/www.auditionsolidarite.org\/wp-content\/uploads\/2024\/06\/Atelier-BD.jpg 800w, https:\/\/www.auditionsolidarite.org\/wp-content\/uploads\/2024\/06\/Atelier-BD-300x225.jpg 300w, https:\/\/www.auditionsolidarite.org\/wp-content\/uploads\/2024\/06\/Atelier-BD-768x576.jpg 768w\" sizes=\"(max-width: 400px) 100vw, 400px\" \/><\/td>\n<td style=\"width: 50%;\"><img loading=\"lazy\" decoding=\"async\" class=\"aligncenter wp-image-10017\" src=\"\/\/www.auditionsolidarite.org\/wp-content\/uploads\/2024\/06\/Atelier-2-BD.jpg\" alt=\"\" width=\"400\" height=\"300\" srcset=\"https:\/\/www.auditionsolidarite.org\/wp-content\/uploads\/2024\/06\/Atelier-2-BD.jpg 800w, https:\/\/www.auditionsolidarite.org\/wp-content\/uploads\/2024\/06\/Atelier-2-BD-300x225.jpg 300w, https:\/\/www.auditionsolidarite.org\/wp-content\/uploads\/2024\/06\/Atelier-2-BD-768x576.jpg 768w\" sizes=\"(max-width: 400px) 100vw, 400px\" \/><\/td>\n<\/tr>\n<\/tbody>\n<\/table>","protected":false},"excerpt":{"rendered":"<p>AuditionSolidarit\u00e9 r\u00e9cup\u00e8re et recycle pour ses missions humanitaires tous les contours auditifs. Vous souhaitez donner un appareil auditif, \u00a0 \u00a0 Envoyez votre ancien appareil auditif par courrier \u00e0 : Audition Solidarit\u00e9 1 impasse des M\u00e9sanges 40180 Yzosse Merci de nous indiquer votre adresse mail dans votre courrier \u00a0\u00a0Ou d\u00e9posez votre ancien appareil auditif chez un de nos audioproth\u00e9sistes solidaires Qu&#8217;est-ce<\/p>\n","protected":false},"author":10,"featured_media":0,"parent":0,"menu_order":0,"comment_status":"closed","ping_status":"closed","template":"","meta":{"footnotes":""},"acf":[],"yoast_head":"<!-- This site is optimized with the Yoast SEO plugin v21.9.1 - https:\/\/yoast.com\/wordpress\/plugins\/seo\/ -->\n<title>Donnez votre appareil auditif - AuditionSolidarit\u00e9<\/title>\n<meta name=\"robots\" content=\"index, follow, max-snippet:-1, max-image-preview:large, max-video-preview:-1\" \/>\n<link rel=\"canonical\" href=\"https:\/\/www.auditionsolidarite.org\/fr\/donnez-votre-ancien-appareil-auditif\/\" \/>\n<meta property=\"og:locale\" content=\"fr_FR\" \/>\n<meta property=\"og:type\" content=\"article\" \/>\n<meta property=\"og:title\" content=\"Donnez votre appareil auditif - AuditionSolidarit\u00e9\" \/>\n<meta property=\"og:description\" content=\"AuditionSolidarit\u00e9 r\u00e9cup\u00e8re et recycle pour ses missions humanitaires tous les contours auditifs. Vous souhaitez donner un appareil auditif, \u00a0 \u00a0 Envoyez votre ancien appareil auditif par courrier \u00e0 : Audition Solidarit\u00e9 1 impasse des M\u00e9sanges 40180 Yzosse Merci de nous indiquer votre adresse mail dans votre courrier \u00a0\u00a0Ou d\u00e9posez votre ancien appareil auditif chez un de nos audioproth\u00e9sistes solidaires Qu&#8217;est-ce\" \/>\n<meta property=\"og:url\" content=\"https:\/\/www.auditionsolidarite.org\/fr\/donnez-votre-ancien-appareil-auditif\/\" \/>\n<meta property=\"og:site_name\" content=\"AuditionSolidarit\u00e9\" \/>\n<meta property=\"article:modified_time\" content=\"2024-06-12T08:10:18+00:00\" \/>\n<meta property=\"og:image\" content=\"https:\/\/www.auditionsolidarite.org\/wp-content\/uploads\/2015\/07\/logo-audition-solidarite-e1446132259721.png\" \/>\n\t<meta property=\"og:image:width\" content=\"600\" \/>\n\t<meta property=\"og:image:height\" content=\"593\" \/>\n\t<meta property=\"og:image:type\" content=\"image\/png\" \/>\n<meta name=\"twitter:card\" content=\"summary_large_image\" \/>\n<meta name=\"twitter:label1\" content=\"Dur\u00e9e de lecture estim\u00e9e\" \/>\n\t<meta name=\"twitter:data1\" content=\"1 minute\" \/>\n<script type=\"application\/ld+json\" class=\"yoast-schema-graph\">{\"@context\":\"https:\/\/schema.org\",\"@graph\":[{\"@type\":\"WebPage\",\"@id\":\"https:\/\/www.auditionsolidarite.org\/fr\/donnez-votre-ancien-appareil-auditif\/\",\"url\":\"https:\/\/www.auditionsolidarite.org\/fr\/donnez-votre-ancien-appareil-auditif\/\",\"name\":\"Donnez votre appareil auditif - AuditionSolidarit\u00e9\",\"isPartOf\":{\"@id\":\"https:\/\/www.auditionsolidarite.org\/fr\/#website\"},\"datePublished\":\"2015-07-07T13:11:26+00:00\",\"dateModified\":\"2024-06-12T08:10:18+00:00\",\"breadcrumb\":{\"@id\":\"https:\/\/www.auditionsolidarite.org\/fr\/donnez-votre-ancien-appareil-auditif\/#breadcrumb\"},\"inLanguage\":\"fr-FR\",\"potentialAction\":[{\"@type\":\"ReadAction\",\"target\":[[\"https:\/\/www.auditionsolidarite.org\/fr\/donnez-votre-ancien-appareil-auditif\/\"]]}]},{\"@type\":\"BreadcrumbList\",\"@id\":\"https:\/\/www.auditionsolidarite.org\/fr\/donnez-votre-ancien-appareil-auditif\/#breadcrumb\",\"itemListElement\":[{\"@type\":\"ListItem\",\"position\":1,\"name\":\"Accueil\",\"item\":\"https:\/\/www.auditionsolidarite.org\/fr\/\"},{\"@type\":\"ListItem\",\"position\":2,\"name\":\"Donnez votre appareil auditif\"}]},{\"@type\":\"WebSite\",\"@id\":\"https:\/\/www.auditionsolidarite.org\/fr\/#website\",\"url\":\"https:\/\/www.auditionsolidarite.org\/fr\/\",\"name\":\"AuditionSolidarit\u00e9\",\"description\":\"Le hasard n&#039;existe pas ! Si vous \u00eates l\u00e0 aujourd&#039;hui, c&#039;est que le monde de l&#039;audition vous touche... Alors merci d&#039;\u00eatre l\u00e0 !\",\"publisher\":{\"@id\":\"https:\/\/www.auditionsolidarite.org\/fr\/#organization\"},\"potentialAction\":[{\"@type\":\"SearchAction\",\"target\":{\"@type\":\"EntryPoint\",\"urlTemplate\":\"https:\/\/www.auditionsolidarite.org\/fr\/?s={search_term_string}\"},\"query-input\":\"required name=search_term_string\"}],\"inLanguage\":\"fr-FR\"},{\"@type\":\"Organization\",\"@id\":\"https:\/\/www.auditionsolidarite.org\/fr\/#organization\",\"name\":\"AuditionSolidarit\u00e9\",\"url\":\"https:\/\/www.auditionsolidarite.org\/fr\/\",\"logo\":{\"@type\":\"ImageObject\",\"inLanguage\":\"fr-FR\",\"@id\":\"https:\/\/www.auditionsolidarite.org\/fr\/#\/schema\/logo\/image\/\",\"url\":\"https:\/\/www.auditionsolidarite.org\/wp-content\/uploads\/2015\/07\/logo-audition-solidarite-e1446132259721.png\",\"contentUrl\":\"https:\/\/www.auditionsolidarite.org\/wp-content\/uploads\/2015\/07\/logo-audition-solidarite-e1446132259721.png\",\"width\":600,\"height\":593,\"caption\":\"AuditionSolidarit\u00e9\"},\"image\":{\"@id\":\"https:\/\/www.auditionsolidarite.org\/fr\/#\/schema\/logo\/image\/\"}}]}<\/script>\n<!-- \/ Yoast SEO plugin. -->","yoast_head_json":{"title":"Donnez votre appareil auditif - AuditionSolidarit\u00e9","robots":{"index":"index","follow":"follow","max-snippet":"max-snippet:-1","max-image-preview":"max-image-preview:large","max-video-preview":"max-video-preview:-1"},"canonical":"https:\/\/www.auditionsolidarite.org\/fr\/donnez-votre-ancien-appareil-auditif\/","og_locale":"fr_FR","og_type":"article","og_title":"Donnez votre appareil auditif - AuditionSolidarit\u00e9","og_description":"AuditionSolidarit\u00e9 r\u00e9cup\u00e8re et recycle pour ses missions humanitaires tous les contours auditifs. Vous souhaitez donner un appareil auditif, \u00a0 \u00a0 Envoyez votre ancien appareil auditif par courrier \u00e0 : Audition Solidarit\u00e9 1 impasse des M\u00e9sanges 40180 Yzosse Merci de nous indiquer votre adresse mail dans votre courrier \u00a0\u00a0Ou d\u00e9posez votre ancien appareil auditif chez un de nos audioproth\u00e9sistes solidaires Qu&#8217;est-ce","og_url":"https:\/\/www.auditionsolidarite.org\/fr\/donnez-votre-ancien-appareil-auditif\/","og_site_name":"AuditionSolidarit\u00e9","article_modified_time":"2024-06-12T08:10:18+00:00","og_image":[{"width":600,"height":593,"url":"https:\/\/www.auditionsolidarite.org\/wp-content\/uploads\/2015\/07\/logo-audition-solidarite-e1446132259721.png","type":"image\/png"}],"twitter_card":"summary_large_image","twitter_misc":{"Dur\u00e9e de lecture estim\u00e9e":"1 minute"},"schema":{"@context":"https:\/\/schema.org","@graph":[{"@type":"WebPage","@id":"https:\/\/www.auditionsolidarite.org\/fr\/donnez-votre-ancien-appareil-auditif\/","url":"https:\/\/www.auditionsolidarite.org\/fr\/donnez-votre-ancien-appareil-auditif\/","name":"Donnez votre appareil auditif - AuditionSolidarit\u00e9","isPartOf":{"@id":"https:\/\/www.auditionsolidarite.org\/fr\/#website"},"datePublished":"2015-07-07T13:11:26+00:00","dateModified":"2024-06-12T08:10:18+00:00","breadcrumb":{"@id":"https:\/\/www.auditionsolidarite.org\/fr\/donnez-votre-ancien-appareil-auditif\/#breadcrumb"},"inLanguage":"fr-FR","potentialAction":[{"@type":"ReadAction","target":[["https:\/\/www.auditionsolidarite.org\/fr\/donnez-votre-ancien-appareil-auditif\/"]]}]},{"@type":"BreadcrumbList","@id":"https:\/\/www.auditionsolidarite.org\/fr\/donnez-votre-ancien-appareil-auditif\/#breadcrumb","itemListElement":[{"@type":"ListItem","position":1,"name":"Accueil","item":"https:\/\/www.auditionsolidarite.org\/fr\/"},{"@type":"ListItem","position":2,"name":"Donnez votre appareil auditif"}]},{"@type":"WebSite","@id":"https:\/\/www.auditionsolidarite.org\/fr\/#website","url":"https:\/\/www.auditionsolidarite.org\/fr\/","name":"AuditionSolidarit\u00e9","description":"Le hasard n&#039;existe pas ! Si vous \u00eates l\u00e0 aujourd&#039;hui, c&#039;est que le monde de l&#039;audition vous touche... Alors merci d&#039;\u00eatre l\u00e0 !","publisher":{"@id":"https:\/\/www.auditionsolidarite.org\/fr\/#organization"},"potentialAction":[{"@type":"SearchAction","target":{"@type":"EntryPoint","urlTemplate":"https:\/\/www.auditionsolidarite.org\/fr\/?s={search_term_string}"},"query-input":"required name=search_term_string"}],"inLanguage":"fr-FR"},{"@type":"Organization","@id":"https:\/\/www.auditionsolidarite.org\/fr\/#organization","name":"AuditionSolidarit\u00e9","url":"https:\/\/www.auditionsolidarite.org\/fr\/","logo":{"@type":"ImageObject","inLanguage":"fr-FR","@id":"https:\/\/www.auditionsolidarite.org\/fr\/#\/schema\/logo\/image\/","url":"https:\/\/www.auditionsolidarite.org\/wp-content\/uploads\/2015\/07\/logo-audition-solidarite-e1446132259721.png","contentUrl":"https:\/\/www.auditionsolidarite.org\/wp-content\/uploads\/2015\/07\/logo-audition-solidarite-e1446132259721.png","width":600,"height":593,"caption":"AuditionSolidarit\u00e9"},"image":{"@id":"https:\/\/www.auditionsolidarite.org\/fr\/#\/schema\/logo\/image\/"}}]}},"_links":{"self":[{"href":"https:\/\/www.auditionsolidarite.org\/fr\/wp-json\/wp\/v2\/pages\/52"}],"collection":[{"href":"https:\/\/www.auditionsolidarite.org\/fr\/wp-json\/wp\/v2\/pages"}],"about":[{"href":"https:\/\/www.auditionsolidarite.org\/fr\/wp-json\/wp\/v2\/types\/page"}],"author":[{"embeddable":true,"href":"https:\/\/www.auditionsolidarite.org\/fr\/wp-json\/wp\/v2\/users\/10"}],"replies":[{"embeddable":true,"href":"https:\/\/www.auditionsolidarite.org\/fr\/wp-json\/wp\/v2\/comments?post=52"}],"version-history":[{"count":9,"href":"https:\/\/www.auditionsolidarite.org\/fr\/wp-json\/wp\/v2\/pages\/52\/revisions"}],"predecessor-version":[{"id":10022,"href":"https:\/\/www.auditionsolidarite.org\/fr\/wp-json\/wp\/v2\/pages\/52\/revisions\/10022"}],"wp:attachment":[{"href":"https:\/\/www.auditionsolidarite.org\/fr\/wp-json\/wp\/v2\/media?parent=52"}],"curies":[{"name":"wp","href":"https:\/\/api.w.org\/{rel}","templated":true}]}}