{"id":5190,"date":"2017-01-27T14:29:18","date_gmt":"2017-01-27T13:29:18","guid":{"rendered":"http:\/\/www.auditionsolidarite.org\/?page_id=5190"},"modified":"2017-01-27T14:29:18","modified_gmt":"2017-01-27T13:29:18","slug":"hotel-dieu-octobre-2016","status":"publish","type":"page","link":"https:\/\/www.auditionsolidarite.org\/fr\/hotel-dieu-octobre-2016\/","title":{"rendered":"H\u00f4tel-Dieu &#8211; octobre 2016"},"content":{"rendered":"<h6 style=\"text-align: justify;\">4 et 5 octobre 2016<b> : AuditionSolidarit\u00e9 et l&#8217;Assistance-Publique H\u00f4pitaux de Paris organisaient conjointement leur troisi\u00e8me mission &#8220;Audition&#8221; de l&#8217;ann\u00e9e aupr\u00e8s des personnes sourdes et malentendantes vivant dans la grande pr\u00e9carit\u00e9.<b><br \/>\n<\/b><\/b><b><br \/>\n<\/b><b> <\/b><b> <\/b><\/h6>\n<p style=\"text-align: justify;\">Les acteurs changent mais les objectifs restent toujours les m\u00eames depuis le lancement en janvier 2015 de ces missions &#8220;Audition&#8221; en partenariat avec l&#8217;AP-HP : Appareiller gratuitement les personnes sourdes et malentendantes se trouvant dans une situation de grande pr\u00e9carit\u00e9 (b\u00e9n\u00e9ficiant de l&#8217;Aide M\u00e9dicale d\u2019\u00c9tat ou sans couverture sociale) et inscrire ces personnes dans un parcours de soin lorsqu&#8217;une pathologie associ\u00e9e est d\u00e9tect\u00e9e.<b><br \/>\n<\/b><b><br \/>\n<\/b><\/p>\n<p style=\"text-align: justify;\">Les 4 et 5 octobre, l&#8217;\u00e9quipe compos\u00e9e de professionnels de l&#8217;audition, tous m\u00e9c\u00e8nes de l&#8217;association (audioproth\u00e9sistes, m\u00e9decins ORL, orthophonistes et fabricant d&#8217;embouts) a une fois de plus r\u00e9pondu \u00e0 ces objectifs. 103 personnes ont \u00e9t\u00e9 accueillies sur les deux jours de mission, 40 d&#8217;entre elles ont \u00e9t\u00e9 appareill\u00e9es et 63 appareils auditifs ont \u00e9t\u00e9 adapt\u00e9s dont une grande partie est issue de l&#8217;atelier de recyclage d&#8217;AuditionSolidarit\u00e9.<b><br \/>\n<\/b><b><br \/>\n<\/b><\/p>\n<p style=\"text-align: justify;\">Le suivi des personnes appareill\u00e9es reste aussi un des enjeux majeurs de ces missions, ainsi 50 personnes d\u00e9j\u00e0 appareill\u00e9es lors de pr\u00e9c\u00e9dentes missions sont venues faire contr\u00f4ler leur appareillage.<b><br \/>\n<\/b><b><br \/>\n<\/b><b><\/b><\/p>\n<p>AuditionSolidarit\u00e9 et l&#8217;AP-HP seront de nouveau r\u00e9unis en 2017 pour une nouvelle mission les 24 et 25 janvier \u00e0 l&#8217;H\u00f4tel-Dieu. <b><br \/>\n<\/b><b><br \/>\n<\/b><\/p>\n<p><img loading=\"lazy\" decoding=\"async\" class=\"aligncenter wp-image-5023 size-large\" src=\"\/wp-content\/uploads\/2015\/07\/mission-paris-aphp-oct2016-120-1024x769.jpg\" alt=\"mission-paris-aphp-oct2016-120\" width=\"860\" height=\"646\" srcset=\"https:\/\/www.auditionsolidarite.org\/wp-content\/uploads\/2015\/07\/mission-paris-aphp-oct2016-120-1024x769.jpg 1024w, https:\/\/www.auditionsolidarite.org\/wp-content\/uploads\/2015\/07\/mission-paris-aphp-oct2016-120-300x225.jpg 300w, https:\/\/www.auditionsolidarite.org\/wp-content\/uploads\/2015\/07\/mission-paris-aphp-oct2016-120-768x577.jpg 768w\" sizes=\"(max-width: 860px) 100vw, 860px\" \/><\/p>\n<p><strong>Mission r\u00e9ussie avec des \u00e9quipes solidaires : <b><br \/>\n<\/b><\/strong><br \/>\nMerci \u00e0 Sophie Gawronski, Isabelle Laroche, Ludovic Delacour, Xavier Rousset et Christine Bourger, audioproth\u00e9sistes<\/p>\n<p>Merci \u00e0 Sylvie Claudin, ORL<br \/>\nMerci \u00e0 Alain Lesouef pour la fabrication des embouts<br \/>\nMerci \u00e0 Clotilde Faure et Isabelle Prang et Ana\u00efs Andrieu, orthophonistes<br \/>\nMerci \u00e0 Blandine Petit, secr\u00e9tariat<\/p>\n<p>Merci \u00e0 Dorine Sor, l&#8217;\u00e9tudiante en audioproth\u00e8se<br \/>\nMerci \u00e0 Violaine et L\u00e6titia du Service Civique<\/p>\n<p>Merci \u00e0 toute l&#8217;\u00e9quipe de l&#8217;AP-HP<br \/>\nMerci \u00e0 Martin Hirsch<br \/>\nMerci \u00e0 toutes les associations qui se sont impliqu\u00e9es !<b><br \/>\n<\/b><b><br \/>\n<\/b><\/p>\n<p style=\"text-align: left;\"><strong>Et un grand MERCI \u00e0 la Fondation CARITAS FRANCE et la Fondation ZEPHYR en la personne de Sophie Kerob pour <\/strong><strong>leur pr\u00e9cieux soutien !<b><br \/>\n<\/b><b><b><br \/>\n<\/b>Interviews Mission<\/b><\/strong><\/p>\n<table>\n<tbody>\n<tr>\n<td style=\"text-align: center; vertical-align: middle;\"><strong>Ludovic Delacour &#8211; audioproth\u00e9siste<b><iframe loading=\"lazy\" src=\"https:\/\/www.youtube.com\/embed\/n95RNbJyEtc\" width=\"260\" height=\"170\" frameborder=\"0\" allowfullscreen=\"allowfullscreen\"><\/iframe><\/b><b><br \/>\n<\/b><\/strong><\/td>\n<td style=\"text-align: center; vertical-align: middle;\"><strong>Sophie Gawronski &#8211; audioproth\u00e9sist<b>e<iframe loading=\"lazy\" src=\"https:\/\/www.youtube.com\/embed\/mIWEJGgiFzA\" width=\"260\" height=\"170\" frameborder=\"0\" allowfullscreen=\"allowfullscreen\"><\/iframe><\/b><b> <\/b><\/strong><\/td>\n<td style=\"text-align: center; vertical-align: middle;\"><strong>Xavier Rousset &#8211; audioproth\u00e9siste<b><iframe loading=\"lazy\" src=\"https:\/\/www.youtube.com\/embed\/utfV2IOYaTo\" width=\"260\" height=\"170\" frameborder=\"0\" allowfullscreen=\"allowfullscreen\"><\/iframe> <\/b><b> <\/b><\/strong><\/td>\n<\/tr>\n<tr>\n<td style=\"text-align: center; vertical-align: middle;\"><strong>Isabelle Laroche &#8211; audioproth\u00e9siste<b><iframe loading=\"lazy\" src=\"https:\/\/www.youtube.com\/embed\/DxOjqwC5oEc\" width=\"260\" height=\"170\" frameborder=\"0\" allowfullscreen=\"allowfullscreen\"><\/iframe><\/b><b><br \/>\n<\/b><\/strong><\/td>\n<td style=\"text-align: center; vertical-align: middle;\"><strong>Alain Lesouef &#8211; fabricant d&#8217;embouts<b><iframe loading=\"lazy\" src=\"https:\/\/www.youtube.com\/embed\/n7CJ6cVU4QY\" width=\"260\" height=\"170\" frameborder=\"0\" allowfullscreen=\"allowfullscreen\"><\/iframe><\/b><b><br \/>\n<\/b><\/strong><\/td>\n<td style=\"text-align: center; vertical-align: middle;\"><strong><b><br \/>\n<\/b>Sylvie Claudin -ORL<b><iframe loading=\"lazy\" src=\"https:\/\/www.youtube.com\/embed\/kkVWuQv8AiQ\" width=\"260\" height=\"170\" frameborder=\"0\" allowfullscreen=\"allowfullscreen\"><\/iframe><br \/>\n<\/b><b><br \/>\n<\/b><\/strong><\/td>\n<\/tr>\n<tr>\n<td style=\"text-align: center; vertical-align: middle;\"><strong>Blandine Petit &#8211; secr\u00e9tariat<b><iframe loading=\"lazy\" src=\"https:\/\/www.youtube.com\/embed\/VtHenMZ75sE\" width=\"260\" height=\"170\" frameborder=\"0\" allowfullscreen=\"allowfullscreen\"><\/iframe> <\/b><b> <\/b><b> <\/b><b> <\/b><\/strong><\/td>\n<td style=\"text-align: center; vertical-align: middle;\"><strong>Ana\u00efs Andrieu &#8211; orthophoniste<iframe loading=\"lazy\" src=\"https:\/\/www.youtube.com\/embed\/vdoxgYCxBKA\" width=\"260\" height=\"170\" frameborder=\"0\" allowfullscreen=\"allowfullscreen\"><\/iframe><\/strong><\/td>\n<td style=\"text-align: center; vertical-align: middle;\"><strong><b>Dorine Sor &#8211; \u00e9tudiant en audioproth\u00e8se <iframe loading=\"lazy\" src=\"https:\/\/www.youtube.com\/embed\/DvzDUUggwvo\" width=\"260\" height=\"170\" frameborder=\"0\" allowfullscreen=\"allowfullscreen\"><\/iframe><br \/>\n<\/b><\/strong><\/td>\n<\/tr>\n<\/tbody>\n<\/table>","protected":false},"excerpt":{"rendered":"<p>4 et 5 octobre 2016 : AuditionSolidarit\u00e9 et l&#8217;Assistance-Publique H\u00f4pitaux de Paris organisaient conjointement leur troisi\u00e8me mission &#8220;Audition&#8221; de l&#8217;ann\u00e9e aupr\u00e8s des personnes sourdes et malentendantes vivant dans la grande pr\u00e9carit\u00e9. Les acteurs changent mais les objectifs restent toujours les m\u00eames depuis le lancement en janvier 2015 de ces missions &#8220;Audition&#8221; en partenariat avec l&#8217;AP-HP : Appareiller gratuitement les personnes<\/p>\n","protected":false},"author":2,"featured_media":0,"parent":0,"menu_order":0,"comment_status":"closed","ping_status":"closed","template":"","meta":{"footnotes":""},"acf":[],"yoast_head":"<!-- This site is optimized with the Yoast SEO plugin v21.9.1 - https:\/\/yoast.com\/wordpress\/plugins\/seo\/ -->\n<title>H\u00f4tel-Dieu - octobre 2016 - AuditionSolidarit\u00e9<\/title>\n<meta name=\"robots\" content=\"index, follow, max-snippet:-1, max-image-preview:large, max-video-preview:-1\" \/>\n<link rel=\"canonical\" href=\"https:\/\/www.auditionsolidarite.org\/fr\/hotel-dieu-octobre-2016\/\" \/>\n<meta property=\"og:locale\" content=\"fr_FR\" \/>\n<meta property=\"og:type\" content=\"article\" \/>\n<meta property=\"og:title\" content=\"H\u00f4tel-Dieu - octobre 2016 - AuditionSolidarit\u00e9\" \/>\n<meta property=\"og:description\" content=\"4 et 5 octobre 2016 : AuditionSolidarit\u00e9 et l&#8217;Assistance-Publique H\u00f4pitaux de Paris organisaient conjointement leur troisi\u00e8me mission &#8220;Audition&#8221; de l&#8217;ann\u00e9e aupr\u00e8s des personnes sourdes et malentendantes vivant dans la grande pr\u00e9carit\u00e9. Les acteurs changent mais les objectifs restent toujours les m\u00eames depuis le lancement en janvier 2015 de ces missions &#8220;Audition&#8221; en partenariat avec l&#8217;AP-HP : Appareiller gratuitement les personnes\" \/>\n<meta property=\"og:url\" content=\"https:\/\/www.auditionsolidarite.org\/fr\/hotel-dieu-octobre-2016\/\" \/>\n<meta property=\"og:site_name\" content=\"AuditionSolidarit\u00e9\" \/>\n<meta property=\"og:image\" content=\"https:\/\/www.auditionsolidarite.org\/wp-content\/uploads\/2015\/07\/logo-audition-solidarite-e1446132259721.png\" \/>\n\t<meta property=\"og:image:width\" content=\"600\" \/>\n\t<meta property=\"og:image:height\" content=\"593\" \/>\n\t<meta property=\"og:image:type\" content=\"image\/png\" \/>\n<meta name=\"twitter:card\" content=\"summary_large_image\" \/>\n<meta name=\"twitter:label1\" content=\"Dur\u00e9e de lecture estim\u00e9e\" \/>\n\t<meta name=\"twitter:data1\" content=\"2 minutes\" \/>\n<script type=\"application\/ld+json\" class=\"yoast-schema-graph\">{\"@context\":\"https:\/\/schema.org\",\"@graph\":[{\"@type\":\"WebPage\",\"@id\":\"https:\/\/www.auditionsolidarite.org\/fr\/hotel-dieu-octobre-2016\/\",\"url\":\"https:\/\/www.auditionsolidarite.org\/fr\/hotel-dieu-octobre-2016\/\",\"name\":\"H\u00f4tel-Dieu - octobre 2016 - AuditionSolidarit\u00e9\",\"isPartOf\":{\"@id\":\"https:\/\/www.auditionsolidarite.org\/fr\/#website\"},\"datePublished\":\"2017-01-27T13:29:18+00:00\",\"dateModified\":\"2017-01-27T13:29:18+00:00\",\"breadcrumb\":{\"@id\":\"https:\/\/www.auditionsolidarite.org\/fr\/hotel-dieu-octobre-2016\/#breadcrumb\"},\"inLanguage\":\"fr-FR\",\"potentialAction\":[{\"@type\":\"ReadAction\",\"target\":[[\"https:\/\/www.auditionsolidarite.org\/fr\/hotel-dieu-octobre-2016\/\"]]}]},{\"@type\":\"BreadcrumbList\",\"@id\":\"https:\/\/www.auditionsolidarite.org\/fr\/hotel-dieu-octobre-2016\/#breadcrumb\",\"itemListElement\":[{\"@type\":\"ListItem\",\"position\":1,\"name\":\"Accueil\",\"item\":\"https:\/\/www.auditionsolidarite.org\/fr\/\"},{\"@type\":\"ListItem\",\"position\":2,\"name\":\"H\u00f4tel-Dieu &#8211; octobre 2016\"}]},{\"@type\":\"WebSite\",\"@id\":\"https:\/\/www.auditionsolidarite.org\/fr\/#website\",\"url\":\"https:\/\/www.auditionsolidarite.org\/fr\/\",\"name\":\"AuditionSolidarit\u00e9\",\"description\":\"Le hasard n&#039;existe pas ! Si vous \u00eates l\u00e0 aujourd&#039;hui, c&#039;est que le monde de l&#039;audition vous touche... Alors merci d&#039;\u00eatre l\u00e0 !\",\"publisher\":{\"@id\":\"https:\/\/www.auditionsolidarite.org\/fr\/#organization\"},\"potentialAction\":[{\"@type\":\"SearchAction\",\"target\":{\"@type\":\"EntryPoint\",\"urlTemplate\":\"https:\/\/www.auditionsolidarite.org\/fr\/?s={search_term_string}\"},\"query-input\":\"required name=search_term_string\"}],\"inLanguage\":\"fr-FR\"},{\"@type\":\"Organization\",\"@id\":\"https:\/\/www.auditionsolidarite.org\/fr\/#organization\",\"name\":\"AuditionSolidarit\u00e9\",\"url\":\"https:\/\/www.auditionsolidarite.org\/fr\/\",\"logo\":{\"@type\":\"ImageObject\",\"inLanguage\":\"fr-FR\",\"@id\":\"https:\/\/www.auditionsolidarite.org\/fr\/#\/schema\/logo\/image\/\",\"url\":\"https:\/\/www.auditionsolidarite.org\/wp-content\/uploads\/2015\/07\/logo-audition-solidarite-e1446132259721.png\",\"contentUrl\":\"https:\/\/www.auditionsolidarite.org\/wp-content\/uploads\/2015\/07\/logo-audition-solidarite-e1446132259721.png\",\"width\":600,\"height\":593,\"caption\":\"AuditionSolidarit\u00e9\"},\"image\":{\"@id\":\"https:\/\/www.auditionsolidarite.org\/fr\/#\/schema\/logo\/image\/\"}}]}<\/script>\n<!-- \/ Yoast SEO plugin. -->","yoast_head_json":{"title":"H\u00f4tel-Dieu - octobre 2016 - AuditionSolidarit\u00e9","robots":{"index":"index","follow":"follow","max-snippet":"max-snippet:-1","max-image-preview":"max-image-preview:large","max-video-preview":"max-video-preview:-1"},"canonical":"https:\/\/www.auditionsolidarite.org\/fr\/hotel-dieu-octobre-2016\/","og_locale":"fr_FR","og_type":"article","og_title":"H\u00f4tel-Dieu - octobre 2016 - AuditionSolidarit\u00e9","og_description":"4 et 5 octobre 2016 : AuditionSolidarit\u00e9 et l&#8217;Assistance-Publique H\u00f4pitaux de Paris organisaient conjointement leur troisi\u00e8me mission &#8220;Audition&#8221; de l&#8217;ann\u00e9e aupr\u00e8s des personnes sourdes et malentendantes vivant dans la grande pr\u00e9carit\u00e9. Les acteurs changent mais les objectifs restent toujours les m\u00eames depuis le lancement en janvier 2015 de ces missions &#8220;Audition&#8221; en partenariat avec l&#8217;AP-HP : Appareiller gratuitement les personnes","og_url":"https:\/\/www.auditionsolidarite.org\/fr\/hotel-dieu-octobre-2016\/","og_site_name":"AuditionSolidarit\u00e9","og_image":[{"width":600,"height":593,"url":"https:\/\/www.auditionsolidarite.org\/wp-content\/uploads\/2015\/07\/logo-audition-solidarite-e1446132259721.png","type":"image\/png"}],"twitter_card":"summary_large_image","twitter_misc":{"Dur\u00e9e de lecture estim\u00e9e":"2 minutes"},"schema":{"@context":"https:\/\/schema.org","@graph":[{"@type":"WebPage","@id":"https:\/\/www.auditionsolidarite.org\/fr\/hotel-dieu-octobre-2016\/","url":"https:\/\/www.auditionsolidarite.org\/fr\/hotel-dieu-octobre-2016\/","name":"H\u00f4tel-Dieu - octobre 2016 - AuditionSolidarit\u00e9","isPartOf":{"@id":"https:\/\/www.auditionsolidarite.org\/fr\/#website"},"datePublished":"2017-01-27T13:29:18+00:00","dateModified":"2017-01-27T13:29:18+00:00","breadcrumb":{"@id":"https:\/\/www.auditionsolidarite.org\/fr\/hotel-dieu-octobre-2016\/#breadcrumb"},"inLanguage":"fr-FR","potentialAction":[{"@type":"ReadAction","target":[["https:\/\/www.auditionsolidarite.org\/fr\/hotel-dieu-octobre-2016\/"]]}]},{"@type":"BreadcrumbList","@id":"https:\/\/www.auditionsolidarite.org\/fr\/hotel-dieu-octobre-2016\/#breadcrumb","itemListElement":[{"@type":"ListItem","position":1,"name":"Accueil","item":"https:\/\/www.auditionsolidarite.org\/fr\/"},{"@type":"ListItem","position":2,"name":"H\u00f4tel-Dieu &#8211; octobre 2016"}]},{"@type":"WebSite","@id":"https:\/\/www.auditionsolidarite.org\/fr\/#website","url":"https:\/\/www.auditionsolidarite.org\/fr\/","name":"AuditionSolidarit\u00e9","description":"Le hasard n&#039;existe pas ! Si vous \u00eates l\u00e0 aujourd&#039;hui, c&#039;est que le monde de l&#039;audition vous touche... Alors merci d&#039;\u00eatre l\u00e0 !","publisher":{"@id":"https:\/\/www.auditionsolidarite.org\/fr\/#organization"},"potentialAction":[{"@type":"SearchAction","target":{"@type":"EntryPoint","urlTemplate":"https:\/\/www.auditionsolidarite.org\/fr\/?s={search_term_string}"},"query-input":"required name=search_term_string"}],"inLanguage":"fr-FR"},{"@type":"Organization","@id":"https:\/\/www.auditionsolidarite.org\/fr\/#organization","name":"AuditionSolidarit\u00e9","url":"https:\/\/www.auditionsolidarite.org\/fr\/","logo":{"@type":"ImageObject","inLanguage":"fr-FR","@id":"https:\/\/www.auditionsolidarite.org\/fr\/#\/schema\/logo\/image\/","url":"https:\/\/www.auditionsolidarite.org\/wp-content\/uploads\/2015\/07\/logo-audition-solidarite-e1446132259721.png","contentUrl":"https:\/\/www.auditionsolidarite.org\/wp-content\/uploads\/2015\/07\/logo-audition-solidarite-e1446132259721.png","width":600,"height":593,"caption":"AuditionSolidarit\u00e9"},"image":{"@id":"https:\/\/www.auditionsolidarite.org\/fr\/#\/schema\/logo\/image\/"}}]}},"_links":{"self":[{"href":"https:\/\/www.auditionsolidarite.org\/fr\/wp-json\/wp\/v2\/pages\/5190"}],"collection":[{"href":"https:\/\/www.auditionsolidarite.org\/fr\/wp-json\/wp\/v2\/pages"}],"about":[{"href":"https:\/\/www.auditionsolidarite.org\/fr\/wp-json\/wp\/v2\/types\/page"}],"author":[{"embeddable":true,"href":"https:\/\/www.auditionsolidarite.org\/fr\/wp-json\/wp\/v2\/users\/2"}],"replies":[{"embeddable":true,"href":"https:\/\/www.auditionsolidarite.org\/fr\/wp-json\/wp\/v2\/comments?post=5190"}],"version-history":[{"count":1,"href":"https:\/\/www.auditionsolidarite.org\/fr\/wp-json\/wp\/v2\/pages\/5190\/revisions"}],"predecessor-version":[{"id":5191,"href":"https:\/\/www.auditionsolidarite.org\/fr\/wp-json\/wp\/v2\/pages\/5190\/revisions\/5191"}],"wp:attachment":[{"href":"https:\/\/www.auditionsolidarite.org\/fr\/wp-json\/wp\/v2\/media?parent=5190"}],"curies":[{"name":"wp","href":"https:\/\/api.w.org\/{rel}","templated":true}]}}