{"id":5124,"date":"2016-12-19T13:52:34","date_gmt":"2016-12-19T12:52:34","guid":{"rendered":"http:\/\/www.auditionsolidarite.org\/?page_id=5124"},"modified":"2016-12-19T13:52:34","modified_gmt":"2016-12-19T12:52:34","slug":"mission-humanitaire-vietnam-avril-2016","status":"publish","type":"page","link":"https:\/\/www.auditionsolidarite.org\/fr\/mission-humanitaire-vietnam-avril-2016\/","title":{"rendered":"Mission humanitaire &#8211; Vietnam Avril 2016"},"content":{"rendered":"<h6>2\u00e8me mission humanitaire en Asie, au Vietnam &#8211; Avril 2016<b><br \/>\n<\/b><b><br \/>\n<\/b><\/h6>\n<p><b>Du 2 au 10 avril 2016, l\u2019association AuditionSolidarit\u00e9 \u00e9tait de retour au Vietnam pour une deuxi\u00e8me mission humanitaire \u00ab audition \u00bb dans une \u00e9cole d\u2019enfants sourds et malentendants de Bi\u00ean H\u00f2a. <b><br \/>\n<\/b><b><br \/>\n<\/b><\/b><\/p>\n<p>En mars 2015, l\u2019\u00e9quipe fran\u00e7aise avait appareill\u00e9 la totalit\u00e9 des \u00e9l\u00e8ves et impuls\u00e9 des formations aupr\u00e8s des enseignants dans le but ultime de rendre cette structure autonome. De retour un an apr\u00e8s, l\u2019\u00e9quipe a constat\u00e9 avec grande joie les progr\u00e8s r\u00e9alis\u00e9s par les enfants notamment en r\u00e9\u00e9ducation orthophonique gr\u00e2ce \u00e0 l\u2019implication totale des religieuses qui g\u00e8rent l\u2019\u00e9cole. Les enfants portent les appareils auditifs chaque jour et commencent \u00e0 communiquer entre eux et avec leur entourage en alliant la langue des signes et la parole.<b><br \/>\n<\/b><b><br \/>\n<\/b><\/p>\n<p>Durant cette semaine, 99 enfants ont \u00e9t\u00e9 contr\u00f4l\u00e9s ou r\u00e9-appareill\u00e9s et tous ont suivi une s\u00e9ance d\u2019orthophonie. Les formations des professeurs \u00e0 la fabrication d\u2019embouts, aux r\u00e9glages des appareils, \u00e0 l\u2019audiogramme et \u00e0 la prise d\u2019empreinte ont \u00e9t\u00e9 approfondies.<b><br \/>\n<\/b><b><br \/>\n<\/b><\/p>\n<p>L\u2019association a \u00e9galement laiss\u00e9 sur place du mat\u00e9riel neuf toujours dans le but de rendre l\u2019\u00e9cole autonome. AuditionSolidarit\u00e9 retournera au Vietnam en mars 2017 pour une 3\u00e8me mission.<b><br \/>\n<\/b><b><br \/>\n<\/b><\/p>\n<p>Merci aux audioproth\u00e9sistes Max Beraha, Olivier Patrouix, Guillaume Mocydlarz, Magali Privat et Christine Bourger<br \/>\nMerci aux orthophonistes, Clotilde Faure et Claire Barilly<br \/>\nMerci \u00e0 la fabricant d\u2019embouts, C\u00e9line Roetynck<br \/>\nMerci \u00e0 Marion Ormancey pour le secr\u00e9tariat<b><br \/>\n<\/b><b>Merci \u00e0 la Fondation AIR FRANCE, la Fondation TOTAL et l&#8217;association AGIR POUR l&#8217;AUDITION pour leur pr\u00e9cieux soutien !<\/b><\/p>\n<p>&nbsp;<\/p>\n<p>Merci \u00e0 toutes les soeurs et aux professeurs pour leur bont\u00e9, leur bienveillance et leur implication !<br \/>\nMerci \u00e0 tous les enfants !<\/p>\n<p>Rendez-vous en novembre 2017\u2026 on a h\u00e2te !<b><br \/>\n<\/b><b><br \/>\n<\/b><\/p>\n<table style=\"height: 1045px;\" width=\"713\">\n<tbody>\n<tr>\n<td colspan=\"3\">\n<p style=\"text-align: center;\"><strong>Vid\u00e9o Mission Humanitaire Vietnam &#8211; Avril 2016<\/strong><\/p>\n<p style=\"text-align: center;\"><iframe loading=\"lazy\" src=\"https:\/\/www.youtube.com\/embed\/wlRt8vmUsnU\" width=\"485\" height=\"306\" frameborder=\"0\" allowfullscreen=\"allowfullscreen\"><\/iframe><\/p>\n<\/td>\n<\/tr>\n<tr>\n<td style=\"text-align: center;\"><strong>Guillaume Mocydlarz, audioproth\u00e9siste<\/strong><br \/>\n<iframe loading=\"lazy\" src=\"https:\/\/www.youtube.com\/embed\/6Y5vJhq4pvc\" width=\"270\" height=\"170\" frameborder=\"0\" allowfullscreen=\"allowfullscreen\"><\/iframe><\/td>\n<td style=\"text-align: center;\"><strong> Magali Privat, audioproth\u00e9siste<\/strong><br \/>\n<iframe loading=\"lazy\" src=\"https:\/\/www.youtube.com\/embed\/GhlAsIp3JvM\" width=\"270\" height=\"170\" frameborder=\"0\" allowfullscreen=\"allowfullscreen\"><\/iframe><\/td>\n<td><strong>Olivier Patrouix, audioproth\u00e9siste<\/strong><br \/>\n<iframe loading=\"lazy\" src=\"https:\/\/www.youtube.com\/embed\/JO0RV6_Y73A\" width=\"270\" height=\"170\" frameborder=\"0\" allowfullscreen=\"allowfullscreen\"><\/iframe><\/td>\n<\/tr>\n<tr>\n<td style=\"text-align: center;\"><strong> Max Beraha, audioproth\u00e9siste<\/strong><br \/>\n<iframe loading=\"lazy\" src=\"https:\/\/www.youtube.com\/embed\/CMC5bXoRE2s\" width=\"270\" height=\"170\" frameborder=\"0\" allowfullscreen=\"allowfullscreen\"><\/iframe><\/td>\n<td><strong> C\u00e9line Roetynck, fabricant d&#8217;embouts<\/strong><br \/>\n<iframe loading=\"lazy\" src=\"https:\/\/www.youtube.com\/embed\/la0SXZAA72o\" width=\"270\" height=\"170\" frameborder=\"0\" allowfullscreen=\"allowfullscreen\"><\/iframe><\/td>\n<td>\n<p style=\"text-align: center;\"><strong>Marion Ormancey, secr\u00e9tariat<\/strong><\/p>\n<p><iframe loading=\"lazy\" src=\"https:\/\/www.youtube.com\/embed\/VLGnB4BmVCs\" width=\"270\" height=\"170\" frameborder=\"0\" allowfullscreen=\"allowfullscreen\"><\/iframe><\/td>\n<\/tr>\n<tr>\n<td style=\"text-align: center;\"><strong> Claire Barilly, orthophoniste<\/strong><br \/>\n<iframe loading=\"lazy\" src=\"https:\/\/www.youtube.com\/embed\/yo-yAZ5USsM\" width=\"270\" height=\"170\" frameborder=\"0\" allowfullscreen=\"allowfullscreen\"><\/iframe><\/td>\n<td style=\"text-align: center;\"><strong> Clotilde Faure, orthophoniste<\/strong><br \/>\n<iframe loading=\"lazy\" src=\"https:\/\/www.youtube.com\/embed\/MKTf-Uxbhfo\" width=\"270\" height=\"170\" frameborder=\"0\" allowfullscreen=\"allowfullscreen\"><\/iframe><\/td>\n<td><\/td>\n<\/tr>\n<\/tbody>\n<\/table>\n<p><b><br \/>\n<\/b> <a href=\"\/?attachment_id=4782\" rel=\"attachment wp-att-4782\"><img loading=\"lazy\" decoding=\"async\" class=\"aligncenter size-large wp-image-4782\" src=\"\/wp-content\/uploads\/2016\/04\/Vietnam-2016-186-1024x769.jpg\" alt=\"Vietnam-2016 (186)\" width=\"860\" height=\"646\" srcset=\"https:\/\/www.auditionsolidarite.org\/wp-content\/uploads\/2016\/04\/Vietnam-2016-186-1024x769.jpg 1024w, https:\/\/www.auditionsolidarite.org\/wp-content\/uploads\/2016\/04\/Vietnam-2016-186-300x225.jpg 300w, https:\/\/www.auditionsolidarite.org\/wp-content\/uploads\/2016\/04\/Vietnam-2016-186-768x577.jpg 768w\" sizes=\"(max-width: 860px) 100vw, 860px\" \/><\/a>","protected":false},"excerpt":{"rendered":"<p>2\u00e8me mission humanitaire en Asie, au Vietnam &#8211; Avril 2016 Du 2 au 10 avril 2016, l\u2019association AuditionSolidarit\u00e9 \u00e9tait de retour au Vietnam pour une deuxi\u00e8me mission humanitaire \u00ab audition \u00bb dans une \u00e9cole d\u2019enfants sourds et malentendants de Bi\u00ean H\u00f2a. En mars 2015, l\u2019\u00e9quipe fran\u00e7aise avait appareill\u00e9 la totalit\u00e9 des \u00e9l\u00e8ves et impuls\u00e9 des formations aupr\u00e8s des enseignants dans<\/p>\n","protected":false},"author":2,"featured_media":0,"parent":0,"menu_order":0,"comment_status":"closed","ping_status":"closed","template":"","meta":{"footnotes":""},"acf":[],"yoast_head":"<!-- This site is optimized with the Yoast SEO plugin v21.9.1 - https:\/\/yoast.com\/wordpress\/plugins\/seo\/ -->\n<title>Mission humanitaire - Vietnam Avril 2016 - AuditionSolidarit\u00e9<\/title>\n<meta name=\"robots\" content=\"index, follow, max-snippet:-1, max-image-preview:large, max-video-preview:-1\" \/>\n<link rel=\"canonical\" href=\"https:\/\/www.auditionsolidarite.org\/fr\/mission-humanitaire-vietnam-avril-2016\/\" \/>\n<meta property=\"og:locale\" content=\"fr_FR\" \/>\n<meta property=\"og:type\" content=\"article\" \/>\n<meta property=\"og:title\" content=\"Mission humanitaire - Vietnam Avril 2016 - AuditionSolidarit\u00e9\" \/>\n<meta property=\"og:description\" content=\"2\u00e8me mission humanitaire en Asie, au Vietnam &#8211; Avril 2016 Du 2 au 10 avril 2016, l\u2019association AuditionSolidarit\u00e9 \u00e9tait de retour au Vietnam pour une deuxi\u00e8me mission humanitaire \u00ab audition \u00bb dans une \u00e9cole d\u2019enfants sourds et malentendants de Bi\u00ean H\u00f2a. En mars 2015, l\u2019\u00e9quipe fran\u00e7aise avait appareill\u00e9 la totalit\u00e9 des \u00e9l\u00e8ves et impuls\u00e9 des formations aupr\u00e8s des enseignants dans\" \/>\n<meta property=\"og:url\" content=\"https:\/\/www.auditionsolidarite.org\/fr\/mission-humanitaire-vietnam-avril-2016\/\" \/>\n<meta property=\"og:site_name\" content=\"AuditionSolidarit\u00e9\" \/>\n<meta property=\"og:image\" content=\"https:\/\/www.auditionsolidarite.org\/wp-content\/uploads\/2015\/07\/logo-audition-solidarite-e1446132259721.png\" \/>\n\t<meta property=\"og:image:width\" content=\"600\" \/>\n\t<meta property=\"og:image:height\" content=\"593\" \/>\n\t<meta property=\"og:image:type\" content=\"image\/png\" \/>\n<meta name=\"twitter:card\" content=\"summary_large_image\" \/>\n<meta name=\"twitter:label1\" content=\"Dur\u00e9e de lecture estim\u00e9e\" \/>\n\t<meta name=\"twitter:data1\" content=\"2 minutes\" \/>\n<script type=\"application\/ld+json\" class=\"yoast-schema-graph\">{\"@context\":\"https:\/\/schema.org\",\"@graph\":[{\"@type\":\"WebPage\",\"@id\":\"https:\/\/www.auditionsolidarite.org\/fr\/mission-humanitaire-vietnam-avril-2016\/\",\"url\":\"https:\/\/www.auditionsolidarite.org\/fr\/mission-humanitaire-vietnam-avril-2016\/\",\"name\":\"Mission humanitaire - Vietnam Avril 2016 - AuditionSolidarit\u00e9\",\"isPartOf\":{\"@id\":\"https:\/\/www.auditionsolidarite.org\/fr\/#website\"},\"datePublished\":\"2016-12-19T12:52:34+00:00\",\"dateModified\":\"2016-12-19T12:52:34+00:00\",\"breadcrumb\":{\"@id\":\"https:\/\/www.auditionsolidarite.org\/fr\/mission-humanitaire-vietnam-avril-2016\/#breadcrumb\"},\"inLanguage\":\"fr-FR\",\"potentialAction\":[{\"@type\":\"ReadAction\",\"target\":[[\"https:\/\/www.auditionsolidarite.org\/fr\/mission-humanitaire-vietnam-avril-2016\/\"]]}]},{\"@type\":\"BreadcrumbList\",\"@id\":\"https:\/\/www.auditionsolidarite.org\/fr\/mission-humanitaire-vietnam-avril-2016\/#breadcrumb\",\"itemListElement\":[{\"@type\":\"ListItem\",\"position\":1,\"name\":\"Accueil\",\"item\":\"https:\/\/www.auditionsolidarite.org\/fr\/\"},{\"@type\":\"ListItem\",\"position\":2,\"name\":\"Mission humanitaire &#8211; Vietnam Avril 2016\"}]},{\"@type\":\"WebSite\",\"@id\":\"https:\/\/www.auditionsolidarite.org\/fr\/#website\",\"url\":\"https:\/\/www.auditionsolidarite.org\/fr\/\",\"name\":\"AuditionSolidarit\u00e9\",\"description\":\"Le hasard n&#039;existe pas ! Si vous \u00eates l\u00e0 aujourd&#039;hui, c&#039;est que le monde de l&#039;audition vous touche... Alors merci d&#039;\u00eatre l\u00e0 !\",\"publisher\":{\"@id\":\"https:\/\/www.auditionsolidarite.org\/fr\/#organization\"},\"potentialAction\":[{\"@type\":\"SearchAction\",\"target\":{\"@type\":\"EntryPoint\",\"urlTemplate\":\"https:\/\/www.auditionsolidarite.org\/fr\/?s={search_term_string}\"},\"query-input\":\"required name=search_term_string\"}],\"inLanguage\":\"fr-FR\"},{\"@type\":\"Organization\",\"@id\":\"https:\/\/www.auditionsolidarite.org\/fr\/#organization\",\"name\":\"AuditionSolidarit\u00e9\",\"url\":\"https:\/\/www.auditionsolidarite.org\/fr\/\",\"logo\":{\"@type\":\"ImageObject\",\"inLanguage\":\"fr-FR\",\"@id\":\"https:\/\/www.auditionsolidarite.org\/fr\/#\/schema\/logo\/image\/\",\"url\":\"https:\/\/www.auditionsolidarite.org\/wp-content\/uploads\/2015\/07\/logo-audition-solidarite-e1446132259721.png\",\"contentUrl\":\"https:\/\/www.auditionsolidarite.org\/wp-content\/uploads\/2015\/07\/logo-audition-solidarite-e1446132259721.png\",\"width\":600,\"height\":593,\"caption\":\"AuditionSolidarit\u00e9\"},\"image\":{\"@id\":\"https:\/\/www.auditionsolidarite.org\/fr\/#\/schema\/logo\/image\/\"}}]}<\/script>\n<!-- \/ Yoast SEO plugin. -->","yoast_head_json":{"title":"Mission humanitaire - Vietnam Avril 2016 - AuditionSolidarit\u00e9","robots":{"index":"index","follow":"follow","max-snippet":"max-snippet:-1","max-image-preview":"max-image-preview:large","max-video-preview":"max-video-preview:-1"},"canonical":"https:\/\/www.auditionsolidarite.org\/fr\/mission-humanitaire-vietnam-avril-2016\/","og_locale":"fr_FR","og_type":"article","og_title":"Mission humanitaire - Vietnam Avril 2016 - AuditionSolidarit\u00e9","og_description":"2\u00e8me mission humanitaire en Asie, au Vietnam &#8211; Avril 2016 Du 2 au 10 avril 2016, l\u2019association AuditionSolidarit\u00e9 \u00e9tait de retour au Vietnam pour une deuxi\u00e8me mission humanitaire \u00ab audition \u00bb dans une \u00e9cole d\u2019enfants sourds et malentendants de Bi\u00ean H\u00f2a. En mars 2015, l\u2019\u00e9quipe fran\u00e7aise avait appareill\u00e9 la totalit\u00e9 des \u00e9l\u00e8ves et impuls\u00e9 des formations aupr\u00e8s des enseignants dans","og_url":"https:\/\/www.auditionsolidarite.org\/fr\/mission-humanitaire-vietnam-avril-2016\/","og_site_name":"AuditionSolidarit\u00e9","og_image":[{"width":600,"height":593,"url":"https:\/\/www.auditionsolidarite.org\/wp-content\/uploads\/2015\/07\/logo-audition-solidarite-e1446132259721.png","type":"image\/png"}],"twitter_card":"summary_large_image","twitter_misc":{"Dur\u00e9e de lecture estim\u00e9e":"2 minutes"},"schema":{"@context":"https:\/\/schema.org","@graph":[{"@type":"WebPage","@id":"https:\/\/www.auditionsolidarite.org\/fr\/mission-humanitaire-vietnam-avril-2016\/","url":"https:\/\/www.auditionsolidarite.org\/fr\/mission-humanitaire-vietnam-avril-2016\/","name":"Mission humanitaire - Vietnam Avril 2016 - AuditionSolidarit\u00e9","isPartOf":{"@id":"https:\/\/www.auditionsolidarite.org\/fr\/#website"},"datePublished":"2016-12-19T12:52:34+00:00","dateModified":"2016-12-19T12:52:34+00:00","breadcrumb":{"@id":"https:\/\/www.auditionsolidarite.org\/fr\/mission-humanitaire-vietnam-avril-2016\/#breadcrumb"},"inLanguage":"fr-FR","potentialAction":[{"@type":"ReadAction","target":[["https:\/\/www.auditionsolidarite.org\/fr\/mission-humanitaire-vietnam-avril-2016\/"]]}]},{"@type":"BreadcrumbList","@id":"https:\/\/www.auditionsolidarite.org\/fr\/mission-humanitaire-vietnam-avril-2016\/#breadcrumb","itemListElement":[{"@type":"ListItem","position":1,"name":"Accueil","item":"https:\/\/www.auditionsolidarite.org\/fr\/"},{"@type":"ListItem","position":2,"name":"Mission humanitaire &#8211; Vietnam Avril 2016"}]},{"@type":"WebSite","@id":"https:\/\/www.auditionsolidarite.org\/fr\/#website","url":"https:\/\/www.auditionsolidarite.org\/fr\/","name":"AuditionSolidarit\u00e9","description":"Le hasard n&#039;existe pas ! Si vous \u00eates l\u00e0 aujourd&#039;hui, c&#039;est que le monde de l&#039;audition vous touche... Alors merci d&#039;\u00eatre l\u00e0 !","publisher":{"@id":"https:\/\/www.auditionsolidarite.org\/fr\/#organization"},"potentialAction":[{"@type":"SearchAction","target":{"@type":"EntryPoint","urlTemplate":"https:\/\/www.auditionsolidarite.org\/fr\/?s={search_term_string}"},"query-input":"required name=search_term_string"}],"inLanguage":"fr-FR"},{"@type":"Organization","@id":"https:\/\/www.auditionsolidarite.org\/fr\/#organization","name":"AuditionSolidarit\u00e9","url":"https:\/\/www.auditionsolidarite.org\/fr\/","logo":{"@type":"ImageObject","inLanguage":"fr-FR","@id":"https:\/\/www.auditionsolidarite.org\/fr\/#\/schema\/logo\/image\/","url":"https:\/\/www.auditionsolidarite.org\/wp-content\/uploads\/2015\/07\/logo-audition-solidarite-e1446132259721.png","contentUrl":"https:\/\/www.auditionsolidarite.org\/wp-content\/uploads\/2015\/07\/logo-audition-solidarite-e1446132259721.png","width":600,"height":593,"caption":"AuditionSolidarit\u00e9"},"image":{"@id":"https:\/\/www.auditionsolidarite.org\/fr\/#\/schema\/logo\/image\/"}}]}},"_links":{"self":[{"href":"https:\/\/www.auditionsolidarite.org\/fr\/wp-json\/wp\/v2\/pages\/5124"}],"collection":[{"href":"https:\/\/www.auditionsolidarite.org\/fr\/wp-json\/wp\/v2\/pages"}],"about":[{"href":"https:\/\/www.auditionsolidarite.org\/fr\/wp-json\/wp\/v2\/types\/page"}],"author":[{"embeddable":true,"href":"https:\/\/www.auditionsolidarite.org\/fr\/wp-json\/wp\/v2\/users\/2"}],"replies":[{"embeddable":true,"href":"https:\/\/www.auditionsolidarite.org\/fr\/wp-json\/wp\/v2\/comments?post=5124"}],"version-history":[{"count":1,"href":"https:\/\/www.auditionsolidarite.org\/fr\/wp-json\/wp\/v2\/pages\/5124\/revisions"}],"predecessor-version":[{"id":5125,"href":"https:\/\/www.auditionsolidarite.org\/fr\/wp-json\/wp\/v2\/pages\/5124\/revisions\/5125"}],"wp:attachment":[{"href":"https:\/\/www.auditionsolidarite.org\/fr\/wp-json\/wp\/v2\/media?parent=5124"}],"curies":[{"name":"wp","href":"https:\/\/api.w.org\/{rel}","templated":true}]}}