{"id":5020,"date":"2016-10-10T15:28:41","date_gmt":"2016-10-10T14:28:41","guid":{"rendered":"http:\/\/www.auditionsolidarite.org\/?page_id=5020"},"modified":"2016-10-10T15:28:41","modified_gmt":"2016-10-10T14:28:41","slug":"hotel-dieu-paris-mai-2016","status":"publish","type":"page","link":"https:\/\/www.auditionsolidarite.org\/fr\/hotel-dieu-paris-mai-2016\/","title":{"rendered":"H\u00f4tel-Dieu &#8211; Paris Mai 2016"},"content":{"rendered":"<h6 style=\"text-align: justify;\">Deuxi\u00e8me mission \u00ab Audition \u00bb de l&#8217;ann\u00e9e 2016 au sein de l\u2019AP-HP les 24 et 25 mai 2016.<b><br \/>\n<\/b><b><br \/>\n<\/b><b> <\/b><b> <\/b><\/h6>\n<p style=\"text-align: justify;\">Une \u00e9quipe de professionnels de l&#8217;audition compos\u00e9e d&#8217;ORL, audioproth\u00e9sistes, technicien d\u2019embouts, orthophoniste et logisticiens \u00e9tait pr\u00e9sente les 24 et 25 mai 2016 \u00e0 l&#8217;H\u00f4tel-Dieu AP-HP afin d&#8217;appareiller les personnes d\u00e9munies sourdes et malentendantes.<b><br \/>\n<\/b><b><br \/>\n<\/b><\/p>\n<p style=\"text-align: justify;\">L&#8217;\u00e9quipe aura accueilli pendant ces deux journ\u00e9es 101 personnes, aura appareill\u00e9 42 personnes et revu 27 personnes d\u00e9j\u00e0 appareill\u00e9es lors de pr\u00e9c\u00e9dentes missions afin de proc\u00e9der au contr\u00f4le de leur appareillage. 72 appareils auditifs ont \u00e9t\u00e9 adapt\u00e9s lors de cette mission.<br \/>\n<b><br \/>\n<\/b><b><\/b><\/p>\n<p>Retour d&#8217;AuditionSolidarit\u00e9 \u00e0 l&#8217;H\u00f4tel-Dieu les 4 et 5 octobre 2016.<b><br \/>\n<\/b><b><br \/>\n<\/b><\/p>\n<p><img loading=\"lazy\" decoding=\"async\" class=\"aligncenter size-large wp-image-4878\" src=\"\/wp-content\/uploads\/2015\/07\/Groupe2-1024x682.jpg\" alt=\"Groupe2\" width=\"860\" height=\"573\" srcset=\"https:\/\/www.auditionsolidarite.org\/wp-content\/uploads\/2015\/07\/Groupe2-1024x682.jpg 1024w, https:\/\/www.auditionsolidarite.org\/wp-content\/uploads\/2015\/07\/Groupe2-300x200.jpg 300w, https:\/\/www.auditionsolidarite.org\/wp-content\/uploads\/2015\/07\/Groupe2-768x511.jpg 768w\" sizes=\"(max-width: 860px) 100vw, 860px\" \/><\/p>\n<p><strong>Mission r\u00e9ussie avec des \u00e9quipes solidaires : <b><br \/>\n<\/b><\/strong><br \/>\nMerci \u00e0 Marie-Charlotte Labbey, Vanina Decelle, Bernard Bassahon, Rodolphe Garnier et Christine Bourger, audioproth\u00e9sistes<\/p>\n<p>Merci \u00e0 Marc Raynal, ORL<br \/>\nMerci \u00e0 Georges Ormancey pour la fabrication des embouts<br \/>\nMerci \u00e0 Clotilde Faure et Isabelle Prang, orthophoniste<br \/>\nMerci \u00e0 V\u00e9ronique Caput et Candice Parise, secr\u00e9tariat<\/p>\n<p>Merci \u00e0 Martin Chavant, l&#8217;\u00e9tudiant en audioproth\u00e8se<br \/>\nMerci \u00e0 Coumba du Service Civique<\/p>\n<p>Merci \u00e0 toute l&#8217;\u00e9quipe de l&#8217;AP-HP<br \/>\nMerci \u00e0 Martin Hirsch<br \/>\nMerci \u00e0 toutes les associations qui se sont impliqu\u00e9es !<b><br \/>\n<\/b><b><br \/>\n<\/b><\/p>\n<p style=\"text-align: justify;\"><strong>Et un grand MERCI \u00e0 la Fondation CARITAS FRANCE et la Fondation ZEPHYR en la personne de Sophie Kerob pour <\/strong><strong>leur pr\u00e9cieux soutien !<b><br \/>\n<\/b><b><br \/>\n<\/b><\/strong><\/p>\n<p style=\"text-align: center;\"><strong>Interviews post-mission<b><br \/>\n<\/b><\/strong><\/p>\n<table>\n<tbody>\n<tr>\n<td style=\"text-align: center; vertical-align: middle;\"><strong>Vanina Decelle &#8211; audioproth\u00e9siste<iframe loading=\"lazy\" src=\"https:\/\/www.youtube.com\/embed\/1mqn6opxLHs\" width=\"260\" height=\"170\" frameborder=\"0\" allowfullscreen=\"allowfullscreen\"><\/iframe><\/strong><\/td>\n<td style=\"text-align: center; vertical-align: middle;\"><strong>Bernard Bassahon &#8211; audioproth\u00e9siste<\/strong><\/p>\n<div class=\"ytp-html5-clipboard\">\n<div class=\"ytp-html5-clipboard\">\n<div class=\"ytp-html5-clipboard\">\n<p><iframe loading=\"lazy\" src=\"https:\/\/www.youtube.com\/embed\/1WYo1fmXO2U\" width=\"260\" height=\"170\" frameborder=\"0\" allowfullscreen=\"allowfullscreen\"><\/iframe><\/p>\n<\/div>\n<\/div>\n<\/div>\n<\/td>\n<td style=\"text-align: center; vertical-align: middle;\"><strong>Marie-Charlotte Labbey &#8211; audioproth\u00e9siste<\/strong><\/p>\n<div class=\"ytp-html5-clipboard\"><iframe loading=\"lazy\" src=\"https:\/\/www.youtube.com\/embed\/H_ALrPAor8g\" width=\"260\" height=\"170\" frameborder=\"0\" allowfullscreen=\"allowfullscreen\"><\/iframe><\/div>\n<\/td>\n<\/tr>\n<tr>\n<td style=\"text-align: center; vertical-align: middle;\"><strong><strong><b><br \/>\n<\/b>Rodolphe Garnier &#8211; audioproth\u00e9siste<iframe loading=\"lazy\" src=\"https:\/\/www.youtube.com\/embed\/YEKfJyKAB5o\" width=\"260\" height=\"170\" frameborder=\"0\" allowfullscreen=\"allowfullscreen\"><\/iframe><\/strong><\/strong><\/td>\n<td style=\"text-align: center; vertical-align: middle;\"><strong><strong><b><br \/>\n<\/b>V\u00e9ronique Caput &#8211; secr\u00e9tariat<iframe loading=\"lazy\" src=\"https:\/\/www.youtube.com\/embed\/odr_mKLQd3k\" width=\"260\" height=\"170\" frameborder=\"0\" allowfullscreen=\"allowfullscreen\"><\/iframe><\/strong><\/strong><\/td>\n<td style=\"text-align: center; vertical-align: middle;\"><strong><b><br \/>\n<\/b>Isabelle Prang &#8211; orthophoniste <iframe loading=\"lazy\" src=\"https:\/\/www.youtube.com\/embed\/tJlHMRMYbiU\" width=\"260\" height=\"170\" frameborder=\"0\" allowfullscreen=\"allowfullscreen\"><\/iframe><br \/>\n<\/strong><\/td>\n<\/tr>\n<tr>\n<td style=\"text-align: center; vertical-align: middle;\"><strong><b><br \/>\n<\/b>Candice Parise &#8211; secr\u00e9tariat<\/strong><br \/>\n<iframe loading=\"lazy\" src=\"https:\/\/www.youtube.com\/embed\/Dp4qeqAtGQU\" width=\"260\" height=\"170\" frameborder=\"0\" allowfullscreen=\"allowfullscreen\"><\/iframe><\/td>\n<td style=\"text-align: center; vertical-align: middle;\"><strong><b><br \/>\n<\/b>Marc Raynal &#8211; ORL<iframe loading=\"lazy\" src=\"https:\/\/www.youtube.com\/embed\/-5BgUYLt9DQ\" width=\"260\" height=\"170\" frameborder=\"0\" allowfullscreen=\"allowfullscreen\"><\/iframe><br \/>\n<\/strong><\/td>\n<td style=\"text-align: center; vertical-align: middle;\"><strong><b><br \/>\n<\/b>Georges Ormancey &#8211; audioproth\u00e9siste<\/strong><br \/>\n<iframe loading=\"lazy\" src=\"https:\/\/www.youtube.com\/embed\/hEhDZqEPTuo\" width=\"260\" height=\"170\" frameborder=\"0\" allowfullscreen=\"allowfullscreen\"><\/iframe><\/td>\n<\/tr>\n<tr>\n<td style=\"text-align: center; vertical-align: middle;\"><strong><b><b><br \/>\n<\/b>Martin Chavant &#8211; \u00e9tudiant<br \/>\n<iframe loading=\"lazy\" src=\"https:\/\/www.youtube.com\/embed\/UCAAxR8Juk8\" width=\"260\" height=\"170\" frameborder=\"0\" allowfullscreen=\"allowfullscreen\"><\/iframe><\/b><\/strong><\/td>\n<td style=\"text-align: center; vertical-align: middle;\"><\/td>\n<td style=\"text-align: center; vertical-align: middle;\"><\/td>\n<\/tr>\n<\/tbody>\n<\/table>","protected":false},"excerpt":{"rendered":"<p>Deuxi\u00e8me mission \u00ab Audition \u00bb de l&#8217;ann\u00e9e 2016 au sein de l\u2019AP-HP les 24 et 25 mai 2016. Une \u00e9quipe de professionnels de l&#8217;audition compos\u00e9e d&#8217;ORL, audioproth\u00e9sistes, technicien d\u2019embouts, orthophoniste et logisticiens \u00e9tait pr\u00e9sente les 24 et 25 mai 2016 \u00e0 l&#8217;H\u00f4tel-Dieu AP-HP afin d&#8217;appareiller les personnes d\u00e9munies sourdes et malentendantes. L&#8217;\u00e9quipe aura accueilli pendant ces deux journ\u00e9es 101 personnes,<\/p>\n","protected":false},"author":2,"featured_media":0,"parent":0,"menu_order":0,"comment_status":"closed","ping_status":"closed","template":"","meta":{"footnotes":""},"acf":[],"yoast_head":"<!-- This site is optimized with the Yoast SEO plugin v21.9.1 - https:\/\/yoast.com\/wordpress\/plugins\/seo\/ -->\n<title>H\u00f4tel-Dieu - Paris Mai 2016 - AuditionSolidarit\u00e9<\/title>\n<meta name=\"robots\" content=\"index, follow, max-snippet:-1, max-image-preview:large, max-video-preview:-1\" \/>\n<link rel=\"canonical\" href=\"https:\/\/www.auditionsolidarite.org\/fr\/hotel-dieu-paris-mai-2016\/\" \/>\n<meta property=\"og:locale\" content=\"fr_FR\" \/>\n<meta property=\"og:type\" content=\"article\" \/>\n<meta property=\"og:title\" content=\"H\u00f4tel-Dieu - Paris Mai 2016 - AuditionSolidarit\u00e9\" \/>\n<meta property=\"og:description\" content=\"Deuxi\u00e8me mission \u00ab Audition \u00bb de l&#8217;ann\u00e9e 2016 au sein de l\u2019AP-HP les 24 et 25 mai 2016. Une \u00e9quipe de professionnels de l&#8217;audition compos\u00e9e d&#8217;ORL, audioproth\u00e9sistes, technicien d\u2019embouts, orthophoniste et logisticiens \u00e9tait pr\u00e9sente les 24 et 25 mai 2016 \u00e0 l&#8217;H\u00f4tel-Dieu AP-HP afin d&#8217;appareiller les personnes d\u00e9munies sourdes et malentendantes. L&#8217;\u00e9quipe aura accueilli pendant ces deux journ\u00e9es 101 personnes,\" \/>\n<meta property=\"og:url\" content=\"https:\/\/www.auditionsolidarite.org\/fr\/hotel-dieu-paris-mai-2016\/\" \/>\n<meta property=\"og:site_name\" content=\"AuditionSolidarit\u00e9\" \/>\n<meta property=\"og:image\" content=\"https:\/\/www.auditionsolidarite.org\/wp-content\/uploads\/2015\/07\/logo-audition-solidarite-e1446132259721.png\" \/>\n\t<meta property=\"og:image:width\" content=\"600\" \/>\n\t<meta property=\"og:image:height\" content=\"593\" \/>\n\t<meta property=\"og:image:type\" content=\"image\/png\" \/>\n<meta name=\"twitter:card\" content=\"summary_large_image\" \/>\n<meta name=\"twitter:label1\" content=\"Dur\u00e9e de lecture estim\u00e9e\" \/>\n\t<meta name=\"twitter:data1\" content=\"1 minute\" \/>\n<script type=\"application\/ld+json\" class=\"yoast-schema-graph\">{\"@context\":\"https:\/\/schema.org\",\"@graph\":[{\"@type\":\"WebPage\",\"@id\":\"https:\/\/www.auditionsolidarite.org\/fr\/hotel-dieu-paris-mai-2016\/\",\"url\":\"https:\/\/www.auditionsolidarite.org\/fr\/hotel-dieu-paris-mai-2016\/\",\"name\":\"H\u00f4tel-Dieu - Paris Mai 2016 - AuditionSolidarit\u00e9\",\"isPartOf\":{\"@id\":\"https:\/\/www.auditionsolidarite.org\/fr\/#website\"},\"datePublished\":\"2016-10-10T14:28:41+00:00\",\"dateModified\":\"2016-10-10T14:28:41+00:00\",\"breadcrumb\":{\"@id\":\"https:\/\/www.auditionsolidarite.org\/fr\/hotel-dieu-paris-mai-2016\/#breadcrumb\"},\"inLanguage\":\"fr-FR\",\"potentialAction\":[{\"@type\":\"ReadAction\",\"target\":[[\"https:\/\/www.auditionsolidarite.org\/fr\/hotel-dieu-paris-mai-2016\/\"]]}]},{\"@type\":\"BreadcrumbList\",\"@id\":\"https:\/\/www.auditionsolidarite.org\/fr\/hotel-dieu-paris-mai-2016\/#breadcrumb\",\"itemListElement\":[{\"@type\":\"ListItem\",\"position\":1,\"name\":\"Accueil\",\"item\":\"https:\/\/www.auditionsolidarite.org\/fr\/\"},{\"@type\":\"ListItem\",\"position\":2,\"name\":\"H\u00f4tel-Dieu &#8211; Paris Mai 2016\"}]},{\"@type\":\"WebSite\",\"@id\":\"https:\/\/www.auditionsolidarite.org\/fr\/#website\",\"url\":\"https:\/\/www.auditionsolidarite.org\/fr\/\",\"name\":\"AuditionSolidarit\u00e9\",\"description\":\"Le hasard n&#039;existe pas ! Si vous \u00eates l\u00e0 aujourd&#039;hui, c&#039;est que le monde de l&#039;audition vous touche... Alors merci d&#039;\u00eatre l\u00e0 !\",\"publisher\":{\"@id\":\"https:\/\/www.auditionsolidarite.org\/fr\/#organization\"},\"potentialAction\":[{\"@type\":\"SearchAction\",\"target\":{\"@type\":\"EntryPoint\",\"urlTemplate\":\"https:\/\/www.auditionsolidarite.org\/fr\/?s={search_term_string}\"},\"query-input\":\"required name=search_term_string\"}],\"inLanguage\":\"fr-FR\"},{\"@type\":\"Organization\",\"@id\":\"https:\/\/www.auditionsolidarite.org\/fr\/#organization\",\"name\":\"AuditionSolidarit\u00e9\",\"url\":\"https:\/\/www.auditionsolidarite.org\/fr\/\",\"logo\":{\"@type\":\"ImageObject\",\"inLanguage\":\"fr-FR\",\"@id\":\"https:\/\/www.auditionsolidarite.org\/fr\/#\/schema\/logo\/image\/\",\"url\":\"https:\/\/www.auditionsolidarite.org\/wp-content\/uploads\/2015\/07\/logo-audition-solidarite-e1446132259721.png\",\"contentUrl\":\"https:\/\/www.auditionsolidarite.org\/wp-content\/uploads\/2015\/07\/logo-audition-solidarite-e1446132259721.png\",\"width\":600,\"height\":593,\"caption\":\"AuditionSolidarit\u00e9\"},\"image\":{\"@id\":\"https:\/\/www.auditionsolidarite.org\/fr\/#\/schema\/logo\/image\/\"}}]}<\/script>\n<!-- \/ Yoast SEO plugin. -->","yoast_head_json":{"title":"H\u00f4tel-Dieu - Paris Mai 2016 - AuditionSolidarit\u00e9","robots":{"index":"index","follow":"follow","max-snippet":"max-snippet:-1","max-image-preview":"max-image-preview:large","max-video-preview":"max-video-preview:-1"},"canonical":"https:\/\/www.auditionsolidarite.org\/fr\/hotel-dieu-paris-mai-2016\/","og_locale":"fr_FR","og_type":"article","og_title":"H\u00f4tel-Dieu - Paris Mai 2016 - AuditionSolidarit\u00e9","og_description":"Deuxi\u00e8me mission \u00ab Audition \u00bb de l&#8217;ann\u00e9e 2016 au sein de l\u2019AP-HP les 24 et 25 mai 2016. Une \u00e9quipe de professionnels de l&#8217;audition compos\u00e9e d&#8217;ORL, audioproth\u00e9sistes, technicien d\u2019embouts, orthophoniste et logisticiens \u00e9tait pr\u00e9sente les 24 et 25 mai 2016 \u00e0 l&#8217;H\u00f4tel-Dieu AP-HP afin d&#8217;appareiller les personnes d\u00e9munies sourdes et malentendantes. L&#8217;\u00e9quipe aura accueilli pendant ces deux journ\u00e9es 101 personnes,","og_url":"https:\/\/www.auditionsolidarite.org\/fr\/hotel-dieu-paris-mai-2016\/","og_site_name":"AuditionSolidarit\u00e9","og_image":[{"width":600,"height":593,"url":"https:\/\/www.auditionsolidarite.org\/wp-content\/uploads\/2015\/07\/logo-audition-solidarite-e1446132259721.png","type":"image\/png"}],"twitter_card":"summary_large_image","twitter_misc":{"Dur\u00e9e de lecture estim\u00e9e":"1 minute"},"schema":{"@context":"https:\/\/schema.org","@graph":[{"@type":"WebPage","@id":"https:\/\/www.auditionsolidarite.org\/fr\/hotel-dieu-paris-mai-2016\/","url":"https:\/\/www.auditionsolidarite.org\/fr\/hotel-dieu-paris-mai-2016\/","name":"H\u00f4tel-Dieu - Paris Mai 2016 - AuditionSolidarit\u00e9","isPartOf":{"@id":"https:\/\/www.auditionsolidarite.org\/fr\/#website"},"datePublished":"2016-10-10T14:28:41+00:00","dateModified":"2016-10-10T14:28:41+00:00","breadcrumb":{"@id":"https:\/\/www.auditionsolidarite.org\/fr\/hotel-dieu-paris-mai-2016\/#breadcrumb"},"inLanguage":"fr-FR","potentialAction":[{"@type":"ReadAction","target":[["https:\/\/www.auditionsolidarite.org\/fr\/hotel-dieu-paris-mai-2016\/"]]}]},{"@type":"BreadcrumbList","@id":"https:\/\/www.auditionsolidarite.org\/fr\/hotel-dieu-paris-mai-2016\/#breadcrumb","itemListElement":[{"@type":"ListItem","position":1,"name":"Accueil","item":"https:\/\/www.auditionsolidarite.org\/fr\/"},{"@type":"ListItem","position":2,"name":"H\u00f4tel-Dieu &#8211; Paris Mai 2016"}]},{"@type":"WebSite","@id":"https:\/\/www.auditionsolidarite.org\/fr\/#website","url":"https:\/\/www.auditionsolidarite.org\/fr\/","name":"AuditionSolidarit\u00e9","description":"Le hasard n&#039;existe pas ! Si vous \u00eates l\u00e0 aujourd&#039;hui, c&#039;est que le monde de l&#039;audition vous touche... Alors merci d&#039;\u00eatre l\u00e0 !","publisher":{"@id":"https:\/\/www.auditionsolidarite.org\/fr\/#organization"},"potentialAction":[{"@type":"SearchAction","target":{"@type":"EntryPoint","urlTemplate":"https:\/\/www.auditionsolidarite.org\/fr\/?s={search_term_string}"},"query-input":"required name=search_term_string"}],"inLanguage":"fr-FR"},{"@type":"Organization","@id":"https:\/\/www.auditionsolidarite.org\/fr\/#organization","name":"AuditionSolidarit\u00e9","url":"https:\/\/www.auditionsolidarite.org\/fr\/","logo":{"@type":"ImageObject","inLanguage":"fr-FR","@id":"https:\/\/www.auditionsolidarite.org\/fr\/#\/schema\/logo\/image\/","url":"https:\/\/www.auditionsolidarite.org\/wp-content\/uploads\/2015\/07\/logo-audition-solidarite-e1446132259721.png","contentUrl":"https:\/\/www.auditionsolidarite.org\/wp-content\/uploads\/2015\/07\/logo-audition-solidarite-e1446132259721.png","width":600,"height":593,"caption":"AuditionSolidarit\u00e9"},"image":{"@id":"https:\/\/www.auditionsolidarite.org\/fr\/#\/schema\/logo\/image\/"}}]}},"_links":{"self":[{"href":"https:\/\/www.auditionsolidarite.org\/fr\/wp-json\/wp\/v2\/pages\/5020"}],"collection":[{"href":"https:\/\/www.auditionsolidarite.org\/fr\/wp-json\/wp\/v2\/pages"}],"about":[{"href":"https:\/\/www.auditionsolidarite.org\/fr\/wp-json\/wp\/v2\/types\/page"}],"author":[{"embeddable":true,"href":"https:\/\/www.auditionsolidarite.org\/fr\/wp-json\/wp\/v2\/users\/2"}],"replies":[{"embeddable":true,"href":"https:\/\/www.auditionsolidarite.org\/fr\/wp-json\/wp\/v2\/comments?post=5020"}],"version-history":[{"count":1,"href":"https:\/\/www.auditionsolidarite.org\/fr\/wp-json\/wp\/v2\/pages\/5020\/revisions"}],"predecessor-version":[{"id":5021,"href":"https:\/\/www.auditionsolidarite.org\/fr\/wp-json\/wp\/v2\/pages\/5020\/revisions\/5021"}],"wp:attachment":[{"href":"https:\/\/www.auditionsolidarite.org\/fr\/wp-json\/wp\/v2\/media?parent=5020"}],"curies":[{"name":"wp","href":"https:\/\/api.w.org\/{rel}","templated":true}]}}