{"id":50,"date":"2015-07-07T14:11:19","date_gmt":"2015-07-07T13:11:19","guid":{"rendered":"http:\/\/localhost\/auditionsolidarite.org\/?page_id=50"},"modified":"2025-12-17T16:15:13","modified_gmt":"2025-12-17T15:15:13","slug":"notre-atelier-de-recyclage","status":"publish","type":"page","link":"https:\/\/www.auditionsolidarite.org\/fr\/notre-atelier-de-recyclage\/","title":{"rendered":"Notre atelier de recyclage"},"content":{"rendered":"<h6 style=\"text-align: justify;\">Unique\u00a0en France !<b><br \/>\n<\/b><b><br \/>\n<\/b><\/h6>\n<p>En 2012, AuditionSolidarit\u00e9 remporte le 1er Prix des Femmes pour le d\u00e9veloppement durable.<b>\u00a0<\/b>Ce Prix nous permet alors d\u2019acqu\u00e9rir et de mettre en place notre\u00a0atelier de recyclage.<b><br \/>\n<\/b><b><br \/>\n<\/b>En 2013, AuditionSolidarit\u00e9 remporte le Prix Europe1 Solidarit\u00e9.<b> <\/b>Europe1 nous offre une campagne radio nationale sur la r\u00e9cup\u00e9ration des appareils auditifs usag\u00e9s.<b><br \/>\n<\/b><b><br \/>\n<\/b>De 2014 \u00e0 2016, l\u2019association Agir pour l\u2019Audition soutient AuditionSolidarit\u00e9 et finance les \u00e9lectroniciens qui recyclent au sein de l\u2019atelier dans une parfaite \u00e9cologie\u00a0tous\u00a0les\u00a0appareils auditifs r\u00e9cup\u00e9r\u00e9s.<b> <\/b><b><b><br \/>\n<\/b><b><br \/>\n<\/b><\/b><\/p>\n<p>En 2017, gr\u00e2ce au don du grand public, au soutien de la Fondation Dominique&amp;Tom ALBERICI et de nos 223 audioproth\u00e9sistes solidaires qui collectent\u00a0dans leurs centres les anciens appareils auditifs, AuditionSolidarit\u00e9 a r\u00e9cup\u00e9r\u00e9 4 040 appareils et en a recycl\u00e9 2 030 dans une parfaite \u00e9cologie ! Plus de 1 850 appareils ont \u00e9t\u00e9 r\u00e9adapt\u00e9s sur nos missions humanitaires.<strong><b><br \/>\n<\/b><b>\u00a0<\/b><b><br \/>\n<\/b><\/strong><\/p>\n<p>Au fil du temps, les colis arrivent toujours plus nombreux chaque jour \u00e0 l\u2019association, notre atelier \u00ab d\u00e9borde \u00bb il faut donc le structurer, l\u2019agrandir et le d\u00e9velopper davantage d\u2019autant que parall\u00e8lement, nous accueillons de plus en plus de personnes vuln\u00e9rables sur nos missions humanitaires.<b><br \/>\n<\/b><b><br \/>\n<\/b><\/p>\n<p>L\u2019ann\u00e9e 2018 fut une ann\u00e9e de bonheur \u00e0 double titre\u00a0: en plus de la Fondation ALBERICI\u00a0, nous avons accueilli les Fondations UP et La FRANCE S\u2019ENGAGE qui souhaitent soutenir pleinement notre action de d\u00e9veloppement durable jusqu\u2019\u00e0 fin 2020 et nous avons eu l\u2019immense honneur de recevoir une d\u00e9l\u00e9gation qu\u00e9b\u00e9coise qui a dupliqu\u00e9 notre mod\u00e8le de recyclage au Qu\u00e9bec \u00e0 l\u2019automne 2018\u2026 l\u2019Atelier de recyclage d\u2019AuditionSolidarit\u00e9, le seul et unique en France s\u2019exporte \u00e0 l\u2019international\u2026 fiers\u00a0! <b><br \/>\n<\/b><b><br \/>\n<\/b><\/p>\n<p>L\u2019ann\u00e9e 2019 d\u00e9marre fort bien\u00a0: un atelier 3 fois plus grand et l\u2019arriv\u00e9e de 2 audioproth\u00e9sistes-m\u00e9c\u00e8nes prestataires qui viennent pr\u00eater mains fortes \u00e0 nos 2 \u00e9lectroniciens et \u00e0 notre pr\u00e9sidente Christine\u00a0! Ouf\u2026 on va pouvoir r\u00e9cup\u00e9rer notre retard\u2026<b><br \/>\n<\/b><b><br \/>\n<\/b><\/p>\n<p><b>Un point \u00ab\u00a0n\u00e9gatif\u00a0\u00bb\u00a0: nous manquons d\u2019appareils auditifs usag\u00e9s surpuissants pour nos missions humanitaires \u00e0 l\u2019\u00e9tranger, il y a urgence\u00a0! Nous devons donc tr\u00e8s vite sensibiliser tous les centres d\u2019implants (h\u00f4pitaux, associations, fournisseurs et audioproth\u00e9sistes sp\u00e9cialistes de l\u2019appareillage de l\u2019enfant\u2026), les motiver \u00e0 r\u00e9cup\u00e9rer aupr\u00e8s des enfants implant\u00e9s leurs anciens contours auditifs et \u00e0 nous les transmettre. <\/b><b>Les enfants implant\u00e9s et leurs parents seraient tr\u00e8s certainement fiers de donner une 2<sup>\u00e8me<\/sup> Vie \u00e0 leurs appareils\u00a0! \u00a0<b><br \/>\n<\/b><b><br \/>\n<\/b><\/b><\/p>\n<p>Trouver un audioproth\u00e9siste solidaire, <span style=\"text-decoration: underline;\"><a href=\"\/donnez-votre-ancien-appareil-auditif\/\"><span style=\"color: #ff0000; text-decoration: underline;\">cliquez sur votre d\u00e9partement<b><br \/>\n<\/b><\/span><\/a><\/span><b><br \/>\n<\/b><\/p>\n<p style=\"text-align: center;\"><b> Vid\u00e9o : <b><\/b><\/b><strong>Le recyclage des appareils auditifs par AuditionSolidarit\u00e9<\/strong><b><b><\/b><b><iframe loading=\"lazy\" title=\"YouTube video player\" src=\"https:\/\/www.youtube-nocookie.com\/embed\/VQJHyZL0sg4?si=-wJVI5-4g3vd41lX\" width=\"560\" height=\"315\" frameborder=\"0\" allowfullscreen=\"allowfullscreen\"><\/iframe><br \/>\n<\/b><b><br \/>\n<\/b> Vid\u00e9o : AuditionSolidarit\u00e9, Comment les appareils auditifs sont recycl\u00e9s<b><\/b><\/b><b><\/b><\/p>\n<p style=\"text-align: center;\"><iframe loading=\"lazy\" title=\"YouTube video player\" src=\"https:\/\/www.youtube-nocookie.com\/embed\/iU5uCWvw5Ac?si=ee8CCkwmc6c371CF\" width=\"560\" height=\"315\" frameborder=\"0\" allowfullscreen=\"allowfullscreen\"><\/iframe><br \/>\n<b><br \/>\n<\/b><b><\/b><b><\/b><b><\/b><b><b>\u00a0<\/b><\/b><\/p>\n<table style=\"border-collapse: collapse; width: 100%;\" border=\"1\">\n<tbody>\n<tr>\n<td style=\"width: 33.3333%;\"><img loading=\"lazy\" decoding=\"async\" class=\"aligncenter wp-image-10025\" src=\"\/\/www.auditionsolidarite.org\/wp-content\/uploads\/2024\/06\/Atelier-5-BD.jpg\" alt=\"\" width=\"300\" height=\"225\" srcset=\"https:\/\/www.auditionsolidarite.org\/wp-content\/uploads\/2024\/06\/Atelier-5-BD.jpg 500w, https:\/\/www.auditionsolidarite.org\/wp-content\/uploads\/2024\/06\/Atelier-5-BD-300x225.jpg 300w\" sizes=\"(max-width: 300px) 100vw, 300px\" \/><\/td>\n<td style=\"width: 33.3333%;\"><img loading=\"lazy\" decoding=\"async\" class=\"aligncenter wp-image-10023\" src=\"\/\/www.auditionsolidarite.org\/wp-content\/uploads\/2024\/06\/Atelier-3-BD.jpg\" alt=\"\" width=\"300\" height=\"225\" srcset=\"https:\/\/www.auditionsolidarite.org\/wp-content\/uploads\/2024\/06\/Atelier-3-BD.jpg 400w, https:\/\/www.auditionsolidarite.org\/wp-content\/uploads\/2024\/06\/Atelier-3-BD-300x225.jpg 300w\" sizes=\"(max-width: 300px) 100vw, 300px\" \/><\/td>\n<td style=\"width: 33.3333%;\"><img loading=\"lazy\" decoding=\"async\" class=\"aligncenter wp-image-10024\" src=\"\/\/www.auditionsolidarite.org\/wp-content\/uploads\/2024\/06\/Atelier-4-BD.jpg\" alt=\"\" width=\"300\" height=\"225\" srcset=\"https:\/\/www.auditionsolidarite.org\/wp-content\/uploads\/2024\/06\/Atelier-4-BD.jpg 400w, https:\/\/www.auditionsolidarite.org\/wp-content\/uploads\/2024\/06\/Atelier-4-BD-300x225.jpg 300w\" sizes=\"(max-width: 300px) 100vw, 300px\" \/><\/td>\n<\/tr>\n<\/tbody>\n<\/table>","protected":false},"excerpt":{"rendered":"<p>Unique\u00a0en France ! En 2012, AuditionSolidarit\u00e9 remporte le 1er Prix des Femmes pour le d\u00e9veloppement durable.\u00a0Ce Prix nous permet alors d\u2019acqu\u00e9rir et de mettre en place notre\u00a0atelier de recyclage. En 2013, AuditionSolidarit\u00e9 remporte le Prix Europe1 Solidarit\u00e9. Europe1 nous offre une campagne radio nationale sur la r\u00e9cup\u00e9ration des appareils auditifs usag\u00e9s. De 2014 \u00e0 2016, l\u2019association Agir pour l\u2019Audition soutient<\/p>\n","protected":false},"author":10,"featured_media":0,"parent":0,"menu_order":0,"comment_status":"closed","ping_status":"closed","template":"","meta":{"footnotes":""},"acf":[],"yoast_head":"<!-- This site is optimized with the Yoast SEO plugin v21.9.1 - https:\/\/yoast.com\/wordpress\/plugins\/seo\/ -->\n<title>Notre atelier de recyclage - AuditionSolidarit\u00e9<\/title>\n<meta name=\"robots\" content=\"index, follow, max-snippet:-1, max-image-preview:large, max-video-preview:-1\" \/>\n<link rel=\"canonical\" href=\"https:\/\/www.auditionsolidarite.org\/fr\/notre-atelier-de-recyclage\/\" \/>\n<meta property=\"og:locale\" content=\"fr_FR\" \/>\n<meta property=\"og:type\" content=\"article\" \/>\n<meta property=\"og:title\" content=\"Notre atelier de recyclage - AuditionSolidarit\u00e9\" \/>\n<meta property=\"og:description\" content=\"Unique\u00a0en France ! En 2012, AuditionSolidarit\u00e9 remporte le 1er Prix des Femmes pour le d\u00e9veloppement durable.\u00a0Ce Prix nous permet alors d\u2019acqu\u00e9rir et de mettre en place notre\u00a0atelier de recyclage. En 2013, AuditionSolidarit\u00e9 remporte le Prix Europe1 Solidarit\u00e9. Europe1 nous offre une campagne radio nationale sur la r\u00e9cup\u00e9ration des appareils auditifs usag\u00e9s. De 2014 \u00e0 2016, l\u2019association Agir pour l\u2019Audition soutient\" \/>\n<meta property=\"og:url\" content=\"https:\/\/www.auditionsolidarite.org\/fr\/notre-atelier-de-recyclage\/\" \/>\n<meta property=\"og:site_name\" content=\"AuditionSolidarit\u00e9\" \/>\n<meta property=\"article:modified_time\" content=\"2025-12-17T15:15:13+00:00\" \/>\n<meta property=\"og:image\" content=\"https:\/\/www.auditionsolidarite.org\/wp-content\/uploads\/2015\/07\/logo-audition-solidarite-e1446132259721.png\" \/>\n\t<meta property=\"og:image:width\" content=\"600\" \/>\n\t<meta property=\"og:image:height\" content=\"593\" \/>\n\t<meta property=\"og:image:type\" content=\"image\/png\" \/>\n<meta name=\"twitter:card\" content=\"summary_large_image\" \/>\n<meta name=\"twitter:label1\" content=\"Dur\u00e9e de lecture estim\u00e9e\" \/>\n\t<meta name=\"twitter:data1\" content=\"3 minutes\" \/>\n<script type=\"application\/ld+json\" class=\"yoast-schema-graph\">{\"@context\":\"https:\/\/schema.org\",\"@graph\":[{\"@type\":\"WebPage\",\"@id\":\"https:\/\/www.auditionsolidarite.org\/fr\/notre-atelier-de-recyclage\/\",\"url\":\"https:\/\/www.auditionsolidarite.org\/fr\/notre-atelier-de-recyclage\/\",\"name\":\"Notre atelier de recyclage - AuditionSolidarit\u00e9\",\"isPartOf\":{\"@id\":\"https:\/\/www.auditionsolidarite.org\/fr\/#website\"},\"datePublished\":\"2015-07-07T13:11:19+00:00\",\"dateModified\":\"2025-12-17T15:15:13+00:00\",\"breadcrumb\":{\"@id\":\"https:\/\/www.auditionsolidarite.org\/fr\/notre-atelier-de-recyclage\/#breadcrumb\"},\"inLanguage\":\"fr-FR\",\"potentialAction\":[{\"@type\":\"ReadAction\",\"target\":[[\"https:\/\/www.auditionsolidarite.org\/fr\/notre-atelier-de-recyclage\/\"]]}]},{\"@type\":\"BreadcrumbList\",\"@id\":\"https:\/\/www.auditionsolidarite.org\/fr\/notre-atelier-de-recyclage\/#breadcrumb\",\"itemListElement\":[{\"@type\":\"ListItem\",\"position\":1,\"name\":\"Accueil\",\"item\":\"https:\/\/www.auditionsolidarite.org\/fr\/\"},{\"@type\":\"ListItem\",\"position\":2,\"name\":\"Notre atelier de recyclage\"}]},{\"@type\":\"WebSite\",\"@id\":\"https:\/\/www.auditionsolidarite.org\/fr\/#website\",\"url\":\"https:\/\/www.auditionsolidarite.org\/fr\/\",\"name\":\"AuditionSolidarit\u00e9\",\"description\":\"Le hasard n&#039;existe pas ! Si vous \u00eates l\u00e0 aujourd&#039;hui, c&#039;est que le monde de l&#039;audition vous touche... Alors merci d&#039;\u00eatre l\u00e0 !\",\"publisher\":{\"@id\":\"https:\/\/www.auditionsolidarite.org\/fr\/#organization\"},\"potentialAction\":[{\"@type\":\"SearchAction\",\"target\":{\"@type\":\"EntryPoint\",\"urlTemplate\":\"https:\/\/www.auditionsolidarite.org\/fr\/?s={search_term_string}\"},\"query-input\":\"required name=search_term_string\"}],\"inLanguage\":\"fr-FR\"},{\"@type\":\"Organization\",\"@id\":\"https:\/\/www.auditionsolidarite.org\/fr\/#organization\",\"name\":\"AuditionSolidarit\u00e9\",\"url\":\"https:\/\/www.auditionsolidarite.org\/fr\/\",\"logo\":{\"@type\":\"ImageObject\",\"inLanguage\":\"fr-FR\",\"@id\":\"https:\/\/www.auditionsolidarite.org\/fr\/#\/schema\/logo\/image\/\",\"url\":\"https:\/\/www.auditionsolidarite.org\/wp-content\/uploads\/2015\/07\/logo-audition-solidarite-e1446132259721.png\",\"contentUrl\":\"https:\/\/www.auditionsolidarite.org\/wp-content\/uploads\/2015\/07\/logo-audition-solidarite-e1446132259721.png\",\"width\":600,\"height\":593,\"caption\":\"AuditionSolidarit\u00e9\"},\"image\":{\"@id\":\"https:\/\/www.auditionsolidarite.org\/fr\/#\/schema\/logo\/image\/\"}}]}<\/script>\n<!-- \/ Yoast SEO plugin. -->","yoast_head_json":{"title":"Notre atelier de recyclage - AuditionSolidarit\u00e9","robots":{"index":"index","follow":"follow","max-snippet":"max-snippet:-1","max-image-preview":"max-image-preview:large","max-video-preview":"max-video-preview:-1"},"canonical":"https:\/\/www.auditionsolidarite.org\/fr\/notre-atelier-de-recyclage\/","og_locale":"fr_FR","og_type":"article","og_title":"Notre atelier de recyclage - AuditionSolidarit\u00e9","og_description":"Unique\u00a0en France ! En 2012, AuditionSolidarit\u00e9 remporte le 1er Prix des Femmes pour le d\u00e9veloppement durable.\u00a0Ce Prix nous permet alors d\u2019acqu\u00e9rir et de mettre en place notre\u00a0atelier de recyclage. En 2013, AuditionSolidarit\u00e9 remporte le Prix Europe1 Solidarit\u00e9. Europe1 nous offre une campagne radio nationale sur la r\u00e9cup\u00e9ration des appareils auditifs usag\u00e9s. De 2014 \u00e0 2016, l\u2019association Agir pour l\u2019Audition soutient","og_url":"https:\/\/www.auditionsolidarite.org\/fr\/notre-atelier-de-recyclage\/","og_site_name":"AuditionSolidarit\u00e9","article_modified_time":"2025-12-17T15:15:13+00:00","og_image":[{"width":600,"height":593,"url":"https:\/\/www.auditionsolidarite.org\/wp-content\/uploads\/2015\/07\/logo-audition-solidarite-e1446132259721.png","type":"image\/png"}],"twitter_card":"summary_large_image","twitter_misc":{"Dur\u00e9e de lecture estim\u00e9e":"3 minutes"},"schema":{"@context":"https:\/\/schema.org","@graph":[{"@type":"WebPage","@id":"https:\/\/www.auditionsolidarite.org\/fr\/notre-atelier-de-recyclage\/","url":"https:\/\/www.auditionsolidarite.org\/fr\/notre-atelier-de-recyclage\/","name":"Notre atelier de recyclage - AuditionSolidarit\u00e9","isPartOf":{"@id":"https:\/\/www.auditionsolidarite.org\/fr\/#website"},"datePublished":"2015-07-07T13:11:19+00:00","dateModified":"2025-12-17T15:15:13+00:00","breadcrumb":{"@id":"https:\/\/www.auditionsolidarite.org\/fr\/notre-atelier-de-recyclage\/#breadcrumb"},"inLanguage":"fr-FR","potentialAction":[{"@type":"ReadAction","target":[["https:\/\/www.auditionsolidarite.org\/fr\/notre-atelier-de-recyclage\/"]]}]},{"@type":"BreadcrumbList","@id":"https:\/\/www.auditionsolidarite.org\/fr\/notre-atelier-de-recyclage\/#breadcrumb","itemListElement":[{"@type":"ListItem","position":1,"name":"Accueil","item":"https:\/\/www.auditionsolidarite.org\/fr\/"},{"@type":"ListItem","position":2,"name":"Notre atelier de recyclage"}]},{"@type":"WebSite","@id":"https:\/\/www.auditionsolidarite.org\/fr\/#website","url":"https:\/\/www.auditionsolidarite.org\/fr\/","name":"AuditionSolidarit\u00e9","description":"Le hasard n&#039;existe pas ! Si vous \u00eates l\u00e0 aujourd&#039;hui, c&#039;est que le monde de l&#039;audition vous touche... Alors merci d&#039;\u00eatre l\u00e0 !","publisher":{"@id":"https:\/\/www.auditionsolidarite.org\/fr\/#organization"},"potentialAction":[{"@type":"SearchAction","target":{"@type":"EntryPoint","urlTemplate":"https:\/\/www.auditionsolidarite.org\/fr\/?s={search_term_string}"},"query-input":"required name=search_term_string"}],"inLanguage":"fr-FR"},{"@type":"Organization","@id":"https:\/\/www.auditionsolidarite.org\/fr\/#organization","name":"AuditionSolidarit\u00e9","url":"https:\/\/www.auditionsolidarite.org\/fr\/","logo":{"@type":"ImageObject","inLanguage":"fr-FR","@id":"https:\/\/www.auditionsolidarite.org\/fr\/#\/schema\/logo\/image\/","url":"https:\/\/www.auditionsolidarite.org\/wp-content\/uploads\/2015\/07\/logo-audition-solidarite-e1446132259721.png","contentUrl":"https:\/\/www.auditionsolidarite.org\/wp-content\/uploads\/2015\/07\/logo-audition-solidarite-e1446132259721.png","width":600,"height":593,"caption":"AuditionSolidarit\u00e9"},"image":{"@id":"https:\/\/www.auditionsolidarite.org\/fr\/#\/schema\/logo\/image\/"}}]}},"_links":{"self":[{"href":"https:\/\/www.auditionsolidarite.org\/fr\/wp-json\/wp\/v2\/pages\/50"}],"collection":[{"href":"https:\/\/www.auditionsolidarite.org\/fr\/wp-json\/wp\/v2\/pages"}],"about":[{"href":"https:\/\/www.auditionsolidarite.org\/fr\/wp-json\/wp\/v2\/types\/page"}],"author":[{"embeddable":true,"href":"https:\/\/www.auditionsolidarite.org\/fr\/wp-json\/wp\/v2\/users\/10"}],"replies":[{"embeddable":true,"href":"https:\/\/www.auditionsolidarite.org\/fr\/wp-json\/wp\/v2\/comments?post=50"}],"version-history":[{"count":9,"href":"https:\/\/www.auditionsolidarite.org\/fr\/wp-json\/wp\/v2\/pages\/50\/revisions"}],"predecessor-version":[{"id":10705,"href":"https:\/\/www.auditionsolidarite.org\/fr\/wp-json\/wp\/v2\/pages\/50\/revisions\/10705"}],"wp:attachment":[{"href":"https:\/\/www.auditionsolidarite.org\/fr\/wp-json\/wp\/v2\/media?parent=50"}],"curies":[{"name":"wp","href":"https:\/\/api.w.org\/{rel}","templated":true}]}}