{"id":4950,"date":"2016-07-12T14:57:40","date_gmt":"2016-07-12T13:57:40","guid":{"rendered":"http:\/\/www.auditionsolidarite.org\/?page_id=4950"},"modified":"2016-07-12T15:57:50","modified_gmt":"2016-07-12T14:57:50","slug":"hotel-dieu-paris-ap-hp-septembre-2015","status":"publish","type":"page","link":"https:\/\/www.auditionsolidarite.org\/fr\/hotel-dieu-paris-ap-hp-septembre-2015\/","title":{"rendered":"H\u00f4tel-Dieu (Paris) &#8211; AP-HP &#8211; Septembre 2015"},"content":{"rendered":"<h6><strong>3<\/strong>\u00e8me Mission humanitaire \u00e0 Paris &#8211; AP-HP &#8211; Septembre 2015<\/h6>\n<p style=\"text-align: justify;\">L\u2019association AuditionSolidarit\u00e9, en collaboration avec l\u2019Assistance Publique-H\u00f4pitaux de Paris, a organis\u00e9 les 29 et 30 septembre 2015 sa troisi\u00e8me mission \u00ab Audition \u00bb au sein de l\u2019AP-HP.<br \/>\nLe but \u00e9tait de prendre en charge les probl\u00e8mes d\u2019audition des personnes d\u00e9favoris\u00e9es sans papiers ou b\u00e9n\u00e9ficiant de l\u2019AME.<b><br \/>\n<\/b><b><br \/>\n<\/b><\/p>\n<p>L\u2019\u00e9quipe a accueilli 76 personnes sur deux jours et a appareill\u00e9 29 d\u2019entre elles.<br \/>\n42 appareils auditifs\u00a0ont\u00a0\u00e9t\u00e9 adapt\u00e9s.<b> <\/b><br \/>\nUne autre grande satisfaction a \u00e9t\u00e9 de revoir 19 personnes d\u00e9j\u00e0 appareill\u00e9es par AuditionSolidarit\u00e9 et qui sont revenues faire contr\u00f4ler leur appareillage.<b><br \/>\n<\/b><b><br \/>\n<\/b><\/p>\n<p><strong>Mission r\u00e9ussie avec des \u00e9quipes solidaires :\u00a0<\/strong><br \/>\nMerci \u00e0 Th\u00e9r\u00e8se Leprince, Olivier Le Menn, Raynald Colombe, Catherine Courtet et Christine Bourger, audioproth\u00e9sistes<br \/>\nMerci \u00e0 Yann Nguyen,\u00a0Pascal Weeger, ORL<br \/>\nMerci \u00e0 Jean-Pierre Fogel pour la fabrication des embouts<br \/>\nMerci \u00e0 Clotilde Faure et Virginie Gilabert, orthophonistes<br \/>\nMerci \u00e0 Christophe Enguehard et Solange Goncalves au secr\u00e9tariat<\/p>\n<p>Merci \u00e0 toute l&#8217;\u00e9quipe de l&#8217;AP-HP<br \/>\nMerci \u00e0 Martin Hirsch<br \/>\nMerci \u00e0 toutes les associations qui se sont impliqu\u00e9es !<b><br \/>\n<\/b><b><br \/>\n<\/b><\/p>\n<p style=\"text-align: center;\"><strong>Et un grand MERCI \u00e0 la Fondation ZEPHYR en la personne de Sophie Kerob pour son pr\u00e9cieux soutien !<\/strong><b><br \/>\n<\/b><\/p>\n<table style=\"height: 807px;\" width=\"766\">\n<tbody>\n<tr>\n<td style=\"text-align: center; vertical-align: middle;\"><strong>Th\u00e9r\u00e8se Leprince &#8211; audioproth\u00e9siste<\/strong><br \/>\n<iframe loading=\"lazy\" src=\"https:\/\/www.youtube.com\/embed\/PX2Cblw4unw\" width=\"260\" height=\"170\" frameborder=\"0\" allowfullscreen=\"allowfullscreen\"><\/iframe><\/td>\n<td style=\"text-align: center; vertical-align: middle;\"><strong>Jean-Pierre Fogel &#8211; audioproth\u00e9siste<\/strong><br \/>\n<iframe loading=\"lazy\" src=\"https:\/\/www.youtube.com\/embed\/Y26NStxBJ1s\" width=\"260\" height=\"170\" frameborder=\"0\" allowfullscreen=\"allowfullscreen\"><\/iframe><\/td>\n<td style=\"text-align: center; vertical-align: middle;\"><strong>Solanges Goncalves &#8211; secr\u00e9tariat<\/strong><br \/>\n<iframe loading=\"lazy\" src=\"https:\/\/www.youtube.com\/embed\/JJTI4J96xU0\" width=\"260\" height=\"170\" frameborder=\"0\" allowfullscreen=\"allowfullscreen\"><\/iframe><\/td>\n<\/tr>\n<tr>\n<td style=\"text-align: center; vertical-align: middle;\"><strong>Catherine Courtet &#8211; audioproth\u00e9siste<\/strong><br \/>\n<iframe loading=\"lazy\" src=\"https:\/\/www.youtube.com\/embed\/4IBfuqtJXMg\" width=\"260\" height=\"170\" frameborder=\"0\" allowfullscreen=\"allowfullscreen\"><\/iframe><\/td>\n<td style=\"text-align: center; vertical-align: middle;\"><strong>Christophe Enguehard &#8211; secr\u00e9tariat<\/strong><br \/>\n<iframe loading=\"lazy\" src=\"https:\/\/www.youtube.com\/embed\/raCxofTdz4I\" width=\"260\" height=\"170\" frameborder=\"0\" allowfullscreen=\"allowfullscreen\"><\/iframe><\/td>\n<td style=\"text-align: center; vertical-align: middle;\"><strong>Olivier Le Menn &#8211; audioproth\u00e9siste<\/strong><br \/>\n<iframe loading=\"lazy\" src=\"https:\/\/www.youtube.com\/embed\/NhqaMYHccic\" width=\"260\" height=\"170\" frameborder=\"0\" allowfullscreen=\"allowfullscreen\"><\/iframe><\/td>\n<\/tr>\n<tr>\n<td style=\"text-align: center; vertical-align: middle;\"><strong>Raynald Colomb\u00e9- audioproth\u00e9siste<\/strong><br \/>\n<iframe loading=\"lazy\" src=\"https:\/\/www.youtube.com\/embed\/7sJbG3cfZGA\" width=\"260\" height=\"170\" frameborder=\"0\" allowfullscreen=\"allowfullscreen\"><\/iframe><\/td>\n<td style=\"text-align: center; vertical-align: middle;\"><strong><b>Virginie Gilabert <\/b>&#8211;\u00a0 orthophoniste<\/strong><br \/>\n<iframe loading=\"lazy\" src=\"https:\/\/www.youtube.com\/embed\/rD-tOhzNE5E\" width=\"260\" height=\"170\" frameborder=\"0\" allowfullscreen=\"allowfullscreen\"><\/iframe><\/td>\n<td style=\"text-align: center; vertical-align: middle;\"><strong>Yann Nguyen &#8211; <b>ORL<\/b> <\/strong><br \/>\n<iframe loading=\"lazy\" src=\"https:\/\/www.youtube.com\/embed\/sqOklae9VwY\" width=\"260\" height=\"170\" frameborder=\"0\" allowfullscreen=\"allowfullscreen\"><\/iframe><\/td>\n<\/tr>\n<\/tbody>\n<\/table>\n<p>&nbsp;","protected":false},"excerpt":{"rendered":"<p>3\u00e8me Mission humanitaire \u00e0 Paris &#8211; AP-HP &#8211; Septembre 2015 L\u2019association AuditionSolidarit\u00e9, en collaboration avec l\u2019Assistance Publique-H\u00f4pitaux de Paris, a organis\u00e9 les 29 et 30 septembre 2015 sa troisi\u00e8me mission \u00ab Audition \u00bb au sein de l\u2019AP-HP. Le but \u00e9tait de prendre en charge les probl\u00e8mes d\u2019audition des personnes d\u00e9favoris\u00e9es sans papiers ou b\u00e9n\u00e9ficiant de l\u2019AME. L\u2019\u00e9quipe a accueilli 76<\/p>\n","protected":false},"author":2,"featured_media":0,"parent":0,"menu_order":0,"comment_status":"closed","ping_status":"closed","template":"","meta":{"footnotes":""},"acf":[],"yoast_head":"<!-- This site is optimized with the Yoast SEO plugin v21.9.1 - https:\/\/yoast.com\/wordpress\/plugins\/seo\/ -->\n<title>H\u00f4tel-Dieu (Paris) - AP-HP - Septembre 2015 - AuditionSolidarit\u00e9<\/title>\n<meta name=\"robots\" content=\"index, follow, max-snippet:-1, max-image-preview:large, max-video-preview:-1\" \/>\n<link rel=\"canonical\" href=\"https:\/\/www.auditionsolidarite.org\/fr\/hotel-dieu-paris-ap-hp-septembre-2015\/\" \/>\n<meta property=\"og:locale\" content=\"fr_FR\" \/>\n<meta property=\"og:type\" content=\"article\" \/>\n<meta property=\"og:title\" content=\"H\u00f4tel-Dieu (Paris) - AP-HP - Septembre 2015 - AuditionSolidarit\u00e9\" \/>\n<meta property=\"og:description\" content=\"3\u00e8me Mission humanitaire \u00e0 Paris &#8211; AP-HP &#8211; Septembre 2015 L\u2019association AuditionSolidarit\u00e9, en collaboration avec l\u2019Assistance Publique-H\u00f4pitaux de Paris, a organis\u00e9 les 29 et 30 septembre 2015 sa troisi\u00e8me mission \u00ab Audition \u00bb au sein de l\u2019AP-HP. Le but \u00e9tait de prendre en charge les probl\u00e8mes d\u2019audition des personnes d\u00e9favoris\u00e9es sans papiers ou b\u00e9n\u00e9ficiant de l\u2019AME. L\u2019\u00e9quipe a accueilli 76\" \/>\n<meta property=\"og:url\" content=\"https:\/\/www.auditionsolidarite.org\/fr\/hotel-dieu-paris-ap-hp-septembre-2015\/\" \/>\n<meta property=\"og:site_name\" content=\"AuditionSolidarit\u00e9\" \/>\n<meta property=\"article:modified_time\" content=\"2016-07-12T14:57:50+00:00\" \/>\n<meta property=\"og:image\" content=\"https:\/\/www.auditionsolidarite.org\/wp-content\/uploads\/2015\/07\/logo-audition-solidarite-e1446132259721.png\" \/>\n\t<meta property=\"og:image:width\" content=\"600\" \/>\n\t<meta property=\"og:image:height\" content=\"593\" \/>\n\t<meta property=\"og:image:type\" content=\"image\/png\" \/>\n<meta name=\"twitter:card\" content=\"summary_large_image\" \/>\n<meta name=\"twitter:label1\" content=\"Dur\u00e9e de lecture estim\u00e9e\" \/>\n\t<meta name=\"twitter:data1\" content=\"1 minute\" \/>\n<script type=\"application\/ld+json\" class=\"yoast-schema-graph\">{\"@context\":\"https:\/\/schema.org\",\"@graph\":[{\"@type\":\"WebPage\",\"@id\":\"https:\/\/www.auditionsolidarite.org\/fr\/hotel-dieu-paris-ap-hp-septembre-2015\/\",\"url\":\"https:\/\/www.auditionsolidarite.org\/fr\/hotel-dieu-paris-ap-hp-septembre-2015\/\",\"name\":\"H\u00f4tel-Dieu (Paris) - AP-HP - Septembre 2015 - AuditionSolidarit\u00e9\",\"isPartOf\":{\"@id\":\"https:\/\/www.auditionsolidarite.org\/fr\/#website\"},\"datePublished\":\"2016-07-12T13:57:40+00:00\",\"dateModified\":\"2016-07-12T14:57:50+00:00\",\"breadcrumb\":{\"@id\":\"https:\/\/www.auditionsolidarite.org\/fr\/hotel-dieu-paris-ap-hp-septembre-2015\/#breadcrumb\"},\"inLanguage\":\"fr-FR\",\"potentialAction\":[{\"@type\":\"ReadAction\",\"target\":[[\"https:\/\/www.auditionsolidarite.org\/fr\/hotel-dieu-paris-ap-hp-septembre-2015\/\"]]}]},{\"@type\":\"BreadcrumbList\",\"@id\":\"https:\/\/www.auditionsolidarite.org\/fr\/hotel-dieu-paris-ap-hp-septembre-2015\/#breadcrumb\",\"itemListElement\":[{\"@type\":\"ListItem\",\"position\":1,\"name\":\"Accueil\",\"item\":\"https:\/\/www.auditionsolidarite.org\/fr\/\"},{\"@type\":\"ListItem\",\"position\":2,\"name\":\"H\u00f4tel-Dieu (Paris) &#8211; AP-HP &#8211; Septembre 2015\"}]},{\"@type\":\"WebSite\",\"@id\":\"https:\/\/www.auditionsolidarite.org\/fr\/#website\",\"url\":\"https:\/\/www.auditionsolidarite.org\/fr\/\",\"name\":\"AuditionSolidarit\u00e9\",\"description\":\"Le hasard n&#039;existe pas ! Si vous \u00eates l\u00e0 aujourd&#039;hui, c&#039;est que le monde de l&#039;audition vous touche... Alors merci d&#039;\u00eatre l\u00e0 !\",\"publisher\":{\"@id\":\"https:\/\/www.auditionsolidarite.org\/fr\/#organization\"},\"potentialAction\":[{\"@type\":\"SearchAction\",\"target\":{\"@type\":\"EntryPoint\",\"urlTemplate\":\"https:\/\/www.auditionsolidarite.org\/fr\/?s={search_term_string}\"},\"query-input\":\"required name=search_term_string\"}],\"inLanguage\":\"fr-FR\"},{\"@type\":\"Organization\",\"@id\":\"https:\/\/www.auditionsolidarite.org\/fr\/#organization\",\"name\":\"AuditionSolidarit\u00e9\",\"url\":\"https:\/\/www.auditionsolidarite.org\/fr\/\",\"logo\":{\"@type\":\"ImageObject\",\"inLanguage\":\"fr-FR\",\"@id\":\"https:\/\/www.auditionsolidarite.org\/fr\/#\/schema\/logo\/image\/\",\"url\":\"https:\/\/www.auditionsolidarite.org\/wp-content\/uploads\/2015\/07\/logo-audition-solidarite-e1446132259721.png\",\"contentUrl\":\"https:\/\/www.auditionsolidarite.org\/wp-content\/uploads\/2015\/07\/logo-audition-solidarite-e1446132259721.png\",\"width\":600,\"height\":593,\"caption\":\"AuditionSolidarit\u00e9\"},\"image\":{\"@id\":\"https:\/\/www.auditionsolidarite.org\/fr\/#\/schema\/logo\/image\/\"}}]}<\/script>\n<!-- \/ Yoast SEO plugin. -->","yoast_head_json":{"title":"H\u00f4tel-Dieu (Paris) - AP-HP - Septembre 2015 - AuditionSolidarit\u00e9","robots":{"index":"index","follow":"follow","max-snippet":"max-snippet:-1","max-image-preview":"max-image-preview:large","max-video-preview":"max-video-preview:-1"},"canonical":"https:\/\/www.auditionsolidarite.org\/fr\/hotel-dieu-paris-ap-hp-septembre-2015\/","og_locale":"fr_FR","og_type":"article","og_title":"H\u00f4tel-Dieu (Paris) - AP-HP - Septembre 2015 - AuditionSolidarit\u00e9","og_description":"3\u00e8me Mission humanitaire \u00e0 Paris &#8211; AP-HP &#8211; Septembre 2015 L\u2019association AuditionSolidarit\u00e9, en collaboration avec l\u2019Assistance Publique-H\u00f4pitaux de Paris, a organis\u00e9 les 29 et 30 septembre 2015 sa troisi\u00e8me mission \u00ab Audition \u00bb au sein de l\u2019AP-HP. Le but \u00e9tait de prendre en charge les probl\u00e8mes d\u2019audition des personnes d\u00e9favoris\u00e9es sans papiers ou b\u00e9n\u00e9ficiant de l\u2019AME. L\u2019\u00e9quipe a accueilli 76","og_url":"https:\/\/www.auditionsolidarite.org\/fr\/hotel-dieu-paris-ap-hp-septembre-2015\/","og_site_name":"AuditionSolidarit\u00e9","article_modified_time":"2016-07-12T14:57:50+00:00","og_image":[{"width":600,"height":593,"url":"https:\/\/www.auditionsolidarite.org\/wp-content\/uploads\/2015\/07\/logo-audition-solidarite-e1446132259721.png","type":"image\/png"}],"twitter_card":"summary_large_image","twitter_misc":{"Dur\u00e9e de lecture estim\u00e9e":"1 minute"},"schema":{"@context":"https:\/\/schema.org","@graph":[{"@type":"WebPage","@id":"https:\/\/www.auditionsolidarite.org\/fr\/hotel-dieu-paris-ap-hp-septembre-2015\/","url":"https:\/\/www.auditionsolidarite.org\/fr\/hotel-dieu-paris-ap-hp-septembre-2015\/","name":"H\u00f4tel-Dieu (Paris) - AP-HP - Septembre 2015 - AuditionSolidarit\u00e9","isPartOf":{"@id":"https:\/\/www.auditionsolidarite.org\/fr\/#website"},"datePublished":"2016-07-12T13:57:40+00:00","dateModified":"2016-07-12T14:57:50+00:00","breadcrumb":{"@id":"https:\/\/www.auditionsolidarite.org\/fr\/hotel-dieu-paris-ap-hp-septembre-2015\/#breadcrumb"},"inLanguage":"fr-FR","potentialAction":[{"@type":"ReadAction","target":[["https:\/\/www.auditionsolidarite.org\/fr\/hotel-dieu-paris-ap-hp-septembre-2015\/"]]}]},{"@type":"BreadcrumbList","@id":"https:\/\/www.auditionsolidarite.org\/fr\/hotel-dieu-paris-ap-hp-septembre-2015\/#breadcrumb","itemListElement":[{"@type":"ListItem","position":1,"name":"Accueil","item":"https:\/\/www.auditionsolidarite.org\/fr\/"},{"@type":"ListItem","position":2,"name":"H\u00f4tel-Dieu (Paris) &#8211; AP-HP &#8211; Septembre 2015"}]},{"@type":"WebSite","@id":"https:\/\/www.auditionsolidarite.org\/fr\/#website","url":"https:\/\/www.auditionsolidarite.org\/fr\/","name":"AuditionSolidarit\u00e9","description":"Le hasard n&#039;existe pas ! Si vous \u00eates l\u00e0 aujourd&#039;hui, c&#039;est que le monde de l&#039;audition vous touche... Alors merci d&#039;\u00eatre l\u00e0 !","publisher":{"@id":"https:\/\/www.auditionsolidarite.org\/fr\/#organization"},"potentialAction":[{"@type":"SearchAction","target":{"@type":"EntryPoint","urlTemplate":"https:\/\/www.auditionsolidarite.org\/fr\/?s={search_term_string}"},"query-input":"required name=search_term_string"}],"inLanguage":"fr-FR"},{"@type":"Organization","@id":"https:\/\/www.auditionsolidarite.org\/fr\/#organization","name":"AuditionSolidarit\u00e9","url":"https:\/\/www.auditionsolidarite.org\/fr\/","logo":{"@type":"ImageObject","inLanguage":"fr-FR","@id":"https:\/\/www.auditionsolidarite.org\/fr\/#\/schema\/logo\/image\/","url":"https:\/\/www.auditionsolidarite.org\/wp-content\/uploads\/2015\/07\/logo-audition-solidarite-e1446132259721.png","contentUrl":"https:\/\/www.auditionsolidarite.org\/wp-content\/uploads\/2015\/07\/logo-audition-solidarite-e1446132259721.png","width":600,"height":593,"caption":"AuditionSolidarit\u00e9"},"image":{"@id":"https:\/\/www.auditionsolidarite.org\/fr\/#\/schema\/logo\/image\/"}}]}},"_links":{"self":[{"href":"https:\/\/www.auditionsolidarite.org\/fr\/wp-json\/wp\/v2\/pages\/4950"}],"collection":[{"href":"https:\/\/www.auditionsolidarite.org\/fr\/wp-json\/wp\/v2\/pages"}],"about":[{"href":"https:\/\/www.auditionsolidarite.org\/fr\/wp-json\/wp\/v2\/types\/page"}],"author":[{"embeddable":true,"href":"https:\/\/www.auditionsolidarite.org\/fr\/wp-json\/wp\/v2\/users\/2"}],"replies":[{"embeddable":true,"href":"https:\/\/www.auditionsolidarite.org\/fr\/wp-json\/wp\/v2\/comments?post=4950"}],"version-history":[{"count":3,"href":"https:\/\/www.auditionsolidarite.org\/fr\/wp-json\/wp\/v2\/pages\/4950\/revisions"}],"predecessor-version":[{"id":4958,"href":"https:\/\/www.auditionsolidarite.org\/fr\/wp-json\/wp\/v2\/pages\/4950\/revisions\/4958"}],"wp:attachment":[{"href":"https:\/\/www.auditionsolidarite.org\/fr\/wp-json\/wp\/v2\/media?parent=4950"}],"curies":[{"name":"wp","href":"https:\/\/api.w.org\/{rel}","templated":true}]}}