{"id":4875,"date":"2016-05-30T10:17:07","date_gmt":"2016-05-30T09:17:07","guid":{"rendered":"http:\/\/www.auditionsolidarite.org\/?page_id=4875"},"modified":"2016-05-30T10:17:07","modified_gmt":"2016-05-30T09:17:07","slug":"mission-audition-a-lhotel-dieu-janvier-2016","status":"publish","type":"page","link":"https:\/\/www.auditionsolidarite.org\/fr\/mission-audition-a-lhotel-dieu-janvier-2016\/","title":{"rendered":"Mission &#8220;Audition&#8221; \u00e0 l&#8217;H\u00f4tel-Dieu &#8211; Janvier 2016"},"content":{"rendered":"<h6>Premi\u00e8re mission \u00ab Audition \u00bb de l&#8217;ann\u00e9e 2016 au sein de l\u2019AP-HP les 26 et 27 janvier 2016<b><br \/>\n<\/b><b><br \/>\n<\/b><b> <\/b><b> <\/b><\/h6>\n<p style=\"text-align: justify;\">Une \u00e9quipe de professionnels de l&#8217;audition compos\u00e9e d&#8217;ORL, audioproth\u00e9sistes, technicien d\u2019embouts, orthophoniste et logisticiens \u00e9tait pr\u00e9sente les 26 et 27 janvier 2016 \u00e0 l&#8217;H\u00f4tel-Dieu AP-HP afin d&#8217;appareiller les personnes d\u00e9munies sourdes et malentendantes.<\/p>\n<p style=\"text-align: justify;\">Cette mission aura permis de voir 86 personnes, d\u2019appareiller 40 personnes et revoir 24 personnes d\u00e9j\u00e0 venues lors de pr\u00e9c\u00e9dentes missions afin de proc\u00e9der au contr\u00f4le de leur appareillage. 53 appareils auditifs ont \u00e9t\u00e9 adapt\u00e9s lors de cette mission. L&#8217;\u00e9quipe a \u00e9galement accueilli 23 adolescents pour des consultations ORL.<br \/>\n<b><br \/>\n<\/b><b><\/b><\/p>\n<p>Retour d&#8217;AuditionSolidarit\u00e9 \u00e0 l&#8217;H\u00f4tel-Dieu les 24 et 25 mai 2016.<b><br \/>\n<\/b><b><br \/>\n<\/b><\/p>\n<p><strong>Mission r\u00e9ussie avec des \u00e9quipes solidaires : <b><br \/>\n<\/b><\/strong><br \/>\nMerci \u00e0 David Tran, Patrick Garcia, Val\u00e9rie Gerberon, Bastien Porte, Laurent Puel et Christine Bourger, audioproth\u00e9sistes<br \/>\nMerci \u00e0 Sylvie Claudin, Marion Antoni, Myl\u00e8ne Drouillard et David Mangin ORL<br \/>\nMerci \u00e0 R\u00e9my Garrel pour la fabrication des embouts<br \/>\nMerci \u00e0 Clotilde Faure, orthophoniste<br \/>\nMerci \u00e0 Michel Tirard et Christine Racon, secr\u00e9tariat<br \/>\nMerci \u00e0 Coumba du Service Civique<\/p>\n<p>Merci \u00e0 toute l&#8217;\u00e9quipe de l&#8217;AP-HP<br \/>\nMerci \u00e0 Martin Hirsch<br \/>\nMerci \u00e0 toutes les associations qui se sont impliqu\u00e9es !<b><br \/>\n<\/b><b><br \/>\n<\/b><\/p>\n<p style=\"text-align: justify;\"><strong>Et un grand MERCI \u00e0 la Fondation CARITAS FRANCE et la Fondation ZEPHYR en la personne de Sophie Kerob pour <\/strong><strong>leur pr\u00e9cieux soutien !<b><br \/>\n<\/b><b><br \/>\n<\/b><\/strong><\/p>\n<p style=\"text-align: center;\"><strong>Interviews post-mission<b><br \/>\n<\/b><b><br \/>\n<\/b><\/strong><\/p>\n<table>\n<tbody>\n<tr>\n<td style=\"text-align: center; vertical-align: middle;\">\n<div class=\"ytp-html5-clipboard\"><strong>Patrick Garcia<br \/>\n<\/strong><\/div>\n<p><iframe loading=\"lazy\" src=\"https:\/\/www.youtube.com\/embed\/ucUaDghCLSU\" width=\"260\" height=\"260\" frameborder=\"0\" allowfullscreen=\"allowfullscreen\"><\/iframe><\/td>\n<td style=\"text-align: center; vertical-align: middle;\">\n<p><strong>David Tran<\/strong><\/p>\n<p><iframe loading=\"lazy\" src=\"https:\/\/www.youtube.com\/embed\/EFJNBZhA7SU\" width=\"260\" height=\"260\" frameborder=\"0\" allowfullscreen=\"allowfullscreen\"><\/iframe><\/td>\n<td style=\"text-align: center; vertical-align: middle;\"><strong><strong>Laurent Puel<b><br \/>\n<iframe loading=\"lazy\" src=\"https:\/\/www.youtube.com\/embed\/xTz5X3Fl13k\" width=\"260\" height=\"260\" frameborder=\"0\" allowfullscreen=\"allowfullscreen\"><\/iframe><br \/>\n<\/b><\/strong><\/strong><\/td>\n<\/tr>\n<tr>\n<td style=\"text-align: center; vertical-align: middle;\"><strong><b><br \/>\n<\/b>Val\u00e9rie Gerberon<\/strong><br \/>\n<iframe loading=\"lazy\" src=\"https:\/\/www.youtube.com\/embed\/hhCHzfrfDh0\" width=\"260\" height=\"260\" frameborder=\"0\" allowfullscreen=\"allowfullscreen\"><\/iframe><\/td>\n<td style=\"text-align: center; vertical-align: middle;\"><strong><b><br \/>\n<\/b>Bastien Porte<\/strong><br \/>\n<iframe loading=\"lazy\" src=\"https:\/\/www.youtube.com\/embed\/GuFevgxanBM\" width=\"260\" height=\"260\" frameborder=\"0\" allowfullscreen=\"allowfullscreen\"><\/iframe><\/td>\n<td style=\"text-align: center; vertical-align: middle;\"><strong><b><br \/>\n<\/b>Christine Racon<\/strong><br \/>\n<iframe loading=\"lazy\" src=\"https:\/\/www.youtube.com\/embed\/vmb6qFq9yNc\" width=\"260\" height=\"260\" frameborder=\"0\" allowfullscreen=\"allowfullscreen\"><\/iframe><\/td>\n<\/tr>\n<tr>\n<td style=\"text-align: center; vertical-align: middle;\"><strong><b><br \/>\n<\/b>R\u00e9my Garrel<\/strong><br \/>\n<iframe loading=\"lazy\" src=\"https:\/\/www.youtube.com\/embed\/-jvbgwiEac0\" width=\"260\" height=\"260\" frameborder=\"0\" allowfullscreen=\"allowfullscreen\"><\/iframe><\/td>\n<td style=\"text-align: center; vertical-align: middle;\"><strong><b><b><br \/>\n<\/b>Michel Tirard<br \/>\n<iframe loading=\"lazy\" src=\"https:\/\/www.youtube.com\/embed\/xWt0qJNnDMc\" width=\"260\" height=\"260\" frameborder=\"0\" allowfullscreen=\"allowfullscreen\"><\/iframe><\/b><\/strong><\/td>\n<td style=\"text-align: center; vertical-align: middle;\"><strong><strong><b><b><br \/>\n<\/b>Roxane Filippi<br \/>\n<iframe loading=\"lazy\" src=\"https:\/\/www.youtube.com\/embed\/gyC1YMSgH8s\" width=\"260\" height=\"260\" frameborder=\"0\" allowfullscreen=\"allowfullscreen\"><\/iframe><\/b><\/strong><\/strong><strong><b><b><br \/>\n<\/b><\/b><\/strong><\/td>\n<\/tr>\n<tr>\n<td style=\"text-align: center; vertical-align: middle;\"><strong><strong><b><b>\u00a0<\/b><\/b><\/strong><\/strong><br \/>\n<strong><b>J\u00e9r\u00e9my Ferrer<br \/>\n<iframe loading=\"lazy\" src=\"https:\/\/www.youtube.com\/embed\/EOfeqGt4D-4\" width=\"260\" height=\"260\" frameborder=\"0\" allowfullscreen=\"allowfullscreen\"><\/iframe><\/b><\/strong><\/td>\n<td style=\"text-align: center; vertical-align: middle;\"><\/td>\n<td style=\"text-align: center; vertical-align: middle;\"><\/td>\n<\/tr>\n<\/tbody>\n<\/table>","protected":false},"excerpt":{"rendered":"<p>Premi\u00e8re mission \u00ab Audition \u00bb de l&#8217;ann\u00e9e 2016 au sein de l\u2019AP-HP les 26 et 27 janvier 2016 Une \u00e9quipe de professionnels de l&#8217;audition compos\u00e9e d&#8217;ORL, audioproth\u00e9sistes, technicien d\u2019embouts, orthophoniste et logisticiens \u00e9tait pr\u00e9sente les 26 et 27 janvier 2016 \u00e0 l&#8217;H\u00f4tel-Dieu AP-HP afin d&#8217;appareiller les personnes d\u00e9munies sourdes et malentendantes. Cette mission aura permis de voir 86 personnes, d\u2019appareiller<\/p>\n","protected":false},"author":2,"featured_media":0,"parent":0,"menu_order":0,"comment_status":"closed","ping_status":"closed","template":"","meta":{"footnotes":""},"acf":[],"yoast_head":"<!-- This site is optimized with the Yoast SEO plugin v21.9.1 - https:\/\/yoast.com\/wordpress\/plugins\/seo\/ -->\n<title>Mission &quot;Audition&quot; \u00e0 l&#039;H\u00f4tel-Dieu - Janvier 2016 - AuditionSolidarit\u00e9<\/title>\n<meta name=\"robots\" content=\"index, follow, max-snippet:-1, max-image-preview:large, max-video-preview:-1\" \/>\n<link rel=\"canonical\" href=\"https:\/\/www.auditionsolidarite.org\/fr\/mission-audition-a-lhotel-dieu-janvier-2016\/\" \/>\n<meta property=\"og:locale\" content=\"fr_FR\" \/>\n<meta property=\"og:type\" content=\"article\" \/>\n<meta property=\"og:title\" content=\"Mission &quot;Audition&quot; \u00e0 l&#039;H\u00f4tel-Dieu - Janvier 2016 - AuditionSolidarit\u00e9\" \/>\n<meta property=\"og:description\" content=\"Premi\u00e8re mission \u00ab Audition \u00bb de l&#8217;ann\u00e9e 2016 au sein de l\u2019AP-HP les 26 et 27 janvier 2016 Une \u00e9quipe de professionnels de l&#8217;audition compos\u00e9e d&#8217;ORL, audioproth\u00e9sistes, technicien d\u2019embouts, orthophoniste et logisticiens \u00e9tait pr\u00e9sente les 26 et 27 janvier 2016 \u00e0 l&#8217;H\u00f4tel-Dieu AP-HP afin d&#8217;appareiller les personnes d\u00e9munies sourdes et malentendantes. Cette mission aura permis de voir 86 personnes, d\u2019appareiller\" \/>\n<meta property=\"og:url\" content=\"https:\/\/www.auditionsolidarite.org\/fr\/mission-audition-a-lhotel-dieu-janvier-2016\/\" \/>\n<meta property=\"og:site_name\" content=\"AuditionSolidarit\u00e9\" \/>\n<meta property=\"og:image\" content=\"https:\/\/www.auditionsolidarite.org\/wp-content\/uploads\/2015\/07\/logo-audition-solidarite-e1446132259721.png\" \/>\n\t<meta property=\"og:image:width\" content=\"600\" \/>\n\t<meta property=\"og:image:height\" content=\"593\" \/>\n\t<meta property=\"og:image:type\" content=\"image\/png\" \/>\n<meta name=\"twitter:card\" content=\"summary_large_image\" \/>\n<meta name=\"twitter:label1\" content=\"Dur\u00e9e de lecture estim\u00e9e\" \/>\n\t<meta name=\"twitter:data1\" content=\"1 minute\" \/>\n<script type=\"application\/ld+json\" class=\"yoast-schema-graph\">{\"@context\":\"https:\/\/schema.org\",\"@graph\":[{\"@type\":\"WebPage\",\"@id\":\"https:\/\/www.auditionsolidarite.org\/fr\/mission-audition-a-lhotel-dieu-janvier-2016\/\",\"url\":\"https:\/\/www.auditionsolidarite.org\/fr\/mission-audition-a-lhotel-dieu-janvier-2016\/\",\"name\":\"Mission \\\"Audition\\\" \u00e0 l'H\u00f4tel-Dieu - Janvier 2016 - AuditionSolidarit\u00e9\",\"isPartOf\":{\"@id\":\"https:\/\/www.auditionsolidarite.org\/fr\/#website\"},\"datePublished\":\"2016-05-30T09:17:07+00:00\",\"dateModified\":\"2016-05-30T09:17:07+00:00\",\"breadcrumb\":{\"@id\":\"https:\/\/www.auditionsolidarite.org\/fr\/mission-audition-a-lhotel-dieu-janvier-2016\/#breadcrumb\"},\"inLanguage\":\"fr-FR\",\"potentialAction\":[{\"@type\":\"ReadAction\",\"target\":[[\"https:\/\/www.auditionsolidarite.org\/fr\/mission-audition-a-lhotel-dieu-janvier-2016\/\"]]}]},{\"@type\":\"BreadcrumbList\",\"@id\":\"https:\/\/www.auditionsolidarite.org\/fr\/mission-audition-a-lhotel-dieu-janvier-2016\/#breadcrumb\",\"itemListElement\":[{\"@type\":\"ListItem\",\"position\":1,\"name\":\"Accueil\",\"item\":\"https:\/\/www.auditionsolidarite.org\/fr\/\"},{\"@type\":\"ListItem\",\"position\":2,\"name\":\"Mission &#8220;Audition&#8221; \u00e0 l&#8217;H\u00f4tel-Dieu &#8211; Janvier 2016\"}]},{\"@type\":\"WebSite\",\"@id\":\"https:\/\/www.auditionsolidarite.org\/fr\/#website\",\"url\":\"https:\/\/www.auditionsolidarite.org\/fr\/\",\"name\":\"AuditionSolidarit\u00e9\",\"description\":\"Le hasard n&#039;existe pas ! Si vous \u00eates l\u00e0 aujourd&#039;hui, c&#039;est que le monde de l&#039;audition vous touche... Alors merci d&#039;\u00eatre l\u00e0 !\",\"publisher\":{\"@id\":\"https:\/\/www.auditionsolidarite.org\/fr\/#organization\"},\"potentialAction\":[{\"@type\":\"SearchAction\",\"target\":{\"@type\":\"EntryPoint\",\"urlTemplate\":\"https:\/\/www.auditionsolidarite.org\/fr\/?s={search_term_string}\"},\"query-input\":\"required name=search_term_string\"}],\"inLanguage\":\"fr-FR\"},{\"@type\":\"Organization\",\"@id\":\"https:\/\/www.auditionsolidarite.org\/fr\/#organization\",\"name\":\"AuditionSolidarit\u00e9\",\"url\":\"https:\/\/www.auditionsolidarite.org\/fr\/\",\"logo\":{\"@type\":\"ImageObject\",\"inLanguage\":\"fr-FR\",\"@id\":\"https:\/\/www.auditionsolidarite.org\/fr\/#\/schema\/logo\/image\/\",\"url\":\"https:\/\/www.auditionsolidarite.org\/wp-content\/uploads\/2015\/07\/logo-audition-solidarite-e1446132259721.png\",\"contentUrl\":\"https:\/\/www.auditionsolidarite.org\/wp-content\/uploads\/2015\/07\/logo-audition-solidarite-e1446132259721.png\",\"width\":600,\"height\":593,\"caption\":\"AuditionSolidarit\u00e9\"},\"image\":{\"@id\":\"https:\/\/www.auditionsolidarite.org\/fr\/#\/schema\/logo\/image\/\"}}]}<\/script>\n<!-- \/ Yoast SEO plugin. -->","yoast_head_json":{"title":"Mission \"Audition\" \u00e0 l'H\u00f4tel-Dieu - Janvier 2016 - AuditionSolidarit\u00e9","robots":{"index":"index","follow":"follow","max-snippet":"max-snippet:-1","max-image-preview":"max-image-preview:large","max-video-preview":"max-video-preview:-1"},"canonical":"https:\/\/www.auditionsolidarite.org\/fr\/mission-audition-a-lhotel-dieu-janvier-2016\/","og_locale":"fr_FR","og_type":"article","og_title":"Mission \"Audition\" \u00e0 l'H\u00f4tel-Dieu - Janvier 2016 - AuditionSolidarit\u00e9","og_description":"Premi\u00e8re mission \u00ab Audition \u00bb de l&#8217;ann\u00e9e 2016 au sein de l\u2019AP-HP les 26 et 27 janvier 2016 Une \u00e9quipe de professionnels de l&#8217;audition compos\u00e9e d&#8217;ORL, audioproth\u00e9sistes, technicien d\u2019embouts, orthophoniste et logisticiens \u00e9tait pr\u00e9sente les 26 et 27 janvier 2016 \u00e0 l&#8217;H\u00f4tel-Dieu AP-HP afin d&#8217;appareiller les personnes d\u00e9munies sourdes et malentendantes. Cette mission aura permis de voir 86 personnes, d\u2019appareiller","og_url":"https:\/\/www.auditionsolidarite.org\/fr\/mission-audition-a-lhotel-dieu-janvier-2016\/","og_site_name":"AuditionSolidarit\u00e9","og_image":[{"width":600,"height":593,"url":"https:\/\/www.auditionsolidarite.org\/wp-content\/uploads\/2015\/07\/logo-audition-solidarite-e1446132259721.png","type":"image\/png"}],"twitter_card":"summary_large_image","twitter_misc":{"Dur\u00e9e de lecture estim\u00e9e":"1 minute"},"schema":{"@context":"https:\/\/schema.org","@graph":[{"@type":"WebPage","@id":"https:\/\/www.auditionsolidarite.org\/fr\/mission-audition-a-lhotel-dieu-janvier-2016\/","url":"https:\/\/www.auditionsolidarite.org\/fr\/mission-audition-a-lhotel-dieu-janvier-2016\/","name":"Mission \"Audition\" \u00e0 l'H\u00f4tel-Dieu - Janvier 2016 - AuditionSolidarit\u00e9","isPartOf":{"@id":"https:\/\/www.auditionsolidarite.org\/fr\/#website"},"datePublished":"2016-05-30T09:17:07+00:00","dateModified":"2016-05-30T09:17:07+00:00","breadcrumb":{"@id":"https:\/\/www.auditionsolidarite.org\/fr\/mission-audition-a-lhotel-dieu-janvier-2016\/#breadcrumb"},"inLanguage":"fr-FR","potentialAction":[{"@type":"ReadAction","target":[["https:\/\/www.auditionsolidarite.org\/fr\/mission-audition-a-lhotel-dieu-janvier-2016\/"]]}]},{"@type":"BreadcrumbList","@id":"https:\/\/www.auditionsolidarite.org\/fr\/mission-audition-a-lhotel-dieu-janvier-2016\/#breadcrumb","itemListElement":[{"@type":"ListItem","position":1,"name":"Accueil","item":"https:\/\/www.auditionsolidarite.org\/fr\/"},{"@type":"ListItem","position":2,"name":"Mission &#8220;Audition&#8221; \u00e0 l&#8217;H\u00f4tel-Dieu &#8211; Janvier 2016"}]},{"@type":"WebSite","@id":"https:\/\/www.auditionsolidarite.org\/fr\/#website","url":"https:\/\/www.auditionsolidarite.org\/fr\/","name":"AuditionSolidarit\u00e9","description":"Le hasard n&#039;existe pas ! Si vous \u00eates l\u00e0 aujourd&#039;hui, c&#039;est que le monde de l&#039;audition vous touche... Alors merci d&#039;\u00eatre l\u00e0 !","publisher":{"@id":"https:\/\/www.auditionsolidarite.org\/fr\/#organization"},"potentialAction":[{"@type":"SearchAction","target":{"@type":"EntryPoint","urlTemplate":"https:\/\/www.auditionsolidarite.org\/fr\/?s={search_term_string}"},"query-input":"required name=search_term_string"}],"inLanguage":"fr-FR"},{"@type":"Organization","@id":"https:\/\/www.auditionsolidarite.org\/fr\/#organization","name":"AuditionSolidarit\u00e9","url":"https:\/\/www.auditionsolidarite.org\/fr\/","logo":{"@type":"ImageObject","inLanguage":"fr-FR","@id":"https:\/\/www.auditionsolidarite.org\/fr\/#\/schema\/logo\/image\/","url":"https:\/\/www.auditionsolidarite.org\/wp-content\/uploads\/2015\/07\/logo-audition-solidarite-e1446132259721.png","contentUrl":"https:\/\/www.auditionsolidarite.org\/wp-content\/uploads\/2015\/07\/logo-audition-solidarite-e1446132259721.png","width":600,"height":593,"caption":"AuditionSolidarit\u00e9"},"image":{"@id":"https:\/\/www.auditionsolidarite.org\/fr\/#\/schema\/logo\/image\/"}}]}},"_links":{"self":[{"href":"https:\/\/www.auditionsolidarite.org\/fr\/wp-json\/wp\/v2\/pages\/4875"}],"collection":[{"href":"https:\/\/www.auditionsolidarite.org\/fr\/wp-json\/wp\/v2\/pages"}],"about":[{"href":"https:\/\/www.auditionsolidarite.org\/fr\/wp-json\/wp\/v2\/types\/page"}],"author":[{"embeddable":true,"href":"https:\/\/www.auditionsolidarite.org\/fr\/wp-json\/wp\/v2\/users\/2"}],"replies":[{"embeddable":true,"href":"https:\/\/www.auditionsolidarite.org\/fr\/wp-json\/wp\/v2\/comments?post=4875"}],"version-history":[{"count":1,"href":"https:\/\/www.auditionsolidarite.org\/fr\/wp-json\/wp\/v2\/pages\/4875\/revisions"}],"predecessor-version":[{"id":4876,"href":"https:\/\/www.auditionsolidarite.org\/fr\/wp-json\/wp\/v2\/pages\/4875\/revisions\/4876"}],"wp:attachment":[{"href":"https:\/\/www.auditionsolidarite.org\/fr\/wp-json\/wp\/v2\/media?parent=4875"}],"curies":[{"name":"wp","href":"https:\/\/api.w.org\/{rel}","templated":true}]}}