{"id":46,"date":"2015-07-07T14:09:48","date_gmt":"2015-07-07T13:09:48","guid":{"rendered":"http:\/\/localhost\/auditionsolidarite.org\/?page_id=46"},"modified":"2026-03-26T10:18:46","modified_gmt":"2026-03-26T09:18:46","slug":"nos-precedentes-missions-a-letranger","status":"publish","type":"page","link":"https:\/\/www.auditionsolidarite.org\/fr\/nos-precedentes-missions-a-letranger\/","title":{"rendered":"Nos pr\u00e9c\u00e9dentes missions \u00e0 l&#8217;\u00e9tranger"},"content":{"rendered":"Carte de nos lieux de missions<br \/>\n<iframe loading=\"lazy\" src=\"https:\/\/www.google.fr\/maps\/d\/embed?mid=zfohMTKXhAPI.kcWl3pcH6a5E\" width=\"900\" height=\"680\"><\/iframe><\/p>\n<p><b><br \/>\n<\/b>Toutes les pr\u00e9c\u00e9dentes missions<b><\/b><\/p>\n<p><a href=\"\/mission-humanitaire-au-vietnam-bien-hoa-2024\/\">\u2666 Nov. 2024 : VIETNAM (Bi\u00ean H\u00f2a)<\/a><\/p>\n<p><a href=\"\/mission-humanitaire-en-republique-dominicaine-hato-mayor-2024\/\">\u2666 Mai 2024 : REPUBLIQUE DOMINICAINE (Hato Mayor)<\/a>\u00a0<b><\/b><\/p>\n<p><a href=\"\/mission-humanitaire-au-maroc-ait-melloul-2024\/\">\u2666\u00a0Avr. 2024 : MAROC (Banlieue d&#8217;Agadir)<\/a><\/p>\n<p><a href=\"\/fr\/mission-humanitaire-madagascar-2023\/\">\u2666 Nov. 2023 : <\/a><a href=\"\/fr\/mission-humanitaire-madagascar-2023\/\">MADAGASCAR (Antananarivo)<\/a><\/p>\n<p><a href=\"\/mission-humanitaire-en-republique-dominicaine-hato-mayor-2023\/\">\u2666 Mai 2023 : REPUBLIQUE DOMINICAINE (Hato Mayor)<\/a>\u00a0<b><b><br \/>\n<\/b><\/b><a href=\"\/mission-humanitaire-au-vietnam-bien-hoa-2022\/\">\u2666 Nov. 2022 : VIETNAM (Bi\u00ean H\u00f2a)<\/a><\/p>\n<p><a href=\"\/mission-humanitaire-en-republique-dominicaine-hato-mayor-2022\/\">\u2666 Mai 2022 : REPUBLIQUE DOMINICAINE (Hato Mayor)<\/a><a href=\"\/mission-humanitaire-republique-dominicaine-2019-copy\/\"><b> <\/b><b><br \/>\n<\/b>\u2666 Nov. 2021 : REPUBLIQUE DOMINICAINE (Hato Mayor)<\/a><a href=\"\/mission-humanitaire-vietnam-bien-hoa-2017-copy\/\"><b> <\/b><b><br \/>\n<\/b>\u2666 Nov. 2019 : VIETNAM (Bi\u00ean H\u00f2a)<\/a><\/p>\n<p><a href=\"\/mission-humanitaire-republique-dominicaine-2019\/\">\u2666 Avr. 2019 : REPUBLIQUE DOMINICAINE (Hato Mayor)<\/a><\/p>\n<p><a href=\"\/mission-humanitaire-a-madagascar-tana-2018\/\">\u2666 Nov. 2018 : MADAGASCAR (Antananarivo)<\/a><\/p>\n<p><a href=\"\/mission-humanitaire-maroc-ait-melloul-2018\/\">\u2666 Mai 2018 : MAROC (Banlieue Agadir)<\/a><\/p>\n<p><a href=\"\/mission-humanitaire-vietnam-bien-hoa-2017\/\">\u2666 Nov. 2017 : VIETNAM (Bi\u00ean H\u00f2a)<\/a><\/p>\n<p><a href=\"\/mission-humanitaire-maroc-agadir-2017\/\">\u2666 Mai 2017 : MAROC (Banlieue Agadir)<\/a><\/p>\n<p><a href=\"\/mission-humanitaire-a-madagascar-tana-novembre-2017\/\">\u2666 Nov. 2016 : MADAGASCAR (Antananarivo)<\/a><\/p>\n<p><a href=\"\/mission-humanitaire-vietnam-avril-2016\/\">\u2666 Mars 2016 : VIETNAM (Bi\u00ean H\u00f2a)<\/a><\/p>\n<p><a href=\"\/mission-humanitaire-a-madagascar-antananarivo-novembre-2015\/\">\u2666 Nov. 2015 : MADAGASCAR (Antananarivo)<\/a><\/p>\n<p><a href=\"\/mission-humanitaire-au-vietnam-bien-hoa-mars-2015\/\">\u2666 Mars 2015 : VIETNAM (Bi\u00ean H\u00f2a)<\/a><\/p>\n<p><a href=\"\/madagascar-antananarivo-novembre-2014\/\">\u2666 Nov. 2014 : MADAGASCAR (Antananarivo)<\/a><br \/>\n<a href=\"\/mission-humanitaire-au-maroc-agadir-mai-2014\/\">\u2666 Mai 2014 : MAROC (Banlieue Agadir)<\/a><br \/>\n<a href=\"\/mission-humanitaire-en-guinee-conakry-mars-2014\/\">\u2666 Mars.2014 : GUINEE (Conakry)<\/a><br \/>\n<a href=\"\/mission-humanitaire-au-cameroun-yaounde-novembre-2013\/\">\u2666 Nov. 2013 : CAMEROUN (Yaound\u00e9)<\/a><br \/>\n<a href=\"\/mission-humanitaire-maroc-agadir-juin-2013\/\">\u2666 Juin 2013 : MAROC (Banlieue Agadir)<\/a><br \/>\n<a href=\"\/mission-humanitaire-madagascar-antsirabe-novembre-2012\/\">\u2666 Nov. 2012 : MADAGASCAR (Antsirab\u00e9)<\/a><br \/>\n<a href=\"\/mission-humanitaire-maroc-agadir-mai-2012\/\">\u2666 Mai 2012 : MAROC(Banlieue Agadir)<\/a><br \/>\n<a href=\"\/mission-humanitaire-cameroun-yaounde-2012\/\">\u2666 Mars 2012 : CAMEROUN (Yaound\u00e9)<\/a><br \/>\n<a href=\"\/mission-humanitaire-cameroun-bafoussam-2011\/\">\u2666 Nov. 2011 : CAMEROUN (Bafoussam)<\/a><br \/>\n<a href=\"\/mission-humanitaire-madagascar-antsirabe-2011\/\">\u2666 Juin. 2011 : MADAGASCAR (Antsirab\u00e9)<b><br \/>\n<\/b><\/a><a href=\"\/mission-humanitaire-burkina-faso-bobo-dioulasso-2011\/\">\u2666 F\u00e9vr. 2011\u00a0\u00a0 BURKINA FASO (Bobo-Dioulasso)<\/a><br \/>\n<a href=\"\/mission-humanitaire-maroc-khenifra-2010\/\">\u2666 Nov. 2010 : MAROC (Kh\u00e9nifra)<\/a><br \/>\n<a href=\"\/mission-humanitaire-tunisie-kairouan-2010\/\">\u2666 Juin 2010 : TUNISIE (Kairouan)<\/a><br \/>\n<a href=\"\/mission-humanitaire-burkina-faso-bobo-dioulasso-2010\/\">\u2666 Mars 2010 : BURKINA FASO (Bobo-Dioulasso)<\/a><br \/>\n<a href=\"\/mission-humanitaire-cameroun-bafoussam-2010\/\">\u2666 F\u00e9v. 2010 : CAMEROUN (Bafoussam)<\/a><br \/>\n<a href=\"\/mission-humanitaire-maroc-kasba-tadla-2009\/\">\u2666 Nov. 2009 : MAROC (Kasba Tadla)<\/a><br \/>\n<a href=\"\/mission-humanitaire-tunisie-kairouan-2009\/\">\u2666 Juin 2009 : TUNISIE (Kairouan)<\/a><br \/>\n<a href=\"\/mission-humanitaire-cameroun-bafoussam-2009\/\">\u2666 Mars 2009 : CAMEROUN (Bafoussam)<\/a><br \/>\n<a href=\"\/mission-humanitaire-maroc-zaio-2008\/\">\u2666 Nov. 2008 : MAROC (Zaio)<\/a>","protected":false},"excerpt":{"rendered":"<p>Carte de nos lieux de missions Toutes les pr\u00e9c\u00e9dentes missions \u2666 Nov. 2024 : VIETNAM (Bi\u00ean H\u00f2a) \u2666 Mai 2024 : REPUBLIQUE DOMINICAINE (Hato Mayor)\u00a0 \u2666\u00a0Avr. 2024 : MAROC (Banlieue d&#8217;Agadir) \u2666 Nov. 2023 : MADAGASCAR (Antananarivo) \u2666 Mai 2023 : REPUBLIQUE DOMINICAINE (Hato Mayor)\u00a0 \u2666 Nov. 2022 : VIETNAM (Bi\u00ean H\u00f2a) \u2666 Mai 2022 : REPUBLIQUE DOMINICAINE (Hato Mayor)<\/p>\n","protected":false},"author":10,"featured_media":0,"parent":0,"menu_order":0,"comment_status":"closed","ping_status":"closed","template":"","meta":{"footnotes":""},"acf":[],"yoast_head":"<!-- This site is optimized with the Yoast SEO plugin v21.9.1 - https:\/\/yoast.com\/wordpress\/plugins\/seo\/ -->\n<title>Nos pr\u00e9c\u00e9dentes missions \u00e0 l&#039;\u00e9tranger - AuditionSolidarit\u00e9<\/title>\n<meta name=\"robots\" content=\"index, follow, max-snippet:-1, max-image-preview:large, max-video-preview:-1\" \/>\n<link rel=\"canonical\" href=\"https:\/\/www.auditionsolidarite.org\/fr\/nos-precedentes-missions-a-letranger\/\" \/>\n<meta property=\"og:locale\" content=\"fr_FR\" \/>\n<meta property=\"og:type\" content=\"article\" \/>\n<meta property=\"og:title\" content=\"Nos pr\u00e9c\u00e9dentes missions \u00e0 l&#039;\u00e9tranger - AuditionSolidarit\u00e9\" \/>\n<meta property=\"og:description\" content=\"Carte de nos lieux de missions Toutes les pr\u00e9c\u00e9dentes missions \u2666 Nov. 2024 : VIETNAM (Bi\u00ean H\u00f2a) \u2666 Mai 2024 : REPUBLIQUE DOMINICAINE (Hato Mayor)\u00a0 \u2666\u00a0Avr. 2024 : MAROC (Banlieue d&#8217;Agadir) \u2666 Nov. 2023 : MADAGASCAR (Antananarivo) \u2666 Mai 2023 : REPUBLIQUE DOMINICAINE (Hato Mayor)\u00a0 \u2666 Nov. 2022 : VIETNAM (Bi\u00ean H\u00f2a) \u2666 Mai 2022 : REPUBLIQUE DOMINICAINE (Hato Mayor)\" \/>\n<meta property=\"og:url\" content=\"https:\/\/www.auditionsolidarite.org\/fr\/nos-precedentes-missions-a-letranger\/\" \/>\n<meta property=\"og:site_name\" content=\"AuditionSolidarit\u00e9\" \/>\n<meta property=\"article:modified_time\" content=\"2026-03-26T09:18:46+00:00\" \/>\n<meta property=\"og:image\" content=\"https:\/\/www.auditionsolidarite.org\/wp-content\/uploads\/2015\/07\/logo-audition-solidarite-e1446132259721.png\" \/>\n\t<meta property=\"og:image:width\" content=\"600\" \/>\n\t<meta property=\"og:image:height\" content=\"593\" \/>\n\t<meta property=\"og:image:type\" content=\"image\/png\" \/>\n<meta name=\"twitter:card\" content=\"summary_large_image\" \/>\n<meta name=\"twitter:label1\" content=\"Dur\u00e9e de lecture estim\u00e9e\" \/>\n\t<meta name=\"twitter:data1\" content=\"2 minutes\" \/>\n<script type=\"application\/ld+json\" class=\"yoast-schema-graph\">{\"@context\":\"https:\/\/schema.org\",\"@graph\":[{\"@type\":\"WebPage\",\"@id\":\"https:\/\/www.auditionsolidarite.org\/fr\/nos-precedentes-missions-a-letranger\/\",\"url\":\"https:\/\/www.auditionsolidarite.org\/fr\/nos-precedentes-missions-a-letranger\/\",\"name\":\"Nos pr\u00e9c\u00e9dentes missions \u00e0 l'\u00e9tranger - AuditionSolidarit\u00e9\",\"isPartOf\":{\"@id\":\"https:\/\/www.auditionsolidarite.org\/fr\/#website\"},\"datePublished\":\"2015-07-07T13:09:48+00:00\",\"dateModified\":\"2026-03-26T09:18:46+00:00\",\"breadcrumb\":{\"@id\":\"https:\/\/www.auditionsolidarite.org\/fr\/nos-precedentes-missions-a-letranger\/#breadcrumb\"},\"inLanguage\":\"fr-FR\",\"potentialAction\":[{\"@type\":\"ReadAction\",\"target\":[[\"https:\/\/www.auditionsolidarite.org\/fr\/nos-precedentes-missions-a-letranger\/\"]]}]},{\"@type\":\"BreadcrumbList\",\"@id\":\"https:\/\/www.auditionsolidarite.org\/fr\/nos-precedentes-missions-a-letranger\/#breadcrumb\",\"itemListElement\":[{\"@type\":\"ListItem\",\"position\":1,\"name\":\"Accueil\",\"item\":\"https:\/\/www.auditionsolidarite.org\/fr\/\"},{\"@type\":\"ListItem\",\"position\":2,\"name\":\"Nos pr\u00e9c\u00e9dentes missions \u00e0 l&#8217;\u00e9tranger\"}]},{\"@type\":\"WebSite\",\"@id\":\"https:\/\/www.auditionsolidarite.org\/fr\/#website\",\"url\":\"https:\/\/www.auditionsolidarite.org\/fr\/\",\"name\":\"AuditionSolidarit\u00e9\",\"description\":\"Le hasard n&#039;existe pas ! Si vous \u00eates l\u00e0 aujourd&#039;hui, c&#039;est que le monde de l&#039;audition vous touche... Alors merci d&#039;\u00eatre l\u00e0 !\",\"publisher\":{\"@id\":\"https:\/\/www.auditionsolidarite.org\/fr\/#organization\"},\"potentialAction\":[{\"@type\":\"SearchAction\",\"target\":{\"@type\":\"EntryPoint\",\"urlTemplate\":\"https:\/\/www.auditionsolidarite.org\/fr\/?s={search_term_string}\"},\"query-input\":\"required name=search_term_string\"}],\"inLanguage\":\"fr-FR\"},{\"@type\":\"Organization\",\"@id\":\"https:\/\/www.auditionsolidarite.org\/fr\/#organization\",\"name\":\"AuditionSolidarit\u00e9\",\"url\":\"https:\/\/www.auditionsolidarite.org\/fr\/\",\"logo\":{\"@type\":\"ImageObject\",\"inLanguage\":\"fr-FR\",\"@id\":\"https:\/\/www.auditionsolidarite.org\/fr\/#\/schema\/logo\/image\/\",\"url\":\"https:\/\/www.auditionsolidarite.org\/wp-content\/uploads\/2015\/07\/logo-audition-solidarite-e1446132259721.png\",\"contentUrl\":\"https:\/\/www.auditionsolidarite.org\/wp-content\/uploads\/2015\/07\/logo-audition-solidarite-e1446132259721.png\",\"width\":600,\"height\":593,\"caption\":\"AuditionSolidarit\u00e9\"},\"image\":{\"@id\":\"https:\/\/www.auditionsolidarite.org\/fr\/#\/schema\/logo\/image\/\"}}]}<\/script>\n<!-- \/ Yoast SEO plugin. -->","yoast_head_json":{"title":"Nos pr\u00e9c\u00e9dentes missions \u00e0 l'\u00e9tranger - AuditionSolidarit\u00e9","robots":{"index":"index","follow":"follow","max-snippet":"max-snippet:-1","max-image-preview":"max-image-preview:large","max-video-preview":"max-video-preview:-1"},"canonical":"https:\/\/www.auditionsolidarite.org\/fr\/nos-precedentes-missions-a-letranger\/","og_locale":"fr_FR","og_type":"article","og_title":"Nos pr\u00e9c\u00e9dentes missions \u00e0 l'\u00e9tranger - AuditionSolidarit\u00e9","og_description":"Carte de nos lieux de missions Toutes les pr\u00e9c\u00e9dentes missions \u2666 Nov. 2024 : VIETNAM (Bi\u00ean H\u00f2a) \u2666 Mai 2024 : REPUBLIQUE DOMINICAINE (Hato Mayor)\u00a0 \u2666\u00a0Avr. 2024 : MAROC (Banlieue d&#8217;Agadir) \u2666 Nov. 2023 : MADAGASCAR (Antananarivo) \u2666 Mai 2023 : REPUBLIQUE DOMINICAINE (Hato Mayor)\u00a0 \u2666 Nov. 2022 : VIETNAM (Bi\u00ean H\u00f2a) \u2666 Mai 2022 : REPUBLIQUE DOMINICAINE (Hato Mayor)","og_url":"https:\/\/www.auditionsolidarite.org\/fr\/nos-precedentes-missions-a-letranger\/","og_site_name":"AuditionSolidarit\u00e9","article_modified_time":"2026-03-26T09:18:46+00:00","og_image":[{"width":600,"height":593,"url":"https:\/\/www.auditionsolidarite.org\/wp-content\/uploads\/2015\/07\/logo-audition-solidarite-e1446132259721.png","type":"image\/png"}],"twitter_card":"summary_large_image","twitter_misc":{"Dur\u00e9e de lecture estim\u00e9e":"2 minutes"},"schema":{"@context":"https:\/\/schema.org","@graph":[{"@type":"WebPage","@id":"https:\/\/www.auditionsolidarite.org\/fr\/nos-precedentes-missions-a-letranger\/","url":"https:\/\/www.auditionsolidarite.org\/fr\/nos-precedentes-missions-a-letranger\/","name":"Nos pr\u00e9c\u00e9dentes missions \u00e0 l'\u00e9tranger - AuditionSolidarit\u00e9","isPartOf":{"@id":"https:\/\/www.auditionsolidarite.org\/fr\/#website"},"datePublished":"2015-07-07T13:09:48+00:00","dateModified":"2026-03-26T09:18:46+00:00","breadcrumb":{"@id":"https:\/\/www.auditionsolidarite.org\/fr\/nos-precedentes-missions-a-letranger\/#breadcrumb"},"inLanguage":"fr-FR","potentialAction":[{"@type":"ReadAction","target":[["https:\/\/www.auditionsolidarite.org\/fr\/nos-precedentes-missions-a-letranger\/"]]}]},{"@type":"BreadcrumbList","@id":"https:\/\/www.auditionsolidarite.org\/fr\/nos-precedentes-missions-a-letranger\/#breadcrumb","itemListElement":[{"@type":"ListItem","position":1,"name":"Accueil","item":"https:\/\/www.auditionsolidarite.org\/fr\/"},{"@type":"ListItem","position":2,"name":"Nos pr\u00e9c\u00e9dentes missions \u00e0 l&#8217;\u00e9tranger"}]},{"@type":"WebSite","@id":"https:\/\/www.auditionsolidarite.org\/fr\/#website","url":"https:\/\/www.auditionsolidarite.org\/fr\/","name":"AuditionSolidarit\u00e9","description":"Le hasard n&#039;existe pas ! Si vous \u00eates l\u00e0 aujourd&#039;hui, c&#039;est que le monde de l&#039;audition vous touche... Alors merci d&#039;\u00eatre l\u00e0 !","publisher":{"@id":"https:\/\/www.auditionsolidarite.org\/fr\/#organization"},"potentialAction":[{"@type":"SearchAction","target":{"@type":"EntryPoint","urlTemplate":"https:\/\/www.auditionsolidarite.org\/fr\/?s={search_term_string}"},"query-input":"required name=search_term_string"}],"inLanguage":"fr-FR"},{"@type":"Organization","@id":"https:\/\/www.auditionsolidarite.org\/fr\/#organization","name":"AuditionSolidarit\u00e9","url":"https:\/\/www.auditionsolidarite.org\/fr\/","logo":{"@type":"ImageObject","inLanguage":"fr-FR","@id":"https:\/\/www.auditionsolidarite.org\/fr\/#\/schema\/logo\/image\/","url":"https:\/\/www.auditionsolidarite.org\/wp-content\/uploads\/2015\/07\/logo-audition-solidarite-e1446132259721.png","contentUrl":"https:\/\/www.auditionsolidarite.org\/wp-content\/uploads\/2015\/07\/logo-audition-solidarite-e1446132259721.png","width":600,"height":593,"caption":"AuditionSolidarit\u00e9"},"image":{"@id":"https:\/\/www.auditionsolidarite.org\/fr\/#\/schema\/logo\/image\/"}}]}},"_links":{"self":[{"href":"https:\/\/www.auditionsolidarite.org\/fr\/wp-json\/wp\/v2\/pages\/46"}],"collection":[{"href":"https:\/\/www.auditionsolidarite.org\/fr\/wp-json\/wp\/v2\/pages"}],"about":[{"href":"https:\/\/www.auditionsolidarite.org\/fr\/wp-json\/wp\/v2\/types\/page"}],"author":[{"embeddable":true,"href":"https:\/\/www.auditionsolidarite.org\/fr\/wp-json\/wp\/v2\/users\/10"}],"replies":[{"embeddable":true,"href":"https:\/\/www.auditionsolidarite.org\/fr\/wp-json\/wp\/v2\/comments?post=46"}],"version-history":[{"count":17,"href":"https:\/\/www.auditionsolidarite.org\/fr\/wp-json\/wp\/v2\/pages\/46\/revisions"}],"predecessor-version":[{"id":10893,"href":"https:\/\/www.auditionsolidarite.org\/fr\/wp-json\/wp\/v2\/pages\/46\/revisions\/10893"}],"wp:attachment":[{"href":"https:\/\/www.auditionsolidarite.org\/fr\/wp-json\/wp\/v2\/media?parent=46"}],"curies":[{"name":"wp","href":"https:\/\/api.w.org\/{rel}","templated":true}]}}