{"id":4355,"date":"2015-10-28T14:34:17","date_gmt":"2015-10-28T13:34:17","guid":{"rendered":"http:\/\/demo.auditionsolidarite.org\/fr\/?page_id=4355"},"modified":"2015-10-28T14:34:17","modified_gmt":"2015-10-28T13:34:17","slug":"mission-armee-du-salut-mars-2011","status":"publish","type":"page","link":"https:\/\/www.auditionsolidarite.org\/fr\/mission-armee-du-salut-mars-2011\/","title":{"rendered":"Mission Arm\u00e9e du Salut &#8211; Mars 2011"},"content":{"rendered":"<h6>Mission humanitaire \u00e0 la Maison du Partage &#8211; Arm\u00e9e du Salut \u2013 Mars 2011<b><br \/>\n<\/b><b><br \/>\n<\/b><\/h6>\n<p>Pour sa 1\u00e8re mission humanitaire en France,<br \/>\nAuditionSolidarit\u00e9 s\u2019est associ\u00e9e \u00e0 Vision\u00a0Solidarit\u00e9\u00a0D\u00e9veloppement (<a href=\"http:\/\/www.visionsolidev.org\" target=\"_blank\">http:\/\/www.visionsolidev.org<\/a>)<b><br \/>\n<\/b><br \/>\nDu 14 au 16 mars\u00a0: pr\u00e9sence d\u2019AuditionSolidarit\u00e9<br \/>\nLe 17 et 18 mars\u00a0: pr\u00e9sence de Vision Solidarit\u00e9 D\u00e9veloppement<b><br \/>\n<\/b><br \/>\nLe but \u00e9tant de prendre en charge les probl\u00e8mes d\u2019audition et de vision de personnes SDF.<\/p>\n<p>Bilan concernant l\u2019audition\u00a0: 60 personnes ont b\u00e9n\u00e9fici\u00e9 d\u2019un audiogramme, 13 personnes ont \u00e9t\u00e9 appareill\u00e9es.<b><br \/>\n<\/b><br \/>\nMission r\u00e9ussie avec une \u00e9quipe de 8 personnes :<br \/>\n\u2666 Max Beraha, Didier Afecto, Jean-David Ammanou et Christine Bourger, audioproth\u00e9sistes<br \/>\n\u2666 Clotilde Faure, orthophoniste<br \/>\n\u2666 Dr Dominique Faure<br \/>\n\u2666 Odile et Carole pour la logistique<b><br \/>\n<\/b><b><br \/>\n<\/b>En fin de semaine, 100 personnes vivant dans la pr\u00e9carit\u00e9 ont re\u00e7u un peu de r\u00e9confort soit par le fait de mieux entendre ou de mieux voir.<\/p>\n<p style=\"text-align: left;\">L\u2019important, c\u2019est aussi le suivi de cette mission\u2026<br \/>\nRendez-vous avec AuditionSolidarit\u00e9 et Vision Solidarit\u00e9 D\u00e9veloppement \u00e0 l\u2019automne 2011 pour une prochaine mission \u00e0 la Maison du Partage.<b><br \/>\n<\/b><\/p>","protected":false},"excerpt":{"rendered":"<p>Mission humanitaire \u00e0 la Maison du Partage &#8211; Arm\u00e9e du Salut \u2013 Mars 2011 Pour sa 1\u00e8re mission humanitaire en France, AuditionSolidarit\u00e9 s\u2019est associ\u00e9e \u00e0 Vision\u00a0Solidarit\u00e9\u00a0D\u00e9veloppement (http:\/\/www.visionsolidev.org) Du 14 au 16 mars\u00a0: pr\u00e9sence d\u2019AuditionSolidarit\u00e9 Le 17 et 18 mars\u00a0: pr\u00e9sence de Vision Solidarit\u00e9 D\u00e9veloppement Le but \u00e9tant de prendre en charge les probl\u00e8mes d\u2019audition et de vision de personnes SDF.<\/p>\n","protected":false},"author":2,"featured_media":0,"parent":0,"menu_order":0,"comment_status":"closed","ping_status":"closed","template":"","meta":{"footnotes":""},"acf":[],"yoast_head":"<!-- This site is optimized with the Yoast SEO plugin v21.9.1 - https:\/\/yoast.com\/wordpress\/plugins\/seo\/ -->\n<title>Mission Arm\u00e9e du Salut - Mars 2011 - AuditionSolidarit\u00e9<\/title>\n<meta name=\"robots\" content=\"index, follow, max-snippet:-1, max-image-preview:large, max-video-preview:-1\" \/>\n<link rel=\"canonical\" href=\"https:\/\/www.auditionsolidarite.org\/fr\/mission-armee-du-salut-mars-2011\/\" \/>\n<meta property=\"og:locale\" content=\"fr_FR\" \/>\n<meta property=\"og:type\" content=\"article\" \/>\n<meta property=\"og:title\" content=\"Mission Arm\u00e9e du Salut - Mars 2011 - AuditionSolidarit\u00e9\" \/>\n<meta property=\"og:description\" content=\"Mission humanitaire \u00e0 la Maison du Partage &#8211; Arm\u00e9e du Salut \u2013 Mars 2011 Pour sa 1\u00e8re mission humanitaire en France, AuditionSolidarit\u00e9 s\u2019est associ\u00e9e \u00e0 Vision\u00a0Solidarit\u00e9\u00a0D\u00e9veloppement (http:\/\/www.visionsolidev.org) Du 14 au 16 mars\u00a0: pr\u00e9sence d\u2019AuditionSolidarit\u00e9 Le 17 et 18 mars\u00a0: pr\u00e9sence de Vision Solidarit\u00e9 D\u00e9veloppement Le but \u00e9tant de prendre en charge les probl\u00e8mes d\u2019audition et de vision de personnes SDF.\" \/>\n<meta property=\"og:url\" content=\"https:\/\/www.auditionsolidarite.org\/fr\/mission-armee-du-salut-mars-2011\/\" \/>\n<meta property=\"og:site_name\" content=\"AuditionSolidarit\u00e9\" \/>\n<meta property=\"og:image\" content=\"https:\/\/www.auditionsolidarite.org\/wp-content\/uploads\/2015\/07\/logo-audition-solidarite-e1446132259721.png\" \/>\n\t<meta property=\"og:image:width\" content=\"600\" \/>\n\t<meta property=\"og:image:height\" content=\"593\" \/>\n\t<meta property=\"og:image:type\" content=\"image\/png\" \/>\n<meta name=\"twitter:card\" content=\"summary_large_image\" \/>\n<meta name=\"twitter:label1\" content=\"Dur\u00e9e de lecture estim\u00e9e\" \/>\n\t<meta name=\"twitter:data1\" content=\"1 minute\" \/>\n<script type=\"application\/ld+json\" class=\"yoast-schema-graph\">{\"@context\":\"https:\/\/schema.org\",\"@graph\":[{\"@type\":\"WebPage\",\"@id\":\"https:\/\/www.auditionsolidarite.org\/fr\/mission-armee-du-salut-mars-2011\/\",\"url\":\"https:\/\/www.auditionsolidarite.org\/fr\/mission-armee-du-salut-mars-2011\/\",\"name\":\"Mission Arm\u00e9e du Salut - Mars 2011 - AuditionSolidarit\u00e9\",\"isPartOf\":{\"@id\":\"https:\/\/www.auditionsolidarite.org\/fr\/#website\"},\"datePublished\":\"2015-10-28T13:34:17+00:00\",\"dateModified\":\"2015-10-28T13:34:17+00:00\",\"breadcrumb\":{\"@id\":\"https:\/\/www.auditionsolidarite.org\/fr\/mission-armee-du-salut-mars-2011\/#breadcrumb\"},\"inLanguage\":\"fr-FR\",\"potentialAction\":[{\"@type\":\"ReadAction\",\"target\":[[\"https:\/\/www.auditionsolidarite.org\/fr\/mission-armee-du-salut-mars-2011\/\"]]}]},{\"@type\":\"BreadcrumbList\",\"@id\":\"https:\/\/www.auditionsolidarite.org\/fr\/mission-armee-du-salut-mars-2011\/#breadcrumb\",\"itemListElement\":[{\"@type\":\"ListItem\",\"position\":1,\"name\":\"Accueil\",\"item\":\"https:\/\/www.auditionsolidarite.org\/fr\/\"},{\"@type\":\"ListItem\",\"position\":2,\"name\":\"Mission Arm\u00e9e du Salut &#8211; Mars 2011\"}]},{\"@type\":\"WebSite\",\"@id\":\"https:\/\/www.auditionsolidarite.org\/fr\/#website\",\"url\":\"https:\/\/www.auditionsolidarite.org\/fr\/\",\"name\":\"AuditionSolidarit\u00e9\",\"description\":\"Le hasard n&#039;existe pas ! Si vous \u00eates l\u00e0 aujourd&#039;hui, c&#039;est que le monde de l&#039;audition vous touche... Alors merci d&#039;\u00eatre l\u00e0 !\",\"publisher\":{\"@id\":\"https:\/\/www.auditionsolidarite.org\/fr\/#organization\"},\"potentialAction\":[{\"@type\":\"SearchAction\",\"target\":{\"@type\":\"EntryPoint\",\"urlTemplate\":\"https:\/\/www.auditionsolidarite.org\/fr\/?s={search_term_string}\"},\"query-input\":\"required name=search_term_string\"}],\"inLanguage\":\"fr-FR\"},{\"@type\":\"Organization\",\"@id\":\"https:\/\/www.auditionsolidarite.org\/fr\/#organization\",\"name\":\"AuditionSolidarit\u00e9\",\"url\":\"https:\/\/www.auditionsolidarite.org\/fr\/\",\"logo\":{\"@type\":\"ImageObject\",\"inLanguage\":\"fr-FR\",\"@id\":\"https:\/\/www.auditionsolidarite.org\/fr\/#\/schema\/logo\/image\/\",\"url\":\"https:\/\/www.auditionsolidarite.org\/wp-content\/uploads\/2015\/07\/logo-audition-solidarite-e1446132259721.png\",\"contentUrl\":\"https:\/\/www.auditionsolidarite.org\/wp-content\/uploads\/2015\/07\/logo-audition-solidarite-e1446132259721.png\",\"width\":600,\"height\":593,\"caption\":\"AuditionSolidarit\u00e9\"},\"image\":{\"@id\":\"https:\/\/www.auditionsolidarite.org\/fr\/#\/schema\/logo\/image\/\"}}]}<\/script>\n<!-- \/ Yoast SEO plugin. -->","yoast_head_json":{"title":"Mission Arm\u00e9e du Salut - Mars 2011 - AuditionSolidarit\u00e9","robots":{"index":"index","follow":"follow","max-snippet":"max-snippet:-1","max-image-preview":"max-image-preview:large","max-video-preview":"max-video-preview:-1"},"canonical":"https:\/\/www.auditionsolidarite.org\/fr\/mission-armee-du-salut-mars-2011\/","og_locale":"fr_FR","og_type":"article","og_title":"Mission Arm\u00e9e du Salut - Mars 2011 - AuditionSolidarit\u00e9","og_description":"Mission humanitaire \u00e0 la Maison du Partage &#8211; Arm\u00e9e du Salut \u2013 Mars 2011 Pour sa 1\u00e8re mission humanitaire en France, AuditionSolidarit\u00e9 s\u2019est associ\u00e9e \u00e0 Vision\u00a0Solidarit\u00e9\u00a0D\u00e9veloppement (http:\/\/www.visionsolidev.org) Du 14 au 16 mars\u00a0: pr\u00e9sence d\u2019AuditionSolidarit\u00e9 Le 17 et 18 mars\u00a0: pr\u00e9sence de Vision Solidarit\u00e9 D\u00e9veloppement Le but \u00e9tant de prendre en charge les probl\u00e8mes d\u2019audition et de vision de personnes SDF.","og_url":"https:\/\/www.auditionsolidarite.org\/fr\/mission-armee-du-salut-mars-2011\/","og_site_name":"AuditionSolidarit\u00e9","og_image":[{"width":600,"height":593,"url":"https:\/\/www.auditionsolidarite.org\/wp-content\/uploads\/2015\/07\/logo-audition-solidarite-e1446132259721.png","type":"image\/png"}],"twitter_card":"summary_large_image","twitter_misc":{"Dur\u00e9e de lecture estim\u00e9e":"1 minute"},"schema":{"@context":"https:\/\/schema.org","@graph":[{"@type":"WebPage","@id":"https:\/\/www.auditionsolidarite.org\/fr\/mission-armee-du-salut-mars-2011\/","url":"https:\/\/www.auditionsolidarite.org\/fr\/mission-armee-du-salut-mars-2011\/","name":"Mission Arm\u00e9e du Salut - Mars 2011 - AuditionSolidarit\u00e9","isPartOf":{"@id":"https:\/\/www.auditionsolidarite.org\/fr\/#website"},"datePublished":"2015-10-28T13:34:17+00:00","dateModified":"2015-10-28T13:34:17+00:00","breadcrumb":{"@id":"https:\/\/www.auditionsolidarite.org\/fr\/mission-armee-du-salut-mars-2011\/#breadcrumb"},"inLanguage":"fr-FR","potentialAction":[{"@type":"ReadAction","target":[["https:\/\/www.auditionsolidarite.org\/fr\/mission-armee-du-salut-mars-2011\/"]]}]},{"@type":"BreadcrumbList","@id":"https:\/\/www.auditionsolidarite.org\/fr\/mission-armee-du-salut-mars-2011\/#breadcrumb","itemListElement":[{"@type":"ListItem","position":1,"name":"Accueil","item":"https:\/\/www.auditionsolidarite.org\/fr\/"},{"@type":"ListItem","position":2,"name":"Mission Arm\u00e9e du Salut &#8211; Mars 2011"}]},{"@type":"WebSite","@id":"https:\/\/www.auditionsolidarite.org\/fr\/#website","url":"https:\/\/www.auditionsolidarite.org\/fr\/","name":"AuditionSolidarit\u00e9","description":"Le hasard n&#039;existe pas ! Si vous \u00eates l\u00e0 aujourd&#039;hui, c&#039;est que le monde de l&#039;audition vous touche... Alors merci d&#039;\u00eatre l\u00e0 !","publisher":{"@id":"https:\/\/www.auditionsolidarite.org\/fr\/#organization"},"potentialAction":[{"@type":"SearchAction","target":{"@type":"EntryPoint","urlTemplate":"https:\/\/www.auditionsolidarite.org\/fr\/?s={search_term_string}"},"query-input":"required name=search_term_string"}],"inLanguage":"fr-FR"},{"@type":"Organization","@id":"https:\/\/www.auditionsolidarite.org\/fr\/#organization","name":"AuditionSolidarit\u00e9","url":"https:\/\/www.auditionsolidarite.org\/fr\/","logo":{"@type":"ImageObject","inLanguage":"fr-FR","@id":"https:\/\/www.auditionsolidarite.org\/fr\/#\/schema\/logo\/image\/","url":"https:\/\/www.auditionsolidarite.org\/wp-content\/uploads\/2015\/07\/logo-audition-solidarite-e1446132259721.png","contentUrl":"https:\/\/www.auditionsolidarite.org\/wp-content\/uploads\/2015\/07\/logo-audition-solidarite-e1446132259721.png","width":600,"height":593,"caption":"AuditionSolidarit\u00e9"},"image":{"@id":"https:\/\/www.auditionsolidarite.org\/fr\/#\/schema\/logo\/image\/"}}]}},"_links":{"self":[{"href":"https:\/\/www.auditionsolidarite.org\/fr\/wp-json\/wp\/v2\/pages\/4355"}],"collection":[{"href":"https:\/\/www.auditionsolidarite.org\/fr\/wp-json\/wp\/v2\/pages"}],"about":[{"href":"https:\/\/www.auditionsolidarite.org\/fr\/wp-json\/wp\/v2\/types\/page"}],"author":[{"embeddable":true,"href":"https:\/\/www.auditionsolidarite.org\/fr\/wp-json\/wp\/v2\/users\/2"}],"replies":[{"embeddable":true,"href":"https:\/\/www.auditionsolidarite.org\/fr\/wp-json\/wp\/v2\/comments?post=4355"}],"version-history":[{"count":1,"href":"https:\/\/www.auditionsolidarite.org\/fr\/wp-json\/wp\/v2\/pages\/4355\/revisions"}],"predecessor-version":[{"id":4356,"href":"https:\/\/www.auditionsolidarite.org\/fr\/wp-json\/wp\/v2\/pages\/4355\/revisions\/4356"}],"wp:attachment":[{"href":"https:\/\/www.auditionsolidarite.org\/fr\/wp-json\/wp\/v2\/media?parent=4355"}],"curies":[{"name":"wp","href":"https:\/\/api.w.org\/{rel}","templated":true}]}}