{"id":4348,"date":"2015-10-28T14:06:43","date_gmt":"2015-10-28T13:06:43","guid":{"rendered":"http:\/\/demo.auditionsolidarite.org\/fr\/?page_id=4348"},"modified":"2015-10-28T14:08:43","modified_gmt":"2015-10-28T13:08:43","slug":"mission-humanitaire-paris-enfants-du-canal-octobre-2013","status":"publish","type":"page","link":"https:\/\/www.auditionsolidarite.org\/fr\/mission-humanitaire-paris-enfants-du-canal-octobre-2013\/","title":{"rendered":"Mission Humanitaire Paris &#8211; Enfants du Canal- octobre 2013"},"content":{"rendered":"<h6>Mission humanitaire \u00e0 Paris &#8211; Les Enfants du Canal &#8211; Octobre 2013<b><br \/>\n<\/b><b><br \/>\n<\/b><\/h6>\n<p>Les 21 et 22 octobre 2013, AuditionSolidarit\u00e9 s\u2019est associ\u00e9e \u00e0 l&#8217;association Les Enfants du Canal<br \/>\nainsi que 8 autres associations fran\u00e7aises reconnues dans la solidarit\u00e9.<br \/>\nLe but \u00e9tant de prendre en charge les probl\u00e8mes d\u2019audition de personnes Sans Domicile Fixe.<br \/>\nNous avons vu 31 personnes, 14 personnes ont \u00e9t\u00e9 appareill\u00e9es.<br \/>\n19 appareils auditifs ont \u00e9t\u00e9 adapt\u00e9s et 19 embouts sur mesure ont \u00e9t\u00e9 fabriqu\u00e9s.<b><br \/>\n<\/b><br \/>\n<strong>Mission r\u00e9ussie avec des \u00e9quipes solidaires :\u00a0<\/strong><br \/>\nMerci aux audioproth\u00e9sistes : Isabelle Laroche, Isabelle Cornuau-Humbert, Lise Bouch\u00e9, Nicolas Delasalle et Christine Bourger<br \/>\nMerci \u00e0 Jean-Marie Gouin, ORL<br \/>\nMerci \u00e0 Mich\u00e8le Dumay, orthophoniste<br \/>\nMerci \u00e0 Carole et Odile pour la logistique<\/p>\n<p style=\"text-align: left;\">Merci \u00e0 toute l&#8217;\u00e9quipe des Enfants du Canal, \u00e0 Christophe Louis, \u00e0 C\u00e9dric Lautard et \u00e0 Cl\u00e9ment !<br \/>\nMerci \u00e0 Martin Hirsch pour son soutien et sa pr\u00e9sence.<br \/>\nMerci \u00e0 toutes les associations qui se sont impliqu\u00e9es !<b>\u00a0 <\/b><b><b><\/b><b><br \/>\n<\/b><b><br \/>\n<\/b><\/b><\/p>\n<p style=\"text-align: center;\"><b>Interviews\u00a0<\/b><\/p>\n<table>\n<tbody>\n<tr>\n<td style=\"text-align: center; vertical-align: middle;\">Cl\u00e9ment Etienne &#8211; les Enfants du Canal<br \/>\n<iframe loading=\"lazy\" src=\"https:\/\/www.youtube.com\/embed\/BlmDEFigcz0\" width=\"260\" height=\"170\" frameborder=\"0\" allowfullscreen=\"allowfullscreen\"><\/iframe><\/td>\n<td style=\"text-align: center; vertical-align: middle;\">Lise Bouch\u00e9 &#8211; audioproth\u00e9siste<br \/>\n<iframe loading=\"lazy\" src=\"https:\/\/www.youtube.com\/embed\/khl9UatEPn4\" width=\"260\" height=\"170\" frameborder=\"0\" allowfullscreen=\"allowfullscreen\"><\/iframe><\/td>\n<td style=\"text-align: center; vertical-align: middle;\">\u00a0Jean-Marie Gouin &#8211; ORL<br \/>\n<iframe loading=\"lazy\" src=\"https:\/\/www.youtube.com\/embed\/-DoU6y0lT-Q\" width=\"260\" height=\"170\" frameborder=\"0\" allowfullscreen=\"allowfullscreen\"><\/iframe><\/td>\n<\/tr>\n<tr>\n<td style=\"text-align: center; vertical-align: middle;\">Isabelle Cornuau &#8211; audioproth\u00e9siste<iframe loading=\"lazy\" src=\"https:\/\/www.youtube.com\/embed\/0yIpcOvBYkA\" width=\"260\" height=\"170\" frameborder=\"0\" scrolling=\"no\" allowfullscreen=\"allowfullscreen\"><\/iframe><\/td>\n<td style=\"text-align: center; vertical-align: middle;\">Isabelle Laroche &#8211; audioproth\u00e9siste<br \/>\n<iframe loading=\"lazy\" src=\"https:\/\/www.youtube.com\/embed\/fz5KIcn0100\" width=\"260\" height=\"170\" frameborder=\"0\" allowfullscreen=\"allowfullscreen\"><\/iframe><\/td>\n<td style=\"text-align: center; vertical-align: middle;\">Nicolas Delassalle &#8211; audioproth\u00e9siste<br \/>\n<iframe loading=\"lazy\" src=\"https:\/\/www.youtube.com\/embed\/jKT1iiM4Vkc\" width=\"260\" height=\"170\" frameborder=\"0\" allowfullscreen=\"allowfullscreen\"><\/iframe><\/td>\n<\/tr>\n<tr>\n<td style=\"text-align: center; vertical-align: middle;\">Mich\u00e8le Dumay &#8211; orthophoniste<br \/>\n<iframe loading=\"lazy\" src=\"https:\/\/www.youtube.com\/embed\/1ketcFbO6q8\" width=\"260\" height=\"170\" frameborder=\"0\" allowfullscreen=\"allowfullscreen\"><\/iframe><\/td>\n<td style=\"text-align: center; vertical-align: middle;\"><\/td>\n<td style=\"text-align: center; vertical-align: middle;\"><\/td>\n<\/tr>\n<\/tbody>\n<\/table>","protected":false},"excerpt":{"rendered":"<p>Mission humanitaire \u00e0 Paris &#8211; Les Enfants du Canal &#8211; Octobre 2013 Les 21 et 22 octobre 2013, AuditionSolidarit\u00e9 s\u2019est associ\u00e9e \u00e0 l&#8217;association Les Enfants du Canal ainsi que 8 autres associations fran\u00e7aises reconnues dans la solidarit\u00e9. Le but \u00e9tant de prendre en charge les probl\u00e8mes d\u2019audition de personnes Sans Domicile Fixe. Nous avons vu 31 personnes, 14 personnes ont<\/p>\n","protected":false},"author":2,"featured_media":0,"parent":0,"menu_order":0,"comment_status":"closed","ping_status":"closed","template":"","meta":{"footnotes":""},"acf":[],"yoast_head":"<!-- This site is optimized with the Yoast SEO plugin v21.9.1 - https:\/\/yoast.com\/wordpress\/plugins\/seo\/ -->\n<title>Mission Humanitaire Paris - Enfants du Canal- octobre 2013 - AuditionSolidarit\u00e9<\/title>\n<meta name=\"robots\" content=\"index, follow, max-snippet:-1, max-image-preview:large, max-video-preview:-1\" \/>\n<link rel=\"canonical\" href=\"https:\/\/www.auditionsolidarite.org\/fr\/mission-humanitaire-paris-enfants-du-canal-octobre-2013\/\" \/>\n<meta property=\"og:locale\" content=\"fr_FR\" \/>\n<meta property=\"og:type\" content=\"article\" \/>\n<meta property=\"og:title\" content=\"Mission Humanitaire Paris - Enfants du Canal- octobre 2013 - AuditionSolidarit\u00e9\" \/>\n<meta property=\"og:description\" content=\"Mission humanitaire \u00e0 Paris &#8211; Les Enfants du Canal &#8211; Octobre 2013 Les 21 et 22 octobre 2013, AuditionSolidarit\u00e9 s\u2019est associ\u00e9e \u00e0 l&#8217;association Les Enfants du Canal ainsi que 8 autres associations fran\u00e7aises reconnues dans la solidarit\u00e9. Le but \u00e9tant de prendre en charge les probl\u00e8mes d\u2019audition de personnes Sans Domicile Fixe. Nous avons vu 31 personnes, 14 personnes ont\" \/>\n<meta property=\"og:url\" content=\"https:\/\/www.auditionsolidarite.org\/fr\/mission-humanitaire-paris-enfants-du-canal-octobre-2013\/\" \/>\n<meta property=\"og:site_name\" content=\"AuditionSolidarit\u00e9\" \/>\n<meta property=\"article:modified_time\" content=\"2015-10-28T13:08:43+00:00\" \/>\n<meta property=\"og:image\" content=\"https:\/\/www.auditionsolidarite.org\/wp-content\/uploads\/2015\/07\/logo-audition-solidarite-e1446132259721.png\" \/>\n\t<meta property=\"og:image:width\" content=\"600\" \/>\n\t<meta property=\"og:image:height\" content=\"593\" \/>\n\t<meta property=\"og:image:type\" content=\"image\/png\" \/>\n<meta name=\"twitter:card\" content=\"summary_large_image\" \/>\n<meta name=\"twitter:label1\" content=\"Dur\u00e9e de lecture estim\u00e9e\" \/>\n\t<meta name=\"twitter:data1\" content=\"1 minute\" \/>\n<script type=\"application\/ld+json\" class=\"yoast-schema-graph\">{\"@context\":\"https:\/\/schema.org\",\"@graph\":[{\"@type\":\"WebPage\",\"@id\":\"https:\/\/www.auditionsolidarite.org\/fr\/mission-humanitaire-paris-enfants-du-canal-octobre-2013\/\",\"url\":\"https:\/\/www.auditionsolidarite.org\/fr\/mission-humanitaire-paris-enfants-du-canal-octobre-2013\/\",\"name\":\"Mission Humanitaire Paris - Enfants du Canal- octobre 2013 - AuditionSolidarit\u00e9\",\"isPartOf\":{\"@id\":\"https:\/\/www.auditionsolidarite.org\/fr\/#website\"},\"datePublished\":\"2015-10-28T13:06:43+00:00\",\"dateModified\":\"2015-10-28T13:08:43+00:00\",\"breadcrumb\":{\"@id\":\"https:\/\/www.auditionsolidarite.org\/fr\/mission-humanitaire-paris-enfants-du-canal-octobre-2013\/#breadcrumb\"},\"inLanguage\":\"fr-FR\",\"potentialAction\":[{\"@type\":\"ReadAction\",\"target\":[[\"https:\/\/www.auditionsolidarite.org\/fr\/mission-humanitaire-paris-enfants-du-canal-octobre-2013\/\"]]}]},{\"@type\":\"BreadcrumbList\",\"@id\":\"https:\/\/www.auditionsolidarite.org\/fr\/mission-humanitaire-paris-enfants-du-canal-octobre-2013\/#breadcrumb\",\"itemListElement\":[{\"@type\":\"ListItem\",\"position\":1,\"name\":\"Accueil\",\"item\":\"https:\/\/www.auditionsolidarite.org\/fr\/\"},{\"@type\":\"ListItem\",\"position\":2,\"name\":\"Mission Humanitaire Paris &#8211; Enfants du Canal- octobre 2013\"}]},{\"@type\":\"WebSite\",\"@id\":\"https:\/\/www.auditionsolidarite.org\/fr\/#website\",\"url\":\"https:\/\/www.auditionsolidarite.org\/fr\/\",\"name\":\"AuditionSolidarit\u00e9\",\"description\":\"Le hasard n&#039;existe pas ! Si vous \u00eates l\u00e0 aujourd&#039;hui, c&#039;est que le monde de l&#039;audition vous touche... Alors merci d&#039;\u00eatre l\u00e0 !\",\"publisher\":{\"@id\":\"https:\/\/www.auditionsolidarite.org\/fr\/#organization\"},\"potentialAction\":[{\"@type\":\"SearchAction\",\"target\":{\"@type\":\"EntryPoint\",\"urlTemplate\":\"https:\/\/www.auditionsolidarite.org\/fr\/?s={search_term_string}\"},\"query-input\":\"required name=search_term_string\"}],\"inLanguage\":\"fr-FR\"},{\"@type\":\"Organization\",\"@id\":\"https:\/\/www.auditionsolidarite.org\/fr\/#organization\",\"name\":\"AuditionSolidarit\u00e9\",\"url\":\"https:\/\/www.auditionsolidarite.org\/fr\/\",\"logo\":{\"@type\":\"ImageObject\",\"inLanguage\":\"fr-FR\",\"@id\":\"https:\/\/www.auditionsolidarite.org\/fr\/#\/schema\/logo\/image\/\",\"url\":\"https:\/\/www.auditionsolidarite.org\/wp-content\/uploads\/2015\/07\/logo-audition-solidarite-e1446132259721.png\",\"contentUrl\":\"https:\/\/www.auditionsolidarite.org\/wp-content\/uploads\/2015\/07\/logo-audition-solidarite-e1446132259721.png\",\"width\":600,\"height\":593,\"caption\":\"AuditionSolidarit\u00e9\"},\"image\":{\"@id\":\"https:\/\/www.auditionsolidarite.org\/fr\/#\/schema\/logo\/image\/\"}}]}<\/script>\n<!-- \/ Yoast SEO plugin. -->","yoast_head_json":{"title":"Mission Humanitaire Paris - Enfants du Canal- octobre 2013 - AuditionSolidarit\u00e9","robots":{"index":"index","follow":"follow","max-snippet":"max-snippet:-1","max-image-preview":"max-image-preview:large","max-video-preview":"max-video-preview:-1"},"canonical":"https:\/\/www.auditionsolidarite.org\/fr\/mission-humanitaire-paris-enfants-du-canal-octobre-2013\/","og_locale":"fr_FR","og_type":"article","og_title":"Mission Humanitaire Paris - Enfants du Canal- octobre 2013 - AuditionSolidarit\u00e9","og_description":"Mission humanitaire \u00e0 Paris &#8211; Les Enfants du Canal &#8211; Octobre 2013 Les 21 et 22 octobre 2013, AuditionSolidarit\u00e9 s\u2019est associ\u00e9e \u00e0 l&#8217;association Les Enfants du Canal ainsi que 8 autres associations fran\u00e7aises reconnues dans la solidarit\u00e9. Le but \u00e9tant de prendre en charge les probl\u00e8mes d\u2019audition de personnes Sans Domicile Fixe. Nous avons vu 31 personnes, 14 personnes ont","og_url":"https:\/\/www.auditionsolidarite.org\/fr\/mission-humanitaire-paris-enfants-du-canal-octobre-2013\/","og_site_name":"AuditionSolidarit\u00e9","article_modified_time":"2015-10-28T13:08:43+00:00","og_image":[{"width":600,"height":593,"url":"https:\/\/www.auditionsolidarite.org\/wp-content\/uploads\/2015\/07\/logo-audition-solidarite-e1446132259721.png","type":"image\/png"}],"twitter_card":"summary_large_image","twitter_misc":{"Dur\u00e9e de lecture estim\u00e9e":"1 minute"},"schema":{"@context":"https:\/\/schema.org","@graph":[{"@type":"WebPage","@id":"https:\/\/www.auditionsolidarite.org\/fr\/mission-humanitaire-paris-enfants-du-canal-octobre-2013\/","url":"https:\/\/www.auditionsolidarite.org\/fr\/mission-humanitaire-paris-enfants-du-canal-octobre-2013\/","name":"Mission Humanitaire Paris - Enfants du Canal- octobre 2013 - AuditionSolidarit\u00e9","isPartOf":{"@id":"https:\/\/www.auditionsolidarite.org\/fr\/#website"},"datePublished":"2015-10-28T13:06:43+00:00","dateModified":"2015-10-28T13:08:43+00:00","breadcrumb":{"@id":"https:\/\/www.auditionsolidarite.org\/fr\/mission-humanitaire-paris-enfants-du-canal-octobre-2013\/#breadcrumb"},"inLanguage":"fr-FR","potentialAction":[{"@type":"ReadAction","target":[["https:\/\/www.auditionsolidarite.org\/fr\/mission-humanitaire-paris-enfants-du-canal-octobre-2013\/"]]}]},{"@type":"BreadcrumbList","@id":"https:\/\/www.auditionsolidarite.org\/fr\/mission-humanitaire-paris-enfants-du-canal-octobre-2013\/#breadcrumb","itemListElement":[{"@type":"ListItem","position":1,"name":"Accueil","item":"https:\/\/www.auditionsolidarite.org\/fr\/"},{"@type":"ListItem","position":2,"name":"Mission Humanitaire Paris &#8211; Enfants du Canal- octobre 2013"}]},{"@type":"WebSite","@id":"https:\/\/www.auditionsolidarite.org\/fr\/#website","url":"https:\/\/www.auditionsolidarite.org\/fr\/","name":"AuditionSolidarit\u00e9","description":"Le hasard n&#039;existe pas ! Si vous \u00eates l\u00e0 aujourd&#039;hui, c&#039;est que le monde de l&#039;audition vous touche... Alors merci d&#039;\u00eatre l\u00e0 !","publisher":{"@id":"https:\/\/www.auditionsolidarite.org\/fr\/#organization"},"potentialAction":[{"@type":"SearchAction","target":{"@type":"EntryPoint","urlTemplate":"https:\/\/www.auditionsolidarite.org\/fr\/?s={search_term_string}"},"query-input":"required name=search_term_string"}],"inLanguage":"fr-FR"},{"@type":"Organization","@id":"https:\/\/www.auditionsolidarite.org\/fr\/#organization","name":"AuditionSolidarit\u00e9","url":"https:\/\/www.auditionsolidarite.org\/fr\/","logo":{"@type":"ImageObject","inLanguage":"fr-FR","@id":"https:\/\/www.auditionsolidarite.org\/fr\/#\/schema\/logo\/image\/","url":"https:\/\/www.auditionsolidarite.org\/wp-content\/uploads\/2015\/07\/logo-audition-solidarite-e1446132259721.png","contentUrl":"https:\/\/www.auditionsolidarite.org\/wp-content\/uploads\/2015\/07\/logo-audition-solidarite-e1446132259721.png","width":600,"height":593,"caption":"AuditionSolidarit\u00e9"},"image":{"@id":"https:\/\/www.auditionsolidarite.org\/fr\/#\/schema\/logo\/image\/"}}]}},"_links":{"self":[{"href":"https:\/\/www.auditionsolidarite.org\/fr\/wp-json\/wp\/v2\/pages\/4348"}],"collection":[{"href":"https:\/\/www.auditionsolidarite.org\/fr\/wp-json\/wp\/v2\/pages"}],"about":[{"href":"https:\/\/www.auditionsolidarite.org\/fr\/wp-json\/wp\/v2\/types\/page"}],"author":[{"embeddable":true,"href":"https:\/\/www.auditionsolidarite.org\/fr\/wp-json\/wp\/v2\/users\/2"}],"replies":[{"embeddable":true,"href":"https:\/\/www.auditionsolidarite.org\/fr\/wp-json\/wp\/v2\/comments?post=4348"}],"version-history":[{"count":1,"href":"https:\/\/www.auditionsolidarite.org\/fr\/wp-json\/wp\/v2\/pages\/4348\/revisions"}],"predecessor-version":[{"id":4349,"href":"https:\/\/www.auditionsolidarite.org\/fr\/wp-json\/wp\/v2\/pages\/4348\/revisions\/4349"}],"wp:attachment":[{"href":"https:\/\/www.auditionsolidarite.org\/fr\/wp-json\/wp\/v2\/media?parent=4348"}],"curies":[{"name":"wp","href":"https:\/\/api.w.org\/{rel}","templated":true}]}}