{"id":42,"date":"2015-07-07T14:08:37","date_gmt":"2015-07-07T13:08:37","guid":{"rendered":"http:\/\/localhost\/auditionsolidarite.org\/?page_id=42"},"modified":"2025-05-16T10:47:49","modified_gmt":"2025-05-16T09:47:49","slug":"laction-humanitaire-a-letranger","status":"publish","type":"page","link":"https:\/\/www.auditionsolidarite.org\/fr\/laction-humanitaire-a-letranger\/","title":{"rendered":"L\u2019action humanitaire \u00e0 l&#8217;\u00e9tranger"},"content":{"rendered":"<h6 style=\"text-align: justify;\"><strong>AuditionSolidarit\u00e9 organise des missions humanitaires \u00e0 l\u2019\u00e9tranger afin d\u2019appareiller <\/strong><strong>des enfants d\u00e9favoris\u00e9s atteints d\u2019une d\u00e9ficience auditive.<\/strong><\/h6>\n<p>&nbsp;<\/p>\n<p style=\"text-align: justify;\"><strong>Comment\u00a0se d\u00e9roule une mission ?<br \/>\n<\/strong>Une \u00e9quipe de professionnels de l\u2019audition, <strong>tous m\u00e9c\u00e8nes<\/strong> de l&#8217;association constitu\u00e9e d\u2019ORL, d\u2019audioproth\u00e9sistes, d\u2019orthophonistes et de fabricant d\u2019embouts se rendent dans une \u00e9cole d\u2019enfants sourds et malentendants dans le but d\u2019appareiller tous les enfants et de former sur place les enseignants pour le suivi quotidien.<\/p>\n<p style=\"text-align: justify;\">Les formations donn\u00e9es sont : l\u2019entretien, le contr\u00f4le, les r\u00e9glages et la petite r\u00e9paration des appareils auditifs, la fabrication des embouts auriculaires et l\u2019orthophonie.<\/p>\n<p style=\"text-align: justify;\">Une mission dure g\u00e9n\u00e9ralement 8 \u00e0 10 jours.<\/p>\n<p>&nbsp;<\/p>\n<p style=\"text-align: justify;\"><strong>O\u00f9 ?<br \/>\n<\/strong>AuditionSolidarit\u00e9 intervient \u00e0 travers le monde <strong>uniquement <\/strong>dans des \u00e9coles d\u2019enfants sourds et malentendants.<br \/>\nAuditionSolidarit\u00e9 a actuellement des missions en cours au Maroc, \u00e0 Madagascar, au Vietnam et en R\u00e9publique dominicaine.<\/p>\n<p style=\"text-align: justify;\"><strong>\u00a0<\/strong><\/p>\n<p><strong>Pour r\u00e9aliser ces missions, AuditionSolidarit\u00e9 a besoin\u00a0:<\/strong><\/p>\n<p>\u2666 de votre comp\u00e9tence (ORL, audioproth\u00e9siste, orthophoniste, fabricant d\u2019embouts)<\/p>\n<p>\u2666 de dons d\u2019appareils auditifs (les contours num\u00e9riques)<\/p>\n<p>\u2666 de dons de mat\u00e9riel (audiom\u00e8tre, chaine de mesure)<\/p>\n<p>\u2666 de dons de finances et op\u00e9rations de produit partage <em>(=&gt; &#8220;<span style=\"text-decoration: underline;\"><span style=\"color: #ff0000;\"><a style=\"color: #ff0000; text-decoration: underline;\" href=\"\/devenez-mecene\/\">Devenez m\u00e9c\u00e8ne<\/a><\/span><\/span>&#8220;)<b><br \/>\n<\/b><b><br \/>\n<\/b><\/em><\/p>\n<p><strong>Nos prochaines missions :<b><\/b><\/strong><\/p>\n<p><b>\u2666 <\/b>Novembre 2025 &#8211; Madagascar<b><br \/>\n<\/b><b>\u2666 <\/b>Avril-mai 2026 &#8211; Maroc<\/p>\n<p><a href=\"\/\/www.auditionsolidarite.org\/wp-content\/uploads\/2021\/11\/Rep_dom_2021-2.jpg\"><br \/>\n<img loading=\"lazy\" decoding=\"async\" class=\"aligncenter wp-image-8436\" src=\"\/\/www.auditionsolidarite.org\/wp-content\/uploads\/2021\/11\/Rep_dom_2021-2.jpg\" alt=\"\" width=\"1000\" height=\"750\" srcset=\"https:\/\/www.auditionsolidarite.org\/wp-content\/uploads\/2021\/11\/Rep_dom_2021-2.jpg 1601w, https:\/\/www.auditionsolidarite.org\/wp-content\/uploads\/2021\/11\/Rep_dom_2021-2-300x225.jpg 300w, https:\/\/www.auditionsolidarite.org\/wp-content\/uploads\/2021\/11\/Rep_dom_2021-2-1024x768.jpg 1024w, https:\/\/www.auditionsolidarite.org\/wp-content\/uploads\/2021\/11\/Rep_dom_2021-2-768x576.jpg 768w, https:\/\/www.auditionsolidarite.org\/wp-content\/uploads\/2021\/11\/Rep_dom_2021-2-1536x1151.jpg 1536w\" sizes=\"(max-width: 1000px) 100vw, 1000px\" \/><\/a><b><b><br \/>\n<\/b>Vid\u00e9o compilation d&#8217;enfants qui entendent pour la premi\u00e8re fois<br \/>\n<\/b><\/p>\n<p style=\"text-align: center;\"><iframe loading=\"lazy\" src=\"https:\/\/www.youtube.com\/embed\/IinySItfIrs\" width=\"477\" height=\"350\" frameborder=\"0\" allowfullscreen=\"allowfullscreen\"><\/iframe><\/p>","protected":false},"excerpt":{"rendered":"<p>AuditionSolidarit\u00e9 organise des missions humanitaires \u00e0 l\u2019\u00e9tranger afin d\u2019appareiller des enfants d\u00e9favoris\u00e9s atteints d\u2019une d\u00e9ficience auditive. &nbsp; Comment\u00a0se d\u00e9roule une mission ? Une \u00e9quipe de professionnels de l\u2019audition, tous m\u00e9c\u00e8nes de l&#8217;association constitu\u00e9e d\u2019ORL, d\u2019audioproth\u00e9sistes, d\u2019orthophonistes et de fabricant d\u2019embouts se rendent dans une \u00e9cole d\u2019enfants sourds et malentendants dans le but d\u2019appareiller tous les enfants et de former sur<\/p>\n","protected":false},"author":10,"featured_media":0,"parent":0,"menu_order":0,"comment_status":"closed","ping_status":"closed","template":"","meta":{"footnotes":""},"acf":[],"yoast_head":"<!-- This site is optimized with the Yoast SEO plugin v21.9.1 - https:\/\/yoast.com\/wordpress\/plugins\/seo\/ -->\n<title>L\u2019action humanitaire \u00e0 l&#039;\u00e9tranger - AuditionSolidarit\u00e9<\/title>\n<meta name=\"robots\" content=\"index, follow, max-snippet:-1, max-image-preview:large, max-video-preview:-1\" \/>\n<link rel=\"canonical\" href=\"https:\/\/www.auditionsolidarite.org\/fr\/laction-humanitaire-a-letranger\/\" \/>\n<meta property=\"og:locale\" content=\"fr_FR\" \/>\n<meta property=\"og:type\" content=\"article\" \/>\n<meta property=\"og:title\" content=\"L\u2019action humanitaire \u00e0 l&#039;\u00e9tranger - AuditionSolidarit\u00e9\" \/>\n<meta property=\"og:description\" content=\"AuditionSolidarit\u00e9 organise des missions humanitaires \u00e0 l\u2019\u00e9tranger afin d\u2019appareiller des enfants d\u00e9favoris\u00e9s atteints d\u2019une d\u00e9ficience auditive. &nbsp; Comment\u00a0se d\u00e9roule une mission ? Une \u00e9quipe de professionnels de l\u2019audition, tous m\u00e9c\u00e8nes de l&#8217;association constitu\u00e9e d\u2019ORL, d\u2019audioproth\u00e9sistes, d\u2019orthophonistes et de fabricant d\u2019embouts se rendent dans une \u00e9cole d\u2019enfants sourds et malentendants dans le but d\u2019appareiller tous les enfants et de former sur\" \/>\n<meta property=\"og:url\" content=\"https:\/\/www.auditionsolidarite.org\/fr\/laction-humanitaire-a-letranger\/\" \/>\n<meta property=\"og:site_name\" content=\"AuditionSolidarit\u00e9\" \/>\n<meta property=\"article:modified_time\" content=\"2025-05-16T09:47:49+00:00\" \/>\n<meta property=\"og:image\" content=\"https:\/\/www.auditionsolidarite.org\/wp-content\/uploads\/2015\/07\/logo-audition-solidarite-e1446132259721.png\" \/>\n\t<meta property=\"og:image:width\" content=\"600\" \/>\n\t<meta property=\"og:image:height\" content=\"593\" \/>\n\t<meta property=\"og:image:type\" content=\"image\/png\" \/>\n<meta name=\"twitter:card\" content=\"summary_large_image\" \/>\n<meta name=\"twitter:label1\" content=\"Dur\u00e9e de lecture estim\u00e9e\" \/>\n\t<meta name=\"twitter:data1\" content=\"2 minutes\" \/>\n<script type=\"application\/ld+json\" class=\"yoast-schema-graph\">{\"@context\":\"https:\/\/schema.org\",\"@graph\":[{\"@type\":\"WebPage\",\"@id\":\"https:\/\/www.auditionsolidarite.org\/fr\/laction-humanitaire-a-letranger\/\",\"url\":\"https:\/\/www.auditionsolidarite.org\/fr\/laction-humanitaire-a-letranger\/\",\"name\":\"L\u2019action humanitaire \u00e0 l'\u00e9tranger - AuditionSolidarit\u00e9\",\"isPartOf\":{\"@id\":\"https:\/\/www.auditionsolidarite.org\/fr\/#website\"},\"datePublished\":\"2015-07-07T13:08:37+00:00\",\"dateModified\":\"2025-05-16T09:47:49+00:00\",\"breadcrumb\":{\"@id\":\"https:\/\/www.auditionsolidarite.org\/fr\/laction-humanitaire-a-letranger\/#breadcrumb\"},\"inLanguage\":\"fr-FR\",\"potentialAction\":[{\"@type\":\"ReadAction\",\"target\":[[\"https:\/\/www.auditionsolidarite.org\/fr\/laction-humanitaire-a-letranger\/\"]]}]},{\"@type\":\"BreadcrumbList\",\"@id\":\"https:\/\/www.auditionsolidarite.org\/fr\/laction-humanitaire-a-letranger\/#breadcrumb\",\"itemListElement\":[{\"@type\":\"ListItem\",\"position\":1,\"name\":\"Accueil\",\"item\":\"https:\/\/www.auditionsolidarite.org\/fr\/\"},{\"@type\":\"ListItem\",\"position\":2,\"name\":\"L\u2019action humanitaire \u00e0 l&#8217;\u00e9tranger\"}]},{\"@type\":\"WebSite\",\"@id\":\"https:\/\/www.auditionsolidarite.org\/fr\/#website\",\"url\":\"https:\/\/www.auditionsolidarite.org\/fr\/\",\"name\":\"AuditionSolidarit\u00e9\",\"description\":\"Le hasard n&#039;existe pas ! Si vous \u00eates l\u00e0 aujourd&#039;hui, c&#039;est que le monde de l&#039;audition vous touche... Alors merci d&#039;\u00eatre l\u00e0 !\",\"publisher\":{\"@id\":\"https:\/\/www.auditionsolidarite.org\/fr\/#organization\"},\"potentialAction\":[{\"@type\":\"SearchAction\",\"target\":{\"@type\":\"EntryPoint\",\"urlTemplate\":\"https:\/\/www.auditionsolidarite.org\/fr\/?s={search_term_string}\"},\"query-input\":\"required name=search_term_string\"}],\"inLanguage\":\"fr-FR\"},{\"@type\":\"Organization\",\"@id\":\"https:\/\/www.auditionsolidarite.org\/fr\/#organization\",\"name\":\"AuditionSolidarit\u00e9\",\"url\":\"https:\/\/www.auditionsolidarite.org\/fr\/\",\"logo\":{\"@type\":\"ImageObject\",\"inLanguage\":\"fr-FR\",\"@id\":\"https:\/\/www.auditionsolidarite.org\/fr\/#\/schema\/logo\/image\/\",\"url\":\"https:\/\/www.auditionsolidarite.org\/wp-content\/uploads\/2015\/07\/logo-audition-solidarite-e1446132259721.png\",\"contentUrl\":\"https:\/\/www.auditionsolidarite.org\/wp-content\/uploads\/2015\/07\/logo-audition-solidarite-e1446132259721.png\",\"width\":600,\"height\":593,\"caption\":\"AuditionSolidarit\u00e9\"},\"image\":{\"@id\":\"https:\/\/www.auditionsolidarite.org\/fr\/#\/schema\/logo\/image\/\"}}]}<\/script>\n<!-- \/ Yoast SEO plugin. -->","yoast_head_json":{"title":"L\u2019action humanitaire \u00e0 l'\u00e9tranger - AuditionSolidarit\u00e9","robots":{"index":"index","follow":"follow","max-snippet":"max-snippet:-1","max-image-preview":"max-image-preview:large","max-video-preview":"max-video-preview:-1"},"canonical":"https:\/\/www.auditionsolidarite.org\/fr\/laction-humanitaire-a-letranger\/","og_locale":"fr_FR","og_type":"article","og_title":"L\u2019action humanitaire \u00e0 l'\u00e9tranger - AuditionSolidarit\u00e9","og_description":"AuditionSolidarit\u00e9 organise des missions humanitaires \u00e0 l\u2019\u00e9tranger afin d\u2019appareiller des enfants d\u00e9favoris\u00e9s atteints d\u2019une d\u00e9ficience auditive. &nbsp; Comment\u00a0se d\u00e9roule une mission ? Une \u00e9quipe de professionnels de l\u2019audition, tous m\u00e9c\u00e8nes de l&#8217;association constitu\u00e9e d\u2019ORL, d\u2019audioproth\u00e9sistes, d\u2019orthophonistes et de fabricant d\u2019embouts se rendent dans une \u00e9cole d\u2019enfants sourds et malentendants dans le but d\u2019appareiller tous les enfants et de former sur","og_url":"https:\/\/www.auditionsolidarite.org\/fr\/laction-humanitaire-a-letranger\/","og_site_name":"AuditionSolidarit\u00e9","article_modified_time":"2025-05-16T09:47:49+00:00","og_image":[{"width":600,"height":593,"url":"https:\/\/www.auditionsolidarite.org\/wp-content\/uploads\/2015\/07\/logo-audition-solidarite-e1446132259721.png","type":"image\/png"}],"twitter_card":"summary_large_image","twitter_misc":{"Dur\u00e9e de lecture estim\u00e9e":"2 minutes"},"schema":{"@context":"https:\/\/schema.org","@graph":[{"@type":"WebPage","@id":"https:\/\/www.auditionsolidarite.org\/fr\/laction-humanitaire-a-letranger\/","url":"https:\/\/www.auditionsolidarite.org\/fr\/laction-humanitaire-a-letranger\/","name":"L\u2019action humanitaire \u00e0 l'\u00e9tranger - AuditionSolidarit\u00e9","isPartOf":{"@id":"https:\/\/www.auditionsolidarite.org\/fr\/#website"},"datePublished":"2015-07-07T13:08:37+00:00","dateModified":"2025-05-16T09:47:49+00:00","breadcrumb":{"@id":"https:\/\/www.auditionsolidarite.org\/fr\/laction-humanitaire-a-letranger\/#breadcrumb"},"inLanguage":"fr-FR","potentialAction":[{"@type":"ReadAction","target":[["https:\/\/www.auditionsolidarite.org\/fr\/laction-humanitaire-a-letranger\/"]]}]},{"@type":"BreadcrumbList","@id":"https:\/\/www.auditionsolidarite.org\/fr\/laction-humanitaire-a-letranger\/#breadcrumb","itemListElement":[{"@type":"ListItem","position":1,"name":"Accueil","item":"https:\/\/www.auditionsolidarite.org\/fr\/"},{"@type":"ListItem","position":2,"name":"L\u2019action humanitaire \u00e0 l&#8217;\u00e9tranger"}]},{"@type":"WebSite","@id":"https:\/\/www.auditionsolidarite.org\/fr\/#website","url":"https:\/\/www.auditionsolidarite.org\/fr\/","name":"AuditionSolidarit\u00e9","description":"Le hasard n&#039;existe pas ! Si vous \u00eates l\u00e0 aujourd&#039;hui, c&#039;est que le monde de l&#039;audition vous touche... Alors merci d&#039;\u00eatre l\u00e0 !","publisher":{"@id":"https:\/\/www.auditionsolidarite.org\/fr\/#organization"},"potentialAction":[{"@type":"SearchAction","target":{"@type":"EntryPoint","urlTemplate":"https:\/\/www.auditionsolidarite.org\/fr\/?s={search_term_string}"},"query-input":"required name=search_term_string"}],"inLanguage":"fr-FR"},{"@type":"Organization","@id":"https:\/\/www.auditionsolidarite.org\/fr\/#organization","name":"AuditionSolidarit\u00e9","url":"https:\/\/www.auditionsolidarite.org\/fr\/","logo":{"@type":"ImageObject","inLanguage":"fr-FR","@id":"https:\/\/www.auditionsolidarite.org\/fr\/#\/schema\/logo\/image\/","url":"https:\/\/www.auditionsolidarite.org\/wp-content\/uploads\/2015\/07\/logo-audition-solidarite-e1446132259721.png","contentUrl":"https:\/\/www.auditionsolidarite.org\/wp-content\/uploads\/2015\/07\/logo-audition-solidarite-e1446132259721.png","width":600,"height":593,"caption":"AuditionSolidarit\u00e9"},"image":{"@id":"https:\/\/www.auditionsolidarite.org\/fr\/#\/schema\/logo\/image\/"}}]}},"_links":{"self":[{"href":"https:\/\/www.auditionsolidarite.org\/fr\/wp-json\/wp\/v2\/pages\/42"}],"collection":[{"href":"https:\/\/www.auditionsolidarite.org\/fr\/wp-json\/wp\/v2\/pages"}],"about":[{"href":"https:\/\/www.auditionsolidarite.org\/fr\/wp-json\/wp\/v2\/types\/page"}],"author":[{"embeddable":true,"href":"https:\/\/www.auditionsolidarite.org\/fr\/wp-json\/wp\/v2\/users\/10"}],"replies":[{"embeddable":true,"href":"https:\/\/www.auditionsolidarite.org\/fr\/wp-json\/wp\/v2\/comments?post=42"}],"version-history":[{"count":8,"href":"https:\/\/www.auditionsolidarite.org\/fr\/wp-json\/wp\/v2\/pages\/42\/revisions"}],"predecessor-version":[{"id":10483,"href":"https:\/\/www.auditionsolidarite.org\/fr\/wp-json\/wp\/v2\/pages\/42\/revisions\/10483"}],"wp:attachment":[{"href":"https:\/\/www.auditionsolidarite.org\/fr\/wp-json\/wp\/v2\/media?parent=42"}],"curies":[{"name":"wp","href":"https:\/\/api.w.org\/{rel}","templated":true}]}}