{"id":4156,"date":"2015-10-12T16:13:10","date_gmt":"2015-10-12T15:13:10","guid":{"rendered":"http:\/\/demo.auditionsolidarite.org\/?page_id=4156"},"modified":"2024-06-05T09:45:28","modified_gmt":"2024-06-05T08:45:28","slug":"kit-visuel-prevention-auditive","status":"publish","type":"page","link":"https:\/\/www.auditionsolidarite.org\/fr\/kit-visuel-prevention-auditive\/","title":{"rendered":"Kit de communication Pr\u00e9vention Auditive"},"content":{"rendered":"<p style=\"text-align: center;\">Autocollants<\/p>\n<table>\n<tbody>\n<tr>\n<td><img loading=\"lazy\" decoding=\"async\" class=\"aligncenter wp-image-7245\" src=\"\/\/www.auditionsolidarite.org\/wp-content\/uploads\/2020\/01\/autocollant-7x7-version-2019-Copier.jpg\" alt=\"\" width=\"231\" height=\"231\" srcset=\"https:\/\/www.auditionsolidarite.org\/wp-content\/uploads\/2020\/01\/autocollant-7x7-version-2019-Copier.jpg 900w, https:\/\/www.auditionsolidarite.org\/wp-content\/uploads\/2020\/01\/autocollant-7x7-version-2019-Copier-150x150.jpg 150w, https:\/\/www.auditionsolidarite.org\/wp-content\/uploads\/2020\/01\/autocollant-7x7-version-2019-Copier-300x300.jpg 300w, https:\/\/www.auditionsolidarite.org\/wp-content\/uploads\/2020\/01\/autocollant-7x7-version-2019-Copier-768x768.jpg 768w, https:\/\/www.auditionsolidarite.org\/wp-content\/uploads\/2020\/01\/autocollant-7x7-version-2019-Copier-90x90.jpg 90w, https:\/\/www.auditionsolidarite.org\/wp-content\/uploads\/2020\/01\/autocollant-7x7-version-2019-Copier-75x75.jpg 75w\" sizes=\"(max-width: 231px) 100vw, 231px\" \/><\/td>\n<td><img loading=\"lazy\" decoding=\"async\" class=\"aligncenter wp-image-6569\" src=\"\/wp-content\/uploads\/2015\/10\/autocollant-oreille-2018-ok-Copier.jpg\" alt=\"\" width=\"231\" height=\"231\" srcset=\"https:\/\/www.auditionsolidarite.org\/wp-content\/uploads\/2015\/10\/autocollant-oreille-2018-ok-Copier.jpg 900w, https:\/\/www.auditionsolidarite.org\/wp-content\/uploads\/2015\/10\/autocollant-oreille-2018-ok-Copier-150x150.jpg 150w, https:\/\/www.auditionsolidarite.org\/wp-content\/uploads\/2015\/10\/autocollant-oreille-2018-ok-Copier-300x300.jpg 300w, https:\/\/www.auditionsolidarite.org\/wp-content\/uploads\/2015\/10\/autocollant-oreille-2018-ok-Copier-768x768.jpg 768w, https:\/\/www.auditionsolidarite.org\/wp-content\/uploads\/2015\/10\/autocollant-oreille-2018-ok-Copier-90x90.jpg 90w, https:\/\/www.auditionsolidarite.org\/wp-content\/uploads\/2015\/10\/autocollant-oreille-2018-ok-Copier-75x75.jpg 75w\" sizes=\"(max-width: 231px) 100vw, 231px\" \/><\/td>\n<\/tr>\n<\/tbody>\n<\/table>\n<p style=\"text-align: center;\">Affiche &#8220;Bons Conseils&#8221;<b><br \/>\n<\/b><b><\/b><img loading=\"lazy\" decoding=\"async\" class=\"aligncenter wp-image-8341\" src=\"\/\/www.auditionsolidarite.org\/wp-content\/uploads\/2021\/09\/AFFICHE_BON-CONSEIL-2020_BD.jpg\" alt=\"\" width=\"700\" height=\"468\" srcset=\"https:\/\/www.auditionsolidarite.org\/wp-content\/uploads\/2021\/09\/AFFICHE_BON-CONSEIL-2020_BD.jpg 1794w, https:\/\/www.auditionsolidarite.org\/wp-content\/uploads\/2021\/09\/AFFICHE_BON-CONSEIL-2020_BD-300x201.jpg 300w, https:\/\/www.auditionsolidarite.org\/wp-content\/uploads\/2021\/09\/AFFICHE_BON-CONSEIL-2020_BD-1024x685.jpg 1024w, https:\/\/www.auditionsolidarite.org\/wp-content\/uploads\/2021\/09\/AFFICHE_BON-CONSEIL-2020_BD-768x514.jpg 768w, https:\/\/www.auditionsolidarite.org\/wp-content\/uploads\/2021\/09\/AFFICHE_BON-CONSEIL-2020_BD-1536x1027.jpg 1536w\" sizes=\"(max-width: 700px) 100vw, 700px\" \/><\/p>\n<p style=\"text-align: center;\"><b>\u00a0<\/b><b><\/b><\/p>\n<p style=\"text-align: center;\">Affiche &#8220;\u00c9chelle des d\u00e9cibels&#8221;<\/p>\n<p style=\"text-align: center;\"><img loading=\"lazy\" decoding=\"async\" class=\"aligncenter wp-image-7218\" src=\"\/\/www.auditionsolidarite.org\/wp-content\/uploads\/2020\/01\/Echelle_dB_bd.jpg\" alt=\"\" width=\"471\" height=\"700\" srcset=\"https:\/\/www.auditionsolidarite.org\/wp-content\/uploads\/2020\/01\/Echelle_dB_bd.jpg 605w, https:\/\/www.auditionsolidarite.org\/wp-content\/uploads\/2020\/01\/Echelle_dB_bd-202x300.jpg 202w\" sizes=\"(max-width: 471px) 100vw, 471px\" \/><br \/>\nAffiche &#8220;Orchestre&#8221;<\/p>\n<p style=\"text-align: center;\"><img loading=\"lazy\" decoding=\"async\" class=\"aligncenter wp-image-4162\" src=\"\/wp-content\/uploads\/2015\/10\/poster-final-1024x683.jpg\" alt=\"poster final\" width=\"700\" height=\"467\" srcset=\"https:\/\/www.auditionsolidarite.org\/wp-content\/uploads\/2015\/10\/poster-final-1024x683.jpg 1024w, https:\/\/www.auditionsolidarite.org\/wp-content\/uploads\/2015\/10\/poster-final-300x200.jpg 300w, https:\/\/www.auditionsolidarite.org\/wp-content\/uploads\/2015\/10\/poster-final.jpg 1594w\" sizes=\"(max-width: 700px) 100vw, 700px\" \/><b><br \/>\n<\/b> Affiche &#8220;Oreille&#8221;<\/p>\n<p style=\"text-align: center;\"><img loading=\"lazy\" decoding=\"async\" class=\"aligncenter wp-image-5168\" src=\"\/wp-content\/uploads\/2015\/08\/Poster-oreille-version-2017.jpg\" alt=\"\" width=\"700\" height=\"467\" srcset=\"https:\/\/www.auditionsolidarite.org\/wp-content\/uploads\/2015\/08\/Poster-oreille-version-2017.jpg 1000w, https:\/\/www.auditionsolidarite.org\/wp-content\/uploads\/2015\/08\/Poster-oreille-version-2017-300x200.jpg 300w, https:\/\/www.auditionsolidarite.org\/wp-content\/uploads\/2015\/08\/Poster-oreille-version-2017-768x512.jpg 768w\" sizes=\"(max-width: 700px) 100vw, 700px\" \/><b><br \/>\n<\/b><\/p>\n<p style=\"text-align: center;\">Crayon de papier HB &#8220;Prends Soin de Tes Oreilles !&#8221;<\/p>\n<p><img loading=\"lazy\" decoding=\"async\" class=\"aligncenter wp-image-9983 size-full\" src=\"\/wp-content\/uploads\/2024\/06\/Visuel-Crayon-BD.png\" alt=\"\" width=\"600\" height=\"140\" srcset=\"https:\/\/www.auditionsolidarite.org\/wp-content\/uploads\/2024\/06\/Visuel-Crayon-BD.png 600w, https:\/\/www.auditionsolidarite.org\/wp-content\/uploads\/2024\/06\/Visuel-Crayon-BD-300x70.png 300w\" sizes=\"(max-width: 600px) 100vw, 600px\" \/><\/p>\n<p style=\"text-align: center;\">Marque-page &#8220;\u00c9chelle des d\u00e9cibels&#8221;<img loading=\"lazy\" decoding=\"async\" class=\"aligncenter wp-image-9984\" src=\"\/\/www.auditionsolidarite.org\/wp-content\/uploads\/2024\/06\/Marque-Page_BD.png\" alt=\"\" width=\"400\" height=\"522\" srcset=\"https:\/\/www.auditionsolidarite.org\/wp-content\/uploads\/2024\/06\/Marque-Page_BD.png 700w, https:\/\/www.auditionsolidarite.org\/wp-content\/uploads\/2024\/06\/Marque-Page_BD-230x300.png 230w\" sizes=\"(max-width: 400px) 100vw, 400px\" \/><\/p>\n<p>&nbsp;<\/p>\n<p style=\"text-align: center;\">Sticker pour la porte d&#8217;entr\u00e9e de votre \u00e9tablissement<\/p>\n<p style=\"text-align: center;\"><img loading=\"lazy\" decoding=\"async\" class=\"aligncenter wp-image-4640\" src=\"\/wp-content\/uploads\/2015\/10\/AUTOCOLLANTS-ECOLE-DE-MUSIQUE-2016-002-997x1024.jpg\" alt=\"AUTOCOLLANTS ECOLE DE MUSIQUE 2016 (002)\" width=\"340\" height=\"350\" srcset=\"https:\/\/www.auditionsolidarite.org\/wp-content\/uploads\/2015\/10\/AUTOCOLLANTS-ECOLE-DE-MUSIQUE-2016-002-997x1024.jpg 997w, https:\/\/www.auditionsolidarite.org\/wp-content\/uploads\/2015\/10\/AUTOCOLLANTS-ECOLE-DE-MUSIQUE-2016-002-292x300.jpg 292w, https:\/\/www.auditionsolidarite.org\/wp-content\/uploads\/2015\/10\/AUTOCOLLANTS-ECOLE-DE-MUSIQUE-2016-002.jpg 1596w\" sizes=\"(max-width: 340px) 100vw, 340px\" \/><b><b><br \/>\n<\/b><b><br \/>\n<\/b><\/b><\/p>","protected":false},"excerpt":{"rendered":"<p>Autocollants Affiche &#8220;Bons Conseils&#8221; \u00a0 Affiche &#8220;\u00c9chelle des d\u00e9cibels&#8221; Affiche &#8220;Orchestre&#8221; Affiche &#8220;Oreille&#8221; Crayon de papier HB &#8220;Prends Soin de Tes Oreilles !&#8221; Marque-page &#8220;\u00c9chelle des d\u00e9cibels&#8221; &nbsp; Sticker pour la porte d&#8217;entr\u00e9e de votre \u00e9tablissement<\/p>\n","protected":false},"author":2,"featured_media":0,"parent":0,"menu_order":0,"comment_status":"closed","ping_status":"closed","template":"","meta":{"footnotes":""},"acf":[],"yoast_head":"<!-- This site is optimized with the Yoast SEO plugin v21.9.1 - https:\/\/yoast.com\/wordpress\/plugins\/seo\/ -->\n<title>Kit de communication Pr\u00e9vention Auditive - AuditionSolidarit\u00e9<\/title>\n<meta name=\"robots\" content=\"index, follow, max-snippet:-1, max-image-preview:large, max-video-preview:-1\" \/>\n<link rel=\"canonical\" href=\"https:\/\/www.auditionsolidarite.org\/fr\/kit-visuel-prevention-auditive\/\" \/>\n<meta property=\"og:locale\" content=\"fr_FR\" \/>\n<meta property=\"og:type\" content=\"article\" \/>\n<meta property=\"og:title\" content=\"Kit de communication Pr\u00e9vention Auditive - AuditionSolidarit\u00e9\" \/>\n<meta property=\"og:description\" content=\"Autocollants Affiche &#8220;Bons Conseils&#8221; \u00a0 Affiche &#8220;\u00c9chelle des d\u00e9cibels&#8221; Affiche &#8220;Orchestre&#8221; Affiche &#8220;Oreille&#8221; Crayon de papier HB &#8220;Prends Soin de Tes Oreilles !&#8221; Marque-page &#8220;\u00c9chelle des d\u00e9cibels&#8221; &nbsp; Sticker pour la porte d&#8217;entr\u00e9e de votre \u00e9tablissement\" \/>\n<meta property=\"og:url\" content=\"https:\/\/www.auditionsolidarite.org\/fr\/kit-visuel-prevention-auditive\/\" \/>\n<meta property=\"og:site_name\" content=\"AuditionSolidarit\u00e9\" \/>\n<meta property=\"article:modified_time\" content=\"2024-06-05T08:45:28+00:00\" \/>\n<meta property=\"og:image\" content=\"https:\/\/www.auditionsolidarite.org\/wp-content\/uploads\/2015\/07\/logo-audition-solidarite-e1446132259721.png\" \/>\n\t<meta property=\"og:image:width\" content=\"600\" \/>\n\t<meta property=\"og:image:height\" content=\"593\" \/>\n\t<meta property=\"og:image:type\" content=\"image\/png\" \/>\n<meta name=\"twitter:card\" content=\"summary_large_image\" \/>\n<meta name=\"twitter:label1\" content=\"Dur\u00e9e de lecture estim\u00e9e\" \/>\n\t<meta name=\"twitter:data1\" content=\"2 minutes\" \/>\n<script type=\"application\/ld+json\" class=\"yoast-schema-graph\">{\"@context\":\"https:\/\/schema.org\",\"@graph\":[{\"@type\":\"WebPage\",\"@id\":\"https:\/\/www.auditionsolidarite.org\/fr\/kit-visuel-prevention-auditive\/\",\"url\":\"https:\/\/www.auditionsolidarite.org\/fr\/kit-visuel-prevention-auditive\/\",\"name\":\"Kit de communication Pr\u00e9vention Auditive - AuditionSolidarit\u00e9\",\"isPartOf\":{\"@id\":\"https:\/\/www.auditionsolidarite.org\/fr\/#website\"},\"datePublished\":\"2015-10-12T15:13:10+00:00\",\"dateModified\":\"2024-06-05T08:45:28+00:00\",\"breadcrumb\":{\"@id\":\"https:\/\/www.auditionsolidarite.org\/fr\/kit-visuel-prevention-auditive\/#breadcrumb\"},\"inLanguage\":\"fr-FR\",\"potentialAction\":[{\"@type\":\"ReadAction\",\"target\":[[\"https:\/\/www.auditionsolidarite.org\/fr\/kit-visuel-prevention-auditive\/\"]]}]},{\"@type\":\"BreadcrumbList\",\"@id\":\"https:\/\/www.auditionsolidarite.org\/fr\/kit-visuel-prevention-auditive\/#breadcrumb\",\"itemListElement\":[{\"@type\":\"ListItem\",\"position\":1,\"name\":\"Accueil\",\"item\":\"https:\/\/www.auditionsolidarite.org\/fr\/\"},{\"@type\":\"ListItem\",\"position\":2,\"name\":\"Kit de communication Pr\u00e9vention Auditive\"}]},{\"@type\":\"WebSite\",\"@id\":\"https:\/\/www.auditionsolidarite.org\/fr\/#website\",\"url\":\"https:\/\/www.auditionsolidarite.org\/fr\/\",\"name\":\"AuditionSolidarit\u00e9\",\"description\":\"Le hasard n&#039;existe pas ! Si vous \u00eates l\u00e0 aujourd&#039;hui, c&#039;est que le monde de l&#039;audition vous touche... Alors merci d&#039;\u00eatre l\u00e0 !\",\"publisher\":{\"@id\":\"https:\/\/www.auditionsolidarite.org\/fr\/#organization\"},\"potentialAction\":[{\"@type\":\"SearchAction\",\"target\":{\"@type\":\"EntryPoint\",\"urlTemplate\":\"https:\/\/www.auditionsolidarite.org\/fr\/?s={search_term_string}\"},\"query-input\":\"required name=search_term_string\"}],\"inLanguage\":\"fr-FR\"},{\"@type\":\"Organization\",\"@id\":\"https:\/\/www.auditionsolidarite.org\/fr\/#organization\",\"name\":\"AuditionSolidarit\u00e9\",\"url\":\"https:\/\/www.auditionsolidarite.org\/fr\/\",\"logo\":{\"@type\":\"ImageObject\",\"inLanguage\":\"fr-FR\",\"@id\":\"https:\/\/www.auditionsolidarite.org\/fr\/#\/schema\/logo\/image\/\",\"url\":\"https:\/\/www.auditionsolidarite.org\/wp-content\/uploads\/2015\/07\/logo-audition-solidarite-e1446132259721.png\",\"contentUrl\":\"https:\/\/www.auditionsolidarite.org\/wp-content\/uploads\/2015\/07\/logo-audition-solidarite-e1446132259721.png\",\"width\":600,\"height\":593,\"caption\":\"AuditionSolidarit\u00e9\"},\"image\":{\"@id\":\"https:\/\/www.auditionsolidarite.org\/fr\/#\/schema\/logo\/image\/\"}}]}<\/script>\n<!-- \/ Yoast SEO plugin. -->","yoast_head_json":{"title":"Kit de communication Pr\u00e9vention Auditive - AuditionSolidarit\u00e9","robots":{"index":"index","follow":"follow","max-snippet":"max-snippet:-1","max-image-preview":"max-image-preview:large","max-video-preview":"max-video-preview:-1"},"canonical":"https:\/\/www.auditionsolidarite.org\/fr\/kit-visuel-prevention-auditive\/","og_locale":"fr_FR","og_type":"article","og_title":"Kit de communication Pr\u00e9vention Auditive - AuditionSolidarit\u00e9","og_description":"Autocollants Affiche &#8220;Bons Conseils&#8221; \u00a0 Affiche &#8220;\u00c9chelle des d\u00e9cibels&#8221; Affiche &#8220;Orchestre&#8221; Affiche &#8220;Oreille&#8221; Crayon de papier HB &#8220;Prends Soin de Tes Oreilles !&#8221; Marque-page &#8220;\u00c9chelle des d\u00e9cibels&#8221; &nbsp; Sticker pour la porte d&#8217;entr\u00e9e de votre \u00e9tablissement","og_url":"https:\/\/www.auditionsolidarite.org\/fr\/kit-visuel-prevention-auditive\/","og_site_name":"AuditionSolidarit\u00e9","article_modified_time":"2024-06-05T08:45:28+00:00","og_image":[{"width":600,"height":593,"url":"https:\/\/www.auditionsolidarite.org\/wp-content\/uploads\/2015\/07\/logo-audition-solidarite-e1446132259721.png","type":"image\/png"}],"twitter_card":"summary_large_image","twitter_misc":{"Dur\u00e9e de lecture estim\u00e9e":"2 minutes"},"schema":{"@context":"https:\/\/schema.org","@graph":[{"@type":"WebPage","@id":"https:\/\/www.auditionsolidarite.org\/fr\/kit-visuel-prevention-auditive\/","url":"https:\/\/www.auditionsolidarite.org\/fr\/kit-visuel-prevention-auditive\/","name":"Kit de communication Pr\u00e9vention Auditive - AuditionSolidarit\u00e9","isPartOf":{"@id":"https:\/\/www.auditionsolidarite.org\/fr\/#website"},"datePublished":"2015-10-12T15:13:10+00:00","dateModified":"2024-06-05T08:45:28+00:00","breadcrumb":{"@id":"https:\/\/www.auditionsolidarite.org\/fr\/kit-visuel-prevention-auditive\/#breadcrumb"},"inLanguage":"fr-FR","potentialAction":[{"@type":"ReadAction","target":[["https:\/\/www.auditionsolidarite.org\/fr\/kit-visuel-prevention-auditive\/"]]}]},{"@type":"BreadcrumbList","@id":"https:\/\/www.auditionsolidarite.org\/fr\/kit-visuel-prevention-auditive\/#breadcrumb","itemListElement":[{"@type":"ListItem","position":1,"name":"Accueil","item":"https:\/\/www.auditionsolidarite.org\/fr\/"},{"@type":"ListItem","position":2,"name":"Kit de communication Pr\u00e9vention Auditive"}]},{"@type":"WebSite","@id":"https:\/\/www.auditionsolidarite.org\/fr\/#website","url":"https:\/\/www.auditionsolidarite.org\/fr\/","name":"AuditionSolidarit\u00e9","description":"Le hasard n&#039;existe pas ! Si vous \u00eates l\u00e0 aujourd&#039;hui, c&#039;est que le monde de l&#039;audition vous touche... Alors merci d&#039;\u00eatre l\u00e0 !","publisher":{"@id":"https:\/\/www.auditionsolidarite.org\/fr\/#organization"},"potentialAction":[{"@type":"SearchAction","target":{"@type":"EntryPoint","urlTemplate":"https:\/\/www.auditionsolidarite.org\/fr\/?s={search_term_string}"},"query-input":"required name=search_term_string"}],"inLanguage":"fr-FR"},{"@type":"Organization","@id":"https:\/\/www.auditionsolidarite.org\/fr\/#organization","name":"AuditionSolidarit\u00e9","url":"https:\/\/www.auditionsolidarite.org\/fr\/","logo":{"@type":"ImageObject","inLanguage":"fr-FR","@id":"https:\/\/www.auditionsolidarite.org\/fr\/#\/schema\/logo\/image\/","url":"https:\/\/www.auditionsolidarite.org\/wp-content\/uploads\/2015\/07\/logo-audition-solidarite-e1446132259721.png","contentUrl":"https:\/\/www.auditionsolidarite.org\/wp-content\/uploads\/2015\/07\/logo-audition-solidarite-e1446132259721.png","width":600,"height":593,"caption":"AuditionSolidarit\u00e9"},"image":{"@id":"https:\/\/www.auditionsolidarite.org\/fr\/#\/schema\/logo\/image\/"}}]}},"_links":{"self":[{"href":"https:\/\/www.auditionsolidarite.org\/fr\/wp-json\/wp\/v2\/pages\/4156"}],"collection":[{"href":"https:\/\/www.auditionsolidarite.org\/fr\/wp-json\/wp\/v2\/pages"}],"about":[{"href":"https:\/\/www.auditionsolidarite.org\/fr\/wp-json\/wp\/v2\/types\/page"}],"author":[{"embeddable":true,"href":"https:\/\/www.auditionsolidarite.org\/fr\/wp-json\/wp\/v2\/users\/2"}],"replies":[{"embeddable":true,"href":"https:\/\/www.auditionsolidarite.org\/fr\/wp-json\/wp\/v2\/comments?post=4156"}],"version-history":[{"count":6,"href":"https:\/\/www.auditionsolidarite.org\/fr\/wp-json\/wp\/v2\/pages\/4156\/revisions"}],"predecessor-version":[{"id":9986,"href":"https:\/\/www.auditionsolidarite.org\/fr\/wp-json\/wp\/v2\/pages\/4156\/revisions\/9986"}],"wp:attachment":[{"href":"https:\/\/www.auditionsolidarite.org\/fr\/wp-json\/wp\/v2\/media?parent=4156"}],"curies":[{"name":"wp","href":"https:\/\/api.w.org\/{rel}","templated":true}]}}