{"id":40,"date":"2015-07-07T14:08:09","date_gmt":"2015-07-07T13:08:09","guid":{"rendered":"http:\/\/localhost\/auditionsolidarite.org\/?page_id=40"},"modified":"2025-10-23T10:20:18","modified_gmt":"2025-10-23T09:20:18","slug":"laction-humanitaire-en-france","status":"publish","type":"page","link":"https:\/\/www.auditionsolidarite.org\/fr\/laction-humanitaire-en-france\/","title":{"rendered":"L\u2019action humanitaire en France"},"content":{"rendered":"<strong>AuditionSolidarit\u00e9 appareille des personnes d\u00e9munies atteintes d\u2019une d\u00e9ficience auditive via l\u2019organisation de missions humanitaires et son r\u00e9seau d\u2019audioproth\u00e9sistes solidaires. <\/strong><\/p>\n<p>&nbsp;<\/p>\n<p><strong>Pour qui ?<\/strong><\/p>\n<p>Toutes les actions humanitaires d\u2019AuditionSolidarit\u00e9 en France sont \u00e0 destination des personnes Sans Couverture Sociale ou b\u00e9n\u00e9ficiaire de l\u2019AME (Aide M\u00e9dicale d\u2019Etat).<b><br \/>\n<\/b><b><br \/>\n<\/b><\/p>\n<p>AuditionSolidarit\u00e9 n\u2019appareille pas les personnes b\u00e9n\u00e9ficiant de la CSS (Couverture Sant\u00e9 Solidaire, ex-CMU) ou ayant une couverture sociale (carte vitale).<b><br \/>\n<\/b><b><br \/>\n<\/b><\/p>\n<p><strong>O\u00f9 et comment ?<b><br \/>\n<\/b><b><br \/>\n<\/b><\/strong><\/p>\n<h6 style=\"text-align: left; padding-left: 40px;\"><span style=\"color: #0071c1;\">PARIS &amp; MARSEILLE<\/span><\/h6>\n<p>AuditionSolidarit\u00e9 se rend deux fois par an \u00e0 Paris et Marseille avec une \u00e9quipe constitu\u00e9e d\u2019ORL, d\u2019audioproth\u00e9sistes, d\u2019orthophonistes et de fabricant d\u2019embouts, tous m\u00e9c\u00e8nes de l\u2019association. Une mission dure entre 2 et 4 jours.<b><br \/>\n<\/b><b><br \/>\n<\/b><\/p>\n<p>Toutes les personnes d\u00e9munies accueillies b\u00e9n\u00e9ficient sur place d\u2019un bilan auditif (consultation ORL et test d\u2019audition) puis d\u2019un appareillage auditif si besoin.<b><br \/>\n<\/b><b><br \/>\n<\/b><\/p>\n<p>Tout est gratuit<b><br \/>\n<\/b><b><br \/>\n<\/b><\/p>\n<p><u>Nos prochaines missions :<br \/>\n<\/u><\/p>\n<p>PARIS :<\/p>\n<ul>\n<li>les 10 &amp; 11 mars 2026 \u00e0 l\u2019H\u00f4pital Rothschild pour les primo-consultants sur inscriptions =&gt; <a href=\"https:\/\/forms.gle\/8vizWZMVxFZisoT4A\">ICI<\/a><\/li>\n<li>les 12 &amp; 13 mars 2026 au sein de la paroisse Saint-Marcel pour les suivis sans rendez-vous<\/li>\n<li>Plus d&#8217;infos <strong><a href=\"\/fr\/information-mission-audition-paris\/\">ICI<\/a><\/strong><\/li>\n<\/ul>\n<p><b><br \/>\n<\/b>MARSEILLE :<\/p>\n<ul>\n<li>Les 14 &amp; 15 avril 2026 au sein de l&#8217;espace &#8216;Entre 2 murs.<b><br \/>\n<\/b><\/li>\n<li>Primo-consultants sur inscriptions : <a href=\"https:\/\/forms.gle\/2utonRUkXd1sSZFg8\"><strong>ICI<\/strong><\/a><\/li>\n<li>Suivis : sans rendez-vous<\/li>\n<li>Plus d&#8217;infos <strong><a href=\"\/fr\/information-mission-audition-marseille\/\">ICI<\/a><\/strong><\/li>\n<\/ul>\n<p>&nbsp;<\/p>\n<p>Contact : Adrien Fagault-Martial \/ 06.82.01.80.02 \/ adrien.fagault-martial@auditionsolidarite.org<b><br \/>\n<\/b><b><br \/>\n<\/b><b><b><\/b><\/b><\/p>\n<hr \/>\n<h6 style=\"text-align: left; padding-left: 40px;\"><span style=\"color: #0071c1;\"><b><br \/>\n<\/b>RDV Solidaires : partout en France (hors Paris &amp; Marseille)<br \/>\n<\/span><\/h6>\n<p><b><b><\/b><\/b><b><b><\/b><b><\/b><\/b>Partout en France et durant toute l\u2019ann\u00e9e, des audioproth\u00e9sistes m\u00e9c\u00e8nes d\u2019AuditionSolidarit\u00e9 proposent aux personnes d\u00e9munies malentendantes des RDV Solidaires dans leurs centres.<b><br \/>\n<\/b><b><br \/>\n<\/b><\/p>\n<p>Les personnes d\u00e9munies accueillies doivent au pr\u00e9alable avoir effectu\u00e9 une consultation avec un m\u00e9decin ORL et pr\u00e9senter une prescription m\u00e9dicale. AuditionSolidarit\u00e9 oriente ensuite la personne vers un centre solidaire qui la prendra en charge et l&#8217;appareillera gratuitement si besoin.<b><br \/>\n<\/b><b><br \/>\n<\/b><\/p>\n<p>Prendre un RDV Solidaire =&gt; <a href=\"\/fr\/rdv-solidaires\/\"><em>Page RDV Solidaire<\/em> (Cliquez)<b><br \/>\n<\/b><b> <b><br \/>\n<\/b><\/b><\/a>Contact : <b><br \/>\n<\/b>Marion Ormancey \/ 06.72.83.79.55 \/ <a href=\"mailto:marion.ormancey@auditionsolidarite.org\">marion@auditionsolidarite.org<\/a><b><b><br \/>\n<\/b><\/b>Marine Quennesson \/ 06 75 96 01 18 \/ <a href=\"mailto:marine.quennesson@auditionsolidarite.org\">marine@auditionsolidarite.org<\/a><\/p>\n<hr \/>\n<p><strong><b><br \/>\n<\/b>Comment nous aider simplement dans nos missions ? <\/strong><\/p>\n<ol>\n<li>Vous \u00eates un acteur du monde associatif ou vous \u0153uvrez en faveur de la pr\u00e9carit\u00e9 : diffusez ces informations aux personnes d\u00e9munies et partagez cette page \u00e0 votre r\u00e9seau professionnel.<b><br \/>\n<\/b><b><br \/>\n<\/b><\/li>\n<li>Vous travaillez dans le monde de l\u2019audition, AuditionSolidarit\u00e9 a besoin :<\/li>\n<\/ol>\n<ul>\n<li>de votre comp\u00e9tence (ORL, audioproth\u00e9sistes, orthophonistes)<\/li>\n<li>de dons d\u2019appareils auditifs (les contours num\u00e9riques)<\/li>\n<li>de dons de finances et op\u00e9rations de produit partage =&gt; <em><a href=\"\/devenez-mecene\/\">Devenez m\u00e9c\u00e8ne (Cliquez)<\/a><\/em><strong><b><br \/>\n<\/b><\/strong><\/li>\n<\/ul>\n<p><strong>Protection des donn\u00e9es personnelles b\u00e9n\u00e9ficiaires &amp; accompagnants<\/strong><\/p>\n<p>Pour Consulter la charte pour les b\u00e9n\u00e9ficiaires et accompagnants de nos missions France, cliquez sur le lien suivant =&gt; <a href=\"\/wp-content\/uploads\/2020\/09\/Charte-DCP-beneficiaires-et-accompagnants.pdf\">&#8216;Charte de protection des donn\u00e9es&#8217;<\/a><\/p>\n<p>&nbsp;<\/p>\n<p style=\"text-align: center;\">Comment se d\u00e9roule une mission humanitaire en France&#8230;<\/p>\n<p style=\"text-align: center;\"><iframe loading=\"lazy\" title=\"YouTube video player\" src=\"https:\/\/www.youtube-nocookie.com\/embed\/wuvnK9glAMU?si=wn4mvODrwZBZ-Hut\" width=\"560\" height=\"315\" frameborder=\"0\" allowfullscreen=\"allowfullscreen\"><\/iframe><\/p>","protected":false},"excerpt":{"rendered":"<p>AuditionSolidarit\u00e9 appareille des personnes d\u00e9munies atteintes d\u2019une d\u00e9ficience auditive via l\u2019organisation de missions humanitaires et son r\u00e9seau d\u2019audioproth\u00e9sistes solidaires. &nbsp; Pour qui ? Toutes les actions humanitaires d\u2019AuditionSolidarit\u00e9 en France sont \u00e0 destination des personnes Sans Couverture Sociale ou b\u00e9n\u00e9ficiaire de l\u2019AME (Aide M\u00e9dicale d\u2019Etat). AuditionSolidarit\u00e9 n\u2019appareille pas les personnes b\u00e9n\u00e9ficiant de la CSS (Couverture Sant\u00e9 Solidaire, ex-CMU) ou ayant<\/p>\n","protected":false},"author":10,"featured_media":0,"parent":0,"menu_order":0,"comment_status":"closed","ping_status":"closed","template":"","meta":{"footnotes":""},"acf":[],"yoast_head":"<!-- This site is optimized with the Yoast SEO plugin v21.9.1 - https:\/\/yoast.com\/wordpress\/plugins\/seo\/ -->\n<title>L\u2019action humanitaire en France - AuditionSolidarit\u00e9<\/title>\n<meta name=\"robots\" content=\"index, follow, max-snippet:-1, max-image-preview:large, max-video-preview:-1\" \/>\n<link rel=\"canonical\" href=\"https:\/\/www.auditionsolidarite.org\/fr\/laction-humanitaire-en-france\/\" \/>\n<meta property=\"og:locale\" content=\"fr_FR\" \/>\n<meta property=\"og:type\" content=\"article\" \/>\n<meta property=\"og:title\" content=\"L\u2019action humanitaire en France - AuditionSolidarit\u00e9\" \/>\n<meta property=\"og:description\" content=\"AuditionSolidarit\u00e9 appareille des personnes d\u00e9munies atteintes d\u2019une d\u00e9ficience auditive via l\u2019organisation de missions humanitaires et son r\u00e9seau d\u2019audioproth\u00e9sistes solidaires. &nbsp; Pour qui ? Toutes les actions humanitaires d\u2019AuditionSolidarit\u00e9 en France sont \u00e0 destination des personnes Sans Couverture Sociale ou b\u00e9n\u00e9ficiaire de l\u2019AME (Aide M\u00e9dicale d\u2019Etat). AuditionSolidarit\u00e9 n\u2019appareille pas les personnes b\u00e9n\u00e9ficiant de la CSS (Couverture Sant\u00e9 Solidaire, ex-CMU) ou ayant\" \/>\n<meta property=\"og:url\" content=\"https:\/\/www.auditionsolidarite.org\/fr\/laction-humanitaire-en-france\/\" \/>\n<meta property=\"og:site_name\" content=\"AuditionSolidarit\u00e9\" \/>\n<meta property=\"article:modified_time\" content=\"2025-10-23T09:20:18+00:00\" \/>\n<meta property=\"og:image\" content=\"https:\/\/www.auditionsolidarite.org\/wp-content\/uploads\/2015\/07\/logo-audition-solidarite-e1446132259721.png\" \/>\n\t<meta property=\"og:image:width\" content=\"600\" \/>\n\t<meta property=\"og:image:height\" content=\"593\" \/>\n\t<meta property=\"og:image:type\" content=\"image\/png\" \/>\n<meta name=\"twitter:card\" content=\"summary_large_image\" \/>\n<meta name=\"twitter:label1\" content=\"Dur\u00e9e de lecture estim\u00e9e\" \/>\n\t<meta name=\"twitter:data1\" content=\"3 minutes\" \/>\n<script type=\"application\/ld+json\" class=\"yoast-schema-graph\">{\"@context\":\"https:\/\/schema.org\",\"@graph\":[{\"@type\":\"WebPage\",\"@id\":\"https:\/\/www.auditionsolidarite.org\/fr\/laction-humanitaire-en-france\/\",\"url\":\"https:\/\/www.auditionsolidarite.org\/fr\/laction-humanitaire-en-france\/\",\"name\":\"L\u2019action humanitaire en France - AuditionSolidarit\u00e9\",\"isPartOf\":{\"@id\":\"https:\/\/www.auditionsolidarite.org\/fr\/#website\"},\"datePublished\":\"2015-07-07T13:08:09+00:00\",\"dateModified\":\"2025-10-23T09:20:18+00:00\",\"breadcrumb\":{\"@id\":\"https:\/\/www.auditionsolidarite.org\/fr\/laction-humanitaire-en-france\/#breadcrumb\"},\"inLanguage\":\"fr-FR\",\"potentialAction\":[{\"@type\":\"ReadAction\",\"target\":[[\"https:\/\/www.auditionsolidarite.org\/fr\/laction-humanitaire-en-france\/\"]]}]},{\"@type\":\"BreadcrumbList\",\"@id\":\"https:\/\/www.auditionsolidarite.org\/fr\/laction-humanitaire-en-france\/#breadcrumb\",\"itemListElement\":[{\"@type\":\"ListItem\",\"position\":1,\"name\":\"Accueil\",\"item\":\"https:\/\/www.auditionsolidarite.org\/fr\/\"},{\"@type\":\"ListItem\",\"position\":2,\"name\":\"L\u2019action humanitaire en France\"}]},{\"@type\":\"WebSite\",\"@id\":\"https:\/\/www.auditionsolidarite.org\/fr\/#website\",\"url\":\"https:\/\/www.auditionsolidarite.org\/fr\/\",\"name\":\"AuditionSolidarit\u00e9\",\"description\":\"Le hasard n&#039;existe pas ! Si vous \u00eates l\u00e0 aujourd&#039;hui, c&#039;est que le monde de l&#039;audition vous touche... Alors merci d&#039;\u00eatre l\u00e0 !\",\"publisher\":{\"@id\":\"https:\/\/www.auditionsolidarite.org\/fr\/#organization\"},\"potentialAction\":[{\"@type\":\"SearchAction\",\"target\":{\"@type\":\"EntryPoint\",\"urlTemplate\":\"https:\/\/www.auditionsolidarite.org\/fr\/?s={search_term_string}\"},\"query-input\":\"required name=search_term_string\"}],\"inLanguage\":\"fr-FR\"},{\"@type\":\"Organization\",\"@id\":\"https:\/\/www.auditionsolidarite.org\/fr\/#organization\",\"name\":\"AuditionSolidarit\u00e9\",\"url\":\"https:\/\/www.auditionsolidarite.org\/fr\/\",\"logo\":{\"@type\":\"ImageObject\",\"inLanguage\":\"fr-FR\",\"@id\":\"https:\/\/www.auditionsolidarite.org\/fr\/#\/schema\/logo\/image\/\",\"url\":\"https:\/\/www.auditionsolidarite.org\/wp-content\/uploads\/2015\/07\/logo-audition-solidarite-e1446132259721.png\",\"contentUrl\":\"https:\/\/www.auditionsolidarite.org\/wp-content\/uploads\/2015\/07\/logo-audition-solidarite-e1446132259721.png\",\"width\":600,\"height\":593,\"caption\":\"AuditionSolidarit\u00e9\"},\"image\":{\"@id\":\"https:\/\/www.auditionsolidarite.org\/fr\/#\/schema\/logo\/image\/\"}}]}<\/script>\n<!-- \/ Yoast SEO plugin. -->","yoast_head_json":{"title":"L\u2019action humanitaire en France - AuditionSolidarit\u00e9","robots":{"index":"index","follow":"follow","max-snippet":"max-snippet:-1","max-image-preview":"max-image-preview:large","max-video-preview":"max-video-preview:-1"},"canonical":"https:\/\/www.auditionsolidarite.org\/fr\/laction-humanitaire-en-france\/","og_locale":"fr_FR","og_type":"article","og_title":"L\u2019action humanitaire en France - AuditionSolidarit\u00e9","og_description":"AuditionSolidarit\u00e9 appareille des personnes d\u00e9munies atteintes d\u2019une d\u00e9ficience auditive via l\u2019organisation de missions humanitaires et son r\u00e9seau d\u2019audioproth\u00e9sistes solidaires. &nbsp; Pour qui ? Toutes les actions humanitaires d\u2019AuditionSolidarit\u00e9 en France sont \u00e0 destination des personnes Sans Couverture Sociale ou b\u00e9n\u00e9ficiaire de l\u2019AME (Aide M\u00e9dicale d\u2019Etat). AuditionSolidarit\u00e9 n\u2019appareille pas les personnes b\u00e9n\u00e9ficiant de la CSS (Couverture Sant\u00e9 Solidaire, ex-CMU) ou ayant","og_url":"https:\/\/www.auditionsolidarite.org\/fr\/laction-humanitaire-en-france\/","og_site_name":"AuditionSolidarit\u00e9","article_modified_time":"2025-10-23T09:20:18+00:00","og_image":[{"width":600,"height":593,"url":"https:\/\/www.auditionsolidarite.org\/wp-content\/uploads\/2015\/07\/logo-audition-solidarite-e1446132259721.png","type":"image\/png"}],"twitter_card":"summary_large_image","twitter_misc":{"Dur\u00e9e de lecture estim\u00e9e":"3 minutes"},"schema":{"@context":"https:\/\/schema.org","@graph":[{"@type":"WebPage","@id":"https:\/\/www.auditionsolidarite.org\/fr\/laction-humanitaire-en-france\/","url":"https:\/\/www.auditionsolidarite.org\/fr\/laction-humanitaire-en-france\/","name":"L\u2019action humanitaire en France - AuditionSolidarit\u00e9","isPartOf":{"@id":"https:\/\/www.auditionsolidarite.org\/fr\/#website"},"datePublished":"2015-07-07T13:08:09+00:00","dateModified":"2025-10-23T09:20:18+00:00","breadcrumb":{"@id":"https:\/\/www.auditionsolidarite.org\/fr\/laction-humanitaire-en-france\/#breadcrumb"},"inLanguage":"fr-FR","potentialAction":[{"@type":"ReadAction","target":[["https:\/\/www.auditionsolidarite.org\/fr\/laction-humanitaire-en-france\/"]]}]},{"@type":"BreadcrumbList","@id":"https:\/\/www.auditionsolidarite.org\/fr\/laction-humanitaire-en-france\/#breadcrumb","itemListElement":[{"@type":"ListItem","position":1,"name":"Accueil","item":"https:\/\/www.auditionsolidarite.org\/fr\/"},{"@type":"ListItem","position":2,"name":"L\u2019action humanitaire en France"}]},{"@type":"WebSite","@id":"https:\/\/www.auditionsolidarite.org\/fr\/#website","url":"https:\/\/www.auditionsolidarite.org\/fr\/","name":"AuditionSolidarit\u00e9","description":"Le hasard n&#039;existe pas ! Si vous \u00eates l\u00e0 aujourd&#039;hui, c&#039;est que le monde de l&#039;audition vous touche... Alors merci d&#039;\u00eatre l\u00e0 !","publisher":{"@id":"https:\/\/www.auditionsolidarite.org\/fr\/#organization"},"potentialAction":[{"@type":"SearchAction","target":{"@type":"EntryPoint","urlTemplate":"https:\/\/www.auditionsolidarite.org\/fr\/?s={search_term_string}"},"query-input":"required name=search_term_string"}],"inLanguage":"fr-FR"},{"@type":"Organization","@id":"https:\/\/www.auditionsolidarite.org\/fr\/#organization","name":"AuditionSolidarit\u00e9","url":"https:\/\/www.auditionsolidarite.org\/fr\/","logo":{"@type":"ImageObject","inLanguage":"fr-FR","@id":"https:\/\/www.auditionsolidarite.org\/fr\/#\/schema\/logo\/image\/","url":"https:\/\/www.auditionsolidarite.org\/wp-content\/uploads\/2015\/07\/logo-audition-solidarite-e1446132259721.png","contentUrl":"https:\/\/www.auditionsolidarite.org\/wp-content\/uploads\/2015\/07\/logo-audition-solidarite-e1446132259721.png","width":600,"height":593,"caption":"AuditionSolidarit\u00e9"},"image":{"@id":"https:\/\/www.auditionsolidarite.org\/fr\/#\/schema\/logo\/image\/"}}]}},"_links":{"self":[{"href":"https:\/\/www.auditionsolidarite.org\/fr\/wp-json\/wp\/v2\/pages\/40"}],"collection":[{"href":"https:\/\/www.auditionsolidarite.org\/fr\/wp-json\/wp\/v2\/pages"}],"about":[{"href":"https:\/\/www.auditionsolidarite.org\/fr\/wp-json\/wp\/v2\/types\/page"}],"author":[{"embeddable":true,"href":"https:\/\/www.auditionsolidarite.org\/fr\/wp-json\/wp\/v2\/users\/10"}],"replies":[{"embeddable":true,"href":"https:\/\/www.auditionsolidarite.org\/fr\/wp-json\/wp\/v2\/comments?post=40"}],"version-history":[{"count":18,"href":"https:\/\/www.auditionsolidarite.org\/fr\/wp-json\/wp\/v2\/pages\/40\/revisions"}],"predecessor-version":[{"id":10672,"href":"https:\/\/www.auditionsolidarite.org\/fr\/wp-json\/wp\/v2\/pages\/40\/revisions\/10672"}],"wp:attachment":[{"href":"https:\/\/www.auditionsolidarite.org\/fr\/wp-json\/wp\/v2\/media?parent=40"}],"curies":[{"name":"wp","href":"https:\/\/api.w.org\/{rel}","templated":true}]}}