{"id":34,"date":"2015-07-07T14:07:15","date_gmt":"2015-07-07T13:07:15","guid":{"rendered":"http:\/\/localhost\/auditionsolidarite.org\/?page_id=34"},"modified":"2021-07-22T15:30:14","modified_gmt":"2021-07-22T14:30:14","slug":"videos-prevention-auditive","status":"publish","type":"page","link":"https:\/\/www.auditionsolidarite.org\/fr\/videos-prevention-auditive\/","title":{"rendered":"Vid\u00e9os &#8220;Pr\u00e9vention auditive&#8221;"},"content":{"rendered":"<h5 style=\"text-align: center;\"><strong><b><br \/>\n<\/b><b><br \/>\n<\/b><b><br \/>\n<\/b>JT 19\/20 &#8211; France 3<b> Franche Comt\u00e9 &#8211; Conservatoire du Grand Besan\u00e7on<br \/>\n<\/b><\/strong><b><\/b><b><b><b><br \/>\n<iframe loading=\"lazy\" title=\"YouTube video player\" src=\"https:\/\/www.youtube-nocookie.com\/embed\/qGSvnah5uh0\" width=\"560\" height=\"315\" frameborder=\"0\" allowfullscreen=\"allowfullscreen\"><\/iframe><br \/>\n<\/b><\/b><\/b><\/h5>\n<p style=\"text-align: center;\"><strong><b><br \/>\n<\/b><b><br \/>\n<\/b>Reportages t\u00e9l\u00e9vis\u00e9s sur l&#8217;action de pr\u00e9vention auditive<b><\/b><\/strong><\/p>\n<table>\n<tbody>\n<tr>\n<td style=\"text-align: center;\">\n<h5><strong>JT 19\/20 &#8211; France 3<b> Aquitaine<iframe loading=\"lazy\" title=\"YouTube video player\" src=\"https:\/\/www.youtube-nocookie.com\/embed\/ZRonCTCA5vw\" width=\"300\" height=\"300\" frameborder=\"0\" allowfullscreen=\"allowfullscreen\"><span style=\"display: inline-block; width: 0px; overflow: hidden; line-height: 0;\" data-mce-type=\"bookmark\" class=\"mce_SELRES_start\">\ufeff<\/span><\/iframe><br \/>\n<\/b><\/strong><\/h5>\n<\/td>\n<td style=\"text-align: center;\"><strong>19\/20 France 3 Grand Lyon<iframe loading=\"lazy\" title=\"YouTube video player\" src=\"https:\/\/www.youtube-nocookie.com\/embed\/NAg6XczJjqw\" width=\"300\" height=\"300\" frameborder=\"0\" allowfullscreen=\"allowfullscreen\"><span style=\"display: inline-block; width: 0px; overflow: hidden; line-height: 0;\" data-mce-type=\"bookmark\" class=\"mce_SELRES_start\">\ufeff<\/span><\/iframe><\/strong><\/td>\n<\/tr>\n<tr>\n<td style=\"text-align: center;\"><strong>19\/20 France 3 Atlantique<iframe loading=\"lazy\" title=\"YouTube video player\" src=\"https:\/\/www.youtube-nocookie.com\/embed\/a93R77mtQeI\" width=\"300\" height=\"300\" frameborder=\"0\" allowfullscreen=\"allowfullscreen\"><span style=\"display: inline-block; width: 0px; overflow: hidden; line-height: 0;\" data-mce-type=\"bookmark\" class=\"mce_SELRES_start\">\ufeff<\/span><\/iframe><\/strong><\/td>\n<td>\n<p style=\"text-align: center;\"><b>Audition TV &#8211; Juin 2016<\/b><b><br \/>\n<iframe loading=\"lazy\" title=\"YouTube video player\" src=\"https:\/\/www.youtube-nocookie.com\/embed\/8irGS_PIHIY\" width=\"300\" height=\"300\" frameborder=\"0\" allowfullscreen=\"allowfullscreen\"><span style=\"display: inline-block; width: 0px; overflow: hidden; line-height: 0;\" data-mce-type=\"bookmark\" class=\"mce_SELRES_start\">\ufeff<\/span><\/iframe><\/b><\/p>\n<p class=\"title style-scope ytd-video-primary-info-renderer\" style=\"text-align: center;\">\n<\/td>\n<\/tr>\n<\/tbody>\n<\/table>\n<p><b>\u00a0<\/b><\/p>\n<h5 style=\"text-align: center;\"><b> <\/b><strong><b> Clip institutionnel &amp;<\/b> T\u00e9moignages de directeurs de Conservatoire<b><br \/>\n<\/b><\/strong><\/h5>\n<table>\n<tbody>\n<tr>\n<td>\n<p style=\"text-align: center;\"><b><b><br \/>\n<\/b>\u00a0France 3 Toulon<b><br \/>\n<iframe loading=\"lazy\" title=\"YouTube video player\" src=\"https:\/\/www.youtube-nocookie.com\/embed\/CnlMoerLEm8\" width=\"300\" height=\"300\" frameborder=\"0\" allowfullscreen=\"allowfullscreen\"><span style=\"display: inline-block; width: 0px; overflow: hidden; line-height: 0;\" data-mce-type=\"bookmark\" class=\"mce_SELRES_start\">\ufeff<\/span><\/iframe><br \/>\n<\/b><\/b><\/p>\n<\/td>\n<td style=\"text-align: center;\">\n<p><b>\u00a0France 3 Nord Pas-de-Calais\u00a0<\/b><\/p>\n<p><b> Directeur du Conservatoire de Lille <\/b><b><\/b><\/p>\n<p><iframe loading=\"lazy\" title=\"YouTube video player\" src=\"https:\/\/www.youtube-nocookie.com\/embed\/dMh3X1k4ezU\" width=\"300\" height=\"300\" frameborder=\"0\" allowfullscreen=\"allowfullscreen\"><span style=\"display: inline-block; width: 0px; overflow: hidden; line-height: 0;\" data-mce-type=\"bookmark\" class=\"mce_SELRES_start\">\ufeff<\/span><\/iframe><br \/>\n<b><br \/>\n<\/b><\/td>\n<\/tr>\n<tr>\n<td>\n<p style=\"text-align: center;\"><b>Philippe Langlet <\/b><\/p>\n<p style=\"text-align: center;\"><b>Directeur de Conservatoire<\/b><b><br \/>\n<iframe loading=\"lazy\" title=\"YouTube video player\" src=\"https:\/\/www.youtube-nocookie.com\/embed\/CeSRVxo5A50\" width=\"300\" height=\"300\" frameborder=\"0\" allowfullscreen=\"allowfullscreen\"><span style=\"display: inline-block; width: 0px; overflow: hidden; line-height: 0;\" data-mce-type=\"bookmark\" class=\"mce_SELRES_start\">\ufeff<\/span><\/iframe> <\/b><\/p>\n<\/td>\n<td>\n<p style=\"text-align: center;\"><b>\u00a0Vincent Caup <\/b><\/p>\n<p style=\"text-align: center;\"><b>Directeur de Conservatoire<\/b><b><br \/>\n<iframe loading=\"lazy\" title=\"YouTube video player\" src=\"https:\/\/www.youtube-nocookie.com\/embed\/RorMFz2KzOk\" width=\"300\" height=\"300\" frameborder=\"0\" allowfullscreen=\"allowfullscreen\"><span style=\"display: inline-block; width: 0px; overflow: hidden; line-height: 0;\" data-mce-type=\"bookmark\" class=\"mce_SELRES_start\">\ufeff<\/span><\/iframe><br \/>\n<\/b><b><br \/>\n<\/b><\/p>\n<\/td>\n<\/tr>\n<tr>\n<td colspan=\"2\">\n<h4 style=\"text-align: center;\"><strong>D\u00e9couvrez<b> <\/b>le clip &#8220;Pr\u00e9vention Auditive&#8221;<b><\/b><\/strong><\/h4>\n<p style=\"text-align: center;\"><iframe loading=\"lazy\" title=\"YouTube video player\" src=\"https:\/\/www.youtube-nocookie.com\/embed\/4CjL0nAFZZc\" width=\"300\" height=\"300\" frameborder=\"0\" allowfullscreen=\"allowfullscreen\"><span style=\"display: inline-block; width: 0px; overflow: hidden; line-height: 0;\" data-mce-type=\"bookmark\" class=\"mce_SELRES_start\">\ufeff<\/span><\/iframe><\/p>\n<\/td>\n<\/tr>\n<\/tbody>\n<\/table>","protected":false},"excerpt":{"rendered":"<p>JT 19\/20 &#8211; France 3 Franche Comt\u00e9 &#8211; Conservatoire du Grand Besan\u00e7on Reportages t\u00e9l\u00e9vis\u00e9s sur l&#8217;action de pr\u00e9vention auditive JT 19\/20 &#8211; France 3 Aquitaine\ufeff 19\/20 France 3 Grand Lyon\ufeff 19\/20 France 3 Atlantique\ufeff Audition TV &#8211; Juin 2016 \ufeff \u00a0 Clip institutionnel &amp; T\u00e9moignages de directeurs de Conservatoire \u00a0France 3 Toulon \ufeff \u00a0France 3 Nord Pas-de-Calais\u00a0 Directeur du Conservatoire<\/p>\n","protected":false},"author":10,"featured_media":0,"parent":0,"menu_order":0,"comment_status":"open","ping_status":"open","template":"","meta":{"footnotes":""},"acf":[],"yoast_head":"<!-- This site is optimized with the Yoast SEO plugin v21.9.1 - https:\/\/yoast.com\/wordpress\/plugins\/seo\/ -->\n<title>Vid\u00e9os &quot;Pr\u00e9vention auditive&quot; - AuditionSolidarit\u00e9<\/title>\n<meta name=\"robots\" content=\"index, follow, max-snippet:-1, max-image-preview:large, max-video-preview:-1\" \/>\n<link rel=\"canonical\" href=\"https:\/\/www.auditionsolidarite.org\/fr\/videos-prevention-auditive\/\" \/>\n<meta property=\"og:locale\" content=\"fr_FR\" \/>\n<meta property=\"og:type\" content=\"article\" \/>\n<meta property=\"og:title\" content=\"Vid\u00e9os &quot;Pr\u00e9vention auditive&quot; - AuditionSolidarit\u00e9\" \/>\n<meta property=\"og:description\" content=\"JT 19\/20 &#8211; France 3 Franche Comt\u00e9 &#8211; Conservatoire du Grand Besan\u00e7on Reportages t\u00e9l\u00e9vis\u00e9s sur l&#8217;action de pr\u00e9vention auditive JT 19\/20 &#8211; France 3 Aquitaine\ufeff 19\/20 France 3 Grand Lyon\ufeff 19\/20 France 3 Atlantique\ufeff Audition TV &#8211; Juin 2016 \ufeff \u00a0 Clip institutionnel &amp; T\u00e9moignages de directeurs de Conservatoire \u00a0France 3 Toulon \ufeff \u00a0France 3 Nord Pas-de-Calais\u00a0 Directeur du Conservatoire\" \/>\n<meta property=\"og:url\" content=\"https:\/\/www.auditionsolidarite.org\/fr\/videos-prevention-auditive\/\" \/>\n<meta property=\"og:site_name\" content=\"AuditionSolidarit\u00e9\" \/>\n<meta property=\"article:modified_time\" content=\"2021-07-22T14:30:14+00:00\" \/>\n<meta property=\"og:image\" content=\"https:\/\/www.auditionsolidarite.org\/wp-content\/uploads\/2015\/07\/logo-audition-solidarite-e1446132259721.png\" \/>\n\t<meta property=\"og:image:width\" content=\"600\" \/>\n\t<meta property=\"og:image:height\" content=\"593\" \/>\n\t<meta property=\"og:image:type\" content=\"image\/png\" \/>\n<meta name=\"twitter:card\" content=\"summary_large_image\" \/>\n<meta name=\"twitter:label1\" content=\"Dur\u00e9e de lecture estim\u00e9e\" \/>\n\t<meta name=\"twitter:data1\" content=\"1 minute\" \/>\n<script type=\"application\/ld+json\" class=\"yoast-schema-graph\">{\"@context\":\"https:\/\/schema.org\",\"@graph\":[{\"@type\":\"WebPage\",\"@id\":\"https:\/\/www.auditionsolidarite.org\/fr\/videos-prevention-auditive\/\",\"url\":\"https:\/\/www.auditionsolidarite.org\/fr\/videos-prevention-auditive\/\",\"name\":\"Vid\u00e9os \\\"Pr\u00e9vention auditive\\\" - AuditionSolidarit\u00e9\",\"isPartOf\":{\"@id\":\"https:\/\/www.auditionsolidarite.org\/fr\/#website\"},\"datePublished\":\"2015-07-07T13:07:15+00:00\",\"dateModified\":\"2021-07-22T14:30:14+00:00\",\"breadcrumb\":{\"@id\":\"https:\/\/www.auditionsolidarite.org\/fr\/videos-prevention-auditive\/#breadcrumb\"},\"inLanguage\":\"fr-FR\",\"potentialAction\":[{\"@type\":\"ReadAction\",\"target\":[[\"https:\/\/www.auditionsolidarite.org\/fr\/videos-prevention-auditive\/\"]]}]},{\"@type\":\"BreadcrumbList\",\"@id\":\"https:\/\/www.auditionsolidarite.org\/fr\/videos-prevention-auditive\/#breadcrumb\",\"itemListElement\":[{\"@type\":\"ListItem\",\"position\":1,\"name\":\"Accueil\",\"item\":\"https:\/\/www.auditionsolidarite.org\/fr\/\"},{\"@type\":\"ListItem\",\"position\":2,\"name\":\"Vid\u00e9os &#8220;Pr\u00e9vention auditive&#8221;\"}]},{\"@type\":\"WebSite\",\"@id\":\"https:\/\/www.auditionsolidarite.org\/fr\/#website\",\"url\":\"https:\/\/www.auditionsolidarite.org\/fr\/\",\"name\":\"AuditionSolidarit\u00e9\",\"description\":\"Le hasard n&#039;existe pas ! Si vous \u00eates l\u00e0 aujourd&#039;hui, c&#039;est que le monde de l&#039;audition vous touche... Alors merci d&#039;\u00eatre l\u00e0 !\",\"publisher\":{\"@id\":\"https:\/\/www.auditionsolidarite.org\/fr\/#organization\"},\"potentialAction\":[{\"@type\":\"SearchAction\",\"target\":{\"@type\":\"EntryPoint\",\"urlTemplate\":\"https:\/\/www.auditionsolidarite.org\/fr\/?s={search_term_string}\"},\"query-input\":\"required name=search_term_string\"}],\"inLanguage\":\"fr-FR\"},{\"@type\":\"Organization\",\"@id\":\"https:\/\/www.auditionsolidarite.org\/fr\/#organization\",\"name\":\"AuditionSolidarit\u00e9\",\"url\":\"https:\/\/www.auditionsolidarite.org\/fr\/\",\"logo\":{\"@type\":\"ImageObject\",\"inLanguage\":\"fr-FR\",\"@id\":\"https:\/\/www.auditionsolidarite.org\/fr\/#\/schema\/logo\/image\/\",\"url\":\"https:\/\/www.auditionsolidarite.org\/wp-content\/uploads\/2015\/07\/logo-audition-solidarite-e1446132259721.png\",\"contentUrl\":\"https:\/\/www.auditionsolidarite.org\/wp-content\/uploads\/2015\/07\/logo-audition-solidarite-e1446132259721.png\",\"width\":600,\"height\":593,\"caption\":\"AuditionSolidarit\u00e9\"},\"image\":{\"@id\":\"https:\/\/www.auditionsolidarite.org\/fr\/#\/schema\/logo\/image\/\"}}]}<\/script>\n<!-- \/ Yoast SEO plugin. -->","yoast_head_json":{"title":"Vid\u00e9os \"Pr\u00e9vention auditive\" - AuditionSolidarit\u00e9","robots":{"index":"index","follow":"follow","max-snippet":"max-snippet:-1","max-image-preview":"max-image-preview:large","max-video-preview":"max-video-preview:-1"},"canonical":"https:\/\/www.auditionsolidarite.org\/fr\/videos-prevention-auditive\/","og_locale":"fr_FR","og_type":"article","og_title":"Vid\u00e9os \"Pr\u00e9vention auditive\" - AuditionSolidarit\u00e9","og_description":"JT 19\/20 &#8211; France 3 Franche Comt\u00e9 &#8211; Conservatoire du Grand Besan\u00e7on Reportages t\u00e9l\u00e9vis\u00e9s sur l&#8217;action de pr\u00e9vention auditive JT 19\/20 &#8211; France 3 Aquitaine\ufeff 19\/20 France 3 Grand Lyon\ufeff 19\/20 France 3 Atlantique\ufeff Audition TV &#8211; Juin 2016 \ufeff \u00a0 Clip institutionnel &amp; T\u00e9moignages de directeurs de Conservatoire \u00a0France 3 Toulon \ufeff \u00a0France 3 Nord Pas-de-Calais\u00a0 Directeur du Conservatoire","og_url":"https:\/\/www.auditionsolidarite.org\/fr\/videos-prevention-auditive\/","og_site_name":"AuditionSolidarit\u00e9","article_modified_time":"2021-07-22T14:30:14+00:00","og_image":[{"width":600,"height":593,"url":"https:\/\/www.auditionsolidarite.org\/wp-content\/uploads\/2015\/07\/logo-audition-solidarite-e1446132259721.png","type":"image\/png"}],"twitter_card":"summary_large_image","twitter_misc":{"Dur\u00e9e de lecture estim\u00e9e":"1 minute"},"schema":{"@context":"https:\/\/schema.org","@graph":[{"@type":"WebPage","@id":"https:\/\/www.auditionsolidarite.org\/fr\/videos-prevention-auditive\/","url":"https:\/\/www.auditionsolidarite.org\/fr\/videos-prevention-auditive\/","name":"Vid\u00e9os \"Pr\u00e9vention auditive\" - AuditionSolidarit\u00e9","isPartOf":{"@id":"https:\/\/www.auditionsolidarite.org\/fr\/#website"},"datePublished":"2015-07-07T13:07:15+00:00","dateModified":"2021-07-22T14:30:14+00:00","breadcrumb":{"@id":"https:\/\/www.auditionsolidarite.org\/fr\/videos-prevention-auditive\/#breadcrumb"},"inLanguage":"fr-FR","potentialAction":[{"@type":"ReadAction","target":[["https:\/\/www.auditionsolidarite.org\/fr\/videos-prevention-auditive\/"]]}]},{"@type":"BreadcrumbList","@id":"https:\/\/www.auditionsolidarite.org\/fr\/videos-prevention-auditive\/#breadcrumb","itemListElement":[{"@type":"ListItem","position":1,"name":"Accueil","item":"https:\/\/www.auditionsolidarite.org\/fr\/"},{"@type":"ListItem","position":2,"name":"Vid\u00e9os &#8220;Pr\u00e9vention auditive&#8221;"}]},{"@type":"WebSite","@id":"https:\/\/www.auditionsolidarite.org\/fr\/#website","url":"https:\/\/www.auditionsolidarite.org\/fr\/","name":"AuditionSolidarit\u00e9","description":"Le hasard n&#039;existe pas ! Si vous \u00eates l\u00e0 aujourd&#039;hui, c&#039;est que le monde de l&#039;audition vous touche... Alors merci d&#039;\u00eatre l\u00e0 !","publisher":{"@id":"https:\/\/www.auditionsolidarite.org\/fr\/#organization"},"potentialAction":[{"@type":"SearchAction","target":{"@type":"EntryPoint","urlTemplate":"https:\/\/www.auditionsolidarite.org\/fr\/?s={search_term_string}"},"query-input":"required name=search_term_string"}],"inLanguage":"fr-FR"},{"@type":"Organization","@id":"https:\/\/www.auditionsolidarite.org\/fr\/#organization","name":"AuditionSolidarit\u00e9","url":"https:\/\/www.auditionsolidarite.org\/fr\/","logo":{"@type":"ImageObject","inLanguage":"fr-FR","@id":"https:\/\/www.auditionsolidarite.org\/fr\/#\/schema\/logo\/image\/","url":"https:\/\/www.auditionsolidarite.org\/wp-content\/uploads\/2015\/07\/logo-audition-solidarite-e1446132259721.png","contentUrl":"https:\/\/www.auditionsolidarite.org\/wp-content\/uploads\/2015\/07\/logo-audition-solidarite-e1446132259721.png","width":600,"height":593,"caption":"AuditionSolidarit\u00e9"},"image":{"@id":"https:\/\/www.auditionsolidarite.org\/fr\/#\/schema\/logo\/image\/"}}]}},"_links":{"self":[{"href":"https:\/\/www.auditionsolidarite.org\/fr\/wp-json\/wp\/v2\/pages\/34"}],"collection":[{"href":"https:\/\/www.auditionsolidarite.org\/fr\/wp-json\/wp\/v2\/pages"}],"about":[{"href":"https:\/\/www.auditionsolidarite.org\/fr\/wp-json\/wp\/v2\/types\/page"}],"author":[{"embeddable":true,"href":"https:\/\/www.auditionsolidarite.org\/fr\/wp-json\/wp\/v2\/users\/10"}],"replies":[{"embeddable":true,"href":"https:\/\/www.auditionsolidarite.org\/fr\/wp-json\/wp\/v2\/comments?post=34"}],"version-history":[{"count":3,"href":"https:\/\/www.auditionsolidarite.org\/fr\/wp-json\/wp\/v2\/pages\/34\/revisions"}],"predecessor-version":[{"id":8309,"href":"https:\/\/www.auditionsolidarite.org\/fr\/wp-json\/wp\/v2\/pages\/34\/revisions\/8309"}],"wp:attachment":[{"href":"https:\/\/www.auditionsolidarite.org\/fr\/wp-json\/wp\/v2\/media?parent=34"}],"curies":[{"name":"wp","href":"https:\/\/api.w.org\/{rel}","templated":true}]}}