{"id":3320,"date":"2015-09-21T14:24:34","date_gmt":"2015-09-21T13:24:34","guid":{"rendered":"http:\/\/demo.auditionsolidarite.org\/?page_id=3320"},"modified":"2015-10-30T11:16:33","modified_gmt":"2015-10-30T10:16:33","slug":"mission-humanitaire-madagascar-antsirabe-novembre-2012","status":"publish","type":"page","link":"https:\/\/www.auditionsolidarite.org\/fr\/mission-humanitaire-madagascar-antsirabe-novembre-2012\/","title":{"rendered":"Mission humanitaire Madagascar &#8211; Antsirab\u00e9 novembre 2012"},"content":{"rendered":"Retour pour la seconde ann\u00e9e \u00e0 l&#8217;\u00e9cole d&#8217;enfants sourds et malentendants FOFAMA.<b><br \/>\n<\/b><b><br \/>\n<\/b><\/p>\n<p>104 enfants appareill\u00e9s, 133 appareils auditifs adapt\u00e9s et plus de 150 embouts sur mesure fabriqu\u00e9s sur place.<br \/>\nV\u00e9rification des appareils des 108 enfants vus en 2011.<b><br \/>\n<\/b><b><br \/>\n<\/b><\/p>\n<p>Mission g\u00e9niale !<b><br \/>\n<\/b><\/p>\n<p>Merci aux audioproth\u00e9sistes Xavier Poulain, Alexandre Stanimirovic, C\u00e9line Peissak, Serge Pontet et Christine Bourger<br \/>\nMerci aux orthophonistes Mich\u00e8le Dumay et Clotilde Faure<br \/>\nMerci \u00e0 R\u00e9my Garrel pour le laboratoire d&#8217;embouts<br \/>\nMerci \u00e0 J\u00e9r\u00e9my Ecalard, \u00e9tudiant en audioproth\u00e8se<br \/>\nMerci \u00e0 Odile et \u00e0 Carole pour la logistique<br \/>\nMerci \u00e0 l&#8217;\u00e9quipe malgache pour son implication, son accueil et sa gentillesse !<br \/>\nEt un \u00e9norme Merci \u00e0 la Fondation AIR FRANCE !<b><br \/>\n<\/b><b>\u00a0<b><br \/>\n<\/b><\/b><\/p>\n<p style=\"text-align: center;\"><strong>Vid\u00e9o de la mission<\/strong><\/p>\n<p style=\"text-align: center;\"><iframe loading=\"lazy\" src=\"https:\/\/www.youtube.com\/embed\/XcyMZGpO_vE\" width=\"515\" height=\"386\" frameborder=\"0\" allowfullscreen=\"allowfullscreen\"><\/iframe><\/p>\n<div class=\"ytp-copytext ytp-no-contextmenu\" style=\"text-align: center;\" tabindex=\"1\"><\/div>\n<div class=\"ytp-copytext ytp-no-contextmenu\" style=\"text-align: center;\" tabindex=\"1\">\u00a0<strong>Interviews<\/strong><\/div>\n<div class=\"ytp-copytext ytp-no-contextmenu\" tabindex=\"1\">\n<table>\n<tbody>\n<tr>\n<td style=\"text-align: center; vertical-align: middle;\">\n<div class=\"ytp-copytext ytp-no-contextmenu\" tabindex=\"1\"><strong>Serge Pontet, audioproth\u00e9siste<\/strong><\/div>\n<p><iframe loading=\"lazy\" src=\"https:\/\/www.youtube.com\/embed\/dYBmhlMXL1I\" width=\"260\" height=\"170\" frameborder=\"0\" allowfullscreen=\"allowfullscreen\"><\/iframe><\/p>\n<div class=\"ytp-copytext ytp-no-contextmenu\" tabindex=\"1\"><\/div>\n<\/td>\n<td style=\"text-align: center; vertical-align: middle;\">\n<div class=\"ytp-copytext ytp-no-contextmenu\" tabindex=\"1\"><strong>R\u00e9my Garrel, fabricant d&#8217;embouts<\/strong><\/div>\n<p><iframe loading=\"lazy\" src=\"https:\/\/www.youtube.com\/embed\/dYFdhVRI7zw\" width=\"260\" height=\"170\" frameborder=\"0\" allowfullscreen=\"allowfullscreen\"><\/iframe><\/p>\n<div class=\"ytp-copytext ytp-no-contextmenu\" tabindex=\"1\"><\/div>\n<\/td>\n<td style=\"text-align: center; vertical-align: middle;\">\n<div class=\"ytp-copytext ytp-no-contextmenu\" tabindex=\"1\"><strong>Xavier Poulain, audioproth\u00e9siste<\/strong><\/div>\n<p><iframe loading=\"lazy\" src=\"https:\/\/www.youtube.com\/embed\/4O4ATbt5ohQ\" width=\"260\" height=\"170\" frameborder=\"0\" allowfullscreen=\"allowfullscreen\"><\/iframe><\/p>\n<div class=\"ytp-copytext ytp-no-contextmenu\" tabindex=\"1\"><\/div>\n<\/td>\n<\/tr>\n<tr>\n<td style=\"text-align: center; vertical-align: middle;\">\n<div class=\"ytp-copytext ytp-no-contextmenu\" tabindex=\"1\"><strong><b><br \/>\n<\/b>C\u00e9line Peissak, audioproth\u00e9siste<\/strong><\/div>\n<p><iframe loading=\"lazy\" src=\"https:\/\/www.youtube.com\/embed\/t0feJSR2aSk\" width=\"260\" height=\"170\" frameborder=\"0\" allowfullscreen=\"allowfullscreen\"><\/iframe><\/p>\n<div class=\"ytp-copytext ytp-no-contextmenu\" tabindex=\"1\"><\/div>\n<\/td>\n<td style=\"text-align: center; vertical-align: middle;\">\n<div class=\"ytp-copytext ytp-no-contextmenu\" tabindex=\"1\"><strong><b><br \/>\n<\/b>Alexandre Stanimirovic, audioproth\u00e9siste<\/strong><\/div>\n<p><iframe loading=\"lazy\" src=\"https:\/\/www.youtube.com\/embed\/oBkCiCjALIY\" width=\"260\" height=\"170\" frameborder=\"0\" allowfullscreen=\"allowfullscreen\"><\/iframe><\/p>\n<div class=\"ytp-copytext ytp-no-contextmenu\" tabindex=\"1\"><\/div>\n<\/td>\n<td style=\"text-align: center; vertical-align: middle;\">\n<div class=\"ytp-copytext ytp-no-contextmenu\" tabindex=\"1\"><strong><b><br \/>\n<\/b>Clotilde Faure, orthophoniste<\/strong><\/div>\n<p><iframe loading=\"lazy\" src=\"https:\/\/www.youtube.com\/embed\/yq8nfzg-CxE\" width=\"260\" height=\"170\" frameborder=\"0\" allowfullscreen=\"allowfullscreen\"><\/iframe><\/p>\n<div class=\"ytp-copytext ytp-no-contextmenu\" tabindex=\"1\"><\/div>\n<\/td>\n<\/tr>\n<tr>\n<td style=\"text-align: center; vertical-align: middle;\">\n<div class=\"ytp-copytext ytp-no-contextmenu\" tabindex=\"1\"><strong><b><br \/>\n<\/b>Mich\u00e8le Dumay, orthophoniste<\/strong><\/div>\n<p><iframe loading=\"lazy\" src=\"https:\/\/www.youtube.com\/embed\/mcUkSa4NV1o\" width=\"260\" height=\"170\" frameborder=\"0\" allowfullscreen=\"allowfullscreen\"><\/iframe><\/p>\n<div class=\"ytp-copytext ytp-no-contextmenu\" tabindex=\"1\"><\/div>\n<\/td>\n<td style=\"text-align: center; vertical-align: middle;\">\n<div class=\"ytp-copytext ytp-no-contextmenu\" tabindex=\"1\"><strong><b><br \/>\n<\/b>J\u00e9r\u00e9my Ecalard, audioproth\u00e9siste<\/strong><\/div>\n<p><iframe loading=\"lazy\" src=\"https:\/\/www.youtube.com\/embed\/Ej7vumXpV40\" width=\"260\" height=\"170\" frameborder=\"0\" allowfullscreen=\"allowfullscreen\"><\/iframe><\/p>\n<div class=\"ytp-copytext ytp-no-contextmenu\" tabindex=\"1\"><\/div>\n<\/td>\n<td style=\"text-align: center; vertical-align: middle;\"><\/td>\n<\/tr>\n<\/tbody>\n<\/table>\n<\/div>\n<p><b><br \/>\n<\/b><b><\/b>","protected":false},"excerpt":{"rendered":"<p>Retour pour la seconde ann\u00e9e \u00e0 l&#8217;\u00e9cole d&#8217;enfants sourds et malentendants FOFAMA. 104 enfants appareill\u00e9s, 133 appareils auditifs adapt\u00e9s et plus de 150 embouts sur mesure fabriqu\u00e9s sur place. V\u00e9rification des appareils des 108 enfants vus en 2011. Mission g\u00e9niale ! Merci aux audioproth\u00e9sistes Xavier Poulain, Alexandre Stanimirovic, C\u00e9line Peissak, Serge Pontet et Christine Bourger Merci aux orthophonistes Mich\u00e8le Dumay<\/p>\n","protected":false},"author":2,"featured_media":0,"parent":0,"menu_order":0,"comment_status":"closed","ping_status":"closed","template":"","meta":{"footnotes":""},"acf":[],"yoast_head":"<!-- This site is optimized with the Yoast SEO plugin v21.9.1 - https:\/\/yoast.com\/wordpress\/plugins\/seo\/ -->\n<title>Mission humanitaire Madagascar - Antsirab\u00e9 novembre 2012 - AuditionSolidarit\u00e9<\/title>\n<meta name=\"robots\" content=\"index, follow, max-snippet:-1, max-image-preview:large, max-video-preview:-1\" \/>\n<link rel=\"canonical\" href=\"https:\/\/www.auditionsolidarite.org\/fr\/mission-humanitaire-madagascar-antsirabe-novembre-2012\/\" \/>\n<meta property=\"og:locale\" content=\"fr_FR\" \/>\n<meta property=\"og:type\" content=\"article\" \/>\n<meta property=\"og:title\" content=\"Mission humanitaire Madagascar - Antsirab\u00e9 novembre 2012 - AuditionSolidarit\u00e9\" \/>\n<meta property=\"og:description\" content=\"Retour pour la seconde ann\u00e9e \u00e0 l&#8217;\u00e9cole d&#8217;enfants sourds et malentendants FOFAMA. 104 enfants appareill\u00e9s, 133 appareils auditifs adapt\u00e9s et plus de 150 embouts sur mesure fabriqu\u00e9s sur place. V\u00e9rification des appareils des 108 enfants vus en 2011. Mission g\u00e9niale ! Merci aux audioproth\u00e9sistes Xavier Poulain, Alexandre Stanimirovic, C\u00e9line Peissak, Serge Pontet et Christine Bourger Merci aux orthophonistes Mich\u00e8le Dumay\" \/>\n<meta property=\"og:url\" content=\"https:\/\/www.auditionsolidarite.org\/fr\/mission-humanitaire-madagascar-antsirabe-novembre-2012\/\" \/>\n<meta property=\"og:site_name\" content=\"AuditionSolidarit\u00e9\" \/>\n<meta property=\"article:modified_time\" content=\"2015-10-30T10:16:33+00:00\" \/>\n<meta property=\"og:image\" content=\"https:\/\/www.auditionsolidarite.org\/wp-content\/uploads\/2015\/07\/logo-audition-solidarite-e1446132259721.png\" \/>\n\t<meta property=\"og:image:width\" content=\"600\" \/>\n\t<meta property=\"og:image:height\" content=\"593\" \/>\n\t<meta property=\"og:image:type\" content=\"image\/png\" \/>\n<meta name=\"twitter:card\" content=\"summary_large_image\" \/>\n<meta name=\"twitter:label1\" content=\"Dur\u00e9e de lecture estim\u00e9e\" \/>\n\t<meta name=\"twitter:data1\" content=\"1 minute\" \/>\n<script type=\"application\/ld+json\" class=\"yoast-schema-graph\">{\"@context\":\"https:\/\/schema.org\",\"@graph\":[{\"@type\":\"WebPage\",\"@id\":\"https:\/\/www.auditionsolidarite.org\/fr\/mission-humanitaire-madagascar-antsirabe-novembre-2012\/\",\"url\":\"https:\/\/www.auditionsolidarite.org\/fr\/mission-humanitaire-madagascar-antsirabe-novembre-2012\/\",\"name\":\"Mission humanitaire Madagascar - Antsirab\u00e9 novembre 2012 - AuditionSolidarit\u00e9\",\"isPartOf\":{\"@id\":\"https:\/\/www.auditionsolidarite.org\/fr\/#website\"},\"datePublished\":\"2015-09-21T13:24:34+00:00\",\"dateModified\":\"2015-10-30T10:16:33+00:00\",\"breadcrumb\":{\"@id\":\"https:\/\/www.auditionsolidarite.org\/fr\/mission-humanitaire-madagascar-antsirabe-novembre-2012\/#breadcrumb\"},\"inLanguage\":\"fr-FR\",\"potentialAction\":[{\"@type\":\"ReadAction\",\"target\":[[\"https:\/\/www.auditionsolidarite.org\/fr\/mission-humanitaire-madagascar-antsirabe-novembre-2012\/\"]]}]},{\"@type\":\"BreadcrumbList\",\"@id\":\"https:\/\/www.auditionsolidarite.org\/fr\/mission-humanitaire-madagascar-antsirabe-novembre-2012\/#breadcrumb\",\"itemListElement\":[{\"@type\":\"ListItem\",\"position\":1,\"name\":\"Accueil\",\"item\":\"https:\/\/www.auditionsolidarite.org\/fr\/\"},{\"@type\":\"ListItem\",\"position\":2,\"name\":\"Mission humanitaire Madagascar &#8211; Antsirab\u00e9 novembre 2012\"}]},{\"@type\":\"WebSite\",\"@id\":\"https:\/\/www.auditionsolidarite.org\/fr\/#website\",\"url\":\"https:\/\/www.auditionsolidarite.org\/fr\/\",\"name\":\"AuditionSolidarit\u00e9\",\"description\":\"Le hasard n&#039;existe pas ! Si vous \u00eates l\u00e0 aujourd&#039;hui, c&#039;est que le monde de l&#039;audition vous touche... Alors merci d&#039;\u00eatre l\u00e0 !\",\"publisher\":{\"@id\":\"https:\/\/www.auditionsolidarite.org\/fr\/#organization\"},\"potentialAction\":[{\"@type\":\"SearchAction\",\"target\":{\"@type\":\"EntryPoint\",\"urlTemplate\":\"https:\/\/www.auditionsolidarite.org\/fr\/?s={search_term_string}\"},\"query-input\":\"required name=search_term_string\"}],\"inLanguage\":\"fr-FR\"},{\"@type\":\"Organization\",\"@id\":\"https:\/\/www.auditionsolidarite.org\/fr\/#organization\",\"name\":\"AuditionSolidarit\u00e9\",\"url\":\"https:\/\/www.auditionsolidarite.org\/fr\/\",\"logo\":{\"@type\":\"ImageObject\",\"inLanguage\":\"fr-FR\",\"@id\":\"https:\/\/www.auditionsolidarite.org\/fr\/#\/schema\/logo\/image\/\",\"url\":\"https:\/\/www.auditionsolidarite.org\/wp-content\/uploads\/2015\/07\/logo-audition-solidarite-e1446132259721.png\",\"contentUrl\":\"https:\/\/www.auditionsolidarite.org\/wp-content\/uploads\/2015\/07\/logo-audition-solidarite-e1446132259721.png\",\"width\":600,\"height\":593,\"caption\":\"AuditionSolidarit\u00e9\"},\"image\":{\"@id\":\"https:\/\/www.auditionsolidarite.org\/fr\/#\/schema\/logo\/image\/\"}}]}<\/script>\n<!-- \/ Yoast SEO plugin. -->","yoast_head_json":{"title":"Mission humanitaire Madagascar - Antsirab\u00e9 novembre 2012 - AuditionSolidarit\u00e9","robots":{"index":"index","follow":"follow","max-snippet":"max-snippet:-1","max-image-preview":"max-image-preview:large","max-video-preview":"max-video-preview:-1"},"canonical":"https:\/\/www.auditionsolidarite.org\/fr\/mission-humanitaire-madagascar-antsirabe-novembre-2012\/","og_locale":"fr_FR","og_type":"article","og_title":"Mission humanitaire Madagascar - Antsirab\u00e9 novembre 2012 - AuditionSolidarit\u00e9","og_description":"Retour pour la seconde ann\u00e9e \u00e0 l&#8217;\u00e9cole d&#8217;enfants sourds et malentendants FOFAMA. 104 enfants appareill\u00e9s, 133 appareils auditifs adapt\u00e9s et plus de 150 embouts sur mesure fabriqu\u00e9s sur place. V\u00e9rification des appareils des 108 enfants vus en 2011. Mission g\u00e9niale ! Merci aux audioproth\u00e9sistes Xavier Poulain, Alexandre Stanimirovic, C\u00e9line Peissak, Serge Pontet et Christine Bourger Merci aux orthophonistes Mich\u00e8le Dumay","og_url":"https:\/\/www.auditionsolidarite.org\/fr\/mission-humanitaire-madagascar-antsirabe-novembre-2012\/","og_site_name":"AuditionSolidarit\u00e9","article_modified_time":"2015-10-30T10:16:33+00:00","og_image":[{"width":600,"height":593,"url":"https:\/\/www.auditionsolidarite.org\/wp-content\/uploads\/2015\/07\/logo-audition-solidarite-e1446132259721.png","type":"image\/png"}],"twitter_card":"summary_large_image","twitter_misc":{"Dur\u00e9e de lecture estim\u00e9e":"1 minute"},"schema":{"@context":"https:\/\/schema.org","@graph":[{"@type":"WebPage","@id":"https:\/\/www.auditionsolidarite.org\/fr\/mission-humanitaire-madagascar-antsirabe-novembre-2012\/","url":"https:\/\/www.auditionsolidarite.org\/fr\/mission-humanitaire-madagascar-antsirabe-novembre-2012\/","name":"Mission humanitaire Madagascar - Antsirab\u00e9 novembre 2012 - AuditionSolidarit\u00e9","isPartOf":{"@id":"https:\/\/www.auditionsolidarite.org\/fr\/#website"},"datePublished":"2015-09-21T13:24:34+00:00","dateModified":"2015-10-30T10:16:33+00:00","breadcrumb":{"@id":"https:\/\/www.auditionsolidarite.org\/fr\/mission-humanitaire-madagascar-antsirabe-novembre-2012\/#breadcrumb"},"inLanguage":"fr-FR","potentialAction":[{"@type":"ReadAction","target":[["https:\/\/www.auditionsolidarite.org\/fr\/mission-humanitaire-madagascar-antsirabe-novembre-2012\/"]]}]},{"@type":"BreadcrumbList","@id":"https:\/\/www.auditionsolidarite.org\/fr\/mission-humanitaire-madagascar-antsirabe-novembre-2012\/#breadcrumb","itemListElement":[{"@type":"ListItem","position":1,"name":"Accueil","item":"https:\/\/www.auditionsolidarite.org\/fr\/"},{"@type":"ListItem","position":2,"name":"Mission humanitaire Madagascar &#8211; Antsirab\u00e9 novembre 2012"}]},{"@type":"WebSite","@id":"https:\/\/www.auditionsolidarite.org\/fr\/#website","url":"https:\/\/www.auditionsolidarite.org\/fr\/","name":"AuditionSolidarit\u00e9","description":"Le hasard n&#039;existe pas ! Si vous \u00eates l\u00e0 aujourd&#039;hui, c&#039;est que le monde de l&#039;audition vous touche... Alors merci d&#039;\u00eatre l\u00e0 !","publisher":{"@id":"https:\/\/www.auditionsolidarite.org\/fr\/#organization"},"potentialAction":[{"@type":"SearchAction","target":{"@type":"EntryPoint","urlTemplate":"https:\/\/www.auditionsolidarite.org\/fr\/?s={search_term_string}"},"query-input":"required name=search_term_string"}],"inLanguage":"fr-FR"},{"@type":"Organization","@id":"https:\/\/www.auditionsolidarite.org\/fr\/#organization","name":"AuditionSolidarit\u00e9","url":"https:\/\/www.auditionsolidarite.org\/fr\/","logo":{"@type":"ImageObject","inLanguage":"fr-FR","@id":"https:\/\/www.auditionsolidarite.org\/fr\/#\/schema\/logo\/image\/","url":"https:\/\/www.auditionsolidarite.org\/wp-content\/uploads\/2015\/07\/logo-audition-solidarite-e1446132259721.png","contentUrl":"https:\/\/www.auditionsolidarite.org\/wp-content\/uploads\/2015\/07\/logo-audition-solidarite-e1446132259721.png","width":600,"height":593,"caption":"AuditionSolidarit\u00e9"},"image":{"@id":"https:\/\/www.auditionsolidarite.org\/fr\/#\/schema\/logo\/image\/"}}]}},"_links":{"self":[{"href":"https:\/\/www.auditionsolidarite.org\/fr\/wp-json\/wp\/v2\/pages\/3320"}],"collection":[{"href":"https:\/\/www.auditionsolidarite.org\/fr\/wp-json\/wp\/v2\/pages"}],"about":[{"href":"https:\/\/www.auditionsolidarite.org\/fr\/wp-json\/wp\/v2\/types\/page"}],"author":[{"embeddable":true,"href":"https:\/\/www.auditionsolidarite.org\/fr\/wp-json\/wp\/v2\/users\/2"}],"replies":[{"embeddable":true,"href":"https:\/\/www.auditionsolidarite.org\/fr\/wp-json\/wp\/v2\/comments?post=3320"}],"version-history":[{"count":2,"href":"https:\/\/www.auditionsolidarite.org\/fr\/wp-json\/wp\/v2\/pages\/3320\/revisions"}],"predecessor-version":[{"id":4396,"href":"https:\/\/www.auditionsolidarite.org\/fr\/wp-json\/wp\/v2\/pages\/3320\/revisions\/4396"}],"wp:attachment":[{"href":"https:\/\/www.auditionsolidarite.org\/fr\/wp-json\/wp\/v2\/media?parent=3320"}],"curies":[{"name":"wp","href":"https:\/\/api.w.org\/{rel}","templated":true}]}}