{"id":3312,"date":"2015-09-21T13:41:13","date_gmt":"2015-09-21T12:41:13","guid":{"rendered":"http:\/\/demo.auditionsolidarite.org\/?page_id=3312"},"modified":"2015-12-23T10:36:34","modified_gmt":"2015-12-23T09:36:34","slug":"mission-humanitaire-maroc-agadir-mai-2012","status":"publish","type":"page","link":"https:\/\/www.auditionsolidarite.org\/fr\/mission-humanitaire-maroc-agadir-mai-2012\/","title":{"rendered":"Mission humanitaire Maroc &#8211; Agadir mai 2012"},"content":{"rendered":"<h6 style=\"text-align: justify;\">Mission au Centre Zohour, \u00c9cole Sp\u00e9cialis\u00e9e pour Enfants D\u00e9ficients Auditifs.<\/h6>\n<p style=\"text-align: justify;\">185 enfants appareill\u00e9s, 250 appareils auditifs adapt\u00e9s et 250 embouts sur mesure fabriqu\u00e9s sur place.<b><br \/>\n<\/b><b><br \/>\n<\/b><\/p>\n<p style=\"text-align: justify;\">Merci \u00e0 tous !<br \/>\nMission r\u00e9ussie avec une \u00e9quipe de 10 personnes :<br \/>\nJean-Marie Gouin, ORL<br \/>\nIsabelle Cornuau, Catherine Courtet, Karim Tounzi et Christine Bourger, audioproth\u00e9sistes<br \/>\nGeorges Ormancey, \u00e9tudiant en audioproth\u00e8se<br \/>\nChlo\u00e9 Richaud et Virginie Gilabert, orthophonistes<br \/>\nOdile et Carole pour la logistique<b><br \/>\n<\/b><b><br \/>\n<\/b><\/p>\n<p style=\"text-align: center;\"><strong>Vid\u00e9o de la mission<\/strong><\/p>\n<p style=\"text-align: center;\"><iframe loading=\"lazy\" src=\"https:\/\/www.youtube.com\/embed\/50HdlKNGOno\" width=\"515\" height=\"386\" frameborder=\"0\" allowfullscreen=\"allowfullscreen\"><\/iframe><\/p>\n<div class=\"ytp-copytext ytp-no-contextmenu\" tabindex=\"1\">\n<div class=\"ytp-copytext ytp-no-contextmenu\" tabindex=\"1\"><\/div>\n<p><b><br \/>\n<\/b><b><br \/>\n<\/b><\/p>\n<\/div>\n<div class=\"ytp-copytext ytp-no-contextmenu\" style=\"text-align: center;\" tabindex=\"1\"><strong>Interviews post-mission<\/strong><\/div>\n<table>\n<tbody>\n<tr>\n<td style=\"text-align: center; vertical-align: middle;\">\n<div class=\"ytp-copytext ytp-no-contextmenu\" tabindex=\"1\"><strong>Jean-Marie Gouin, ORL<\/strong><\/div>\n<p><iframe loading=\"lazy\" src=\"https:\/\/www.youtube.com\/embed\/XnDY_twNMyk\" width=\"260\" height=\"170\" frameborder=\"0\" allowfullscreen=\"allowfullscreen\"><\/iframe><\/p>\n<div class=\"ytp-copytext ytp-no-contextmenu\" tabindex=\"1\"><\/div>\n<\/td>\n<td style=\"text-align: center; vertical-align: middle;\">\n<div class=\"ytp-copytext ytp-no-contextmenu\" tabindex=\"1\"><strong>Isabelle Cornuau, audioproth\u00e9siste<\/strong><\/div>\n<p><iframe loading=\"lazy\" src=\"https:\/\/www.youtube.com\/embed\/r0d7jEdTnok\" width=\"260\" height=\"170\" frameborder=\"0\" allowfullscreen=\"allowfullscreen\"><\/iframe><\/p>\n<div class=\"ytp-copytext ytp-no-contextmenu\" tabindex=\"1\"><\/div>\n<\/td>\n<td style=\"text-align: center; vertical-align: middle;\">\n<div class=\"ytp-copytext ytp-no-contextmenu\" tabindex=\"1\"><strong>Karim Tounzi, audioproth\u00e9siste<\/strong><\/div>\n<p><iframe loading=\"lazy\" src=\"https:\/\/www.youtube.com\/embed\/7PS8eNeLZQc\" width=\"260\" height=\"170\" frameborder=\"0\" allowfullscreen=\"allowfullscreen\"><\/iframe><\/p>\n<div class=\"ytp-copytext ytp-no-contextmenu\" tabindex=\"1\"><\/div>\n<\/td>\n<\/tr>\n<tr>\n<td style=\"text-align: center; vertical-align: middle;\">\n<div class=\"ytp-copytext ytp-no-contextmenu\" tabindex=\"1\"><strong><b><br \/>\n<\/b>Catherine Courtet, audioproth\u00e9siste<\/strong><\/div>\n<p><iframe loading=\"lazy\" src=\"https:\/\/www.youtube.com\/embed\/bp41aBnd0do\" width=\"260\" height=\"170\" frameborder=\"0\" allowfullscreen=\"allowfullscreen\"><\/iframe><\/p>\n<div class=\"ytp-copytext ytp-no-contextmenu\" tabindex=\"1\"><\/div>\n<\/td>\n<td style=\"text-align: center; vertical-align: middle;\">\n<div class=\"ytp-copytext ytp-no-contextmenu\" tabindex=\"1\"><strong><b><br \/>\n<\/b>Chlo\u00e9 Richaud, audioproth\u00e9siste<\/strong><\/div>\n<p><iframe loading=\"lazy\" src=\"https:\/\/www.youtube.com\/embed\/yEaFyR2VoEE\" width=\"260\" height=\"170\" frameborder=\"0\" allowfullscreen=\"allowfullscreen\"><\/iframe><\/p>\n<div class=\"ytp-copytext ytp-no-contextmenu\" tabindex=\"1\"><\/div>\n<\/td>\n<td style=\"text-align: center; vertical-align: middle;\">\n<div class=\"ytp-copytext ytp-no-contextmenu\" tabindex=\"1\"><strong><b><br \/>\n<\/b>Georges Ormancey, audioproth\u00e9siste<\/strong><\/div>\n<p><iframe loading=\"lazy\" src=\"https:\/\/www.youtube.com\/embed\/DLLvQy-D3tU\" width=\"260\" height=\"170\" frameborder=\"0\" allowfullscreen=\"allowfullscreen\"><\/iframe><\/p>\n<div class=\"ytp-copytext ytp-no-contextmenu\" tabindex=\"1\"><\/div>\n<\/td>\n<\/tr>\n<tr>\n<td style=\"text-align: center; vertical-align: middle;\">\n<div class=\"ytp-copytext ytp-no-contextmenu\" tabindex=\"1\"><strong>Virginie Gilabert, orthophoniste<\/strong><\/div>\n<p><iframe loading=\"lazy\" src=\"https:\/\/www.youtube.com\/embed\/wMI2WVZVS7E\" width=\"260\" height=\"170\" frameborder=\"0\" allowfullscreen=\"allowfullscreen\"><\/iframe><\/p>\n<div class=\"ytp-copytext ytp-no-contextmenu\" tabindex=\"1\"><\/div>\n<\/td>\n<td style=\"text-align: center; vertical-align: middle;\"><\/td>\n<td style=\"text-align: center; vertical-align: middle;\"><\/td>\n<\/tr>\n<\/tbody>\n<\/table>","protected":false},"excerpt":{"rendered":"<p>Mission au Centre Zohour, \u00c9cole Sp\u00e9cialis\u00e9e pour Enfants D\u00e9ficients Auditifs. 185 enfants appareill\u00e9s, 250 appareils auditifs adapt\u00e9s et 250 embouts sur mesure fabriqu\u00e9s sur place. Merci \u00e0 tous ! Mission r\u00e9ussie avec une \u00e9quipe de 10 personnes : Jean-Marie Gouin, ORL Isabelle Cornuau, Catherine Courtet, Karim Tounzi et Christine Bourger, audioproth\u00e9sistes Georges Ormancey, \u00e9tudiant en audioproth\u00e8se Chlo\u00e9 Richaud et Virginie<\/p>\n","protected":false},"author":2,"featured_media":0,"parent":0,"menu_order":0,"comment_status":"closed","ping_status":"closed","template":"","meta":{"footnotes":""},"acf":[],"yoast_head":"<!-- This site is optimized with the Yoast SEO plugin v21.9.1 - https:\/\/yoast.com\/wordpress\/plugins\/seo\/ -->\n<title>Mission humanitaire Maroc - Agadir mai 2012 - AuditionSolidarit\u00e9<\/title>\n<meta name=\"robots\" content=\"index, follow, max-snippet:-1, max-image-preview:large, max-video-preview:-1\" \/>\n<link rel=\"canonical\" href=\"https:\/\/www.auditionsolidarite.org\/fr\/mission-humanitaire-maroc-agadir-mai-2012\/\" \/>\n<meta property=\"og:locale\" content=\"fr_FR\" \/>\n<meta property=\"og:type\" content=\"article\" \/>\n<meta property=\"og:title\" content=\"Mission humanitaire Maroc - Agadir mai 2012 - AuditionSolidarit\u00e9\" \/>\n<meta property=\"og:description\" content=\"Mission au Centre Zohour, \u00c9cole Sp\u00e9cialis\u00e9e pour Enfants D\u00e9ficients Auditifs. 185 enfants appareill\u00e9s, 250 appareils auditifs adapt\u00e9s et 250 embouts sur mesure fabriqu\u00e9s sur place. Merci \u00e0 tous ! Mission r\u00e9ussie avec une \u00e9quipe de 10 personnes : Jean-Marie Gouin, ORL Isabelle Cornuau, Catherine Courtet, Karim Tounzi et Christine Bourger, audioproth\u00e9sistes Georges Ormancey, \u00e9tudiant en audioproth\u00e8se Chlo\u00e9 Richaud et Virginie\" \/>\n<meta property=\"og:url\" content=\"https:\/\/www.auditionsolidarite.org\/fr\/mission-humanitaire-maroc-agadir-mai-2012\/\" \/>\n<meta property=\"og:site_name\" content=\"AuditionSolidarit\u00e9\" \/>\n<meta property=\"article:modified_time\" content=\"2015-12-23T09:36:34+00:00\" \/>\n<meta property=\"og:image\" content=\"https:\/\/www.auditionsolidarite.org\/wp-content\/uploads\/2015\/07\/logo-audition-solidarite-e1446132259721.png\" \/>\n\t<meta property=\"og:image:width\" content=\"600\" \/>\n\t<meta property=\"og:image:height\" content=\"593\" \/>\n\t<meta property=\"og:image:type\" content=\"image\/png\" \/>\n<meta name=\"twitter:card\" content=\"summary_large_image\" \/>\n<meta name=\"twitter:label1\" content=\"Dur\u00e9e de lecture estim\u00e9e\" \/>\n\t<meta name=\"twitter:data1\" content=\"1 minute\" \/>\n<script type=\"application\/ld+json\" class=\"yoast-schema-graph\">{\"@context\":\"https:\/\/schema.org\",\"@graph\":[{\"@type\":\"WebPage\",\"@id\":\"https:\/\/www.auditionsolidarite.org\/fr\/mission-humanitaire-maroc-agadir-mai-2012\/\",\"url\":\"https:\/\/www.auditionsolidarite.org\/fr\/mission-humanitaire-maroc-agadir-mai-2012\/\",\"name\":\"Mission humanitaire Maroc - Agadir mai 2012 - AuditionSolidarit\u00e9\",\"isPartOf\":{\"@id\":\"https:\/\/www.auditionsolidarite.org\/fr\/#website\"},\"datePublished\":\"2015-09-21T12:41:13+00:00\",\"dateModified\":\"2015-12-23T09:36:34+00:00\",\"breadcrumb\":{\"@id\":\"https:\/\/www.auditionsolidarite.org\/fr\/mission-humanitaire-maroc-agadir-mai-2012\/#breadcrumb\"},\"inLanguage\":\"fr-FR\",\"potentialAction\":[{\"@type\":\"ReadAction\",\"target\":[[\"https:\/\/www.auditionsolidarite.org\/fr\/mission-humanitaire-maroc-agadir-mai-2012\/\"]]}]},{\"@type\":\"BreadcrumbList\",\"@id\":\"https:\/\/www.auditionsolidarite.org\/fr\/mission-humanitaire-maroc-agadir-mai-2012\/#breadcrumb\",\"itemListElement\":[{\"@type\":\"ListItem\",\"position\":1,\"name\":\"Accueil\",\"item\":\"https:\/\/www.auditionsolidarite.org\/fr\/\"},{\"@type\":\"ListItem\",\"position\":2,\"name\":\"Mission humanitaire Maroc &#8211; Agadir mai 2012\"}]},{\"@type\":\"WebSite\",\"@id\":\"https:\/\/www.auditionsolidarite.org\/fr\/#website\",\"url\":\"https:\/\/www.auditionsolidarite.org\/fr\/\",\"name\":\"AuditionSolidarit\u00e9\",\"description\":\"Le hasard n&#039;existe pas ! Si vous \u00eates l\u00e0 aujourd&#039;hui, c&#039;est que le monde de l&#039;audition vous touche... Alors merci d&#039;\u00eatre l\u00e0 !\",\"publisher\":{\"@id\":\"https:\/\/www.auditionsolidarite.org\/fr\/#organization\"},\"potentialAction\":[{\"@type\":\"SearchAction\",\"target\":{\"@type\":\"EntryPoint\",\"urlTemplate\":\"https:\/\/www.auditionsolidarite.org\/fr\/?s={search_term_string}\"},\"query-input\":\"required name=search_term_string\"}],\"inLanguage\":\"fr-FR\"},{\"@type\":\"Organization\",\"@id\":\"https:\/\/www.auditionsolidarite.org\/fr\/#organization\",\"name\":\"AuditionSolidarit\u00e9\",\"url\":\"https:\/\/www.auditionsolidarite.org\/fr\/\",\"logo\":{\"@type\":\"ImageObject\",\"inLanguage\":\"fr-FR\",\"@id\":\"https:\/\/www.auditionsolidarite.org\/fr\/#\/schema\/logo\/image\/\",\"url\":\"https:\/\/www.auditionsolidarite.org\/wp-content\/uploads\/2015\/07\/logo-audition-solidarite-e1446132259721.png\",\"contentUrl\":\"https:\/\/www.auditionsolidarite.org\/wp-content\/uploads\/2015\/07\/logo-audition-solidarite-e1446132259721.png\",\"width\":600,\"height\":593,\"caption\":\"AuditionSolidarit\u00e9\"},\"image\":{\"@id\":\"https:\/\/www.auditionsolidarite.org\/fr\/#\/schema\/logo\/image\/\"}}]}<\/script>\n<!-- \/ Yoast SEO plugin. -->","yoast_head_json":{"title":"Mission humanitaire Maroc - Agadir mai 2012 - AuditionSolidarit\u00e9","robots":{"index":"index","follow":"follow","max-snippet":"max-snippet:-1","max-image-preview":"max-image-preview:large","max-video-preview":"max-video-preview:-1"},"canonical":"https:\/\/www.auditionsolidarite.org\/fr\/mission-humanitaire-maroc-agadir-mai-2012\/","og_locale":"fr_FR","og_type":"article","og_title":"Mission humanitaire Maroc - Agadir mai 2012 - AuditionSolidarit\u00e9","og_description":"Mission au Centre Zohour, \u00c9cole Sp\u00e9cialis\u00e9e pour Enfants D\u00e9ficients Auditifs. 185 enfants appareill\u00e9s, 250 appareils auditifs adapt\u00e9s et 250 embouts sur mesure fabriqu\u00e9s sur place. Merci \u00e0 tous ! Mission r\u00e9ussie avec une \u00e9quipe de 10 personnes : Jean-Marie Gouin, ORL Isabelle Cornuau, Catherine Courtet, Karim Tounzi et Christine Bourger, audioproth\u00e9sistes Georges Ormancey, \u00e9tudiant en audioproth\u00e8se Chlo\u00e9 Richaud et Virginie","og_url":"https:\/\/www.auditionsolidarite.org\/fr\/mission-humanitaire-maroc-agadir-mai-2012\/","og_site_name":"AuditionSolidarit\u00e9","article_modified_time":"2015-12-23T09:36:34+00:00","og_image":[{"width":600,"height":593,"url":"https:\/\/www.auditionsolidarite.org\/wp-content\/uploads\/2015\/07\/logo-audition-solidarite-e1446132259721.png","type":"image\/png"}],"twitter_card":"summary_large_image","twitter_misc":{"Dur\u00e9e de lecture estim\u00e9e":"1 minute"},"schema":{"@context":"https:\/\/schema.org","@graph":[{"@type":"WebPage","@id":"https:\/\/www.auditionsolidarite.org\/fr\/mission-humanitaire-maroc-agadir-mai-2012\/","url":"https:\/\/www.auditionsolidarite.org\/fr\/mission-humanitaire-maroc-agadir-mai-2012\/","name":"Mission humanitaire Maroc - Agadir mai 2012 - AuditionSolidarit\u00e9","isPartOf":{"@id":"https:\/\/www.auditionsolidarite.org\/fr\/#website"},"datePublished":"2015-09-21T12:41:13+00:00","dateModified":"2015-12-23T09:36:34+00:00","breadcrumb":{"@id":"https:\/\/www.auditionsolidarite.org\/fr\/mission-humanitaire-maroc-agadir-mai-2012\/#breadcrumb"},"inLanguage":"fr-FR","potentialAction":[{"@type":"ReadAction","target":[["https:\/\/www.auditionsolidarite.org\/fr\/mission-humanitaire-maroc-agadir-mai-2012\/"]]}]},{"@type":"BreadcrumbList","@id":"https:\/\/www.auditionsolidarite.org\/fr\/mission-humanitaire-maroc-agadir-mai-2012\/#breadcrumb","itemListElement":[{"@type":"ListItem","position":1,"name":"Accueil","item":"https:\/\/www.auditionsolidarite.org\/fr\/"},{"@type":"ListItem","position":2,"name":"Mission humanitaire Maroc &#8211; Agadir mai 2012"}]},{"@type":"WebSite","@id":"https:\/\/www.auditionsolidarite.org\/fr\/#website","url":"https:\/\/www.auditionsolidarite.org\/fr\/","name":"AuditionSolidarit\u00e9","description":"Le hasard n&#039;existe pas ! Si vous \u00eates l\u00e0 aujourd&#039;hui, c&#039;est que le monde de l&#039;audition vous touche... Alors merci d&#039;\u00eatre l\u00e0 !","publisher":{"@id":"https:\/\/www.auditionsolidarite.org\/fr\/#organization"},"potentialAction":[{"@type":"SearchAction","target":{"@type":"EntryPoint","urlTemplate":"https:\/\/www.auditionsolidarite.org\/fr\/?s={search_term_string}"},"query-input":"required name=search_term_string"}],"inLanguage":"fr-FR"},{"@type":"Organization","@id":"https:\/\/www.auditionsolidarite.org\/fr\/#organization","name":"AuditionSolidarit\u00e9","url":"https:\/\/www.auditionsolidarite.org\/fr\/","logo":{"@type":"ImageObject","inLanguage":"fr-FR","@id":"https:\/\/www.auditionsolidarite.org\/fr\/#\/schema\/logo\/image\/","url":"https:\/\/www.auditionsolidarite.org\/wp-content\/uploads\/2015\/07\/logo-audition-solidarite-e1446132259721.png","contentUrl":"https:\/\/www.auditionsolidarite.org\/wp-content\/uploads\/2015\/07\/logo-audition-solidarite-e1446132259721.png","width":600,"height":593,"caption":"AuditionSolidarit\u00e9"},"image":{"@id":"https:\/\/www.auditionsolidarite.org\/fr\/#\/schema\/logo\/image\/"}}]}},"_links":{"self":[{"href":"https:\/\/www.auditionsolidarite.org\/fr\/wp-json\/wp\/v2\/pages\/3312"}],"collection":[{"href":"https:\/\/www.auditionsolidarite.org\/fr\/wp-json\/wp\/v2\/pages"}],"about":[{"href":"https:\/\/www.auditionsolidarite.org\/fr\/wp-json\/wp\/v2\/types\/page"}],"author":[{"embeddable":true,"href":"https:\/\/www.auditionsolidarite.org\/fr\/wp-json\/wp\/v2\/users\/2"}],"replies":[{"embeddable":true,"href":"https:\/\/www.auditionsolidarite.org\/fr\/wp-json\/wp\/v2\/comments?post=3312"}],"version-history":[{"count":3,"href":"https:\/\/www.auditionsolidarite.org\/fr\/wp-json\/wp\/v2\/pages\/3312\/revisions"}],"predecessor-version":[{"id":4477,"href":"https:\/\/www.auditionsolidarite.org\/fr\/wp-json\/wp\/v2\/pages\/3312\/revisions\/4477"}],"wp:attachment":[{"href":"https:\/\/www.auditionsolidarite.org\/fr\/wp-json\/wp\/v2\/media?parent=3312"}],"curies":[{"name":"wp","href":"https:\/\/api.w.org\/{rel}","templated":true}]}}