{"id":3286,"date":"2015-09-18T13:30:57","date_gmt":"2015-09-18T12:30:57","guid":{"rendered":"http:\/\/demo.auditionsolidarite.org\/?page_id=3286"},"modified":"2015-09-18T13:36:54","modified_gmt":"2015-09-18T12:36:54","slug":"mission-humanitaire-maroc-agadir-juin-2013","status":"publish","type":"page","link":"https:\/\/www.auditionsolidarite.org\/fr\/mission-humanitaire-maroc-agadir-juin-2013\/","title":{"rendered":"Mission Humanitaire Maroc &#8211; Agadir Juin 2013"},"content":{"rendered":"<h6>Retour pour la seconde ann\u00e9e au Centre Zohour, une \u00e9cole d&#8217;enfants sourds et malentendants.<\/h6>\n<p>214 enfants vus dont 134 enfants appareill\u00e9s et 80 contr\u00f4les<br \/>\n169 appareils adapt\u00e9s et plus de 180 embouts sur mesure fabriqu\u00e9s sur place.<\/p>\n<p>Mission g\u00e9niale !<b><br \/>\n<\/b><b><br \/>\n<\/b><\/p>\n<p>Merci aux audioproth\u00e9sistes Val\u00e9rie Gerberon, Sophie Belot, Nicolas Lauberton, J\u00e9r\u00f4me Jilliot et Christine Bourger<br \/>\nMerci aux orthophonistes Claire Barilly et Clotilde Faure<br \/>\nMerci \u00e0 Alain Lesouef pour le laboratoire d&#8217;embouts<br \/>\nMerci \u00e0 Thomas Justal, \u00e9tudiant en audioproth\u00e8se<br \/>\nMerci \u00e0 Pascal Graff, directeur Bernafon<br \/>\nMerci \u00e0 Odile et \u00e0 Carole pour la logistique<br \/>\nMerci \u00e0 l&#8217;\u00e9quipe marocaine pour son implication, son accueil et sa gentillesse !<b><br \/>\n<\/b><b><br \/>\n<\/b><\/p>\n<p style=\"text-align: center;\"><strong>Vid\u00e9o de la mission<\/strong><\/p>\n<div class=\"ytp-copytext ytp-no-contextmenu\" tabindex=\"1\">\n<div class=\"ytp-copytext ytp-no-contextmenu\" style=\"text-align: center;\" tabindex=\"1\"><iframe loading=\"lazy\" src=\"https:\/\/www.youtube.com\/embed\/Sq99qCef4Zk\" width=\"515\" height=\"386\" frameborder=\"0\" allowfullscreen=\"allowfullscreen\"><\/iframe><\/div>\n<\/div>\n<div class=\"ytp-copytext ytp-no-contextmenu\" style=\"text-align: center;\" tabindex=\"1\">\u00a0<b><br \/>\n<\/b><\/div>\n<div class=\"ytp-copytext ytp-no-contextmenu\" style=\"text-align: center;\" tabindex=\"1\"><strong> Interviews post-mission<\/strong><\/div>\n<div class=\"ytp-copytext ytp-no-contextmenu\" tabindex=\"1\">\n<table>\n<tbody>\n<tr>\n<td style=\"text-align: center; vertical-align: middle;\">\n<div class=\"ytp-copytext ytp-no-contextmenu\" tabindex=\"1\"><strong>Val\u00e9rie Gerbero, audioproth\u00e9siste<\/strong><\/div>\n<div class=\"ytp-copytext ytp-no-contextmenu\" tabindex=\"1\"><iframe loading=\"lazy\" src=\"https:\/\/www.youtube.com\/embed\/Tkz2No5YG3U\" width=\"260\" height=\"170\" frameborder=\"0\" allowfullscreen=\"allowfullscreen\"><\/iframe><\/div>\n<\/td>\n<td style=\"text-align: center; vertical-align: middle;\">\n<div class=\"ytp-copytext ytp-no-contextmenu\" tabindex=\"1\"><strong>Nicolas Lauberton, audioproth\u00e9siste<\/strong><\/div>\n<div class=\"ytp-copytext ytp-no-contextmenu\" tabindex=\"1\"><iframe loading=\"lazy\" src=\"https:\/\/www.youtube.com\/embed\/W-59gF6A3N4\" width=\"260\" height=\"170\" frameborder=\"0\" allowfullscreen=\"allowfullscreen\"><\/iframe><\/div>\n<\/td>\n<td style=\"text-align: center; vertical-align: middle;\">\n<div class=\"ytp-copytext ytp-no-contextmenu\" tabindex=\"1\"><strong>Claire Barilly, orthophoniste<\/strong><\/div>\n<div class=\"ytp-copytext ytp-no-contextmenu\" tabindex=\"1\"><iframe loading=\"lazy\" src=\"https:\/\/www.youtube.com\/embed\/DDJ3ISE1j68\" width=\"260\" height=\"170\" frameborder=\"0\" allowfullscreen=\"allowfullscreen\"><\/iframe><\/div>\n<\/td>\n<\/tr>\n<tr>\n<td style=\"text-align: center; vertical-align: middle;\">\n<div class=\"ytp-copytext ytp-no-contextmenu\" tabindex=\"1\"><strong><b><br \/>\n<\/b>Alain Lesouef, fabricant d&#8217;embouts<\/strong><\/div>\n<div class=\"ytp-copytext ytp-no-contextmenu\" tabindex=\"1\"><iframe loading=\"lazy\" src=\"https:\/\/www.youtube.com\/embed\/0DHg1TFlaCE\" width=\"260\" height=\"170\" frameborder=\"0\" allowfullscreen=\"allowfullscreen\"><\/iframe><\/div>\n<\/td>\n<td style=\"text-align: center; vertical-align: middle;\">\n<div class=\"ytp-copytext ytp-no-contextmenu\" tabindex=\"1\"><strong><b><br \/>\n<\/b>Sophie Belot, audioproth\u00e9siste<\/strong><\/div>\n<div class=\"ytp-copytext ytp-no-contextmenu\" tabindex=\"1\"><iframe loading=\"lazy\" src=\"https:\/\/www.youtube.com\/embed\/eZjXLTNoyA4\" width=\"260\" height=\"170\" frameborder=\"0\" allowfullscreen=\"allowfullscreen\"><\/iframe><\/div>\n<\/td>\n<td style=\"text-align: center; vertical-align: middle;\">\n<div class=\"ytp-copytext ytp-no-contextmenu\" tabindex=\"1\"><strong><b><br \/>\n<\/b>Pascal Graff, secr\u00e9tariat<\/strong><\/div>\n<div class=\"ytp-copytext ytp-no-contextmenu\" tabindex=\"1\"><iframe loading=\"lazy\" src=\"https:\/\/www.youtube.com\/embed\/7NoOQLqrsvE\" width=\"260\" height=\"170\" frameborder=\"0\" allowfullscreen=\"allowfullscreen\"><\/iframe><\/div>\n<\/td>\n<\/tr>\n<tr>\n<td style=\"text-align: center; vertical-align: middle;\">\n<div class=\"ytp-copytext ytp-no-contextmenu\" tabindex=\"1\"><strong> <b><br \/>\n<\/b>Clotilde Faure, orthophoniste<\/strong><\/div>\n<div class=\"ytp-copytext ytp-no-contextmenu\" tabindex=\"1\"><iframe loading=\"lazy\" src=\"https:\/\/www.youtube.com\/embed\/8gfQ4eaHKEk\" width=\"260\" height=\"170\" frameborder=\"0\" allowfullscreen=\"allowfullscreen\"><\/iframe><\/div>\n<\/td>\n<td style=\"text-align: center; vertical-align: middle;\">\n<div class=\"ytp-copytext ytp-no-contextmenu\" tabindex=\"1\"><strong><b><br \/>\n<\/b>J\u00e9r\u00f4me Jilliot, audioproth\u00e9siste<\/strong><\/div>\n<div class=\"ytp-copytext ytp-no-contextmenu\" tabindex=\"1\"><iframe loading=\"lazy\" src=\"https:\/\/www.youtube.com\/embed\/mPz84smz0PQ\" width=\"260\" height=\"170\" frameborder=\"0\" allowfullscreen=\"allowfullscreen\"><\/iframe><\/div>\n<\/td>\n<td style=\"text-align: center; vertical-align: middle;\">\n<div class=\"ytp-copytext ytp-no-contextmenu\" tabindex=\"1\"><strong> <b><br \/>\n<\/b>Thomas justal, \u00e9tudiant en audioproth\u00e9se<br \/>\n<\/strong><\/div>\n<div class=\"ytp-copytext ytp-no-contextmenu\" tabindex=\"1\"><iframe loading=\"lazy\" src=\"https:\/\/www.youtube.com\/embed\/l6TQCJAu7tY\" width=\"260\" height=\"170\" frameborder=\"0\" allowfullscreen=\"allowfullscreen\"><\/iframe><\/div>\n<\/td>\n<\/tr>\n<\/tbody>\n<\/table>\n<\/div>","protected":false},"excerpt":{"rendered":"<p>Retour pour la seconde ann\u00e9e au Centre Zohour, une \u00e9cole d&#8217;enfants sourds et malentendants. 214 enfants vus dont 134 enfants appareill\u00e9s et 80 contr\u00f4les 169 appareils adapt\u00e9s et plus de 180 embouts sur mesure fabriqu\u00e9s sur place. Mission g\u00e9niale ! Merci aux audioproth\u00e9sistes Val\u00e9rie Gerberon, Sophie Belot, Nicolas Lauberton, J\u00e9r\u00f4me Jilliot et Christine Bourger Merci aux orthophonistes Claire Barilly et<\/p>\n","protected":false},"author":2,"featured_media":0,"parent":0,"menu_order":0,"comment_status":"closed","ping_status":"closed","template":"","meta":{"footnotes":""},"acf":[],"yoast_head":"<!-- This site is optimized with the Yoast SEO plugin v21.9.1 - https:\/\/yoast.com\/wordpress\/plugins\/seo\/ -->\n<title>Mission Humanitaire Maroc - Agadir Juin 2013 - AuditionSolidarit\u00e9<\/title>\n<meta name=\"robots\" content=\"index, follow, max-snippet:-1, max-image-preview:large, max-video-preview:-1\" \/>\n<link rel=\"canonical\" href=\"https:\/\/www.auditionsolidarite.org\/fr\/mission-humanitaire-maroc-agadir-juin-2013\/\" \/>\n<meta property=\"og:locale\" content=\"fr_FR\" \/>\n<meta property=\"og:type\" content=\"article\" \/>\n<meta property=\"og:title\" content=\"Mission Humanitaire Maroc - Agadir Juin 2013 - AuditionSolidarit\u00e9\" \/>\n<meta property=\"og:description\" content=\"Retour pour la seconde ann\u00e9e au Centre Zohour, une \u00e9cole d&#8217;enfants sourds et malentendants. 214 enfants vus dont 134 enfants appareill\u00e9s et 80 contr\u00f4les 169 appareils adapt\u00e9s et plus de 180 embouts sur mesure fabriqu\u00e9s sur place. Mission g\u00e9niale ! Merci aux audioproth\u00e9sistes Val\u00e9rie Gerberon, Sophie Belot, Nicolas Lauberton, J\u00e9r\u00f4me Jilliot et Christine Bourger Merci aux orthophonistes Claire Barilly et\" \/>\n<meta property=\"og:url\" content=\"https:\/\/www.auditionsolidarite.org\/fr\/mission-humanitaire-maroc-agadir-juin-2013\/\" \/>\n<meta property=\"og:site_name\" content=\"AuditionSolidarit\u00e9\" \/>\n<meta property=\"article:modified_time\" content=\"2015-09-18T12:36:54+00:00\" \/>\n<meta property=\"og:image\" content=\"https:\/\/www.auditionsolidarite.org\/wp-content\/uploads\/2015\/07\/logo-audition-solidarite-e1446132259721.png\" \/>\n\t<meta property=\"og:image:width\" content=\"600\" \/>\n\t<meta property=\"og:image:height\" content=\"593\" \/>\n\t<meta property=\"og:image:type\" content=\"image\/png\" \/>\n<meta name=\"twitter:card\" content=\"summary_large_image\" \/>\n<meta name=\"twitter:label1\" content=\"Dur\u00e9e de lecture estim\u00e9e\" \/>\n\t<meta name=\"twitter:data1\" content=\"1 minute\" \/>\n<script type=\"application\/ld+json\" class=\"yoast-schema-graph\">{\"@context\":\"https:\/\/schema.org\",\"@graph\":[{\"@type\":\"WebPage\",\"@id\":\"https:\/\/www.auditionsolidarite.org\/fr\/mission-humanitaire-maroc-agadir-juin-2013\/\",\"url\":\"https:\/\/www.auditionsolidarite.org\/fr\/mission-humanitaire-maroc-agadir-juin-2013\/\",\"name\":\"Mission Humanitaire Maroc - Agadir Juin 2013 - AuditionSolidarit\u00e9\",\"isPartOf\":{\"@id\":\"https:\/\/www.auditionsolidarite.org\/fr\/#website\"},\"datePublished\":\"2015-09-18T12:30:57+00:00\",\"dateModified\":\"2015-09-18T12:36:54+00:00\",\"breadcrumb\":{\"@id\":\"https:\/\/www.auditionsolidarite.org\/fr\/mission-humanitaire-maroc-agadir-juin-2013\/#breadcrumb\"},\"inLanguage\":\"fr-FR\",\"potentialAction\":[{\"@type\":\"ReadAction\",\"target\":[[\"https:\/\/www.auditionsolidarite.org\/fr\/mission-humanitaire-maroc-agadir-juin-2013\/\"]]}]},{\"@type\":\"BreadcrumbList\",\"@id\":\"https:\/\/www.auditionsolidarite.org\/fr\/mission-humanitaire-maroc-agadir-juin-2013\/#breadcrumb\",\"itemListElement\":[{\"@type\":\"ListItem\",\"position\":1,\"name\":\"Accueil\",\"item\":\"https:\/\/www.auditionsolidarite.org\/fr\/\"},{\"@type\":\"ListItem\",\"position\":2,\"name\":\"Mission Humanitaire Maroc &#8211; Agadir Juin 2013\"}]},{\"@type\":\"WebSite\",\"@id\":\"https:\/\/www.auditionsolidarite.org\/fr\/#website\",\"url\":\"https:\/\/www.auditionsolidarite.org\/fr\/\",\"name\":\"AuditionSolidarit\u00e9\",\"description\":\"Le hasard n&#039;existe pas ! Si vous \u00eates l\u00e0 aujourd&#039;hui, c&#039;est que le monde de l&#039;audition vous touche... Alors merci d&#039;\u00eatre l\u00e0 !\",\"publisher\":{\"@id\":\"https:\/\/www.auditionsolidarite.org\/fr\/#organization\"},\"potentialAction\":[{\"@type\":\"SearchAction\",\"target\":{\"@type\":\"EntryPoint\",\"urlTemplate\":\"https:\/\/www.auditionsolidarite.org\/fr\/?s={search_term_string}\"},\"query-input\":\"required name=search_term_string\"}],\"inLanguage\":\"fr-FR\"},{\"@type\":\"Organization\",\"@id\":\"https:\/\/www.auditionsolidarite.org\/fr\/#organization\",\"name\":\"AuditionSolidarit\u00e9\",\"url\":\"https:\/\/www.auditionsolidarite.org\/fr\/\",\"logo\":{\"@type\":\"ImageObject\",\"inLanguage\":\"fr-FR\",\"@id\":\"https:\/\/www.auditionsolidarite.org\/fr\/#\/schema\/logo\/image\/\",\"url\":\"https:\/\/www.auditionsolidarite.org\/wp-content\/uploads\/2015\/07\/logo-audition-solidarite-e1446132259721.png\",\"contentUrl\":\"https:\/\/www.auditionsolidarite.org\/wp-content\/uploads\/2015\/07\/logo-audition-solidarite-e1446132259721.png\",\"width\":600,\"height\":593,\"caption\":\"AuditionSolidarit\u00e9\"},\"image\":{\"@id\":\"https:\/\/www.auditionsolidarite.org\/fr\/#\/schema\/logo\/image\/\"}}]}<\/script>\n<!-- \/ Yoast SEO plugin. -->","yoast_head_json":{"title":"Mission Humanitaire Maroc - Agadir Juin 2013 - AuditionSolidarit\u00e9","robots":{"index":"index","follow":"follow","max-snippet":"max-snippet:-1","max-image-preview":"max-image-preview:large","max-video-preview":"max-video-preview:-1"},"canonical":"https:\/\/www.auditionsolidarite.org\/fr\/mission-humanitaire-maroc-agadir-juin-2013\/","og_locale":"fr_FR","og_type":"article","og_title":"Mission Humanitaire Maroc - Agadir Juin 2013 - AuditionSolidarit\u00e9","og_description":"Retour pour la seconde ann\u00e9e au Centre Zohour, une \u00e9cole d&#8217;enfants sourds et malentendants. 214 enfants vus dont 134 enfants appareill\u00e9s et 80 contr\u00f4les 169 appareils adapt\u00e9s et plus de 180 embouts sur mesure fabriqu\u00e9s sur place. Mission g\u00e9niale ! Merci aux audioproth\u00e9sistes Val\u00e9rie Gerberon, Sophie Belot, Nicolas Lauberton, J\u00e9r\u00f4me Jilliot et Christine Bourger Merci aux orthophonistes Claire Barilly et","og_url":"https:\/\/www.auditionsolidarite.org\/fr\/mission-humanitaire-maroc-agadir-juin-2013\/","og_site_name":"AuditionSolidarit\u00e9","article_modified_time":"2015-09-18T12:36:54+00:00","og_image":[{"width":600,"height":593,"url":"https:\/\/www.auditionsolidarite.org\/wp-content\/uploads\/2015\/07\/logo-audition-solidarite-e1446132259721.png","type":"image\/png"}],"twitter_card":"summary_large_image","twitter_misc":{"Dur\u00e9e de lecture estim\u00e9e":"1 minute"},"schema":{"@context":"https:\/\/schema.org","@graph":[{"@type":"WebPage","@id":"https:\/\/www.auditionsolidarite.org\/fr\/mission-humanitaire-maroc-agadir-juin-2013\/","url":"https:\/\/www.auditionsolidarite.org\/fr\/mission-humanitaire-maroc-agadir-juin-2013\/","name":"Mission Humanitaire Maroc - Agadir Juin 2013 - AuditionSolidarit\u00e9","isPartOf":{"@id":"https:\/\/www.auditionsolidarite.org\/fr\/#website"},"datePublished":"2015-09-18T12:30:57+00:00","dateModified":"2015-09-18T12:36:54+00:00","breadcrumb":{"@id":"https:\/\/www.auditionsolidarite.org\/fr\/mission-humanitaire-maroc-agadir-juin-2013\/#breadcrumb"},"inLanguage":"fr-FR","potentialAction":[{"@type":"ReadAction","target":[["https:\/\/www.auditionsolidarite.org\/fr\/mission-humanitaire-maroc-agadir-juin-2013\/"]]}]},{"@type":"BreadcrumbList","@id":"https:\/\/www.auditionsolidarite.org\/fr\/mission-humanitaire-maroc-agadir-juin-2013\/#breadcrumb","itemListElement":[{"@type":"ListItem","position":1,"name":"Accueil","item":"https:\/\/www.auditionsolidarite.org\/fr\/"},{"@type":"ListItem","position":2,"name":"Mission Humanitaire Maroc &#8211; Agadir Juin 2013"}]},{"@type":"WebSite","@id":"https:\/\/www.auditionsolidarite.org\/fr\/#website","url":"https:\/\/www.auditionsolidarite.org\/fr\/","name":"AuditionSolidarit\u00e9","description":"Le hasard n&#039;existe pas ! Si vous \u00eates l\u00e0 aujourd&#039;hui, c&#039;est que le monde de l&#039;audition vous touche... Alors merci d&#039;\u00eatre l\u00e0 !","publisher":{"@id":"https:\/\/www.auditionsolidarite.org\/fr\/#organization"},"potentialAction":[{"@type":"SearchAction","target":{"@type":"EntryPoint","urlTemplate":"https:\/\/www.auditionsolidarite.org\/fr\/?s={search_term_string}"},"query-input":"required name=search_term_string"}],"inLanguage":"fr-FR"},{"@type":"Organization","@id":"https:\/\/www.auditionsolidarite.org\/fr\/#organization","name":"AuditionSolidarit\u00e9","url":"https:\/\/www.auditionsolidarite.org\/fr\/","logo":{"@type":"ImageObject","inLanguage":"fr-FR","@id":"https:\/\/www.auditionsolidarite.org\/fr\/#\/schema\/logo\/image\/","url":"https:\/\/www.auditionsolidarite.org\/wp-content\/uploads\/2015\/07\/logo-audition-solidarite-e1446132259721.png","contentUrl":"https:\/\/www.auditionsolidarite.org\/wp-content\/uploads\/2015\/07\/logo-audition-solidarite-e1446132259721.png","width":600,"height":593,"caption":"AuditionSolidarit\u00e9"},"image":{"@id":"https:\/\/www.auditionsolidarite.org\/fr\/#\/schema\/logo\/image\/"}}]}},"_links":{"self":[{"href":"https:\/\/www.auditionsolidarite.org\/fr\/wp-json\/wp\/v2\/pages\/3286"}],"collection":[{"href":"https:\/\/www.auditionsolidarite.org\/fr\/wp-json\/wp\/v2\/pages"}],"about":[{"href":"https:\/\/www.auditionsolidarite.org\/fr\/wp-json\/wp\/v2\/types\/page"}],"author":[{"embeddable":true,"href":"https:\/\/www.auditionsolidarite.org\/fr\/wp-json\/wp\/v2\/users\/2"}],"replies":[{"embeddable":true,"href":"https:\/\/www.auditionsolidarite.org\/fr\/wp-json\/wp\/v2\/comments?post=3286"}],"version-history":[{"count":3,"href":"https:\/\/www.auditionsolidarite.org\/fr\/wp-json\/wp\/v2\/pages\/3286\/revisions"}],"predecessor-version":[{"id":3292,"href":"https:\/\/www.auditionsolidarite.org\/fr\/wp-json\/wp\/v2\/pages\/3286\/revisions\/3292"}],"wp:attachment":[{"href":"https:\/\/www.auditionsolidarite.org\/fr\/wp-json\/wp\/v2\/media?parent=3286"}],"curies":[{"name":"wp","href":"https:\/\/api.w.org\/{rel}","templated":true}]}}