{"id":3098,"date":"2015-09-14T14:24:09","date_gmt":"2015-09-14T13:24:09","guid":{"rendered":"http:\/\/demo.auditionsolidarite.org\/?page_id=3098"},"modified":"2015-09-14T14:27:20","modified_gmt":"2015-09-14T13:27:20","slug":"mission-humanitaire-en-guinee-conakry-mars-2014","status":"publish","type":"page","link":"https:\/\/www.auditionsolidarite.org\/fr\/mission-humanitaire-en-guinee-conakry-mars-2014\/","title":{"rendered":"Mission Humanitaire en Guin\u00e9e &#8211; Conakry Mars 2014"},"content":{"rendered":"<h6>Mission humanitaire en Guin\u00e9e &#8211; Conakry Mars 2014<b><br \/>\n<\/b><b><br \/>\n<\/b><\/h6>\n<p>Dans la seule \u00e9cole d&#8217;enfants sourds et malentendants de Guin\u00e9e, l&#8217;\u00e9cole Boulbinet, 174 enfants ont \u00e9t\u00e9 vus, 227 appareils auditifs ont \u00e9t\u00e9 adapt\u00e9s et donc 227 embouts sur mesure fabriqu\u00e9s sur place.<b><br \/>\n<\/b><br \/>\nUn laboratoire d&#8217;embouts financ\u00e9 par la Fondation Total a \u00e9t\u00e9 install\u00e9. Nous avons form\u00e9 2 professeurs \u00e0 la fabrication d&#8217;embouts.<b> <\/b><b><br \/>\n<\/b><br \/>\nMerci aux audioproth\u00e9sistes C\u00e9line Peissak, M\u00e9lodie D\u00e9saunay, Julien Foissac,<br \/>\nDenis Beaurepaire et Christine Bourger.<br \/>\nMerci \u00e0 Olivier Ferber \u00e9tudiant en audioproth\u00e8se.<br \/>\nMerci aux orthophonistes Clotilde Faure et Mich\u00e8le Dumay<br \/>\nMerci \u00e0 R\u00e9my Garrel pour le laboratoire d&#8217;embouts<br \/>\nMerci \u00e0 Odile et \u00e0 Carole pour la logistique<br \/>\nMerci \u00e0 Madame la 1\u00e8re Dame de Guin\u00e9e<br \/>\nMerci \u00e0 Mamadou et \u00e0 toute son \u00e9quipe pour leur implication et<br \/>\nmerci \u00e0 tous les enseignants de l&#8217;\u00e9cole.<b><br \/>\n<\/b><b><br \/>\n<\/b><b><br \/>\n<\/b><\/p>\n<p style=\"text-align: center;\"><strong>Vid\u00e9o de la mission<\/strong><\/p>\n<p style=\"text-align: center;\"><iframe loading=\"lazy\" src=\"https:\/\/www.youtube.com\/embed\/kNR3l3cfq9U\" width=\"515\" height=\"386\" frameborder=\"0\" allowfullscreen=\"allowfullscreen\"><\/iframe><\/p>\n<pre class=\"ytp-copytext ytp-no-contextmenu\" style=\"text-align: center;\" tabindex=\"1\"><em>Merci \u00e0 Olivier Decrouille,<\/em>\r\n <em> ambassadeur d'AuditionSolidarit\u00e9 pour la cr\u00e9ation de la musique.<\/em><\/pre>\n<div class=\"ytp-copytext ytp-no-contextmenu\" style=\"text-align: center;\" tabindex=\"1\">\u00a0<b><br \/>\n<\/b><\/div>\n<div class=\"ytp-copytext ytp-no-contextmenu\" style=\"text-align: center;\" tabindex=\"1\">\n<table>\n<tbody>\n<tr>\n<td style=\"text-align: center; vertical-align: middle;\">\n<div class=\"ytp-copytext ytp-no-contextmenu\" tabindex=\"1\"><strong>Mamadou Diallo, Rotaract Club de Paris<\/strong><\/div>\n<div class=\"ytp-copytext ytp-no-contextmenu\" tabindex=\"1\"><iframe loading=\"lazy\" src=\"https:\/\/www.youtube.com\/embed\/BDISzGkouOM\" width=\"260\" height=\"170\" frameborder=\"0\" allowfullscreen=\"allowfullscreen\"><\/iframe><\/div>\n<\/td>\n<td style=\"text-align: center; vertical-align: middle;\">\n<div class=\"ytp-copytext ytp-no-contextmenu\" tabindex=\"1\"><strong>M\u00e9lodie D\u00e9saunay, audioproth\u00e9siste<\/strong><\/div>\n<div class=\"ytp-copytext ytp-no-contextmenu\" tabindex=\"1\"><iframe loading=\"lazy\" src=\"https:\/\/www.youtube.com\/embed\/LNLnykyC00c\" width=\"260\" height=\"170\" frameborder=\"0\" allowfullscreen=\"allowfullscreen\"><\/iframe><\/div>\n<\/td>\n<td style=\"text-align: center; vertical-align: middle;\">\n<div class=\"ytp-copytext ytp-no-contextmenu\" tabindex=\"1\"><strong>C\u00e9line Peissak, audioproth\u00e9siste<\/strong><\/div>\n<div class=\"ytp-copytext ytp-no-contextmenu\" tabindex=\"1\"><iframe loading=\"lazy\" src=\"https:\/\/www.youtube.com\/embed\/cp0SYZHWbD0\" width=\"260\" height=\"170\" frameborder=\"0\" allowfullscreen=\"allowfullscreen\"><\/iframe><\/div>\n<\/td>\n<\/tr>\n<tr>\n<td style=\"text-align: center; vertical-align: middle;\">\n<div class=\"ytp-copytext ytp-no-contextmenu\" tabindex=\"1\"><strong> <b><br \/>\n<\/b>Julien Foissac, audioproth\u00e9siste<\/strong><\/div>\n<div class=\"ytp-copytext ytp-no-contextmenu\" tabindex=\"1\"><iframe loading=\"lazy\" src=\"https:\/\/www.youtube.com\/embed\/v0DP-xr0VS4\" width=\"260\" height=\"170\" frameborder=\"0\" allowfullscreen=\"allowfullscreen\"><\/iframe><\/div>\n<\/td>\n<td style=\"text-align: center; vertical-align: middle;\">\n<div class=\"ytp-copytext ytp-no-contextmenu\" tabindex=\"1\"><strong><b><br \/>\n<\/b>Denis Beaurepaire, audioproth\u00e9siste<\/strong><\/div>\n<div class=\"ytp-copytext ytp-no-contextmenu\" tabindex=\"1\"><iframe loading=\"lazy\" src=\"https:\/\/www.youtube.com\/embed\/EFTCfRzc4JM\" width=\"260\" height=\"170\" frameborder=\"0\" allowfullscreen=\"allowfullscreen\"><\/iframe><\/div>\n<\/td>\n<td style=\"text-align: center; vertical-align: middle;\">\n<div class=\"ytp-copytext ytp-no-contextmenu\" tabindex=\"1\"><strong><b><br \/>\n<\/b>R\u00e9my Garrel, fabricant d&#8217;embouts<\/strong><\/div>\n<div class=\"ytp-copytext ytp-no-contextmenu\" tabindex=\"1\"><iframe loading=\"lazy\" src=\"https:\/\/www.youtube.com\/embed\/Zg1r24el80g\" width=\"260\" height=\"170\" frameborder=\"0\" allowfullscreen=\"allowfullscreen\"><\/iframe><\/div>\n<\/td>\n<\/tr>\n<tr>\n<td style=\"text-align: center; vertical-align: middle;\">\n<div class=\"ytp-copytext ytp-no-contextmenu\" tabindex=\"1\"><strong><b><br \/>\n<\/b>Olivier Ferber, \u00e9tudiant audioproth\u00e9se<\/strong><\/div>\n<div class=\"ytp-copytext ytp-no-contextmenu\" tabindex=\"1\"><iframe loading=\"lazy\" src=\"https:\/\/www.youtube.com\/embed\/0hXxqe4SgbA\" width=\"260\" height=\"170\" frameborder=\"0\" allowfullscreen=\"allowfullscreen\"><\/iframe><\/div>\n<\/td>\n<td style=\"text-align: center; vertical-align: middle;\">\n<div class=\"ytp-copytext ytp-no-contextmenu\" tabindex=\"1\"><strong><b><br \/>\n<\/b>Mich\u00e8le Dumay, orthophoniste<\/strong><\/div>\n<div class=\"ytp-copytext ytp-no-contextmenu\" tabindex=\"1\"><iframe loading=\"lazy\" src=\"https:\/\/www.youtube.com\/embed\/XwLZUnXtm7g\" width=\"260\" height=\"170\" frameborder=\"0\" allowfullscreen=\"allowfullscreen\"><\/iframe><\/div>\n<\/td>\n<td style=\"text-align: center; vertical-align: middle;\">\n<div class=\"ytp-copytext ytp-no-contextmenu\" tabindex=\"1\"><strong><b><br \/>\n<\/b>Clotilde Faure, orthophoniste<\/strong><\/div>\n<div class=\"ytp-copytext ytp-no-contextmenu\" tabindex=\"1\"><iframe loading=\"lazy\" src=\"https:\/\/www.youtube.com\/embed\/f-sSu0SoUtQ\" width=\"260\" height=\"170\" frameborder=\"0\" allowfullscreen=\"allowfullscreen\"><\/iframe><\/div>\n<\/td>\n<\/tr>\n<\/tbody>\n<\/table>\n<\/div>\n<div class=\"ytp-copytext ytp-no-contextmenu\" style=\"text-align: center;\" tabindex=\"1\"><\/div>\n<div class=\"ytp-copytext ytp-no-contextmenu\" style=\"text-align: center;\" tabindex=\"1\"><\/div>","protected":false},"excerpt":{"rendered":"<p>Mission humanitaire en Guin\u00e9e &#8211; Conakry Mars 2014 Dans la seule \u00e9cole d&#8217;enfants sourds et malentendants de Guin\u00e9e, l&#8217;\u00e9cole Boulbinet, 174 enfants ont \u00e9t\u00e9 vus, 227 appareils auditifs ont \u00e9t\u00e9 adapt\u00e9s et donc 227 embouts sur mesure fabriqu\u00e9s sur place. Un laboratoire d&#8217;embouts financ\u00e9 par la Fondation Total a \u00e9t\u00e9 install\u00e9. Nous avons form\u00e9 2 professeurs \u00e0 la fabrication d&#8217;embouts.<\/p>\n","protected":false},"author":2,"featured_media":0,"parent":0,"menu_order":0,"comment_status":"closed","ping_status":"closed","template":"","meta":{"footnotes":""},"acf":[],"yoast_head":"<!-- This site is optimized with the Yoast SEO plugin v21.9.1 - https:\/\/yoast.com\/wordpress\/plugins\/seo\/ -->\n<title>Mission Humanitaire en Guin\u00e9e - Conakry Mars 2014 - AuditionSolidarit\u00e9<\/title>\n<meta name=\"robots\" content=\"index, follow, max-snippet:-1, max-image-preview:large, max-video-preview:-1\" \/>\n<link rel=\"canonical\" href=\"https:\/\/www.auditionsolidarite.org\/fr\/mission-humanitaire-en-guinee-conakry-mars-2014\/\" \/>\n<meta property=\"og:locale\" content=\"fr_FR\" \/>\n<meta property=\"og:type\" content=\"article\" \/>\n<meta property=\"og:title\" content=\"Mission Humanitaire en Guin\u00e9e - Conakry Mars 2014 - AuditionSolidarit\u00e9\" \/>\n<meta property=\"og:description\" content=\"Mission humanitaire en Guin\u00e9e &#8211; Conakry Mars 2014 Dans la seule \u00e9cole d&#8217;enfants sourds et malentendants de Guin\u00e9e, l&#8217;\u00e9cole Boulbinet, 174 enfants ont \u00e9t\u00e9 vus, 227 appareils auditifs ont \u00e9t\u00e9 adapt\u00e9s et donc 227 embouts sur mesure fabriqu\u00e9s sur place. Un laboratoire d&#8217;embouts financ\u00e9 par la Fondation Total a \u00e9t\u00e9 install\u00e9. Nous avons form\u00e9 2 professeurs \u00e0 la fabrication d&#8217;embouts.\" \/>\n<meta property=\"og:url\" content=\"https:\/\/www.auditionsolidarite.org\/fr\/mission-humanitaire-en-guinee-conakry-mars-2014\/\" \/>\n<meta property=\"og:site_name\" content=\"AuditionSolidarit\u00e9\" \/>\n<meta property=\"article:modified_time\" content=\"2015-09-14T13:27:20+00:00\" \/>\n<meta property=\"og:image\" content=\"https:\/\/www.auditionsolidarite.org\/wp-content\/uploads\/2015\/07\/logo-audition-solidarite-e1446132259721.png\" \/>\n\t<meta property=\"og:image:width\" content=\"600\" \/>\n\t<meta property=\"og:image:height\" content=\"593\" \/>\n\t<meta property=\"og:image:type\" content=\"image\/png\" \/>\n<meta name=\"twitter:card\" content=\"summary_large_image\" \/>\n<meta name=\"twitter:label1\" content=\"Dur\u00e9e de lecture estim\u00e9e\" \/>\n\t<meta name=\"twitter:data1\" content=\"1 minute\" \/>\n<script type=\"application\/ld+json\" class=\"yoast-schema-graph\">{\"@context\":\"https:\/\/schema.org\",\"@graph\":[{\"@type\":\"WebPage\",\"@id\":\"https:\/\/www.auditionsolidarite.org\/fr\/mission-humanitaire-en-guinee-conakry-mars-2014\/\",\"url\":\"https:\/\/www.auditionsolidarite.org\/fr\/mission-humanitaire-en-guinee-conakry-mars-2014\/\",\"name\":\"Mission Humanitaire en Guin\u00e9e - Conakry Mars 2014 - AuditionSolidarit\u00e9\",\"isPartOf\":{\"@id\":\"https:\/\/www.auditionsolidarite.org\/fr\/#website\"},\"datePublished\":\"2015-09-14T13:24:09+00:00\",\"dateModified\":\"2015-09-14T13:27:20+00:00\",\"breadcrumb\":{\"@id\":\"https:\/\/www.auditionsolidarite.org\/fr\/mission-humanitaire-en-guinee-conakry-mars-2014\/#breadcrumb\"},\"inLanguage\":\"fr-FR\",\"potentialAction\":[{\"@type\":\"ReadAction\",\"target\":[[\"https:\/\/www.auditionsolidarite.org\/fr\/mission-humanitaire-en-guinee-conakry-mars-2014\/\"]]}]},{\"@type\":\"BreadcrumbList\",\"@id\":\"https:\/\/www.auditionsolidarite.org\/fr\/mission-humanitaire-en-guinee-conakry-mars-2014\/#breadcrumb\",\"itemListElement\":[{\"@type\":\"ListItem\",\"position\":1,\"name\":\"Accueil\",\"item\":\"https:\/\/www.auditionsolidarite.org\/fr\/\"},{\"@type\":\"ListItem\",\"position\":2,\"name\":\"Mission Humanitaire en Guin\u00e9e &#8211; Conakry Mars 2014\"}]},{\"@type\":\"WebSite\",\"@id\":\"https:\/\/www.auditionsolidarite.org\/fr\/#website\",\"url\":\"https:\/\/www.auditionsolidarite.org\/fr\/\",\"name\":\"AuditionSolidarit\u00e9\",\"description\":\"Le hasard n&#039;existe pas ! Si vous \u00eates l\u00e0 aujourd&#039;hui, c&#039;est que le monde de l&#039;audition vous touche... Alors merci d&#039;\u00eatre l\u00e0 !\",\"publisher\":{\"@id\":\"https:\/\/www.auditionsolidarite.org\/fr\/#organization\"},\"potentialAction\":[{\"@type\":\"SearchAction\",\"target\":{\"@type\":\"EntryPoint\",\"urlTemplate\":\"https:\/\/www.auditionsolidarite.org\/fr\/?s={search_term_string}\"},\"query-input\":\"required name=search_term_string\"}],\"inLanguage\":\"fr-FR\"},{\"@type\":\"Organization\",\"@id\":\"https:\/\/www.auditionsolidarite.org\/fr\/#organization\",\"name\":\"AuditionSolidarit\u00e9\",\"url\":\"https:\/\/www.auditionsolidarite.org\/fr\/\",\"logo\":{\"@type\":\"ImageObject\",\"inLanguage\":\"fr-FR\",\"@id\":\"https:\/\/www.auditionsolidarite.org\/fr\/#\/schema\/logo\/image\/\",\"url\":\"https:\/\/www.auditionsolidarite.org\/wp-content\/uploads\/2015\/07\/logo-audition-solidarite-e1446132259721.png\",\"contentUrl\":\"https:\/\/www.auditionsolidarite.org\/wp-content\/uploads\/2015\/07\/logo-audition-solidarite-e1446132259721.png\",\"width\":600,\"height\":593,\"caption\":\"AuditionSolidarit\u00e9\"},\"image\":{\"@id\":\"https:\/\/www.auditionsolidarite.org\/fr\/#\/schema\/logo\/image\/\"}}]}<\/script>\n<!-- \/ Yoast SEO plugin. -->","yoast_head_json":{"title":"Mission Humanitaire en Guin\u00e9e - Conakry Mars 2014 - AuditionSolidarit\u00e9","robots":{"index":"index","follow":"follow","max-snippet":"max-snippet:-1","max-image-preview":"max-image-preview:large","max-video-preview":"max-video-preview:-1"},"canonical":"https:\/\/www.auditionsolidarite.org\/fr\/mission-humanitaire-en-guinee-conakry-mars-2014\/","og_locale":"fr_FR","og_type":"article","og_title":"Mission Humanitaire en Guin\u00e9e - Conakry Mars 2014 - AuditionSolidarit\u00e9","og_description":"Mission humanitaire en Guin\u00e9e &#8211; Conakry Mars 2014 Dans la seule \u00e9cole d&#8217;enfants sourds et malentendants de Guin\u00e9e, l&#8217;\u00e9cole Boulbinet, 174 enfants ont \u00e9t\u00e9 vus, 227 appareils auditifs ont \u00e9t\u00e9 adapt\u00e9s et donc 227 embouts sur mesure fabriqu\u00e9s sur place. Un laboratoire d&#8217;embouts financ\u00e9 par la Fondation Total a \u00e9t\u00e9 install\u00e9. Nous avons form\u00e9 2 professeurs \u00e0 la fabrication d&#8217;embouts.","og_url":"https:\/\/www.auditionsolidarite.org\/fr\/mission-humanitaire-en-guinee-conakry-mars-2014\/","og_site_name":"AuditionSolidarit\u00e9","article_modified_time":"2015-09-14T13:27:20+00:00","og_image":[{"width":600,"height":593,"url":"https:\/\/www.auditionsolidarite.org\/wp-content\/uploads\/2015\/07\/logo-audition-solidarite-e1446132259721.png","type":"image\/png"}],"twitter_card":"summary_large_image","twitter_misc":{"Dur\u00e9e de lecture estim\u00e9e":"1 minute"},"schema":{"@context":"https:\/\/schema.org","@graph":[{"@type":"WebPage","@id":"https:\/\/www.auditionsolidarite.org\/fr\/mission-humanitaire-en-guinee-conakry-mars-2014\/","url":"https:\/\/www.auditionsolidarite.org\/fr\/mission-humanitaire-en-guinee-conakry-mars-2014\/","name":"Mission Humanitaire en Guin\u00e9e - Conakry Mars 2014 - AuditionSolidarit\u00e9","isPartOf":{"@id":"https:\/\/www.auditionsolidarite.org\/fr\/#website"},"datePublished":"2015-09-14T13:24:09+00:00","dateModified":"2015-09-14T13:27:20+00:00","breadcrumb":{"@id":"https:\/\/www.auditionsolidarite.org\/fr\/mission-humanitaire-en-guinee-conakry-mars-2014\/#breadcrumb"},"inLanguage":"fr-FR","potentialAction":[{"@type":"ReadAction","target":[["https:\/\/www.auditionsolidarite.org\/fr\/mission-humanitaire-en-guinee-conakry-mars-2014\/"]]}]},{"@type":"BreadcrumbList","@id":"https:\/\/www.auditionsolidarite.org\/fr\/mission-humanitaire-en-guinee-conakry-mars-2014\/#breadcrumb","itemListElement":[{"@type":"ListItem","position":1,"name":"Accueil","item":"https:\/\/www.auditionsolidarite.org\/fr\/"},{"@type":"ListItem","position":2,"name":"Mission Humanitaire en Guin\u00e9e &#8211; Conakry Mars 2014"}]},{"@type":"WebSite","@id":"https:\/\/www.auditionsolidarite.org\/fr\/#website","url":"https:\/\/www.auditionsolidarite.org\/fr\/","name":"AuditionSolidarit\u00e9","description":"Le hasard n&#039;existe pas ! Si vous \u00eates l\u00e0 aujourd&#039;hui, c&#039;est que le monde de l&#039;audition vous touche... Alors merci d&#039;\u00eatre l\u00e0 !","publisher":{"@id":"https:\/\/www.auditionsolidarite.org\/fr\/#organization"},"potentialAction":[{"@type":"SearchAction","target":{"@type":"EntryPoint","urlTemplate":"https:\/\/www.auditionsolidarite.org\/fr\/?s={search_term_string}"},"query-input":"required name=search_term_string"}],"inLanguage":"fr-FR"},{"@type":"Organization","@id":"https:\/\/www.auditionsolidarite.org\/fr\/#organization","name":"AuditionSolidarit\u00e9","url":"https:\/\/www.auditionsolidarite.org\/fr\/","logo":{"@type":"ImageObject","inLanguage":"fr-FR","@id":"https:\/\/www.auditionsolidarite.org\/fr\/#\/schema\/logo\/image\/","url":"https:\/\/www.auditionsolidarite.org\/wp-content\/uploads\/2015\/07\/logo-audition-solidarite-e1446132259721.png","contentUrl":"https:\/\/www.auditionsolidarite.org\/wp-content\/uploads\/2015\/07\/logo-audition-solidarite-e1446132259721.png","width":600,"height":593,"caption":"AuditionSolidarit\u00e9"},"image":{"@id":"https:\/\/www.auditionsolidarite.org\/fr\/#\/schema\/logo\/image\/"}}]}},"_links":{"self":[{"href":"https:\/\/www.auditionsolidarite.org\/fr\/wp-json\/wp\/v2\/pages\/3098"}],"collection":[{"href":"https:\/\/www.auditionsolidarite.org\/fr\/wp-json\/wp\/v2\/pages"}],"about":[{"href":"https:\/\/www.auditionsolidarite.org\/fr\/wp-json\/wp\/v2\/types\/page"}],"author":[{"embeddable":true,"href":"https:\/\/www.auditionsolidarite.org\/fr\/wp-json\/wp\/v2\/users\/2"}],"replies":[{"embeddable":true,"href":"https:\/\/www.auditionsolidarite.org\/fr\/wp-json\/wp\/v2\/comments?post=3098"}],"version-history":[{"count":3,"href":"https:\/\/www.auditionsolidarite.org\/fr\/wp-json\/wp\/v2\/pages\/3098\/revisions"}],"predecessor-version":[{"id":3103,"href":"https:\/\/www.auditionsolidarite.org\/fr\/wp-json\/wp\/v2\/pages\/3098\/revisions\/3103"}],"wp:attachment":[{"href":"https:\/\/www.auditionsolidarite.org\/fr\/wp-json\/wp\/v2\/media?parent=3098"}],"curies":[{"name":"wp","href":"https:\/\/api.w.org\/{rel}","templated":true}]}}