{"id":3090,"date":"2015-09-14T13:29:49","date_gmt":"2015-09-14T12:29:49","guid":{"rendered":"http:\/\/demo.auditionsolidarite.org\/?page_id=3090"},"modified":"2015-09-14T14:01:15","modified_gmt":"2015-09-14T13:01:15","slug":"mission-humanitaire-au-maroc-agadir-mai-2014","status":"publish","type":"page","link":"https:\/\/www.auditionsolidarite.org\/fr\/mission-humanitaire-au-maroc-agadir-mai-2014\/","title":{"rendered":"Mission humanitaire au Maroc &#8211; Agadir Mai 2014"},"content":{"rendered":"<h6>Humanitaire au Maroc, 3\u00e8me Mission humanitaire au Maroc &#8211; Agadir Mai 2014<b> <\/b><b> <\/b><\/h6>\n<p>AuditionSolidarit\u00e9 est retourn\u00e9e pour la 3\u00e8me ann\u00e9e cons\u00e9cutive au centre Zohour, \u00e9cole qui accueille les enfants sourds et malentendants d&#8217;Agadir.<b> <\/b> L&#8217;\u00e9quipe d&#8217;AuditionSolidarit\u00e9 a recontr\u00f4l\u00e9 tous les enfants appareill\u00e9s les ann\u00e9es pr\u00e9c\u00e9dentes et a appareill\u00e9 tous les nouveaux enfants de l&#8217;\u00e9cole.<b><br \/>\n<\/b><b><br \/>\n<\/b><b> <\/b> AuditionSolidarit\u00e9 a accentu\u00e9 les formations, formation aux embouts, aux r\u00e9glages d&#8217;appareils ainsi qu&#8217;\u00e0 l&#8217;orthophonie. Une \u00e9quipe technique marocaine a \u00e9t\u00e9 mise en place, le Centre Zohour est autonome.<b> <\/b> <b><br \/>\n<\/b><b><br \/>\n<\/b>Merci aux audioproth\u00e9sistes V\u00e9ronique Th\u00e9not-Pichon, Isabelle Gauchin, Jean-Baptiste Revel, Alexis Dubois, Nicolas Delassalle et Christine Bourger Merci \u00e0 Macha Lagune, \u00e9tudiante en audioproth\u00e8se Merci aux orthophonistes, Clotilde Faure et Virginie Gilabert Merci \u00e0 Arnaud Martin, Odile et Carole pour la logistique Merci \u00e0 Meryam, Mohamed et \u00e0 toute leur \u00e9quipe pour leur implication Merci \u00e0 tous les enfants<b><br \/>\n<\/b><b><br \/>\n<\/b><b> <\/b><b> <\/b><\/p>\n<p style=\"text-align: center;\"><strong>Vid\u00e9o de la mission<\/strong><\/p>\n<div class=\"ytp-copytext ytp-no-contextmenu\" style=\"text-align: center;\" tabindex=\"1\"><iframe loading=\"lazy\" src=\"https:\/\/www.youtube.com\/embed\/MWO1MhBkiRs\" width=\"515\" height=\"386\" frameborder=\"0\" allowfullscreen=\"allowfullscreen\"><\/iframe><\/div>\n<div class=\"ytp-copytext ytp-no-contextmenu\" style=\"text-align: center;\" tabindex=\"1\"><\/div>\n<div class=\"ytp-copytext ytp-no-contextmenu\" style=\"text-align: center;\" tabindex=\"1\"><strong><b><br \/>\n<\/b>Interviews post-mission<\/strong><\/div>\n<div class=\"ytp-copytext ytp-no-contextmenu\" style=\"text-align: center;\" tabindex=\"1\">\n<table>\n<tbody>\n<tr>\n<td style=\"text-align: center; vertical-align: middle;\">\n<div class=\"ytp-copytext ytp-no-contextmenu\" tabindex=\"1\"><strong>V\u00e9ronique Th\u00e9not-Pichon, audioproth\u00e9siste<\/strong><\/div>\n<div class=\"ytp-copytext ytp-no-contextmenu\" tabindex=\"1\"><iframe loading=\"lazy\" src=\"https:\/\/www.youtube.com\/embed\/a_V6fJAGB-w\" width=\"260\" height=\"170\" frameborder=\"0\" allowfullscreen=\"allowfullscreen\"><\/iframe><\/div>\n<\/td>\n<td style=\"text-align: center; vertical-align: middle;\">\n<div class=\"ytp-copytext ytp-no-contextmenu\" tabindex=\"1\"><strong>Isabelle Gauchin, audioproth\u00e9siste<\/strong><\/div>\n<div class=\"ytp-copytext ytp-no-contextmenu\" tabindex=\"1\"><iframe loading=\"lazy\" src=\"https:\/\/www.youtube.com\/embed\/Ug2IDsKDNXE\" width=\"260\" height=\"170\" frameborder=\"0\" allowfullscreen=\"allowfullscreen\"><\/iframe><\/div>\n<\/td>\n<td style=\"text-align: center; vertical-align: middle;\">\n<div class=\"ytp-copytext ytp-no-contextmenu\" tabindex=\"1\"><strong>Jean-Baptiste Revel, audioproth\u00e9siste<\/strong><\/div>\n<div class=\"ytp-copytext ytp-no-contextmenu\" tabindex=\"1\"><iframe loading=\"lazy\" src=\"https:\/\/www.youtube.com\/embed\/W-H6Clj5Lrc\" width=\"260\" height=\"170\" frameborder=\"0\" allowfullscreen=\"allowfullscreen\"><\/iframe><\/div>\n<\/td>\n<\/tr>\n<tr>\n<td style=\"text-align: center; vertical-align: middle;\">\n<div class=\"ytp-copytext ytp-no-contextmenu\" tabindex=\"1\"><strong><b><br \/>\n<\/b>Arnaud Martin, secr\u00e9tariat<\/strong><\/div>\n<div class=\"ytp-copytext ytp-no-contextmenu\" tabindex=\"1\"><iframe loading=\"lazy\" src=\"https:\/\/www.youtube.com\/embed\/_-LaZynXCKY\" width=\"260\" height=\"170\" frameborder=\"0\" allowfullscreen=\"allowfullscreen\"><\/iframe><\/div>\n<\/td>\n<td style=\"text-align: center; vertical-align: middle;\">\n<div class=\"ytp-copytext ytp-no-contextmenu\" tabindex=\"1\"><strong><b><br \/>\n<\/b>Nicolas Delassalle, audioproth\u00e9siste<\/strong><\/div>\n<div class=\"ytp-copytext ytp-no-contextmenu\" tabindex=\"1\"><iframe loading=\"lazy\" src=\"https:\/\/www.youtube.com\/embed\/GJqNxdenl98\" width=\"260\" height=\"170\" frameborder=\"0\" allowfullscreen=\"allowfullscreen\"><\/iframe><\/div>\n<\/td>\n<td style=\"text-align: center; vertical-align: middle;\">\n<div class=\"ytp-copytext ytp-no-contextmenu\" tabindex=\"1\"><strong><b><br \/>\n<\/b>Alexis Dubois, audioproth\u00e9siste<\/strong><\/div>\n<div class=\"ytp-copytext ytp-no-contextmenu\" tabindex=\"1\"><iframe loading=\"lazy\" src=\"https:\/\/www.youtube.com\/embed\/gbwfYpSmr5g\" width=\"260\" height=\"170\" frameborder=\"0\" allowfullscreen=\"allowfullscreen\"><\/iframe><\/div>\n<\/td>\n<\/tr>\n<tr>\n<td style=\"text-align: center; vertical-align: middle;\">\n<div class=\"ytp-copytext ytp-no-contextmenu\" tabindex=\"1\"><strong><b><br \/>\n<\/b>Virginie Gilabert, orthophoniste<\/strong><\/div>\n<div class=\"ytp-copytext ytp-no-contextmenu\" tabindex=\"1\"><iframe loading=\"lazy\" src=\"https:\/\/www.youtube.com\/embed\/YihaJ5Citz8\" width=\"260\" height=\"170\" frameborder=\"0\" allowfullscreen=\"allowfullscreen\"><\/iframe><\/div>\n<\/td>\n<td style=\"text-align: center; vertical-align: middle;\">\n<div class=\"ytp-copytext ytp-no-contextmenu\" tabindex=\"1\"><strong><b><br \/>\n<\/b>Macha Lagune, \u00e9tudiante audioproth\u00e9siste<\/strong><\/div>\n<div class=\"ytp-copytext ytp-no-contextmenu\" tabindex=\"1\"><iframe loading=\"lazy\" src=\"https:\/\/www.youtube.com\/embed\/-U_7mkXBrOc\" width=\"260\" height=\"170\" frameborder=\"0\" allowfullscreen=\"allowfullscreen\"><\/iframe><\/div>\n<\/td>\n<td style=\"text-align: center; vertical-align: middle;\">\n<div class=\"ytp-copytext ytp-no-contextmenu\" tabindex=\"1\"><strong><b><br \/>\n<\/b>Clotilde Faure, orthophoniste<\/strong><\/div>\n<div class=\"ytp-copytext ytp-no-contextmenu\" tabindex=\"1\"><iframe loading=\"lazy\" src=\"https:\/\/www.youtube.com\/embed\/sT3A3fXg4Mc\" width=\"260\" height=\"170\" frameborder=\"0\" allowfullscreen=\"allowfullscreen\"><\/iframe><\/div>\n<\/td>\n<\/tr>\n<\/tbody>\n<\/table>\n<\/div>","protected":false},"excerpt":{"rendered":"<p>Humanitaire au Maroc, 3\u00e8me Mission humanitaire au Maroc &#8211; Agadir Mai 2014 AuditionSolidarit\u00e9 est retourn\u00e9e pour la 3\u00e8me ann\u00e9e cons\u00e9cutive au centre Zohour, \u00e9cole qui accueille les enfants sourds et malentendants d&#8217;Agadir. L&#8217;\u00e9quipe d&#8217;AuditionSolidarit\u00e9 a recontr\u00f4l\u00e9 tous les enfants appareill\u00e9s les ann\u00e9es pr\u00e9c\u00e9dentes et a appareill\u00e9 tous les nouveaux enfants de l&#8217;\u00e9cole. AuditionSolidarit\u00e9 a accentu\u00e9 les formations, formation aux embouts,<\/p>\n","protected":false},"author":2,"featured_media":0,"parent":0,"menu_order":0,"comment_status":"closed","ping_status":"closed","template":"","meta":{"footnotes":""},"acf":[],"yoast_head":"<!-- This site is optimized with the Yoast SEO plugin v21.9.1 - https:\/\/yoast.com\/wordpress\/plugins\/seo\/ -->\n<title>Mission humanitaire au Maroc - Agadir Mai 2014 - AuditionSolidarit\u00e9<\/title>\n<meta name=\"robots\" content=\"index, follow, max-snippet:-1, max-image-preview:large, max-video-preview:-1\" \/>\n<link rel=\"canonical\" href=\"https:\/\/www.auditionsolidarite.org\/fr\/mission-humanitaire-au-maroc-agadir-mai-2014\/\" \/>\n<meta property=\"og:locale\" content=\"fr_FR\" \/>\n<meta property=\"og:type\" content=\"article\" \/>\n<meta property=\"og:title\" content=\"Mission humanitaire au Maroc - Agadir Mai 2014 - AuditionSolidarit\u00e9\" \/>\n<meta property=\"og:description\" content=\"Humanitaire au Maroc, 3\u00e8me Mission humanitaire au Maroc &#8211; Agadir Mai 2014 AuditionSolidarit\u00e9 est retourn\u00e9e pour la 3\u00e8me ann\u00e9e cons\u00e9cutive au centre Zohour, \u00e9cole qui accueille les enfants sourds et malentendants d&#8217;Agadir. L&#8217;\u00e9quipe d&#8217;AuditionSolidarit\u00e9 a recontr\u00f4l\u00e9 tous les enfants appareill\u00e9s les ann\u00e9es pr\u00e9c\u00e9dentes et a appareill\u00e9 tous les nouveaux enfants de l&#8217;\u00e9cole. AuditionSolidarit\u00e9 a accentu\u00e9 les formations, formation aux embouts,\" \/>\n<meta property=\"og:url\" content=\"https:\/\/www.auditionsolidarite.org\/fr\/mission-humanitaire-au-maroc-agadir-mai-2014\/\" \/>\n<meta property=\"og:site_name\" content=\"AuditionSolidarit\u00e9\" \/>\n<meta property=\"article:modified_time\" content=\"2015-09-14T13:01:15+00:00\" \/>\n<meta property=\"og:image\" content=\"https:\/\/www.auditionsolidarite.org\/wp-content\/uploads\/2015\/07\/logo-audition-solidarite-e1446132259721.png\" \/>\n\t<meta property=\"og:image:width\" content=\"600\" \/>\n\t<meta property=\"og:image:height\" content=\"593\" \/>\n\t<meta property=\"og:image:type\" content=\"image\/png\" \/>\n<meta name=\"twitter:card\" content=\"summary_large_image\" \/>\n<meta name=\"twitter:label1\" content=\"Dur\u00e9e de lecture estim\u00e9e\" \/>\n\t<meta name=\"twitter:data1\" content=\"1 minute\" \/>\n<script type=\"application\/ld+json\" class=\"yoast-schema-graph\">{\"@context\":\"https:\/\/schema.org\",\"@graph\":[{\"@type\":\"WebPage\",\"@id\":\"https:\/\/www.auditionsolidarite.org\/fr\/mission-humanitaire-au-maroc-agadir-mai-2014\/\",\"url\":\"https:\/\/www.auditionsolidarite.org\/fr\/mission-humanitaire-au-maroc-agadir-mai-2014\/\",\"name\":\"Mission humanitaire au Maroc - Agadir Mai 2014 - AuditionSolidarit\u00e9\",\"isPartOf\":{\"@id\":\"https:\/\/www.auditionsolidarite.org\/fr\/#website\"},\"datePublished\":\"2015-09-14T12:29:49+00:00\",\"dateModified\":\"2015-09-14T13:01:15+00:00\",\"breadcrumb\":{\"@id\":\"https:\/\/www.auditionsolidarite.org\/fr\/mission-humanitaire-au-maroc-agadir-mai-2014\/#breadcrumb\"},\"inLanguage\":\"fr-FR\",\"potentialAction\":[{\"@type\":\"ReadAction\",\"target\":[[\"https:\/\/www.auditionsolidarite.org\/fr\/mission-humanitaire-au-maroc-agadir-mai-2014\/\"]]}]},{\"@type\":\"BreadcrumbList\",\"@id\":\"https:\/\/www.auditionsolidarite.org\/fr\/mission-humanitaire-au-maroc-agadir-mai-2014\/#breadcrumb\",\"itemListElement\":[{\"@type\":\"ListItem\",\"position\":1,\"name\":\"Accueil\",\"item\":\"https:\/\/www.auditionsolidarite.org\/fr\/\"},{\"@type\":\"ListItem\",\"position\":2,\"name\":\"Mission humanitaire au Maroc &#8211; Agadir Mai 2014\"}]},{\"@type\":\"WebSite\",\"@id\":\"https:\/\/www.auditionsolidarite.org\/fr\/#website\",\"url\":\"https:\/\/www.auditionsolidarite.org\/fr\/\",\"name\":\"AuditionSolidarit\u00e9\",\"description\":\"Le hasard n&#039;existe pas ! Si vous \u00eates l\u00e0 aujourd&#039;hui, c&#039;est que le monde de l&#039;audition vous touche... Alors merci d&#039;\u00eatre l\u00e0 !\",\"publisher\":{\"@id\":\"https:\/\/www.auditionsolidarite.org\/fr\/#organization\"},\"potentialAction\":[{\"@type\":\"SearchAction\",\"target\":{\"@type\":\"EntryPoint\",\"urlTemplate\":\"https:\/\/www.auditionsolidarite.org\/fr\/?s={search_term_string}\"},\"query-input\":\"required name=search_term_string\"}],\"inLanguage\":\"fr-FR\"},{\"@type\":\"Organization\",\"@id\":\"https:\/\/www.auditionsolidarite.org\/fr\/#organization\",\"name\":\"AuditionSolidarit\u00e9\",\"url\":\"https:\/\/www.auditionsolidarite.org\/fr\/\",\"logo\":{\"@type\":\"ImageObject\",\"inLanguage\":\"fr-FR\",\"@id\":\"https:\/\/www.auditionsolidarite.org\/fr\/#\/schema\/logo\/image\/\",\"url\":\"https:\/\/www.auditionsolidarite.org\/wp-content\/uploads\/2015\/07\/logo-audition-solidarite-e1446132259721.png\",\"contentUrl\":\"https:\/\/www.auditionsolidarite.org\/wp-content\/uploads\/2015\/07\/logo-audition-solidarite-e1446132259721.png\",\"width\":600,\"height\":593,\"caption\":\"AuditionSolidarit\u00e9\"},\"image\":{\"@id\":\"https:\/\/www.auditionsolidarite.org\/fr\/#\/schema\/logo\/image\/\"}}]}<\/script>\n<!-- \/ Yoast SEO plugin. -->","yoast_head_json":{"title":"Mission humanitaire au Maroc - Agadir Mai 2014 - AuditionSolidarit\u00e9","robots":{"index":"index","follow":"follow","max-snippet":"max-snippet:-1","max-image-preview":"max-image-preview:large","max-video-preview":"max-video-preview:-1"},"canonical":"https:\/\/www.auditionsolidarite.org\/fr\/mission-humanitaire-au-maroc-agadir-mai-2014\/","og_locale":"fr_FR","og_type":"article","og_title":"Mission humanitaire au Maroc - Agadir Mai 2014 - AuditionSolidarit\u00e9","og_description":"Humanitaire au Maroc, 3\u00e8me Mission humanitaire au Maroc &#8211; Agadir Mai 2014 AuditionSolidarit\u00e9 est retourn\u00e9e pour la 3\u00e8me ann\u00e9e cons\u00e9cutive au centre Zohour, \u00e9cole qui accueille les enfants sourds et malentendants d&#8217;Agadir. L&#8217;\u00e9quipe d&#8217;AuditionSolidarit\u00e9 a recontr\u00f4l\u00e9 tous les enfants appareill\u00e9s les ann\u00e9es pr\u00e9c\u00e9dentes et a appareill\u00e9 tous les nouveaux enfants de l&#8217;\u00e9cole. AuditionSolidarit\u00e9 a accentu\u00e9 les formations, formation aux embouts,","og_url":"https:\/\/www.auditionsolidarite.org\/fr\/mission-humanitaire-au-maroc-agadir-mai-2014\/","og_site_name":"AuditionSolidarit\u00e9","article_modified_time":"2015-09-14T13:01:15+00:00","og_image":[{"width":600,"height":593,"url":"https:\/\/www.auditionsolidarite.org\/wp-content\/uploads\/2015\/07\/logo-audition-solidarite-e1446132259721.png","type":"image\/png"}],"twitter_card":"summary_large_image","twitter_misc":{"Dur\u00e9e de lecture estim\u00e9e":"1 minute"},"schema":{"@context":"https:\/\/schema.org","@graph":[{"@type":"WebPage","@id":"https:\/\/www.auditionsolidarite.org\/fr\/mission-humanitaire-au-maroc-agadir-mai-2014\/","url":"https:\/\/www.auditionsolidarite.org\/fr\/mission-humanitaire-au-maroc-agadir-mai-2014\/","name":"Mission humanitaire au Maroc - Agadir Mai 2014 - AuditionSolidarit\u00e9","isPartOf":{"@id":"https:\/\/www.auditionsolidarite.org\/fr\/#website"},"datePublished":"2015-09-14T12:29:49+00:00","dateModified":"2015-09-14T13:01:15+00:00","breadcrumb":{"@id":"https:\/\/www.auditionsolidarite.org\/fr\/mission-humanitaire-au-maroc-agadir-mai-2014\/#breadcrumb"},"inLanguage":"fr-FR","potentialAction":[{"@type":"ReadAction","target":[["https:\/\/www.auditionsolidarite.org\/fr\/mission-humanitaire-au-maroc-agadir-mai-2014\/"]]}]},{"@type":"BreadcrumbList","@id":"https:\/\/www.auditionsolidarite.org\/fr\/mission-humanitaire-au-maroc-agadir-mai-2014\/#breadcrumb","itemListElement":[{"@type":"ListItem","position":1,"name":"Accueil","item":"https:\/\/www.auditionsolidarite.org\/fr\/"},{"@type":"ListItem","position":2,"name":"Mission humanitaire au Maroc &#8211; Agadir Mai 2014"}]},{"@type":"WebSite","@id":"https:\/\/www.auditionsolidarite.org\/fr\/#website","url":"https:\/\/www.auditionsolidarite.org\/fr\/","name":"AuditionSolidarit\u00e9","description":"Le hasard n&#039;existe pas ! Si vous \u00eates l\u00e0 aujourd&#039;hui, c&#039;est que le monde de l&#039;audition vous touche... Alors merci d&#039;\u00eatre l\u00e0 !","publisher":{"@id":"https:\/\/www.auditionsolidarite.org\/fr\/#organization"},"potentialAction":[{"@type":"SearchAction","target":{"@type":"EntryPoint","urlTemplate":"https:\/\/www.auditionsolidarite.org\/fr\/?s={search_term_string}"},"query-input":"required name=search_term_string"}],"inLanguage":"fr-FR"},{"@type":"Organization","@id":"https:\/\/www.auditionsolidarite.org\/fr\/#organization","name":"AuditionSolidarit\u00e9","url":"https:\/\/www.auditionsolidarite.org\/fr\/","logo":{"@type":"ImageObject","inLanguage":"fr-FR","@id":"https:\/\/www.auditionsolidarite.org\/fr\/#\/schema\/logo\/image\/","url":"https:\/\/www.auditionsolidarite.org\/wp-content\/uploads\/2015\/07\/logo-audition-solidarite-e1446132259721.png","contentUrl":"https:\/\/www.auditionsolidarite.org\/wp-content\/uploads\/2015\/07\/logo-audition-solidarite-e1446132259721.png","width":600,"height":593,"caption":"AuditionSolidarit\u00e9"},"image":{"@id":"https:\/\/www.auditionsolidarite.org\/fr\/#\/schema\/logo\/image\/"}}]}},"_links":{"self":[{"href":"https:\/\/www.auditionsolidarite.org\/fr\/wp-json\/wp\/v2\/pages\/3090"}],"collection":[{"href":"https:\/\/www.auditionsolidarite.org\/fr\/wp-json\/wp\/v2\/pages"}],"about":[{"href":"https:\/\/www.auditionsolidarite.org\/fr\/wp-json\/wp\/v2\/types\/page"}],"author":[{"embeddable":true,"href":"https:\/\/www.auditionsolidarite.org\/fr\/wp-json\/wp\/v2\/users\/2"}],"replies":[{"embeddable":true,"href":"https:\/\/www.auditionsolidarite.org\/fr\/wp-json\/wp\/v2\/comments?post=3090"}],"version-history":[{"count":3,"href":"https:\/\/www.auditionsolidarite.org\/fr\/wp-json\/wp\/v2\/pages\/3090\/revisions"}],"predecessor-version":[{"id":3096,"href":"https:\/\/www.auditionsolidarite.org\/fr\/wp-json\/wp\/v2\/pages\/3090\/revisions\/3096"}],"wp:attachment":[{"href":"https:\/\/www.auditionsolidarite.org\/fr\/wp-json\/wp\/v2\/media?parent=3090"}],"curies":[{"name":"wp","href":"https:\/\/api.w.org\/{rel}","templated":true}]}}