{"id":30,"date":"2015-07-07T14:06:18","date_gmt":"2015-07-07T13:06:18","guid":{"rendered":"http:\/\/localhost\/auditionsolidarite.org\/?page_id=30"},"modified":"2025-12-17T16:09:15","modified_gmt":"2025-12-17T15:09:15","slug":"videos-institutionnelles","status":"publish","type":"page","link":"https:\/\/www.auditionsolidarite.org\/fr\/videos-institutionnelles\/","title":{"rendered":"Vid\u00e9os institutionnelles"},"content":{"rendered":"&nbsp;<\/p>\n<p>&nbsp;<\/p>\n<p>&nbsp;<\/p>\n<p style=\"text-align: center;\"><strong>D\u00e9couvrez la vid\u00e9o Institutionnelle d&#8217;AuditionSolidarit\u00e9<\/strong><\/p>\n<pre style=\"text-align: center;\"><iframe loading=\"lazy\" title=\"YouTube video player\" src=\"https:\/\/www.youtube-nocookie.com\/embed\/il_0CMqkvxQ?si=UdcUZzqATjzswe0D\" width=\"560\" height=\"315\" frameborder=\"0\" allowfullscreen=\"allowfullscreen\"><\/iframe><\/pre>\n<pre style=\"text-align: center;\">Merci \u00e0 Ghislain Fousset-Martial pour le graphisme et l'animation<\/pre>\n<pre style=\"text-align: center;\">Merci \u00e0 Gilles Fac\u00e8rias pour la musique<\/pre>\n<p>&nbsp;<\/p>\n<p style=\"text-align: center;\"><strong>Le Recyclage par AuditionSolidarit\u00e9<\/strong><\/p>\n<pre style=\"text-align: center;\"><iframe loading=\"lazy\" title=\"YouTube video player\" src=\"https:\/\/www.youtube-nocookie.com\/embed\/VQJHyZL0sg4?si=-wJVI5-4g3vd41lX\" width=\"560\" height=\"315\" frameborder=\"0\" allowfullscreen=\"allowfullscreen\"><span style=\"display: inline-block; width: 0px; overflow: hidden; line-height: 0;\" data-mce-type=\"bookmark\" class=\"mce_SELRES_start\">\ufeff<\/span><\/iframe><\/pre>\n<pre style=\"text-align: center;\">Merci \u00e0 Ghislain Fousset-Martial pour le graphisme et l'animation<\/pre>\n<pre style=\"text-align: center;\">Merci \u00e0 Gilles Fac\u00e8rias pour la musique<\/pre>\n<p>&nbsp;<\/p>\n<p style=\"text-align: center;\"><strong>Chanson officielle d&#8217;AuditionSolidarit\u00e9<\/strong><\/p>\n<pre style=\"text-align: center;\"><iframe loading=\"lazy\" title=\"YouTube video player\" src=\"https:\/\/www.youtube-nocookie.com\/embed\/4k2AcoGA3mI\" width=\"560\" height=\"315\" frameborder=\"0\" allowfullscreen=\"allowfullscreen\"><\/iframe><\/pre>\n<pre style=\"text-align: center;\">Merci \u00e0 nos ambassadeurs <span class=\"break-words\"><span dir=\"ltr\">J\u00e9r\u00f4me Sousa, Candice Parise, Niuver, Michael Jones<b>, \r\n<\/b>Olivier Decrouille, Jean-Philippe Fanfant, Gabriel Bourgoin,David Jacob, \r\nJean-Guihen Queyras, Alain de Campos, Fran\u00e7ois Thuillier, <b>\u00a0\r\n<\/b>Pierre Dutot, Les Sourds-Dou\u00e9s, Les Petits Chanteurs de Lyon.<\/span><\/span><\/pre>\n<p style=\"text-align: center;\"><b><br \/>\n<\/b><strong>D\u00e9couvrez le clip Pr\u00e9vention Auditive<\/strong><\/p>\n<pre style=\"text-align: center;\"><iframe loading=\"lazy\" title=\"YouTube video player\" src=\"https:\/\/www.youtube-nocookie.com\/embed\/4CjL0nAFZZc\" width=\"560\" height=\"315\" frameborder=\"0\" allowfullscreen=\"allowfullscreen\"><\/iframe><\/pre>\n<pre style=\"text-align: center;\">Merci \u00e0 Olivier Decrouille pour la musique<\/pre>\n<pre style=\"text-align: center;\">Merci \u00e0 l'artiste Bos. pour les dessins<\/pre>\n<pre style=\"text-align: center;\">Merci \u00e0 Eurofilm pour la r\u00e9alisation - www.eurofilm.fr<\/pre>\n<div><\/div>\n<div><\/div>\n<p>&nbsp;<\/p>\n<div class=\"ytp-html5-clipboard\" style=\"text-align: center;\"><strong>Compilation des moments o\u00f9 les enfants entendent pour la premi\u00e8re fois<\/strong><\/div>\n<pre style=\"text-align: center;\"><iframe loading=\"lazy\" title=\"YouTube video player\" src=\"https:\/\/www.youtube-nocookie.com\/embed\/IinySItfIrs\" width=\"560\" height=\"315\" frameborder=\"0\" allowfullscreen=\"allowfullscreen\"><\/iframe> <b><\/b><\/pre>","protected":false},"excerpt":{"rendered":"<p>&nbsp; &nbsp; &nbsp; D\u00e9couvrez la vid\u00e9o Institutionnelle d&#8217;AuditionSolidarit\u00e9 Merci \u00e0 Ghislain Fousset-Martial pour le graphisme et l&#8217;animation Merci \u00e0 Gilles Fac\u00e8rias pour la musique &nbsp; Le Recyclage par AuditionSolidarit\u00e9 \ufeff Merci \u00e0 Ghislain Fousset-Martial pour le graphisme et l&#8217;animation Merci \u00e0 Gilles Fac\u00e8rias pour la musique &nbsp; Chanson officielle d&#8217;AuditionSolidarit\u00e9 Merci \u00e0 nos ambassadeurs J\u00e9r\u00f4me Sousa, Candice Parise, Niuver, Michael<\/p>\n","protected":false},"author":10,"featured_media":0,"parent":0,"menu_order":0,"comment_status":"closed","ping_status":"closed","template":"","meta":{"footnotes":""},"acf":[],"yoast_head":"<!-- This site is optimized with the Yoast SEO plugin v21.9.1 - https:\/\/yoast.com\/wordpress\/plugins\/seo\/ -->\n<title>Vid\u00e9os institutionnelles - AuditionSolidarit\u00e9<\/title>\n<meta name=\"robots\" content=\"index, follow, max-snippet:-1, max-image-preview:large, max-video-preview:-1\" \/>\n<link rel=\"canonical\" href=\"https:\/\/www.auditionsolidarite.org\/fr\/videos-institutionnelles\/\" \/>\n<meta property=\"og:locale\" content=\"fr_FR\" \/>\n<meta property=\"og:type\" content=\"article\" \/>\n<meta property=\"og:title\" content=\"Vid\u00e9os institutionnelles - AuditionSolidarit\u00e9\" \/>\n<meta property=\"og:description\" content=\"&nbsp; &nbsp; &nbsp; D\u00e9couvrez la vid\u00e9o Institutionnelle d&#8217;AuditionSolidarit\u00e9 Merci \u00e0 Ghislain Fousset-Martial pour le graphisme et l&#039;animation Merci \u00e0 Gilles Fac\u00e8rias pour la musique &nbsp; Le Recyclage par AuditionSolidarit\u00e9 \ufeff Merci \u00e0 Ghislain Fousset-Martial pour le graphisme et l&#039;animation Merci \u00e0 Gilles Fac\u00e8rias pour la musique &nbsp; Chanson officielle d&#8217;AuditionSolidarit\u00e9 Merci \u00e0 nos ambassadeurs J\u00e9r\u00f4me Sousa, Candice Parise, Niuver, Michael\" \/>\n<meta property=\"og:url\" content=\"https:\/\/www.auditionsolidarite.org\/fr\/videos-institutionnelles\/\" \/>\n<meta property=\"og:site_name\" content=\"AuditionSolidarit\u00e9\" \/>\n<meta property=\"article:modified_time\" content=\"2025-12-17T15:09:15+00:00\" \/>\n<meta property=\"og:image\" content=\"https:\/\/www.auditionsolidarite.org\/wp-content\/uploads\/2015\/07\/logo-audition-solidarite-e1446132259721.png\" \/>\n\t<meta property=\"og:image:width\" content=\"600\" \/>\n\t<meta property=\"og:image:height\" content=\"593\" \/>\n\t<meta property=\"og:image:type\" content=\"image\/png\" \/>\n<meta name=\"twitter:card\" content=\"summary_large_image\" \/>\n<meta name=\"twitter:label1\" content=\"Dur\u00e9e de lecture estim\u00e9e\" \/>\n\t<meta name=\"twitter:data1\" content=\"1 minute\" \/>\n<script type=\"application\/ld+json\" class=\"yoast-schema-graph\">{\"@context\":\"https:\/\/schema.org\",\"@graph\":[{\"@type\":\"WebPage\",\"@id\":\"https:\/\/www.auditionsolidarite.org\/fr\/videos-institutionnelles\/\",\"url\":\"https:\/\/www.auditionsolidarite.org\/fr\/videos-institutionnelles\/\",\"name\":\"Vid\u00e9os institutionnelles - AuditionSolidarit\u00e9\",\"isPartOf\":{\"@id\":\"https:\/\/www.auditionsolidarite.org\/fr\/#website\"},\"datePublished\":\"2015-07-07T13:06:18+00:00\",\"dateModified\":\"2025-12-17T15:09:15+00:00\",\"breadcrumb\":{\"@id\":\"https:\/\/www.auditionsolidarite.org\/fr\/videos-institutionnelles\/#breadcrumb\"},\"inLanguage\":\"fr-FR\",\"potentialAction\":[{\"@type\":\"ReadAction\",\"target\":[[\"https:\/\/www.auditionsolidarite.org\/fr\/videos-institutionnelles\/\"]]}]},{\"@type\":\"BreadcrumbList\",\"@id\":\"https:\/\/www.auditionsolidarite.org\/fr\/videos-institutionnelles\/#breadcrumb\",\"itemListElement\":[{\"@type\":\"ListItem\",\"position\":1,\"name\":\"Accueil\",\"item\":\"https:\/\/www.auditionsolidarite.org\/fr\/\"},{\"@type\":\"ListItem\",\"position\":2,\"name\":\"Vid\u00e9os institutionnelles\"}]},{\"@type\":\"WebSite\",\"@id\":\"https:\/\/www.auditionsolidarite.org\/fr\/#website\",\"url\":\"https:\/\/www.auditionsolidarite.org\/fr\/\",\"name\":\"AuditionSolidarit\u00e9\",\"description\":\"Le hasard n&#039;existe pas ! Si vous \u00eates l\u00e0 aujourd&#039;hui, c&#039;est que le monde de l&#039;audition vous touche... Alors merci d&#039;\u00eatre l\u00e0 !\",\"publisher\":{\"@id\":\"https:\/\/www.auditionsolidarite.org\/fr\/#organization\"},\"potentialAction\":[{\"@type\":\"SearchAction\",\"target\":{\"@type\":\"EntryPoint\",\"urlTemplate\":\"https:\/\/www.auditionsolidarite.org\/fr\/?s={search_term_string}\"},\"query-input\":\"required name=search_term_string\"}],\"inLanguage\":\"fr-FR\"},{\"@type\":\"Organization\",\"@id\":\"https:\/\/www.auditionsolidarite.org\/fr\/#organization\",\"name\":\"AuditionSolidarit\u00e9\",\"url\":\"https:\/\/www.auditionsolidarite.org\/fr\/\",\"logo\":{\"@type\":\"ImageObject\",\"inLanguage\":\"fr-FR\",\"@id\":\"https:\/\/www.auditionsolidarite.org\/fr\/#\/schema\/logo\/image\/\",\"url\":\"https:\/\/www.auditionsolidarite.org\/wp-content\/uploads\/2015\/07\/logo-audition-solidarite-e1446132259721.png\",\"contentUrl\":\"https:\/\/www.auditionsolidarite.org\/wp-content\/uploads\/2015\/07\/logo-audition-solidarite-e1446132259721.png\",\"width\":600,\"height\":593,\"caption\":\"AuditionSolidarit\u00e9\"},\"image\":{\"@id\":\"https:\/\/www.auditionsolidarite.org\/fr\/#\/schema\/logo\/image\/\"}}]}<\/script>\n<!-- \/ Yoast SEO plugin. -->","yoast_head_json":{"title":"Vid\u00e9os institutionnelles - AuditionSolidarit\u00e9","robots":{"index":"index","follow":"follow","max-snippet":"max-snippet:-1","max-image-preview":"max-image-preview:large","max-video-preview":"max-video-preview:-1"},"canonical":"https:\/\/www.auditionsolidarite.org\/fr\/videos-institutionnelles\/","og_locale":"fr_FR","og_type":"article","og_title":"Vid\u00e9os institutionnelles - AuditionSolidarit\u00e9","og_description":"&nbsp; &nbsp; &nbsp; D\u00e9couvrez la vid\u00e9o Institutionnelle d&#8217;AuditionSolidarit\u00e9 Merci \u00e0 Ghislain Fousset-Martial pour le graphisme et l'animation Merci \u00e0 Gilles Fac\u00e8rias pour la musique &nbsp; Le Recyclage par AuditionSolidarit\u00e9 \ufeff Merci \u00e0 Ghislain Fousset-Martial pour le graphisme et l'animation Merci \u00e0 Gilles Fac\u00e8rias pour la musique &nbsp; Chanson officielle d&#8217;AuditionSolidarit\u00e9 Merci \u00e0 nos ambassadeurs J\u00e9r\u00f4me Sousa, Candice Parise, Niuver, Michael","og_url":"https:\/\/www.auditionsolidarite.org\/fr\/videos-institutionnelles\/","og_site_name":"AuditionSolidarit\u00e9","article_modified_time":"2025-12-17T15:09:15+00:00","og_image":[{"width":600,"height":593,"url":"https:\/\/www.auditionsolidarite.org\/wp-content\/uploads\/2015\/07\/logo-audition-solidarite-e1446132259721.png","type":"image\/png"}],"twitter_card":"summary_large_image","twitter_misc":{"Dur\u00e9e de lecture estim\u00e9e":"1 minute"},"schema":{"@context":"https:\/\/schema.org","@graph":[{"@type":"WebPage","@id":"https:\/\/www.auditionsolidarite.org\/fr\/videos-institutionnelles\/","url":"https:\/\/www.auditionsolidarite.org\/fr\/videos-institutionnelles\/","name":"Vid\u00e9os institutionnelles - AuditionSolidarit\u00e9","isPartOf":{"@id":"https:\/\/www.auditionsolidarite.org\/fr\/#website"},"datePublished":"2015-07-07T13:06:18+00:00","dateModified":"2025-12-17T15:09:15+00:00","breadcrumb":{"@id":"https:\/\/www.auditionsolidarite.org\/fr\/videos-institutionnelles\/#breadcrumb"},"inLanguage":"fr-FR","potentialAction":[{"@type":"ReadAction","target":[["https:\/\/www.auditionsolidarite.org\/fr\/videos-institutionnelles\/"]]}]},{"@type":"BreadcrumbList","@id":"https:\/\/www.auditionsolidarite.org\/fr\/videos-institutionnelles\/#breadcrumb","itemListElement":[{"@type":"ListItem","position":1,"name":"Accueil","item":"https:\/\/www.auditionsolidarite.org\/fr\/"},{"@type":"ListItem","position":2,"name":"Vid\u00e9os institutionnelles"}]},{"@type":"WebSite","@id":"https:\/\/www.auditionsolidarite.org\/fr\/#website","url":"https:\/\/www.auditionsolidarite.org\/fr\/","name":"AuditionSolidarit\u00e9","description":"Le hasard n&#039;existe pas ! Si vous \u00eates l\u00e0 aujourd&#039;hui, c&#039;est que le monde de l&#039;audition vous touche... Alors merci d&#039;\u00eatre l\u00e0 !","publisher":{"@id":"https:\/\/www.auditionsolidarite.org\/fr\/#organization"},"potentialAction":[{"@type":"SearchAction","target":{"@type":"EntryPoint","urlTemplate":"https:\/\/www.auditionsolidarite.org\/fr\/?s={search_term_string}"},"query-input":"required name=search_term_string"}],"inLanguage":"fr-FR"},{"@type":"Organization","@id":"https:\/\/www.auditionsolidarite.org\/fr\/#organization","name":"AuditionSolidarit\u00e9","url":"https:\/\/www.auditionsolidarite.org\/fr\/","logo":{"@type":"ImageObject","inLanguage":"fr-FR","@id":"https:\/\/www.auditionsolidarite.org\/fr\/#\/schema\/logo\/image\/","url":"https:\/\/www.auditionsolidarite.org\/wp-content\/uploads\/2015\/07\/logo-audition-solidarite-e1446132259721.png","contentUrl":"https:\/\/www.auditionsolidarite.org\/wp-content\/uploads\/2015\/07\/logo-audition-solidarite-e1446132259721.png","width":600,"height":593,"caption":"AuditionSolidarit\u00e9"},"image":{"@id":"https:\/\/www.auditionsolidarite.org\/fr\/#\/schema\/logo\/image\/"}}]}},"_links":{"self":[{"href":"https:\/\/www.auditionsolidarite.org\/fr\/wp-json\/wp\/v2\/pages\/30"}],"collection":[{"href":"https:\/\/www.auditionsolidarite.org\/fr\/wp-json\/wp\/v2\/pages"}],"about":[{"href":"https:\/\/www.auditionsolidarite.org\/fr\/wp-json\/wp\/v2\/types\/page"}],"author":[{"embeddable":true,"href":"https:\/\/www.auditionsolidarite.org\/fr\/wp-json\/wp\/v2\/users\/10"}],"replies":[{"embeddable":true,"href":"https:\/\/www.auditionsolidarite.org\/fr\/wp-json\/wp\/v2\/comments?post=30"}],"version-history":[{"count":14,"href":"https:\/\/www.auditionsolidarite.org\/fr\/wp-json\/wp\/v2\/pages\/30\/revisions"}],"predecessor-version":[{"id":10703,"href":"https:\/\/www.auditionsolidarite.org\/fr\/wp-json\/wp\/v2\/pages\/30\/revisions\/10703"}],"wp:attachment":[{"href":"https:\/\/www.auditionsolidarite.org\/fr\/wp-json\/wp\/v2\/media?parent=30"}],"curies":[{"name":"wp","href":"https:\/\/api.w.org\/{rel}","templated":true}]}}