{"id":2790,"date":"2015-08-31T09:56:02","date_gmt":"2015-08-31T08:56:02","guid":{"rendered":"http:\/\/demo.auditionsolidarite.org\/?page_id=2790"},"modified":"2015-10-09T09:51:41","modified_gmt":"2015-10-09T08:51:41","slug":"madagascar-antananarivo-novembre-2014","status":"publish","type":"page","link":"https:\/\/www.auditionsolidarite.org\/fr\/madagascar-antananarivo-novembre-2014\/","title":{"rendered":"Mission humanitaire \u00e0 Madagascar, Antananarivo &#8211; Novembre 2014"},"content":{"rendered":"<h3>1\u00e8re Mission humanitaire \u00e0 Madagascar &#8211; Antananarivo Novembre 2014<b><br \/>\n<\/b><b><br \/>\n<\/b><\/h3>\n<p>AuditionSolidarit\u00e9 s&#8217;est rendue pour la 1\u00e8re fois \u00e0 l&#8217;\u00e9cole AKA-MA, une \u00e9cole sp\u00e9cialis\u00e9e pour les enfants sourds et malentendants de Madagascar.<b><br \/>\n<\/b><br \/>\nL&#8217;\u00e9quipe d&#8217;AuditionSolidarit\u00e9 a fait un audiogramme \u00e0 tous les enfants, plus de 178 enfants ont \u00e9t\u00e9 appareill\u00e9s<br \/>\net ont suivi une s\u00e9ance d&#8217;orthophonie.<br \/>\nAuditionSolidarit\u00e9 a impuls\u00e9 diff\u00e9rentes formations : \u00e0 la fabrication d&#8217;embouts, aux r\u00e9glages d&#8217;appareils,<br \/>\naux petites r\u00e9parations et \u00e0 l&#8217;entretien des appareils ainsi qu&#8217;\u00e0 l&#8217;orthophonie.<b><br \/>\n<\/b><b><br \/>\n<\/b><\/p>\n<p>Merci aux audioproth\u00e9sistes Juliette Bardet, Jean-Pierre Fogel, Gilles Kultcheyan Fabrice Peyrat et Christine Bourger<br \/>\nMerci aux orthophonistes, Clotilde Faure et Claire Barilly<br \/>\nUne pens\u00e9e particuli\u00e8re pour Didier Afecto et Christophe Enguehard<b><br \/>\n<\/b><br \/>\nMerci \u00e0 toute l&#8217;\u00e9quipe malgache pour leur implication !<br \/>\nMerci \u00e0 tous les enfants !<b><br \/>\n<\/b><br \/>\nRendez-vous en novembre 2015&#8230; on a h\u00e2te !<b><br \/>\n<\/b><b><br \/>\n<\/b><\/p>\n<p style=\"text-align: center;\">Vid\u00e9o de la mission<\/p>\n<div class=\"su-row\">\n<div class=\"su-column su-column-size-2-3 su-column-centered\"><div class=\"su-column-inner su-u-clearfix su-u-trim\">\n<iframe loading=\"lazy\" src=\"https:\/\/www.youtube.com\/embed\/uvcw0wJ8Qjc\" width=\"515\" height=\"386\" frameborder=\"0\" allowfullscreen=\"allowfullscreen\"><\/iframe><\/p>\n<\/div><\/div>\n<\/div>\n<div class=\"su-row\">\n<div class=\"su-column su-column-size-1-3\"><div class=\"su-column-inner su-u-clearfix su-u-trim\">\nJean-Pierre Fogel &#8211; audioproth\u00e9siste<br \/>\n<iframe loading=\"lazy\" src=\"https:\/\/www.youtube.com\/embed\/7FTff6LMoK8\" width=\"260\" height=\"170\" frameborder=\"0\" allowfullscreen=\"allowfullscreen\"><\/iframe><\/p>\n<\/div><\/div>\n<div class=\"su-column su-column-size-1-3\"><div class=\"su-column-inner su-u-clearfix su-u-trim\">\nGilles Kultcheyan &#8211; audioproth\u00e9siste<br \/>\n<iframe loading=\"lazy\" src=\"https:\/\/www.youtube.com\/embed\/cO7lb3MM8OQ\" width=\"260\" height=\"170\" frameborder=\"0\" allowfullscreen=\"allowfullscreen\"><\/iframe><\/p>\n<\/div><\/div>\n<div class=\"su-column su-column-size-1-3\"><div class=\"su-column-inner su-u-clearfix su-u-trim\">\nFabrice Peyrat &#8211; audioproth\u00e9siste<br \/>\n<iframe loading=\"lazy\" src=\"https:\/\/www.youtube.com\/embed\/jiWdoB77kfc\" width=\"260\" height=\"170\" frameborder=\"0\" allowfullscreen=\"allowfullscreen\"><\/iframe><\/p>\n<\/div><\/div>\n<\/div>\n<div class=\"su-row\">\n<div class=\"su-column su-column-size-1-3\"><div class=\"su-column-inner su-u-clearfix su-u-trim\">\nFabien Martin &#8211; audioproth\u00e9siste<br \/>\n<iframe loading=\"lazy\" src=\"https:\/\/www.youtube.com\/embed\/14QDlWXH_pU\" width=\"260\" height=\"170\" frameborder=\"0\" allowfullscreen=\"allowfullscreen\"><\/iframe><\/p>\n<\/div><\/div>\n<div class=\"su-column su-column-size-1-3\"><div class=\"su-column-inner su-u-clearfix su-u-trim\">\nClaire Barilly &#8211; fabricant d&#8217;embouts<br \/>\n<iframe loading=\"lazy\" src=\"https:\/\/www.youtube.com\/embed\/14QDlWXH_pU\" width=\"260\" height=\"170\" frameborder=\"0\" allowfullscreen=\"allowfullscreen\"><\/iframe><\/p>\n<\/div><\/div>\n<div class=\"su-column su-column-size-1-3\"><div class=\"su-column-inner su-u-clearfix su-u-trim\">\nClotilde Faure &#8211; secr\u00e9tariat<br \/>\n<iframe loading=\"lazy\" src=\"https:\/\/www.youtube.com\/embed\/GXukWdoUVQ0\" width=\"260\" height=\"170\" frameborder=\"0\" allowfullscreen=\"allowfullscreen\"><\/iframe><\/p>\n<\/div><\/div>\n<\/div>","protected":false},"excerpt":{"rendered":"<p>1\u00e8re Mission humanitaire \u00e0 Madagascar &#8211; Antananarivo Novembre 2014 AuditionSolidarit\u00e9 s&#8217;est rendue pour la 1\u00e8re fois \u00e0 l&#8217;\u00e9cole AKA-MA, une \u00e9cole sp\u00e9cialis\u00e9e pour les enfants sourds et malentendants de Madagascar. L&#8217;\u00e9quipe d&#8217;AuditionSolidarit\u00e9 a fait un audiogramme \u00e0 tous les enfants, plus de 178 enfants ont \u00e9t\u00e9 appareill\u00e9s et ont suivi une s\u00e9ance d&#8217;orthophonie. AuditionSolidarit\u00e9 a impuls\u00e9 diff\u00e9rentes formations : \u00e0<\/p>\n","protected":false},"author":2,"featured_media":0,"parent":0,"menu_order":0,"comment_status":"closed","ping_status":"closed","template":"","meta":{"footnotes":""},"acf":[],"yoast_head":"<!-- This site is optimized with the Yoast SEO plugin v21.9.1 - https:\/\/yoast.com\/wordpress\/plugins\/seo\/ -->\n<title>Mission humanitaire \u00e0 Madagascar, Antananarivo - Novembre 2014 - AuditionSolidarit\u00e9<\/title>\n<meta name=\"robots\" content=\"index, follow, max-snippet:-1, max-image-preview:large, max-video-preview:-1\" \/>\n<link rel=\"canonical\" href=\"https:\/\/www.auditionsolidarite.org\/fr\/madagascar-antananarivo-novembre-2014\/\" \/>\n<meta property=\"og:locale\" content=\"fr_FR\" \/>\n<meta property=\"og:type\" content=\"article\" \/>\n<meta property=\"og:title\" content=\"Mission humanitaire \u00e0 Madagascar, Antananarivo - Novembre 2014 - AuditionSolidarit\u00e9\" \/>\n<meta property=\"og:description\" content=\"1\u00e8re Mission humanitaire \u00e0 Madagascar &#8211; Antananarivo Novembre 2014 AuditionSolidarit\u00e9 s&#8217;est rendue pour la 1\u00e8re fois \u00e0 l&#8217;\u00e9cole AKA-MA, une \u00e9cole sp\u00e9cialis\u00e9e pour les enfants sourds et malentendants de Madagascar. L&#8217;\u00e9quipe d&#8217;AuditionSolidarit\u00e9 a fait un audiogramme \u00e0 tous les enfants, plus de 178 enfants ont \u00e9t\u00e9 appareill\u00e9s et ont suivi une s\u00e9ance d&#8217;orthophonie. AuditionSolidarit\u00e9 a impuls\u00e9 diff\u00e9rentes formations : \u00e0\" \/>\n<meta property=\"og:url\" content=\"https:\/\/www.auditionsolidarite.org\/fr\/madagascar-antananarivo-novembre-2014\/\" \/>\n<meta property=\"og:site_name\" content=\"AuditionSolidarit\u00e9\" \/>\n<meta property=\"article:modified_time\" content=\"2015-10-09T08:51:41+00:00\" \/>\n<meta property=\"og:image\" content=\"https:\/\/www.auditionsolidarite.org\/wp-content\/uploads\/2015\/07\/logo-audition-solidarite-e1446132259721.png\" \/>\n\t<meta property=\"og:image:width\" content=\"600\" \/>\n\t<meta property=\"og:image:height\" content=\"593\" \/>\n\t<meta property=\"og:image:type\" content=\"image\/png\" \/>\n<meta name=\"twitter:card\" content=\"summary_large_image\" \/>\n<meta name=\"twitter:label1\" content=\"Dur\u00e9e de lecture estim\u00e9e\" \/>\n\t<meta name=\"twitter:data1\" content=\"1 minute\" \/>\n<script type=\"application\/ld+json\" class=\"yoast-schema-graph\">{\"@context\":\"https:\/\/schema.org\",\"@graph\":[{\"@type\":\"WebPage\",\"@id\":\"https:\/\/www.auditionsolidarite.org\/fr\/madagascar-antananarivo-novembre-2014\/\",\"url\":\"https:\/\/www.auditionsolidarite.org\/fr\/madagascar-antananarivo-novembre-2014\/\",\"name\":\"Mission humanitaire \u00e0 Madagascar, Antananarivo - Novembre 2014 - AuditionSolidarit\u00e9\",\"isPartOf\":{\"@id\":\"https:\/\/www.auditionsolidarite.org\/fr\/#website\"},\"datePublished\":\"2015-08-31T08:56:02+00:00\",\"dateModified\":\"2015-10-09T08:51:41+00:00\",\"breadcrumb\":{\"@id\":\"https:\/\/www.auditionsolidarite.org\/fr\/madagascar-antananarivo-novembre-2014\/#breadcrumb\"},\"inLanguage\":\"fr-FR\",\"potentialAction\":[{\"@type\":\"ReadAction\",\"target\":[[\"https:\/\/www.auditionsolidarite.org\/fr\/madagascar-antananarivo-novembre-2014\/\"]]}]},{\"@type\":\"BreadcrumbList\",\"@id\":\"https:\/\/www.auditionsolidarite.org\/fr\/madagascar-antananarivo-novembre-2014\/#breadcrumb\",\"itemListElement\":[{\"@type\":\"ListItem\",\"position\":1,\"name\":\"Accueil\",\"item\":\"https:\/\/www.auditionsolidarite.org\/fr\/\"},{\"@type\":\"ListItem\",\"position\":2,\"name\":\"Mission humanitaire \u00e0 Madagascar, Antananarivo &#8211; Novembre 2014\"}]},{\"@type\":\"WebSite\",\"@id\":\"https:\/\/www.auditionsolidarite.org\/fr\/#website\",\"url\":\"https:\/\/www.auditionsolidarite.org\/fr\/\",\"name\":\"AuditionSolidarit\u00e9\",\"description\":\"Le hasard n&#039;existe pas ! Si vous \u00eates l\u00e0 aujourd&#039;hui, c&#039;est que le monde de l&#039;audition vous touche... Alors merci d&#039;\u00eatre l\u00e0 !\",\"publisher\":{\"@id\":\"https:\/\/www.auditionsolidarite.org\/fr\/#organization\"},\"potentialAction\":[{\"@type\":\"SearchAction\",\"target\":{\"@type\":\"EntryPoint\",\"urlTemplate\":\"https:\/\/www.auditionsolidarite.org\/fr\/?s={search_term_string}\"},\"query-input\":\"required name=search_term_string\"}],\"inLanguage\":\"fr-FR\"},{\"@type\":\"Organization\",\"@id\":\"https:\/\/www.auditionsolidarite.org\/fr\/#organization\",\"name\":\"AuditionSolidarit\u00e9\",\"url\":\"https:\/\/www.auditionsolidarite.org\/fr\/\",\"logo\":{\"@type\":\"ImageObject\",\"inLanguage\":\"fr-FR\",\"@id\":\"https:\/\/www.auditionsolidarite.org\/fr\/#\/schema\/logo\/image\/\",\"url\":\"https:\/\/www.auditionsolidarite.org\/wp-content\/uploads\/2015\/07\/logo-audition-solidarite-e1446132259721.png\",\"contentUrl\":\"https:\/\/www.auditionsolidarite.org\/wp-content\/uploads\/2015\/07\/logo-audition-solidarite-e1446132259721.png\",\"width\":600,\"height\":593,\"caption\":\"AuditionSolidarit\u00e9\"},\"image\":{\"@id\":\"https:\/\/www.auditionsolidarite.org\/fr\/#\/schema\/logo\/image\/\"}}]}<\/script>\n<!-- \/ Yoast SEO plugin. -->","yoast_head_json":{"title":"Mission humanitaire \u00e0 Madagascar, Antananarivo - Novembre 2014 - AuditionSolidarit\u00e9","robots":{"index":"index","follow":"follow","max-snippet":"max-snippet:-1","max-image-preview":"max-image-preview:large","max-video-preview":"max-video-preview:-1"},"canonical":"https:\/\/www.auditionsolidarite.org\/fr\/madagascar-antananarivo-novembre-2014\/","og_locale":"fr_FR","og_type":"article","og_title":"Mission humanitaire \u00e0 Madagascar, Antananarivo - Novembre 2014 - AuditionSolidarit\u00e9","og_description":"1\u00e8re Mission humanitaire \u00e0 Madagascar &#8211; Antananarivo Novembre 2014 AuditionSolidarit\u00e9 s&#8217;est rendue pour la 1\u00e8re fois \u00e0 l&#8217;\u00e9cole AKA-MA, une \u00e9cole sp\u00e9cialis\u00e9e pour les enfants sourds et malentendants de Madagascar. L&#8217;\u00e9quipe d&#8217;AuditionSolidarit\u00e9 a fait un audiogramme \u00e0 tous les enfants, plus de 178 enfants ont \u00e9t\u00e9 appareill\u00e9s et ont suivi une s\u00e9ance d&#8217;orthophonie. AuditionSolidarit\u00e9 a impuls\u00e9 diff\u00e9rentes formations : \u00e0","og_url":"https:\/\/www.auditionsolidarite.org\/fr\/madagascar-antananarivo-novembre-2014\/","og_site_name":"AuditionSolidarit\u00e9","article_modified_time":"2015-10-09T08:51:41+00:00","og_image":[{"width":600,"height":593,"url":"https:\/\/www.auditionsolidarite.org\/wp-content\/uploads\/2015\/07\/logo-audition-solidarite-e1446132259721.png","type":"image\/png"}],"twitter_card":"summary_large_image","twitter_misc":{"Dur\u00e9e de lecture estim\u00e9e":"1 minute"},"schema":{"@context":"https:\/\/schema.org","@graph":[{"@type":"WebPage","@id":"https:\/\/www.auditionsolidarite.org\/fr\/madagascar-antananarivo-novembre-2014\/","url":"https:\/\/www.auditionsolidarite.org\/fr\/madagascar-antananarivo-novembre-2014\/","name":"Mission humanitaire \u00e0 Madagascar, Antananarivo - Novembre 2014 - AuditionSolidarit\u00e9","isPartOf":{"@id":"https:\/\/www.auditionsolidarite.org\/fr\/#website"},"datePublished":"2015-08-31T08:56:02+00:00","dateModified":"2015-10-09T08:51:41+00:00","breadcrumb":{"@id":"https:\/\/www.auditionsolidarite.org\/fr\/madagascar-antananarivo-novembre-2014\/#breadcrumb"},"inLanguage":"fr-FR","potentialAction":[{"@type":"ReadAction","target":[["https:\/\/www.auditionsolidarite.org\/fr\/madagascar-antananarivo-novembre-2014\/"]]}]},{"@type":"BreadcrumbList","@id":"https:\/\/www.auditionsolidarite.org\/fr\/madagascar-antananarivo-novembre-2014\/#breadcrumb","itemListElement":[{"@type":"ListItem","position":1,"name":"Accueil","item":"https:\/\/www.auditionsolidarite.org\/fr\/"},{"@type":"ListItem","position":2,"name":"Mission humanitaire \u00e0 Madagascar, Antananarivo &#8211; Novembre 2014"}]},{"@type":"WebSite","@id":"https:\/\/www.auditionsolidarite.org\/fr\/#website","url":"https:\/\/www.auditionsolidarite.org\/fr\/","name":"AuditionSolidarit\u00e9","description":"Le hasard n&#039;existe pas ! Si vous \u00eates l\u00e0 aujourd&#039;hui, c&#039;est que le monde de l&#039;audition vous touche... Alors merci d&#039;\u00eatre l\u00e0 !","publisher":{"@id":"https:\/\/www.auditionsolidarite.org\/fr\/#organization"},"potentialAction":[{"@type":"SearchAction","target":{"@type":"EntryPoint","urlTemplate":"https:\/\/www.auditionsolidarite.org\/fr\/?s={search_term_string}"},"query-input":"required name=search_term_string"}],"inLanguage":"fr-FR"},{"@type":"Organization","@id":"https:\/\/www.auditionsolidarite.org\/fr\/#organization","name":"AuditionSolidarit\u00e9","url":"https:\/\/www.auditionsolidarite.org\/fr\/","logo":{"@type":"ImageObject","inLanguage":"fr-FR","@id":"https:\/\/www.auditionsolidarite.org\/fr\/#\/schema\/logo\/image\/","url":"https:\/\/www.auditionsolidarite.org\/wp-content\/uploads\/2015\/07\/logo-audition-solidarite-e1446132259721.png","contentUrl":"https:\/\/www.auditionsolidarite.org\/wp-content\/uploads\/2015\/07\/logo-audition-solidarite-e1446132259721.png","width":600,"height":593,"caption":"AuditionSolidarit\u00e9"},"image":{"@id":"https:\/\/www.auditionsolidarite.org\/fr\/#\/schema\/logo\/image\/"}}]}},"_links":{"self":[{"href":"https:\/\/www.auditionsolidarite.org\/fr\/wp-json\/wp\/v2\/pages\/2790"}],"collection":[{"href":"https:\/\/www.auditionsolidarite.org\/fr\/wp-json\/wp\/v2\/pages"}],"about":[{"href":"https:\/\/www.auditionsolidarite.org\/fr\/wp-json\/wp\/v2\/types\/page"}],"author":[{"embeddable":true,"href":"https:\/\/www.auditionsolidarite.org\/fr\/wp-json\/wp\/v2\/users\/2"}],"replies":[{"embeddable":true,"href":"https:\/\/www.auditionsolidarite.org\/fr\/wp-json\/wp\/v2\/comments?post=2790"}],"version-history":[{"count":3,"href":"https:\/\/www.auditionsolidarite.org\/fr\/wp-json\/wp\/v2\/pages\/2790\/revisions"}],"predecessor-version":[{"id":3963,"href":"https:\/\/www.auditionsolidarite.org\/fr\/wp-json\/wp\/v2\/pages\/2790\/revisions\/3963"}],"wp:attachment":[{"href":"https:\/\/www.auditionsolidarite.org\/fr\/wp-json\/wp\/v2\/media?parent=2790"}],"curies":[{"name":"wp","href":"https:\/\/api.w.org\/{rel}","templated":true}]}}