{"id":2667,"date":"2015-08-27T10:41:26","date_gmt":"2015-08-27T09:41:26","guid":{"rendered":"http:\/\/demo.auditionsolidarite.org\/?page_id=2667"},"modified":"2026-05-04T14:51:07","modified_gmt":"2026-05-04T13:51:07","slug":"kit-mecene-entreprise","status":"publish","type":"page","link":"https:\/\/www.auditionsolidarite.org\/fr\/kit-mecene-entreprise\/","title":{"rendered":"Kit M\u00e9c\u00e8ne Entreprise"},"content":{"rendered":"<p style=\"text-align: center;\">Chaque ann\u00e9e en janvier, nos m\u00e9c\u00e8nes re\u00e7oivent un kit de communication complet<b>\u00a0<b><br \/>\n<\/b><b><br \/>\n<\/b><\/b><\/p>\n<p style=\"text-align: center;\">Plaquette AuditionSolidarit\u00e9<b><br \/>\n<\/b><\/p>\n<table>\n<tbody>\n<tr>\n<td>\n<p style=\"text-align: center;\">Face int\u00e9rieure<b>\u00a0<\/b><b><br \/>\n<\/b> <a href=\"\/\/www.auditionsolidarite.org\/wp-content\/uploads\/2023\/01\/Base-interieur_SFP_BD.jpg\"><img loading=\"lazy\" decoding=\"async\" class=\"aligncenter wp-image-9236\" src=\"\/\/www.auditionsolidarite.org\/wp-content\/uploads\/2023\/01\/Base-interieur_SFP_BD.jpg\" alt=\"\" width=\"445\" height=\"315\" srcset=\"https:\/\/www.auditionsolidarite.org\/wp-content\/uploads\/2023\/01\/Base-interieur_SFP_BD.jpg 1697w, https:\/\/www.auditionsolidarite.org\/wp-content\/uploads\/2023\/01\/Base-interieur_SFP_BD-300x212.jpg 300w, https:\/\/www.auditionsolidarite.org\/wp-content\/uploads\/2023\/01\/Base-interieur_SFP_BD-1024x724.jpg 1024w, https:\/\/www.auditionsolidarite.org\/wp-content\/uploads\/2023\/01\/Base-interieur_SFP_BD-768x543.jpg 768w, https:\/\/www.auditionsolidarite.org\/wp-content\/uploads\/2023\/01\/Base-interieur_SFP_BD-1536x1086.jpg 1536w\" sizes=\"(max-width: 445px) 100vw, 445px\" \/><\/a><\/p>\n<\/td>\n<td style=\"text-align: center;\">Face ext\u00e9rieure<a href=\"\/\/www.auditionsolidarite.org\/wp-content\/uploads\/2023\/01\/Base-exterieur_SFP_BD.jpg\"><img loading=\"lazy\" decoding=\"async\" class=\"aligncenter wp-image-9235\" src=\"\/\/www.auditionsolidarite.org\/wp-content\/uploads\/2023\/01\/Base-exterieur_SFP_BD.jpg\" alt=\"\" width=\"445\" height=\"315\" srcset=\"https:\/\/www.auditionsolidarite.org\/wp-content\/uploads\/2023\/01\/Base-exterieur_SFP_BD.jpg 1697w, https:\/\/www.auditionsolidarite.org\/wp-content\/uploads\/2023\/01\/Base-exterieur_SFP_BD-300x212.jpg 300w, https:\/\/www.auditionsolidarite.org\/wp-content\/uploads\/2023\/01\/Base-exterieur_SFP_BD-1024x724.jpg 1024w, https:\/\/www.auditionsolidarite.org\/wp-content\/uploads\/2023\/01\/Base-exterieur_SFP_BD-768x543.jpg 768w, https:\/\/www.auditionsolidarite.org\/wp-content\/uploads\/2023\/01\/Base-exterieur_SFP_BD-1536x1086.jpg 1536w\" sizes=\"(max-width: 445px) 100vw, 445px\" \/><\/a><\/td>\n<\/tr>\n<\/tbody>\n<\/table>\n<p style=\"text-align: center;\">Le marque-page &#8216;\u00c9chelle des D\u00e9cibels&#8217;<\/p>\n<table style=\"border-collapse: collapse; width: 100%;\" border=\"1\">\n<tbody>\n<tr>\n<td style=\"width: 50%;\"><a href=\"\/\/www.auditionsolidarite.org\/wp-content\/uploads\/2022\/01\/Marque-Page-recto_ok.jpg\"><img loading=\"lazy\" decoding=\"async\" class=\"aligncenter size-full wp-image-8576\" src=\"\/\/www.auditionsolidarite.org\/wp-content\/uploads\/2022\/01\/Marque-Page-recto_ok.jpg\" alt=\"\" width=\"150\" height=\"438\" srcset=\"https:\/\/www.auditionsolidarite.org\/wp-content\/uploads\/2022\/01\/Marque-Page-recto_ok.jpg 150w, https:\/\/www.auditionsolidarite.org\/wp-content\/uploads\/2022\/01\/Marque-Page-recto_ok-103x300.jpg 103w\" sizes=\"(max-width: 150px) 100vw, 150px\" \/><\/a><\/td>\n<td style=\"width: 50%;\"><a href=\"\/\/www.auditionsolidarite.org\/wp-content\/uploads\/2022\/01\/Marque-Page-verso_ok.jpg\"><img loading=\"lazy\" decoding=\"async\" class=\"aligncenter wp-image-8577\" src=\"\/\/www.auditionsolidarite.org\/wp-content\/uploads\/2022\/01\/Marque-Page-verso_ok.jpg\" alt=\"\" width=\"150\" height=\"438\" srcset=\"https:\/\/www.auditionsolidarite.org\/wp-content\/uploads\/2022\/01\/Marque-Page-verso_ok.jpg 150w, https:\/\/www.auditionsolidarite.org\/wp-content\/uploads\/2022\/01\/Marque-Page-verso_ok-103x300.jpg 103w\" sizes=\"(max-width: 150px) 100vw, 150px\" \/><\/a><\/td>\n<\/tr>\n<\/tbody>\n<\/table>\n<p>&nbsp;<\/p>\n<p style=\"text-align: center;\">Affiche 2024 \u00ab Mettre le son en couleurs \u00bb 50 x 70 cm<b> <\/b><a href=\"\/\/www.auditionsolidarite.org\/wp-content\/uploads\/2023\/01\/Affiche-humanitaire_BD.jpg\"><b><br \/>\n<\/b><\/a><img loading=\"lazy\" decoding=\"async\" class=\"aligncenter wp-image-10724\" src=\"\/\/www.auditionsolidarite.org\/wp-content\/uploads\/2026\/01\/Affiche-50-X-70-_-2026-_-SFP_BD.jpg\" alt=\"\" width=\"357\" height=\"500\" srcset=\"https:\/\/www.auditionsolidarite.org\/wp-content\/uploads\/2026\/01\/Affiche-50-X-70-_-2026-_-SFP_BD.jpg 642w, https:\/\/www.auditionsolidarite.org\/wp-content\/uploads\/2026\/01\/Affiche-50-X-70-_-2026-_-SFP_BD-214x300.jpg 214w\" sizes=\"(max-width: 357px) 100vw, 357px\" \/><b><br \/>\n<\/b><\/p>\n<p style=\"text-align: center;\">Affiche &#8220;\u00c9chelle des d\u00e9cibels&#8221; 60 x 40 cm<\/p>\n<p><img loading=\"lazy\" decoding=\"async\" class=\"aligncenter wp-image-7218\" src=\"\/\/www.auditionsolidarite.org\/wp-content\/uploads\/2020\/01\/Echelle_dB_bd.jpg\" alt=\"\" width=\"403\" height=\"600\" srcset=\"https:\/\/www.auditionsolidarite.org\/wp-content\/uploads\/2020\/01\/Echelle_dB_bd.jpg 605w, https:\/\/www.auditionsolidarite.org\/wp-content\/uploads\/2020\/01\/Echelle_dB_bd-202x300.jpg 202w\" sizes=\"(max-width: 403px) 100vw, 403px\" \/><b><br \/>\n<\/b><\/p>\n<p style=\"text-align: center;\">Affiche &#8220;Bons Conseils&#8221; 40 x 60 cm<\/p>\n<p><img loading=\"lazy\" decoding=\"async\" class=\"aligncenter wp-image-7217\" src=\"\/\/www.auditionsolidarite.org\/wp-content\/uploads\/2020\/01\/AFFICHE_BON-CONSEILbd-Copier.jpg\" alt=\"\" width=\"600\" height=\"401\" srcset=\"https:\/\/www.auditionsolidarite.org\/wp-content\/uploads\/2020\/01\/AFFICHE_BON-CONSEILbd-Copier.jpg 800w, https:\/\/www.auditionsolidarite.org\/wp-content\/uploads\/2020\/01\/AFFICHE_BON-CONSEILbd-Copier-300x201.jpg 300w, https:\/\/www.auditionsolidarite.org\/wp-content\/uploads\/2020\/01\/AFFICHE_BON-CONSEILbd-Copier-768x514.jpg 768w\" sizes=\"(max-width: 600px) 100vw, 600px\" \/><\/p>\n<p style=\"text-align: center;\"><b><br \/>\n<\/b>Affiche &#8220;Oreille&#8221; 40 x 60 cm<\/p>\n<p><img loading=\"lazy\" decoding=\"async\" class=\"aligncenter wp-image-10726\" src=\"\/\/www.auditionsolidarite.org\/wp-content\/uploads\/2026\/01\/Affiche-oreille-60-x-40_BD.jpg\" alt=\"\" width=\"599\" height=\"400\" srcset=\"https:\/\/www.auditionsolidarite.org\/wp-content\/uploads\/2026\/01\/Affiche-oreille-60-x-40_BD.jpg 900w, https:\/\/www.auditionsolidarite.org\/wp-content\/uploads\/2026\/01\/Affiche-oreille-60-x-40_BD-300x200.jpg 300w, https:\/\/www.auditionsolidarite.org\/wp-content\/uploads\/2026\/01\/Affiche-oreille-60-x-40_BD-768x513.jpg 768w\" sizes=\"(max-width: 599px) 100vw, 599px\" \/><\/p>\n<p style=\"text-align: center;\"><b><b><br \/>\n<\/b><\/b>Affiche &#8220;Orchestre&#8221; 40 x 60 cm<\/p>\n<p style=\"text-align: center;\"><img loading=\"lazy\" decoding=\"async\" class=\"aligncenter wp-image-5940\" src=\"\/\/www.auditionsolidarite.org\/wp-content\/uploads\/2015\/08\/poster-db2018B-cmjn-Copier.jpg\" alt=\"\" width=\"600\" height=\"400\" srcset=\"https:\/\/www.auditionsolidarite.org\/wp-content\/uploads\/2015\/08\/poster-db2018B-cmjn-Copier.jpg 1000w, https:\/\/www.auditionsolidarite.org\/wp-content\/uploads\/2015\/08\/poster-db2018B-cmjn-Copier-300x200.jpg 300w, https:\/\/www.auditionsolidarite.org\/wp-content\/uploads\/2015\/08\/poster-db2018B-cmjn-Copier-768x512.jpg 768w\" sizes=\"(max-width: 600px) 100vw, 600px\" \/><\/p>","protected":false},"excerpt":{"rendered":"<p>Chaque ann\u00e9e en janvier, nos m\u00e9c\u00e8nes re\u00e7oivent un kit de communication complet\u00a0 Plaquette AuditionSolidarit\u00e9 Face int\u00e9rieure\u00a0 Face ext\u00e9rieure Le marque-page &#8216;\u00c9chelle des D\u00e9cibels&#8217; &nbsp; Affiche 2024 \u00ab Mettre le son en couleurs \u00bb 50 x 70 cm Affiche &#8220;\u00c9chelle des d\u00e9cibels&#8221; 60 x 40 cm Affiche &#8220;Bons Conseils&#8221; 40 x 60 cm Affiche &#8220;Oreille&#8221; 40 x 60 cm Affiche &#8220;Orchestre&#8221;<\/p>\n","protected":false},"author":2,"featured_media":0,"parent":0,"menu_order":0,"comment_status":"closed","ping_status":"closed","template":"","meta":{"footnotes":""},"acf":[],"yoast_head":"<!-- This site is optimized with the Yoast SEO plugin v21.9.1 - https:\/\/yoast.com\/wordpress\/plugins\/seo\/ -->\n<title>Kit M\u00e9c\u00e8ne Entreprise - AuditionSolidarit\u00e9<\/title>\n<meta name=\"robots\" content=\"index, follow, max-snippet:-1, max-image-preview:large, max-video-preview:-1\" \/>\n<link rel=\"canonical\" href=\"https:\/\/www.auditionsolidarite.org\/fr\/kit-mecene-entreprise\/\" \/>\n<meta property=\"og:locale\" content=\"fr_FR\" \/>\n<meta property=\"og:type\" content=\"article\" \/>\n<meta property=\"og:title\" content=\"Kit M\u00e9c\u00e8ne Entreprise - AuditionSolidarit\u00e9\" \/>\n<meta property=\"og:description\" content=\"Chaque ann\u00e9e en janvier, nos m\u00e9c\u00e8nes re\u00e7oivent un kit de communication complet\u00a0 Plaquette AuditionSolidarit\u00e9 Face int\u00e9rieure\u00a0 Face ext\u00e9rieure Le marque-page &#8216;\u00c9chelle des D\u00e9cibels&#8217; &nbsp; Affiche 2024 \u00ab Mettre le son en couleurs \u00bb 50 x 70 cm Affiche &#8220;\u00c9chelle des d\u00e9cibels&#8221; 60 x 40 cm Affiche &#8220;Bons Conseils&#8221; 40 x 60 cm Affiche &#8220;Oreille&#8221; 40 x 60 cm Affiche &#8220;Orchestre&#8221;\" \/>\n<meta property=\"og:url\" content=\"https:\/\/www.auditionsolidarite.org\/fr\/kit-mecene-entreprise\/\" \/>\n<meta property=\"og:site_name\" content=\"AuditionSolidarit\u00e9\" \/>\n<meta property=\"article:modified_time\" content=\"2026-05-04T13:51:07+00:00\" \/>\n<meta property=\"og:image\" content=\"https:\/\/www.auditionsolidarite.org\/wp-content\/uploads\/2015\/07\/logo-audition-solidarite-e1446132259721.png\" \/>\n\t<meta property=\"og:image:width\" content=\"600\" \/>\n\t<meta property=\"og:image:height\" content=\"593\" \/>\n\t<meta property=\"og:image:type\" content=\"image\/png\" \/>\n<meta name=\"twitter:card\" content=\"summary_large_image\" \/>\n<meta name=\"twitter:label1\" content=\"Dur\u00e9e de lecture estim\u00e9e\" \/>\n\t<meta name=\"twitter:data1\" content=\"3 minutes\" \/>\n<script type=\"application\/ld+json\" class=\"yoast-schema-graph\">{\"@context\":\"https:\/\/schema.org\",\"@graph\":[{\"@type\":\"WebPage\",\"@id\":\"https:\/\/www.auditionsolidarite.org\/fr\/kit-mecene-entreprise\/\",\"url\":\"https:\/\/www.auditionsolidarite.org\/fr\/kit-mecene-entreprise\/\",\"name\":\"Kit M\u00e9c\u00e8ne Entreprise - AuditionSolidarit\u00e9\",\"isPartOf\":{\"@id\":\"https:\/\/www.auditionsolidarite.org\/fr\/#website\"},\"datePublished\":\"2015-08-27T09:41:26+00:00\",\"dateModified\":\"2026-05-04T13:51:07+00:00\",\"breadcrumb\":{\"@id\":\"https:\/\/www.auditionsolidarite.org\/fr\/kit-mecene-entreprise\/#breadcrumb\"},\"inLanguage\":\"fr-FR\",\"potentialAction\":[{\"@type\":\"ReadAction\",\"target\":[[\"https:\/\/www.auditionsolidarite.org\/fr\/kit-mecene-entreprise\/\"]]}]},{\"@type\":\"BreadcrumbList\",\"@id\":\"https:\/\/www.auditionsolidarite.org\/fr\/kit-mecene-entreprise\/#breadcrumb\",\"itemListElement\":[{\"@type\":\"ListItem\",\"position\":1,\"name\":\"Accueil\",\"item\":\"https:\/\/www.auditionsolidarite.org\/fr\/\"},{\"@type\":\"ListItem\",\"position\":2,\"name\":\"Kit M\u00e9c\u00e8ne Entreprise\"}]},{\"@type\":\"WebSite\",\"@id\":\"https:\/\/www.auditionsolidarite.org\/fr\/#website\",\"url\":\"https:\/\/www.auditionsolidarite.org\/fr\/\",\"name\":\"AuditionSolidarit\u00e9\",\"description\":\"Le hasard n&#039;existe pas ! Si vous \u00eates l\u00e0 aujourd&#039;hui, c&#039;est que le monde de l&#039;audition vous touche... Alors merci d&#039;\u00eatre l\u00e0 !\",\"publisher\":{\"@id\":\"https:\/\/www.auditionsolidarite.org\/fr\/#organization\"},\"potentialAction\":[{\"@type\":\"SearchAction\",\"target\":{\"@type\":\"EntryPoint\",\"urlTemplate\":\"https:\/\/www.auditionsolidarite.org\/fr\/?s={search_term_string}\"},\"query-input\":\"required name=search_term_string\"}],\"inLanguage\":\"fr-FR\"},{\"@type\":\"Organization\",\"@id\":\"https:\/\/www.auditionsolidarite.org\/fr\/#organization\",\"name\":\"AuditionSolidarit\u00e9\",\"url\":\"https:\/\/www.auditionsolidarite.org\/fr\/\",\"logo\":{\"@type\":\"ImageObject\",\"inLanguage\":\"fr-FR\",\"@id\":\"https:\/\/www.auditionsolidarite.org\/fr\/#\/schema\/logo\/image\/\",\"url\":\"https:\/\/www.auditionsolidarite.org\/wp-content\/uploads\/2015\/07\/logo-audition-solidarite-e1446132259721.png\",\"contentUrl\":\"https:\/\/www.auditionsolidarite.org\/wp-content\/uploads\/2015\/07\/logo-audition-solidarite-e1446132259721.png\",\"width\":600,\"height\":593,\"caption\":\"AuditionSolidarit\u00e9\"},\"image\":{\"@id\":\"https:\/\/www.auditionsolidarite.org\/fr\/#\/schema\/logo\/image\/\"}}]}<\/script>\n<!-- \/ Yoast SEO plugin. -->","yoast_head_json":{"title":"Kit M\u00e9c\u00e8ne Entreprise - AuditionSolidarit\u00e9","robots":{"index":"index","follow":"follow","max-snippet":"max-snippet:-1","max-image-preview":"max-image-preview:large","max-video-preview":"max-video-preview:-1"},"canonical":"https:\/\/www.auditionsolidarite.org\/fr\/kit-mecene-entreprise\/","og_locale":"fr_FR","og_type":"article","og_title":"Kit M\u00e9c\u00e8ne Entreprise - AuditionSolidarit\u00e9","og_description":"Chaque ann\u00e9e en janvier, nos m\u00e9c\u00e8nes re\u00e7oivent un kit de communication complet\u00a0 Plaquette AuditionSolidarit\u00e9 Face int\u00e9rieure\u00a0 Face ext\u00e9rieure Le marque-page &#8216;\u00c9chelle des D\u00e9cibels&#8217; &nbsp; Affiche 2024 \u00ab Mettre le son en couleurs \u00bb 50 x 70 cm Affiche &#8220;\u00c9chelle des d\u00e9cibels&#8221; 60 x 40 cm Affiche &#8220;Bons Conseils&#8221; 40 x 60 cm Affiche &#8220;Oreille&#8221; 40 x 60 cm Affiche &#8220;Orchestre&#8221;","og_url":"https:\/\/www.auditionsolidarite.org\/fr\/kit-mecene-entreprise\/","og_site_name":"AuditionSolidarit\u00e9","article_modified_time":"2026-05-04T13:51:07+00:00","og_image":[{"width":600,"height":593,"url":"https:\/\/www.auditionsolidarite.org\/wp-content\/uploads\/2015\/07\/logo-audition-solidarite-e1446132259721.png","type":"image\/png"}],"twitter_card":"summary_large_image","twitter_misc":{"Dur\u00e9e de lecture estim\u00e9e":"3 minutes"},"schema":{"@context":"https:\/\/schema.org","@graph":[{"@type":"WebPage","@id":"https:\/\/www.auditionsolidarite.org\/fr\/kit-mecene-entreprise\/","url":"https:\/\/www.auditionsolidarite.org\/fr\/kit-mecene-entreprise\/","name":"Kit M\u00e9c\u00e8ne Entreprise - AuditionSolidarit\u00e9","isPartOf":{"@id":"https:\/\/www.auditionsolidarite.org\/fr\/#website"},"datePublished":"2015-08-27T09:41:26+00:00","dateModified":"2026-05-04T13:51:07+00:00","breadcrumb":{"@id":"https:\/\/www.auditionsolidarite.org\/fr\/kit-mecene-entreprise\/#breadcrumb"},"inLanguage":"fr-FR","potentialAction":[{"@type":"ReadAction","target":[["https:\/\/www.auditionsolidarite.org\/fr\/kit-mecene-entreprise\/"]]}]},{"@type":"BreadcrumbList","@id":"https:\/\/www.auditionsolidarite.org\/fr\/kit-mecene-entreprise\/#breadcrumb","itemListElement":[{"@type":"ListItem","position":1,"name":"Accueil","item":"https:\/\/www.auditionsolidarite.org\/fr\/"},{"@type":"ListItem","position":2,"name":"Kit M\u00e9c\u00e8ne Entreprise"}]},{"@type":"WebSite","@id":"https:\/\/www.auditionsolidarite.org\/fr\/#website","url":"https:\/\/www.auditionsolidarite.org\/fr\/","name":"AuditionSolidarit\u00e9","description":"Le hasard n&#039;existe pas ! Si vous \u00eates l\u00e0 aujourd&#039;hui, c&#039;est que le monde de l&#039;audition vous touche... Alors merci d&#039;\u00eatre l\u00e0 !","publisher":{"@id":"https:\/\/www.auditionsolidarite.org\/fr\/#organization"},"potentialAction":[{"@type":"SearchAction","target":{"@type":"EntryPoint","urlTemplate":"https:\/\/www.auditionsolidarite.org\/fr\/?s={search_term_string}"},"query-input":"required name=search_term_string"}],"inLanguage":"fr-FR"},{"@type":"Organization","@id":"https:\/\/www.auditionsolidarite.org\/fr\/#organization","name":"AuditionSolidarit\u00e9","url":"https:\/\/www.auditionsolidarite.org\/fr\/","logo":{"@type":"ImageObject","inLanguage":"fr-FR","@id":"https:\/\/www.auditionsolidarite.org\/fr\/#\/schema\/logo\/image\/","url":"https:\/\/www.auditionsolidarite.org\/wp-content\/uploads\/2015\/07\/logo-audition-solidarite-e1446132259721.png","contentUrl":"https:\/\/www.auditionsolidarite.org\/wp-content\/uploads\/2015\/07\/logo-audition-solidarite-e1446132259721.png","width":600,"height":593,"caption":"AuditionSolidarit\u00e9"},"image":{"@id":"https:\/\/www.auditionsolidarite.org\/fr\/#\/schema\/logo\/image\/"}}]}},"_links":{"self":[{"href":"https:\/\/www.auditionsolidarite.org\/fr\/wp-json\/wp\/v2\/pages\/2667"}],"collection":[{"href":"https:\/\/www.auditionsolidarite.org\/fr\/wp-json\/wp\/v2\/pages"}],"about":[{"href":"https:\/\/www.auditionsolidarite.org\/fr\/wp-json\/wp\/v2\/types\/page"}],"author":[{"embeddable":true,"href":"https:\/\/www.auditionsolidarite.org\/fr\/wp-json\/wp\/v2\/users\/2"}],"replies":[{"embeddable":true,"href":"https:\/\/www.auditionsolidarite.org\/fr\/wp-json\/wp\/v2\/comments?post=2667"}],"version-history":[{"count":5,"href":"https:\/\/www.auditionsolidarite.org\/fr\/wp-json\/wp\/v2\/pages\/2667\/revisions"}],"predecessor-version":[{"id":10953,"href":"https:\/\/www.auditionsolidarite.org\/fr\/wp-json\/wp\/v2\/pages\/2667\/revisions\/10953"}],"wp:attachment":[{"href":"https:\/\/www.auditionsolidarite.org\/fr\/wp-json\/wp\/v2\/media?parent=2667"}],"curies":[{"name":"wp","href":"https:\/\/api.w.org\/{rel}","templated":true}]}}