{"id":2648,"date":"2015-08-27T10:13:59","date_gmt":"2015-08-27T09:13:59","guid":{"rendered":"http:\/\/demo.auditionsolidarite.org\/?page_id=2648"},"modified":"2026-01-07T17:06:17","modified_gmt":"2026-01-07T16:06:17","slug":"kit-visuel-mecene-audioprothesiste","status":"publish","type":"page","link":"https:\/\/www.auditionsolidarite.org\/fr\/kit-visuel-mecene-audioprothesiste\/","title":{"rendered":"Kit M\u00e9c\u00e8ne Audioproth\u00e9siste"},"content":{"rendered":"<p style=\"text-align: center;\">Chaque ann\u00e9e en janvier, nos m\u00e9c\u00e8nes re\u00e7oivent un kit de communication complet<b>\u00a0<b><\/b><\/b><\/p>\n<p style=\"text-align: center;\"><b><br \/>\n<\/b>Affiche 2026 &#8220;Le Son Partout Pour Tous&#8221; 50 x 70 cm<\/p>\n<p><img loading=\"lazy\" decoding=\"async\" class=\"aligncenter wp-image-10724\" src=\"\/\/www.auditionsolidarite.org\/wp-content\/uploads\/2026\/01\/Affiche-50-X-70-_-2026-_-SFP_BD.jpg\" alt=\"\" width=\"500\" height=\"701\" srcset=\"https:\/\/www.auditionsolidarite.org\/wp-content\/uploads\/2026\/01\/Affiche-50-X-70-_-2026-_-SFP_BD.jpg 642w, https:\/\/www.auditionsolidarite.org\/wp-content\/uploads\/2026\/01\/Affiche-50-X-70-_-2026-_-SFP_BD-214x300.jpg 214w\" sizes=\"(max-width: 500px) 100vw, 500px\" \/><\/p>\n<p>&nbsp;<\/p>\n<p style=\"text-align: center;\">Affiche 2026 &#8220;Audioproth\u00e9siste Solidaire&#8221; 42 x 29.7 cm<\/p>\n<p><img loading=\"lazy\" decoding=\"async\" class=\"aligncenter wp-image-10723\" src=\"\/\/www.auditionsolidarite.org\/wp-content\/uploads\/2026\/01\/ECO-AUDIO_2026-SFP_BD.jpg\" alt=\"\" width=\"353\" height=\"500\" srcset=\"https:\/\/www.auditionsolidarite.org\/wp-content\/uploads\/2026\/01\/ECO-AUDIO_2026-SFP_BD.jpg 636w, https:\/\/www.auditionsolidarite.org\/wp-content\/uploads\/2026\/01\/ECO-AUDIO_2026-SFP_BD-212x300.jpg 212w\" sizes=\"(max-width: 353px) 100vw, 353px\" \/><\/p>\n<p>&nbsp;<\/p>\n<p style=\"text-align: center;\">Bo\u00eete de r\u00e9cup\u00e9ration des appareils auditifs<img loading=\"lazy\" decoding=\"async\" class=\"aligncenter wp-image-10029\" src=\"\/\/www.auditionsolidarite.org\/wp-content\/uploads\/2024\/06\/Urne_Recyclage_2024_3D-BD.jpg\" alt=\"\" width=\"188\" height=\"300\" srcset=\"https:\/\/www.auditionsolidarite.org\/wp-content\/uploads\/2024\/06\/Urne_Recyclage_2024_3D-BD.jpg 376w, https:\/\/www.auditionsolidarite.org\/wp-content\/uploads\/2024\/06\/Urne_Recyclage_2024_3D-BD-188x300.jpg 188w\" sizes=\"(max-width: 188px) 100vw, 188px\" \/><\/p>\n<p>&nbsp;<\/p>\n<p style=\"text-align: center;\">Plaquette AuditionSolidarit\u00e9<b><br \/>\n<\/b><\/p>\n<table>\n<tbody>\n<tr>\n<td>\n<p style=\"text-align: center;\">Face int\u00e9rieure<b> <\/b><b><br \/>\n<\/b> <a href=\"\/\/www.auditionsolidarite.org\/wp-content\/uploads\/2023\/01\/Base-interieur_SFP_BD.jpg\"><img loading=\"lazy\" decoding=\"async\" class=\"aligncenter wp-image-9236\" src=\"\/\/www.auditionsolidarite.org\/wp-content\/uploads\/2023\/01\/Base-interieur_SFP_BD.jpg\" alt=\"\" width=\"445\" height=\"315\" srcset=\"https:\/\/www.auditionsolidarite.org\/wp-content\/uploads\/2023\/01\/Base-interieur_SFP_BD.jpg 1697w, https:\/\/www.auditionsolidarite.org\/wp-content\/uploads\/2023\/01\/Base-interieur_SFP_BD-300x212.jpg 300w, https:\/\/www.auditionsolidarite.org\/wp-content\/uploads\/2023\/01\/Base-interieur_SFP_BD-1024x724.jpg 1024w, https:\/\/www.auditionsolidarite.org\/wp-content\/uploads\/2023\/01\/Base-interieur_SFP_BD-768x543.jpg 768w, https:\/\/www.auditionsolidarite.org\/wp-content\/uploads\/2023\/01\/Base-interieur_SFP_BD-1536x1086.jpg 1536w\" sizes=\"(max-width: 445px) 100vw, 445px\" \/><\/a><\/p>\n<\/td>\n<td style=\"text-align: center;\">Face ext\u00e9rieure<a href=\"\/\/www.auditionsolidarite.org\/wp-content\/uploads\/2023\/01\/Base-exterieur_SFP_BD.jpg\"><img loading=\"lazy\" decoding=\"async\" class=\"aligncenter wp-image-9235\" src=\"\/\/www.auditionsolidarite.org\/wp-content\/uploads\/2023\/01\/Base-exterieur_SFP_BD.jpg\" alt=\"\" width=\"445\" height=\"315\" srcset=\"https:\/\/www.auditionsolidarite.org\/wp-content\/uploads\/2023\/01\/Base-exterieur_SFP_BD.jpg 1697w, https:\/\/www.auditionsolidarite.org\/wp-content\/uploads\/2023\/01\/Base-exterieur_SFP_BD-300x212.jpg 300w, https:\/\/www.auditionsolidarite.org\/wp-content\/uploads\/2023\/01\/Base-exterieur_SFP_BD-1024x724.jpg 1024w, https:\/\/www.auditionsolidarite.org\/wp-content\/uploads\/2023\/01\/Base-exterieur_SFP_BD-768x543.jpg 768w, https:\/\/www.auditionsolidarite.org\/wp-content\/uploads\/2023\/01\/Base-exterieur_SFP_BD-1536x1086.jpg 1536w\" sizes=\"(max-width: 445px) 100vw, 445px\" \/><\/a><\/td>\n<\/tr>\n<\/tbody>\n<\/table>\n<p style=\"text-align: center;\"><b><\/b>Autocollant 2025 pour votre porte d&#8217;entr\u00e9e<b> <\/b><\/p>\n<p style=\"text-align: center;\"><img loading=\"lazy\" decoding=\"async\" class=\"aligncenter wp-image-10725\" src=\"\/\/www.auditionsolidarite.org\/wp-content\/uploads\/2026\/01\/Adhesif-2026_BD.jpg\" alt=\"\" width=\"300\" height=\"300\" srcset=\"https:\/\/www.auditionsolidarite.org\/wp-content\/uploads\/2026\/01\/Adhesif-2026_BD.jpg 400w, https:\/\/www.auditionsolidarite.org\/wp-content\/uploads\/2026\/01\/Adhesif-2026_BD-300x300.jpg 300w, https:\/\/www.auditionsolidarite.org\/wp-content\/uploads\/2026\/01\/Adhesif-2026_BD-150x150.jpg 150w, https:\/\/www.auditionsolidarite.org\/wp-content\/uploads\/2026\/01\/Adhesif-2026_BD-90x90.jpg 90w, https:\/\/www.auditionsolidarite.org\/wp-content\/uploads\/2026\/01\/Adhesif-2026_BD-75x75.jpg 75w\" sizes=\"(max-width: 300px) 100vw, 300px\" \/><\/p>\n<hr \/>\n<p style=\"text-align: center;\"><strong><b><br \/>\n<\/b>Affiches Optionnelles<\/strong> (sur demande)<\/p>\n<p style=\"text-align: center;\">Affiche &#8220;L\u00e9on le son&#8221; 60 x 40 cm<\/p>\n<p><img loading=\"lazy\" decoding=\"async\" class=\"aligncenter wp-image-10726\" src=\"\/\/www.auditionsolidarite.org\/wp-content\/uploads\/2026\/01\/Affiche-oreille-60-x-40_BD.jpg\" alt=\"\" width=\"600\" height=\"401\" srcset=\"https:\/\/www.auditionsolidarite.org\/wp-content\/uploads\/2026\/01\/Affiche-oreille-60-x-40_BD.jpg 900w, https:\/\/www.auditionsolidarite.org\/wp-content\/uploads\/2026\/01\/Affiche-oreille-60-x-40_BD-300x200.jpg 300w, https:\/\/www.auditionsolidarite.org\/wp-content\/uploads\/2026\/01\/Affiche-oreille-60-x-40_BD-768x513.jpg 768w\" sizes=\"(max-width: 600px) 100vw, 600px\" \/><\/p>\n<p>&nbsp;<\/p>\n<p style=\"text-align: center;\">Affiche &#8220;\u00c9chelle des d\u00e9cibels&#8221; 60 x 40 cm<img loading=\"lazy\" decoding=\"async\" class=\"aligncenter wp-image-7218\" src=\"\/\/www.auditionsolidarite.org\/wp-content\/uploads\/2020\/01\/Echelle_dB_bd.jpg\" alt=\"\" width=\"403\" height=\"600\" srcset=\"https:\/\/www.auditionsolidarite.org\/wp-content\/uploads\/2020\/01\/Echelle_dB_bd.jpg 605w, https:\/\/www.auditionsolidarite.org\/wp-content\/uploads\/2020\/01\/Echelle_dB_bd-202x300.jpg 202w\" sizes=\"(max-width: 403px) 100vw, 403px\" \/><b><br \/>\n<\/b><\/p>\n<p style=\"text-align: center;\">Affiche &#8220;Bons Conseils&#8221; 40 x 60 cm<\/p>\n<p><img loading=\"lazy\" decoding=\"async\" class=\"aligncenter wp-image-7217\" src=\"\/\/www.auditionsolidarite.org\/wp-content\/uploads\/2020\/01\/AFFICHE_BON-CONSEILbd-Copier.jpg\" alt=\"\" width=\"600\" height=\"401\" srcset=\"https:\/\/www.auditionsolidarite.org\/wp-content\/uploads\/2020\/01\/AFFICHE_BON-CONSEILbd-Copier.jpg 800w, https:\/\/www.auditionsolidarite.org\/wp-content\/uploads\/2020\/01\/AFFICHE_BON-CONSEILbd-Copier-300x201.jpg 300w, https:\/\/www.auditionsolidarite.org\/wp-content\/uploads\/2020\/01\/AFFICHE_BON-CONSEILbd-Copier-768x514.jpg 768w\" sizes=\"(max-width: 600px) 100vw, 600px\" \/><\/p>\n<p>&nbsp;<\/p>\n<p style=\"text-align: center;\">Affiche &#8220;Oreille&#8221; 40 x 60 cm<\/p>\n<p style=\"text-align: center;\"><img loading=\"lazy\" decoding=\"async\" class=\"aligncenter wp-image-5168\" src=\"\/wp-content\/uploads\/2015\/08\/Poster-oreille-version-2017.jpg\" alt=\"\" width=\"600\" height=\"400\" srcset=\"https:\/\/www.auditionsolidarite.org\/wp-content\/uploads\/2015\/08\/Poster-oreille-version-2017.jpg 1000w, https:\/\/www.auditionsolidarite.org\/wp-content\/uploads\/2015\/08\/Poster-oreille-version-2017-300x200.jpg 300w, https:\/\/www.auditionsolidarite.org\/wp-content\/uploads\/2015\/08\/Poster-oreille-version-2017-768x512.jpg 768w\" sizes=\"(max-width: 600px) 100vw, 600px\" \/><\/p>\n<p>&nbsp;<\/p>\n<p style=\"text-align: center;\">Affiche &#8220;Orchestre&#8221; 40 x 60 cm<b><b><img loading=\"lazy\" decoding=\"async\" class=\"aligncenter wp-image-5940\" src=\"\/\/www.auditionsolidarite.org\/wp-content\/uploads\/2015\/08\/poster-db2018B-cmjn-Copier.jpg\" alt=\"\" width=\"600\" height=\"400\" srcset=\"https:\/\/www.auditionsolidarite.org\/wp-content\/uploads\/2015\/08\/poster-db2018B-cmjn-Copier.jpg 1000w, https:\/\/www.auditionsolidarite.org\/wp-content\/uploads\/2015\/08\/poster-db2018B-cmjn-Copier-300x200.jpg 300w, https:\/\/www.auditionsolidarite.org\/wp-content\/uploads\/2015\/08\/poster-db2018B-cmjn-Copier-768x512.jpg 768w\" sizes=\"(max-width: 600px) 100vw, 600px\" \/><\/b><\/b><\/p>\n<p>&nbsp;<\/p>\n<p style=\"text-align: center;\">Affiche &#8220;L&#8217;Atelier de Recyclage&#8221; 50 x 70 cm<b><br \/>\n<\/b><img loading=\"lazy\" decoding=\"async\" class=\"aligncenter wp-image-6623\" src=\"\/\/www.auditionsolidarite.org\/wp-content\/uploads\/2015\/08\/RET_CL-AFF50X70-Copier.jpg\" alt=\"\" width=\"600\" height=\"429\" srcset=\"https:\/\/www.auditionsolidarite.org\/wp-content\/uploads\/2015\/08\/RET_CL-AFF50X70-Copier.jpg 1512w, https:\/\/www.auditionsolidarite.org\/wp-content\/uploads\/2015\/08\/RET_CL-AFF50X70-Copier-300x214.jpg 300w, https:\/\/www.auditionsolidarite.org\/wp-content\/uploads\/2015\/08\/RET_CL-AFF50X70-Copier-768x549.jpg 768w, https:\/\/www.auditionsolidarite.org\/wp-content\/uploads\/2015\/08\/RET_CL-AFF50X70-Copier-1024x731.jpg 1024w\" sizes=\"(max-width: 600px) 100vw, 600px\" \/><\/p>\n<p>&nbsp;<\/p>\n<hr \/>\n<p>&nbsp;<\/p>\n<p style=\"text-align: center;\"><strong>Marque-pages<\/strong>\u00a0(sur demande)<\/p>\n<p style=\"text-align: center;\">Marque-page \u201cM\u00e9c\u00e9nat\u201d<\/p>\n<p><img loading=\"lazy\" decoding=\"async\" class=\"aligncenter wp-image-10730\" src=\"\/\/www.auditionsolidarite.org\/wp-content\/uploads\/2026\/01\/Marque-page-mecenat.png\" alt=\"\" width=\"245\" height=\"299\" srcset=\"https:\/\/www.auditionsolidarite.org\/wp-content\/uploads\/2026\/01\/Marque-page-mecenat.png 581w, https:\/\/www.auditionsolidarite.org\/wp-content\/uploads\/2026\/01\/Marque-page-mecenat-246x300.png 246w\" sizes=\"(max-width: 245px) 100vw, 245px\" \/><\/p>\n<p>&nbsp;<\/p>\n<p style=\"text-align: center;\">Marque-page \u201c\u00c9chelle des d\u00e9cibels\u201d<a href=\"\/\/www.auditionsolidarite.org\/wp-content\/uploads\/2024\/06\/Marque-Page_BD.png\"><img loading=\"lazy\" decoding=\"async\" class=\"aligncenter wp-image-9984\" src=\"\/\/www.auditionsolidarite.org\/wp-content\/uploads\/2024\/06\/Marque-Page_BD.png\" alt=\"\" width=\"250\" height=\"326\" srcset=\"https:\/\/www.auditionsolidarite.org\/wp-content\/uploads\/2024\/06\/Marque-Page_BD.png 700w, https:\/\/www.auditionsolidarite.org\/wp-content\/uploads\/2024\/06\/Marque-Page_BD-230x300.png 230w\" sizes=\"(max-width: 250px) 100vw, 250px\" \/><\/a><\/p>","protected":false},"excerpt":{"rendered":"<p>Chaque ann\u00e9e en janvier, nos m\u00e9c\u00e8nes re\u00e7oivent un kit de communication complet\u00a0 Affiche 2026 &#8220;Le Son Partout Pour Tous&#8221; 50 x 70 cm &nbsp; Affiche 2026 &#8220;Audioproth\u00e9siste Solidaire&#8221; 42 x 29.7 cm &nbsp; Bo\u00eete de r\u00e9cup\u00e9ration des appareils auditifs &nbsp; Plaquette AuditionSolidarit\u00e9 Face int\u00e9rieure Face ext\u00e9rieure Autocollant 2025 pour votre porte d&#8217;entr\u00e9e Affiches Optionnelles (sur demande) Affiche &#8220;L\u00e9on le son&#8221;<\/p>\n","protected":false},"author":2,"featured_media":0,"parent":0,"menu_order":0,"comment_status":"closed","ping_status":"closed","template":"","meta":{"footnotes":""},"acf":[],"yoast_head":"<!-- This site is optimized with the Yoast SEO plugin v21.9.1 - https:\/\/yoast.com\/wordpress\/plugins\/seo\/ -->\n<title>Kit M\u00e9c\u00e8ne Audioproth\u00e9siste - AuditionSolidarit\u00e9<\/title>\n<meta name=\"robots\" content=\"index, follow, max-snippet:-1, max-image-preview:large, max-video-preview:-1\" \/>\n<link rel=\"canonical\" href=\"https:\/\/www.auditionsolidarite.org\/fr\/kit-visuel-mecene-audioprothesiste\/\" \/>\n<meta property=\"og:locale\" content=\"fr_FR\" \/>\n<meta property=\"og:type\" content=\"article\" \/>\n<meta property=\"og:title\" content=\"Kit M\u00e9c\u00e8ne Audioproth\u00e9siste - AuditionSolidarit\u00e9\" \/>\n<meta property=\"og:description\" content=\"Chaque ann\u00e9e en janvier, nos m\u00e9c\u00e8nes re\u00e7oivent un kit de communication complet\u00a0 Affiche 2026 &#8220;Le Son Partout Pour Tous&#8221; 50 x 70 cm &nbsp; Affiche 2026 &#8220;Audioproth\u00e9siste Solidaire&#8221; 42 x 29.7 cm &nbsp; Bo\u00eete de r\u00e9cup\u00e9ration des appareils auditifs &nbsp; Plaquette AuditionSolidarit\u00e9 Face int\u00e9rieure Face ext\u00e9rieure Autocollant 2025 pour votre porte d&#8217;entr\u00e9e Affiches Optionnelles (sur demande) Affiche &#8220;L\u00e9on le son&#8221;\" \/>\n<meta property=\"og:url\" content=\"https:\/\/www.auditionsolidarite.org\/fr\/kit-visuel-mecene-audioprothesiste\/\" \/>\n<meta property=\"og:site_name\" content=\"AuditionSolidarit\u00e9\" \/>\n<meta property=\"article:modified_time\" content=\"2026-01-07T16:06:17+00:00\" \/>\n<meta property=\"og:image\" content=\"https:\/\/www.auditionsolidarite.org\/wp-content\/uploads\/2015\/07\/logo-audition-solidarite-e1446132259721.png\" \/>\n\t<meta property=\"og:image:width\" content=\"600\" \/>\n\t<meta property=\"og:image:height\" content=\"593\" \/>\n\t<meta property=\"og:image:type\" content=\"image\/png\" \/>\n<meta name=\"twitter:card\" content=\"summary_large_image\" \/>\n<meta name=\"twitter:label1\" content=\"Dur\u00e9e de lecture estim\u00e9e\" \/>\n\t<meta name=\"twitter:data1\" content=\"4 minutes\" \/>\n<script type=\"application\/ld+json\" class=\"yoast-schema-graph\">{\"@context\":\"https:\/\/schema.org\",\"@graph\":[{\"@type\":\"WebPage\",\"@id\":\"https:\/\/www.auditionsolidarite.org\/fr\/kit-visuel-mecene-audioprothesiste\/\",\"url\":\"https:\/\/www.auditionsolidarite.org\/fr\/kit-visuel-mecene-audioprothesiste\/\",\"name\":\"Kit M\u00e9c\u00e8ne Audioproth\u00e9siste - AuditionSolidarit\u00e9\",\"isPartOf\":{\"@id\":\"https:\/\/www.auditionsolidarite.org\/fr\/#website\"},\"datePublished\":\"2015-08-27T09:13:59+00:00\",\"dateModified\":\"2026-01-07T16:06:17+00:00\",\"breadcrumb\":{\"@id\":\"https:\/\/www.auditionsolidarite.org\/fr\/kit-visuel-mecene-audioprothesiste\/#breadcrumb\"},\"inLanguage\":\"fr-FR\",\"potentialAction\":[{\"@type\":\"ReadAction\",\"target\":[[\"https:\/\/www.auditionsolidarite.org\/fr\/kit-visuel-mecene-audioprothesiste\/\"]]}]},{\"@type\":\"BreadcrumbList\",\"@id\":\"https:\/\/www.auditionsolidarite.org\/fr\/kit-visuel-mecene-audioprothesiste\/#breadcrumb\",\"itemListElement\":[{\"@type\":\"ListItem\",\"position\":1,\"name\":\"Accueil\",\"item\":\"https:\/\/www.auditionsolidarite.org\/fr\/\"},{\"@type\":\"ListItem\",\"position\":2,\"name\":\"Kit M\u00e9c\u00e8ne Audioproth\u00e9siste\"}]},{\"@type\":\"WebSite\",\"@id\":\"https:\/\/www.auditionsolidarite.org\/fr\/#website\",\"url\":\"https:\/\/www.auditionsolidarite.org\/fr\/\",\"name\":\"AuditionSolidarit\u00e9\",\"description\":\"Le hasard n&#039;existe pas ! Si vous \u00eates l\u00e0 aujourd&#039;hui, c&#039;est que le monde de l&#039;audition vous touche... Alors merci d&#039;\u00eatre l\u00e0 !\",\"publisher\":{\"@id\":\"https:\/\/www.auditionsolidarite.org\/fr\/#organization\"},\"potentialAction\":[{\"@type\":\"SearchAction\",\"target\":{\"@type\":\"EntryPoint\",\"urlTemplate\":\"https:\/\/www.auditionsolidarite.org\/fr\/?s={search_term_string}\"},\"query-input\":\"required name=search_term_string\"}],\"inLanguage\":\"fr-FR\"},{\"@type\":\"Organization\",\"@id\":\"https:\/\/www.auditionsolidarite.org\/fr\/#organization\",\"name\":\"AuditionSolidarit\u00e9\",\"url\":\"https:\/\/www.auditionsolidarite.org\/fr\/\",\"logo\":{\"@type\":\"ImageObject\",\"inLanguage\":\"fr-FR\",\"@id\":\"https:\/\/www.auditionsolidarite.org\/fr\/#\/schema\/logo\/image\/\",\"url\":\"https:\/\/www.auditionsolidarite.org\/wp-content\/uploads\/2015\/07\/logo-audition-solidarite-e1446132259721.png\",\"contentUrl\":\"https:\/\/www.auditionsolidarite.org\/wp-content\/uploads\/2015\/07\/logo-audition-solidarite-e1446132259721.png\",\"width\":600,\"height\":593,\"caption\":\"AuditionSolidarit\u00e9\"},\"image\":{\"@id\":\"https:\/\/www.auditionsolidarite.org\/fr\/#\/schema\/logo\/image\/\"}}]}<\/script>\n<!-- \/ Yoast SEO plugin. -->","yoast_head_json":{"title":"Kit M\u00e9c\u00e8ne Audioproth\u00e9siste - AuditionSolidarit\u00e9","robots":{"index":"index","follow":"follow","max-snippet":"max-snippet:-1","max-image-preview":"max-image-preview:large","max-video-preview":"max-video-preview:-1"},"canonical":"https:\/\/www.auditionsolidarite.org\/fr\/kit-visuel-mecene-audioprothesiste\/","og_locale":"fr_FR","og_type":"article","og_title":"Kit M\u00e9c\u00e8ne Audioproth\u00e9siste - AuditionSolidarit\u00e9","og_description":"Chaque ann\u00e9e en janvier, nos m\u00e9c\u00e8nes re\u00e7oivent un kit de communication complet\u00a0 Affiche 2026 &#8220;Le Son Partout Pour Tous&#8221; 50 x 70 cm &nbsp; Affiche 2026 &#8220;Audioproth\u00e9siste Solidaire&#8221; 42 x 29.7 cm &nbsp; Bo\u00eete de r\u00e9cup\u00e9ration des appareils auditifs &nbsp; Plaquette AuditionSolidarit\u00e9 Face int\u00e9rieure Face ext\u00e9rieure Autocollant 2025 pour votre porte d&#8217;entr\u00e9e Affiches Optionnelles (sur demande) Affiche &#8220;L\u00e9on le son&#8221;","og_url":"https:\/\/www.auditionsolidarite.org\/fr\/kit-visuel-mecene-audioprothesiste\/","og_site_name":"AuditionSolidarit\u00e9","article_modified_time":"2026-01-07T16:06:17+00:00","og_image":[{"width":600,"height":593,"url":"https:\/\/www.auditionsolidarite.org\/wp-content\/uploads\/2015\/07\/logo-audition-solidarite-e1446132259721.png","type":"image\/png"}],"twitter_card":"summary_large_image","twitter_misc":{"Dur\u00e9e de lecture estim\u00e9e":"4 minutes"},"schema":{"@context":"https:\/\/schema.org","@graph":[{"@type":"WebPage","@id":"https:\/\/www.auditionsolidarite.org\/fr\/kit-visuel-mecene-audioprothesiste\/","url":"https:\/\/www.auditionsolidarite.org\/fr\/kit-visuel-mecene-audioprothesiste\/","name":"Kit M\u00e9c\u00e8ne Audioproth\u00e9siste - AuditionSolidarit\u00e9","isPartOf":{"@id":"https:\/\/www.auditionsolidarite.org\/fr\/#website"},"datePublished":"2015-08-27T09:13:59+00:00","dateModified":"2026-01-07T16:06:17+00:00","breadcrumb":{"@id":"https:\/\/www.auditionsolidarite.org\/fr\/kit-visuel-mecene-audioprothesiste\/#breadcrumb"},"inLanguage":"fr-FR","potentialAction":[{"@type":"ReadAction","target":[["https:\/\/www.auditionsolidarite.org\/fr\/kit-visuel-mecene-audioprothesiste\/"]]}]},{"@type":"BreadcrumbList","@id":"https:\/\/www.auditionsolidarite.org\/fr\/kit-visuel-mecene-audioprothesiste\/#breadcrumb","itemListElement":[{"@type":"ListItem","position":1,"name":"Accueil","item":"https:\/\/www.auditionsolidarite.org\/fr\/"},{"@type":"ListItem","position":2,"name":"Kit M\u00e9c\u00e8ne Audioproth\u00e9siste"}]},{"@type":"WebSite","@id":"https:\/\/www.auditionsolidarite.org\/fr\/#website","url":"https:\/\/www.auditionsolidarite.org\/fr\/","name":"AuditionSolidarit\u00e9","description":"Le hasard n&#039;existe pas ! Si vous \u00eates l\u00e0 aujourd&#039;hui, c&#039;est que le monde de l&#039;audition vous touche... Alors merci d&#039;\u00eatre l\u00e0 !","publisher":{"@id":"https:\/\/www.auditionsolidarite.org\/fr\/#organization"},"potentialAction":[{"@type":"SearchAction","target":{"@type":"EntryPoint","urlTemplate":"https:\/\/www.auditionsolidarite.org\/fr\/?s={search_term_string}"},"query-input":"required name=search_term_string"}],"inLanguage":"fr-FR"},{"@type":"Organization","@id":"https:\/\/www.auditionsolidarite.org\/fr\/#organization","name":"AuditionSolidarit\u00e9","url":"https:\/\/www.auditionsolidarite.org\/fr\/","logo":{"@type":"ImageObject","inLanguage":"fr-FR","@id":"https:\/\/www.auditionsolidarite.org\/fr\/#\/schema\/logo\/image\/","url":"https:\/\/www.auditionsolidarite.org\/wp-content\/uploads\/2015\/07\/logo-audition-solidarite-e1446132259721.png","contentUrl":"https:\/\/www.auditionsolidarite.org\/wp-content\/uploads\/2015\/07\/logo-audition-solidarite-e1446132259721.png","width":600,"height":593,"caption":"AuditionSolidarit\u00e9"},"image":{"@id":"https:\/\/www.auditionsolidarite.org\/fr\/#\/schema\/logo\/image\/"}}]}},"_links":{"self":[{"href":"https:\/\/www.auditionsolidarite.org\/fr\/wp-json\/wp\/v2\/pages\/2648"}],"collection":[{"href":"https:\/\/www.auditionsolidarite.org\/fr\/wp-json\/wp\/v2\/pages"}],"about":[{"href":"https:\/\/www.auditionsolidarite.org\/fr\/wp-json\/wp\/v2\/types\/page"}],"author":[{"embeddable":true,"href":"https:\/\/www.auditionsolidarite.org\/fr\/wp-json\/wp\/v2\/users\/2"}],"replies":[{"embeddable":true,"href":"https:\/\/www.auditionsolidarite.org\/fr\/wp-json\/wp\/v2\/comments?post=2648"}],"version-history":[{"count":11,"href":"https:\/\/www.auditionsolidarite.org\/fr\/wp-json\/wp\/v2\/pages\/2648\/revisions"}],"predecessor-version":[{"id":10731,"href":"https:\/\/www.auditionsolidarite.org\/fr\/wp-json\/wp\/v2\/pages\/2648\/revisions\/10731"}],"wp:attachment":[{"href":"https:\/\/www.auditionsolidarite.org\/fr\/wp-json\/wp\/v2\/media?parent=2648"}],"curies":[{"name":"wp","href":"https:\/\/api.w.org\/{rel}","templated":true}]}}