{"id":26,"date":"2015-07-07T14:06:02","date_gmt":"2015-07-07T13:06:02","guid":{"rendered":"http:\/\/localhost\/auditionsolidarite.org\/?page_id=26"},"modified":"2024-07-12T16:03:37","modified_gmt":"2024-07-12T15:03:37","slug":"lorganisation","status":"publish","type":"page","link":"https:\/\/www.auditionsolidarite.org\/fr\/lorganisation\/","title":{"rendered":"L\u2019organisation"},"content":{"rendered":"AuditionSolidarite.Org est bas\u00e9e dans les Landes \u00e0 Yzosse.<b><br \/>\n<\/b>AuditionSolidarite.Org est une association humanitaire et citoyenne cr\u00e9\u00e9e en 2008, pr\u00e9sid\u00e9e par Christine BOURGER. Cette association loi 1901 poursuit une mission d&#8217;int\u00e9r\u00eat g\u00e9n\u00e9ral.<b><b><br \/>\n<\/b><br \/>\n<\/b><b><b> <\/b><\/b><b> <\/b><\/p>\n<h5 style=\"text-align: justify;\"><strong>Le but<\/strong><\/h5>\n<p style=\"text-align: justify;\">AuditionSolidarite.Org a pour but d\u2019\u0153uvrer ensemble pour l&#8217;am\u00e9lioration du bien-\u00eatre auditif aupr\u00e8s des populations sensibles ou d\u00e9favoris\u00e9es \u00e0 travers le monde, au moyen de pr\u00e9vention, d&#8217;information, de mise en place de technologies auditives, de formation,<\/p>\n<p style=\"text-align: justify;\">de recherche et d&#8217;actions visant \u00e0 soutenir tout projet humanitaire en faveur du monde de l&#8217;Audition.<\/p>\n<p>&nbsp;<\/p>\n<h5 style=\"text-align: justify;\"><strong>Le conseil d&#8217;administration<\/strong><\/h5>\n<table style=\"border-color: #0f305e;\">\n<tbody>\n<tr style=\"height: 184px;\">\n<td style=\"text-align: center; height: 184px;\">Pr\u00e9sidente :<b><br \/>\n<\/b><strong>Christine Bourger<\/strong><\/p>\n<p><em>Audioproth\u00e9siste<\/em><img loading=\"lazy\" decoding=\"async\" class=\"aligncenter wp-image-5564\" src=\"\/\/www.auditionsolidarite.org\/wp-content\/uploads\/2015\/07\/Kiki-ok-Copier.jpg\" alt=\"\" width=\"173\" height=\"130\" srcset=\"https:\/\/www.auditionsolidarite.org\/wp-content\/uploads\/2015\/07\/Kiki-ok-Copier.jpg 1000w, https:\/\/www.auditionsolidarite.org\/wp-content\/uploads\/2015\/07\/Kiki-ok-Copier-300x225.jpg 300w, https:\/\/www.auditionsolidarite.org\/wp-content\/uploads\/2015\/07\/Kiki-ok-Copier-768x577.jpg 768w\" sizes=\"(max-width: 173px) 100vw, 173px\" \/><\/td>\n<td style=\"text-align: center; height: 184px;\">Vice-pr\u00e9sidente :<b><br \/>\n<\/b><strong>Genevi\u00e8ve Luquet-Theux<\/strong><\/p>\n<p><em>Expert-comptable<img loading=\"lazy\" decoding=\"async\" class=\"aligncenter wp-image-8813\" src=\"\/\/www.auditionsolidarite.org\/wp-content\/uploads\/2022\/06\/Geunevieve-BD.jpg\" alt=\"\" width=\"130\" height=\"130\" srcset=\"https:\/\/www.auditionsolidarite.org\/wp-content\/uploads\/2022\/06\/Geunevieve-BD.jpg 600w, https:\/\/www.auditionsolidarite.org\/wp-content\/uploads\/2022\/06\/Geunevieve-BD-300x300.jpg 300w, https:\/\/www.auditionsolidarite.org\/wp-content\/uploads\/2022\/06\/Geunevieve-BD-150x150.jpg 150w, https:\/\/www.auditionsolidarite.org\/wp-content\/uploads\/2022\/06\/Geunevieve-BD-90x90.jpg 90w, https:\/\/www.auditionsolidarite.org\/wp-content\/uploads\/2022\/06\/Geunevieve-BD-75x75.jpg 75w\" sizes=\"(max-width: 130px) 100vw, 130px\" \/><\/em><\/td>\n<td style=\"text-align: center; height: 184px;\">\n<p>Secr\u00e9taire :<\/p>\n<p><b><strong>Pascal Graff<\/strong><\/b><\/p>\n<p><em>Directeur commercial et marketing<img loading=\"lazy\" decoding=\"async\" class=\"aligncenter wp-image-10063\" src=\"\/\/www.auditionsolidarite.org\/wp-content\/uploads\/2024\/07\/PG.jpg\" alt=\"\" width=\"130\" height=\"126\" srcset=\"https:\/\/www.auditionsolidarite.org\/wp-content\/uploads\/2024\/07\/PG.jpg 310w, https:\/\/www.auditionsolidarite.org\/wp-content\/uploads\/2024\/07\/PG-300x290.jpg 300w\" sizes=\"(max-width: 130px) 100vw, 130px\" \/><\/em><\/td>\n<\/tr>\n<tr>\n<td style=\"text-align: center;\">Tr\u00e9sorier : <b><br \/>\n<\/b><b><\/b><strong>S\u00e9bastien Boucher<\/strong><\/p>\n<p><em>Pharmacien &#8211; biologiste<\/em><em> <img loading=\"lazy\" decoding=\"async\" class=\"aligncenter wp-image-8815\" src=\"\/\/www.auditionsolidarite.org\/wp-content\/uploads\/2022\/06\/sebastien-Boucher-1-BD.jpg\" alt=\"\" width=\"135\" height=\"130\" srcset=\"https:\/\/www.auditionsolidarite.org\/wp-content\/uploads\/2022\/06\/sebastien-Boucher-1-BD.jpg 500w, https:\/\/www.auditionsolidarite.org\/wp-content\/uploads\/2022\/06\/sebastien-Boucher-1-BD-300x289.jpg 300w\" sizes=\"(max-width: 135px) 100vw, 135px\" \/><br \/>\n<\/em><\/td>\n<td style=\"text-align: center;\">Administratrice :<b><br \/>\nCarole Ercole<\/b><\/p>\n<p><em>Dirigeante association humanitaire<\/em><img loading=\"lazy\" decoding=\"async\" class=\"aligncenter wp-image-6248\" src=\"\/\/www.auditionsolidarite.org\/wp-content\/uploads\/2015\/07\/Carole-Copier.jpg\" alt=\"\" width=\"173\" height=\"130\" srcset=\"https:\/\/www.auditionsolidarite.org\/wp-content\/uploads\/2015\/07\/Carole-Copier.jpg 800w, https:\/\/www.auditionsolidarite.org\/wp-content\/uploads\/2015\/07\/Carole-Copier-300x225.jpg 300w, https:\/\/www.auditionsolidarite.org\/wp-content\/uploads\/2015\/07\/Carole-Copier-768x577.jpg 768w\" sizes=\"(max-width: 173px) 100vw, 173px\" \/><\/td>\n<td style=\"text-align: center;\">Administratrice :<b><br \/>\nOdile Petit<\/b><\/p>\n<p><em>Dirigeante association humanitaire<\/em> <img loading=\"lazy\" decoding=\"async\" class=\"aligncenter wp-image-6254\" src=\"\/\/www.auditionsolidarite.org\/wp-content\/uploads\/2015\/07\/Odile-Copier-2.jpg\" alt=\"\" width=\"173\" height=\"130\" srcset=\"https:\/\/www.auditionsolidarite.org\/wp-content\/uploads\/2015\/07\/Odile-Copier-2.jpg 800w, https:\/\/www.auditionsolidarite.org\/wp-content\/uploads\/2015\/07\/Odile-Copier-2-300x225.jpg 300w, https:\/\/www.auditionsolidarite.org\/wp-content\/uploads\/2015\/07\/Odile-Copier-2-768x577.jpg 768w\" sizes=\"(max-width: 173px) 100vw, 173px\" \/><\/td>\n<\/tr>\n<\/tbody>\n<\/table>","protected":false},"excerpt":{"rendered":"<p>AuditionSolidarite.Org est bas\u00e9e dans les Landes \u00e0 Yzosse. AuditionSolidarite.Org est une association humanitaire et citoyenne cr\u00e9\u00e9e en 2008, pr\u00e9sid\u00e9e par Christine BOURGER. Cette association loi 1901 poursuit une mission d&#8217;int\u00e9r\u00eat g\u00e9n\u00e9ral. Le but AuditionSolidarite.Org a pour but d\u2019\u0153uvrer ensemble pour l&#8217;am\u00e9lioration du bien-\u00eatre auditif aupr\u00e8s des populations sensibles ou d\u00e9favoris\u00e9es \u00e0 travers le monde, au moyen de pr\u00e9vention, d&#8217;information, de<\/p>\n","protected":false},"author":10,"featured_media":0,"parent":0,"menu_order":0,"comment_status":"closed","ping_status":"closed","template":"","meta":{"footnotes":""},"acf":[],"yoast_head":"<!-- This site is optimized with the Yoast SEO plugin v21.9.1 - https:\/\/yoast.com\/wordpress\/plugins\/seo\/ -->\n<title>L\u2019organisation - AuditionSolidarit\u00e9<\/title>\n<meta name=\"robots\" content=\"index, follow, max-snippet:-1, max-image-preview:large, max-video-preview:-1\" \/>\n<link rel=\"canonical\" href=\"https:\/\/www.auditionsolidarite.org\/fr\/lorganisation\/\" \/>\n<meta property=\"og:locale\" content=\"fr_FR\" \/>\n<meta property=\"og:type\" content=\"article\" \/>\n<meta property=\"og:title\" content=\"L\u2019organisation - AuditionSolidarit\u00e9\" \/>\n<meta property=\"og:description\" content=\"AuditionSolidarite.Org est bas\u00e9e dans les Landes \u00e0 Yzosse. AuditionSolidarite.Org est une association humanitaire et citoyenne cr\u00e9\u00e9e en 2008, pr\u00e9sid\u00e9e par Christine BOURGER. Cette association loi 1901 poursuit une mission d&#8217;int\u00e9r\u00eat g\u00e9n\u00e9ral. Le but AuditionSolidarite.Org a pour but d\u2019\u0153uvrer ensemble pour l&#8217;am\u00e9lioration du bien-\u00eatre auditif aupr\u00e8s des populations sensibles ou d\u00e9favoris\u00e9es \u00e0 travers le monde, au moyen de pr\u00e9vention, d&#8217;information, de\" \/>\n<meta property=\"og:url\" content=\"https:\/\/www.auditionsolidarite.org\/fr\/lorganisation\/\" \/>\n<meta property=\"og:site_name\" content=\"AuditionSolidarit\u00e9\" \/>\n<meta property=\"article:modified_time\" content=\"2024-07-12T15:03:37+00:00\" \/>\n<meta property=\"og:image\" content=\"https:\/\/www.auditionsolidarite.org\/wp-content\/uploads\/2015\/07\/logo-audition-solidarite-e1446132259721.png\" \/>\n\t<meta property=\"og:image:width\" content=\"600\" \/>\n\t<meta property=\"og:image:height\" content=\"593\" \/>\n\t<meta property=\"og:image:type\" content=\"image\/png\" \/>\n<meta name=\"twitter:card\" content=\"summary_large_image\" \/>\n<meta name=\"twitter:label1\" content=\"Dur\u00e9e de lecture estim\u00e9e\" \/>\n\t<meta name=\"twitter:data1\" content=\"2 minutes\" \/>\n<script type=\"application\/ld+json\" class=\"yoast-schema-graph\">{\"@context\":\"https:\/\/schema.org\",\"@graph\":[{\"@type\":\"WebPage\",\"@id\":\"https:\/\/www.auditionsolidarite.org\/fr\/lorganisation\/\",\"url\":\"https:\/\/www.auditionsolidarite.org\/fr\/lorganisation\/\",\"name\":\"L\u2019organisation - AuditionSolidarit\u00e9\",\"isPartOf\":{\"@id\":\"https:\/\/www.auditionsolidarite.org\/fr\/#website\"},\"datePublished\":\"2015-07-07T13:06:02+00:00\",\"dateModified\":\"2024-07-12T15:03:37+00:00\",\"breadcrumb\":{\"@id\":\"https:\/\/www.auditionsolidarite.org\/fr\/lorganisation\/#breadcrumb\"},\"inLanguage\":\"fr-FR\",\"potentialAction\":[{\"@type\":\"ReadAction\",\"target\":[[\"https:\/\/www.auditionsolidarite.org\/fr\/lorganisation\/\"]]}]},{\"@type\":\"BreadcrumbList\",\"@id\":\"https:\/\/www.auditionsolidarite.org\/fr\/lorganisation\/#breadcrumb\",\"itemListElement\":[{\"@type\":\"ListItem\",\"position\":1,\"name\":\"Accueil\",\"item\":\"https:\/\/www.auditionsolidarite.org\/fr\/\"},{\"@type\":\"ListItem\",\"position\":2,\"name\":\"L\u2019organisation\"}]},{\"@type\":\"WebSite\",\"@id\":\"https:\/\/www.auditionsolidarite.org\/fr\/#website\",\"url\":\"https:\/\/www.auditionsolidarite.org\/fr\/\",\"name\":\"AuditionSolidarit\u00e9\",\"description\":\"Le hasard n&#039;existe pas ! Si vous \u00eates l\u00e0 aujourd&#039;hui, c&#039;est que le monde de l&#039;audition vous touche... Alors merci d&#039;\u00eatre l\u00e0 !\",\"publisher\":{\"@id\":\"https:\/\/www.auditionsolidarite.org\/fr\/#organization\"},\"potentialAction\":[{\"@type\":\"SearchAction\",\"target\":{\"@type\":\"EntryPoint\",\"urlTemplate\":\"https:\/\/www.auditionsolidarite.org\/fr\/?s={search_term_string}\"},\"query-input\":\"required name=search_term_string\"}],\"inLanguage\":\"fr-FR\"},{\"@type\":\"Organization\",\"@id\":\"https:\/\/www.auditionsolidarite.org\/fr\/#organization\",\"name\":\"AuditionSolidarit\u00e9\",\"url\":\"https:\/\/www.auditionsolidarite.org\/fr\/\",\"logo\":{\"@type\":\"ImageObject\",\"inLanguage\":\"fr-FR\",\"@id\":\"https:\/\/www.auditionsolidarite.org\/fr\/#\/schema\/logo\/image\/\",\"url\":\"https:\/\/www.auditionsolidarite.org\/wp-content\/uploads\/2015\/07\/logo-audition-solidarite-e1446132259721.png\",\"contentUrl\":\"https:\/\/www.auditionsolidarite.org\/wp-content\/uploads\/2015\/07\/logo-audition-solidarite-e1446132259721.png\",\"width\":600,\"height\":593,\"caption\":\"AuditionSolidarit\u00e9\"},\"image\":{\"@id\":\"https:\/\/www.auditionsolidarite.org\/fr\/#\/schema\/logo\/image\/\"}}]}<\/script>\n<!-- \/ Yoast SEO plugin. -->","yoast_head_json":{"title":"L\u2019organisation - AuditionSolidarit\u00e9","robots":{"index":"index","follow":"follow","max-snippet":"max-snippet:-1","max-image-preview":"max-image-preview:large","max-video-preview":"max-video-preview:-1"},"canonical":"https:\/\/www.auditionsolidarite.org\/fr\/lorganisation\/","og_locale":"fr_FR","og_type":"article","og_title":"L\u2019organisation - AuditionSolidarit\u00e9","og_description":"AuditionSolidarite.Org est bas\u00e9e dans les Landes \u00e0 Yzosse. AuditionSolidarite.Org est une association humanitaire et citoyenne cr\u00e9\u00e9e en 2008, pr\u00e9sid\u00e9e par Christine BOURGER. Cette association loi 1901 poursuit une mission d&#8217;int\u00e9r\u00eat g\u00e9n\u00e9ral. Le but AuditionSolidarite.Org a pour but d\u2019\u0153uvrer ensemble pour l&#8217;am\u00e9lioration du bien-\u00eatre auditif aupr\u00e8s des populations sensibles ou d\u00e9favoris\u00e9es \u00e0 travers le monde, au moyen de pr\u00e9vention, d&#8217;information, de","og_url":"https:\/\/www.auditionsolidarite.org\/fr\/lorganisation\/","og_site_name":"AuditionSolidarit\u00e9","article_modified_time":"2024-07-12T15:03:37+00:00","og_image":[{"width":600,"height":593,"url":"https:\/\/www.auditionsolidarite.org\/wp-content\/uploads\/2015\/07\/logo-audition-solidarite-e1446132259721.png","type":"image\/png"}],"twitter_card":"summary_large_image","twitter_misc":{"Dur\u00e9e de lecture estim\u00e9e":"2 minutes"},"schema":{"@context":"https:\/\/schema.org","@graph":[{"@type":"WebPage","@id":"https:\/\/www.auditionsolidarite.org\/fr\/lorganisation\/","url":"https:\/\/www.auditionsolidarite.org\/fr\/lorganisation\/","name":"L\u2019organisation - AuditionSolidarit\u00e9","isPartOf":{"@id":"https:\/\/www.auditionsolidarite.org\/fr\/#website"},"datePublished":"2015-07-07T13:06:02+00:00","dateModified":"2024-07-12T15:03:37+00:00","breadcrumb":{"@id":"https:\/\/www.auditionsolidarite.org\/fr\/lorganisation\/#breadcrumb"},"inLanguage":"fr-FR","potentialAction":[{"@type":"ReadAction","target":[["https:\/\/www.auditionsolidarite.org\/fr\/lorganisation\/"]]}]},{"@type":"BreadcrumbList","@id":"https:\/\/www.auditionsolidarite.org\/fr\/lorganisation\/#breadcrumb","itemListElement":[{"@type":"ListItem","position":1,"name":"Accueil","item":"https:\/\/www.auditionsolidarite.org\/fr\/"},{"@type":"ListItem","position":2,"name":"L\u2019organisation"}]},{"@type":"WebSite","@id":"https:\/\/www.auditionsolidarite.org\/fr\/#website","url":"https:\/\/www.auditionsolidarite.org\/fr\/","name":"AuditionSolidarit\u00e9","description":"Le hasard n&#039;existe pas ! Si vous \u00eates l\u00e0 aujourd&#039;hui, c&#039;est que le monde de l&#039;audition vous touche... Alors merci d&#039;\u00eatre l\u00e0 !","publisher":{"@id":"https:\/\/www.auditionsolidarite.org\/fr\/#organization"},"potentialAction":[{"@type":"SearchAction","target":{"@type":"EntryPoint","urlTemplate":"https:\/\/www.auditionsolidarite.org\/fr\/?s={search_term_string}"},"query-input":"required name=search_term_string"}],"inLanguage":"fr-FR"},{"@type":"Organization","@id":"https:\/\/www.auditionsolidarite.org\/fr\/#organization","name":"AuditionSolidarit\u00e9","url":"https:\/\/www.auditionsolidarite.org\/fr\/","logo":{"@type":"ImageObject","inLanguage":"fr-FR","@id":"https:\/\/www.auditionsolidarite.org\/fr\/#\/schema\/logo\/image\/","url":"https:\/\/www.auditionsolidarite.org\/wp-content\/uploads\/2015\/07\/logo-audition-solidarite-e1446132259721.png","contentUrl":"https:\/\/www.auditionsolidarite.org\/wp-content\/uploads\/2015\/07\/logo-audition-solidarite-e1446132259721.png","width":600,"height":593,"caption":"AuditionSolidarit\u00e9"},"image":{"@id":"https:\/\/www.auditionsolidarite.org\/fr\/#\/schema\/logo\/image\/"}}]}},"_links":{"self":[{"href":"https:\/\/www.auditionsolidarite.org\/fr\/wp-json\/wp\/v2\/pages\/26"}],"collection":[{"href":"https:\/\/www.auditionsolidarite.org\/fr\/wp-json\/wp\/v2\/pages"}],"about":[{"href":"https:\/\/www.auditionsolidarite.org\/fr\/wp-json\/wp\/v2\/types\/page"}],"author":[{"embeddable":true,"href":"https:\/\/www.auditionsolidarite.org\/fr\/wp-json\/wp\/v2\/users\/10"}],"replies":[{"embeddable":true,"href":"https:\/\/www.auditionsolidarite.org\/fr\/wp-json\/wp\/v2\/comments?post=26"}],"version-history":[{"count":11,"href":"https:\/\/www.auditionsolidarite.org\/fr\/wp-json\/wp\/v2\/pages\/26\/revisions"}],"predecessor-version":[{"id":10080,"href":"https:\/\/www.auditionsolidarite.org\/fr\/wp-json\/wp\/v2\/pages\/26\/revisions\/10080"}],"wp:attachment":[{"href":"https:\/\/www.auditionsolidarite.org\/fr\/wp-json\/wp\/v2\/media?parent=26"}],"curies":[{"name":"wp","href":"https:\/\/api.w.org\/{rel}","templated":true}]}}