{"id":15,"date":"2015-07-07T14:05:34","date_gmt":"2015-07-07T13:05:34","guid":{"rendered":"http:\/\/localhost\/auditionsolidarite.org\/?page_id=15"},"modified":"2025-10-03T10:00:33","modified_gmt":"2025-10-03T09:00:33","slug":"lequipeas","status":"publish","type":"page","link":"https:\/\/www.auditionsolidarite.org\/fr\/lequipeas\/","title":{"rendered":"L&#8217;\u00e9quipe"},"content":{"rendered":"<p style=\"text-align: justify;\">L&#8217;\u00e9quipe est compos\u00e9e de 8 personnes souhaitant d\u00e9velopper une \u00e9conomie plus humaine, cr\u00e9atrice d&#8217;\u00e9changes et de partage.<b><br \/>\n<\/b><b><br \/>\n<\/b><b><\/b><\/p>\n<table style=\"height: 1622px;\">\n<tbody>\n<tr style=\"height: 24px;\">\n<td style=\"text-align: left; height: 24px;\"><strong>Christine Bourger &#8211; Pr\u00e9sidente et Cofondatrice<\/strong><\/td>\n<\/tr>\n<tr style=\"height: 163px;\">\n<td style=\"height: 163px; text-align: left;\">\n<p style=\"text-align: right;\"><img loading=\"lazy\" decoding=\"async\" class=\"wp-image-10607 alignleft\" src=\"\/\/www.auditionsolidarite.org\/wp-content\/uploads\/2025\/10\/Kiki.jpg\" alt=\"\" width=\"174\" height=\"144\" srcset=\"https:\/\/www.auditionsolidarite.org\/wp-content\/uploads\/2025\/10\/Kiki.jpg 1000w, https:\/\/www.auditionsolidarite.org\/wp-content\/uploads\/2025\/10\/Kiki-300x249.jpg 300w, https:\/\/www.auditionsolidarite.org\/wp-content\/uploads\/2025\/10\/Kiki-768x637.jpg 768w\" sizes=\"(max-width: 174px) 100vw, 174px\" \/><\/p>\n<p>&nbsp;<\/p>\n<p>Audioproth\u00e9siste sp\u00e9cialiste de l&#8217;enfant. A cr\u00e9\u00e9 6 centres de Correction Auditive \u00e0 Metz et environs. A travaill\u00e9 10 ans \u00e0 l&#8217;INJS et \u00e0 l&#8217;IES de Metz.<b> <\/b><\/p>\n<p><a href=\"mailto:christine@auditionsolidarite.org\">christine@auditionsolidarite.org<\/a><\/td>\n<\/tr>\n<tr style=\"height: 24px;\">\n<td style=\"height: 24px;\"><strong>Odile Petit &#8211; Codirigeante et Cofondatrice<\/strong><\/td>\n<\/tr>\n<tr style=\"height: 182px;\">\n<td style=\"height: 182px;\">\n<p style=\"text-align: left;\"><img loading=\"lazy\" decoding=\"async\" class=\"wp-image-10609 alignleft\" src=\"\/\/www.auditionsolidarite.org\/wp-content\/uploads\/2025\/10\/Odile.jpg\" alt=\"\" width=\"174\" height=\"144\" srcset=\"https:\/\/www.auditionsolidarite.org\/wp-content\/uploads\/2025\/10\/Odile.jpg 1000w, https:\/\/www.auditionsolidarite.org\/wp-content\/uploads\/2025\/10\/Odile-300x249.jpg 300w, https:\/\/www.auditionsolidarite.org\/wp-content\/uploads\/2025\/10\/Odile-768x637.jpg 768w\" sizes=\"(max-width: 174px) 100vw, 174px\" \/><\/p>\n<p>&nbsp;<\/p>\n<p style=\"text-align: left;\">Gestionnaire de formation et directrice de Golf. Responsable administratif, financier et de communication de centres auditifs. A oeuvr\u00e9 dans le domaine des prestations suppl\u00e9mentaires.<\/p>\n<p style=\"text-align: left;\"><b><\/b><b><\/b><a href=\"mailto:odile.petit@auditionsolidarite.org\"><em>odile.petit@auditionsolidarite.org<\/em><\/a><\/p>\n<\/td>\n<\/tr>\n<tr>\n<td><strong>Carole Ercol<\/strong><strong>e &#8211; Codirigeante<b> et Cofondatrice<\/b><\/strong><\/td>\n<\/tr>\n<tr style=\"height: 163px;\">\n<td style=\"height: 163px;\">\n<p style=\"text-align: left;\"><img loading=\"lazy\" decoding=\"async\" class=\"wp-image-10606 alignleft\" src=\"\/\/www.auditionsolidarite.org\/wp-content\/uploads\/2025\/10\/Carole.jpg\" alt=\"\" width=\"174\" height=\"144\" srcset=\"https:\/\/www.auditionsolidarite.org\/wp-content\/uploads\/2025\/10\/Carole.jpg 1000w, https:\/\/www.auditionsolidarite.org\/wp-content\/uploads\/2025\/10\/Carole-300x249.jpg 300w, https:\/\/www.auditionsolidarite.org\/wp-content\/uploads\/2025\/10\/Carole-768x637.jpg 768w\" sizes=\"(max-width: 174px) 100vw, 174px\" \/><\/p>\n<p>&nbsp;<\/p>\n<p style=\"text-align: left;\">Musicienne de formation. A g\u00e9r\u00e9 son \u00e9cole de musique \u00e0 Metz, a donn\u00e9 des cours demusique \u00e0 des enfants sourds profonds et a impuls\u00e9 l\u2019action de pr\u00e9vention auditive dans le domaine musical.<\/p>\n<p style=\"text-align: left;\"><a href=\"mailto:carole.ercole@auditionsolidarite.org\"><em>carole.ercole@auditionsolidarite.org<\/em><\/a><\/p>\n<\/td>\n<\/tr>\n<tr style=\"height: 24px;\">\n<td style=\"height: 24px;\"><strong>Blandine Petit &#8211; Adjointe de Direction<\/strong><b><br \/>\n<\/b><\/td>\n<\/tr>\n<tr style=\"height: 170px;\">\n<td style=\"height: 170px;\">\n<p style=\"text-align: left;\"><img loading=\"lazy\" decoding=\"async\" class=\"wp-image-10605 alignleft\" src=\"\/\/www.auditionsolidarite.org\/wp-content\/uploads\/2025\/10\/Blandine.jpg\" alt=\"\" width=\"174\" height=\"144\" srcset=\"https:\/\/www.auditionsolidarite.org\/wp-content\/uploads\/2025\/10\/Blandine.jpg 1000w, https:\/\/www.auditionsolidarite.org\/wp-content\/uploads\/2025\/10\/Blandine-300x249.jpg 300w, https:\/\/www.auditionsolidarite.org\/wp-content\/uploads\/2025\/10\/Blandine-768x637.jpg 768w\" sizes=\"(max-width: 174px) 100vw, 174px\" \/><\/p>\n<p>&nbsp;<\/p>\n<p style=\"text-align: left;\">Ancienne chef d\u2019entreprise dans l\u2019\u00e9v\u00e9nementiel, la communication et l\u2019\u00e9dition pendant plus de 10 ans. Derni\u00e8rement, a travaill\u00e9 en tant qu\u2019interm\u00e9diaire en transmission de commerces et d\u2019entreprises.<\/p>\n<p style=\"text-align: left;\"><a href=\"mailto:blandine.petit@auditionsolidarite.org\"><em>blandine.petit@auditionsolidarite.org<\/em><\/a><\/p>\n<\/td>\n<\/tr>\n<tr style=\"height: 24px;\">\n<td style=\"height: 24px;\"><strong>Adrien Fagault-Martial &#8211; Charg\u00e9 de Communication <\/strong><b><br \/>\n<\/b><\/td>\n<\/tr>\n<tr style=\"height: 163px;\">\n<td style=\"height: 163px;\">\n<p style=\"text-align: left;\"><img loading=\"lazy\" decoding=\"async\" class=\"wp-image-10602 alignleft\" src=\"\/\/www.auditionsolidarite.org\/wp-content\/uploads\/2025\/10\/Adrien.jpg\" alt=\"\" width=\"174\" height=\"144\" srcset=\"https:\/\/www.auditionsolidarite.org\/wp-content\/uploads\/2025\/10\/Adrien.jpg 1000w, https:\/\/www.auditionsolidarite.org\/wp-content\/uploads\/2025\/10\/Adrien-300x249.jpg 300w, https:\/\/www.auditionsolidarite.org\/wp-content\/uploads\/2025\/10\/Adrien-768x637.jpg 768w\" sizes=\"(max-width: 174px) 100vw, 174px\" \/><\/p>\n<p>&nbsp;<\/p>\n<p style=\"text-align: left;\">Dipl\u00f4m\u00e9 en Management et Ing\u00e9nierie du sport.<br \/>\nA travaill\u00e9 dans le milieu du surf et des relations presse.<\/p>\n<p style=\"text-align: left;\"><a href=\"mailto:adrien.fagault-martial@auditionsolidarite.org\"><em>adrien.fagault-martial@auditionsolidarite.org<\/em><\/a><\/p>\n<\/td>\n<\/tr>\n<tr style=\"height: 24px;\">\n<td style=\"height: 24px;\"><strong>Aline Srey &#8211; Charg\u00e9e de Partenariats<\/strong><\/td>\n<\/tr>\n<tr style=\"height: 194px;\">\n<td style=\"height: 194px;\">\n<p><b><img loading=\"lazy\" decoding=\"async\" class=\"wp-image-10604 alignleft\" src=\"\/\/www.auditionsolidarite.org\/wp-content\/uploads\/2025\/10\/Aline.jpg\" alt=\"\" width=\"174\" height=\"144\" srcset=\"https:\/\/www.auditionsolidarite.org\/wp-content\/uploads\/2025\/10\/Aline.jpg 1000w, https:\/\/www.auditionsolidarite.org\/wp-content\/uploads\/2025\/10\/Aline-300x249.jpg 300w, https:\/\/www.auditionsolidarite.org\/wp-content\/uploads\/2025\/10\/Aline-768x637.jpg 768w\" sizes=\"(max-width: 174px) 100vw, 174px\" \/><\/b><\/p>\n<p>&nbsp;<\/p>\n<p>Dipl\u00f4m\u00e9e de l\u2019ESC Montpellier. A travaill\u00e9 plusieurs ann\u00e9es dans le priv\u00e9 avant de rejoindre le monde associatif et de s\u2019engager pour diff\u00e9rentes causes.<\/p>\n<p><a href=\"mailto:aline.srey@auditionsolidarite.org\"><em>aline.srey@auditionsolidarite.org<\/em><\/a><\/td>\n<\/tr>\n<tr style=\"height: 24px;\">\n<td style=\"height: 24px;\"><strong>Marion Ormancey &#8211; Charg\u00e9e du d\u00e9veloppement Missions France<b><br \/>\n<\/b><\/strong><\/td>\n<\/tr>\n<tr style=\"height: 194px;\">\n<td style=\"height: 194px;\">\n<p><b><img loading=\"lazy\" decoding=\"async\" class=\"wp-image-10608 alignleft\" src=\"\/\/www.auditionsolidarite.org\/wp-content\/uploads\/2025\/10\/Marion.jpg\" alt=\"\" width=\"174\" height=\"144\" srcset=\"https:\/\/www.auditionsolidarite.org\/wp-content\/uploads\/2025\/10\/Marion.jpg 1000w, https:\/\/www.auditionsolidarite.org\/wp-content\/uploads\/2025\/10\/Marion-300x249.jpg 300w, https:\/\/www.auditionsolidarite.org\/wp-content\/uploads\/2025\/10\/Marion-768x637.jpg 768w\" sizes=\"(max-width: 174px) 100vw, 174px\" \/><\/b><\/p>\n<p>&nbsp;<\/p>\n<p style=\"text-align: left;\">Dipl\u00f4m\u00e9e en communication et relations publiques touristiques, a travaill\u00e9 dans le monde artistique, informatique et \u00e9ducatif. Connait bien le milieu m\u00e9dical.<b><\/b><a href=\"mailto:marion.ormancey@auditionsolidarite.org\"><em><b><br \/>\n<\/b>marion.ormancey@auditionsolidarite.org<\/em><\/a><\/p>\n<\/td>\n<\/tr>\n<tr style=\"height: 24px;\">\n<td style=\"height: 24px;\"><strong>Alice Caumont &#8211; Assistante de projet<\/strong><\/td>\n<\/tr>\n<tr>\n<td style=\"text-align: left;\">\n<p><strong><img loading=\"lazy\" decoding=\"async\" class=\"wp-image-10603 alignleft\" src=\"\/\/www.auditionsolidarite.org\/wp-content\/uploads\/2025\/10\/Alice.jpg\" alt=\"\" width=\"174\" height=\"144\" srcset=\"https:\/\/www.auditionsolidarite.org\/wp-content\/uploads\/2025\/10\/Alice.jpg 1000w, https:\/\/www.auditionsolidarite.org\/wp-content\/uploads\/2025\/10\/Alice-300x249.jpg 300w, https:\/\/www.auditionsolidarite.org\/wp-content\/uploads\/2025\/10\/Alice-768x637.jpg 768w\" sizes=\"(max-width: 174px) 100vw, 174px\" \/><\/strong><\/p>\n<p>&nbsp;<\/p>\n<p><span class=\"ui-provider a b c d e f g h i j k l m n o p q r s t u v w x y z ab ac ae af ag ah ai aj ak\" dir=\"ltr\">Opticienne de formation. Directrice de magasin d&#8217;optique. A travaill\u00e9 dans le milieu de l&#8217;audition.<\/span><\/p>\n<p><a href=\"mailto:alice@auditionsolidarite.org\">alice@auditionsolidarite.org<\/a><\/td>\n<\/tr>\n<\/tbody>\n<\/table>\n<p><img loading=\"lazy\" decoding=\"async\" class=\"aligncenter wp-image-10612\" src=\"\/\/www.auditionsolidarite.org\/wp-content\/uploads\/2025\/10\/ausition-solidarite-2025-23-Site.jpg\" alt=\"\" width=\"700\" height=\"360\" srcset=\"https:\/\/www.auditionsolidarite.org\/wp-content\/uploads\/2025\/10\/ausition-solidarite-2025-23-Site.jpg 1000w, https:\/\/www.auditionsolidarite.org\/wp-content\/uploads\/2025\/10\/ausition-solidarite-2025-23-Site-300x154.jpg 300w, https:\/\/www.auditionsolidarite.org\/wp-content\/uploads\/2025\/10\/ausition-solidarite-2025-23-Site-768x395.jpg 768w\" sizes=\"(max-width: 700px) 100vw, 700px\" \/><\/p>\n<p>&nbsp;<\/p>\n<p>&nbsp;","protected":false},"excerpt":{"rendered":"<p>L&#8217;\u00e9quipe est compos\u00e9e de 8 personnes souhaitant d\u00e9velopper une \u00e9conomie plus humaine, cr\u00e9atrice d&#8217;\u00e9changes et de partage. Christine Bourger &#8211; Pr\u00e9sidente et Cofondatrice &nbsp; Audioproth\u00e9siste sp\u00e9cialiste de l&#8217;enfant. A cr\u00e9\u00e9 6 centres de Correction Auditive \u00e0 Metz et environs. A travaill\u00e9 10 ans \u00e0 l&#8217;INJS et \u00e0 l&#8217;IES de Metz. christine@auditionsolidarite.org Odile Petit &#8211; Codirigeante et Cofondatrice &nbsp; Gestionnaire de<\/p>\n","protected":false},"author":10,"featured_media":0,"parent":0,"menu_order":0,"comment_status":"closed","ping_status":"closed","template":"","meta":{"footnotes":""},"acf":[],"yoast_head":"<!-- This site is optimized with the Yoast SEO plugin v21.9.1 - https:\/\/yoast.com\/wordpress\/plugins\/seo\/ -->\n<title>L&#039;\u00e9quipe - AuditionSolidarit\u00e9<\/title>\n<meta name=\"robots\" content=\"index, follow, max-snippet:-1, max-image-preview:large, max-video-preview:-1\" \/>\n<link rel=\"canonical\" href=\"https:\/\/www.auditionsolidarite.org\/fr\/lequipeas\/\" \/>\n<meta property=\"og:locale\" content=\"fr_FR\" \/>\n<meta property=\"og:type\" content=\"article\" \/>\n<meta property=\"og:title\" content=\"L&#039;\u00e9quipe - AuditionSolidarit\u00e9\" \/>\n<meta property=\"og:description\" content=\"L&#8217;\u00e9quipe est compos\u00e9e de 8 personnes souhaitant d\u00e9velopper une \u00e9conomie plus humaine, cr\u00e9atrice d&#8217;\u00e9changes et de partage. Christine Bourger &#8211; Pr\u00e9sidente et Cofondatrice &nbsp; Audioproth\u00e9siste sp\u00e9cialiste de l&#8217;enfant. A cr\u00e9\u00e9 6 centres de Correction Auditive \u00e0 Metz et environs. A travaill\u00e9 10 ans \u00e0 l&#8217;INJS et \u00e0 l&#8217;IES de Metz. christine@auditionsolidarite.org Odile Petit &#8211; Codirigeante et Cofondatrice &nbsp; Gestionnaire de\" \/>\n<meta property=\"og:url\" content=\"https:\/\/www.auditionsolidarite.org\/fr\/lequipeas\/\" \/>\n<meta property=\"og:site_name\" content=\"AuditionSolidarit\u00e9\" \/>\n<meta property=\"article:modified_time\" content=\"2025-10-03T09:00:33+00:00\" \/>\n<meta property=\"og:image\" content=\"https:\/\/www.auditionsolidarite.org\/wp-content\/uploads\/2015\/07\/logo-audition-solidarite-e1446132259721.png\" \/>\n\t<meta property=\"og:image:width\" content=\"600\" \/>\n\t<meta property=\"og:image:height\" content=\"593\" \/>\n\t<meta property=\"og:image:type\" content=\"image\/png\" \/>\n<meta name=\"twitter:card\" content=\"summary_large_image\" \/>\n<meta name=\"twitter:label1\" content=\"Dur\u00e9e de lecture estim\u00e9e\" \/>\n\t<meta name=\"twitter:data1\" content=\"4 minutes\" \/>\n<script type=\"application\/ld+json\" class=\"yoast-schema-graph\">{\"@context\":\"https:\/\/schema.org\",\"@graph\":[{\"@type\":\"WebPage\",\"@id\":\"https:\/\/www.auditionsolidarite.org\/fr\/lequipeas\/\",\"url\":\"https:\/\/www.auditionsolidarite.org\/fr\/lequipeas\/\",\"name\":\"L'\u00e9quipe - AuditionSolidarit\u00e9\",\"isPartOf\":{\"@id\":\"https:\/\/www.auditionsolidarite.org\/fr\/#website\"},\"datePublished\":\"2015-07-07T13:05:34+00:00\",\"dateModified\":\"2025-10-03T09:00:33+00:00\",\"breadcrumb\":{\"@id\":\"https:\/\/www.auditionsolidarite.org\/fr\/lequipeas\/#breadcrumb\"},\"inLanguage\":\"fr-FR\",\"potentialAction\":[{\"@type\":\"ReadAction\",\"target\":[[\"https:\/\/www.auditionsolidarite.org\/fr\/lequipeas\/\"]]}]},{\"@type\":\"BreadcrumbList\",\"@id\":\"https:\/\/www.auditionsolidarite.org\/fr\/lequipeas\/#breadcrumb\",\"itemListElement\":[{\"@type\":\"ListItem\",\"position\":1,\"name\":\"Accueil\",\"item\":\"https:\/\/www.auditionsolidarite.org\/fr\/\"},{\"@type\":\"ListItem\",\"position\":2,\"name\":\"L&#8217;\u00e9quipe\"}]},{\"@type\":\"WebSite\",\"@id\":\"https:\/\/www.auditionsolidarite.org\/fr\/#website\",\"url\":\"https:\/\/www.auditionsolidarite.org\/fr\/\",\"name\":\"AuditionSolidarit\u00e9\",\"description\":\"Le hasard n&#039;existe pas ! Si vous \u00eates l\u00e0 aujourd&#039;hui, c&#039;est que le monde de l&#039;audition vous touche... Alors merci d&#039;\u00eatre l\u00e0 !\",\"publisher\":{\"@id\":\"https:\/\/www.auditionsolidarite.org\/fr\/#organization\"},\"potentialAction\":[{\"@type\":\"SearchAction\",\"target\":{\"@type\":\"EntryPoint\",\"urlTemplate\":\"https:\/\/www.auditionsolidarite.org\/fr\/?s={search_term_string}\"},\"query-input\":\"required name=search_term_string\"}],\"inLanguage\":\"fr-FR\"},{\"@type\":\"Organization\",\"@id\":\"https:\/\/www.auditionsolidarite.org\/fr\/#organization\",\"name\":\"AuditionSolidarit\u00e9\",\"url\":\"https:\/\/www.auditionsolidarite.org\/fr\/\",\"logo\":{\"@type\":\"ImageObject\",\"inLanguage\":\"fr-FR\",\"@id\":\"https:\/\/www.auditionsolidarite.org\/fr\/#\/schema\/logo\/image\/\",\"url\":\"https:\/\/www.auditionsolidarite.org\/wp-content\/uploads\/2015\/07\/logo-audition-solidarite-e1446132259721.png\",\"contentUrl\":\"https:\/\/www.auditionsolidarite.org\/wp-content\/uploads\/2015\/07\/logo-audition-solidarite-e1446132259721.png\",\"width\":600,\"height\":593,\"caption\":\"AuditionSolidarit\u00e9\"},\"image\":{\"@id\":\"https:\/\/www.auditionsolidarite.org\/fr\/#\/schema\/logo\/image\/\"}}]}<\/script>\n<!-- \/ Yoast SEO plugin. -->","yoast_head_json":{"title":"L'\u00e9quipe - AuditionSolidarit\u00e9","robots":{"index":"index","follow":"follow","max-snippet":"max-snippet:-1","max-image-preview":"max-image-preview:large","max-video-preview":"max-video-preview:-1"},"canonical":"https:\/\/www.auditionsolidarite.org\/fr\/lequipeas\/","og_locale":"fr_FR","og_type":"article","og_title":"L'\u00e9quipe - AuditionSolidarit\u00e9","og_description":"L&#8217;\u00e9quipe est compos\u00e9e de 8 personnes souhaitant d\u00e9velopper une \u00e9conomie plus humaine, cr\u00e9atrice d&#8217;\u00e9changes et de partage. Christine Bourger &#8211; Pr\u00e9sidente et Cofondatrice &nbsp; Audioproth\u00e9siste sp\u00e9cialiste de l&#8217;enfant. A cr\u00e9\u00e9 6 centres de Correction Auditive \u00e0 Metz et environs. A travaill\u00e9 10 ans \u00e0 l&#8217;INJS et \u00e0 l&#8217;IES de Metz. christine@auditionsolidarite.org Odile Petit &#8211; Codirigeante et Cofondatrice &nbsp; Gestionnaire de","og_url":"https:\/\/www.auditionsolidarite.org\/fr\/lequipeas\/","og_site_name":"AuditionSolidarit\u00e9","article_modified_time":"2025-10-03T09:00:33+00:00","og_image":[{"width":600,"height":593,"url":"https:\/\/www.auditionsolidarite.org\/wp-content\/uploads\/2015\/07\/logo-audition-solidarite-e1446132259721.png","type":"image\/png"}],"twitter_card":"summary_large_image","twitter_misc":{"Dur\u00e9e de lecture estim\u00e9e":"4 minutes"},"schema":{"@context":"https:\/\/schema.org","@graph":[{"@type":"WebPage","@id":"https:\/\/www.auditionsolidarite.org\/fr\/lequipeas\/","url":"https:\/\/www.auditionsolidarite.org\/fr\/lequipeas\/","name":"L'\u00e9quipe - AuditionSolidarit\u00e9","isPartOf":{"@id":"https:\/\/www.auditionsolidarite.org\/fr\/#website"},"datePublished":"2015-07-07T13:05:34+00:00","dateModified":"2025-10-03T09:00:33+00:00","breadcrumb":{"@id":"https:\/\/www.auditionsolidarite.org\/fr\/lequipeas\/#breadcrumb"},"inLanguage":"fr-FR","potentialAction":[{"@type":"ReadAction","target":[["https:\/\/www.auditionsolidarite.org\/fr\/lequipeas\/"]]}]},{"@type":"BreadcrumbList","@id":"https:\/\/www.auditionsolidarite.org\/fr\/lequipeas\/#breadcrumb","itemListElement":[{"@type":"ListItem","position":1,"name":"Accueil","item":"https:\/\/www.auditionsolidarite.org\/fr\/"},{"@type":"ListItem","position":2,"name":"L&#8217;\u00e9quipe"}]},{"@type":"WebSite","@id":"https:\/\/www.auditionsolidarite.org\/fr\/#website","url":"https:\/\/www.auditionsolidarite.org\/fr\/","name":"AuditionSolidarit\u00e9","description":"Le hasard n&#039;existe pas ! Si vous \u00eates l\u00e0 aujourd&#039;hui, c&#039;est que le monde de l&#039;audition vous touche... Alors merci d&#039;\u00eatre l\u00e0 !","publisher":{"@id":"https:\/\/www.auditionsolidarite.org\/fr\/#organization"},"potentialAction":[{"@type":"SearchAction","target":{"@type":"EntryPoint","urlTemplate":"https:\/\/www.auditionsolidarite.org\/fr\/?s={search_term_string}"},"query-input":"required name=search_term_string"}],"inLanguage":"fr-FR"},{"@type":"Organization","@id":"https:\/\/www.auditionsolidarite.org\/fr\/#organization","name":"AuditionSolidarit\u00e9","url":"https:\/\/www.auditionsolidarite.org\/fr\/","logo":{"@type":"ImageObject","inLanguage":"fr-FR","@id":"https:\/\/www.auditionsolidarite.org\/fr\/#\/schema\/logo\/image\/","url":"https:\/\/www.auditionsolidarite.org\/wp-content\/uploads\/2015\/07\/logo-audition-solidarite-e1446132259721.png","contentUrl":"https:\/\/www.auditionsolidarite.org\/wp-content\/uploads\/2015\/07\/logo-audition-solidarite-e1446132259721.png","width":600,"height":593,"caption":"AuditionSolidarit\u00e9"},"image":{"@id":"https:\/\/www.auditionsolidarite.org\/fr\/#\/schema\/logo\/image\/"}}]}},"_links":{"self":[{"href":"https:\/\/www.auditionsolidarite.org\/fr\/wp-json\/wp\/v2\/pages\/15"}],"collection":[{"href":"https:\/\/www.auditionsolidarite.org\/fr\/wp-json\/wp\/v2\/pages"}],"about":[{"href":"https:\/\/www.auditionsolidarite.org\/fr\/wp-json\/wp\/v2\/types\/page"}],"author":[{"embeddable":true,"href":"https:\/\/www.auditionsolidarite.org\/fr\/wp-json\/wp\/v2\/users\/10"}],"replies":[{"embeddable":true,"href":"https:\/\/www.auditionsolidarite.org\/fr\/wp-json\/wp\/v2\/comments?post=15"}],"version-history":[{"count":43,"href":"https:\/\/www.auditionsolidarite.org\/fr\/wp-json\/wp\/v2\/pages\/15\/revisions"}],"predecessor-version":[{"id":10615,"href":"https:\/\/www.auditionsolidarite.org\/fr\/wp-json\/wp\/v2\/pages\/15\/revisions\/10615"}],"wp:attachment":[{"href":"https:\/\/www.auditionsolidarite.org\/fr\/wp-json\/wp\/v2\/media?parent=15"}],"curies":[{"name":"wp","href":"https:\/\/api.w.org\/{rel}","templated":true}]}}